{"id":3698,"date":"2021-04-27T13:40:27","date_gmt":"2021-04-27T13:40:27","guid":{"rendered":"https:\/\/dutchmicrodosing.com\/mikrodosier-zubehoer\/"},"modified":"2025-10-20T22:52:55","modified_gmt":"2025-10-20T20:52:55","slug":"mikrodosierzubehoer","status":"publish","type":"page","link":"https:\/\/dutchmicrodosing.com\/de\/mikrodosierzubehoer\/","title":{"rendered":"Mikrodosier-Zubeh\u00f6r"},"content":{"rendered":"\t\t<div data-elementor-type=\"wp-page\" data-elementor-id=\"3698\" class=\"elementor elementor-3698 elementor-590\" data-elementor-post-type=\"page\">\n\t\t\t\t\t\t<section class=\"elementor-section elementor-top-section elementor-element elementor-element-b50540a elementor-section-boxed elementor-section-height-default elementor-section-height-default\" data-id=\"b50540a\" data-element_type=\"section\" data-e-type=\"section\">\n\t\t\t\t\t\t<div class=\"elementor-container elementor-column-gap-default\">\n\t\t\t\t\t<div class=\"elementor-column elementor-col-100 elementor-top-column elementor-element elementor-element-cd15175\" data-id=\"cd15175\" data-element_type=\"column\" data-e-type=\"column\">\n\t\t\t<div class=\"elementor-widget-wrap elementor-element-populated\">\n\t\t\t\t\t\t<div class=\"elementor-element elementor-element-5a79ba8 elementor--h-position-center elementor--v-position-middle elementor-arrows-position-inside elementor-pagination-position-inside elementor-widget elementor-widget-slides\" data-id=\"5a79ba8\" data-element_type=\"widget\" data-e-type=\"widget\" data-settings=\"{&quot;navigation&quot;:&quot;both&quot;,&quot;autoplay&quot;:&quot;yes&quot;,&quot;pause_on_hover&quot;:&quot;yes&quot;,&quot;pause_on_interaction&quot;:&quot;yes&quot;,&quot;autoplay_speed&quot;:5000,&quot;infinite&quot;:&quot;yes&quot;,&quot;transition&quot;:&quot;slide&quot;,&quot;transition_speed&quot;:500}\" data-widget_type=\"slides.default\">\n\t\t\t\t<div class=\"elementor-widget-container\">\n\t\t\t\t\t\t\t\t\t<div class=\"elementor-swiper\">\n\t\t\t\t\t<div class=\"elementor-slides-wrapper elementor-main-swiper swiper\" role=\"region\" aria-roledescription=\"carousel\" aria-label=\"Slides\" dir=\"ltr\" data-animation=\"fadeInUp\">\n\t\t\t\t<div class=\"swiper-wrapper elementor-slides\">\n\t\t\t\t\t\t\t\t\t\t<div class=\"elementor-repeater-item-3f771d6 swiper-slide\" role=\"group\" aria-roledescription=\"slide\"><div class=\"swiper-slide-bg\" role=\"img\" aria-label=\"Microdosing Zauberpilze\"><\/div><div class=\"swiper-slide-inner\" ><div class=\"swiper-slide-contents\"><\/div><\/div><\/div>\t\t\t\t<\/div>\n\t\t\t\t\t\t\t<\/div>\n\t\t\t\t<\/div>\n\t\t\t\t\t\t\t\t<\/div>\n\t\t\t\t<\/div>\n\t\t\t\t\t<\/div>\n\t\t<\/div>\n\t\t\t\t\t<\/div>\n\t\t<\/section>\n\t\t\t\t<section class=\"elementor-section elementor-top-section elementor-element elementor-element-bea9fce elementor-section-boxed elementor-section-height-default elementor-section-height-default\" data-id=\"bea9fce\" data-element_type=\"section\" data-e-type=\"section\">\n\t\t\t\t\t\t<div class=\"elementor-container elementor-column-gap-default\">\n\t\t\t\t\t<div class=\"elementor-column elementor-col-100 elementor-top-column elementor-element elementor-element-5e834da\" data-id=\"5e834da\" data-element_type=\"column\" data-e-type=\"column\">\n\t\t\t<div class=\"elementor-widget-wrap elementor-element-populated\">\n\t\t\t\t\t\t<div class=\"elementor-element elementor-element-42861f6 elementor-widget elementor-widget-heading\" data-id=\"42861f6\" data-element_type=\"widget\" data-e-type=\"widget\" data-widget_type=\"heading.default\">\n\t\t\t\t<div class=\"elementor-widget-container\">\n\t\t\t\t\t<h1 class=\"elementor-heading-title elementor-size-default\">Zubeh\u00f6r f\u00fcr die Mikrodosierung<\/h1>\t\t\t\t<\/div>\n\t\t\t\t<\/div>\n\t\t\t\t\t<\/div>\n\t\t<\/div>\n\t\t\t\t\t<\/div>\n\t\t<\/section>\n\t\t\t\t<section class=\"elementor-section elementor-top-section elementor-element elementor-element-0bb2ebc elementor-section-boxed elementor-section-height-default elementor-section-height-default\" data-id=\"0bb2ebc\" data-element_type=\"section\" data-e-type=\"section\">\n\t\t\t\t\t\t<div class=\"elementor-container elementor-column-gap-default\">\n\t\t\t\t\t<div class=\"elementor-column elementor-col-100 elementor-top-column elementor-element elementor-element-024f7f6\" data-id=\"024f7f6\" data-element_type=\"column\" data-e-type=\"column\">\n\t\t\t<div class=\"elementor-widget-wrap elementor-element-populated\">\n\t\t\t\t\t\t<div class=\"elementor-element elementor-element-cd0634d elementor-widget elementor-widget-text-editor\" data-id=\"cd0634d\" data-element_type=\"widget\" data-e-type=\"widget\" data-widget_type=\"text-editor.default\">\n\t\t\t\t<div class=\"elementor-widget-container\">\n\t\t\t\t\t\t\t\t\t<p>Wenn Sie Mikrodosierung verwenden m\u00f6chten, greifen Sie am besten zu getrockneten Substanzen. Dadurch ist es m\u00f6glich, sehr genau zu arbeiten, was wichtig ist. In diesem Artikel erfahren Sie alles \u00fcber das wichtigste Zubeh\u00f6r f\u00fcr die Mikrodosierung, von der Menge der Magic Mushrooms oder Tr\u00fcffel bis hin zu den Kapseln, mit denen Sie Ihre Mikrodosen einnehmen. Verwenden Sie immer eine <a href=\"https:\/\/dutchmicrodosing.com\/de\/mikrodosierungsroutine\/\">Mikrodosierungsroutine<\/a>, wenn Sie Mikrodosierungen vornehmen.<\/p><h2>Was brauchen Sie f\u00fcr die Mikrodosierung?<\/h2><p>Die h\u00e4ufigsten Psychedelika, die f\u00fcr Mikrodosierungen verwendet werden, sind Magic Mushrooms und Tr\u00fcffel. Sie k\u00f6nnen sie frisch verwenden, aber getrocknet k\u00f6nnen Sie genauer arbeiten. Dann k\u00f6nnen Sie sicher sein, dass Sie jedes Mal die gleiche Dosis des Medikaments erhalten. Wir sprechen nat\u00fcrlich von Psilocybe, der Substanz, die (in normalen Mengen) eine bewusstseinsver\u00e4ndernde Wirkung hat. Bei der Mikrodosierung nehmen Sie eine so geringe Menge zu sich, dass Sie die <a href=\"https:\/\/dutchmicrodosing.com\/de\/benefits-microdosing\/\">Vorteile<\/a> bemerken, aber keine negativen Auswirkungen auf Ihr Funktionieren haben.<\/p><p>Das Minimum, das Sie brauchen, sind Zauberpilze oder Tr\u00fcffel. Ob Sie sich f\u00fcr das eine oder das andere entscheiden, ist eine pers\u00f6nliche Entscheidung. Sie enthalten beide Psilocybin, aber Magic Mushrooms haben eine st\u00e4rkere Wirkung. Sie ben\u00f6tigen au\u00dferdem:<\/p><ul><li>Genaue Skala (bis zu 1\/10 Gramm)<\/li><li>L\u00fcfter<\/li><li>Kaffeem\u00fchle oder Mahlwerk (zum Mahlen)<\/li><li>Kapseln zur Dosierung<\/li><\/ul><p><img fetchpriority=\"high\" decoding=\"async\" class=\"aligncenter wp-image-21862 size-full\" src=\"https:\/\/dutchmicrodosing.com\/wp-content\/uploads\/2023\/03\/microdosing-magic-mushrooms-psilocybin-measuring-daily-micro-dose-magic-mushrooms-digital-scale-scaled.jpg\" alt=\"Zubeh\u00f6r f\u00fcr die Mikrodosierung\" width=\"2560\" height=\"1707\" srcset=\"https:\/\/dutchmicrodosing.com\/wp-content\/uploads\/2023\/03\/microdosing-magic-mushrooms-psilocybin-measuring-daily-micro-dose-magic-mushrooms-digital-scale-scaled.jpg 2560w, https:\/\/dutchmicrodosing.com\/wp-content\/uploads\/2023\/03\/microdosing-magic-mushrooms-psilocybin-measuring-daily-micro-dose-magic-mushrooms-digital-scale-scaled-600x400.jpg 600w, https:\/\/dutchmicrodosing.com\/wp-content\/uploads\/2023\/03\/microdosing-magic-mushrooms-psilocybin-measuring-daily-micro-dose-magic-mushrooms-digital-scale-300x200.jpg 300w, https:\/\/dutchmicrodosing.com\/wp-content\/uploads\/2023\/03\/microdosing-magic-mushrooms-psilocybin-measuring-daily-micro-dose-magic-mushrooms-digital-scale-1024x683.jpg 1024w, https:\/\/dutchmicrodosing.com\/wp-content\/uploads\/2023\/03\/microdosing-magic-mushrooms-psilocybin-measuring-daily-micro-dose-magic-mushrooms-digital-scale-768x512.jpg 768w, https:\/\/dutchmicrodosing.com\/wp-content\/uploads\/2023\/03\/microdosing-magic-mushrooms-psilocybin-measuring-daily-micro-dose-magic-mushrooms-digital-scale-1536x1024.jpg 1536w, https:\/\/dutchmicrodosing.com\/wp-content\/uploads\/2023\/03\/microdosing-magic-mushrooms-psilocybin-measuring-daily-micro-dose-magic-mushrooms-digital-scale-2048x1365.jpg 2048w\" sizes=\"(max-width: 2560px) 100vw, 2560px\" \/><\/p><h2>Mikrodosierzubeh\u00f6r mit Tr\u00fcffeln<\/h2><p>Tr\u00fcffel sind ein Teil des Myzelnetzwerks von Zauberpilzen. Es sind geh\u00e4rtete St\u00fccke dieses Myzels, die ebenfalls Psilocybin enthalten. Es gibt verschiedene Arten von Zauberpilzen, die Tr\u00fcffel produzieren. Wenn Sie auf eine Art nicht so gut reagieren, k\u00f6nnen Sie sich jederzeit f\u00fcr eine andere entscheiden.<\/p><p><strong>Eine Mikrodosis magischer Tr\u00fcffel:<\/strong><\/p><p>Getrocknete Tr\u00fcffel: 0,2 bis 1 Gramm<\/p><p>Frische Tr\u00fcffel: 0,5 bis 2 Gramm<\/p><p>Man kann frische Tr\u00fcffel <a href=\"https:\/\/dutchmicrodosing.com\/de\/was-ist-mikrodosierung-2\/\">in Mikrodosen<\/a> verwenden, aber der Nachteil ist, dass sie nicht sehr lange haltbar sind. Getrocknete Tr\u00fcffel haben den Vorteil, dass sie in einem verschlossenen Glas oder Beh\u00e4lter lange haltbar sind. Und es ist einfacher, genau zu dosieren. Jeder Tr\u00fcffel kann eine unterschiedliche Menge an <a href=\"https:\/\/www.umcutrecht.nl\/nl\/wetenschappelijk-onderzoek\/de-ptrd-studie\" target=\"_blank\" rel=\"noopener\">Psilocybin<\/a> enthalten. Wenn Sie sie mahlen und mischen, erhalten Sie immer eine gleichbleibende St\u00e4rke.<\/p><p><img decoding=\"async\" class=\"aligncenter wp-image-27177 size-full\" src=\"https:\/\/dutchmicrodosing.com\/wp-content\/uploads\/2023\/08\/old-fan-operation-scaled.jpg\" alt=\"\" width=\"2560\" height=\"1707\" srcset=\"https:\/\/dutchmicrodosing.com\/wp-content\/uploads\/2023\/08\/old-fan-operation-scaled.jpg 2560w, https:\/\/dutchmicrodosing.com\/wp-content\/uploads\/2023\/08\/old-fan-operation-scaled-600x400.jpg 600w, https:\/\/dutchmicrodosing.com\/wp-content\/uploads\/2023\/08\/old-fan-operation-300x200.jpg 300w, https:\/\/dutchmicrodosing.com\/wp-content\/uploads\/2023\/08\/old-fan-operation-1024x683.jpg 1024w, https:\/\/dutchmicrodosing.com\/wp-content\/uploads\/2023\/08\/old-fan-operation-768x512.jpg 768w, https:\/\/dutchmicrodosing.com\/wp-content\/uploads\/2023\/08\/old-fan-operation-1536x1024.jpg 1536w, https:\/\/dutchmicrodosing.com\/wp-content\/uploads\/2023\/08\/old-fan-operation-2048x1365.jpg 2048w\" sizes=\"(max-width: 2560px) 100vw, 2560px\" \/><\/p><h3>Tr\u00fcffel trocknen<\/h3><p>Wenn Sie die Tr\u00fcffel trocknen m\u00f6chten, gehen Sie wie folgt vor: Schneiden Sie die Tr\u00fcffel in d\u00fcnne Scheiben. Auf diese Weise trocknen die Tr\u00fcffel am schnellsten, was wichtig ist, um Schimmel zu vermeiden. Legen Sie ein sauberes Geschirrtuch auf Ihre Arbeitsfl\u00e4che und lassen Sie sie darauf trocknen. Sie k\u00f6nnen einen Ventilator verwenden, m\u00fcssen es aber nicht. Seien Sie vorsichtig, wenn Sie eine W\u00e4rmequelle verwenden: Psilocybin verliert seine Wirkung ab einer Temperatur von 225 Grad. Wenn Sie einen Backofen verwenden m\u00f6chten, stellen Sie ihn nicht h\u00f6her als 40 Grad ein. Au\u00dferdem sollten Sie die Tr\u00fcffel nicht in der Sonne trocknen lassen, da dies ebenfalls zu einem Verlust der Wirkstoffe f\u00fchrt.<\/p><p>Lassen Sie die Tr\u00fcffel trocknen, bis sie knochentrocken sind. Nur dann ist die ganze Feuchtigkeit weg. Dies wird mindestens drei Tage dauern. Verwenden Sie nun eine Kaffeem\u00fchle oder einen Fleischwolf, um die trockenen Tr\u00fcffel zu mahlen. Jetzt ist es an der Zeit, Ihre Mikrodose abzumessen. Nehmen Sie die <a href=\"\/microdosing\/\">Waage<\/a> und verwenden Sie Kapseln, in die Sie das Pulver geben. Im Durchschnitt k\u00f6nnen Sie von einer Dosis ausgehen, die zwischen 0,2 und 0,8 Gramm liegt.<\/p><p>Die Zusammenstellung eigener Mikrodosen ist ein ziemlicher Aufwand. Wenn Sie keine Zeit oder Lust haben, machen es Ihnen die Microdosing-Tr\u00fcffel leicht. Eine Packung enth\u00e4lt das Wesentliche f\u00fcr die Mikrodosierung: 6 Mikrodosen magischer Tr\u00fcffel, fertig verpackt und einsatzbereit. Sie haben nichts zu bef\u00fcrchten.<\/p><p>Neben Magic Mushrooms und Tr\u00fcffeln gibt es noch andere Substanzen, die f\u00fcr das Microdosing verwendet werden k\u00f6nnen, wie Iboga, LSD und Meskalin. Diese werden jedoch weniger h\u00e4ufig verwendet, das Prinzip ist jedoch das gleiche.<\/p>\t\t\t\t\t\t\t\t<\/div>\n\t\t\t\t<\/div>\n\t\t\t\t\t<\/div>\n\t\t<\/div>\n\t\t\t\t\t<\/div>\n\t\t<\/section>\n\t\t\t\t<\/div>\n\t\t","protected":false},"excerpt":{"rendered":"<p>Zubeh\u00f6r f\u00fcr die Mikrodosierung Wenn Sie Mikrodosierung verwenden m\u00f6chten, greifen Sie am besten zu getrockneten Substanzen. Dadurch ist es m\u00f6glich, sehr genau zu arbeiten, was wichtig ist. In diesem Artikel erfahren Sie alles \u00fcber das wichtigste Zubeh\u00f6r f\u00fcr die Mikrodosierung, von der Menge der Magic Mushrooms oder Tr\u00fcffel bis hin zu den Kapseln, mit denen [&hellip;]<\/p>\n","protected":false},"author":10,"featured_media":0,"parent":0,"menu_order":0,"comment_status":"closed","ping_status":"closed","template":"","meta":{"footnotes":""},"class_list":["post-3698","page","type-page","status-publish","hentry"],"yoast_head":"<!-- This site is optimized with the Yoast SEO Premium plugin v26.4 (Yoast SEO v27.2) - https:\/\/yoast.com\/product\/yoast-seo-premium-wordpress\/ -->\n<title>Microdosing-Zubeh\u00f6r | DutchMicrodosing<\/title>\n<meta name=\"description\" content=\"Microdosing-Zubeh\u00f6r f\u00fcr einen sicheren Start: Kapseln, Waagen und mehr. Alles, was Sie brauchen, auf einen Blick.\" \/>\n<meta name=\"robots\" content=\"index, follow, max-snippet:-1, max-image-preview:large, max-video-preview:-1\" \/>\n<link rel=\"canonical\" href=\"https:\/\/dutchmicrodosing.com\/de\/mikrodosierzubehoer\/\" \/>\n<meta property=\"og:locale\" content=\"de_DE\" \/>\n<meta property=\"og:type\" content=\"article\" \/>\n<meta property=\"og:title\" content=\"Mikrodosier-Zubeh\u00f6r\" \/>\n<meta property=\"og:description\" content=\"Zubeh\u00f6r f\u00fcr die Mikrodosierung Wenn Sie Mikrodosierung verwenden m\u00f6chten, greifen Sie am besten zu getrockneten Substanzen. Dadurch ist es m\u00f6glich, sehr\" \/>\n<meta property=\"og:url\" content=\"https:\/\/dutchmicrodosing.com\/de\/mikrodosierzubehoer\/\" \/>\n<meta property=\"og:site_name\" content=\"Dutchmicrodosing\" \/>\n<meta property=\"article:publisher\" content=\"https:\/\/www.facebook.com\/Dutchmicrodosingxp\/\" \/>\n<meta property=\"article:modified_time\" content=\"2025-10-20T20:52:55+00:00\" \/>\n<meta property=\"og:image\" content=\"https:\/\/dutchmicrodosing.com\/wp-content\/uploads\/2023\/03\/microdosing-magic-mushrooms-psilocybin-measuring-daily-micro-dose-magic-mushrooms-digital-scale-scaled.jpg\" \/>\n\t<meta property=\"og:image:width\" content=\"2560\" \/>\n\t<meta property=\"og:image:height\" content=\"1707\" \/>\n\t<meta property=\"og:image:type\" content=\"image\/jpeg\" \/>\n<meta name=\"twitter:card\" content=\"summary_large_image\" \/>\n<script type=\"application\/ld+json\" class=\"yoast-schema-graph\">{\"@context\":\"https:\/\/schema.org\",\"@graph\":[{\"@type\":\"WebPage\",\"@id\":\"https:\/\/dutchmicrodosing.com\/de\/mikrodosierzubehoer\/\",\"url\":\"https:\/\/dutchmicrodosing.com\/de\/mikrodosierzubehoer\/\",\"name\":\"Microdosing-Zubeh\u00f6r | DutchMicrodosing\",\"isPartOf\":{\"@id\":\"https:\/\/dutchmicrodosing.com\/de\/#website\"},\"primaryImageOfPage\":{\"@id\":\"https:\/\/dutchmicrodosing.com\/de\/mikrodosierzubehoer\/#primaryimage\"},\"image\":{\"@id\":\"https:\/\/dutchmicrodosing.com\/de\/mikrodosierzubehoer\/#primaryimage\"},\"thumbnailUrl\":\"https:\/\/dutchmicrodosing.com\/wp-content\/uploads\/2023\/03\/microdosing-magic-mushrooms-psilocybin-measuring-daily-micro-dose-magic-mushrooms-digital-scale-scaled.jpg\",\"datePublished\":\"2021-04-27T13:40:27+00:00\",\"dateModified\":\"2025-10-20T20:52:55+00:00\",\"description\":\"Microdosing-Zubeh\u00f6r f\u00fcr einen sicheren Start: Kapseln, Waagen und mehr. Alles, was Sie brauchen, auf einen Blick.\",\"breadcrumb\":{\"@id\":\"https:\/\/dutchmicrodosing.com\/de\/mikrodosierzubehoer\/#breadcrumb\"},\"inLanguage\":\"de\",\"potentialAction\":[{\"@type\":\"ReadAction\",\"target\":[\"https:\/\/dutchmicrodosing.com\/de\/mikrodosierzubehoer\/\"]}]},{\"@type\":\"ImageObject\",\"inLanguage\":\"de\",\"@id\":\"https:\/\/dutchmicrodosing.com\/de\/mikrodosierzubehoer\/#primaryimage\",\"url\":\"https:\/\/dutchmicrodosing.com\/wp-content\/uploads\/2023\/03\/microdosing-magic-mushrooms-psilocybin-measuring-daily-micro-dose-magic-mushrooms-digital-scale-scaled.jpg\",\"contentUrl\":\"https:\/\/dutchmicrodosing.com\/wp-content\/uploads\/2023\/03\/microdosing-magic-mushrooms-psilocybin-measuring-daily-micro-dose-magic-mushrooms-digital-scale-scaled.jpg\"},{\"@type\":\"BreadcrumbList\",\"@id\":\"https:\/\/dutchmicrodosing.com\/de\/mikrodosierzubehoer\/#breadcrumb\",\"itemListElement\":[{\"@type\":\"ListItem\",\"position\":1,\"name\":\"Home\",\"item\":\"https:\/\/dutchmicrodosing.com\/de\/\"},{\"@type\":\"ListItem\",\"position\":2,\"name\":\"Mikrodosier-Zubeh\u00f6r\"}]},{\"@type\":\"WebSite\",\"@id\":\"https:\/\/dutchmicrodosing.com\/de\/#website\",\"url\":\"https:\/\/dutchmicrodosing.com\/de\/\",\"name\":\"Dutchmicrodosing\",\"description\":\"\",\"publisher\":{\"@id\":\"https:\/\/dutchmicrodosing.com\/de\/#organization\"},\"potentialAction\":[{\"@type\":\"SearchAction\",\"target\":{\"@type\":\"EntryPoint\",\"urlTemplate\":\"https:\/\/dutchmicrodosing.com\/de\/?s={search_term_string}\"},\"query-input\":{\"@type\":\"PropertyValueSpecification\",\"valueRequired\":true,\"valueName\":\"search_term_string\"}}],\"inLanguage\":\"de\"},{\"@type\":\"Organization\",\"@id\":\"https:\/\/dutchmicrodosing.com\/de\/#organization\",\"name\":\"Dutchmicrodosing\",\"url\":\"https:\/\/dutchmicrodosing.com\/de\/\",\"logo\":{\"@type\":\"ImageObject\",\"inLanguage\":\"de\",\"@id\":\"https:\/\/dutchmicrodosing.com\/de\/#\/schema\/logo\/image\/\",\"url\":\"https:\/\/dutchmicrodosing.com\/wp-content\/uploads\/2021\/01\/microdosing-categorie-pic-nieuw.jpg\",\"contentUrl\":\"https:\/\/dutchmicrodosing.com\/wp-content\/uploads\/2021\/01\/microdosing-categorie-pic-nieuw.jpg\",\"width\":500,\"height\":500,\"caption\":\"Dutchmicrodosing\"},\"image\":{\"@id\":\"https:\/\/dutchmicrodosing.com\/de\/#\/schema\/logo\/image\/\"},\"sameAs\":[\"https:\/\/www.facebook.com\/Dutchmicrodosingxp\/\",\"https:\/\/www.instagram.com\/dutchmicrodosing\/\"]}]}<\/script>\n<!-- \/ Yoast SEO Premium plugin. -->","yoast_head_json":{"title":"Microdosing-Zubeh\u00f6r | DutchMicrodosing","description":"Microdosing-Zubeh\u00f6r f\u00fcr einen sicheren Start: Kapseln, Waagen und mehr. Alles, was Sie brauchen, auf einen Blick.","robots":{"index":"index","follow":"follow","max-snippet":"max-snippet:-1","max-image-preview":"max-image-preview:large","max-video-preview":"max-video-preview:-1"},"canonical":"https:\/\/dutchmicrodosing.com\/de\/mikrodosierzubehoer\/","og_locale":"de_DE","og_type":"article","og_title":"Mikrodosier-Zubeh\u00f6r","og_description":"Zubeh\u00f6r f\u00fcr die Mikrodosierung Wenn Sie Mikrodosierung verwenden m\u00f6chten, greifen Sie am besten zu getrockneten Substanzen. Dadurch ist es m\u00f6glich, sehr","og_url":"https:\/\/dutchmicrodosing.com\/de\/mikrodosierzubehoer\/","og_site_name":"Dutchmicrodosing","article_publisher":"https:\/\/www.facebook.com\/Dutchmicrodosingxp\/","article_modified_time":"2025-10-20T20:52:55+00:00","og_image":[{"width":2560,"height":1707,"url":"https:\/\/dutchmicrodosing.com\/wp-content\/uploads\/2023\/03\/microdosing-magic-mushrooms-psilocybin-measuring-daily-micro-dose-magic-mushrooms-digital-scale-scaled.jpg","type":"image\/jpeg"}],"twitter_card":"summary_large_image","schema":{"@context":"https:\/\/schema.org","@graph":[{"@type":"WebPage","@id":"https:\/\/dutchmicrodosing.com\/de\/mikrodosierzubehoer\/","url":"https:\/\/dutchmicrodosing.com\/de\/mikrodosierzubehoer\/","name":"Microdosing-Zubeh\u00f6r | DutchMicrodosing","isPartOf":{"@id":"https:\/\/dutchmicrodosing.com\/de\/#website"},"primaryImageOfPage":{"@id":"https:\/\/dutchmicrodosing.com\/de\/mikrodosierzubehoer\/#primaryimage"},"image":{"@id":"https:\/\/dutchmicrodosing.com\/de\/mikrodosierzubehoer\/#primaryimage"},"thumbnailUrl":"https:\/\/dutchmicrodosing.com\/wp-content\/uploads\/2023\/03\/microdosing-magic-mushrooms-psilocybin-measuring-daily-micro-dose-magic-mushrooms-digital-scale-scaled.jpg","datePublished":"2021-04-27T13:40:27+00:00","dateModified":"2025-10-20T20:52:55+00:00","description":"Microdosing-Zubeh\u00f6r f\u00fcr einen sicheren Start: Kapseln, Waagen und mehr. Alles, was Sie brauchen, auf einen Blick.","breadcrumb":{"@id":"https:\/\/dutchmicrodosing.com\/de\/mikrodosierzubehoer\/#breadcrumb"},"inLanguage":"de","potentialAction":[{"@type":"ReadAction","target":["https:\/\/dutchmicrodosing.com\/de\/mikrodosierzubehoer\/"]}]},{"@type":"ImageObject","inLanguage":"de","@id":"https:\/\/dutchmicrodosing.com\/de\/mikrodosierzubehoer\/#primaryimage","url":"https:\/\/dutchmicrodosing.com\/wp-content\/uploads\/2023\/03\/microdosing-magic-mushrooms-psilocybin-measuring-daily-micro-dose-magic-mushrooms-digital-scale-scaled.jpg","contentUrl":"https:\/\/dutchmicrodosing.com\/wp-content\/uploads\/2023\/03\/microdosing-magic-mushrooms-psilocybin-measuring-daily-micro-dose-magic-mushrooms-digital-scale-scaled.jpg"},{"@type":"BreadcrumbList","@id":"https:\/\/dutchmicrodosing.com\/de\/mikrodosierzubehoer\/#breadcrumb","itemListElement":[{"@type":"ListItem","position":1,"name":"Home","item":"https:\/\/dutchmicrodosing.com\/de\/"},{"@type":"ListItem","position":2,"name":"Mikrodosier-Zubeh\u00f6r"}]},{"@type":"WebSite","@id":"https:\/\/dutchmicrodosing.com\/de\/#website","url":"https:\/\/dutchmicrodosing.com\/de\/","name":"Dutchmicrodosing","description":"","publisher":{"@id":"https:\/\/dutchmicrodosing.com\/de\/#organization"},"potentialAction":[{"@type":"SearchAction","target":{"@type":"EntryPoint","urlTemplate":"https:\/\/dutchmicrodosing.com\/de\/?s={search_term_string}"},"query-input":{"@type":"PropertyValueSpecification","valueRequired":true,"valueName":"search_term_string"}}],"inLanguage":"de"},{"@type":"Organization","@id":"https:\/\/dutchmicrodosing.com\/de\/#organization","name":"Dutchmicrodosing","url":"https:\/\/dutchmicrodosing.com\/de\/","logo":{"@type":"ImageObject","inLanguage":"de","@id":"https:\/\/dutchmicrodosing.com\/de\/#\/schema\/logo\/image\/","url":"https:\/\/dutchmicrodosing.com\/wp-content\/uploads\/2021\/01\/microdosing-categorie-pic-nieuw.jpg","contentUrl":"https:\/\/dutchmicrodosing.com\/wp-content\/uploads\/2021\/01\/microdosing-categorie-pic-nieuw.jpg","width":500,"height":500,"caption":"Dutchmicrodosing"},"image":{"@id":"https:\/\/dutchmicrodosing.com\/de\/#\/schema\/logo\/image\/"},"sameAs":["https:\/\/www.facebook.com\/Dutchmicrodosingxp\/","https:\/\/www.instagram.com\/dutchmicrodosing\/"]}]}},"_links":{"self":[{"href":"https:\/\/dutchmicrodosing.com\/de\/wp-json\/wp\/v2\/pages\/3698","targetHints":{"allow":["GET"]}}],"collection":[{"href":"https:\/\/dutchmicrodosing.com\/de\/wp-json\/wp\/v2\/pages"}],"about":[{"href":"https:\/\/dutchmicrodosing.com\/de\/wp-json\/wp\/v2\/types\/page"}],"author":[{"embeddable":true,"href":"https:\/\/dutchmicrodosing.com\/de\/wp-json\/wp\/v2\/users\/10"}],"replies":[{"embeddable":true,"href":"https:\/\/dutchmicrodosing.com\/de\/wp-json\/wp\/v2\/comments?post=3698"}],"version-history":[{"count":0,"href":"https:\/\/dutchmicrodosing.com\/de\/wp-json\/wp\/v2\/pages\/3698\/revisions"}],"wp:attachment":[{"href":"https:\/\/dutchmicrodosing.com\/de\/wp-json\/wp\/v2\/media?parent=3698"}],"curies":[{"name":"wp","href":"https:\/\/api.w.org\/{rel}","templated":true}]}}