{"id":4396,"date":"2021-05-01T13:11:06","date_gmt":"2021-05-01T13:11:06","guid":{"rendered":"https:\/\/dutchmicrodosing.com\/datenschutzrichtlinie\/"},"modified":"2025-10-20T22:52:55","modified_gmt":"2025-10-20T20:52:55","slug":"datenschutzbestimmungen","status":"publish","type":"page","link":"https:\/\/dutchmicrodosing.com\/de\/datenschutzbestimmungen\/","title":{"rendered":"Datenschutzrichtlinie"},"content":{"rendered":"\t\t<div data-elementor-type=\"wp-page\" data-elementor-id=\"4396\" class=\"elementor elementor-4396 elementor-607\" data-elementor-post-type=\"page\">\n\t\t\t\t\t\t<section class=\"elementor-section elementor-top-section elementor-element elementor-element-5c3d591 elementor-section-boxed elementor-section-height-default elementor-section-height-default\" data-id=\"5c3d591\" data-element_type=\"section\" data-e-type=\"section\">\n\t\t\t\t\t\t<div class=\"elementor-container elementor-column-gap-default\">\n\t\t\t\t\t<div class=\"elementor-column elementor-col-100 elementor-top-column elementor-element elementor-element-2cc1f07\" data-id=\"2cc1f07\" data-element_type=\"column\" data-e-type=\"column\">\n\t\t\t<div class=\"elementor-widget-wrap elementor-element-populated\">\n\t\t\t\t\t\t<div class=\"elementor-element elementor-element-83e8aa7 elementor-widget elementor-widget-spacer\" data-id=\"83e8aa7\" data-element_type=\"widget\" data-e-type=\"widget\" data-widget_type=\"spacer.default\">\n\t\t\t\t<div class=\"elementor-widget-container\">\n\t\t\t\t\t\t\t<div class=\"elementor-spacer\">\n\t\t\t<div class=\"elementor-spacer-inner\"><\/div>\n\t\t<\/div>\n\t\t\t\t\t\t<\/div>\n\t\t\t\t<\/div>\n\t\t\t\t\t<\/div>\n\t\t<\/div>\n\t\t\t\t\t<\/div>\n\t\t<\/section>\n\t\t\t\t<section class=\"elementor-section elementor-top-section elementor-element elementor-element-70793ae elementor-section-boxed elementor-section-height-default elementor-section-height-default\" data-id=\"70793ae\" data-element_type=\"section\" data-e-type=\"section\">\n\t\t\t\t\t\t<div class=\"elementor-container elementor-column-gap-default\">\n\t\t\t\t\t<div class=\"elementor-column elementor-col-100 elementor-top-column elementor-element elementor-element-6326213\" data-id=\"6326213\" data-element_type=\"column\" data-e-type=\"column\">\n\t\t\t<div class=\"elementor-widget-wrap elementor-element-populated\">\n\t\t\t\t\t\t<div class=\"elementor-element elementor-element-9f1ade9 elementor-widget elementor-widget-text-editor\" data-id=\"9f1ade9\" data-element_type=\"widget\" data-e-type=\"widget\" data-widget_type=\"text-editor.default\">\n\t\t\t\t<div class=\"elementor-widget-container\">\n\t\t\t\t\t\t\t\t\t<h1>Datenschutzerkl\u00e4rung Dutchmicrodosing.com<\/h1><p>Dies ist die Datenschutzerkl\u00e4rung von Dutchmicrodosing.com.com Dieses Dokument erkl\u00e4rt, wie Dutchmicrodosing.com.com mit der Verarbeitung Ihrer pers\u00f6nlichen Daten umgeht. Bei der Verarbeitung Ihrer pers\u00f6nlichen Daten geht Dutchmicrodosing.com mit \u00e4u\u00dferster Sorgfalt vor.  <\/p><h3>Grundlage der Verarbeitung:<\/h3><p>Bei der Bereitstellung der Dienste von Dutchmicrodosing.com werden Ihre pers\u00f6nlichen Daten verarbeitet. Dutchmicrodosing.com verarbeitet nur Daten, die wir f\u00fcr (die Verbesserung) unserer Dienstleistungen als notwendig erachten und geht sorgf\u00e4ltig mit den Informationen um, die wir \u00fcber Sie und Ihre Nutzung unserer Dienstleistungen gesammelt haben. Die Grundlage f\u00fcr die Verarbeitung dieser Daten ist der Vertrag, den Sie mit Dutchmicrodosing.com geschlossen haben. Personenbezogene Daten \u00fcber Sie k\u00f6nnen auch durch den Besuch der Website www.Dutchmicrodosing.com.nl verarbeitet werden, wenn Sie Ihre Zustimmung gegeben haben.<\/p><h3>Erfassung von personenbezogenen Daten:<\/h3><p>Wenn Sie die Dienste von Dutchmicrodosing.com nutzen, stellen Sie Dutchmicrodosing.com einige personenbezogene Daten zur Verf\u00fcgung, oder es werden im Rahmen der Vereinbarung personenbezogene Daten von Ihnen eingeholt. Unter personenbezogenen Daten sind alle Daten zu verstehen, die sich auf eine identifizierte oder identifizierbare nat\u00fcrliche Person beziehen.<\/p><h3>Kategorien von personenbezogenen Daten<\/h3><p>Dutchmicrodosing.com verarbeitet die folgenden Kategorien von personenbezogenen Daten:<\/p><p>&#8211; Kontakt und Angaben zu Name und Adresse;<\/p><p>&#8211; E-Mail Adresse;<\/p><p>&#8211; Finanzielle Daten;<\/p><p>&#8211; Bestellhistorie;<\/p><p>&#8211; IP-Adresse;<\/p><p>&#8211; Details zum Standort;<\/p><h3>Brauchen Verarbeitung:<\/h3><p>Die Verarbeitung Ihrer personenbezogenen Daten ist erforderlich, um unsere Leistungen zu erbringen. Die vonDutchmicrodosing.com angebotenen Dienstleistungen k\u00f6nnen ohne die Verarbeitung Ihrer pers\u00f6nlichen Daten nicht vollst\u00e4ndig durchgef\u00fchrt werden. Wenn Ihre ausdr\u00fcckliche Zustimmung f\u00fcr bestimmte Zwecke in Bezug auf Ihre Daten erforderlich ist, m\u00fcssen Sie Ihre separate Zustimmung erteilen.<\/p><h3>Zweck der Verarbeitung:<\/h3><p>Die von Dutchmicrodosing.com verarbeiteten personenbezogenen Daten haben die folgenden Zwecke:<\/p><p>&#8211; Sie zu kontaktieren, um Sie \u00fcber die von Ihnen erworbenen Produkte und deren Umsetzung zu informieren;<\/p><p>&#8211; Erbringung seiner Leistungen;<\/p><p>&#8211; Zahlungen vornehmen;<\/p><p>&#8211; Einhaltung der gesetzlichen Verpflichtungen;<\/p><p>&#8211; Verbesserung der Website durch Analyse des Besucherverhaltens auf der Website;<\/p><p>&#8211; Datenaustausch mit Dritten zum Zwecke der Leistungserbringung.<\/p><h3>Aufbewahrungsfrist:<\/h3><p>Die von Dutchmicrodosing.com verarbeiteten personenbezogenen Daten werden in \u00dcbereinstimmung mit den einschl\u00e4gigen Gesetzen und Vorschriften aufbewahrt. Dutchmicrodosing.com speichert Daten, solange Sie Kunde bei uns sind. Das bedeutet, dass Dutchmicrodosing.com Ihr Kundenprofil aufbewahrt, bis Sie angeben, dass Sie unsere Dienste nicht mehr in Anspruch nehmen m\u00f6chten. Wenn Sie uns dies mitteilen, interpretieren wir dies als Bitte um Vergessen. Wenn eine l\u00e4ngere Aufbewahrungsfrist aufgrund von Gesetzen oder Vorschriften erforderlich ist, werden die personenbezogenen Daten entsprechend diesen Anforderungen l\u00e4nger aufbewahrt. Aufgrund geltender Verwaltungsvorschriften m\u00fcssen wir Rechnungen mit Ihren (pers\u00f6nlichen) Daten aufbewahren, Dutchmicrodosing.com bewahrt diese Informationen so lange auf, wie die geltende Frist l\u00e4uft.<\/p><h3>Verarbeitung durch Dritte:<\/h3><p>Dutchmicrodosing.com gibt personenbezogene Daten nur dann an Dritte weiter, wenn dies f\u00fcr die Ausf\u00fchrung eines Vertrags und zur Einhaltung der einschl\u00e4gigen Gesetze und Vorschriften unbedingt erforderlich ist. Die Dritten, mit denen pers\u00f6nliche Daten geteilt werden, sind:<\/p><p>Zahlungsanbieter zum Zweck der Ausf\u00fchrung der Vereinbarung. Die Kategorie der personenbezogenen Daten, die verarbeitet wird, sind Finanzdaten.<\/p><p>Hostnet verarbeitet Daten zum Zweck der Verbesserung seiner Dienstleistungen. Die Kategorie der pers\u00f6nlichen Daten, die verarbeitet wird, umfasst Kontakt- und Namensangaben, E-Mail-Adresse, IP-Adresse, Bestellhistorie und\/oder Finanzdaten.<\/p><p>Software des Webshops. Zum Zweck der Ausf\u00fchrung der Vereinbarung. Die Kategorien von personenbezogenen Daten, die verarbeitet werden, sind Kontakt- und Namensangaben, E-Mail-Adresse, IP-Adresse, Bestellhistorie und\/oder Finanzdaten.<\/p><p>Der beauftragte Zustelldienst, wie z.B. DHL oder Post NL, zum Zwecke der Vertragserf\u00fcllung und\/oder -durchf\u00fchrung. Die Kategorie der personenbezogenen Daten, die verarbeitet werden, sind Kontakt- und Namens- und Adressdaten.<\/p><p>Mailchimp, Die Kategorie der verarbeiteten personenbezogenen Daten ist die E-Mail Adresse.<\/p><p>Andere Finanzinstitute, f\u00fcr die Ausf\u00fchrung der Vereinbarung und f\u00fcr die Abwicklung der Finanzverwaltung. Die Kategorie der personenbezogenen Daten, die verarbeitet werden, sind Kontakt- und Namens- und Adressdaten; E-Mail-Adresse und\/oder Finanzdaten.<\/p><p>Buchhalter, zum Zweck der Abwicklung der Finanzverwaltung. Die Kategorie der personenbezogenen Daten, die verarbeitet werden, sind Kontakt- und Namens- und Adressdaten und\/oder Finanzdaten.<\/p><h3>Sicherheit der pers\u00f6nlichen Daten:<\/h3><p>Dutchmicrodosing.com nimmt den Schutz Ihrer personenbezogenen Daten ernst und trifft angemessene technische und organisatorische Ma\u00dfnahmen, um ein risikoangepasstes Sicherheitsniveau zu gew\u00e4hrleisten, wobei der Stand der Technik, die Implementierungskosten sowie die Art, der Umfang, der Kontext und die Verarbeitungszwecke und -risiken f\u00fcr die Rechte und Freiheiten von Personen ber\u00fccksichtigt werden.<\/p><h3>Website:<\/h3><p>Durch die Nutzung der Website www.Dutchmicrodosing.com.nl. Sie erkl\u00e4ren sich mit dem Haftungsausschluss einverstanden. Dutchmicrodosing.com beh\u00e4lt sich das Recht vor, den Inhalt seiner Website und\/oder diesen Haftungsausschluss jederzeit zu \u00e4ndern, ohne seine Kunden und\/oder Nutzer der Website \u00fcber diese \u00c4nderung zu informieren. Der Inhalt der Website wurde mit gr\u00f6\u00dftm\u00f6glicher Sorgfalt zusammengestellt, kann aber dennoch Ungenauigkeiten enthalten oder unvollst\u00e4ndig sein. Dutchmicrodosing.com \u00fcbernimmt keinerlei Haftung f\u00fcr Sch\u00e4den, die durch die Nutzung der Website verursacht werden oder daraus entstehen. Die Nutzung dieser Website erfolgt ausschlie\u00dflich auf Risiko und Kosten des Nutzers der Website. Aus dem Inhalt dieser Website k\u00f6nnen keine Rechte abgeleitet werden. Alle Texte unter www.Dutchmicrodosing.com.nl. sind urheberrechtlich gesch\u00fctzt und Eigentum von Dutchmicrodosing.com.<\/p><h3>Cookie-Erkl\u00e4rung:<\/h3><p>Dutchmicrodosing.com verwendet technische, funktionale und analytische Cookies zur Optimierung der Website. Cookies sind kleine Textdateien, die beim Besuch einer Website gesendet werden, um das Erlebnis des Besuchers effizienter zu gestalten. Dutchmicrodosing.com ist gesetzlich berechtigt, Cookies auf Ihrem Ger\u00e4t zu speichern, wenn diese Cookies f\u00fcr die Nutzung der Website unbedingt erforderlich sind. Andere Arten von Cookies erfordern Ihre Zustimmung. Wir empfehlen, die Cookies f\u00fcr die Benutzerfreundlichkeit der Website zu akzeptieren.<\/p><p>Die von Dutchmicrodosing.com verwendeten Cookies sind funktionale Cookies: Diese Cookies sorgen daf\u00fcr, dass die Website ordnungsgem\u00e4\u00df funktioniert. Diese Cookies haben keinen Einfluss auf die pers\u00f6nliche Privatsph\u00e4re, so dass keine Erlaubnis eingeholt und erteilt werden muss. Diese Cookies werden z.B. verwendet, um Ihre Browsereinstellungen zu speichern, damit unsere Website optimal dargestellt werden kann, oder um sicherzustellen, dass die Website erreichbar bleibt (Load-Balancing), aber auch Cookies, die sicherstellen, dass keine weiteren Cookies gesetzt werden d\u00fcrfen (No-Follow).<\/p><p>Social-Media-Cookies: Dies sind Cookies von Dritten und werden von den Social-Media-Websites selbst gesetzt. Wenn Sie zum Beispiel auf der Website auf die Social-Media-Schaltfl\u00e4che klicken, wird ein Social-Media-Cookie gesetzt. Dies erm\u00f6glicht es der Social-Media-Partei, Ihre IP-Adresse zu erkennen, wenn Sie einen Artikel von der Website teilen. F\u00fcr die Cookies der Social Media Parteien und die von ihnen gesammelten Daten und\/oder personenbezogenen Daten verweist Dutchmicrodosing.com auf die Datenschutz- und Cookie-Richtlinien dieser Parteien.<\/p><p>Auf der Website von Dutchmicrodosing.com werden Cookies von Google f\u00fcr Google Analytics gesetzt. Wir speichern keine Informationen dar\u00fcber, was Sie im Internet tun. Google Analytics kann aufgrund geltender Gesetze und Vorschriften dazu verpflichtet sein, diese Daten zur Verf\u00fcgung zu stellen. Das bedeutet, dass Dutchmicrodosing.com die Informationen nicht mit einer nat\u00fcrlichen Person in Verbindung bringen kann. Wenn Sie Fragen dazu haben, kontaktieren Sie uns bitte unter info@Dutchmicrodosing.com.com.<\/p><h3>Browser-Einstellungen:<\/h3><p>Wenn Sie nicht m\u00f6chten, dass Websites Cookies auf dem Ger\u00e4t platzieren, das Sie zum Anzeigen der Website verwenden, k\u00f6nnen Sie Ihre Browsereinstellungen \u00e4ndern. Bevor ein Cookie gesetzt wird, erhalten Sie eine Warnung und m\u00fcssen Ihre Zustimmung zum Setzen des Cookies geben. Wenn Sie dies nicht tun, kann dies dazu f\u00fchren, dass z. B. die Website weniger gut funktioniert. Sie k\u00f6nnen die Einstellungen Ihres Browsers so anpassen, dass Ihr Browser alle Cookies und auch die Cookies von Drittanbietern ablehnt. Sie k\u00f6nnen auch bereits gesetzte Cookies l\u00f6schen. Dazu m\u00fcssen Sie Ihre Browsereinstellungen \u00fcber die Voreinstellungen anpassen und k\u00f6nnen dann die Datenschutzeinstellungen anpassen.<\/p><h3>Rechte der Beteiligten:<\/h3><p>Als betroffene Person haben Sie die folgenden Rechte:<\/p><p>Recht auf Einsichtnahme; Als betroffene Person haben Sie das Recht, dar\u00fcber informiert zu werden, ob Ihre personenbezogenen Daten verarbeitet werden, und wenn ja, Zugang zu diesen Daten zu erhalten.<\/p><p>Recht auf Berichtigung. Sie haben das Recht, die Berichtigung und Vervollst\u00e4ndigung unrichtiger Daten zu verlangen. &#8211; Recht auf Datenl\u00f6schung. Eine betroffene Person sollte ohne unangemessene Verz\u00f6gerung die L\u00f6schung der sie betreffenden personenbezogenen Daten erwirken.<\/p><p>Recht auf Einschr\u00e4nkung der Verarbeitung. Als betroffene Person haben Sie das Recht, die Verarbeitung Ihrer personenbezogenen Daten einzuschr\u00e4nken. Bitte kontaktieren Sie dazu Dutchmicrodosing.com.<\/p><p>Recht auf Daten\u00fcbertragbarkeit. Eine betroffene Person hat das Recht, die sie betreffenden personenbezogenen Daten, die sie Dutchmicrodosing.com bereitgestellt hat, in einer strukturierten, g\u00e4ngigen und maschinenlesbaren Form zu erhalten und diese Daten ohne Behinderung durch den f\u00fcr die Verarbeitung Verantwortlichen, dem sie bereitgestellt wurden, an Dutchmicrodosing.com zu \u00fcbermitteln.<\/p><p>Recht auf Widerspruch. Die betroffene Person hat das Recht, aus Gr\u00fcnden, die sich aus ihrer besonderen Situation ergeben, jederzeit gegen die Verarbeitung sie betreffender personenbezogener Daten, einschlie\u00dflich des auf diese Bestimmungen gest\u00fctzten Profilings, Widerspruch einzulegen. Dutchmicrodosing.com verarbeitet die personenbezogenen Daten nicht mehr, es sei denn, es liegen zwingende schutzw\u00fcrdige Gr\u00fcnde vor, die die Interessen, Freiheiten und Rechte der betroffenen Person \u00fcberwiegen, oder die Verarbeitung dient der Geltendmachung, Aus\u00fcbung oder Verteidigung von Rechtsanspr\u00fcchen.<\/p><h3>Reklamation:<\/h3><p>Wenn Sie eine Beschwerde \u00fcber den Umgang von Dutchmicrodosing.com mit Ihren pers\u00f6nlichen Daten haben oder eines der oben genannten Rechte aus\u00fcben m\u00f6chten, k\u00f6nnen Sie uns \u00fcber [Website] kontaktieren. Um sicher zu gehen, dass Sie ein Recht aus\u00fcben wollen, bittet Dutchmicrodosing.com Sie, eine Kopie Ihres Identit\u00e4tsnachweises beizuf\u00fcgen. Sie k\u00f6nnen Ihr Passfoto und die MRZ (Streifen mit Zahlen am unteren Rand) schwarz machen, um Ihre Privatsph\u00e4re zu sch\u00fctzen. Dutchmicrodosing.com wird Ihre Anfrage so schnell wie m\u00f6glich, sp\u00e4testens jedoch innerhalb von 4 Wochen, beantworten. Sie k\u00f6nnen auch eine Beschwerde bei der Beh\u00f6rde f\u00fcr den Schutz von personenbezogenen Daten einreichen. Dies ist die zust\u00e4ndige Vollzugsbeh\u00f6rde. Sie k\u00f6nnen uns \u00fcber diesen Link kontaktieren: https:\/\/autoriteitpersoonsgegevens.nl\/nl\/contact-met-de-autoriteit-persoonsgegevens\/tip-ons.<\/p><h3>\u00c4nderungen der Datenschutzbestimmungen:<\/h3><p>Dutchmicrodosing.com kann die Datenschutzbestimmungen jederzeit \u00e4ndern. Die aktuellste Version ist auf der Website ver\u00f6ffentlicht. Achten Sie daher immer auf die aktuellste Version auf der Website. Sollte sich die neue Datenschutzrichtlinie auf die Art und Weise auswirken, wie wir bereits Daten \u00fcber Sie verarbeiten, werden wir Sie per E-Mail informieren.<\/p><p>Diese Version wurde geschrieben am 23-02-2019<\/p>\t\t\t\t\t\t\t\t<\/div>\n\t\t\t\t<\/div>\n\t\t\t\t\t<\/div>\n\t\t<\/div>\n\t\t\t\t\t<\/div>\n\t\t<\/section>\n\t\t\t\t<\/div>\n\t\t","protected":false},"excerpt":{"rendered":"<p>Datenschutzerkl\u00e4rung Dutchmicrodosing.com Dies ist die Datenschutzerkl\u00e4rung von Dutchmicrodosing.com.com Dieses Dokument erkl\u00e4rt, wie Dutchmicrodosing.com.com mit der Verarbeitung Ihrer pers\u00f6nlichen Daten umgeht. Bei der Verarbeitung Ihrer pers\u00f6nlichen Daten geht Dutchmicrodosing.com mit \u00e4u\u00dferster Sorgfalt vor. Grundlage der Verarbeitung: Bei der Bereitstellung der Dienste von Dutchmicrodosing.com werden Ihre pers\u00f6nlichen Daten verarbeitet. Dutchmicrodosing.com verarbeitet nur Daten, die wir f\u00fcr (die [&hellip;]<\/p>\n","protected":false},"author":10,"featured_media":0,"parent":0,"menu_order":0,"comment_status":"closed","ping_status":"closed","template":"","meta":{"footnotes":""},"class_list":["post-4396","page","type-page","status-publish","hentry"],"yoast_head":"<!-- This site is optimized with the Yoast SEO Premium plugin v26.4 (Yoast SEO v27.2) - https:\/\/yoast.com\/product\/yoast-seo-premium-wordpress\/ -->\n<title>Datenschutzrichtlinie - Dutchmicrodosing<\/title>\n<meta name=\"description\" content=\"Erfahren Sie, wie DutchMicrodosing mit Ihrer Privatsph\u00e4re und Ihren pers\u00f6nlichen Daten umgeht. Transparent, sicher und gem\u00e4\u00df den DSGVO-Richtlinien.\" \/>\n<meta name=\"robots\" content=\"index, follow, max-snippet:-1, max-image-preview:large, max-video-preview:-1\" \/>\n<link rel=\"canonical\" href=\"https:\/\/dutchmicrodosing.com\/de\/datenschutzbestimmungen\/\" \/>\n<meta property=\"og:locale\" content=\"de_DE\" \/>\n<meta property=\"og:type\" content=\"article\" \/>\n<meta property=\"og:title\" content=\"Datenschutzrichtlinie\" \/>\n<meta property=\"og:description\" content=\"Datenschutzerkl\u00e4rung Dutchmicrodosing.comDies ist die Datenschutzerkl\u00e4rung von Dutchmicrodosing.com.com Dieses Dokument erkl\u00e4rt, wie\" \/>\n<meta property=\"og:url\" content=\"https:\/\/dutchmicrodosing.com\/de\/datenschutzbestimmungen\/\" \/>\n<meta property=\"og:site_name\" content=\"Dutchmicrodosing\" \/>\n<meta property=\"article:publisher\" content=\"https:\/\/www.facebook.com\/Dutchmicrodosingxp\/\" \/>\n<meta property=\"article:modified_time\" content=\"2025-10-20T20:52:55+00:00\" \/>\n<meta property=\"og:image\" content=\"https:\/\/dutchmicrodosing.com\/wp-content\/uploads\/2021\/01\/DM-Logo-2.jpg\" \/>\n\t<meta property=\"og:image:width\" content=\"425\" \/>\n\t<meta property=\"og:image:height\" content=\"232\" \/>\n\t<meta property=\"og:image:type\" content=\"image\/jpeg\" \/>\n<meta name=\"twitter:card\" content=\"summary_large_image\" \/>\n<script type=\"application\/ld+json\" class=\"yoast-schema-graph\">{\"@context\":\"https:\/\/schema.org\",\"@graph\":[{\"@type\":\"WebPage\",\"@id\":\"https:\/\/dutchmicrodosing.com\/de\/datenschutzbestimmungen\/\",\"url\":\"https:\/\/dutchmicrodosing.com\/de\/datenschutzbestimmungen\/\",\"name\":\"Datenschutzrichtlinie - Dutchmicrodosing\",\"isPartOf\":{\"@id\":\"https:\/\/dutchmicrodosing.com\/de\/#website\"},\"datePublished\":\"2021-05-01T13:11:06+00:00\",\"dateModified\":\"2025-10-20T20:52:55+00:00\",\"description\":\"Erfahren Sie, wie DutchMicrodosing mit Ihrer Privatsph\u00e4re und Ihren pers\u00f6nlichen Daten umgeht. Transparent, sicher und gem\u00e4\u00df den DSGVO-Richtlinien.\",\"breadcrumb\":{\"@id\":\"https:\/\/dutchmicrodosing.com\/de\/datenschutzbestimmungen\/#breadcrumb\"},\"inLanguage\":\"de\",\"potentialAction\":[{\"@type\":\"ReadAction\",\"target\":[\"https:\/\/dutchmicrodosing.com\/de\/datenschutzbestimmungen\/\"]}]},{\"@type\":\"BreadcrumbList\",\"@id\":\"https:\/\/dutchmicrodosing.com\/de\/datenschutzbestimmungen\/#breadcrumb\",\"itemListElement\":[{\"@type\":\"ListItem\",\"position\":1,\"name\":\"Home\",\"item\":\"https:\/\/dutchmicrodosing.com\/de\/\"},{\"@type\":\"ListItem\",\"position\":2,\"name\":\"Datenschutzrichtlinie\"}]},{\"@type\":\"WebSite\",\"@id\":\"https:\/\/dutchmicrodosing.com\/de\/#website\",\"url\":\"https:\/\/dutchmicrodosing.com\/de\/\",\"name\":\"Dutchmicrodosing\",\"description\":\"\",\"publisher\":{\"@id\":\"https:\/\/dutchmicrodosing.com\/de\/#organization\"},\"potentialAction\":[{\"@type\":\"SearchAction\",\"target\":{\"@type\":\"EntryPoint\",\"urlTemplate\":\"https:\/\/dutchmicrodosing.com\/de\/?s={search_term_string}\"},\"query-input\":{\"@type\":\"PropertyValueSpecification\",\"valueRequired\":true,\"valueName\":\"search_term_string\"}}],\"inLanguage\":\"de\"},{\"@type\":\"Organization\",\"@id\":\"https:\/\/dutchmicrodosing.com\/de\/#organization\",\"name\":\"Dutchmicrodosing\",\"url\":\"https:\/\/dutchmicrodosing.com\/de\/\",\"logo\":{\"@type\":\"ImageObject\",\"inLanguage\":\"de\",\"@id\":\"https:\/\/dutchmicrodosing.com\/de\/#\/schema\/logo\/image\/\",\"url\":\"https:\/\/dutchmicrodosing.com\/wp-content\/uploads\/2021\/01\/microdosing-categorie-pic-nieuw.jpg\",\"contentUrl\":\"https:\/\/dutchmicrodosing.com\/wp-content\/uploads\/2021\/01\/microdosing-categorie-pic-nieuw.jpg\",\"width\":500,\"height\":500,\"caption\":\"Dutchmicrodosing\"},\"image\":{\"@id\":\"https:\/\/dutchmicrodosing.com\/de\/#\/schema\/logo\/image\/\"},\"sameAs\":[\"https:\/\/www.facebook.com\/Dutchmicrodosingxp\/\",\"https:\/\/www.instagram.com\/dutchmicrodosing\/\"]}]}<\/script>\n<!-- \/ Yoast SEO Premium plugin. -->","yoast_head_json":{"title":"Datenschutzrichtlinie - Dutchmicrodosing","description":"Erfahren Sie, wie DutchMicrodosing mit Ihrer Privatsph\u00e4re und Ihren pers\u00f6nlichen Daten umgeht. Transparent, sicher und gem\u00e4\u00df den DSGVO-Richtlinien.","robots":{"index":"index","follow":"follow","max-snippet":"max-snippet:-1","max-image-preview":"max-image-preview:large","max-video-preview":"max-video-preview:-1"},"canonical":"https:\/\/dutchmicrodosing.com\/de\/datenschutzbestimmungen\/","og_locale":"de_DE","og_type":"article","og_title":"Datenschutzrichtlinie","og_description":"Datenschutzerkl\u00e4rung Dutchmicrodosing.comDies ist die Datenschutzerkl\u00e4rung von Dutchmicrodosing.com.com Dieses Dokument erkl\u00e4rt, wie","og_url":"https:\/\/dutchmicrodosing.com\/de\/datenschutzbestimmungen\/","og_site_name":"Dutchmicrodosing","article_publisher":"https:\/\/www.facebook.com\/Dutchmicrodosingxp\/","article_modified_time":"2025-10-20T20:52:55+00:00","og_image":[{"width":425,"height":232,"url":"https:\/\/dutchmicrodosing.com\/wp-content\/uploads\/2021\/01\/DM-Logo-2.jpg","type":"image\/jpeg"}],"twitter_card":"summary_large_image","schema":{"@context":"https:\/\/schema.org","@graph":[{"@type":"WebPage","@id":"https:\/\/dutchmicrodosing.com\/de\/datenschutzbestimmungen\/","url":"https:\/\/dutchmicrodosing.com\/de\/datenschutzbestimmungen\/","name":"Datenschutzrichtlinie - Dutchmicrodosing","isPartOf":{"@id":"https:\/\/dutchmicrodosing.com\/de\/#website"},"datePublished":"2021-05-01T13:11:06+00:00","dateModified":"2025-10-20T20:52:55+00:00","description":"Erfahren Sie, wie DutchMicrodosing mit Ihrer Privatsph\u00e4re und Ihren pers\u00f6nlichen Daten umgeht. Transparent, sicher und gem\u00e4\u00df den DSGVO-Richtlinien.","breadcrumb":{"@id":"https:\/\/dutchmicrodosing.com\/de\/datenschutzbestimmungen\/#breadcrumb"},"inLanguage":"de","potentialAction":[{"@type":"ReadAction","target":["https:\/\/dutchmicrodosing.com\/de\/datenschutzbestimmungen\/"]}]},{"@type":"BreadcrumbList","@id":"https:\/\/dutchmicrodosing.com\/de\/datenschutzbestimmungen\/#breadcrumb","itemListElement":[{"@type":"ListItem","position":1,"name":"Home","item":"https:\/\/dutchmicrodosing.com\/de\/"},{"@type":"ListItem","position":2,"name":"Datenschutzrichtlinie"}]},{"@type":"WebSite","@id":"https:\/\/dutchmicrodosing.com\/de\/#website","url":"https:\/\/dutchmicrodosing.com\/de\/","name":"Dutchmicrodosing","description":"","publisher":{"@id":"https:\/\/dutchmicrodosing.com\/de\/#organization"},"potentialAction":[{"@type":"SearchAction","target":{"@type":"EntryPoint","urlTemplate":"https:\/\/dutchmicrodosing.com\/de\/?s={search_term_string}"},"query-input":{"@type":"PropertyValueSpecification","valueRequired":true,"valueName":"search_term_string"}}],"inLanguage":"de"},{"@type":"Organization","@id":"https:\/\/dutchmicrodosing.com\/de\/#organization","name":"Dutchmicrodosing","url":"https:\/\/dutchmicrodosing.com\/de\/","logo":{"@type":"ImageObject","inLanguage":"de","@id":"https:\/\/dutchmicrodosing.com\/de\/#\/schema\/logo\/image\/","url":"https:\/\/dutchmicrodosing.com\/wp-content\/uploads\/2021\/01\/microdosing-categorie-pic-nieuw.jpg","contentUrl":"https:\/\/dutchmicrodosing.com\/wp-content\/uploads\/2021\/01\/microdosing-categorie-pic-nieuw.jpg","width":500,"height":500,"caption":"Dutchmicrodosing"},"image":{"@id":"https:\/\/dutchmicrodosing.com\/de\/#\/schema\/logo\/image\/"},"sameAs":["https:\/\/www.facebook.com\/Dutchmicrodosingxp\/","https:\/\/www.instagram.com\/dutchmicrodosing\/"]}]}},"_links":{"self":[{"href":"https:\/\/dutchmicrodosing.com\/de\/wp-json\/wp\/v2\/pages\/4396","targetHints":{"allow":["GET"]}}],"collection":[{"href":"https:\/\/dutchmicrodosing.com\/de\/wp-json\/wp\/v2\/pages"}],"about":[{"href":"https:\/\/dutchmicrodosing.com\/de\/wp-json\/wp\/v2\/types\/page"}],"author":[{"embeddable":true,"href":"https:\/\/dutchmicrodosing.com\/de\/wp-json\/wp\/v2\/users\/10"}],"replies":[{"embeddable":true,"href":"https:\/\/dutchmicrodosing.com\/de\/wp-json\/wp\/v2\/comments?post=4396"}],"version-history":[{"count":0,"href":"https:\/\/dutchmicrodosing.com\/de\/wp-json\/wp\/v2\/pages\/4396\/revisions"}],"wp:attachment":[{"href":"https:\/\/dutchmicrodosing.com\/de\/wp-json\/wp\/v2\/media?parent=4396"}],"curies":[{"name":"wp","href":"https:\/\/api.w.org\/{rel}","templated":true}]}}