{"id":4399,"date":"2021-05-01T13:11:17","date_gmt":"2021-05-01T13:11:17","guid":{"rendered":"https:\/\/dutchmicrodosing.com\/haftungsausschluss\/"},"modified":"2025-10-20T22:51:51","modified_gmt":"2025-10-20T20:51:51","slug":"haftungsausschluss","status":"publish","type":"page","link":"https:\/\/dutchmicrodosing.com\/de\/haftungsausschluss\/","title":{"rendered":"Haftungsausschluss"},"content":{"rendered":"\t\t<div data-elementor-type=\"wp-page\" data-elementor-id=\"4399\" class=\"elementor elementor-4399 elementor-603\" data-elementor-post-type=\"page\">\n\t\t\t\t\t\t<section class=\"elementor-section elementor-top-section elementor-element elementor-element-41723d5 elementor-section-boxed elementor-section-height-default elementor-section-height-default\" data-id=\"41723d5\" data-element_type=\"section\" data-e-type=\"section\">\n\t\t\t\t\t\t<div class=\"elementor-container elementor-column-gap-default\">\n\t\t\t\t\t<div class=\"elementor-column elementor-col-100 elementor-top-column elementor-element elementor-element-0dd9dd5\" data-id=\"0dd9dd5\" data-element_type=\"column\" data-e-type=\"column\">\n\t\t\t<div class=\"elementor-widget-wrap elementor-element-populated\">\n\t\t\t\t\t\t<div class=\"elementor-element elementor-element-9b9d9b7 elementor-widget elementor-widget-text-editor\" data-id=\"9b9d9b7\" data-element_type=\"widget\" data-e-type=\"widget\" data-widget_type=\"text-editor.default\">\n\t\t\t\t<div class=\"elementor-widget-container\">\n\t\t\t\t\t\t\t\t\t<h3>Haftungsausschluss Dutchmicrodosing<\/h3><p>Die Website und die Produkte von Dutchmicrodosing sind f\u00fcr Personen ab 18 Jahren bestimmt. Dutchmicrodosing weist darauf hin, dass Personen unter 18 Jahren keine Bestellungen aufgeben sollten. Dutchmicrodosing \u00fcbernimmt keine Haftung f\u00fcr die Folgen einer Bestellung, die von einer Person unter 18 Jahren aufgegeben wird. Alle von Dutchmicrodosing angebotenen Produkte sollten von Personen unter 18 Jahren ferngehalten werden.<\/p><p> <\/p><p>Dutchmicrodosing \u00fcbernimmt keine Haftung in den folgenden Situationen: das Produkt gibt dem K\u00e4ufer nicht die erwartete\/gew\u00fcnschte Empfindung und\/oder Wirkung; Verlust der Funktionsf\u00e4higkeit des Produkts; Ernteergebnisse; k\u00f6rperliche und\/oder geistige Beschwerden (u.a.: Schwindel, Herzklopfen, Kopfschmerzen, Verwirrung, Ausl\u00f6sen einer Psychose); beeintr\u00e4chtigtes Reaktionsverm\u00f6gen; andere Personensch\u00e4den und\/oder Entm\u00fcndigung infolge der Verwendung des Produkts. Die von Dutchmicrodosing angebotenen Produkte sind nicht als Medizin zu betrachten und sind nicht dazu gedacht, (bereits begonnene) medizinische Behandlung(en) und\/oder medizinische Beratung durch einen Gesundheitsdienstleister zu ersetzen. Die Produkte k\u00f6nnen daher nicht als Ersatz f\u00fcr ein verschriebenes Medikament oder Arzneimittel verwendet werden. Die Produkte von Dutchmicrodosing sollten niemals in Kombination mit Medikamenten, Alkohol, Nahrungserg\u00e4nzungsmitteln, Antidepressiva (MAO-Hemmer, SSRIs, SRNIs und TCAs) und anderen Medikamenten mit \u00e4hnlichen Wirkungen verwendet werden.<\/p><p> <\/p><p>Dutchmicrodosing verkauft nur Produkte, die die Bedingungen, wie im Opiumgesetz beschrieben, erf\u00fcllen und daher nicht auf Liste I &amp; II des Opiumgesetzes stehen. Der Verkauf erfolgt nur aus medizinischen und\/oder wissenschaftlichen Gr\u00fcnden, wie in Artikel 8 des Opiumgesetzes festgelegt. Dutchmicrodosing legt auch Beschr\u00e4nkungen f\u00fcr den Verkauf fest: ein K\u00e4ufer kann maximal 5 (Hanf-)Samen pro Tag kaufen. . Die von Dutchmicrodosing verkauften Produkte sind nur f\u00fcr den pers\u00f6nlichen Gebrauch bestimmt. Besteht der Verdacht, auch in Bezug auf die Art der Produkte, auf die sich der Vertrag bezieht, ob in Kombination mit den Personen, an die die Produkte geliefert werden, der Art und dem Ort der Lieferung sowie der Dauer und dem Umfang der Lieferung, dass Gro\u00dfz\u00fcchter oder H\u00e4ndler beliefert werden, ist Dutchmicrodosing jederzeit berechtigt, den Vertrag aufzul\u00f6sen. Die Erstattung des Kaufbetrages wird schnellstm\u00f6glich bearbeitet; die Auszahlung erfolgt innerhalb von 30 Tagen nach Eingang der R\u00fccksendung. Die R\u00fcckerstattung erfolgt auf die zuvor angegebene Kontonummer.<\/p><p> <\/p><p>Alle Informationen, die von Dutchmicrodosing, \u00fcber die Website oder von seinen Mitarbeitern per Telefon, E-Mail oder \u00fcber andere Kommunikationsmittel zur Verf\u00fcgung gestellt werden, dienen ausschlie\u00dflich Informationszwecken und sind nicht als medizinischer Rat zu verstehen. Obwohl Dutchmicrodosing und seine Mitarbeiter immer versuchen, ihre Arbeit nach bestem Wissen und Gewissen zu erledigen, kann Dutchmicrodosing nicht garantieren, dass Produktbeschreibungen und Informationen, die \u00fcber die Website oder von Mitarbeitern per E-Mail, Telefon oder \u00fcber andere Kommunikationskan\u00e4le bereitgestellt werden, genau, vollst\u00e4ndig, zuverl\u00e4ssig, aktuell und fehlerfrei sind. Dutchmicrodosing m\u00f6chte darauf hinweisen, dass in einigen F\u00e4llen die Form und die Farben der Verpackungen ge\u00e4ndert werden k\u00f6nnen, obwohl das Produkt dasselbe ist wie beschrieben.<\/p><p> <\/p><p>Neben der Konsultation der Website oder der Mitarbeiter liegt es in der Eigenverantwortung des K\u00e4ufers, sich \u00fcber den Gebrauch, die Bedienung und m\u00f6gliche gesundheitliche Risiken des bestellten Produkts zu informieren (&#8222;Recherchepflicht&#8220;). Dutchmicrodosing haftet nicht f\u00fcr Sch\u00e4den, die durch unsachgem\u00e4\u00dfen oder illegalen Gebrauch der gelieferten Produkte entstehen.<\/p><p> <\/p><h3>LIEFERUNGEN AUSSERHALB DER NIEDERLANDE :<\/h3><p> <\/p><p>Alle von Dutchmicrodosing verkauften Produkte entsprechen der niederl\u00e4ndischen Gesetzgebung, darunter dem Opiumgesetz. Dutchmicrodosing kann keine 100 % zuverl\u00e4ssigen Informationen \u00fcber Verk\u00e4ufe und Lieferungen au\u00dferhalb der Niederlande geben. Der K\u00e4ufer des Produkts muss sich daher selbst \u00fcber die Rechtm\u00e4\u00dfigkeit der Einfuhr des Produkts informieren und f\u00fcr die Einhaltung der \u00f6rtlichen Gesetze und Zollvorschriften verantwortlich und rechtm\u00e4\u00dfig sein. Dutchmicrodosing ist nicht verantwortlich und\/oder haftbar f\u00fcr Bestellungen, die im Namen des K\u00e4ufers versandt werden, wenn sich herausstellt, dass das Produkt in dem Land, in das die Bestellung versandt wird, illegal ist. Dutchmicrodosing ist nicht verantwortlich f\u00fcr die Beschlagnahmung und\/oder Zerst\u00f6rung von Produkten durch den Zoll oder andere Beh\u00f6rden in dem Land, in das die Bestellung geliefert wurde, oder in L\u00e4ndern, die w\u00e4hrend des Transports passiert werden. Wenn das oben genannte festgestellt wird, erstattet Dutchmicrodosing dem K\u00e4ufer nicht die Kauf- und Versandkosten und (jeglichen) Schadensersatz. Die Verantwortung liegt beim K\u00e4ufer ab dem Zeitpunkt der Bestellung.<\/p><p> <\/p><p>Mit der Nutzung unserer Website erkl\u00e4ren Sie sich mit diesem Haftungsausschluss einverstanden. Im Falle von Streitigkeiten zwischen Dutchmicrodosing und dem K\u00e4ufer in Bezug auf bei Dutchmicrodosing gekaufte Produkte gilt niederl\u00e4ndisches Recht.<\/p>\t\t\t\t\t\t\t\t<\/div>\n\t\t\t\t<\/div>\n\t\t\t\t\t<\/div>\n\t\t<\/div>\n\t\t\t\t\t<\/div>\n\t\t<\/section>\n\t\t\t\t<\/div>\n\t\t","protected":false},"excerpt":{"rendered":"<p>Haftungsausschluss Dutchmicrodosing Die Website und die Produkte von Dutchmicrodosing sind f\u00fcr Personen ab 18 Jahren bestimmt. Dutchmicrodosing weist darauf hin, dass Personen unter 18 Jahren keine Bestellungen aufgeben sollten. Dutchmicrodosing \u00fcbernimmt keine Haftung f\u00fcr die Folgen einer Bestellung, die von einer Person unter 18 Jahren aufgegeben wird. Alle von Dutchmicrodosing angebotenen Produkte sollten von Personen [&hellip;]<\/p>\n","protected":false},"author":10,"featured_media":0,"parent":0,"menu_order":0,"comment_status":"closed","ping_status":"closed","template":"","meta":{"footnotes":""},"class_list":["post-4399","page","type-page","status-publish","hentry"],"yoast_head":"<!-- This site is optimized with the Yoast SEO Premium plugin v26.4 (Yoast SEO v27.2) - https:\/\/yoast.com\/product\/yoast-seo-premium-wordpress\/ -->\n<title>Haftungsausschluss - Dutchmicrodosing<\/title>\n<meta name=\"description\" content=\"Lesen Sie den DutchMicrodosing Haftungsausschluss zu verantwortungsvoller Nutzung, rechtlichen Infos und Produkt-\/Website-Bedingungen.\" \/>\n<meta name=\"robots\" content=\"index, follow, max-snippet:-1, max-image-preview:large, max-video-preview:-1\" \/>\n<link rel=\"canonical\" href=\"https:\/\/dutchmicrodosing.com\/de\/haftungsausschluss\/\" \/>\n<meta property=\"og:locale\" content=\"de_DE\" \/>\n<meta property=\"og:type\" content=\"article\" \/>\n<meta property=\"og:title\" content=\"Haftungsausschluss\" \/>\n<meta property=\"og:description\" content=\"Haftungsausschluss DutchmicrodosingDie Website und die Produkte von Dutchmicrodosing sind f\u00fcr Personen ab 18 Jahren bestimmt. Dutchmicrodosing weist\" \/>\n<meta property=\"og:url\" content=\"https:\/\/dutchmicrodosing.com\/de\/haftungsausschluss\/\" \/>\n<meta property=\"og:site_name\" content=\"Dutchmicrodosing\" \/>\n<meta property=\"article:publisher\" content=\"https:\/\/www.facebook.com\/Dutchmicrodosingxp\/\" \/>\n<meta property=\"article:modified_time\" content=\"2025-10-20T20:51:51+00:00\" \/>\n<meta property=\"og:image\" content=\"https:\/\/dutchmicrodosing.com\/wp-content\/uploads\/2021\/01\/DM-Logo-2.jpg\" \/>\n\t<meta property=\"og:image:width\" content=\"425\" \/>\n\t<meta property=\"og:image:height\" content=\"232\" \/>\n\t<meta property=\"og:image:type\" content=\"image\/jpeg\" \/>\n<meta name=\"twitter:card\" content=\"summary_large_image\" \/>\n<script type=\"application\/ld+json\" class=\"yoast-schema-graph\">{\"@context\":\"https:\/\/schema.org\",\"@graph\":[{\"@type\":\"WebPage\",\"@id\":\"https:\/\/dutchmicrodosing.com\/de\/haftungsausschluss\/\",\"url\":\"https:\/\/dutchmicrodosing.com\/de\/haftungsausschluss\/\",\"name\":\"Haftungsausschluss - Dutchmicrodosing\",\"isPartOf\":{\"@id\":\"https:\/\/dutchmicrodosing.com\/de\/#website\"},\"datePublished\":\"2021-05-01T13:11:17+00:00\",\"dateModified\":\"2025-10-20T20:51:51+00:00\",\"description\":\"Lesen Sie den DutchMicrodosing Haftungsausschluss zu verantwortungsvoller Nutzung, rechtlichen Infos und Produkt-\/Website-Bedingungen.\",\"breadcrumb\":{\"@id\":\"https:\/\/dutchmicrodosing.com\/de\/haftungsausschluss\/#breadcrumb\"},\"inLanguage\":\"de\",\"potentialAction\":[{\"@type\":\"ReadAction\",\"target\":[\"https:\/\/dutchmicrodosing.com\/de\/haftungsausschluss\/\"]}]},{\"@type\":\"BreadcrumbList\",\"@id\":\"https:\/\/dutchmicrodosing.com\/de\/haftungsausschluss\/#breadcrumb\",\"itemListElement\":[{\"@type\":\"ListItem\",\"position\":1,\"name\":\"Home\",\"item\":\"https:\/\/dutchmicrodosing.com\/de\/\"},{\"@type\":\"ListItem\",\"position\":2,\"name\":\"Haftungsausschluss\"}]},{\"@type\":\"WebSite\",\"@id\":\"https:\/\/dutchmicrodosing.com\/de\/#website\",\"url\":\"https:\/\/dutchmicrodosing.com\/de\/\",\"name\":\"Dutchmicrodosing\",\"description\":\"\",\"publisher\":{\"@id\":\"https:\/\/dutchmicrodosing.com\/de\/#organization\"},\"potentialAction\":[{\"@type\":\"SearchAction\",\"target\":{\"@type\":\"EntryPoint\",\"urlTemplate\":\"https:\/\/dutchmicrodosing.com\/de\/?s={search_term_string}\"},\"query-input\":{\"@type\":\"PropertyValueSpecification\",\"valueRequired\":true,\"valueName\":\"search_term_string\"}}],\"inLanguage\":\"de\"},{\"@type\":\"Organization\",\"@id\":\"https:\/\/dutchmicrodosing.com\/de\/#organization\",\"name\":\"Dutchmicrodosing\",\"url\":\"https:\/\/dutchmicrodosing.com\/de\/\",\"logo\":{\"@type\":\"ImageObject\",\"inLanguage\":\"de\",\"@id\":\"https:\/\/dutchmicrodosing.com\/de\/#\/schema\/logo\/image\/\",\"url\":\"https:\/\/dutchmicrodosing.com\/wp-content\/uploads\/2021\/01\/microdosing-categorie-pic-nieuw.jpg\",\"contentUrl\":\"https:\/\/dutchmicrodosing.com\/wp-content\/uploads\/2021\/01\/microdosing-categorie-pic-nieuw.jpg\",\"width\":500,\"height\":500,\"caption\":\"Dutchmicrodosing\"},\"image\":{\"@id\":\"https:\/\/dutchmicrodosing.com\/de\/#\/schema\/logo\/image\/\"},\"sameAs\":[\"https:\/\/www.facebook.com\/Dutchmicrodosingxp\/\",\"https:\/\/www.instagram.com\/dutchmicrodosing\/\"]}]}<\/script>\n<!-- \/ Yoast SEO Premium plugin. -->","yoast_head_json":{"title":"Haftungsausschluss - Dutchmicrodosing","description":"Lesen Sie den DutchMicrodosing Haftungsausschluss zu verantwortungsvoller Nutzung, rechtlichen Infos und Produkt-\/Website-Bedingungen.","robots":{"index":"index","follow":"follow","max-snippet":"max-snippet:-1","max-image-preview":"max-image-preview:large","max-video-preview":"max-video-preview:-1"},"canonical":"https:\/\/dutchmicrodosing.com\/de\/haftungsausschluss\/","og_locale":"de_DE","og_type":"article","og_title":"Haftungsausschluss","og_description":"Haftungsausschluss DutchmicrodosingDie Website und die Produkte von Dutchmicrodosing sind f\u00fcr Personen ab 18 Jahren bestimmt. Dutchmicrodosing weist","og_url":"https:\/\/dutchmicrodosing.com\/de\/haftungsausschluss\/","og_site_name":"Dutchmicrodosing","article_publisher":"https:\/\/www.facebook.com\/Dutchmicrodosingxp\/","article_modified_time":"2025-10-20T20:51:51+00:00","og_image":[{"width":425,"height":232,"url":"https:\/\/dutchmicrodosing.com\/wp-content\/uploads\/2021\/01\/DM-Logo-2.jpg","type":"image\/jpeg"}],"twitter_card":"summary_large_image","schema":{"@context":"https:\/\/schema.org","@graph":[{"@type":"WebPage","@id":"https:\/\/dutchmicrodosing.com\/de\/haftungsausschluss\/","url":"https:\/\/dutchmicrodosing.com\/de\/haftungsausschluss\/","name":"Haftungsausschluss - Dutchmicrodosing","isPartOf":{"@id":"https:\/\/dutchmicrodosing.com\/de\/#website"},"datePublished":"2021-05-01T13:11:17+00:00","dateModified":"2025-10-20T20:51:51+00:00","description":"Lesen Sie den DutchMicrodosing Haftungsausschluss zu verantwortungsvoller Nutzung, rechtlichen Infos und Produkt-\/Website-Bedingungen.","breadcrumb":{"@id":"https:\/\/dutchmicrodosing.com\/de\/haftungsausschluss\/#breadcrumb"},"inLanguage":"de","potentialAction":[{"@type":"ReadAction","target":["https:\/\/dutchmicrodosing.com\/de\/haftungsausschluss\/"]}]},{"@type":"BreadcrumbList","@id":"https:\/\/dutchmicrodosing.com\/de\/haftungsausschluss\/#breadcrumb","itemListElement":[{"@type":"ListItem","position":1,"name":"Home","item":"https:\/\/dutchmicrodosing.com\/de\/"},{"@type":"ListItem","position":2,"name":"Haftungsausschluss"}]},{"@type":"WebSite","@id":"https:\/\/dutchmicrodosing.com\/de\/#website","url":"https:\/\/dutchmicrodosing.com\/de\/","name":"Dutchmicrodosing","description":"","publisher":{"@id":"https:\/\/dutchmicrodosing.com\/de\/#organization"},"potentialAction":[{"@type":"SearchAction","target":{"@type":"EntryPoint","urlTemplate":"https:\/\/dutchmicrodosing.com\/de\/?s={search_term_string}"},"query-input":{"@type":"PropertyValueSpecification","valueRequired":true,"valueName":"search_term_string"}}],"inLanguage":"de"},{"@type":"Organization","@id":"https:\/\/dutchmicrodosing.com\/de\/#organization","name":"Dutchmicrodosing","url":"https:\/\/dutchmicrodosing.com\/de\/","logo":{"@type":"ImageObject","inLanguage":"de","@id":"https:\/\/dutchmicrodosing.com\/de\/#\/schema\/logo\/image\/","url":"https:\/\/dutchmicrodosing.com\/wp-content\/uploads\/2021\/01\/microdosing-categorie-pic-nieuw.jpg","contentUrl":"https:\/\/dutchmicrodosing.com\/wp-content\/uploads\/2021\/01\/microdosing-categorie-pic-nieuw.jpg","width":500,"height":500,"caption":"Dutchmicrodosing"},"image":{"@id":"https:\/\/dutchmicrodosing.com\/de\/#\/schema\/logo\/image\/"},"sameAs":["https:\/\/www.facebook.com\/Dutchmicrodosingxp\/","https:\/\/www.instagram.com\/dutchmicrodosing\/"]}]}},"_links":{"self":[{"href":"https:\/\/dutchmicrodosing.com\/de\/wp-json\/wp\/v2\/pages\/4399","targetHints":{"allow":["GET"]}}],"collection":[{"href":"https:\/\/dutchmicrodosing.com\/de\/wp-json\/wp\/v2\/pages"}],"about":[{"href":"https:\/\/dutchmicrodosing.com\/de\/wp-json\/wp\/v2\/types\/page"}],"author":[{"embeddable":true,"href":"https:\/\/dutchmicrodosing.com\/de\/wp-json\/wp\/v2\/users\/10"}],"replies":[{"embeddable":true,"href":"https:\/\/dutchmicrodosing.com\/de\/wp-json\/wp\/v2\/comments?post=4399"}],"version-history":[{"count":0,"href":"https:\/\/dutchmicrodosing.com\/de\/wp-json\/wp\/v2\/pages\/4399\/revisions"}],"wp:attachment":[{"href":"https:\/\/dutchmicrodosing.com\/de\/wp-json\/wp\/v2\/media?parent=4399"}],"curies":[{"name":"wp","href":"https:\/\/api.w.org\/{rel}","templated":true}]}}