{"id":4406,"date":"2021-05-01T13:11:35","date_gmt":"2021-05-01T13:11:35","guid":{"rendered":"https:\/\/dutchmicrodosing.com\/persoenlichkeit\/"},"modified":"2025-10-20T22:51:49","modified_gmt":"2025-10-20T20:51:49","slug":"persoenlichkeit","status":"publish","type":"page","link":"https:\/\/dutchmicrodosing.com\/de\/persoenlichkeit\/","title":{"rendered":"Pers\u00f6nlichkeit"},"content":{"rendered":"\t\t<div data-elementor-type=\"wp-page\" data-elementor-id=\"4406\" class=\"elementor elementor-4406 elementor-376\" data-elementor-post-type=\"page\">\n\t\t\t\t\t\t<section class=\"elementor-section elementor-top-section elementor-element elementor-element-b585f78 elementor-section-boxed elementor-section-height-default elementor-section-height-default\" data-id=\"b585f78\" data-element_type=\"section\" data-e-type=\"section\">\n\t\t\t\t\t\t<div class=\"elementor-container elementor-column-gap-default\">\n\t\t\t\t\t<div class=\"elementor-column elementor-col-100 elementor-top-column elementor-element elementor-element-18463c0\" data-id=\"18463c0\" data-element_type=\"column\" data-e-type=\"column\">\n\t\t\t<div class=\"elementor-widget-wrap elementor-element-populated\">\n\t\t\t\t\t\t<div class=\"elementor-element elementor-element-33941b3 elementor--h-position-center elementor--v-position-middle elementor-arrows-position-inside elementor-pagination-position-inside elementor-widget elementor-widget-slides\" data-id=\"33941b3\" data-element_type=\"widget\" data-e-type=\"widget\" data-settings=\"{&quot;navigation&quot;:&quot;both&quot;,&quot;autoplay&quot;:&quot;yes&quot;,&quot;pause_on_hover&quot;:&quot;yes&quot;,&quot;pause_on_interaction&quot;:&quot;yes&quot;,&quot;autoplay_speed&quot;:5000,&quot;infinite&quot;:&quot;yes&quot;,&quot;transition&quot;:&quot;slide&quot;,&quot;transition_speed&quot;:500}\" data-widget_type=\"slides.default\">\n\t\t\t\t<div class=\"elementor-widget-container\">\n\t\t\t\t\t\t\t\t\t<div class=\"elementor-swiper\">\n\t\t\t\t\t<div class=\"elementor-slides-wrapper elementor-main-swiper swiper\" role=\"region\" aria-roledescription=\"carousel\" aria-label=\"Slides\" dir=\"ltr\" data-animation=\"fadeInUp\">\n\t\t\t\t<div class=\"swiper-wrapper elementor-slides\">\n\t\t\t\t\t\t\t\t\t\t<div class=\"elementor-repeater-item-b9603bc swiper-slide\" role=\"group\" aria-roledescription=\"slide\"><div class=\"swiper-slide-bg\" role=\"img\" aria-label=\"Tired woman with headache working with a laptop\"><\/div><div class=\"swiper-slide-inner\" ><div class=\"swiper-slide-contents\"><\/div><\/div><\/div>\t\t\t\t<\/div>\n\t\t\t\t\t\t\t<\/div>\n\t\t\t\t<\/div>\n\t\t\t\t\t\t\t\t<\/div>\n\t\t\t\t<\/div>\n\t\t\t\t\t<\/div>\n\t\t<\/div>\n\t\t\t\t\t<\/div>\n\t\t<\/section>\n\t\t\t\t<section class=\"elementor-section elementor-top-section elementor-element elementor-element-d100629 elementor-section-boxed elementor-section-height-default elementor-section-height-default\" data-id=\"d100629\" data-element_type=\"section\" data-e-type=\"section\">\n\t\t\t\t\t\t<div class=\"elementor-container elementor-column-gap-default\">\n\t\t\t\t\t<div class=\"elementor-column elementor-col-100 elementor-top-column elementor-element elementor-element-26eb0fb\" data-id=\"26eb0fb\" data-element_type=\"column\" data-e-type=\"column\">\n\t\t\t<div class=\"elementor-widget-wrap elementor-element-populated\">\n\t\t\t\t\t\t<div class=\"elementor-element elementor-element-4150db6 elementor-widget elementor-widget-heading\" data-id=\"4150db6\" data-element_type=\"widget\" data-e-type=\"widget\" data-widget_type=\"heading.default\">\n\t\t\t\t<div class=\"elementor-widget-container\">\n\t\t\t\t\t<h1 class=\"elementor-heading-title elementor-size-default\">Mikrodosierung und Pers\u00f6nlichkeit: Subtile Ver\u00e4nderungen f\u00fcr ein gr\u00f6\u00dferes Selbstbewusstsein<\/h1>\t\t\t\t<\/div>\n\t\t\t\t<\/div>\n\t\t\t\t\t<\/div>\n\t\t<\/div>\n\t\t\t\t\t<\/div>\n\t\t<\/section>\n\t\t\t\t<section class=\"elementor-section elementor-top-section elementor-element elementor-element-284ce49 elementor-section-boxed elementor-section-height-default elementor-section-height-default\" data-id=\"284ce49\" data-element_type=\"section\" data-e-type=\"section\">\n\t\t\t\t\t\t<div class=\"elementor-container elementor-column-gap-default\">\n\t\t\t\t\t<div class=\"elementor-column elementor-col-100 elementor-top-column elementor-element elementor-element-5299847\" data-id=\"5299847\" data-element_type=\"column\" data-e-type=\"column\">\n\t\t\t<div class=\"elementor-widget-wrap elementor-element-populated\">\n\t\t\t\t\t\t<div class=\"elementor-element elementor-element-68df442 elementor-widget elementor-widget-text-editor\" data-id=\"68df442\" data-element_type=\"widget\" data-e-type=\"widget\" data-widget_type=\"text-editor.default\">\n\t\t\t\t<div class=\"elementor-widget-container\">\n\t\t\t\t\t\t\t\t\t<p><span style=\"letter-spacing: 0.4px;\">Eine Mikrodosierung kann Ihre Pers\u00f6nlichkeit beeinflussen, ohne dass Sie sich drastisch ver\u00e4ndern oder ein v\u00f6llig anderer Mensch werden. Es hat vor allem subtile Auswirkungen darauf, wie Sie das Leben betrachten und wie Sie auf Situationen reagieren. Sie k\u00f6nnen zum Beispiel mehr Energie versp\u00fcren oder etwas weniger sch\u00fcchtern werden. Diese kleinen Ver\u00e4nderungen tragen oft dazu bei, dass Sie sich besser f\u00fchlen und mehr in Kontakt mit sich selbst kommen.<\/span><\/p><h2><span style=\"color: #061738; font-family: 'Barlow Condensed', sans-serif; font-size: 40px; letter-spacing: 0.4px; text-indent: 0cm; font-weight: bold; text-transform: capitalize;\">Psychische Beschwerden<\/span><\/h2><p>Die Einnahme von Mikrodosen psychedelischer Drogen gibt Ihnen die M\u00f6glichkeit, bestimmte Symptome zu behandeln, die Ihre psychische <a href=\"https:\/\/dutchmicrodosing.com\/de\/gesundheit\/\">Gesundheit<\/a> beeintr\u00e4chtigen k\u00f6nnen. Diese k\u00f6nnen mit Ihrer Pers\u00f6nlichkeit zu tun haben. Jemand, der sch\u00fcchtern ist, kann unter Angstzust\u00e4nden leiden. Mikrodosierung kann auch bei Depressionen, Stress oder einfach dem Gef\u00fchl, das Leben nicht gut bew\u00e4ltigen zu k\u00f6nnen, helfen.<\/p><p>Die Forschung zur Mikrodosierung wird noch nicht in gro\u00dfem Umfang betrieben. Und die Studien, die es gibt, sind oft auf bestimmte Beschwerden (zum Beispiel Schmerzen oder Depressionen) fokussiert. Es ist noch nicht bekannt, welchen Einfluss die Mikrodosierung auf die Pers\u00f6nlichkeit hat. Es ist klar, dass normale Dosen von psychedelischen Drogen einen erheblichen Einfluss darauf haben k\u00f6nnen. Ein Trip mit LSD oder Psilocybin kann zu starken Visualisierungen, fast religi\u00f6sen Erfahrungen und intensiven Emotionen f\u00fchren, die im Nachhinein eine Ver\u00e4nderung der Pers\u00f6nlichkeit bewirken k\u00f6nnen.<\/p><p>Eine Mikrodosis verursacht nicht diese Art von intensiver Erfahrung (und ist auch nicht daf\u00fcr gedacht). Sie werden nicht stolpern und keine weltbewegenden Wahrnehmungen haben. Aber wenn eine normale Dosis die Pers\u00f6nlichkeit beeintr\u00e4chtigen kann, ist es nicht verwunderlich, dass eine Mikrodosis auch die <a href=\"https:\/\/dutchmicrodosing.com\/de\/kognitive-funktionen\/\">kognitiven<\/a> Funktionen in irgendeiner Weise beeinflusst.<\/p><p><img fetchpriority=\"high\" decoding=\"async\" class=\"alignnone\" src=\"https:\/\/dutchmicrodosing.com\/wp-content\/uploads\/2023\/08\/side-view-man-covering-his-eyes-with-his-hands-scaled.jpg\" alt=\"Microdosing Pers\u00f6nlichkeit\" width=\"2560\" height=\"1440\"><\/p><h2 style=\"margin-left: 0cm; text-indent: 0cm; mso-list: l0 level2 lfo1;\">Die Auswirkungen der Mikrodosierung<\/h2><p>Wenn man die Leute nach den Wirkungen der Mikrodosierung fragt, geben sie an, dass sie haupts\u00e4chlich eine Verbesserung ihrer Stimmung und ihres Wohlbefindens bemerken. Sie sind kreativer und haben ein besseres Selbstwertgef\u00fchl. Sie f\u00fchlen sich mehr mit dem Leben verbunden, sind aufgeschlossener und ihr spirituelles Bewusstsein ist gr\u00f6\u00dfer. Sie k\u00f6nnten dies als Ver\u00e4nderungen in ihrer Pers\u00f6nlichkeit sehen.<\/p><p><a href=\"https:\/\/dutchmicrodosing.com\/de\/was-ist-mikrodosierung-2\/\">Die Mikrodosierung<\/a> ist daher f\u00fcr jeden geeignet, der eine Verbesserung seines Lebens gebrauchen kann. Denn meistens liegt es nicht an den Umst\u00e4nden, sondern daran, wie Sie mit den Ereignissen in Ihrem Leben umgehen. Wenn Sie unter d\u00fcsteren Stimmungen leiden, sich gestresst oder ungl\u00fccklich f\u00fchlen, kann Microdosing Ihre Lebenseinstellung ver\u00e4ndern.<\/p><p>Die Mikrodosierung k\u00f6nnte auch dabei helfen, schlechte Gewohnheiten zu durchbrechen. Oft entscheidet man sich f\u00fcr eine solche schlechte Angewohnheit (zu viel essen, rauchen, zu viel einkaufen), weil man sich nicht gut f\u00fchlt. Alleine ist es sehr schwer, aufzuh\u00f6ren. Mikrodosierung kann eine Hilfe sein. Es scheint, dass auch eine normale Menge an Psychedelika diese Wirkung hat und eine gr\u00f6\u00dfere Flexibilit\u00e4t oder <a href=\"https:\/\/dutchmicrodosing.com\/de\/kreativitaet\/\">Kreativit\u00e4t<\/a> im Denken und Verhalten f\u00f6rdert. Es ist nicht klar, ob die Wirkung bei Mikrodosierung dieselbe ist.<\/p><h2 style=\"margin-left: 0cm; text-indent: 0cm; mso-list: l0 level2 lfo1;\">Mikrodosierung und Pers\u00f6nlichkeit: Was sagen die Studien?<\/h2><p>Ein Neurowissenschaftler, der sich mit den Auswirkungen von Mikrodosierungen auf das Gehirn besch\u00e4ftigt, ist David Olsen (University of California). Er verabreichte Ratten wiederholt eine Mikrodosis DMT (Dimethyltryptamin, die psychedelische Substanz in z.B. Ayahuasca). Es schien einen positiven Einfluss auf depressive Symptome zu haben. Die Ratten wurden in einen Tank mit Wasser gesetzt, aus dem sie nicht entkommen konnten. Die Ratten, denen DMT verabreicht worden war, versuchten immer wieder, einen Ausweg zu finden und schwammen weiter. Ratten, die nicht behandelt wurden, gaben auf und hielten sich \u00fcber Wasser.<\/p><p>Olsen glaubt, dass die Wirkung von DMT und anderen Psychedelika auf depressive Symptome daher kommt, dass sie die Neuroplastizit\u00e4t stimulieren. Das bedeutet also, dass das Gehirn flexibler wird. In der Tat zeigen seine Studien, dass psychedelische Drogen die Bildung neuer neuronaler Verbindungen f\u00f6rdern.<\/p><p><img decoding=\"async\" src=\"https:\/\/dutchmicrodosing.com\/wp-content\/uploads\/2023\/08\/ayahuasca-brew.jpg\" alt=\"\" width=\"1920\" height=\"1080\"><\/p><h2 style=\"margin-left: 0cm; text-indent: 0cm; mso-list: l0 level3 lfo1;\">Mikrodosierung bei Angstzust\u00e4nden<\/h2><p>Die Verwendung von Mikrodosen bei <a href=\"https:\/\/doubleblindmag.com\/what-you-should-know-about-microdosing-for-anxiety\/\">Angstzust\u00e4nden<\/a> ist ein Beispiel daf\u00fcr. Angstzust\u00e4nde werden oft als Nebenwirkung der Mikrodosierung genannt. Es w\u00e4re sch\u00f6n, wenn Sie gegen Angstzust\u00e4nde mikrodosieren k\u00f6nnten. \u00c4ngste haben eine hemmende Wirkung und k\u00f6nnen Sie in Ihren Aktivit\u00e4ten einschr\u00e4nken. Es scheint jedoch, dass eine Mikrodosierung bei Angstzust\u00e4nden nicht immer eine gute Idee ist.<\/p><p>James Fadiman hat die Erfahrungen von Mikrodosierern eingehend untersucht. Viele Anwender nahmen LSD, um Angstzust\u00e4nde zu behandeln. Aber es stellte sich heraus, dass die Nutzer, die Mikrodosen gerade zur Reduzierung ihrer Angst nahmen, die meisten Probleme hatten. Bei manchen Menschen nahm die Angst sogar zu.<\/p><p>Es wurde eine Studie \u00fcber den Einfluss von <a href=\"https:\/\/pubs.acs.org\/doi\/10.1021\/acschemneuro.8b00692\">Mikrodosen von<\/a> DMT zur Behandlung von Angstzust\u00e4nden und Depressionen durchgef\u00fchrt. Lindsey Cameron von der University of California Davis ver\u00f6ffentlichte 2019 die Ergebnisse ihrer Forschung. Auch diese Studie wurde an Ratten durchgef\u00fchrt. Die Ratten wurden in Situationen gebracht, die sie \u00e4ngstlich machen und depressives Verhalten ausl\u00f6sen sollten. Sie bekamen \u00fcber mehrere Monate Mikrodosen von DMT. Die Studie ergab, dass DMT \u00e4ngstliche und depressive Verhaltensweisen w\u00e4hrend stressausl\u00f6sender Ereignisse reduziert.<\/p>\t\t\t\t\t\t\t\t<\/div>\n\t\t\t\t<\/div>\n\t\t\t\t\t<\/div>\n\t\t<\/div>\n\t\t\t\t\t<\/div>\n\t\t<\/section>\n\t\t\t\t<\/div>\n\t\t","protected":false},"excerpt":{"rendered":"<p>Mikrodosierung und Pers\u00f6nlichkeit: Subtile Ver\u00e4nderungen f\u00fcr ein gr\u00f6\u00dferes Selbstbewusstsein Eine Mikrodosierung kann Ihre Pers\u00f6nlichkeit beeinflussen, ohne dass Sie sich drastisch ver\u00e4ndern oder ein v\u00f6llig anderer Mensch werden. Es hat vor allem subtile Auswirkungen darauf, wie Sie das Leben betrachten und wie Sie auf Situationen reagieren. Sie k\u00f6nnen zum Beispiel mehr Energie versp\u00fcren oder etwas weniger [&hellip;]<\/p>\n","protected":false},"author":10,"featured_media":0,"parent":0,"menu_order":0,"comment_status":"closed","ping_status":"closed","template":"","meta":{"footnotes":""},"class_list":["post-4406","page","type-page","status-publish","hentry"],"yoast_head":"<!-- This site is optimized with the Yoast SEO Premium plugin v26.4 (Yoast SEO v27.2) - https:\/\/yoast.com\/product\/yoast-seo-premium-wordpress\/ -->\n<title>DutchMicrodosing | Einfluss von Microdosing auf die Pers\u00f6nlichkeit<\/title>\n<meta name=\"description\" content=\"Microdosing Pers\u00f6nlichkeit: Entdecken Sie, wie kleine Dosen von Psychedelika Ihren Charakter und Ihr pers\u00f6nliches Wachstum beeinflussen k\u00f6nnen.\" \/>\n<meta name=\"robots\" content=\"index, follow, max-snippet:-1, max-image-preview:large, max-video-preview:-1\" \/>\n<link rel=\"canonical\" href=\"https:\/\/dutchmicrodosing.com\/de\/persoenlichkeit\/\" \/>\n<meta property=\"og:locale\" content=\"de_DE\" \/>\n<meta property=\"og:type\" content=\"article\" \/>\n<meta property=\"og:title\" content=\"Pers\u00f6nlichkeit\" \/>\n<meta property=\"og:description\" content=\"Mikrodosierung und Pers\u00f6nlichkeit: Subtile Ver\u00e4nderungen f\u00fcr ein gr\u00f6\u00dferes Selbstbewusstsein Eine Mikrodosierung kann Ihre Pers\u00f6nlichkeit beeinflussen,\" \/>\n<meta property=\"og:url\" content=\"https:\/\/dutchmicrodosing.com\/de\/persoenlichkeit\/\" \/>\n<meta property=\"og:site_name\" content=\"Dutchmicrodosing\" \/>\n<meta property=\"article:publisher\" content=\"https:\/\/www.facebook.com\/Dutchmicrodosingxp\/\" \/>\n<meta property=\"article:modified_time\" content=\"2025-10-20T20:51:49+00:00\" \/>\n<meta property=\"og:image\" content=\"https:\/\/dutchmicrodosing.com\/wp-content\/uploads\/2023\/08\/side-view-man-covering-his-eyes-with-his-hands-scaled.jpg\" \/>\n<meta name=\"twitter:card\" content=\"summary_large_image\" \/>\n<script type=\"application\/ld+json\" class=\"yoast-schema-graph\">{\"@context\":\"https:\/\/schema.org\",\"@graph\":[{\"@type\":\"WebPage\",\"@id\":\"https:\/\/dutchmicrodosing.com\/de\/persoenlichkeit\/\",\"url\":\"https:\/\/dutchmicrodosing.com\/de\/persoenlichkeit\/\",\"name\":\"DutchMicrodosing | Einfluss von Microdosing auf die Pers\u00f6nlichkeit\",\"isPartOf\":{\"@id\":\"https:\/\/dutchmicrodosing.com\/de\/#website\"},\"primaryImageOfPage\":{\"@id\":\"https:\/\/dutchmicrodosing.com\/de\/persoenlichkeit\/#primaryimage\"},\"image\":{\"@id\":\"https:\/\/dutchmicrodosing.com\/de\/persoenlichkeit\/#primaryimage\"},\"thumbnailUrl\":\"https:\/\/dutchmicrodosing.com\/wp-content\/uploads\/2023\/08\/side-view-man-covering-his-eyes-with-his-hands-scaled.jpg\",\"datePublished\":\"2021-05-01T13:11:35+00:00\",\"dateModified\":\"2025-10-20T20:51:49+00:00\",\"description\":\"Microdosing Pers\u00f6nlichkeit: Entdecken Sie, wie kleine Dosen von Psychedelika Ihren Charakter und Ihr pers\u00f6nliches Wachstum beeinflussen k\u00f6nnen.\",\"breadcrumb\":{\"@id\":\"https:\/\/dutchmicrodosing.com\/de\/persoenlichkeit\/#breadcrumb\"},\"inLanguage\":\"de\",\"potentialAction\":[{\"@type\":\"ReadAction\",\"target\":[\"https:\/\/dutchmicrodosing.com\/de\/persoenlichkeit\/\"]}]},{\"@type\":\"ImageObject\",\"inLanguage\":\"de\",\"@id\":\"https:\/\/dutchmicrodosing.com\/de\/persoenlichkeit\/#primaryimage\",\"url\":\"https:\/\/dutchmicrodosing.com\/wp-content\/uploads\/2023\/08\/side-view-man-covering-his-eyes-with-his-hands-scaled.jpg\",\"contentUrl\":\"https:\/\/dutchmicrodosing.com\/wp-content\/uploads\/2023\/08\/side-view-man-covering-his-eyes-with-his-hands-scaled.jpg\"},{\"@type\":\"BreadcrumbList\",\"@id\":\"https:\/\/dutchmicrodosing.com\/de\/persoenlichkeit\/#breadcrumb\",\"itemListElement\":[{\"@type\":\"ListItem\",\"position\":1,\"name\":\"Home\",\"item\":\"https:\/\/dutchmicrodosing.com\/de\/\"},{\"@type\":\"ListItem\",\"position\":2,\"name\":\"Pers\u00f6nlichkeit\"}]},{\"@type\":\"WebSite\",\"@id\":\"https:\/\/dutchmicrodosing.com\/de\/#website\",\"url\":\"https:\/\/dutchmicrodosing.com\/de\/\",\"name\":\"Dutchmicrodosing\",\"description\":\"\",\"publisher\":{\"@id\":\"https:\/\/dutchmicrodosing.com\/de\/#organization\"},\"potentialAction\":[{\"@type\":\"SearchAction\",\"target\":{\"@type\":\"EntryPoint\",\"urlTemplate\":\"https:\/\/dutchmicrodosing.com\/de\/?s={search_term_string}\"},\"query-input\":{\"@type\":\"PropertyValueSpecification\",\"valueRequired\":true,\"valueName\":\"search_term_string\"}}],\"inLanguage\":\"de\"},{\"@type\":\"Organization\",\"@id\":\"https:\/\/dutchmicrodosing.com\/de\/#organization\",\"name\":\"Dutchmicrodosing\",\"url\":\"https:\/\/dutchmicrodosing.com\/de\/\",\"logo\":{\"@type\":\"ImageObject\",\"inLanguage\":\"de\",\"@id\":\"https:\/\/dutchmicrodosing.com\/de\/#\/schema\/logo\/image\/\",\"url\":\"https:\/\/dutchmicrodosing.com\/wp-content\/uploads\/2021\/01\/microdosing-categorie-pic-nieuw.jpg\",\"contentUrl\":\"https:\/\/dutchmicrodosing.com\/wp-content\/uploads\/2021\/01\/microdosing-categorie-pic-nieuw.jpg\",\"width\":500,\"height\":500,\"caption\":\"Dutchmicrodosing\"},\"image\":{\"@id\":\"https:\/\/dutchmicrodosing.com\/de\/#\/schema\/logo\/image\/\"},\"sameAs\":[\"https:\/\/www.facebook.com\/Dutchmicrodosingxp\/\",\"https:\/\/www.instagram.com\/dutchmicrodosing\/\"]}]}<\/script>\n<!-- \/ Yoast SEO Premium plugin. -->","yoast_head_json":{"title":"DutchMicrodosing | Einfluss von Microdosing auf die Pers\u00f6nlichkeit","description":"Microdosing Pers\u00f6nlichkeit: Entdecken Sie, wie kleine Dosen von Psychedelika Ihren Charakter und Ihr pers\u00f6nliches Wachstum beeinflussen k\u00f6nnen.","robots":{"index":"index","follow":"follow","max-snippet":"max-snippet:-1","max-image-preview":"max-image-preview:large","max-video-preview":"max-video-preview:-1"},"canonical":"https:\/\/dutchmicrodosing.com\/de\/persoenlichkeit\/","og_locale":"de_DE","og_type":"article","og_title":"Pers\u00f6nlichkeit","og_description":"Mikrodosierung und Pers\u00f6nlichkeit: Subtile Ver\u00e4nderungen f\u00fcr ein gr\u00f6\u00dferes Selbstbewusstsein Eine Mikrodosierung kann Ihre Pers\u00f6nlichkeit beeinflussen,","og_url":"https:\/\/dutchmicrodosing.com\/de\/persoenlichkeit\/","og_site_name":"Dutchmicrodosing","article_publisher":"https:\/\/www.facebook.com\/Dutchmicrodosingxp\/","article_modified_time":"2025-10-20T20:51:49+00:00","og_image":[{"url":"https:\/\/dutchmicrodosing.com\/wp-content\/uploads\/2023\/08\/side-view-man-covering-his-eyes-with-his-hands-scaled.jpg","type":"","width":"","height":""}],"twitter_card":"summary_large_image","schema":{"@context":"https:\/\/schema.org","@graph":[{"@type":"WebPage","@id":"https:\/\/dutchmicrodosing.com\/de\/persoenlichkeit\/","url":"https:\/\/dutchmicrodosing.com\/de\/persoenlichkeit\/","name":"DutchMicrodosing | Einfluss von Microdosing auf die Pers\u00f6nlichkeit","isPartOf":{"@id":"https:\/\/dutchmicrodosing.com\/de\/#website"},"primaryImageOfPage":{"@id":"https:\/\/dutchmicrodosing.com\/de\/persoenlichkeit\/#primaryimage"},"image":{"@id":"https:\/\/dutchmicrodosing.com\/de\/persoenlichkeit\/#primaryimage"},"thumbnailUrl":"https:\/\/dutchmicrodosing.com\/wp-content\/uploads\/2023\/08\/side-view-man-covering-his-eyes-with-his-hands-scaled.jpg","datePublished":"2021-05-01T13:11:35+00:00","dateModified":"2025-10-20T20:51:49+00:00","description":"Microdosing Pers\u00f6nlichkeit: Entdecken Sie, wie kleine Dosen von Psychedelika Ihren Charakter und Ihr pers\u00f6nliches Wachstum beeinflussen k\u00f6nnen.","breadcrumb":{"@id":"https:\/\/dutchmicrodosing.com\/de\/persoenlichkeit\/#breadcrumb"},"inLanguage":"de","potentialAction":[{"@type":"ReadAction","target":["https:\/\/dutchmicrodosing.com\/de\/persoenlichkeit\/"]}]},{"@type":"ImageObject","inLanguage":"de","@id":"https:\/\/dutchmicrodosing.com\/de\/persoenlichkeit\/#primaryimage","url":"https:\/\/dutchmicrodosing.com\/wp-content\/uploads\/2023\/08\/side-view-man-covering-his-eyes-with-his-hands-scaled.jpg","contentUrl":"https:\/\/dutchmicrodosing.com\/wp-content\/uploads\/2023\/08\/side-view-man-covering-his-eyes-with-his-hands-scaled.jpg"},{"@type":"BreadcrumbList","@id":"https:\/\/dutchmicrodosing.com\/de\/persoenlichkeit\/#breadcrumb","itemListElement":[{"@type":"ListItem","position":1,"name":"Home","item":"https:\/\/dutchmicrodosing.com\/de\/"},{"@type":"ListItem","position":2,"name":"Pers\u00f6nlichkeit"}]},{"@type":"WebSite","@id":"https:\/\/dutchmicrodosing.com\/de\/#website","url":"https:\/\/dutchmicrodosing.com\/de\/","name":"Dutchmicrodosing","description":"","publisher":{"@id":"https:\/\/dutchmicrodosing.com\/de\/#organization"},"potentialAction":[{"@type":"SearchAction","target":{"@type":"EntryPoint","urlTemplate":"https:\/\/dutchmicrodosing.com\/de\/?s={search_term_string}"},"query-input":{"@type":"PropertyValueSpecification","valueRequired":true,"valueName":"search_term_string"}}],"inLanguage":"de"},{"@type":"Organization","@id":"https:\/\/dutchmicrodosing.com\/de\/#organization","name":"Dutchmicrodosing","url":"https:\/\/dutchmicrodosing.com\/de\/","logo":{"@type":"ImageObject","inLanguage":"de","@id":"https:\/\/dutchmicrodosing.com\/de\/#\/schema\/logo\/image\/","url":"https:\/\/dutchmicrodosing.com\/wp-content\/uploads\/2021\/01\/microdosing-categorie-pic-nieuw.jpg","contentUrl":"https:\/\/dutchmicrodosing.com\/wp-content\/uploads\/2021\/01\/microdosing-categorie-pic-nieuw.jpg","width":500,"height":500,"caption":"Dutchmicrodosing"},"image":{"@id":"https:\/\/dutchmicrodosing.com\/de\/#\/schema\/logo\/image\/"},"sameAs":["https:\/\/www.facebook.com\/Dutchmicrodosingxp\/","https:\/\/www.instagram.com\/dutchmicrodosing\/"]}]}},"_links":{"self":[{"href":"https:\/\/dutchmicrodosing.com\/de\/wp-json\/wp\/v2\/pages\/4406","targetHints":{"allow":["GET"]}}],"collection":[{"href":"https:\/\/dutchmicrodosing.com\/de\/wp-json\/wp\/v2\/pages"}],"about":[{"href":"https:\/\/dutchmicrodosing.com\/de\/wp-json\/wp\/v2\/types\/page"}],"author":[{"embeddable":true,"href":"https:\/\/dutchmicrodosing.com\/de\/wp-json\/wp\/v2\/users\/10"}],"replies":[{"embeddable":true,"href":"https:\/\/dutchmicrodosing.com\/de\/wp-json\/wp\/v2\/comments?post=4406"}],"version-history":[{"count":0,"href":"https:\/\/dutchmicrodosing.com\/de\/wp-json\/wp\/v2\/pages\/4406\/revisions"}],"wp:attachment":[{"href":"https:\/\/dutchmicrodosing.com\/de\/wp-json\/wp\/v2\/media?parent=4406"}],"curies":[{"name":"wp","href":"https:\/\/api.w.org\/{rel}","templated":true}]}}