{"id":4412,"date":"2021-05-01T13:12:06","date_gmt":"2021-05-01T13:12:06","guid":{"rendered":"https:\/\/dutchmicrodosing.com\/gesundheit\/"},"modified":"2025-10-20T22:51:48","modified_gmt":"2025-10-20T20:51:48","slug":"gesundheit","status":"publish","type":"page","link":"https:\/\/dutchmicrodosing.com\/de\/gesundheit\/","title":{"rendered":"Gesundheit"},"content":{"rendered":"\t\t<div data-elementor-type=\"wp-page\" data-elementor-id=\"4412\" class=\"elementor elementor-4412 elementor-373\" data-elementor-post-type=\"page\">\n\t\t\t\t\t\t<section class=\"elementor-section elementor-top-section elementor-element elementor-element-2a60fa8 elementor-section-boxed elementor-section-height-default elementor-section-height-default\" data-id=\"2a60fa8\" data-element_type=\"section\" data-e-type=\"section\">\n\t\t\t\t\t\t<div class=\"elementor-container elementor-column-gap-default\">\n\t\t\t\t\t<div class=\"elementor-column elementor-col-100 elementor-top-column elementor-element elementor-element-4d47990\" data-id=\"4d47990\" data-element_type=\"column\" data-e-type=\"column\">\n\t\t\t<div class=\"elementor-widget-wrap elementor-element-populated\">\n\t\t\t\t\t\t<div class=\"elementor-element elementor-element-b63197a elementor--h-position-center elementor--v-position-middle elementor-arrows-position-inside elementor-pagination-position-inside elementor-widget elementor-widget-slides\" data-id=\"b63197a\" data-element_type=\"widget\" data-e-type=\"widget\" data-settings=\"{&quot;navigation&quot;:&quot;both&quot;,&quot;autoplay&quot;:&quot;yes&quot;,&quot;pause_on_hover&quot;:&quot;yes&quot;,&quot;pause_on_interaction&quot;:&quot;yes&quot;,&quot;autoplay_speed&quot;:5000,&quot;infinite&quot;:&quot;yes&quot;,&quot;transition&quot;:&quot;slide&quot;,&quot;transition_speed&quot;:500}\" data-widget_type=\"slides.default\">\n\t\t\t\t<div class=\"elementor-widget-container\">\n\t\t\t\t\t\t\t\t\t<div class=\"elementor-swiper\">\n\t\t\t\t\t<div class=\"elementor-slides-wrapper elementor-main-swiper swiper\" role=\"region\" aria-roledescription=\"carousel\" aria-label=\"Slides\" dir=\"ltr\" data-animation=\"fadeInUp\">\n\t\t\t\t<div class=\"swiper-wrapper elementor-slides\">\n\t\t\t\t\t\t\t\t\t\t<div class=\"elementor-repeater-item-f0113e1 swiper-slide\" role=\"group\" aria-roledescription=\"slide\"><div class=\"swiper-slide-bg\" role=\"img\" aria-label=\"nature. sunset in the woods\"><\/div><div class=\"swiper-slide-inner\" ><div class=\"swiper-slide-contents\"><\/div><\/div><\/div>\t\t\t\t<\/div>\n\t\t\t\t\t\t\t<\/div>\n\t\t\t\t<\/div>\n\t\t\t\t\t\t\t\t<\/div>\n\t\t\t\t<\/div>\n\t\t\t\t\t<\/div>\n\t\t<\/div>\n\t\t\t\t\t<\/div>\n\t\t<\/section>\n\t\t\t\t<section class=\"elementor-section elementor-top-section elementor-element elementor-element-4714d75 elementor-section-boxed elementor-section-height-default elementor-section-height-default\" data-id=\"4714d75\" data-element_type=\"section\" data-e-type=\"section\">\n\t\t\t\t\t\t<div class=\"elementor-container elementor-column-gap-default\">\n\t\t\t\t\t<div class=\"elementor-column elementor-col-100 elementor-top-column elementor-element elementor-element-9598663\" data-id=\"9598663\" data-element_type=\"column\" data-e-type=\"column\">\n\t\t\t<div class=\"elementor-widget-wrap elementor-element-populated\">\n\t\t\t\t\t\t<div class=\"elementor-element elementor-element-e714dc6 elementor-widget elementor-widget-heading\" data-id=\"e714dc6\" data-element_type=\"widget\" data-e-type=\"widget\" data-widget_type=\"heading.default\">\n\t\t\t\t<div class=\"elementor-widget-container\">\n\t\t\t\t\t<h1 class=\"elementor-heading-title elementor-size-default\">Welcher Zusammenhang besteht zwischen Mikrodosierung und Gesundheit?<\/h1>\t\t\t\t<\/div>\n\t\t\t\t<\/div>\n\t\t\t\t\t<\/div>\n\t\t<\/div>\n\t\t\t\t\t<\/div>\n\t\t<\/section>\n\t\t\t\t<section class=\"elementor-section elementor-top-section elementor-element elementor-element-b3cf1b8 elementor-section-boxed elementor-section-height-default elementor-section-height-default\" data-id=\"b3cf1b8\" data-element_type=\"section\" data-e-type=\"section\">\n\t\t\t\t\t\t<div class=\"elementor-container elementor-column-gap-default\">\n\t\t\t\t\t<div class=\"elementor-column elementor-col-100 elementor-top-column elementor-element elementor-element-4c6f783\" data-id=\"4c6f783\" data-element_type=\"column\" data-e-type=\"column\">\n\t\t\t<div class=\"elementor-widget-wrap elementor-element-populated\">\n\t\t\t\t\t\t<div class=\"elementor-element elementor-element-c6f6e27 elementor-widget elementor-widget-text-editor\" data-id=\"c6f6e27\" data-element_type=\"widget\" data-e-type=\"widget\" data-widget_type=\"text-editor.default\">\n\t\t\t\t<div class=\"elementor-widget-container\">\n\t\t\t\t\t\t\t\t\t<p>Immer mehr Menschen fragen sich, ob Mikrodosierung die Gesundheit beeinflussen und bestimmte Symptome lindern kann. Beim Microdosing wird eine sehr kleine Menge einer psychedelischen Substanz eingenommen. Sie bemerken subtile Vorteile, erleben aber keine halluzinogenen Effekte. Die Forschung zeigt, dass sich Mikrodosierungen positiv auf die Gesundheit auswirken k\u00f6nnen, zum Beispiel bei Beschwerden wie Migr\u00e4ne, Depressionen und Stress.<\/p><h2 style=\"margin-left: 0cm; text-indent: 0cm; mso-list: l0 level2 lfo1;\">Mikrodosierung von Cannabis bei Schmerzen<\/h2><p>THC ist die Komponente in Weed, die Sie high macht. Wenn Sie jedoch Mikrodosen davon einnehmen, k\u00f6nnte es chronische Schmerzen lindern. Das israelische Unternehmen Seqe Medical hat dies <a href=\"https:\/\/onlinelibrary.wiley.com\/doi\/10.1002\/ejp.1605\">untersucht<\/a>. Die Teilnehmer inhalierten sehr genau abgemessene Mikrodosen von THC. Es scheint, dass diese kleinen Dosen (500 Mikrogramm THC wurden inhaliert) chronische Schmerzen deutlich lindern k\u00f6nnen. Die Schmerzreduktion wurde anhand von Zahlen gemessen und die Reduktion hielt f\u00fcr mindestens 150 Minuten an. Die Teilnehmer erlitten keine negativen Auswirkungen auf ihre <a href=\"https:\/\/dutchmicrodosing.com\/de\/kognitive-funktionen\/\">kognitiven F\u00e4higkeiten<\/a>. Die Studie wurde doppelblind mit Placebo durchgef\u00fchrt.<\/p><h2 style=\"margin-left: 0cm; text-indent: 0cm; mso-list: l0 level2 lfo1;\">Die Vorteile im Stressfall<\/h2><p><img fetchpriority=\"high\" decoding=\"async\" class=\"alignnone\" src=\"https:\/\/dutchmicrodosing.com\/wp-content\/uploads\/2023\/08\/frustrated-young-woman-having-terrible-headache-keeping-hands-head-frowning-her-face-with-pain-looking-unhappy-stressful-female-student-despair-having-stressful-situation-university-scaled.jpg\" alt=\"Mikrodosierung und Gesundheit\" width=\"2560\" height=\"1707\"><\/p><p><span style=\"letter-spacing: 0.4px;\" data-start=\"195\" data-end=\"261\">Stress kann erhebliche Auswirkungen auf K\u00f6rper und Geist haben.<\/span><span style=\"letter-spacing: 0.4px;\">  Viele Menschen, die unter Stress leiden, sind \u00e4ngstlich, regen sich viel auf und leiden unter Symptomen wie Bluthochdruck, Schlaflosigkeit und Kopfschmerzen. Die Mikrodosierung wird zunehmend als m\u00f6gliche Unterst\u00fctzung f\u00fcr diese Art von Beschwerden genannt. Im Zusammenhang mit Mikrodosierung und Gesundheit sehen wir, dass sie den Menschen helfen kann, sich besser zu konzentrieren, weniger Spannungen zu erleben und besser im Moment zu leben. Dank seiner schmerzlindernden Eigenschaften kann er auch Kopfschmerzen lindern. Viele Anwender berichten, dass sie sich mehr im &#8222;Jetzt&#8220; f\u00fchlen und sich daher weniger mit der Vergangenheit oder der Zukunft besch\u00e4ftigen. Dies tr\u00e4gt zu einem besseren allgemeinen Wohlbefinden bei.<\/span><\/p><p><span style=\"color: #061738; font-family: 'Barlow Condensed', sans-serif; font-size: 35px; font-weight: bold; letter-spacing: 0.5px; text-indent: 0cm; text-transform: capitalize;\">Depression<\/span><\/p><p><img decoding=\"async\" class=\"alignnone\" src=\"https:\/\/dutchmicrodosing.com\/wp-content\/uploads\/2023\/08\/face-expressions-illustrations-emotions-feelings-1-scaled.jpg\" alt=\"Mikrodosierung und Gesundheit Depression\" width=\"2560\" height=\"1709\"><\/p><p>Es gibt immer mehr Beweise, dass Magic Mushrooms bei schweren Depressionen helfen k\u00f6nnen. Es gibt noch nicht viele wissenschaftliche Untersuchungen dazu. Aber zum Beispiel erz\u00e4hlt Erica Avey in einem Interview mit dem <a href=\"https:\/\/www.theguardian.com\/science\/2018\/sep\/01\/it-lifted-me-out-of-depression-is-microdosing-good-for-your-mind\">Guardian<\/a> im Jahr 2018, wie sie Mikrodosen von LSD eingenommen hat. Sie litt an einer ziemlich schweren Depression. Durch die Einnahme von 1\/6 einer normalen Dosis LSD alle drei Tage war sie in der Lage, weiter zu funktionieren und ihre <a href=\"https:\/\/dutchmicrodosing.com\/de\/kreativitaet\/\">Kreativit\u00e4t<\/a> zu steigern.<\/p><p>Andere verwenden auch Mikrodosierung f\u00fcr Depressionen. Ayelet Waldman hat ein Buch dar\u00fcber geschrieben (A Really Good Day: How Microdosing Made a Mega Difference in My Mood, My Marriage, and My Life). Sie hatte es mit normalen Medikamenten versucht, aber die halfen nicht. Mikrodosen von LSD befreiten sie von unertr\u00e4glich depressiven Stimmungen.<\/p><p>James Fadiman sammelte auch Erfahrungen von Mikrodosierern. Seine Daten wurden von zwei Forschern zusammengetragen. Mikrodosierer scheinen weniger unter negativen Emotionen und dysfunktionalem Verhalten zu leiden. Die <a href=\"https:\/\/entheonation.com\/blog\/microdosing-psilocybin-mushrooms-treating-depression\/\">Wirksamkeit<\/a> von Psychedelika bei Depressionen k\u00f6nnte auf ihren einzigartigen Einfluss auf das Gehirn zur\u00fcckzuf\u00fchren sein. Diese Agenten deaktivieren ein Kontrollnetzwerk, das normalerweise f\u00fcr die Selbstreflexion und Selbstwahrnehmung zust\u00e4ndig ist. Es scheint, dass dieses Netzwerk bei depressiven Menschen \u00fcberaktiv ist. In der Folge kann dies zu zwanghaften negativen Gedanken f\u00fchren. Wenn also die Mikrodosierung von Psychedelika dazu f\u00fchrt, dass dieses Netzwerk weniger aktiv ist, kann sie Ihnen helfen, sich von diesen <a href=\"https:\/\/dutchmicrodosing.com\/de\/persoenlichkeit\/\">pers\u00f6nlichen<\/a> negativen Gedanken zu befreien.<\/p><h2 style=\"margin-left: 0cm; text-indent: 0cm; mso-list: l0 level2 lfo1;\">Migr\u00e4ne und Clusterkopfschmerzen<\/h2><p><img decoding=\"async\" class=\"alignnone\" src=\"https:\/\/dutchmicrodosing.com\/wp-content\/uploads\/2023\/08\/having-headache-problem-scaled.jpg\" alt=\"Mikrodosierung und gesundheitliche Kopfschmerzen\" width=\"2560\" height=\"1707\"><\/p><p>Migr\u00e4ne und Clusterkopfschmerzen verursachen fast unertr\u00e4gliche Schmerzen. Sie schr\u00e4nken Ihre Funktionsf\u00e4higkeit in hohem Ma\u00dfe ein. Besonders bei Clusterkopfschmerzen kann es sein, dass normale Medikamente nicht wirken. Menschen, die regelm\u00e4\u00dfig eine Mikrodosierung vornehmen, berichten, dass sie davon profitieren. Dies gilt sowohl f\u00fcr Migr\u00e4ne als auch f\u00fcr Clusterkopfschmerzen.<\/p><p>Kopfschmerzen (normale, Migr\u00e4ne und Clusterkopfschmerzen) werden am besten mit Psilocybin (mit Zauberpilzen und Tr\u00fcffeln) behandelt. Das liegt daran, dass es ein Alkaloid namens Tryptamin enth\u00e4lt. Diese Substanz regt die Produktion von Serotonin im Gehirn an. Serotonin wiederum beeinflusst die Verarbeitung von Schmerzreizen. Aber LSD und DMT enthalten auch Tryptamin, so dass Sie auch diese Psychedelika ausprobieren k\u00f6nnten. Die Wirkung tritt in der Regel innerhalb von 45 Minuten ein.<\/p><p>Anwender berichten, dass <a href=\"https:\/\/www.ncbi.nlm.nih.gov\/pmc\/articles\/PMC5584001\/\">Psilocybin<\/a> mindestens so gut wirken kann wie normale Schmerzmittel. Aber besonders f\u00fcr Menschen, die unter Clusterkopfschmerzen leiden, die nicht auf Schmerzmittel ansprechen, kann Psilocybin ein Geschenk des Himmels sein. Es reduziert nicht nur die Schmerzen, sondern kann auch Krampfanf\u00e4lle verhindern. Dar\u00fcber hinaus hat die Mikrodosierung im Allgemeinen nur wenige Nebenwirkungen<\/p>\t\t\t\t\t\t\t\t<\/div>\n\t\t\t\t<\/div>\n\t\t\t\t\t<\/div>\n\t\t<\/div>\n\t\t\t\t\t<\/div>\n\t\t<\/section>\n\t\t\t\t<\/div>\n\t\t","protected":false},"excerpt":{"rendered":"<p>Welcher Zusammenhang besteht zwischen Mikrodosierung und Gesundheit? Immer mehr Menschen fragen sich, ob Mikrodosierung die Gesundheit beeinflussen und bestimmte Symptome lindern kann. Beim Microdosing wird eine sehr kleine Menge einer psychedelischen Substanz eingenommen. Sie bemerken subtile Vorteile, erleben aber keine halluzinogenen Effekte. Die Forschung zeigt, dass sich Mikrodosierungen positiv auf die Gesundheit auswirken k\u00f6nnen, zum [&hellip;]<\/p>\n","protected":false},"author":10,"featured_media":0,"parent":0,"menu_order":0,"comment_status":"closed","ping_status":"closed","template":"","meta":{"footnotes":""},"class_list":["post-4412","page","type-page","status-publish","hentry"],"yoast_head":"<!-- This site is optimized with the Yoast SEO Premium plugin v26.4 (Yoast SEO v27.2) - https:\/\/yoast.com\/product\/yoast-seo-premium-wordpress\/ -->\n<title>DutchMicrodosing | Microdosing und Gesundheit<\/title>\n<meta name=\"description\" content=\"Mikrodosierung und Gesundheit: Finden Sie heraus, wie Mikrodosierung zu geistigem Gleichgewicht, Stressabbau und allgemeinem Wohlbefinden beitragen kann.\" \/>\n<meta name=\"robots\" content=\"index, follow, max-snippet:-1, max-image-preview:large, max-video-preview:-1\" \/>\n<link rel=\"canonical\" href=\"https:\/\/dutchmicrodosing.com\/de\/gesundheit\/\" \/>\n<meta property=\"og:locale\" content=\"de_DE\" \/>\n<meta property=\"og:type\" content=\"article\" \/>\n<meta property=\"og:title\" content=\"Gesundheit\" \/>\n<meta property=\"og:description\" content=\"Welcher Zusammenhang besteht zwischen Mikrodosierung und Gesundheit? Immer mehr Menschen fragen sich, ob Mikrodosierung die Gesundheit beeinflussen und\" \/>\n<meta property=\"og:url\" content=\"https:\/\/dutchmicrodosing.com\/de\/gesundheit\/\" \/>\n<meta property=\"og:site_name\" content=\"Dutchmicrodosing\" \/>\n<meta property=\"article:publisher\" content=\"https:\/\/www.facebook.com\/Dutchmicrodosingxp\/\" \/>\n<meta property=\"article:modified_time\" content=\"2025-10-20T20:51:48+00:00\" \/>\n<meta property=\"og:image\" content=\"https:\/\/dutchmicrodosing.com\/wp-content\/uploads\/2023\/08\/frustrated-young-woman-having-terrible-headache-keeping-hands-head-frowning-her-face-with-pain-looking-unhappy-stressful-female-student-despair-having-stressful-situation-university-scaled.jpg\" \/>\n<meta name=\"twitter:card\" content=\"summary_large_image\" \/>\n<script type=\"application\/ld+json\" class=\"yoast-schema-graph\">{\"@context\":\"https:\/\/schema.org\",\"@graph\":[{\"@type\":\"WebPage\",\"@id\":\"https:\/\/dutchmicrodosing.com\/de\/gesundheit\/\",\"url\":\"https:\/\/dutchmicrodosing.com\/de\/gesundheit\/\",\"name\":\"DutchMicrodosing | Microdosing und Gesundheit\",\"isPartOf\":{\"@id\":\"https:\/\/dutchmicrodosing.com\/de\/#website\"},\"primaryImageOfPage\":{\"@id\":\"https:\/\/dutchmicrodosing.com\/de\/gesundheit\/#primaryimage\"},\"image\":{\"@id\":\"https:\/\/dutchmicrodosing.com\/de\/gesundheit\/#primaryimage\"},\"thumbnailUrl\":\"https:\/\/dutchmicrodosing.com\/wp-content\/uploads\/2023\/08\/frustrated-young-woman-having-terrible-headache-keeping-hands-head-frowning-her-face-with-pain-looking-unhappy-stressful-female-student-despair-having-stressful-situation-university-scaled.jpg\",\"datePublished\":\"2021-05-01T13:12:06+00:00\",\"dateModified\":\"2025-10-20T20:51:48+00:00\",\"description\":\"Mikrodosierung und Gesundheit: Finden Sie heraus, wie Mikrodosierung zu geistigem Gleichgewicht, Stressabbau und allgemeinem Wohlbefinden beitragen kann.\",\"breadcrumb\":{\"@id\":\"https:\/\/dutchmicrodosing.com\/de\/gesundheit\/#breadcrumb\"},\"inLanguage\":\"de\",\"potentialAction\":[{\"@type\":\"ReadAction\",\"target\":[\"https:\/\/dutchmicrodosing.com\/de\/gesundheit\/\"]}]},{\"@type\":\"ImageObject\",\"inLanguage\":\"de\",\"@id\":\"https:\/\/dutchmicrodosing.com\/de\/gesundheit\/#primaryimage\",\"url\":\"https:\/\/dutchmicrodosing.com\/wp-content\/uploads\/2023\/08\/frustrated-young-woman-having-terrible-headache-keeping-hands-head-frowning-her-face-with-pain-looking-unhappy-stressful-female-student-despair-having-stressful-situation-university-scaled.jpg\",\"contentUrl\":\"https:\/\/dutchmicrodosing.com\/wp-content\/uploads\/2023\/08\/frustrated-young-woman-having-terrible-headache-keeping-hands-head-frowning-her-face-with-pain-looking-unhappy-stressful-female-student-despair-having-stressful-situation-university-scaled.jpg\"},{\"@type\":\"BreadcrumbList\",\"@id\":\"https:\/\/dutchmicrodosing.com\/de\/gesundheit\/#breadcrumb\",\"itemListElement\":[{\"@type\":\"ListItem\",\"position\":1,\"name\":\"Home\",\"item\":\"https:\/\/dutchmicrodosing.com\/de\/\"},{\"@type\":\"ListItem\",\"position\":2,\"name\":\"Gesundheit\"}]},{\"@type\":\"WebSite\",\"@id\":\"https:\/\/dutchmicrodosing.com\/de\/#website\",\"url\":\"https:\/\/dutchmicrodosing.com\/de\/\",\"name\":\"Dutchmicrodosing\",\"description\":\"\",\"publisher\":{\"@id\":\"https:\/\/dutchmicrodosing.com\/de\/#organization\"},\"potentialAction\":[{\"@type\":\"SearchAction\",\"target\":{\"@type\":\"EntryPoint\",\"urlTemplate\":\"https:\/\/dutchmicrodosing.com\/de\/?s={search_term_string}\"},\"query-input\":{\"@type\":\"PropertyValueSpecification\",\"valueRequired\":true,\"valueName\":\"search_term_string\"}}],\"inLanguage\":\"de\"},{\"@type\":\"Organization\",\"@id\":\"https:\/\/dutchmicrodosing.com\/de\/#organization\",\"name\":\"Dutchmicrodosing\",\"url\":\"https:\/\/dutchmicrodosing.com\/de\/\",\"logo\":{\"@type\":\"ImageObject\",\"inLanguage\":\"de\",\"@id\":\"https:\/\/dutchmicrodosing.com\/de\/#\/schema\/logo\/image\/\",\"url\":\"https:\/\/dutchmicrodosing.com\/wp-content\/uploads\/2021\/01\/microdosing-categorie-pic-nieuw.jpg\",\"contentUrl\":\"https:\/\/dutchmicrodosing.com\/wp-content\/uploads\/2021\/01\/microdosing-categorie-pic-nieuw.jpg\",\"width\":500,\"height\":500,\"caption\":\"Dutchmicrodosing\"},\"image\":{\"@id\":\"https:\/\/dutchmicrodosing.com\/de\/#\/schema\/logo\/image\/\"},\"sameAs\":[\"https:\/\/www.facebook.com\/Dutchmicrodosingxp\/\",\"https:\/\/www.instagram.com\/dutchmicrodosing\/\"]}]}<\/script>\n<!-- \/ Yoast SEO Premium plugin. -->","yoast_head_json":{"title":"DutchMicrodosing | Microdosing und Gesundheit","description":"Mikrodosierung und Gesundheit: Finden Sie heraus, wie Mikrodosierung zu geistigem Gleichgewicht, Stressabbau und allgemeinem Wohlbefinden beitragen kann.","robots":{"index":"index","follow":"follow","max-snippet":"max-snippet:-1","max-image-preview":"max-image-preview:large","max-video-preview":"max-video-preview:-1"},"canonical":"https:\/\/dutchmicrodosing.com\/de\/gesundheit\/","og_locale":"de_DE","og_type":"article","og_title":"Gesundheit","og_description":"Welcher Zusammenhang besteht zwischen Mikrodosierung und Gesundheit? Immer mehr Menschen fragen sich, ob Mikrodosierung die Gesundheit beeinflussen und","og_url":"https:\/\/dutchmicrodosing.com\/de\/gesundheit\/","og_site_name":"Dutchmicrodosing","article_publisher":"https:\/\/www.facebook.com\/Dutchmicrodosingxp\/","article_modified_time":"2025-10-20T20:51:48+00:00","og_image":[{"url":"https:\/\/dutchmicrodosing.com\/wp-content\/uploads\/2023\/08\/frustrated-young-woman-having-terrible-headache-keeping-hands-head-frowning-her-face-with-pain-looking-unhappy-stressful-female-student-despair-having-stressful-situation-university-scaled.jpg","type":"","width":"","height":""}],"twitter_card":"summary_large_image","schema":{"@context":"https:\/\/schema.org","@graph":[{"@type":"WebPage","@id":"https:\/\/dutchmicrodosing.com\/de\/gesundheit\/","url":"https:\/\/dutchmicrodosing.com\/de\/gesundheit\/","name":"DutchMicrodosing | Microdosing und Gesundheit","isPartOf":{"@id":"https:\/\/dutchmicrodosing.com\/de\/#website"},"primaryImageOfPage":{"@id":"https:\/\/dutchmicrodosing.com\/de\/gesundheit\/#primaryimage"},"image":{"@id":"https:\/\/dutchmicrodosing.com\/de\/gesundheit\/#primaryimage"},"thumbnailUrl":"https:\/\/dutchmicrodosing.com\/wp-content\/uploads\/2023\/08\/frustrated-young-woman-having-terrible-headache-keeping-hands-head-frowning-her-face-with-pain-looking-unhappy-stressful-female-student-despair-having-stressful-situation-university-scaled.jpg","datePublished":"2021-05-01T13:12:06+00:00","dateModified":"2025-10-20T20:51:48+00:00","description":"Mikrodosierung und Gesundheit: Finden Sie heraus, wie Mikrodosierung zu geistigem Gleichgewicht, Stressabbau und allgemeinem Wohlbefinden beitragen kann.","breadcrumb":{"@id":"https:\/\/dutchmicrodosing.com\/de\/gesundheit\/#breadcrumb"},"inLanguage":"de","potentialAction":[{"@type":"ReadAction","target":["https:\/\/dutchmicrodosing.com\/de\/gesundheit\/"]}]},{"@type":"ImageObject","inLanguage":"de","@id":"https:\/\/dutchmicrodosing.com\/de\/gesundheit\/#primaryimage","url":"https:\/\/dutchmicrodosing.com\/wp-content\/uploads\/2023\/08\/frustrated-young-woman-having-terrible-headache-keeping-hands-head-frowning-her-face-with-pain-looking-unhappy-stressful-female-student-despair-having-stressful-situation-university-scaled.jpg","contentUrl":"https:\/\/dutchmicrodosing.com\/wp-content\/uploads\/2023\/08\/frustrated-young-woman-having-terrible-headache-keeping-hands-head-frowning-her-face-with-pain-looking-unhappy-stressful-female-student-despair-having-stressful-situation-university-scaled.jpg"},{"@type":"BreadcrumbList","@id":"https:\/\/dutchmicrodosing.com\/de\/gesundheit\/#breadcrumb","itemListElement":[{"@type":"ListItem","position":1,"name":"Home","item":"https:\/\/dutchmicrodosing.com\/de\/"},{"@type":"ListItem","position":2,"name":"Gesundheit"}]},{"@type":"WebSite","@id":"https:\/\/dutchmicrodosing.com\/de\/#website","url":"https:\/\/dutchmicrodosing.com\/de\/","name":"Dutchmicrodosing","description":"","publisher":{"@id":"https:\/\/dutchmicrodosing.com\/de\/#organization"},"potentialAction":[{"@type":"SearchAction","target":{"@type":"EntryPoint","urlTemplate":"https:\/\/dutchmicrodosing.com\/de\/?s={search_term_string}"},"query-input":{"@type":"PropertyValueSpecification","valueRequired":true,"valueName":"search_term_string"}}],"inLanguage":"de"},{"@type":"Organization","@id":"https:\/\/dutchmicrodosing.com\/de\/#organization","name":"Dutchmicrodosing","url":"https:\/\/dutchmicrodosing.com\/de\/","logo":{"@type":"ImageObject","inLanguage":"de","@id":"https:\/\/dutchmicrodosing.com\/de\/#\/schema\/logo\/image\/","url":"https:\/\/dutchmicrodosing.com\/wp-content\/uploads\/2021\/01\/microdosing-categorie-pic-nieuw.jpg","contentUrl":"https:\/\/dutchmicrodosing.com\/wp-content\/uploads\/2021\/01\/microdosing-categorie-pic-nieuw.jpg","width":500,"height":500,"caption":"Dutchmicrodosing"},"image":{"@id":"https:\/\/dutchmicrodosing.com\/de\/#\/schema\/logo\/image\/"},"sameAs":["https:\/\/www.facebook.com\/Dutchmicrodosingxp\/","https:\/\/www.instagram.com\/dutchmicrodosing\/"]}]}},"_links":{"self":[{"href":"https:\/\/dutchmicrodosing.com\/de\/wp-json\/wp\/v2\/pages\/4412","targetHints":{"allow":["GET"]}}],"collection":[{"href":"https:\/\/dutchmicrodosing.com\/de\/wp-json\/wp\/v2\/pages"}],"about":[{"href":"https:\/\/dutchmicrodosing.com\/de\/wp-json\/wp\/v2\/types\/page"}],"author":[{"embeddable":true,"href":"https:\/\/dutchmicrodosing.com\/de\/wp-json\/wp\/v2\/users\/10"}],"replies":[{"embeddable":true,"href":"https:\/\/dutchmicrodosing.com\/de\/wp-json\/wp\/v2\/comments?post=4412"}],"version-history":[{"count":0,"href":"https:\/\/dutchmicrodosing.com\/de\/wp-json\/wp\/v2\/pages\/4412\/revisions"}],"wp:attachment":[{"href":"https:\/\/dutchmicrodosing.com\/de\/wp-json\/wp\/v2\/media?parent=4412"}],"curies":[{"name":"wp","href":"https:\/\/api.w.org\/{rel}","templated":true}]}}