{"id":4416,"date":"2021-05-01T13:12:30","date_gmt":"2021-05-01T13:12:30","guid":{"rendered":"https:\/\/dutchmicrodosing.com\/kreativitaet\/"},"modified":"2025-10-20T22:51:47","modified_gmt":"2025-10-20T20:51:47","slug":"kreativitaet","status":"publish","type":"page","link":"https:\/\/dutchmicrodosing.com\/de\/kreativitaet\/","title":{"rendered":"Kreativit\u00e4t"},"content":{"rendered":"\t\t<div data-elementor-type=\"wp-page\" data-elementor-id=\"4416\" class=\"elementor elementor-4416 elementor-370\" data-elementor-post-type=\"page\">\n\t\t\t\t\t\t<section class=\"elementor-section elementor-top-section elementor-element elementor-element-49ca3c3 elementor-section-boxed elementor-section-height-default elementor-section-height-default\" data-id=\"49ca3c3\" data-element_type=\"section\" data-e-type=\"section\">\n\t\t\t\t\t\t<div class=\"elementor-container elementor-column-gap-default\">\n\t\t\t\t\t<div class=\"elementor-column elementor-col-100 elementor-top-column elementor-element elementor-element-73a09b9\" data-id=\"73a09b9\" data-element_type=\"column\" data-e-type=\"column\">\n\t\t\t<div class=\"elementor-widget-wrap elementor-element-populated\">\n\t\t\t\t\t\t<div class=\"elementor-element elementor-element-2376d63 elementor--h-position-center elementor--v-position-middle elementor-arrows-position-inside elementor-pagination-position-inside elementor-widget elementor-widget-slides\" data-id=\"2376d63\" data-element_type=\"widget\" data-e-type=\"widget\" data-settings=\"{&quot;navigation&quot;:&quot;both&quot;,&quot;autoplay&quot;:&quot;yes&quot;,&quot;pause_on_hover&quot;:&quot;yes&quot;,&quot;pause_on_interaction&quot;:&quot;yes&quot;,&quot;autoplay_speed&quot;:5000,&quot;infinite&quot;:&quot;yes&quot;,&quot;transition&quot;:&quot;slide&quot;,&quot;transition_speed&quot;:500}\" data-widget_type=\"slides.default\">\n\t\t\t\t<div class=\"elementor-widget-container\">\n\t\t\t\t\t\t\t\t\t<div class=\"elementor-swiper\">\n\t\t\t\t\t<div class=\"elementor-slides-wrapper elementor-main-swiper swiper\" role=\"region\" aria-roledescription=\"carousel\" aria-label=\"Slides\" dir=\"ltr\" data-animation=\"fadeInUp\">\n\t\t\t\t<div class=\"swiper-wrapper elementor-slides\">\n\t\t\t\t\t\t\t\t\t\t<div class=\"elementor-repeater-item-f0595d4 swiper-slide\" role=\"group\" aria-roledescription=\"slide\"><div class=\"swiper-slide-bg\" role=\"img\" aria-label=\"The master processes the valuable metal in the home workshop\"><\/div><div class=\"swiper-slide-inner\" ><div class=\"swiper-slide-contents\"><\/div><\/div><\/div><div class=\"elementor-repeater-item-6f8f2b7 swiper-slide\" role=\"group\" aria-roledescription=\"slide\"><div class=\"swiper-slide-bg\" role=\"img\" aria-label=\"nature. sunset in the woods\"><\/div><div class=\"swiper-slide-inner\" ><div class=\"swiper-slide-contents\"><\/div><\/div><\/div><div class=\"elementor-repeater-item-1af16f0 swiper-slide\" role=\"group\" aria-roledescription=\"slide\"><div class=\"swiper-slide-bg\" role=\"img\" aria-label=\"Intelligenter Student oder Lehrer zeichnet mathematische Formel an die Tafel, gekleidet in Universit\u00e4tsuniform\"><\/div><div class=\"swiper-slide-inner\" ><div class=\"swiper-slide-contents\"><\/div><\/div><\/div>\t\t\t\t<\/div>\n\t\t\t\t\t\t\t\t\t\t\t\t\t\t\t<div class=\"elementor-swiper-button elementor-swiper-button-prev\" role=\"button\" tabindex=\"0\" aria-label=\"Vorheriger Slide\">\n\t\t\t\t\t\t\t<i aria-hidden=\"true\" class=\"eicon-chevron-left\"><\/i>\t\t\t\t\t\t<\/div>\n\t\t\t\t\t\t<div class=\"elementor-swiper-button elementor-swiper-button-next\" role=\"button\" tabindex=\"0\" aria-label=\"N\u00e4chster Slide\">\n\t\t\t\t\t\t\t<i aria-hidden=\"true\" class=\"eicon-chevron-right\"><\/i>\t\t\t\t\t\t<\/div>\n\t\t\t\t\t\t\t\t\t\t\t\t\t\t\t\t<div class=\"swiper-pagination\"><\/div>\n\t\t\t\t\t\t\t\t\t\t\t\t<\/div>\n\t\t\t\t<\/div>\n\t\t\t\t\t\t\t\t<\/div>\n\t\t\t\t<\/div>\n\t\t\t\t\t<\/div>\n\t\t<\/div>\n\t\t\t\t\t<\/div>\n\t\t<\/section>\n\t\t\t\t<section class=\"elementor-section elementor-top-section elementor-element elementor-element-1781246 elementor-section-boxed elementor-section-height-default elementor-section-height-default\" data-id=\"1781246\" data-element_type=\"section\" data-e-type=\"section\">\n\t\t\t\t\t\t<div class=\"elementor-container elementor-column-gap-default\">\n\t\t\t\t\t<div class=\"elementor-column elementor-col-100 elementor-top-column elementor-element elementor-element-118bd09\" data-id=\"118bd09\" data-element_type=\"column\" data-e-type=\"column\">\n\t\t\t<div class=\"elementor-widget-wrap elementor-element-populated\">\n\t\t\t\t\t\t<div class=\"elementor-element elementor-element-3f8c9b3 elementor-widget elementor-widget-heading\" data-id=\"3f8c9b3\" data-element_type=\"widget\" data-e-type=\"widget\" data-widget_type=\"heading.default\">\n\t\t\t\t<div class=\"elementor-widget-container\">\n\t\t\t\t\t<h1 class=\"elementor-heading-title elementor-size-default\">Steigert Mikrodosierung die Kreativit\u00e4t?<\/h1>\t\t\t\t<\/div>\n\t\t\t\t<\/div>\n\t\t\t\t\t<\/div>\n\t\t<\/div>\n\t\t\t\t\t<\/div>\n\t\t<\/section>\n\t\t\t\t<section class=\"elementor-section elementor-top-section elementor-element elementor-element-583e9ad elementor-section-boxed elementor-section-height-default elementor-section-height-default\" data-id=\"583e9ad\" data-element_type=\"section\" data-e-type=\"section\">\n\t\t\t\t\t\t<div class=\"elementor-container elementor-column-gap-default\">\n\t\t\t\t\t<div class=\"elementor-column elementor-col-100 elementor-top-column elementor-element elementor-element-155ecee\" data-id=\"155ecee\" data-element_type=\"column\" data-e-type=\"column\">\n\t\t\t<div class=\"elementor-widget-wrap elementor-element-populated\">\n\t\t\t\t\t\t<div class=\"elementor-element elementor-element-dd36332 elementor-widget elementor-widget-text-editor\" data-id=\"dd36332\" data-element_type=\"widget\" data-e-type=\"widget\" data-widget_type=\"text-editor.default\">\n\t\t\t\t<div class=\"elementor-widget-container\">\n\t\t\t\t\t\t\t\t\t<p class=\"MsoNormal\">Kreativit\u00e4t ist eine Eigenschaft, die oft bewundert wird: Kreative Menschen malen, singen oder schreiben und kommen regelm\u00e4\u00dfig auf z\u00fcndende und besondere Ideen. Kreativit\u00e4t ist auch etwas, das sich nicht leicht erzwingen l\u00e4sst. Aus diesem Grund kann Mikrodosierung ein Geschenk des Himmels sein: ein nat\u00fcrliches Mittel, das die Kreativit\u00e4t anregen kann. Immer mehr Studien zeigen, dass die Einnahme von Mikrodosen von Psychedelika Ihnen helfen kann, \u00fcber den Tellerrand zu schauen. Die Mikrodosierung l\u00e4sst also mehr Kreativit\u00e4t zu.<\/p>\n<h2 style=\"margin-left: 0cm; text-indent: 0cm; mso-list: l0 level2 lfo1;\">Die Magie der Kreativit\u00e4t<\/h2>\n<p class=\"MsoNormal\">Kreativit\u00e4t ist eine bewunderte, aber schwer fassbare Eigenschaft. Nicht umsonst dachten die Menschen in der Antike, dass Ihr kreatives Talent von einer Muse (Inspiration, die von einer G\u00f6ttin kommt) abh\u00e4ngt oder von Gott gegeben wurde. Sie hatten wenig Einfluss darauf. Das zeigt sich auch daran, dass K\u00fcnstler alle unter einer Blockade leiden k\u00f6nnen (die bekannte Schreibblockade, die wirklich nicht nur ein Problem von Schriftstellern ist), so dass ihnen nichts aus den Fingern kommt. Wenn die Kreativit\u00e4t nicht flie\u00dft, dann m\u00fcssen Sie einfach warten, bis sie wieder flie\u00dft.<\/p>\n<p class=\"MsoNormal\">Aber es kann etwas dagegen getan werden, n\u00e4mlich Mikrodosierung. Anwender, die Mikrodosen psychedelischer Substanzen (wie Zauberpilze oder Tr\u00fcffel) einnehmen, sagen, dass dies ihre Kreativit\u00e4t anregt. Die Mikrodosierung scheint bestimmte Rezeptoren zu stimulieren, was Ihr Denken flexibler macht und Ihre Probleml\u00f6sungsf\u00e4higkeiten erh\u00f6ht.<\/p>\n<p><img fetchpriority=\"high\" decoding=\"async\" class=\"aligncenter wp-image-27251 size-full\" src=\"https:\/\/dutchmicrodosing.com\/wp-content\/uploads\/2023\/08\/idea-concept-scaled.jpg\" alt=\"Mehr Kreativit\u00e4t durch Mikrodosierung  \" width=\"2560\" height=\"1707\" srcset=\"https:\/\/dutchmicrodosing.com\/wp-content\/uploads\/2023\/08\/idea-concept-scaled.jpg 2560w, https:\/\/dutchmicrodosing.com\/wp-content\/uploads\/2023\/08\/idea-concept-scaled-600x400.jpg 600w, https:\/\/dutchmicrodosing.com\/wp-content\/uploads\/2023\/08\/idea-concept-300x200.jpg 300w, https:\/\/dutchmicrodosing.com\/wp-content\/uploads\/2023\/08\/idea-concept-1024x683.jpg 1024w, https:\/\/dutchmicrodosing.com\/wp-content\/uploads\/2023\/08\/idea-concept-768x512.jpg 768w, https:\/\/dutchmicrodosing.com\/wp-content\/uploads\/2023\/08\/idea-concept-1536x1024.jpg 1536w, https:\/\/dutchmicrodosing.com\/wp-content\/uploads\/2023\/08\/idea-concept-2048x1365.jpg 2048w\" sizes=\"(max-width: 2560px) 100vw, 2560px\" \/><\/p>\n<h2 style=\"margin-left: 0cm; text-indent: 0cm; mso-list: l0 level2 lfo1;\">Wie Mikrodosierung die Kreativit\u00e4t anregt<\/h2>\n<p class=\"MsoNormal\">Die Mikrodosierung birgt ein gro\u00dfes Potenzial zur Verbesserung unserer&nbsp;stimulieren <a href=\"https:\/\/dutchmicrodosing.com\/de\/kognitive-funktionen\/\">kognitive Prozesse<\/a>, und es gibt Forscher, die mehr dar\u00fcber wissen wollen. Eine dieser Forscherinnen ist Luisa Prochazkova von der Universit\u00e4t Leiden. Normale Dosen von Psychedelika, wie LSD, stimulieren kognitive Flexibilit\u00e4t und divergentes Denken. Sie erleben aber auch den st\u00f6renden Effekt von Halluzinationen. Microdosing gibt Ihnen die M\u00f6glichkeit, die Vorteile von Psychedelika zu erleben, ohne die bewusstseinsver\u00e4ndernden Effekte und ohne das Risiko eines m\u00f6glichen &#8222;Bad Trips&#8220;.<\/p>\n<p class=\"MsoNormal\">Prochazkovas Forschung zielte darauf ab, herauszufinden, auf welchen der drei Bereiche der Kognition die Mikrodosierung einen Effekt hatte: konvergentes Denken (eine L\u00f6sung finden), divergentes Denken (nicht-linear, mehrere L\u00f6sungen f\u00fcr ein Problem finden) und fluide Intelligenz. Besonders divergentes Denken ist wichtig, um kreativ zu sein. Es wurde festgestellt, dass Mikrodosierung einen positiven Einfluss auf divergentes Denken hat. Die Teilnehmer gaben an, dass sie eine Verbesserung des &#8222;Out-of-the-Box&#8220;-Denkens bemerkten. Die Mikrodosierung kann auch als <a href=\"https:\/\/dutchmicrodosing.com\/de\/medizinisch-analytische-anwendungen\/\">medizinische Anwendung<\/a> hilfreich sein.<\/p>\n<p class=\"MsoNormal\">Prochazkova gibt an, dass sie es auff\u00e4llig findet, dass sowohl divergentes als auch konvergentes Denken durch Mikrodosierung beeinflusst wird. Diese beiden Denkweisen sind normalerweise nicht miteinander verbunden und werden von anderen Faktoren beeinflusst. Daher ist es \u00fcberraschend, dass die Mikrodosierung einen positiven Einfluss auf beides hat. Es k\u00f6nnte sogar der Fall sein, sagt der Forscher, dass eine normale Dosis Psychedelika Ihre Kreativit\u00e4t steigert, aber auf Kosten des rationalen Denkens. Im Gegensatz dazu k\u00f6nnte eine Mikrodosierung das Gehirn dazu anregen, eine optimale Balance zwischen Flexibilit\u00e4t und logischem Denken zu finden.<\/p>\n<p><img decoding=\"async\" class=\"aligncenter wp-image-27258 size-full\" src=\"https:\/\/dutchmicrodosing.com\/wp-content\/uploads\/2023\/08\/diverse-people-with-creative-inspiration-speech-bubbles-scaled.jpg\" alt=\"Mehr Kreativit\u00e4t durch Mikrodosierung\" width=\"2560\" height=\"1828\" srcset=\"https:\/\/dutchmicrodosing.com\/wp-content\/uploads\/2023\/08\/diverse-people-with-creative-inspiration-speech-bubbles-scaled.jpg 2560w, https:\/\/dutchmicrodosing.com\/wp-content\/uploads\/2023\/08\/diverse-people-with-creative-inspiration-speech-bubbles-scaled-600x428.jpg 600w, https:\/\/dutchmicrodosing.com\/wp-content\/uploads\/2023\/08\/diverse-people-with-creative-inspiration-speech-bubbles-300x214.jpg 300w, https:\/\/dutchmicrodosing.com\/wp-content\/uploads\/2023\/08\/diverse-people-with-creative-inspiration-speech-bubbles-1024x731.jpg 1024w, https:\/\/dutchmicrodosing.com\/wp-content\/uploads\/2023\/08\/diverse-people-with-creative-inspiration-speech-bubbles-768x549.jpg 768w, https:\/\/dutchmicrodosing.com\/wp-content\/uploads\/2023\/08\/diverse-people-with-creative-inspiration-speech-bubbles-1536x1097.jpg 1536w, https:\/\/dutchmicrodosing.com\/wp-content\/uploads\/2023\/08\/diverse-people-with-creative-inspiration-speech-bubbles-2048x1463.jpg 2048w\" sizes=\"(max-width: 2560px) 100vw, 2560px\" \/><\/p>\n<h2 style=\"margin-left: 0cm; text-indent: 0cm; mso-list: l0 level2 lfo1;\">Forschung unter Mikrodosierern<\/h2>\n<p class=\"MsoNormal\">Die journalistische Website theconverstation.com f\u00fchrte eine Umfrage durch <a href=\"https:\/\/theconversation.com\/microdosers-of-psychedelics-report-improved-mood-focus-and-creativity-120279\">\n  <span class=\"Internetkoppeling\">Forschung<\/span>\n<\/a> bei Personen, die regelm\u00e4\u00dfig eine Mikrodosierung vornehmen. Sie wollten wissen, was sie an der Mikrodosierung m\u00f6gen und was nicht. 909 Teilnehmer nahmen an der Studie teil. Die am h\u00e4ufigsten genannten Vorteile waren:<\/p>\n<ul style=\"margin-top: 0cm;\" type=\"disc\">\n<li class=\"MsoNormal\">Verbesserte Stimmung<\/li>\n<li class=\"MsoNormal\">Verbesserte Konzentration<\/li>\n<li class=\"MsoNormal\">Mehr Kreativit\u00e4t<\/li>\n<\/ul>\n<p class=\"MsoNormal\">Viele Menschen (26 %) berichteten von einer verbesserten Stimmung, aber auch Kreativit\u00e4t wurde h\u00e4ufig genannt. Zu den weiteren positiven Auswirkungen auf die psychische <a href=\"https:\/\/dutchmicrodosing.com\/de\/gesundheit\/\">Gesundheit<\/a> geh\u00f6ren ein gesteigertes Selbstvertrauen, Motivation und Produktivit\u00e4t. Obwohl dies alles unterschiedliche Bereiche sind, k\u00f6nnte man auch sagen, dass sie miteinander verwandt sind. Die meisten Menschen sind nicht kreativ, wenn sie deprimiert sind. Selbstvertrauen ist auch wichtig, wenn Sie sich kreativ ausdr\u00fccken wollen, und eine gute Konzentration hilft auch dabei.<\/p>\n<p class=\"MsoNormal\">Wenn also Mikrodosierung eine positive Auswirkung auf all diese Bereiche hat, ist es auf jeden Fall gut f\u00fcr Ihre Kreativit\u00e4t. Forschungsdaten zu Kreativit\u00e4t und Mikrodosierung sind leider immer noch recht sp\u00e4rlich. Und so sind einige der Studien auch nicht klinisch durchgef\u00fchrt worden. Trotzdem scheinen die Daten darauf hinzudeuten, dass Mikrodosierung Ihrer Kreativit\u00e4t einen gro\u00dfen Schub geben kann. <a href=\"https:\/\/dutchmicrodosing.com\/de\/persoenlichkeit\/\">Wer<\/a> sich manchmal schwer tut, in den kreativen Fluss zu kommen, sollte es vielleicht einmal versuchen.<\/p>\t\t\t\t\t\t\t\t<\/div>\n\t\t\t\t<\/div>\n\t\t\t\t\t<\/div>\n\t\t<\/div>\n\t\t\t\t\t<\/div>\n\t\t<\/section>\n\t\t\t\t<\/div>\n\t\t","protected":false},"excerpt":{"rendered":"<p>Steigert Mikrodosierung die Kreativit\u00e4t? Kreativit\u00e4t ist eine Eigenschaft, die oft bewundert wird: Kreative Menschen malen, singen oder schreiben und kommen regelm\u00e4\u00dfig auf z\u00fcndende und besondere Ideen. Kreativit\u00e4t ist auch etwas, das sich nicht leicht erzwingen l\u00e4sst. Aus diesem Grund kann Mikrodosierung ein Geschenk des Himmels sein: ein nat\u00fcrliches Mittel, das die Kreativit\u00e4t anregen kann. Immer [&hellip;]<\/p>\n","protected":false},"author":10,"featured_media":0,"parent":0,"menu_order":0,"comment_status":"closed","ping_status":"closed","template":"","meta":{"footnotes":""},"class_list":["post-4416","page","type-page","status-publish","hentry"],"yoast_head":"<!-- This site is optimized with the Yoast SEO Premium plugin v26.4 (Yoast SEO v27.2) - https:\/\/yoast.com\/product\/yoast-seo-premium-wordpress\/ -->\n<title>DutchMicrodosing | Microdosing f\u00fcr mehr Kreativit\u00e4t<\/title>\n<meta name=\"description\" content=\"Mehr Kreativit\u00e4t durch Microdosing? Entdecken Sie, wie kleine Dosen von Psychedelika Ihre kreativen Denkf\u00e4higkeiten durch Praxis und Forschung verbessern.\" \/>\n<meta name=\"robots\" content=\"index, follow, max-snippet:-1, max-image-preview:large, max-video-preview:-1\" \/>\n<link rel=\"canonical\" href=\"https:\/\/dutchmicrodosing.com\/de\/kreativitaet\/\" \/>\n<meta property=\"og:locale\" content=\"de_DE\" \/>\n<meta property=\"og:type\" content=\"article\" \/>\n<meta property=\"og:title\" content=\"Kreativit\u00e4t\" \/>\n<meta property=\"og:description\" content=\"Steigert Mikrodosierung die Kreativit\u00e4t? Kreativit\u00e4t ist eine Eigenschaft, die oft bewundert wird: Kreative Menschen malen, singen oder schreiben und\" \/>\n<meta property=\"og:url\" content=\"https:\/\/dutchmicrodosing.com\/de\/kreativitaet\/\" \/>\n<meta property=\"og:site_name\" content=\"Dutchmicrodosing\" \/>\n<meta property=\"article:publisher\" content=\"https:\/\/www.facebook.com\/Dutchmicrodosingxp\/\" \/>\n<meta property=\"article:modified_time\" content=\"2025-10-20T20:51:47+00:00\" \/>\n<meta property=\"og:image\" content=\"https:\/\/dutchmicrodosing.com\/wp-content\/uploads\/2023\/08\/idea-concept-scaled.jpg\" \/>\n\t<meta property=\"og:image:width\" content=\"2560\" \/>\n\t<meta property=\"og:image:height\" content=\"1707\" \/>\n\t<meta property=\"og:image:type\" content=\"image\/jpeg\" \/>\n<meta name=\"twitter:card\" content=\"summary_large_image\" \/>\n<script type=\"application\/ld+json\" class=\"yoast-schema-graph\">{\"@context\":\"https:\/\/schema.org\",\"@graph\":[{\"@type\":\"WebPage\",\"@id\":\"https:\/\/dutchmicrodosing.com\/de\/kreativitaet\/\",\"url\":\"https:\/\/dutchmicrodosing.com\/de\/kreativitaet\/\",\"name\":\"DutchMicrodosing | Microdosing f\u00fcr mehr Kreativit\u00e4t\",\"isPartOf\":{\"@id\":\"https:\/\/dutchmicrodosing.com\/de\/#website\"},\"primaryImageOfPage\":{\"@id\":\"https:\/\/dutchmicrodosing.com\/de\/kreativitaet\/#primaryimage\"},\"image\":{\"@id\":\"https:\/\/dutchmicrodosing.com\/de\/kreativitaet\/#primaryimage\"},\"thumbnailUrl\":\"https:\/\/dutchmicrodosing.com\/wp-content\/uploads\/2023\/08\/idea-concept-scaled.jpg\",\"datePublished\":\"2021-05-01T13:12:30+00:00\",\"dateModified\":\"2025-10-20T20:51:47+00:00\",\"description\":\"Mehr Kreativit\u00e4t durch Microdosing? Entdecken Sie, wie kleine Dosen von Psychedelika Ihre kreativen Denkf\u00e4higkeiten durch Praxis und Forschung verbessern.\",\"breadcrumb\":{\"@id\":\"https:\/\/dutchmicrodosing.com\/de\/kreativitaet\/#breadcrumb\"},\"inLanguage\":\"de\",\"potentialAction\":[{\"@type\":\"ReadAction\",\"target\":[\"https:\/\/dutchmicrodosing.com\/de\/kreativitaet\/\"]}]},{\"@type\":\"ImageObject\",\"inLanguage\":\"de\",\"@id\":\"https:\/\/dutchmicrodosing.com\/de\/kreativitaet\/#primaryimage\",\"url\":\"https:\/\/dutchmicrodosing.com\/wp-content\/uploads\/2023\/08\/idea-concept-scaled.jpg\",\"contentUrl\":\"https:\/\/dutchmicrodosing.com\/wp-content\/uploads\/2023\/08\/idea-concept-scaled.jpg\"},{\"@type\":\"BreadcrumbList\",\"@id\":\"https:\/\/dutchmicrodosing.com\/de\/kreativitaet\/#breadcrumb\",\"itemListElement\":[{\"@type\":\"ListItem\",\"position\":1,\"name\":\"Home\",\"item\":\"https:\/\/dutchmicrodosing.com\/de\/\"},{\"@type\":\"ListItem\",\"position\":2,\"name\":\"Kreativit\u00e4t\"}]},{\"@type\":\"WebSite\",\"@id\":\"https:\/\/dutchmicrodosing.com\/de\/#website\",\"url\":\"https:\/\/dutchmicrodosing.com\/de\/\",\"name\":\"Dutchmicrodosing\",\"description\":\"\",\"publisher\":{\"@id\":\"https:\/\/dutchmicrodosing.com\/de\/#organization\"},\"potentialAction\":[{\"@type\":\"SearchAction\",\"target\":{\"@type\":\"EntryPoint\",\"urlTemplate\":\"https:\/\/dutchmicrodosing.com\/de\/?s={search_term_string}\"},\"query-input\":{\"@type\":\"PropertyValueSpecification\",\"valueRequired\":true,\"valueName\":\"search_term_string\"}}],\"inLanguage\":\"de\"},{\"@type\":\"Organization\",\"@id\":\"https:\/\/dutchmicrodosing.com\/de\/#organization\",\"name\":\"Dutchmicrodosing\",\"url\":\"https:\/\/dutchmicrodosing.com\/de\/\",\"logo\":{\"@type\":\"ImageObject\",\"inLanguage\":\"de\",\"@id\":\"https:\/\/dutchmicrodosing.com\/de\/#\/schema\/logo\/image\/\",\"url\":\"https:\/\/dutchmicrodosing.com\/wp-content\/uploads\/2021\/01\/microdosing-categorie-pic-nieuw.jpg\",\"contentUrl\":\"https:\/\/dutchmicrodosing.com\/wp-content\/uploads\/2021\/01\/microdosing-categorie-pic-nieuw.jpg\",\"width\":500,\"height\":500,\"caption\":\"Dutchmicrodosing\"},\"image\":{\"@id\":\"https:\/\/dutchmicrodosing.com\/de\/#\/schema\/logo\/image\/\"},\"sameAs\":[\"https:\/\/www.facebook.com\/Dutchmicrodosingxp\/\",\"https:\/\/www.instagram.com\/dutchmicrodosing\/\"]}]}<\/script>\n<!-- \/ Yoast SEO Premium plugin. -->","yoast_head_json":{"title":"DutchMicrodosing | Microdosing f\u00fcr mehr Kreativit\u00e4t","description":"Mehr Kreativit\u00e4t durch Microdosing? Entdecken Sie, wie kleine Dosen von Psychedelika Ihre kreativen Denkf\u00e4higkeiten durch Praxis und Forschung verbessern.","robots":{"index":"index","follow":"follow","max-snippet":"max-snippet:-1","max-image-preview":"max-image-preview:large","max-video-preview":"max-video-preview:-1"},"canonical":"https:\/\/dutchmicrodosing.com\/de\/kreativitaet\/","og_locale":"de_DE","og_type":"article","og_title":"Kreativit\u00e4t","og_description":"Steigert Mikrodosierung die Kreativit\u00e4t? Kreativit\u00e4t ist eine Eigenschaft, die oft bewundert wird: Kreative Menschen malen, singen oder schreiben und","og_url":"https:\/\/dutchmicrodosing.com\/de\/kreativitaet\/","og_site_name":"Dutchmicrodosing","article_publisher":"https:\/\/www.facebook.com\/Dutchmicrodosingxp\/","article_modified_time":"2025-10-20T20:51:47+00:00","og_image":[{"width":2560,"height":1707,"url":"https:\/\/dutchmicrodosing.com\/wp-content\/uploads\/2023\/08\/idea-concept-scaled.jpg","type":"image\/jpeg"}],"twitter_card":"summary_large_image","schema":{"@context":"https:\/\/schema.org","@graph":[{"@type":"WebPage","@id":"https:\/\/dutchmicrodosing.com\/de\/kreativitaet\/","url":"https:\/\/dutchmicrodosing.com\/de\/kreativitaet\/","name":"DutchMicrodosing | Microdosing f\u00fcr mehr Kreativit\u00e4t","isPartOf":{"@id":"https:\/\/dutchmicrodosing.com\/de\/#website"},"primaryImageOfPage":{"@id":"https:\/\/dutchmicrodosing.com\/de\/kreativitaet\/#primaryimage"},"image":{"@id":"https:\/\/dutchmicrodosing.com\/de\/kreativitaet\/#primaryimage"},"thumbnailUrl":"https:\/\/dutchmicrodosing.com\/wp-content\/uploads\/2023\/08\/idea-concept-scaled.jpg","datePublished":"2021-05-01T13:12:30+00:00","dateModified":"2025-10-20T20:51:47+00:00","description":"Mehr Kreativit\u00e4t durch Microdosing? Entdecken Sie, wie kleine Dosen von Psychedelika Ihre kreativen Denkf\u00e4higkeiten durch Praxis und Forschung verbessern.","breadcrumb":{"@id":"https:\/\/dutchmicrodosing.com\/de\/kreativitaet\/#breadcrumb"},"inLanguage":"de","potentialAction":[{"@type":"ReadAction","target":["https:\/\/dutchmicrodosing.com\/de\/kreativitaet\/"]}]},{"@type":"ImageObject","inLanguage":"de","@id":"https:\/\/dutchmicrodosing.com\/de\/kreativitaet\/#primaryimage","url":"https:\/\/dutchmicrodosing.com\/wp-content\/uploads\/2023\/08\/idea-concept-scaled.jpg","contentUrl":"https:\/\/dutchmicrodosing.com\/wp-content\/uploads\/2023\/08\/idea-concept-scaled.jpg"},{"@type":"BreadcrumbList","@id":"https:\/\/dutchmicrodosing.com\/de\/kreativitaet\/#breadcrumb","itemListElement":[{"@type":"ListItem","position":1,"name":"Home","item":"https:\/\/dutchmicrodosing.com\/de\/"},{"@type":"ListItem","position":2,"name":"Kreativit\u00e4t"}]},{"@type":"WebSite","@id":"https:\/\/dutchmicrodosing.com\/de\/#website","url":"https:\/\/dutchmicrodosing.com\/de\/","name":"Dutchmicrodosing","description":"","publisher":{"@id":"https:\/\/dutchmicrodosing.com\/de\/#organization"},"potentialAction":[{"@type":"SearchAction","target":{"@type":"EntryPoint","urlTemplate":"https:\/\/dutchmicrodosing.com\/de\/?s={search_term_string}"},"query-input":{"@type":"PropertyValueSpecification","valueRequired":true,"valueName":"search_term_string"}}],"inLanguage":"de"},{"@type":"Organization","@id":"https:\/\/dutchmicrodosing.com\/de\/#organization","name":"Dutchmicrodosing","url":"https:\/\/dutchmicrodosing.com\/de\/","logo":{"@type":"ImageObject","inLanguage":"de","@id":"https:\/\/dutchmicrodosing.com\/de\/#\/schema\/logo\/image\/","url":"https:\/\/dutchmicrodosing.com\/wp-content\/uploads\/2021\/01\/microdosing-categorie-pic-nieuw.jpg","contentUrl":"https:\/\/dutchmicrodosing.com\/wp-content\/uploads\/2021\/01\/microdosing-categorie-pic-nieuw.jpg","width":500,"height":500,"caption":"Dutchmicrodosing"},"image":{"@id":"https:\/\/dutchmicrodosing.com\/de\/#\/schema\/logo\/image\/"},"sameAs":["https:\/\/www.facebook.com\/Dutchmicrodosingxp\/","https:\/\/www.instagram.com\/dutchmicrodosing\/"]}]}},"_links":{"self":[{"href":"https:\/\/dutchmicrodosing.com\/de\/wp-json\/wp\/v2\/pages\/4416","targetHints":{"allow":["GET"]}}],"collection":[{"href":"https:\/\/dutchmicrodosing.com\/de\/wp-json\/wp\/v2\/pages"}],"about":[{"href":"https:\/\/dutchmicrodosing.com\/de\/wp-json\/wp\/v2\/types\/page"}],"author":[{"embeddable":true,"href":"https:\/\/dutchmicrodosing.com\/de\/wp-json\/wp\/v2\/users\/10"}],"replies":[{"embeddable":true,"href":"https:\/\/dutchmicrodosing.com\/de\/wp-json\/wp\/v2\/comments?post=4416"}],"version-history":[{"count":0,"href":"https:\/\/dutchmicrodosing.com\/de\/wp-json\/wp\/v2\/pages\/4416\/revisions"}],"wp:attachment":[{"href":"https:\/\/dutchmicrodosing.com\/de\/wp-json\/wp\/v2\/media?parent=4416"}],"curies":[{"name":"wp","href":"https:\/\/api.w.org\/{rel}","templated":true}]}}