{"id":4423,"date":"2021-05-01T13:12:53","date_gmt":"2021-05-01T13:12:53","guid":{"rendered":"https:\/\/dutchmicrodosing.com\/kognitive-funktionen-2\/"},"modified":"2025-10-20T22:51:46","modified_gmt":"2025-10-20T20:51:46","slug":"kognitive-funktionen","status":"publish","type":"page","link":"https:\/\/dutchmicrodosing.com\/de\/kognitive-funktionen\/","title":{"rendered":"Kognitive Funktionen"},"content":{"rendered":"\t\t<div data-elementor-type=\"wp-page\" data-elementor-id=\"4423\" class=\"elementor elementor-4423 elementor-367\" data-elementor-post-type=\"page\">\n\t\t\t\t\t\t<section class=\"elementor-section elementor-top-section elementor-element elementor-element-6a2390b elementor-section-boxed elementor-section-height-default elementor-section-height-default\" data-id=\"6a2390b\" data-element_type=\"section\" data-e-type=\"section\">\n\t\t\t\t\t\t<div class=\"elementor-container elementor-column-gap-default\">\n\t\t\t\t\t<div class=\"elementor-column elementor-col-100 elementor-top-column elementor-element elementor-element-526b4cc\" data-id=\"526b4cc\" data-element_type=\"column\" data-e-type=\"column\">\n\t\t\t<div class=\"elementor-widget-wrap elementor-element-populated\">\n\t\t\t\t\t\t<div class=\"elementor-element elementor-element-4739def elementor--h-position-center elementor--v-position-middle elementor-arrows-position-inside elementor-pagination-position-inside elementor-widget elementor-widget-slides\" data-id=\"4739def\" data-element_type=\"widget\" data-e-type=\"widget\" data-settings=\"{&quot;navigation&quot;:&quot;both&quot;,&quot;autoplay&quot;:&quot;yes&quot;,&quot;pause_on_hover&quot;:&quot;yes&quot;,&quot;pause_on_interaction&quot;:&quot;yes&quot;,&quot;autoplay_speed&quot;:5000,&quot;infinite&quot;:&quot;yes&quot;,&quot;transition&quot;:&quot;slide&quot;,&quot;transition_speed&quot;:500}\" data-widget_type=\"slides.default\">\n\t\t\t\t<div class=\"elementor-widget-container\">\n\t\t\t\t\t\t\t\t\t<div class=\"elementor-swiper\">\n\t\t\t\t\t<div class=\"elementor-slides-wrapper elementor-main-swiper swiper\" role=\"region\" aria-roledescription=\"carousel\" aria-label=\"Slides\" dir=\"ltr\" data-animation=\"fadeInUp\">\n\t\t\t\t<div class=\"swiper-wrapper elementor-slides\">\n\t\t\t\t\t\t\t\t\t\t<div class=\"elementor-repeater-item-9739b10 swiper-slide\" role=\"group\" aria-roledescription=\"slide\"><div class=\"swiper-slide-bg\" role=\"img\" aria-label=\"Intelligenter Student oder Lehrer zeichnet mathematische Formel an die Tafel, gekleidet in Universit\u00e4tsuniform\"><\/div><div class=\"swiper-slide-inner\" ><div class=\"swiper-slide-contents\"><\/div><\/div><\/div>\t\t\t\t<\/div>\n\t\t\t\t\t\t\t<\/div>\n\t\t\t\t<\/div>\n\t\t\t\t\t\t\t\t<\/div>\n\t\t\t\t<\/div>\n\t\t\t\t\t<\/div>\n\t\t<\/div>\n\t\t\t\t\t<\/div>\n\t\t<\/section>\n\t\t\t\t<section class=\"elementor-section elementor-top-section elementor-element elementor-element-fa6256e elementor-section-boxed elementor-section-height-default elementor-section-height-default\" data-id=\"fa6256e\" data-element_type=\"section\" data-e-type=\"section\">\n\t\t\t\t\t\t<div class=\"elementor-container elementor-column-gap-default\">\n\t\t\t\t\t<div class=\"elementor-column elementor-col-100 elementor-top-column elementor-element elementor-element-4b37c83\" data-id=\"4b37c83\" data-element_type=\"column\" data-e-type=\"column\">\n\t\t\t<div class=\"elementor-widget-wrap elementor-element-populated\">\n\t\t\t\t\t\t<div class=\"elementor-element elementor-element-900a5f5 elementor-widget elementor-widget-heading\" data-id=\"900a5f5\" data-element_type=\"widget\" data-e-type=\"widget\" data-widget_type=\"heading.default\">\n\t\t\t\t<div class=\"elementor-widget-container\">\n\t\t\t\t\t<h1 class=\"elementor-heading-title elementor-size-default\">Der Einfluss der Mikrodosierung auf kognitive Funktionen<\/h1>\t\t\t\t<\/div>\n\t\t\t\t<\/div>\n\t\t\t\t<div class=\"elementor-element elementor-element-77f72e8 elementor-widget elementor-widget-text-editor\" data-id=\"77f72e8\" data-element_type=\"widget\" data-e-type=\"widget\" data-widget_type=\"text-editor.default\">\n\t\t\t\t<div class=\"elementor-widget-container\">\n\t\t\t\t\t\t\t\t\t<p style=\"letter-spacing: 0.4px;\">Wie wirkt sich die Mikrodosierung auf kognitive Funktionen aus? Viele Menschen \u00e4u\u00dfern sich positiv \u00fcber die Wirkung von Mikrodosierung. Es kann sich auf viele verschiedene Bereiche auswirken, emotional und k\u00f6rperlich, aber auch auf Ihre kognitiven Funktionen.<\/p><p style=\"letter-spacing: 0.4px;\"><span style=\"letter-spacing: 0.4px;\">Dies beinhaltet die Einnahme kleiner Mengen einer psychedelischen Droge, wie z.B. Zauberpilze, Tr\u00fcffel oder LSD. Diese winzigen Mengen haben bei einer <a href=\"https:\/\/dutchmicrodosing.com\/de\/mikrodosierungsroutine\/\">Mikrodosierung<\/a> keine bewusstseinsver\u00e4ndernde Wirkung. Dennoch berichten die Menschen, dass sie eine positive Wirkung bemerken.  <\/span><span style=\"letter-spacing: 0.4px;\">In diesem Artikel befassen wir uns mit der Forschung zur Mikrodosierung von kognitiven Funktionen.<\/span><\/p>\t\t\t\t\t\t\t\t<\/div>\n\t\t\t\t<\/div>\n\t\t\t\t<div class=\"elementor-element elementor-element-57a0dc7 elementor-widget elementor-widget-heading\" data-id=\"57a0dc7\" data-element_type=\"widget\" data-e-type=\"widget\" data-widget_type=\"heading.default\">\n\t\t\t\t<div class=\"elementor-widget-container\">\n\t\t\t\t\t<h2 class=\"elementor-heading-title elementor-size-default\">Was sind kognitive Funktionen?<\/h2>\t\t\t\t<\/div>\n\t\t\t\t<\/div>\n\t\t\t\t<div class=\"elementor-element elementor-element-4d7402b elementor-widget elementor-widget-text-editor\" data-id=\"4d7402b\" data-element_type=\"widget\" data-e-type=\"widget\" data-widget_type=\"text-editor.default\">\n\t\t\t\t<div class=\"elementor-widget-container\">\n\t\t\t\t\t\t\t\t\t<p style=\"letter-spacing: 0.4px;\">Die Mikrodosierung kann Ihre kognitiven Funktionen auf verschiedene Weise beeinflussen. Unter kognitiven Funktionen und F\u00e4higkeiten verstehen wir:<\/p><ul style=\"font-size: 18px; background-color: #ffffff; letter-spacing: 0.4px;\"><li style=\"font-size: 18px;\">Speicher<\/li><li style=\"font-size: 18px;\">Aufnahme und Verarbeitung von Informationen<\/li><li style=\"font-size: 18px;\">Sprache verwenden<\/li><li style=\"font-size: 18px;\">Fehlersuche<\/li><li style=\"font-size: 18px;\">Vernunft<\/li><li style=\"font-size: 18px;\">Mathematik<\/li><li style=\"font-size: 18px;\">Konzentrieren Sie sich<\/li><li style=\"font-size: 18px;\">Pl\u00e4ne machen<\/li><li style=\"font-size: 18px;\">Orientierungsf\u00e4higkeit<\/li><li style=\"font-size: 18px;\">Vorstellungskraft<br><br><\/li><\/ul><div><p><img fetchpriority=\"high\" decoding=\"async\" class=\"alignnone wp-image-27236 size-full\" src=\"https:\/\/dutchmicrodosing.com\/wp-content\/uploads\/2023\/08\/genius-human-brain-abstract-color-powder-explosion-art-scaled.jpg\" alt=\"\" width=\"2560\" height=\"1706\" srcset=\"https:\/\/dutchmicrodosing.com\/wp-content\/uploads\/2023\/08\/genius-human-brain-abstract-color-powder-explosion-art-scaled.jpg 2560w, https:\/\/dutchmicrodosing.com\/wp-content\/uploads\/2023\/08\/genius-human-brain-abstract-color-powder-explosion-art-scaled-600x400.jpg 600w, https:\/\/dutchmicrodosing.com\/wp-content\/uploads\/2023\/08\/genius-human-brain-abstract-color-powder-explosion-art-300x200.jpg 300w, https:\/\/dutchmicrodosing.com\/wp-content\/uploads\/2023\/08\/genius-human-brain-abstract-color-powder-explosion-art-1024x683.jpg 1024w, https:\/\/dutchmicrodosing.com\/wp-content\/uploads\/2023\/08\/genius-human-brain-abstract-color-powder-explosion-art-768x512.jpg 768w, https:\/\/dutchmicrodosing.com\/wp-content\/uploads\/2023\/08\/genius-human-brain-abstract-color-powder-explosion-art-1536x1024.jpg 1536w, https:\/\/dutchmicrodosing.com\/wp-content\/uploads\/2023\/08\/genius-human-brain-abstract-color-powder-explosion-art-2048x1365.jpg 2048w\" sizes=\"(max-width: 2560px) 100vw, 2560px\" \/><\/p><\/div>\t\t\t\t\t\t\t\t<\/div>\n\t\t\t\t<\/div>\n\t\t\t\t<div class=\"elementor-element elementor-element-fab6845 elementor-widget elementor-widget-heading\" data-id=\"fab6845\" data-element_type=\"widget\" data-e-type=\"widget\" data-widget_type=\"heading.default\">\n\t\t\t\t<div class=\"elementor-widget-container\">\n\t\t\t\t\t<h2 class=\"elementor-heading-title elementor-size-default\">Forschung zur Mikrodosierung<\/h2>\t\t\t\t<\/div>\n\t\t\t\t<\/div>\n\t\t\t\t<div class=\"elementor-element elementor-element-00fa7b9 elementor-widget elementor-widget-text-editor\" data-id=\"00fa7b9\" data-element_type=\"widget\" data-e-type=\"widget\" data-widget_type=\"text-editor.default\">\n\t\t\t\t<div class=\"elementor-widget-container\">\n\t\t\t\t\t\t\t\t\t<p style=\"letter-spacing: 0.4px;\">Harriet de Wit ist Experimentalpsychologin an der Universit\u00e4t von Chicago. Sie ist eine der ersten Wissenschaftlerinnen, die es auf sich genommen hat, Studien zur Mikrodosierung durchzuf\u00fchren. Derzeit f\u00fchrt sie eine der ersten <a href=\"https:\/\/clinicaltrials.gov\/ct2\/show\/NCT03934710?term=university+of+chicago+lsd&amp;draw=2&amp;rank=3\">Doppelblindstudien<\/a> zum Einfluss von Mikrodosen LSD auf das emotionale Wohlbefinden von Menschen mit depressiver Verstimmung durch. Sie m\u00f6chte herausfinden, ob Mikrodosierung nur ein Hype ist oder ob mehr dahintersteckt. Die Studie ist jedoch noch nicht abgeschlossen und die Daten sind noch nicht verf\u00fcgbar.<\/p><p style=\"letter-spacing: 0.4px;\"><span style=\"letter-spacing: 0.4px;\">Der chemische Neurowissenschaftler David Olson untersucht die<\/span><span style=\"letter-spacing: 0.4px;\"> <\/span><a style=\"letter-spacing: 0.4px; background-color: #ffffff;\" href=\"https:\/\/pubs.acs.org\/doi\/10.1021\/acschemneuro.8b00692\">Effekte<\/a><span style=\"letter-spacing: 0.4px;\"> <\/span><span style=\"letter-spacing: 0.4px;\">von Psychedelika bei Ratten an der Universit\u00e4t von Kalifornien. Er gab Ratten eine Mikrodosis DMT (die gleiche psychedelische Substanz, die in Ayahuasca gefunden wird). Sie wurden zwei Wochen lang behandelt, um u.a. die Auswirkungen auf ihre kognitiven Funktionen zu sehen. Die Tests wurden w\u00e4hrend der zweit\u00e4gigen Pause zwischen den Dosen durchgef\u00fchrt. Die Studie zeigte, dass in den Bereichen der Kognition und des Sozialverhaltens keine Einschr\u00e4nkungen oder Verbesserungen zu sehen waren. Dies ist auff\u00e4llig, weil es den Erfahrungen der Anwender widerspricht.<\/span><\/p><p style=\"letter-spacing: 0.4px;\"><span style=\"letter-spacing: 0.4px;\">Eine weitere<\/span><span style=\"letter-spacing: 0.4px;\"> <\/span>Forschungsteam<span style=\"letter-spacing: 0.4px;\"> <\/span><span style=\"letter-spacing: 0.4px;\">sammelten die Daten von Hunderten von Teilnehmern, die sie \u00fcber Reddit rekrutiert hatten. Die Teilnehmer mussten einen sehr umfassenden Fragebogen ausf\u00fcllen, der neun Fragen zu <a href=\"https:\/\/dutchmicrodosing.com\/de\/persoenlichkeit\/\">Pers\u00f6nlichkeit<\/a>, psychischer Gesundheit und Wohlbefinden enthielt. Jeden Tag notierten sie, wie sie sich f\u00fchlten und ob sie eine Mikrodosis genommen hatten. Am Ende einer sechsw\u00f6chigen Testperiode absolvierten sie denselben Test erneut.<\/span><\/p><p style=\"letter-spacing: 0.4px;\"><span style=\"letter-spacing: 0.4px;\">Die Daten zeigten, dass die Teilnehmer an den Tagen, an denen sie mikrodosierten, besser abschnitten als normal. Dies zeigte sich in einer Vielzahl von Bereichen, einschlie\u00dflich der Kognition (Konzentration und Produktivit\u00e4t). Auff\u00e4llig war, dass vor allem in diesen beiden Bereichen auch in den Folgetagen, also an den Tagen, an denen sie die Mikrodosis nicht einnahmen, eine Verbesserung eintrat. Dies deckt sich mit Berichten, dass die Wirkung der Mikrodosierung mehrere Tage anh\u00e4lt.<\/span><\/p><p><img decoding=\"async\" class=\"aligncenter wp-image-19521 size-full\" src=\"https:\/\/dutchmicrodosing.com\/wp-content\/uploads\/2023\/01\/preparing-micro-doses-of-psilocybin-mushrooms-in-science-laboratory-for-experiment.jpg\" alt=\"Forschung zur Mikrodosierung\" width=\"2000\" height=\"1333\" srcset=\"https:\/\/dutchmicrodosing.com\/wp-content\/uploads\/2023\/01\/preparing-micro-doses-of-psilocybin-mushrooms-in-science-laboratory-for-experiment.jpg 2000w, https:\/\/dutchmicrodosing.com\/wp-content\/uploads\/2023\/01\/preparing-micro-doses-of-psilocybin-mushrooms-in-science-laboratory-for-experiment-600x400.jpg 600w, https:\/\/dutchmicrodosing.com\/wp-content\/uploads\/2023\/01\/preparing-micro-doses-of-psilocybin-mushrooms-in-science-laboratory-for-experiment-300x200.jpg 300w, https:\/\/dutchmicrodosing.com\/wp-content\/uploads\/2023\/01\/preparing-micro-doses-of-psilocybin-mushrooms-in-science-laboratory-for-experiment-1024x682.jpg 1024w, https:\/\/dutchmicrodosing.com\/wp-content\/uploads\/2023\/01\/preparing-micro-doses-of-psilocybin-mushrooms-in-science-laboratory-for-experiment-768x512.jpg 768w, https:\/\/dutchmicrodosing.com\/wp-content\/uploads\/2023\/01\/preparing-micro-doses-of-psilocybin-mushrooms-in-science-laboratory-for-experiment-1536x1024.jpg 1536w\" sizes=\"(max-width: 2000px) 100vw, 2000px\" \/><\/p>\t\t\t\t\t\t\t\t<\/div>\n\t\t\t\t<\/div>\n\t\t\t\t<div class=\"elementor-element elementor-element-d0dcd3e elementor-widget elementor-widget-heading\" data-id=\"d0dcd3e\" data-element_type=\"widget\" data-e-type=\"widget\" data-widget_type=\"heading.default\">\n\t\t\t\t<div class=\"elementor-widget-container\">\n\t\t\t\t\t<h2 class=\"elementor-heading-title elementor-size-default\">Forschung in den Niederlanden \u00fcber den Einfluss der Mikrodosierung<\/h2>\t\t\t\t<\/div>\n\t\t\t\t<\/div>\n\t\t\t\t<div class=\"elementor-element elementor-element-4277ecc elementor-widget elementor-widget-text-editor\" data-id=\"4277ecc\" data-element_type=\"widget\" data-e-type=\"widget\" data-widget_type=\"text-editor.default\">\n\t\t\t\t<div class=\"elementor-widget-container\">\n\t\t\t\t\t\t\t\t\t<p style=\"letter-spacing: 0.4px;\">Auch in den Niederlanden wird an der Mikrodosierung <a href=\"https:\/\/pubmed.ncbi.nlm.nih.gov\/30357434\/\">geforscht<\/a>. An der Universit\u00e4t Leiden f\u00fchrt Luisa Prochazkova eine Studie zum Thema Mikrodosierung durch: Sie erforscht den Effekt der Mikrodosierung von Psychedelika auf die Kreativit\u00e4t in einem offenen, nat\u00fcrlichen Setting. Der Bericht wurde im Jahr 2018 ver\u00f6ffentlicht.<\/p><p style=\"letter-spacing: 0.4px;\"><span style=\"letter-spacing: 0.4px;\">In der Studie wollten Prochazkova und ihre Kollegen untersuchen, wie sich eine Mikrodosis getrockneter Tr\u00fcffel auf die kognitiven Funktionen von 36 Teilnehmern auswirken w\u00fcrde. Es ist die erste Studie, die untersucht, wie sich geringe Mengen von Psychedelika auf drei kognitive Bereiche auswirken: konvergentes Denken (systematisches Denken, Konzentration auf eine L\u00f6sung, bewusstes Treffen einer Wahl), divergentes Denken<a href=\"https:\/\/dutchmicrodosing.com\/de\/kreativitaet\/\">(kreatives Denken<\/a>, spontan und nicht-linear) und fluide Intelligenz (flexibles Denken, logisches Denken, Probleml\u00f6sungsf\u00e4higkeit in neuen Situationen).<\/span><\/p><p style=\"letter-spacing: 0.4px;\"><span style=\"letter-spacing: 0.4px;\">Prochazkova und ihre Kollegen berichteten, dass die Ergebnisse auf einen positiven Effekt hinzudeuten scheinen. Der Verzehr einer Mikrodosis hilft den Teilnehmern, \u00fcber den Tellerrand zu schauen, sagen sie. Dies unterst\u00fctzt die Annahme, dass Mikrodosierung das divergente Denken verbessert. Aber auch das konvergente Denken hatte sich verbessert. Die fluide Intelligenz schien durch die Mikrodosierung nicht beeinflusst zu werden.<\/span><\/p><p style=\"letter-spacing: 0.4px;\"><span style=\"letter-spacing: 0.4px;\">Basierend auf diesen ersten Daten scheinen die Studien zu best\u00e4tigen, dass die Mikrodosierung von Psychedelika zur Unterst\u00fctzung der kognitiven F\u00e4higkeiten verwendet werden kann. Es ist zu hoffen, dass weitere Studien durchgef\u00fchrt werden, um mehr Klarheit \u00fcber die Auswirkungen auf unsere <a href=\"https:\/\/dutchmicrodosing.com\/de\/gesundheit\/\">Gesundheit<\/a> und unser Denkverm\u00f6gen zu erhalten.<\/span><\/p>\t\t\t\t\t\t\t\t<\/div>\n\t\t\t\t<\/div>\n\t\t\t\t\t<\/div>\n\t\t<\/div>\n\t\t\t\t\t<\/div>\n\t\t<\/section>\n\t\t\t\t<\/div>\n\t\t","protected":false},"excerpt":{"rendered":"<p>Der Einfluss der Mikrodosierung auf kognitive Funktionen Wie wirkt sich die Mikrodosierung auf kognitive Funktionen aus? Viele Menschen \u00e4u\u00dfern sich positiv \u00fcber die Wirkung von Mikrodosierung. Es kann sich auf viele verschiedene Bereiche auswirken, emotional und k\u00f6rperlich, aber auch auf Ihre kognitiven Funktionen. Dies beinhaltet die Einnahme kleiner Mengen einer psychedelischen Droge, wie z.B. Zauberpilze, [&hellip;]<\/p>\n","protected":false},"author":10,"featured_media":0,"parent":0,"menu_order":0,"comment_status":"closed","ping_status":"closed","template":"","meta":{"footnotes":""},"class_list":["post-4423","page","type-page","status-publish","hentry"],"yoast_head":"<!-- This site is optimized with the Yoast SEO Premium plugin v26.4 (Yoast SEO v27.2) - https:\/\/yoast.com\/product\/yoast-seo-premium-wordpress\/ -->\n<title>DutchMicrodosing | Microdosing Forschung kognitive Funktionen<\/title>\n<meta name=\"description\" content=\"Entdecken Sie in Mikrodosierungsstudien, wie Mikrodosierung die kognitiven Funktionen verbessern kann und welche Wirkungen wissenschaftlich nachgewiesen wurden\" \/>\n<meta name=\"robots\" content=\"index, follow, max-snippet:-1, max-image-preview:large, max-video-preview:-1\" \/>\n<link rel=\"canonical\" href=\"https:\/\/dutchmicrodosing.com\/de\/kognitive-funktionen\/\" \/>\n<meta property=\"og:locale\" content=\"de_DE\" \/>\n<meta property=\"og:type\" content=\"article\" \/>\n<meta property=\"og:title\" content=\"Kognitive Funktionen\" \/>\n<meta property=\"og:description\" content=\"Der Einfluss der Mikrodosierung auf kognitive Funktionen Wie wirkt sich die Mikrodosierung auf kognitive Funktionen aus? Viele Menschen \u00e4u\u00dfern sich\" \/>\n<meta property=\"og:url\" content=\"https:\/\/dutchmicrodosing.com\/de\/kognitive-funktionen\/\" \/>\n<meta property=\"og:site_name\" content=\"Dutchmicrodosing\" \/>\n<meta property=\"article:publisher\" content=\"https:\/\/www.facebook.com\/Dutchmicrodosingxp\/\" \/>\n<meta property=\"article:modified_time\" content=\"2025-10-20T20:51:46+00:00\" \/>\n<meta property=\"og:image\" content=\"https:\/\/dutchmicrodosing.com\/wp-content\/uploads\/2023\/08\/genius-human-brain-abstract-color-powder-explosion-art-scaled.jpg\" \/>\n\t<meta property=\"og:image:width\" content=\"2560\" \/>\n\t<meta property=\"og:image:height\" content=\"1706\" \/>\n\t<meta property=\"og:image:type\" content=\"image\/jpeg\" \/>\n<meta name=\"twitter:card\" content=\"summary_large_image\" \/>\n<script type=\"application\/ld+json\" class=\"yoast-schema-graph\">{\"@context\":\"https:\/\/schema.org\",\"@graph\":[{\"@type\":\"WebPage\",\"@id\":\"https:\/\/dutchmicrodosing.com\/de\/kognitive-funktionen\/\",\"url\":\"https:\/\/dutchmicrodosing.com\/de\/kognitive-funktionen\/\",\"name\":\"DutchMicrodosing | Microdosing Forschung kognitive Funktionen\",\"isPartOf\":{\"@id\":\"https:\/\/dutchmicrodosing.com\/de\/#website\"},\"primaryImageOfPage\":{\"@id\":\"https:\/\/dutchmicrodosing.com\/de\/kognitive-funktionen\/#primaryimage\"},\"image\":{\"@id\":\"https:\/\/dutchmicrodosing.com\/de\/kognitive-funktionen\/#primaryimage\"},\"thumbnailUrl\":\"https:\/\/dutchmicrodosing.com\/wp-content\/uploads\/2023\/08\/genius-human-brain-abstract-color-powder-explosion-art-scaled.jpg\",\"datePublished\":\"2021-05-01T13:12:53+00:00\",\"dateModified\":\"2025-10-20T20:51:46+00:00\",\"description\":\"Entdecken Sie in Mikrodosierungsstudien, wie Mikrodosierung die kognitiven Funktionen verbessern kann und welche Wirkungen wissenschaftlich nachgewiesen wurden\",\"breadcrumb\":{\"@id\":\"https:\/\/dutchmicrodosing.com\/de\/kognitive-funktionen\/#breadcrumb\"},\"inLanguage\":\"de\",\"potentialAction\":[{\"@type\":\"ReadAction\",\"target\":[\"https:\/\/dutchmicrodosing.com\/de\/kognitive-funktionen\/\"]}]},{\"@type\":\"ImageObject\",\"inLanguage\":\"de\",\"@id\":\"https:\/\/dutchmicrodosing.com\/de\/kognitive-funktionen\/#primaryimage\",\"url\":\"https:\/\/dutchmicrodosing.com\/wp-content\/uploads\/2023\/08\/genius-human-brain-abstract-color-powder-explosion-art-scaled.jpg\",\"contentUrl\":\"https:\/\/dutchmicrodosing.com\/wp-content\/uploads\/2023\/08\/genius-human-brain-abstract-color-powder-explosion-art-scaled.jpg\"},{\"@type\":\"BreadcrumbList\",\"@id\":\"https:\/\/dutchmicrodosing.com\/de\/kognitive-funktionen\/#breadcrumb\",\"itemListElement\":[{\"@type\":\"ListItem\",\"position\":1,\"name\":\"Home\",\"item\":\"https:\/\/dutchmicrodosing.com\/de\/\"},{\"@type\":\"ListItem\",\"position\":2,\"name\":\"Kognitive Funktionen\"}]},{\"@type\":\"WebSite\",\"@id\":\"https:\/\/dutchmicrodosing.com\/de\/#website\",\"url\":\"https:\/\/dutchmicrodosing.com\/de\/\",\"name\":\"Dutchmicrodosing\",\"description\":\"\",\"publisher\":{\"@id\":\"https:\/\/dutchmicrodosing.com\/de\/#organization\"},\"potentialAction\":[{\"@type\":\"SearchAction\",\"target\":{\"@type\":\"EntryPoint\",\"urlTemplate\":\"https:\/\/dutchmicrodosing.com\/de\/?s={search_term_string}\"},\"query-input\":{\"@type\":\"PropertyValueSpecification\",\"valueRequired\":true,\"valueName\":\"search_term_string\"}}],\"inLanguage\":\"de\"},{\"@type\":\"Organization\",\"@id\":\"https:\/\/dutchmicrodosing.com\/de\/#organization\",\"name\":\"Dutchmicrodosing\",\"url\":\"https:\/\/dutchmicrodosing.com\/de\/\",\"logo\":{\"@type\":\"ImageObject\",\"inLanguage\":\"de\",\"@id\":\"https:\/\/dutchmicrodosing.com\/de\/#\/schema\/logo\/image\/\",\"url\":\"https:\/\/dutchmicrodosing.com\/wp-content\/uploads\/2021\/01\/microdosing-categorie-pic-nieuw.jpg\",\"contentUrl\":\"https:\/\/dutchmicrodosing.com\/wp-content\/uploads\/2021\/01\/microdosing-categorie-pic-nieuw.jpg\",\"width\":500,\"height\":500,\"caption\":\"Dutchmicrodosing\"},\"image\":{\"@id\":\"https:\/\/dutchmicrodosing.com\/de\/#\/schema\/logo\/image\/\"},\"sameAs\":[\"https:\/\/www.facebook.com\/Dutchmicrodosingxp\/\",\"https:\/\/www.instagram.com\/dutchmicrodosing\/\"]}]}<\/script>\n<!-- \/ Yoast SEO Premium plugin. -->","yoast_head_json":{"title":"DutchMicrodosing | Microdosing Forschung kognitive Funktionen","description":"Entdecken Sie in Mikrodosierungsstudien, wie Mikrodosierung die kognitiven Funktionen verbessern kann und welche Wirkungen wissenschaftlich nachgewiesen wurden","robots":{"index":"index","follow":"follow","max-snippet":"max-snippet:-1","max-image-preview":"max-image-preview:large","max-video-preview":"max-video-preview:-1"},"canonical":"https:\/\/dutchmicrodosing.com\/de\/kognitive-funktionen\/","og_locale":"de_DE","og_type":"article","og_title":"Kognitive Funktionen","og_description":"Der Einfluss der Mikrodosierung auf kognitive Funktionen Wie wirkt sich die Mikrodosierung auf kognitive Funktionen aus? Viele Menschen \u00e4u\u00dfern sich","og_url":"https:\/\/dutchmicrodosing.com\/de\/kognitive-funktionen\/","og_site_name":"Dutchmicrodosing","article_publisher":"https:\/\/www.facebook.com\/Dutchmicrodosingxp\/","article_modified_time":"2025-10-20T20:51:46+00:00","og_image":[{"width":2560,"height":1706,"url":"https:\/\/dutchmicrodosing.com\/wp-content\/uploads\/2023\/08\/genius-human-brain-abstract-color-powder-explosion-art-scaled.jpg","type":"image\/jpeg"}],"twitter_card":"summary_large_image","schema":{"@context":"https:\/\/schema.org","@graph":[{"@type":"WebPage","@id":"https:\/\/dutchmicrodosing.com\/de\/kognitive-funktionen\/","url":"https:\/\/dutchmicrodosing.com\/de\/kognitive-funktionen\/","name":"DutchMicrodosing | Microdosing Forschung kognitive Funktionen","isPartOf":{"@id":"https:\/\/dutchmicrodosing.com\/de\/#website"},"primaryImageOfPage":{"@id":"https:\/\/dutchmicrodosing.com\/de\/kognitive-funktionen\/#primaryimage"},"image":{"@id":"https:\/\/dutchmicrodosing.com\/de\/kognitive-funktionen\/#primaryimage"},"thumbnailUrl":"https:\/\/dutchmicrodosing.com\/wp-content\/uploads\/2023\/08\/genius-human-brain-abstract-color-powder-explosion-art-scaled.jpg","datePublished":"2021-05-01T13:12:53+00:00","dateModified":"2025-10-20T20:51:46+00:00","description":"Entdecken Sie in Mikrodosierungsstudien, wie Mikrodosierung die kognitiven Funktionen verbessern kann und welche Wirkungen wissenschaftlich nachgewiesen wurden","breadcrumb":{"@id":"https:\/\/dutchmicrodosing.com\/de\/kognitive-funktionen\/#breadcrumb"},"inLanguage":"de","potentialAction":[{"@type":"ReadAction","target":["https:\/\/dutchmicrodosing.com\/de\/kognitive-funktionen\/"]}]},{"@type":"ImageObject","inLanguage":"de","@id":"https:\/\/dutchmicrodosing.com\/de\/kognitive-funktionen\/#primaryimage","url":"https:\/\/dutchmicrodosing.com\/wp-content\/uploads\/2023\/08\/genius-human-brain-abstract-color-powder-explosion-art-scaled.jpg","contentUrl":"https:\/\/dutchmicrodosing.com\/wp-content\/uploads\/2023\/08\/genius-human-brain-abstract-color-powder-explosion-art-scaled.jpg"},{"@type":"BreadcrumbList","@id":"https:\/\/dutchmicrodosing.com\/de\/kognitive-funktionen\/#breadcrumb","itemListElement":[{"@type":"ListItem","position":1,"name":"Home","item":"https:\/\/dutchmicrodosing.com\/de\/"},{"@type":"ListItem","position":2,"name":"Kognitive Funktionen"}]},{"@type":"WebSite","@id":"https:\/\/dutchmicrodosing.com\/de\/#website","url":"https:\/\/dutchmicrodosing.com\/de\/","name":"Dutchmicrodosing","description":"","publisher":{"@id":"https:\/\/dutchmicrodosing.com\/de\/#organization"},"potentialAction":[{"@type":"SearchAction","target":{"@type":"EntryPoint","urlTemplate":"https:\/\/dutchmicrodosing.com\/de\/?s={search_term_string}"},"query-input":{"@type":"PropertyValueSpecification","valueRequired":true,"valueName":"search_term_string"}}],"inLanguage":"de"},{"@type":"Organization","@id":"https:\/\/dutchmicrodosing.com\/de\/#organization","name":"Dutchmicrodosing","url":"https:\/\/dutchmicrodosing.com\/de\/","logo":{"@type":"ImageObject","inLanguage":"de","@id":"https:\/\/dutchmicrodosing.com\/de\/#\/schema\/logo\/image\/","url":"https:\/\/dutchmicrodosing.com\/wp-content\/uploads\/2021\/01\/microdosing-categorie-pic-nieuw.jpg","contentUrl":"https:\/\/dutchmicrodosing.com\/wp-content\/uploads\/2021\/01\/microdosing-categorie-pic-nieuw.jpg","width":500,"height":500,"caption":"Dutchmicrodosing"},"image":{"@id":"https:\/\/dutchmicrodosing.com\/de\/#\/schema\/logo\/image\/"},"sameAs":["https:\/\/www.facebook.com\/Dutchmicrodosingxp\/","https:\/\/www.instagram.com\/dutchmicrodosing\/"]}]}},"_links":{"self":[{"href":"https:\/\/dutchmicrodosing.com\/de\/wp-json\/wp\/v2\/pages\/4423","targetHints":{"allow":["GET"]}}],"collection":[{"href":"https:\/\/dutchmicrodosing.com\/de\/wp-json\/wp\/v2\/pages"}],"about":[{"href":"https:\/\/dutchmicrodosing.com\/de\/wp-json\/wp\/v2\/types\/page"}],"author":[{"embeddable":true,"href":"https:\/\/dutchmicrodosing.com\/de\/wp-json\/wp\/v2\/users\/10"}],"replies":[{"embeddable":true,"href":"https:\/\/dutchmicrodosing.com\/de\/wp-json\/wp\/v2\/comments?post=4423"}],"version-history":[{"count":0,"href":"https:\/\/dutchmicrodosing.com\/de\/wp-json\/wp\/v2\/pages\/4423\/revisions"}],"wp:attachment":[{"href":"https:\/\/dutchmicrodosing.com\/de\/wp-json\/wp\/v2\/media?parent=4423"}],"curies":[{"name":"wp","href":"https:\/\/api.w.org\/{rel}","templated":true}]}}