{"id":4456,"date":"2021-05-01T13:15:46","date_gmt":"2021-05-01T13:15:46","guid":{"rendered":"https:\/\/dutchmicrodosing.com\/nebenwirkungen-und-risiken\/"},"modified":"2025-10-20T22:51:46","modified_gmt":"2025-10-20T20:51:46","slug":"nebenwirkungen-und-risiken","status":"publish","type":"page","link":"https:\/\/dutchmicrodosing.com\/de\/nebenwirkungen-und-risiken\/","title":{"rendered":"Nebenwirkungen und Risiken"},"content":{"rendered":"\t\t<div data-elementor-type=\"wp-page\" data-elementor-id=\"4456\" class=\"elementor elementor-4456 elementor-228\" data-elementor-post-type=\"page\">\n\t\t\t\t\t\t<section class=\"elementor-section elementor-top-section elementor-element elementor-element-b4abb1a elementor-section-boxed elementor-section-height-default elementor-section-height-default\" data-id=\"b4abb1a\" data-element_type=\"section\" data-e-type=\"section\">\n\t\t\t\t\t\t<div class=\"elementor-container elementor-column-gap-default\">\n\t\t\t\t\t<div class=\"elementor-column elementor-col-100 elementor-top-column elementor-element elementor-element-81a7415\" data-id=\"81a7415\" data-element_type=\"column\" data-e-type=\"column\">\n\t\t\t<div class=\"elementor-widget-wrap elementor-element-populated\">\n\t\t\t\t\t\t<div class=\"elementor-element elementor-element-3e6aa01 elementor--h-position-center elementor--v-position-middle elementor-arrows-position-inside elementor-pagination-position-inside elementor-widget elementor-widget-slides\" data-id=\"3e6aa01\" data-element_type=\"widget\" data-e-type=\"widget\" data-settings=\"{&quot;navigation&quot;:&quot;both&quot;,&quot;autoplay&quot;:&quot;yes&quot;,&quot;pause_on_hover&quot;:&quot;yes&quot;,&quot;pause_on_interaction&quot;:&quot;yes&quot;,&quot;autoplay_speed&quot;:5000,&quot;infinite&quot;:&quot;yes&quot;,&quot;transition&quot;:&quot;slide&quot;,&quot;transition_speed&quot;:500}\" data-widget_type=\"slides.default\">\n\t\t\t\t<div class=\"elementor-widget-container\">\n\t\t\t\t\t\t\t\t\t<div class=\"elementor-swiper\">\n\t\t\t\t\t<div class=\"elementor-slides-wrapper elementor-main-swiper swiper\" role=\"region\" aria-roledescription=\"carousel\" aria-label=\"Slides\" dir=\"ltr\" data-animation=\"fadeInUp\">\n\t\t\t\t<div class=\"swiper-wrapper elementor-slides\">\n\t\t\t\t\t\t\t\t\t\t<div class=\"elementor-repeater-item-529bbbd swiper-slide\" role=\"group\" aria-roledescription=\"slide\"><div class=\"swiper-slide-bg\" role=\"img\" aria-label=\"Bild einer zerbrechenden Gl\u00fchbirne mit Gehirn, das Ideen darstellt, etwas Umwerfendes\"><\/div><div class=\"swiper-slide-inner\" ><div class=\"swiper-slide-contents\"><\/div><\/div><\/div>\t\t\t\t<\/div>\n\t\t\t\t\t\t\t<\/div>\n\t\t\t\t<\/div>\n\t\t\t\t\t\t\t\t<\/div>\n\t\t\t\t<\/div>\n\t\t\t\t\t<\/div>\n\t\t<\/div>\n\t\t\t\t\t<\/div>\n\t\t<\/section>\n\t\t\t\t<section class=\"elementor-section elementor-top-section elementor-element elementor-element-90f6ec9 elementor-section-boxed elementor-section-height-default elementor-section-height-default\" data-id=\"90f6ec9\" data-element_type=\"section\" data-e-type=\"section\">\n\t\t\t\t\t\t<div class=\"elementor-container elementor-column-gap-default\">\n\t\t\t\t\t<div class=\"elementor-column elementor-col-100 elementor-top-column elementor-element elementor-element-14d64b9\" data-id=\"14d64b9\" data-element_type=\"column\" data-e-type=\"column\">\n\t\t\t<div class=\"elementor-widget-wrap elementor-element-populated\">\n\t\t\t\t\t\t<div class=\"elementor-element elementor-element-392c1d7 elementor-widget elementor-widget-heading\" data-id=\"392c1d7\" data-element_type=\"widget\" data-e-type=\"widget\" data-widget_type=\"heading.default\">\n\t\t\t\t<div class=\"elementor-widget-container\">\n\t\t\t\t\t<h1 class=\"elementor-heading-title elementor-size-default\">Nebenwirkungen und Risiken der Mikrodosierung<\/h1>\t\t\t\t<\/div>\n\t\t\t\t<\/div>\n\t\t\t\t\t<\/div>\n\t\t<\/div>\n\t\t\t\t\t<\/div>\n\t\t<\/section>\n\t\t\t\t<section class=\"elementor-section elementor-top-section elementor-element elementor-element-c63631d elementor-section-boxed elementor-section-height-default elementor-section-height-default\" data-id=\"c63631d\" data-element_type=\"section\" data-e-type=\"section\">\n\t\t\t\t\t\t<div class=\"elementor-container elementor-column-gap-default\">\n\t\t\t\t\t<div class=\"elementor-column elementor-col-100 elementor-top-column elementor-element elementor-element-9f9418c\" data-id=\"9f9418c\" data-element_type=\"column\" data-e-type=\"column\">\n\t\t\t<div class=\"elementor-widget-wrap elementor-element-populated\">\n\t\t\t\t\t\t<div class=\"elementor-element elementor-element-234304f elementor-widget elementor-widget-text-editor\" data-id=\"234304f\" data-element_type=\"widget\" data-e-type=\"widget\" data-widget_type=\"text-editor.default\">\n\t\t\t\t<div class=\"elementor-widget-container\">\n\t\t\t\t\t\t\t\t\t<p>Die Einnahme einer Mikrodosis von Psychedelika bedeutet, dass Sie eine sehr kleine Menge einnehmen. Dadurch ist es m\u00f6glich, von den Vorteilen des Medikaments zu profitieren, aber dass es keine bewusstseinsver\u00e4ndernde Wirkung hat. So kann die <a href=\"https:\/\/dutchmicrodosing.com\/de\/was-ist-mikrodosierung-2\/\">Mikrodosierung<\/a> beispielsweise dazu beitragen, Ihr Energieniveau zu steigern, Ihre Konzentration zu verbessern oder sich in Ihrer eigenen Haut wohler zu f\u00fchlen. Aber hat die Mikrodosierung auch Nebenwirkungen und Risiken?&nbsp;<\/p>\n<p>Die Risiken von Psychedelika sind nahezu vernachl\u00e4ssigbar. Es ist praktisch unm\u00f6glich, eine t\u00f6dliche Dosis von Pilzen einzunehmen, man m\u00fcsste riesige Mengen konsumieren, und das ist noch nie passiert. Die (mutma\u00dflich) t\u00f6dliche Dosis von Magic Mushrooms f\u00fcr den Menschen wird auf eine Pilzmenge gesch\u00e4tzt, die dem K\u00f6rpergewicht des Konsumenten entspricht.<\/p>\n<h2>Forschung zu den Nebenwirkungen und Risiken der Mikrodosierung<\/h2>\n<p><span style=\"letter-spacing: 0.4px;\">Die Mikrodosierung wird zunehmend zur Unterst\u00fctzung der Gesundheit eingesetzt. Es bringt viele <a href=\"https:\/\/dutchmicrodosing.com\/de\/benefits-microdosing\/\">Vorteile<\/a>, aber es ist auch gut, die m\u00f6glichen Nebenwirkungen und Risiken der Mikrodosierung zu bedenken. Bis vor kurzem gab es nicht viele Daten, aber gl\u00fccklicherweise wird immer mehr Forschung \u00fcber die Auswirkungen von Mikrodosierung betrieben.<\/span><\/p>\n<p><a href=\"https:\/\/en.wikipedia.org\/wiki\/James_Fadiman\" target=\"_blank\" style=\"background-color: rgb(255, 255, 255); letter-spacing: 0.4px;\">James Fadiman<\/a> hat jahrelang Daten gesammelt (von 1800 Menschen aus 59 verschiedenen L\u00e4ndern), die ihm ihre Erfahrungen mit Mikrodosierung geschickt haben. Aus diesen Informationen und aus dem, was wir \u00fcber die Einnahme h\u00f6herer Dosen von Psychedelika wissen, k\u00f6nnen wir einige Schlussfolgerungen ziehen, wie zum Beispiel: F\u00fcr die meisten Menschen ist Mikrodosierung sicher.<\/p>\n<p><span style=\"letter-spacing: 0.4px;\">Die Einnahme einer so niedrigen Dosis verhindert, dass Sie einen schlechten Trip haben. Die Dosis wird Ihr Bewusstsein nicht beeinflussen, in dem Sinne, dass Sie keine Halluzinationen haben werden. Von den Personen, die Fadiman von ihren Erfahrungen berichteten, hatte niemand eine Psychose erlitten. Mit der Zeit wird die Mikrodosierung von Psilocybin als <a href=\"https:\/\/dutchmicrodosing.com\/de\/medizinisch-analytische-anwendungen\/\">medizinische Anwendung<\/a> betrachtet werden.<\/span><\/p>\n<p><img fetchpriority=\"high\" decoding=\"async\" class=\"aligncenter wp-image-27121 size-full\" src=\"https:\/\/dutchmicrodosing.com\/wp-content\/uploads\/2023\/08\/young-woman-sadness-hides-black-window-generated-by-ai.jpg\" alt=\"\" width=\"1500\" height=\"857\" srcset=\"https:\/\/dutchmicrodosing.com\/wp-content\/uploads\/2023\/08\/young-woman-sadness-hides-black-window-generated-by-ai.jpg 1500w, https:\/\/dutchmicrodosing.com\/wp-content\/uploads\/2023\/08\/young-woman-sadness-hides-black-window-generated-by-ai-600x343.jpg 600w, https:\/\/dutchmicrodosing.com\/wp-content\/uploads\/2023\/08\/young-woman-sadness-hides-black-window-generated-by-ai-300x171.jpg 300w, https:\/\/dutchmicrodosing.com\/wp-content\/uploads\/2023\/08\/young-woman-sadness-hides-black-window-generated-by-ai-1024x585.jpg 1024w, https:\/\/dutchmicrodosing.com\/wp-content\/uploads\/2023\/08\/young-woman-sadness-hides-black-window-generated-by-ai-768x439.jpg 768w\" sizes=\"(max-width: 1500px) 100vw, 1500px\" \/><\/p>\n<h3>M\u00f6gliche Nebenwirkungen und Risiken der Mikrodosierung:<\/h3>\n<ul>\n<li>Zunahme von Angstzust\u00e4nden: Wenn Sie bereits unter Angstzust\u00e4nden leiden, kann es sein, dass Ihre \u00c4ngste zunehmen. In diesem Fall wird eine Mikrodosierung nicht empfohlen.<\/li>\n<li>M\u00fcdigkeit: Dies tritt vor allem bei der Mikrodosierung von Magic Mushrooms auf, die Psilocybin enthalten. Das muss nicht immer ein Nachteil sein, wenn Sie f\u00fcr eine bessere Nachtruhe mikrodosieren. Optional k\u00f6nnen Sie sich f\u00fcr die Einnahme von Vitamin B12 entscheiden.<\/li>\n<li>Magenverstimmung\/\u00dcbelkeit: Bei der Einnahme von Pilzen kann es zu \u00dcbelkeit oder Magenverstimmung kommen, die mit der Zeit verschwinden.<\/li>\n<li>Symptome bei bipolarer St\u00f6rung: W\u00e4hrend der depressiven Phase war die Mikrodosierung hilfreich, um die Symptome zu reduzieren. Allerdings wird Menschen mit bipolarer St\u00f6rung von der Einnahme w\u00e4hrend einer manischen Phase abgeraten.<\/li>\n<li>Farbenblindheit: Bei M\u00e4nnern, die farbenblind sind, kann es zu Nachbildern oder leichten Halluzinationen kommen. Das muss nicht jedem passieren.<\/li>\n<li>Kopfschmerzen: Die Mikrodosierung von Psilocybin &#8222;kann&#8220; Kopfschmerzen verursachen.<\/li>\n<\/ul>\n<h3>Gr\u00fcnde, die gegen eine Mikrodosierung sprechen<\/h3>\n<p>W\u00e4hrend Mikrodosierung f\u00fcr die meisten Menschen sicher ist, gibt es bestimmte Gruppen von Menschen, die es nicht tun sollten. Dies sind Menschen mit bestimmten Erkrankungen oder wenn Sie Medikamente einnehmen.<\/p>\n<ul>\n<li>Lithium: Wenn Sie Lithiumcarbonat einnehmen, ist es nicht empfehlenswert, eine Mikrodosis mit Psychedelika einzunehmen. Es kann ein Risiko darstellen und es ist noch nicht ausreichend erforscht, wie sich diese Substanzen gegenseitig beeinflussen.<\/li>\n<li>Angstst\u00f6rung: Wenn Sie bereits an einer Angstst\u00f6rung leiden, kann eine Mikrodosierung diese verschlimmern. \u00c4ngste k\u00f6nnen vergr\u00f6\u00dfert werden oder Sie werden sich ihrer bewusster. Bei Depressionen mit Angstzust\u00e4nden kann eine Mikrodosierung Linderung bringen.<\/li>\n<li>Paranoia und Misstrauen: Die Symptome k\u00f6nnen sich verschlimmern, dies ist jedoch sehr selten.<\/li>\n<li>Psychose: Wenn Sie jemals eine Psychose hatten oder immer noch an einer solchen leiden, wird es nicht empfohlen. Eine hohe Dosis einer psychedelischen Droge kann eine Psychose ausl\u00f6sen. Aus diesem Grund ist auch eine Mikrodosierung nicht zu empfehlen.<\/li>\n<\/ul>\n<p><span style=\"letter-spacing: 0.4px;\">Sie sollten keine Mikrodosen einnehmen, wenn Sie:<\/span><\/p>\n<ul>\n<li>Sie sind 18 Jahre alt oder j\u00fcnger<\/li>\n<li>Schwangere oder Stillende<\/li>\n<\/ul>\n<p><span style=\"letter-spacing: 0.4px;\">Microdosing wird auch nicht in Kombination mit Alkohol oder anderen Drogen empfohlen. <\/span>Wenn Sie Medikamente einnehmen und unsicher sind, ob Sie diese in Kombination mit anderen Medikamenten einnehmen sollten, raten wir Ihnen, zuerst Ihren Hausarzt zu kontaktieren.<\/p>\n<p><img decoding=\"async\" class=\"aligncenter wp-image-27127 size-full\" src=\"https:\/\/dutchmicrodosing.com\/wp-content\/uploads\/2023\/08\/smiling-female-doctor-wearing-headset-while-working-medical-call-center-looking-camera-scaled.jpg\" alt=\"Nebenwirkungen der Mikrodosierung\" width=\"2560\" height=\"1707\" srcset=\"https:\/\/dutchmicrodosing.com\/wp-content\/uploads\/2023\/08\/smiling-female-doctor-wearing-headset-while-working-medical-call-center-looking-camera-scaled.jpg 2560w, https:\/\/dutchmicrodosing.com\/wp-content\/uploads\/2023\/08\/smiling-female-doctor-wearing-headset-while-working-medical-call-center-looking-camera-scaled-600x400.jpg 600w, https:\/\/dutchmicrodosing.com\/wp-content\/uploads\/2023\/08\/smiling-female-doctor-wearing-headset-while-working-medical-call-center-looking-camera-300x200.jpg 300w, https:\/\/dutchmicrodosing.com\/wp-content\/uploads\/2023\/08\/smiling-female-doctor-wearing-headset-while-working-medical-call-center-looking-camera-1024x683.jpg 1024w, https:\/\/dutchmicrodosing.com\/wp-content\/uploads\/2023\/08\/smiling-female-doctor-wearing-headset-while-working-medical-call-center-looking-camera-768x512.jpg 768w, https:\/\/dutchmicrodosing.com\/wp-content\/uploads\/2023\/08\/smiling-female-doctor-wearing-headset-while-working-medical-call-center-looking-camera-1536x1024.jpg 1536w, https:\/\/dutchmicrodosing.com\/wp-content\/uploads\/2023\/08\/smiling-female-doctor-wearing-headset-while-working-medical-call-center-looking-camera-2048x1365.jpg 2048w\" sizes=\"(max-width: 2560px) 100vw, 2560px\" \/><\/p>\n<h3>Wovor m\u00fcssen Sie sich in Acht nehmen?<\/h3>\n<h4>Dosierungen<\/h4>\n<p>Die durchschnittliche Mikrodosis besteht aus 10 % einer normalen Menge. Dies kann manchmal schwierig zu messen sein. Es kommt daher vor, dass jemand am Anfang zu viel nimmt. Darunter kann man allerdings leiden, so dass es das <a href=\"https:\/\/dutchmicrodosing.com\/de\/kognitive-funktionen\/\">t\u00e4gliche Funktionieren<\/a> beeintr\u00e4chtigt. Wenn Sie eine Mikrodosis zum ersten Mal einnehmen, tun Sie es an einem freien Tag, damit Sie es ruhig angehen lassen und sp\u00fcren k\u00f6nnen, was es mit Ihnen macht.<\/p>\n<h4>Wirkung bei Verwendung und Nichtverwendung<\/h4>\n<p>Einer der Effekte der Mikrodosierung ist, dass man sich gut f\u00fchlt, wenn man es nimmt. Zum Beispiel: depressive Symptome nehmen ab oder Sie haben mehr Energie. Aber wenn Sie die Einnahme des Medikaments beenden (was empfohlen wird, um eine Toleranz zu vermeiden), k\u00f6nnen Ihre Symptome zur\u00fcckkommen.<\/p>\n<h4>Aufbau von Toleranz oder Abh\u00e4ngigkeit<\/h4>\n<p>Es gibt keine wirklichen Beweise daf\u00fcr, dass man eine Toleranz gegen\u00fcber LSD oder Psilocybin aufbauen kann, aber es wird angenommen, dass man es kann. Wenn Sie das Medikament tolerieren, bedeutet dies, dass es immer weniger Wirkung hat. Das kann passieren, wenn man es jeden Tag einnimmt oder eine <a href=\"https:\/\/dutchmicrodosing.com\/de\/mikrodosierungsroutine\/\">Einnahme-Routine<\/a> f\u00fcr eine lange Zeit hintereinander verwendet. Ein weiterer Nachteil ist, dass Sie sich von den Mikrodosen abh\u00e4ngig f\u00fchlen w\u00fcrden, in dem Sinne, dass Sie anfangen w\u00fcrden zu denken, dass Sie sich ohne Ihre Mikrodosen nicht gut f\u00fchlen oder gl\u00fccklich oder kreativ sein k\u00f6nnten.<\/p>\t\t\t\t\t\t\t\t<\/div>\n\t\t\t\t<\/div>\n\t\t\t\t\t<\/div>\n\t\t<\/div>\n\t\t\t\t\t<\/div>\n\t\t<\/section>\n\t\t\t\t<\/div>\n\t\t","protected":false},"excerpt":{"rendered":"<p>Nebenwirkungen und Risiken der Mikrodosierung Die Einnahme einer Mikrodosis von Psychedelika bedeutet, dass Sie eine sehr kleine Menge einnehmen. Dadurch ist es m\u00f6glich, von den Vorteilen des Medikaments zu profitieren, aber dass es keine bewusstseinsver\u00e4ndernde Wirkung hat. So kann die Mikrodosierung beispielsweise dazu beitragen, Ihr Energieniveau zu steigern, Ihre Konzentration zu verbessern oder sich in [&hellip;]<\/p>\n","protected":false},"author":10,"featured_media":0,"parent":0,"menu_order":0,"comment_status":"closed","ping_status":"closed","template":"","meta":{"footnotes":""},"class_list":["post-4456","page","type-page","status-publish","hentry"],"yoast_head":"<!-- This site is optimized with the Yoast SEO Premium plugin v26.4 (Yoast SEO v27.2) - https:\/\/yoast.com\/product\/yoast-seo-premium-wordpress\/ -->\n<title>DutchMicrodosing | Microdosing Nebenwirkungen und Risiken<\/title>\n<meta name=\"description\" content=\"Lesen Sie alles \u00fcber die Nebenwirkungen der Mikrodosierung und erfahren Sie, welche m\u00f6glichen Nachteile oder Reaktionen bei der Mikrodosierung auftreten k\u00f6nnen.\" \/>\n<meta name=\"robots\" content=\"index, follow, max-snippet:-1, max-image-preview:large, max-video-preview:-1\" \/>\n<link rel=\"canonical\" href=\"https:\/\/dutchmicrodosing.com\/de\/nebenwirkungen-und-risiken\/\" \/>\n<meta property=\"og:locale\" content=\"de_DE\" \/>\n<meta property=\"og:type\" content=\"article\" \/>\n<meta property=\"og:title\" content=\"Nebenwirkungen und Risiken\" \/>\n<meta property=\"og:description\" content=\"Nebenwirkungen und Risiken der Mikrodosierung Die Einnahme einer Mikrodosis von Psychedelika bedeutet, dass Sie eine sehr kleine Menge einnehmen. Dadurch\" \/>\n<meta property=\"og:url\" content=\"https:\/\/dutchmicrodosing.com\/de\/nebenwirkungen-und-risiken\/\" \/>\n<meta property=\"og:site_name\" content=\"Dutchmicrodosing\" \/>\n<meta property=\"article:publisher\" content=\"https:\/\/www.facebook.com\/Dutchmicrodosingxp\/\" \/>\n<meta property=\"article:modified_time\" content=\"2025-10-20T20:51:46+00:00\" \/>\n<meta property=\"og:image\" content=\"https:\/\/dutchmicrodosing.com\/wp-content\/uploads\/2023\/08\/young-woman-sadness-hides-black-window-generated-by-ai.jpg\" \/>\n\t<meta property=\"og:image:width\" content=\"1500\" \/>\n\t<meta property=\"og:image:height\" content=\"857\" \/>\n\t<meta property=\"og:image:type\" content=\"image\/jpeg\" \/>\n<meta name=\"twitter:card\" content=\"summary_large_image\" \/>\n<script type=\"application\/ld+json\" class=\"yoast-schema-graph\">{\"@context\":\"https:\/\/schema.org\",\"@graph\":[{\"@type\":\"WebPage\",\"@id\":\"https:\/\/dutchmicrodosing.com\/de\/nebenwirkungen-und-risiken\/\",\"url\":\"https:\/\/dutchmicrodosing.com\/de\/nebenwirkungen-und-risiken\/\",\"name\":\"DutchMicrodosing | Microdosing Nebenwirkungen und Risiken\",\"isPartOf\":{\"@id\":\"https:\/\/dutchmicrodosing.com\/de\/#website\"},\"primaryImageOfPage\":{\"@id\":\"https:\/\/dutchmicrodosing.com\/de\/nebenwirkungen-und-risiken\/#primaryimage\"},\"image\":{\"@id\":\"https:\/\/dutchmicrodosing.com\/de\/nebenwirkungen-und-risiken\/#primaryimage\"},\"thumbnailUrl\":\"https:\/\/dutchmicrodosing.com\/wp-content\/uploads\/2023\/08\/young-woman-sadness-hides-black-window-generated-by-ai.jpg\",\"datePublished\":\"2021-05-01T13:15:46+00:00\",\"dateModified\":\"2025-10-20T20:51:46+00:00\",\"description\":\"Lesen Sie alles \u00fcber die Nebenwirkungen der Mikrodosierung und erfahren Sie, welche m\u00f6glichen Nachteile oder Reaktionen bei der Mikrodosierung auftreten k\u00f6nnen.\",\"breadcrumb\":{\"@id\":\"https:\/\/dutchmicrodosing.com\/de\/nebenwirkungen-und-risiken\/#breadcrumb\"},\"inLanguage\":\"de\",\"potentialAction\":[{\"@type\":\"ReadAction\",\"target\":[\"https:\/\/dutchmicrodosing.com\/de\/nebenwirkungen-und-risiken\/\"]}]},{\"@type\":\"ImageObject\",\"inLanguage\":\"de\",\"@id\":\"https:\/\/dutchmicrodosing.com\/de\/nebenwirkungen-und-risiken\/#primaryimage\",\"url\":\"https:\/\/dutchmicrodosing.com\/wp-content\/uploads\/2023\/08\/young-woman-sadness-hides-black-window-generated-by-ai.jpg\",\"contentUrl\":\"https:\/\/dutchmicrodosing.com\/wp-content\/uploads\/2023\/08\/young-woman-sadness-hides-black-window-generated-by-ai.jpg\"},{\"@type\":\"BreadcrumbList\",\"@id\":\"https:\/\/dutchmicrodosing.com\/de\/nebenwirkungen-und-risiken\/#breadcrumb\",\"itemListElement\":[{\"@type\":\"ListItem\",\"position\":1,\"name\":\"Home\",\"item\":\"https:\/\/dutchmicrodosing.com\/de\/\"},{\"@type\":\"ListItem\",\"position\":2,\"name\":\"Nebenwirkungen und Risiken\"}]},{\"@type\":\"WebSite\",\"@id\":\"https:\/\/dutchmicrodosing.com\/de\/#website\",\"url\":\"https:\/\/dutchmicrodosing.com\/de\/\",\"name\":\"Dutchmicrodosing\",\"description\":\"\",\"publisher\":{\"@id\":\"https:\/\/dutchmicrodosing.com\/de\/#organization\"},\"potentialAction\":[{\"@type\":\"SearchAction\",\"target\":{\"@type\":\"EntryPoint\",\"urlTemplate\":\"https:\/\/dutchmicrodosing.com\/de\/?s={search_term_string}\"},\"query-input\":{\"@type\":\"PropertyValueSpecification\",\"valueRequired\":true,\"valueName\":\"search_term_string\"}}],\"inLanguage\":\"de\"},{\"@type\":\"Organization\",\"@id\":\"https:\/\/dutchmicrodosing.com\/de\/#organization\",\"name\":\"Dutchmicrodosing\",\"url\":\"https:\/\/dutchmicrodosing.com\/de\/\",\"logo\":{\"@type\":\"ImageObject\",\"inLanguage\":\"de\",\"@id\":\"https:\/\/dutchmicrodosing.com\/de\/#\/schema\/logo\/image\/\",\"url\":\"https:\/\/dutchmicrodosing.com\/wp-content\/uploads\/2021\/01\/microdosing-categorie-pic-nieuw.jpg\",\"contentUrl\":\"https:\/\/dutchmicrodosing.com\/wp-content\/uploads\/2021\/01\/microdosing-categorie-pic-nieuw.jpg\",\"width\":500,\"height\":500,\"caption\":\"Dutchmicrodosing\"},\"image\":{\"@id\":\"https:\/\/dutchmicrodosing.com\/de\/#\/schema\/logo\/image\/\"},\"sameAs\":[\"https:\/\/www.facebook.com\/Dutchmicrodosingxp\/\",\"https:\/\/www.instagram.com\/dutchmicrodosing\/\"]}]}<\/script>\n<!-- \/ Yoast SEO Premium plugin. -->","yoast_head_json":{"title":"DutchMicrodosing | Microdosing Nebenwirkungen und Risiken","description":"Lesen Sie alles \u00fcber die Nebenwirkungen der Mikrodosierung und erfahren Sie, welche m\u00f6glichen Nachteile oder Reaktionen bei der Mikrodosierung auftreten k\u00f6nnen.","robots":{"index":"index","follow":"follow","max-snippet":"max-snippet:-1","max-image-preview":"max-image-preview:large","max-video-preview":"max-video-preview:-1"},"canonical":"https:\/\/dutchmicrodosing.com\/de\/nebenwirkungen-und-risiken\/","og_locale":"de_DE","og_type":"article","og_title":"Nebenwirkungen und Risiken","og_description":"Nebenwirkungen und Risiken der Mikrodosierung Die Einnahme einer Mikrodosis von Psychedelika bedeutet, dass Sie eine sehr kleine Menge einnehmen. Dadurch","og_url":"https:\/\/dutchmicrodosing.com\/de\/nebenwirkungen-und-risiken\/","og_site_name":"Dutchmicrodosing","article_publisher":"https:\/\/www.facebook.com\/Dutchmicrodosingxp\/","article_modified_time":"2025-10-20T20:51:46+00:00","og_image":[{"width":1500,"height":857,"url":"https:\/\/dutchmicrodosing.com\/wp-content\/uploads\/2023\/08\/young-woman-sadness-hides-black-window-generated-by-ai.jpg","type":"image\/jpeg"}],"twitter_card":"summary_large_image","schema":{"@context":"https:\/\/schema.org","@graph":[{"@type":"WebPage","@id":"https:\/\/dutchmicrodosing.com\/de\/nebenwirkungen-und-risiken\/","url":"https:\/\/dutchmicrodosing.com\/de\/nebenwirkungen-und-risiken\/","name":"DutchMicrodosing | Microdosing Nebenwirkungen und Risiken","isPartOf":{"@id":"https:\/\/dutchmicrodosing.com\/de\/#website"},"primaryImageOfPage":{"@id":"https:\/\/dutchmicrodosing.com\/de\/nebenwirkungen-und-risiken\/#primaryimage"},"image":{"@id":"https:\/\/dutchmicrodosing.com\/de\/nebenwirkungen-und-risiken\/#primaryimage"},"thumbnailUrl":"https:\/\/dutchmicrodosing.com\/wp-content\/uploads\/2023\/08\/young-woman-sadness-hides-black-window-generated-by-ai.jpg","datePublished":"2021-05-01T13:15:46+00:00","dateModified":"2025-10-20T20:51:46+00:00","description":"Lesen Sie alles \u00fcber die Nebenwirkungen der Mikrodosierung und erfahren Sie, welche m\u00f6glichen Nachteile oder Reaktionen bei der Mikrodosierung auftreten k\u00f6nnen.","breadcrumb":{"@id":"https:\/\/dutchmicrodosing.com\/de\/nebenwirkungen-und-risiken\/#breadcrumb"},"inLanguage":"de","potentialAction":[{"@type":"ReadAction","target":["https:\/\/dutchmicrodosing.com\/de\/nebenwirkungen-und-risiken\/"]}]},{"@type":"ImageObject","inLanguage":"de","@id":"https:\/\/dutchmicrodosing.com\/de\/nebenwirkungen-und-risiken\/#primaryimage","url":"https:\/\/dutchmicrodosing.com\/wp-content\/uploads\/2023\/08\/young-woman-sadness-hides-black-window-generated-by-ai.jpg","contentUrl":"https:\/\/dutchmicrodosing.com\/wp-content\/uploads\/2023\/08\/young-woman-sadness-hides-black-window-generated-by-ai.jpg"},{"@type":"BreadcrumbList","@id":"https:\/\/dutchmicrodosing.com\/de\/nebenwirkungen-und-risiken\/#breadcrumb","itemListElement":[{"@type":"ListItem","position":1,"name":"Home","item":"https:\/\/dutchmicrodosing.com\/de\/"},{"@type":"ListItem","position":2,"name":"Nebenwirkungen und Risiken"}]},{"@type":"WebSite","@id":"https:\/\/dutchmicrodosing.com\/de\/#website","url":"https:\/\/dutchmicrodosing.com\/de\/","name":"Dutchmicrodosing","description":"","publisher":{"@id":"https:\/\/dutchmicrodosing.com\/de\/#organization"},"potentialAction":[{"@type":"SearchAction","target":{"@type":"EntryPoint","urlTemplate":"https:\/\/dutchmicrodosing.com\/de\/?s={search_term_string}"},"query-input":{"@type":"PropertyValueSpecification","valueRequired":true,"valueName":"search_term_string"}}],"inLanguage":"de"},{"@type":"Organization","@id":"https:\/\/dutchmicrodosing.com\/de\/#organization","name":"Dutchmicrodosing","url":"https:\/\/dutchmicrodosing.com\/de\/","logo":{"@type":"ImageObject","inLanguage":"de","@id":"https:\/\/dutchmicrodosing.com\/de\/#\/schema\/logo\/image\/","url":"https:\/\/dutchmicrodosing.com\/wp-content\/uploads\/2021\/01\/microdosing-categorie-pic-nieuw.jpg","contentUrl":"https:\/\/dutchmicrodosing.com\/wp-content\/uploads\/2021\/01\/microdosing-categorie-pic-nieuw.jpg","width":500,"height":500,"caption":"Dutchmicrodosing"},"image":{"@id":"https:\/\/dutchmicrodosing.com\/de\/#\/schema\/logo\/image\/"},"sameAs":["https:\/\/www.facebook.com\/Dutchmicrodosingxp\/","https:\/\/www.instagram.com\/dutchmicrodosing\/"]}]}},"_links":{"self":[{"href":"https:\/\/dutchmicrodosing.com\/de\/wp-json\/wp\/v2\/pages\/4456","targetHints":{"allow":["GET"]}}],"collection":[{"href":"https:\/\/dutchmicrodosing.com\/de\/wp-json\/wp\/v2\/pages"}],"about":[{"href":"https:\/\/dutchmicrodosing.com\/de\/wp-json\/wp\/v2\/types\/page"}],"author":[{"embeddable":true,"href":"https:\/\/dutchmicrodosing.com\/de\/wp-json\/wp\/v2\/users\/10"}],"replies":[{"embeddable":true,"href":"https:\/\/dutchmicrodosing.com\/de\/wp-json\/wp\/v2\/comments?post=4456"}],"version-history":[{"count":0,"href":"https:\/\/dutchmicrodosing.com\/de\/wp-json\/wp\/v2\/pages\/4456\/revisions"}],"wp:attachment":[{"href":"https:\/\/dutchmicrodosing.com\/de\/wp-json\/wp\/v2\/media?parent=4456"}],"curies":[{"name":"wp","href":"https:\/\/api.w.org\/{rel}","templated":true}]}}