{"id":12437,"date":"2022-04-06T17:03:13","date_gmt":"2022-04-06T15:03:13","guid":{"rendered":"https:\/\/dutchmicrodosing.com\/shop\/zauberer-trueffel-15-gr\/"},"modified":"2026-03-09T23:17:53","modified_gmt":"2026-03-09T22:17:53","slug":"zauberer-trueffel-15-gr","status":"publish","type":"product","link":"https:\/\/dutchmicrodosing.com\/de\/psilocybin-truffel\/magische-truffel\/zauberer-trueffel-15-gr\/","title":{"rendered":"Zauberer Tr\u00fcffel 15 Gr"},"content":{"rendered":"<p>Dieser magische Tr\u00fcffel macht seinem Namen alle Ehre. Mit dem Wizard-Zaubertr\u00fcffel f\u00fchlt man sich f\u00fcr einen Moment wie ein Zauberer, denn man taucht in bunte Welten ein und fliegt w\u00e4hrend der Reise von Vision zu Vision. Der Wizard-Tr\u00fcffel ist ein besonders kr\u00e4ftiger Tr\u00fcffel und deshalb einer der st\u00e4rksten magischen Tr\u00fcffel in unserem Sortiment. Zaubertr\u00fcffeln sind reich an der psychoaktiven Substanz Psilocybin. Diese Substanz ist f\u00fcr die starken Trips verantwortlich, die Sie erleben. Der Rausch, den man erlebt, ist eine Kombination aus Euphorie, Visionen, bunten Effekten und auch Halluzinationen. Der Trip wird von fast allen Psychonauten als sehr intensiv erlebt und l\u00e4sst einen auf eine innere Reise gehen.<\/p>\n<h2>Was macht die Wizard magic truffles so magisch?<\/h2>\n<p>Magische Tr\u00fcffel enthalten die psychoaktive Substanz Psilocybin. Es ist f\u00fcr die starken Effekte verantwortlich, die man beim Trippen erlebt. Die Substanz wandelt sich im K\u00f6rper in Psilocin um und bindet sich dann an Rezeptoren im Gehirn. So entsteht schlie\u00dflich die innere Reise, wenn Sie magische Tr\u00fcffel verwenden.<\/p>\n<h2>Woher kommt der magische Tr\u00fcffel des Zauberers?<\/h2>\n<p>Der Zaubertr\u00fcffel ist eigentlich ein Naturprodukt und w\u00e4chst daher in der freien Natur. Heutzutage gibt es Z\u00fcchter, die die Zaubertr\u00fcffel professionell in Labors anbauen.<\/p>\n<h2>Vorbereitungen f\u00fcr eine Reise mit Wizard magic truffles<\/h2>\n<p>Bei starken Tr\u00fcffeln muss man sich gut vorbereiten. Damit die magischen Tr\u00fcffel richtig wirken, sollten Sie sie auf n\u00fcchternen Magen essen. Das bedeutet, dass man Stunden vor der Reise nichts mehr essen sollte. W\u00e4hrend der Fahrt k\u00f6nnen Sie nat\u00fcrlich wie gewohnt essen und trinken. Dann sorgen Sie daf\u00fcr, dass Sie es bereithalten, damit Sie nicht zwischen all den Halluzinationen suchen m\u00fcssen. Das Stolpern findet in einer vertrauten und sicheren Umgebung statt. So stellen Sie sicher, dass Sie Ihre Psychonauten-Kollegen gut kennen und ihnen vertrauen. In der Tat k\u00f6nnte Ihre Reise zu intensiv sein. Dann ist es gut, einen bodenst\u00e4ndigen Freund zu haben, auf den man sich verlassen kann und der einem hilft, wenn man ihn braucht. Diese Person wird als Ausl\u00f6ser bezeichnet. Denn w\u00e4hrend einer Reise mit den Wizard-Tr\u00fcffeln verliert man das Bewusstsein f\u00fcr Zeit und Raum und betritt neue Welten. Schlie\u00dflich sollten Sie sicherstellen, dass Sie einen Stolperstein im Haus haben. Dies hilft Ihnen w\u00e4hrend einer schwierigen Reise, die Nerven zu beruhigen und den Abbauprozess zu beschleunigen.<\/p>\n<h2>Wie bewahren Sie die Wizard-Tr\u00fcffel auf?<\/h2>\n<p>Wenn Sie die frischen Nirwana Tr\u00fcffel nicht sofort verzehren m\u00f6chten, k\u00f6nnen Sie sie aufbewahren. Lagern Sie sie k\u00fchl und trocken. Der K\u00fchlschrank ist ein hervorragender Ort daf\u00fcr. Sie k\u00f6nnen sie dann oft noch mindestens einen Monat lang aufbewahren. Die ideale Temperatur liegt zwischen 2 und 4 Grad Celsius. Achten Sie auf das auf der Verpackung angegebene Verfallsdatum, um zu sehen, wie lange sie haltbar sind.<\/p>\n<h2>Reise-Dosierungsplan magische Tr\u00fcffel<\/h2>\n<p>Diese Dosen sind f\u00fcr Personen gedacht, die sich zum ersten Mal mit Psilocybin-Tr\u00fcffeln vertraut machen wollen. Wenn du bereits Erfahrung mit Psilocybin-Tr\u00fcffeln oder Zauberpilzen hast, kannst du die Dosis nach deinem Wunsch erh\u00f6hen.<\/p>\n<p><strong>Leichte Reise Leichte Reise Schwere Reise<\/strong><\/p>\n<ul>\n<li>50 kg = 5 Gramm 6,7 Gramm 11,2 Gramm<\/li>\n<li>60 kg = 6 Gramm 8 Gramm 13,4 Gramm<\/li>\n<li>70 kg = 7 Gramm 9,3 Gramm 15,6 Gramm<\/li>\n<li>80 kg = 8 Gramm 10,6 Gramm 17,8 Gramm<\/li>\n<li>90 kg = 9 Gramm 11,9 Gramm 20 Gramm<\/li>\n<li>100 kg = 10 Gramm 13,5 Gramm 22,2 Gramm<\/li>\n<\/ul>\n<p>F\u00fcr eine leichte Reise erh\u00f6hen Sie die Dosis um +\/- 0,1 Gramm pro Kilo K\u00f6rpergewicht, z. B.: 51 Kilo = 5,1 Gramm<br \/>\nF\u00fcr eine milde Reise erh\u00f6hen Sie die Dosis um +\/- 0,13\/15 Gramm pro Kilo K\u00f6rpergewicht, zum Beispiel: 51 Kilo = 6,85 Gramm<br \/>\nF\u00fcr eine schwere Reise erh\u00f6hen Sie die Dosis um +\/-0,22 Gramm pro Kilo K\u00f6rpergewicht, z. B.: 51 Kilo = 11,42 Gramm<\/p>\n<h2>Warnung vor dem Produkt<\/h2>\n<ul>\n<li>Verwenden Sie Pilztr\u00fcffel nicht, wenn Sie schlecht gelaunt, depressiv, psychotisch oder anderweitig geistig beeintr\u00e4chtigt sind. Magische Tr\u00fcffel sind nicht f\u00fcr Minderj\u00e4hrige oder schwangere Frauen geeignet, und es ist auch nicht ratsam, unter dem Einfluss von Psilocybin Auto zu fahren oder schwere Maschinen zu bedienen.<\/li>\n<li>Pilztr\u00fcffel sollten niemals in Verbindung mit Alkohol oder anderen (verschriebenen oder illegalen) Drogen eingenommen werden. Beginnen Sie mit einer kleinen Dosis und stellen Sie sicher, dass Sie sich in Ihrer Gesellschaft und Umgebung wohl f\u00fchlen.<\/li>\n<\/ul>\n","protected":false},"excerpt":{"rendered":"<p>Dieser magische Tr\u00fcffel macht seinem Namen alle Ehre. Mit dem Wizard-Zaubertr\u00fcffel f\u00fchlt man sich f\u00fcr einen Moment wie ein Zauberer, denn man taucht in bunte Welten ein und fliegt w\u00e4hrend der Reise von Vision zu Vision. Der Wizard-Tr\u00fcffel ist ein besonders kr\u00e4ftiger Tr\u00fcffel und deshalb einer der st\u00e4rksten magischen Tr\u00fcffel in unserem Sortiment. Zaubertr\u00fcffeln sind [&hellip;]<\/p>\n","protected":false},"featured_media":12247,"comment_status":"closed","ping_status":"closed","template":"","meta":[],"product_brand":[],"product_cat":[202],"product_tag":[],"class_list":{"0":"post-12437","1":"product","2":"type-product","3":"status-publish","4":"has-post-thumbnail","6":"product_cat-magische-truffel","8":"first","9":"instock","10":"taxable","11":"shipping-taxable","12":"purchasable","13":"product-type-simple"},"yoast_head":"<!-- This site is optimized with the Yoast SEO Premium plugin v26.4 (Yoast SEO v27.4) - https:\/\/yoast.com\/product\/yoast-seo-premium-wordpress\/ -->\n<title>Zauberer Tr\u00fcffel 15 Gr - Dutchmicrodosing<\/title>\n<meta name=\"robots\" content=\"index, follow, max-snippet:-1, max-image-preview:large, max-video-preview:-1\" \/>\n<link rel=\"canonical\" href=\"https:\/\/dutchmicrodosing.com\/de\/psilocybin-truffel\/magische-truffel\/zauberer-trueffel-15-gr\/\" \/>\n<meta property=\"og:locale\" content=\"de_DE\" \/>\n<meta property=\"og:type\" content=\"article\" \/>\n<meta property=\"og:title\" content=\"Zauberer Tr\u00fcffel 15 Gr\" \/>\n<meta property=\"og:description\" content=\"Dieser magische Tr\u00fcffel macht seinem Namen alle Ehre. Mit dem Wizard-Zaubertr\u00fcffel f\u00fchlt man sich f\u00fcr einen Moment wie ein Zauberer, denn man taucht in\" \/>\n<meta property=\"og:url\" content=\"https:\/\/dutchmicrodosing.com\/de\/psilocybin-truffel\/magische-truffel\/zauberer-trueffel-15-gr\/\" \/>\n<meta property=\"og:site_name\" content=\"Dutchmicrodosing\" \/>\n<meta property=\"article:publisher\" content=\"https:\/\/www.facebook.com\/Dutchmicrodosingxp\/\" \/>\n<meta property=\"article:modified_time\" content=\"2026-03-09T22:17:53+00:00\" \/>\n<meta property=\"og:image\" content=\"https:\/\/dutchmicrodosing.com\/wp-content\/uploads\/2022\/04\/2611-3304.jpg\" \/>\n\t<meta property=\"og:image:width\" content=\"300\" \/>\n\t<meta property=\"og:image:height\" content=\"300\" \/>\n\t<meta property=\"og:image:type\" content=\"image\/jpeg\" \/>\n<meta name=\"twitter:card\" content=\"summary_large_image\" \/>\n<script type=\"application\/ld+json\" class=\"yoast-schema-graph\">{\"@context\":\"https:\\\/\\\/schema.org\",\"@graph\":[{\"@type\":\"WebPage\",\"@id\":\"https:\\\/\\\/dutchmicrodosing.com\\\/de\\\/psilocybin-truffel\\\/magische-truffel\\\/zauberer-trueffel-15-gr\\\/\",\"url\":\"https:\\\/\\\/dutchmicrodosing.com\\\/de\\\/psilocybin-truffel\\\/magische-truffel\\\/zauberer-trueffel-15-gr\\\/\",\"name\":\"Zauberer Tr\u00fcffel 15 Gr - Dutchmicrodosing\",\"isPartOf\":{\"@id\":\"https:\\\/\\\/dutchmicrodosing.com\\\/de\\\/#website\"},\"primaryImageOfPage\":{\"@id\":\"https:\\\/\\\/dutchmicrodosing.com\\\/de\\\/psilocybin-truffel\\\/magische-truffel\\\/zauberer-trueffel-15-gr\\\/#primaryimage\"},\"image\":{\"@id\":\"https:\\\/\\\/dutchmicrodosing.com\\\/de\\\/psilocybin-truffel\\\/magische-truffel\\\/zauberer-trueffel-15-gr\\\/#primaryimage\"},\"thumbnailUrl\":\"https:\\\/\\\/dutchmicrodosing.com\\\/wp-content\\\/uploads\\\/2022\\\/04\\\/2611-3304.jpg\",\"datePublished\":\"2022-04-06T15:03:13+00:00\",\"dateModified\":\"2026-03-09T22:17:53+00:00\",\"breadcrumb\":{\"@id\":\"https:\\\/\\\/dutchmicrodosing.com\\\/de\\\/psilocybin-truffel\\\/magische-truffel\\\/zauberer-trueffel-15-gr\\\/#breadcrumb\"},\"inLanguage\":\"de\",\"potentialAction\":[{\"@type\":\"ReadAction\",\"target\":[\"https:\\\/\\\/dutchmicrodosing.com\\\/de\\\/psilocybin-truffel\\\/magische-truffel\\\/zauberer-trueffel-15-gr\\\/\"]}]},{\"@type\":\"ImageObject\",\"inLanguage\":\"de\",\"@id\":\"https:\\\/\\\/dutchmicrodosing.com\\\/de\\\/psilocybin-truffel\\\/magische-truffel\\\/zauberer-trueffel-15-gr\\\/#primaryimage\",\"url\":\"https:\\\/\\\/dutchmicrodosing.com\\\/wp-content\\\/uploads\\\/2022\\\/04\\\/2611-3304.jpg\",\"contentUrl\":\"https:\\\/\\\/dutchmicrodosing.com\\\/wp-content\\\/uploads\\\/2022\\\/04\\\/2611-3304.jpg\",\"width\":300,\"height\":300},{\"@type\":\"BreadcrumbList\",\"@id\":\"https:\\\/\\\/dutchmicrodosing.com\\\/de\\\/psilocybin-truffel\\\/magische-truffel\\\/zauberer-trueffel-15-gr\\\/#breadcrumb\",\"itemListElement\":[{\"@type\":\"ListItem\",\"position\":1,\"name\":\"Home\",\"item\":\"https:\\\/\\\/dutchmicrodosing.com\\\/de\\\/\"},{\"@type\":\"ListItem\",\"position\":2,\"name\":\"Shop\",\"item\":\"https:\\\/\\\/dutchmicrodosing.com\\\/de\\\/shop\\\/\"},{\"@type\":\"ListItem\",\"position\":3,\"name\":\"Zauberer Tr\u00fcffel 15 Gr\"}]},{\"@type\":\"WebSite\",\"@id\":\"https:\\\/\\\/dutchmicrodosing.com\\\/de\\\/#website\",\"url\":\"https:\\\/\\\/dutchmicrodosing.com\\\/de\\\/\",\"name\":\"Dutchmicrodosing\",\"description\":\"\",\"publisher\":{\"@id\":\"https:\\\/\\\/dutchmicrodosing.com\\\/de\\\/#organization\"},\"potentialAction\":[{\"@type\":\"SearchAction\",\"target\":{\"@type\":\"EntryPoint\",\"urlTemplate\":\"https:\\\/\\\/dutchmicrodosing.com\\\/de\\\/?s={search_term_string}\"},\"query-input\":{\"@type\":\"PropertyValueSpecification\",\"valueRequired\":true,\"valueName\":\"search_term_string\"}}],\"inLanguage\":\"de\"},{\"@type\":\"Organization\",\"@id\":\"https:\\\/\\\/dutchmicrodosing.com\\\/de\\\/#organization\",\"name\":\"Dutchmicrodosing\",\"url\":\"https:\\\/\\\/dutchmicrodosing.com\\\/de\\\/\",\"logo\":{\"@type\":\"ImageObject\",\"inLanguage\":\"de\",\"@id\":\"https:\\\/\\\/dutchmicrodosing.com\\\/de\\\/#\\\/schema\\\/logo\\\/image\\\/\",\"url\":\"https:\\\/\\\/dutchmicrodosing.com\\\/wp-content\\\/uploads\\\/2021\\\/01\\\/microdosing-categorie-pic-nieuw.jpg\",\"contentUrl\":\"https:\\\/\\\/dutchmicrodosing.com\\\/wp-content\\\/uploads\\\/2021\\\/01\\\/microdosing-categorie-pic-nieuw.jpg\",\"width\":500,\"height\":500,\"caption\":\"Dutchmicrodosing\"},\"image\":{\"@id\":\"https:\\\/\\\/dutchmicrodosing.com\\\/de\\\/#\\\/schema\\\/logo\\\/image\\\/\"},\"sameAs\":[\"https:\\\/\\\/www.facebook.com\\\/Dutchmicrodosingxp\\\/\",\"https:\\\/\\\/www.instagram.com\\\/dutchmicrodosing\\\/\"]}]}<\/script>\n<meta property=\"product:price:amount\" content=\"15.95\" \/>\n<meta property=\"product:price:currency\" content=\"EUR\" \/>\n<meta property=\"og:availability\" content=\"instock\" \/>\n<meta property=\"product:availability\" content=\"instock\" \/>\n<meta property=\"product:retailer_item_id\" content=\"0204253\" \/>\n<meta property=\"product:condition\" content=\"new\" \/>\n<!-- \/ Yoast SEO Premium plugin. -->","yoast_head_json":{"title":"Zauberer Tr\u00fcffel 15 Gr - Dutchmicrodosing","robots":{"index":"index","follow":"follow","max-snippet":"max-snippet:-1","max-image-preview":"max-image-preview:large","max-video-preview":"max-video-preview:-1"},"canonical":"https:\/\/dutchmicrodosing.com\/de\/psilocybin-truffel\/magische-truffel\/zauberer-trueffel-15-gr\/","og_locale":"de_DE","og_type":"article","og_title":"Zauberer Tr\u00fcffel 15 Gr","og_description":"Dieser magische Tr\u00fcffel macht seinem Namen alle Ehre. Mit dem Wizard-Zaubertr\u00fcffel f\u00fchlt man sich f\u00fcr einen Moment wie ein Zauberer, denn man taucht in","og_url":"https:\/\/dutchmicrodosing.com\/de\/psilocybin-truffel\/magische-truffel\/zauberer-trueffel-15-gr\/","og_site_name":"Dutchmicrodosing","article_publisher":"https:\/\/www.facebook.com\/Dutchmicrodosingxp\/","article_modified_time":"2026-03-09T22:17:53+00:00","og_image":[{"width":300,"height":300,"url":"https:\/\/dutchmicrodosing.com\/wp-content\/uploads\/2022\/04\/2611-3304.jpg","type":"image\/jpeg"}],"twitter_card":"summary_large_image","schema":{"@context":"https:\/\/schema.org","@graph":[{"@type":"WebPage","@id":"https:\/\/dutchmicrodosing.com\/de\/psilocybin-truffel\/magische-truffel\/zauberer-trueffel-15-gr\/","url":"https:\/\/dutchmicrodosing.com\/de\/psilocybin-truffel\/magische-truffel\/zauberer-trueffel-15-gr\/","name":"Zauberer Tr\u00fcffel 15 Gr - Dutchmicrodosing","isPartOf":{"@id":"https:\/\/dutchmicrodosing.com\/de\/#website"},"primaryImageOfPage":{"@id":"https:\/\/dutchmicrodosing.com\/de\/psilocybin-truffel\/magische-truffel\/zauberer-trueffel-15-gr\/#primaryimage"},"image":{"@id":"https:\/\/dutchmicrodosing.com\/de\/psilocybin-truffel\/magische-truffel\/zauberer-trueffel-15-gr\/#primaryimage"},"thumbnailUrl":"https:\/\/dutchmicrodosing.com\/wp-content\/uploads\/2022\/04\/2611-3304.jpg","datePublished":"2022-04-06T15:03:13+00:00","dateModified":"2026-03-09T22:17:53+00:00","breadcrumb":{"@id":"https:\/\/dutchmicrodosing.com\/de\/psilocybin-truffel\/magische-truffel\/zauberer-trueffel-15-gr\/#breadcrumb"},"inLanguage":"de","potentialAction":[{"@type":"ReadAction","target":["https:\/\/dutchmicrodosing.com\/de\/psilocybin-truffel\/magische-truffel\/zauberer-trueffel-15-gr\/"]}]},{"@type":"ImageObject","inLanguage":"de","@id":"https:\/\/dutchmicrodosing.com\/de\/psilocybin-truffel\/magische-truffel\/zauberer-trueffel-15-gr\/#primaryimage","url":"https:\/\/dutchmicrodosing.com\/wp-content\/uploads\/2022\/04\/2611-3304.jpg","contentUrl":"https:\/\/dutchmicrodosing.com\/wp-content\/uploads\/2022\/04\/2611-3304.jpg","width":300,"height":300},{"@type":"BreadcrumbList","@id":"https:\/\/dutchmicrodosing.com\/de\/psilocybin-truffel\/magische-truffel\/zauberer-trueffel-15-gr\/#breadcrumb","itemListElement":[{"@type":"ListItem","position":1,"name":"Home","item":"https:\/\/dutchmicrodosing.com\/de\/"},{"@type":"ListItem","position":2,"name":"Shop","item":"https:\/\/dutchmicrodosing.com\/de\/shop\/"},{"@type":"ListItem","position":3,"name":"Zauberer Tr\u00fcffel 15 Gr"}]},{"@type":"WebSite","@id":"https:\/\/dutchmicrodosing.com\/de\/#website","url":"https:\/\/dutchmicrodosing.com\/de\/","name":"Dutchmicrodosing","description":"","publisher":{"@id":"https:\/\/dutchmicrodosing.com\/de\/#organization"},"potentialAction":[{"@type":"SearchAction","target":{"@type":"EntryPoint","urlTemplate":"https:\/\/dutchmicrodosing.com\/de\/?s={search_term_string}"},"query-input":{"@type":"PropertyValueSpecification","valueRequired":true,"valueName":"search_term_string"}}],"inLanguage":"de"},{"@type":"Organization","@id":"https:\/\/dutchmicrodosing.com\/de\/#organization","name":"Dutchmicrodosing","url":"https:\/\/dutchmicrodosing.com\/de\/","logo":{"@type":"ImageObject","inLanguage":"de","@id":"https:\/\/dutchmicrodosing.com\/de\/#\/schema\/logo\/image\/","url":"https:\/\/dutchmicrodosing.com\/wp-content\/uploads\/2021\/01\/microdosing-categorie-pic-nieuw.jpg","contentUrl":"https:\/\/dutchmicrodosing.com\/wp-content\/uploads\/2021\/01\/microdosing-categorie-pic-nieuw.jpg","width":500,"height":500,"caption":"Dutchmicrodosing"},"image":{"@id":"https:\/\/dutchmicrodosing.com\/de\/#\/schema\/logo\/image\/"},"sameAs":["https:\/\/www.facebook.com\/Dutchmicrodosingxp\/","https:\/\/www.instagram.com\/dutchmicrodosing\/"]}]},"product_price_amount":"15.95","product_price_currency":"EUR","og_availability":"instock","product_availability":"instock","product_retailer_item_id":"0204253","product_condition":"new"},"_links":{"self":[{"href":"https:\/\/dutchmicrodosing.com\/de\/wp-json\/wp\/v2\/product\/12437","targetHints":{"allow":["GET"]}}],"collection":[{"href":"https:\/\/dutchmicrodosing.com\/de\/wp-json\/wp\/v2\/product"}],"about":[{"href":"https:\/\/dutchmicrodosing.com\/de\/wp-json\/wp\/v2\/types\/product"}],"replies":[{"embeddable":true,"href":"https:\/\/dutchmicrodosing.com\/de\/wp-json\/wp\/v2\/comments?post=12437"}],"version-history":[{"count":0,"href":"https:\/\/dutchmicrodosing.com\/de\/wp-json\/wp\/v2\/product\/12437\/revisions"}],"wp:featuredmedia":[{"embeddable":true,"href":"https:\/\/dutchmicrodosing.com\/de\/wp-json\/wp\/v2\/media\/12247"}],"wp:attachment":[{"href":"https:\/\/dutchmicrodosing.com\/de\/wp-json\/wp\/v2\/media?parent=12437"}],"wp:term":[{"taxonomy":"product_brand","embeddable":true,"href":"https:\/\/dutchmicrodosing.com\/de\/wp-json\/wp\/v2\/product_brand?post=12437"},{"taxonomy":"product_cat","embeddable":true,"href":"https:\/\/dutchmicrodosing.com\/de\/wp-json\/wp\/v2\/product_cat?post=12437"},{"taxonomy":"product_tag","embeddable":true,"href":"https:\/\/dutchmicrodosing.com\/de\/wp-json\/wp\/v2\/product_tag?post=12437"}],"curies":[{"name":"wp","href":"https:\/\/api.w.org\/{rel}","templated":true}]}}