{"id":12438,"date":"2022-04-05T20:47:06","date_gmt":"2022-04-10T18:44:18","guid":{"rendered":"https:\/\/dutchmicrodosing.com\/shop\/atlantis-15-gr\/"},"modified":"2023-03-11T12:39:31","modified_gmt":"2023-03-11T11:39:31","slug":"atlantis-15-gr","status":"publish","type":"product","link":"https:\/\/dutchmicrodosing.com\/de\/psilocybin-truffel\/magische-truffel\/atlantis-15-gr\/","title":{"rendered":"Atlantis 15 Gr"},"content":{"rendered":"<p>Wenn Sie es nicht m\u00f6gen, w\u00e4hrend einer Reise \u00fcberw\u00e4ltigt zu werden, aber dennoch magische Tr\u00fcffel f\u00fcr die visuellen Effekte verwenden m\u00f6chten, empfehlen wir die magischen Atlantis-Tr\u00fcffel. Der magische Atlantis-Tr\u00fcffel ist, wie die Mexicana-Tr\u00fcffel, ein magischer Tr\u00fcffel mit Lichtbildern. Dies ist auf den relativ geringen Psilocybin-Gehalt der magischen Tr\u00fcffel zur\u00fcckzuf\u00fchren. Wenn Sie noch unsicher sind, ob Sie Mexicana- oder Atlantis-Tr\u00fcffel kaufen sollen, liegt der Unterschied in folgendem Punkt: Die Atlantis-Tr\u00fcffel ist optisch sch\u00f6ner und daher etwas st\u00e4rker als die Mexicana-Tr\u00fcffel. Dar\u00fcber hinaus gibt es noch einen weiteren gro\u00dfen Vorteil der magischen Atlantis-Tr\u00fcffel. Die Atlantis-Tr\u00fcffel ist eine der am besten schmeckenden Tr\u00fcffel, die man kaufen kann.<\/p>\n<h2>Die Wirkung des magischen Atlantis-Tr\u00fcffels<\/h2>\n<p>Die Wirkung des Atlantis-Tr\u00fcffels ist von Person zu Person unterschiedlich und sogar jedes Mal ein wenig anders. Das h\u00e4ngt zum Teil davon ab, wie Sie sich f\u00fchlen. Wenn Sie sich nicht wohl f\u00fchlen, raten wir Ihnen ohnehin davon ab, psychedelische Produkte zu verwenden. In der Regel sind die Effekte, die Sie erwarten k\u00f6nnen, vor allem die sch\u00f6nen Bilder w\u00e4hrend der Reise. Viele Nutzer erleben auch philosophische Momente und einen Schub an Kreativit\u00e4t. Alles in allem ist dieser Tr\u00fcffel ein echter Gewinner.<\/p>\n<h2>Wie lange dauert eine Reise mit Atlantis Magic Truffles?<\/h2>\n<p>Der Atlantis beginnt nach etwa 45 Minuten zu arbeiten. Die Fahrt dauert etwa 6 bis 8 Stunden. Dieser Tr\u00fcffel ist nicht ohne Grund ideal f\u00fcr erfahrene Psychonauten geeignet.<\/p>\n<h2>Vorbereitungen f\u00fcr eine Reise mit den magischen Tr\u00fcffeln von Atlantis<\/h2>\n<p>Die Vorbereitung auf eine Reise mit magischen Tr\u00fcffeln ist unerl\u00e4sslich. Damit die magischen Tr\u00fcffel richtig wirken, sollten Sie sie auf n\u00fcchternen Magen essen. Das bedeutet, dass man Stunden vor der Reise nichts mehr essen sollte. W\u00e4hrend der Fahrt k\u00f6nnen Sie nat\u00fcrlich wie gewohnt essen und trinken. Dann sorgen Sie daf\u00fcr, dass Sie es bereithalten, damit Sie nicht zwischen all den Halluzinationen suchen m\u00fcssen. Das Stolpern findet in einer vertrauten und sicheren Umgebung statt. So stellen Sie sicher, dass Sie Ihre Psychonauten-Kollegen gut kennen und ihnen vertrauen. Stellen Sie au\u00dferdem sicher, dass ein Tripsitter anwesend ist. Dies ist ein n\u00fcchterner Freund oder Mitarbeiter, der Ihnen w\u00e4hrend der Reise hilft. In der Tat k\u00f6nnte Ihre Reise zu intensiv sein. Dann ist es gut, einen bodenst\u00e4ndigen Freund zu haben, auf den man sich verlassen kann und der einem hilft, wenn man ihn braucht. Denn bei einer Reise auf Atlantis-Tr\u00fcffeln verliert man das Gef\u00fchl f\u00fcr Zeit und Raum. Schlie\u00dflich sollten Sie sicherstellen, dass Sie einen Stolperstein im Haus haben. Dies hilft Ihnen w\u00e4hrend einer schwierigen Reise, die Nerven zu beruhigen und den Abbauprozess zu beschleunigen.<\/p>\n<h2>Aufbewahrung von Atlantis-Tr\u00fcffeln<\/h2>\n<p>Wenn Sie sich entscheiden, die frischen Tr\u00fcffel Atlantis Truffles nicht sofort zu essen, k\u00f6nnen Sie sie aufbewahren. Lagern Sie sie k\u00fchl und trocken. Der K\u00fchlschrank ist ein hervorragender Ort daf\u00fcr. Sie k\u00f6nnen sie dann oft noch mindestens einen Monat lang aufbewahren. Die ideale Temperatur liegt zwischen 2 und 4 Grad Celsius. Achten Sie auf das auf der Verpackung angegebene Verfallsdatum, um zu sehen, wie lange sie haltbar sind.<\/p>\n<h2>Reise-Dosierungsplan magische Tr\u00fcffel<\/h2>\n<p>Diese Dosen sind f\u00fcr Personen gedacht, die sich zum ersten Mal mit Psilocybin-Tr\u00fcffeln vertraut machen wollen. Wenn du bereits Erfahrung mit Psilocybin-Tr\u00fcffeln oder Zauberpilzen hast, kannst du die Dosis nach deinem Wunsch erh\u00f6hen.<\/p>\n<p><strong>Leichte Reise Leichte Reise Schwere Reise<\/strong><\/p>\n<ul>\n<li>50 kg = 5 Gramm 6,7 Gramm 11,2 Gramm<\/li>\n<li>60 kg = 6 Gramm 8 Gramm 13,4 Gramm<\/li>\n<li>70 kg = 7 Gramm 9,3 Gramm 15,6 Gramm<\/li>\n<li>80 kg = 8 Gramm 10,6 Gramm 17,8 Gramm<\/li>\n<li>90 kg = 9 Gramm 11,9 Gramm 20 Gramm<\/li>\n<li>100 kg = 10 Gramm 13,5 Gramm 22,2 Gramm<\/li>\n<\/ul>\n<p>F\u00fcr eine leichte Reise erh\u00f6hen Sie die Dosis um +\/- 0,1 Gramm pro Kilo K\u00f6rpergewicht, z. B.: 51 Kilo = 5,1 Gramm<br \/>\nF\u00fcr eine milde Reise erh\u00f6hen Sie die Dosis um +\/- 0,13\/15 Gramm pro Kilo K\u00f6rpergewicht, zum Beispiel: 51 Kilo = 6,85 Gramm<br \/>\nF\u00fcr eine schwere Reise erh\u00f6hen Sie die Dosis um +\/-0,22 Gramm pro Kilo K\u00f6rpergewicht, z. B.: 51 Kilo = 11,42 Gramm<\/p>\n<h2>Warnung vor dem Produkt<\/h2>\n<ul>\n<li>Verwenden Sie Pilztr\u00fcffel nicht, wenn Sie schlecht gelaunt, depressiv, psychotisch oder anderweitig geistig beeintr\u00e4chtigt sind. Magische Tr\u00fcffel sind nicht f\u00fcr Minderj\u00e4hrige oder schwangere Frauen geeignet, und es ist auch nicht ratsam, unter dem Einfluss von Psilocybin Auto zu fahren oder schwere Maschinen zu bedienen.<\/li>\n<li>Pilztr\u00fcffel sollten niemals in Verbindung mit Alkohol oder anderen (verschriebenen oder illegalen) Drogen eingenommen werden. Beginnen Sie mit einer kleinen Dosis und stellen Sie sicher, dass Sie sich in Ihrer Gesellschaft und Umgebung wohl f\u00fchlen.<\/li>\n<li>Alle unsere Magic Mushroom Tr\u00fcffel sind frisch verpackt. Man sollte sie im K\u00fchlschrank aufbewahren. Unge\u00f6ffnet kann man sie etwa 2 Monate im K\u00fchlschrank aufbewahren. Nach dem \u00d6ffnen sind die Tr\u00fcffel jedoch nur wenige Tage haltbar.<\/li>\n<\/ul>\n","protected":false},"excerpt":{"rendered":"<p>Wenn Sie es nicht m\u00f6gen, w\u00e4hrend einer Reise \u00fcberw\u00e4ltigt zu werden, aber dennoch magische Tr\u00fcffel f\u00fcr die visuellen Effekte verwenden m\u00f6chten, empfehlen wir die magischen Atlantis-Tr\u00fcffel. Der magische Atlantis-Tr\u00fcffel ist, wie die Mexicana-Tr\u00fcffel, ein magischer Tr\u00fcffel mit Lichtbildern. Dies ist auf den relativ geringen Psilocybin-Gehalt der magischen Tr\u00fcffel zur\u00fcckzuf\u00fchren. Wenn Sie noch unsicher sind, ob [&hellip;]<\/p>\n","protected":false},"featured_media":12191,"comment_status":"closed","ping_status":"closed","template":"","meta":[],"product_brand":[],"product_cat":[202],"product_tag":[],"class_list":{"0":"post-12438","1":"product","2":"type-product","3":"status-publish","4":"has-post-thumbnail","6":"product_cat-magische-truffel","8":"first","9":"instock","10":"taxable","11":"shipping-taxable","12":"purchasable","13":"product-type-simple"},"yoast_head":"<!-- This site is optimized with the Yoast SEO Premium plugin v26.4 (Yoast SEO v27.2) - https:\/\/yoast.com\/product\/yoast-seo-premium-wordpress\/ -->\n<title>Atlantis 15 Gr - Dutchmicrodosing<\/title>\n<meta name=\"robots\" content=\"index, follow, max-snippet:-1, max-image-preview:large, max-video-preview:-1\" \/>\n<link rel=\"canonical\" href=\"https:\/\/dutchmicrodosing.com\/de\/psilocybin-truffel\/magische-truffel\/atlantis-15-gr\/\" \/>\n<meta property=\"og:locale\" content=\"de_DE\" \/>\n<meta property=\"og:type\" content=\"article\" \/>\n<meta property=\"og:title\" content=\"Atlantis 15 Gr\" \/>\n<meta property=\"og:description\" content=\"Wenn Sie es nicht m\u00f6gen, w\u00e4hrend einer Reise \u00fcberw\u00e4ltigt zu werden, aber dennoch magische Tr\u00fcffel f\u00fcr die visuellen Effekte verwenden m\u00f6chten, empfehlen\" \/>\n<meta property=\"og:url\" content=\"https:\/\/dutchmicrodosing.com\/de\/psilocybin-truffel\/magische-truffel\/atlantis-15-gr\/\" \/>\n<meta property=\"og:site_name\" content=\"Dutchmicrodosing\" \/>\n<meta property=\"article:publisher\" content=\"https:\/\/www.facebook.com\/Dutchmicrodosingxp\/\" \/>\n<meta property=\"article:modified_time\" content=\"2023-03-11T11:39:31+00:00\" \/>\n<meta property=\"og:image\" content=\"https:\/\/dutchmicrodosing.com\/wp-content\/uploads\/2022\/04\/AM10096-768x768-1.jpg\" \/>\n\t<meta property=\"og:image:width\" content=\"768\" \/>\n\t<meta property=\"og:image:height\" content=\"768\" \/>\n\t<meta property=\"og:image:type\" content=\"image\/jpeg\" \/>\n<meta name=\"twitter:card\" content=\"summary_large_image\" \/>\n<script type=\"application\/ld+json\" class=\"yoast-schema-graph\">{\"@context\":\"https:\/\/schema.org\",\"@graph\":[{\"@type\":\"WebPage\",\"@id\":\"https:\/\/dutchmicrodosing.com\/de\/psilocybin-truffel\/magische-truffel\/atlantis-15-gr\/\",\"url\":\"https:\/\/dutchmicrodosing.com\/de\/psilocybin-truffel\/magische-truffel\/atlantis-15-gr\/\",\"name\":\"Atlantis 15 Gr - Dutchmicrodosing\",\"isPartOf\":{\"@id\":\"https:\/\/dutchmicrodosing.com\/de\/#website\"},\"primaryImageOfPage\":{\"@id\":\"https:\/\/dutchmicrodosing.com\/de\/psilocybin-truffel\/magische-truffel\/atlantis-15-gr\/#primaryimage\"},\"image\":{\"@id\":\"https:\/\/dutchmicrodosing.com\/de\/psilocybin-truffel\/magische-truffel\/atlantis-15-gr\/#primaryimage\"},\"thumbnailUrl\":\"https:\/\/dutchmicrodosing.com\/wp-content\/uploads\/2022\/04\/AM10096-768x768-1.jpg\",\"datePublished\":\"2022-04-10T18:44:18+00:00\",\"dateModified\":\"2023-03-11T11:39:31+00:00\",\"breadcrumb\":{\"@id\":\"https:\/\/dutchmicrodosing.com\/de\/psilocybin-truffel\/magische-truffel\/atlantis-15-gr\/#breadcrumb\"},\"inLanguage\":\"de\",\"potentialAction\":[{\"@type\":\"ReadAction\",\"target\":[\"https:\/\/dutchmicrodosing.com\/de\/psilocybin-truffel\/magische-truffel\/atlantis-15-gr\/\"]}]},{\"@type\":\"ImageObject\",\"inLanguage\":\"de\",\"@id\":\"https:\/\/dutchmicrodosing.com\/de\/psilocybin-truffel\/magische-truffel\/atlantis-15-gr\/#primaryimage\",\"url\":\"https:\/\/dutchmicrodosing.com\/wp-content\/uploads\/2022\/04\/AM10096-768x768-1.jpg\",\"contentUrl\":\"https:\/\/dutchmicrodosing.com\/wp-content\/uploads\/2022\/04\/AM10096-768x768-1.jpg\",\"width\":768,\"height\":768},{\"@type\":\"BreadcrumbList\",\"@id\":\"https:\/\/dutchmicrodosing.com\/de\/psilocybin-truffel\/magische-truffel\/atlantis-15-gr\/#breadcrumb\",\"itemListElement\":[{\"@type\":\"ListItem\",\"position\":1,\"name\":\"Home\",\"item\":\"https:\/\/dutchmicrodosing.com\/de\/\"},{\"@type\":\"ListItem\",\"position\":2,\"name\":\"Shop\",\"item\":\"https:\/\/dutchmicrodosing.com\/de\/shop\/\"},{\"@type\":\"ListItem\",\"position\":3,\"name\":\"Atlantis 15 Gr\"}]},{\"@type\":\"WebSite\",\"@id\":\"https:\/\/dutchmicrodosing.com\/de\/#website\",\"url\":\"https:\/\/dutchmicrodosing.com\/de\/\",\"name\":\"Dutchmicrodosing\",\"description\":\"\",\"publisher\":{\"@id\":\"https:\/\/dutchmicrodosing.com\/de\/#organization\"},\"potentialAction\":[{\"@type\":\"SearchAction\",\"target\":{\"@type\":\"EntryPoint\",\"urlTemplate\":\"https:\/\/dutchmicrodosing.com\/de\/?s={search_term_string}\"},\"query-input\":{\"@type\":\"PropertyValueSpecification\",\"valueRequired\":true,\"valueName\":\"search_term_string\"}}],\"inLanguage\":\"de\"},{\"@type\":\"Organization\",\"@id\":\"https:\/\/dutchmicrodosing.com\/de\/#organization\",\"name\":\"Dutchmicrodosing\",\"url\":\"https:\/\/dutchmicrodosing.com\/de\/\",\"logo\":{\"@type\":\"ImageObject\",\"inLanguage\":\"de\",\"@id\":\"https:\/\/dutchmicrodosing.com\/de\/#\/schema\/logo\/image\/\",\"url\":\"https:\/\/dutchmicrodosing.com\/wp-content\/uploads\/2021\/01\/microdosing-categorie-pic-nieuw.jpg\",\"contentUrl\":\"https:\/\/dutchmicrodosing.com\/wp-content\/uploads\/2021\/01\/microdosing-categorie-pic-nieuw.jpg\",\"width\":500,\"height\":500,\"caption\":\"Dutchmicrodosing\"},\"image\":{\"@id\":\"https:\/\/dutchmicrodosing.com\/de\/#\/schema\/logo\/image\/\"},\"sameAs\":[\"https:\/\/www.facebook.com\/Dutchmicrodosingxp\/\",\"https:\/\/www.instagram.com\/dutchmicrodosing\/\"]}]}<\/script>\n<meta property=\"product:price:amount\" content=\"14.95\" \/>\n<meta property=\"product:price:currency\" content=\"EUR\" \/>\n<meta property=\"og:availability\" content=\"instock\" \/>\n<meta property=\"product:availability\" content=\"instock\" \/>\n<meta property=\"product:retailer_item_id\" content=\"7112300\" \/>\n<meta property=\"product:condition\" content=\"new\" \/>\n<!-- \/ Yoast SEO Premium plugin. -->","yoast_head_json":{"title":"Atlantis 15 Gr - Dutchmicrodosing","robots":{"index":"index","follow":"follow","max-snippet":"max-snippet:-1","max-image-preview":"max-image-preview:large","max-video-preview":"max-video-preview:-1"},"canonical":"https:\/\/dutchmicrodosing.com\/de\/psilocybin-truffel\/magische-truffel\/atlantis-15-gr\/","og_locale":"de_DE","og_type":"article","og_title":"Atlantis 15 Gr","og_description":"Wenn Sie es nicht m\u00f6gen, w\u00e4hrend einer Reise \u00fcberw\u00e4ltigt zu werden, aber dennoch magische Tr\u00fcffel f\u00fcr die visuellen Effekte verwenden m\u00f6chten, empfehlen","og_url":"https:\/\/dutchmicrodosing.com\/de\/psilocybin-truffel\/magische-truffel\/atlantis-15-gr\/","og_site_name":"Dutchmicrodosing","article_publisher":"https:\/\/www.facebook.com\/Dutchmicrodosingxp\/","article_modified_time":"2023-03-11T11:39:31+00:00","og_image":[{"width":768,"height":768,"url":"https:\/\/dutchmicrodosing.com\/wp-content\/uploads\/2022\/04\/AM10096-768x768-1.jpg","type":"image\/jpeg"}],"twitter_card":"summary_large_image","schema":{"@context":"https:\/\/schema.org","@graph":[{"@type":"WebPage","@id":"https:\/\/dutchmicrodosing.com\/de\/psilocybin-truffel\/magische-truffel\/atlantis-15-gr\/","url":"https:\/\/dutchmicrodosing.com\/de\/psilocybin-truffel\/magische-truffel\/atlantis-15-gr\/","name":"Atlantis 15 Gr - Dutchmicrodosing","isPartOf":{"@id":"https:\/\/dutchmicrodosing.com\/de\/#website"},"primaryImageOfPage":{"@id":"https:\/\/dutchmicrodosing.com\/de\/psilocybin-truffel\/magische-truffel\/atlantis-15-gr\/#primaryimage"},"image":{"@id":"https:\/\/dutchmicrodosing.com\/de\/psilocybin-truffel\/magische-truffel\/atlantis-15-gr\/#primaryimage"},"thumbnailUrl":"https:\/\/dutchmicrodosing.com\/wp-content\/uploads\/2022\/04\/AM10096-768x768-1.jpg","datePublished":"2022-04-10T18:44:18+00:00","dateModified":"2023-03-11T11:39:31+00:00","breadcrumb":{"@id":"https:\/\/dutchmicrodosing.com\/de\/psilocybin-truffel\/magische-truffel\/atlantis-15-gr\/#breadcrumb"},"inLanguage":"de","potentialAction":[{"@type":"ReadAction","target":["https:\/\/dutchmicrodosing.com\/de\/psilocybin-truffel\/magische-truffel\/atlantis-15-gr\/"]}]},{"@type":"ImageObject","inLanguage":"de","@id":"https:\/\/dutchmicrodosing.com\/de\/psilocybin-truffel\/magische-truffel\/atlantis-15-gr\/#primaryimage","url":"https:\/\/dutchmicrodosing.com\/wp-content\/uploads\/2022\/04\/AM10096-768x768-1.jpg","contentUrl":"https:\/\/dutchmicrodosing.com\/wp-content\/uploads\/2022\/04\/AM10096-768x768-1.jpg","width":768,"height":768},{"@type":"BreadcrumbList","@id":"https:\/\/dutchmicrodosing.com\/de\/psilocybin-truffel\/magische-truffel\/atlantis-15-gr\/#breadcrumb","itemListElement":[{"@type":"ListItem","position":1,"name":"Home","item":"https:\/\/dutchmicrodosing.com\/de\/"},{"@type":"ListItem","position":2,"name":"Shop","item":"https:\/\/dutchmicrodosing.com\/de\/shop\/"},{"@type":"ListItem","position":3,"name":"Atlantis 15 Gr"}]},{"@type":"WebSite","@id":"https:\/\/dutchmicrodosing.com\/de\/#website","url":"https:\/\/dutchmicrodosing.com\/de\/","name":"Dutchmicrodosing","description":"","publisher":{"@id":"https:\/\/dutchmicrodosing.com\/de\/#organization"},"potentialAction":[{"@type":"SearchAction","target":{"@type":"EntryPoint","urlTemplate":"https:\/\/dutchmicrodosing.com\/de\/?s={search_term_string}"},"query-input":{"@type":"PropertyValueSpecification","valueRequired":true,"valueName":"search_term_string"}}],"inLanguage":"de"},{"@type":"Organization","@id":"https:\/\/dutchmicrodosing.com\/de\/#organization","name":"Dutchmicrodosing","url":"https:\/\/dutchmicrodosing.com\/de\/","logo":{"@type":"ImageObject","inLanguage":"de","@id":"https:\/\/dutchmicrodosing.com\/de\/#\/schema\/logo\/image\/","url":"https:\/\/dutchmicrodosing.com\/wp-content\/uploads\/2021\/01\/microdosing-categorie-pic-nieuw.jpg","contentUrl":"https:\/\/dutchmicrodosing.com\/wp-content\/uploads\/2021\/01\/microdosing-categorie-pic-nieuw.jpg","width":500,"height":500,"caption":"Dutchmicrodosing"},"image":{"@id":"https:\/\/dutchmicrodosing.com\/de\/#\/schema\/logo\/image\/"},"sameAs":["https:\/\/www.facebook.com\/Dutchmicrodosingxp\/","https:\/\/www.instagram.com\/dutchmicrodosing\/"]}]},"product_price_amount":"14.95","product_price_currency":"EUR","og_availability":"instock","product_availability":"instock","product_retailer_item_id":"7112300","product_condition":"new"},"_links":{"self":[{"href":"https:\/\/dutchmicrodosing.com\/de\/wp-json\/wp\/v2\/product\/12438","targetHints":{"allow":["GET"]}}],"collection":[{"href":"https:\/\/dutchmicrodosing.com\/de\/wp-json\/wp\/v2\/product"}],"about":[{"href":"https:\/\/dutchmicrodosing.com\/de\/wp-json\/wp\/v2\/types\/product"}],"replies":[{"embeddable":true,"href":"https:\/\/dutchmicrodosing.com\/de\/wp-json\/wp\/v2\/comments?post=12438"}],"version-history":[{"count":0,"href":"https:\/\/dutchmicrodosing.com\/de\/wp-json\/wp\/v2\/product\/12438\/revisions"}],"wp:featuredmedia":[{"embeddable":true,"href":"https:\/\/dutchmicrodosing.com\/de\/wp-json\/wp\/v2\/media\/12191"}],"wp:attachment":[{"href":"https:\/\/dutchmicrodosing.com\/de\/wp-json\/wp\/v2\/media?parent=12438"}],"wp:term":[{"taxonomy":"product_brand","embeddable":true,"href":"https:\/\/dutchmicrodosing.com\/de\/wp-json\/wp\/v2\/product_brand?post=12438"},{"taxonomy":"product_cat","embeddable":true,"href":"https:\/\/dutchmicrodosing.com\/de\/wp-json\/wp\/v2\/product_cat?post=12438"},{"taxonomy":"product_tag","embeddable":true,"href":"https:\/\/dutchmicrodosing.com\/de\/wp-json\/wp\/v2\/product_tag?post=12438"}],"curies":[{"name":"wp","href":"https:\/\/api.w.org\/{rel}","templated":true}]}}