{"id":12441,"date":"2022-04-06T22:17:50","date_gmt":"2022-04-10T18:44:21","guid":{"rendered":"https:\/\/dutchmicrodosing.com\/shop\/ausloesestopper\/"},"modified":"2022-04-10T20:44:21","modified_gmt":"2022-04-10T18:44:21","slug":"ausloesestopper","status":"publish","type":"product","link":"https:\/\/dutchmicrodosing.com\/de\/psilocybin-truffel\/magische-truffel\/ausloesestopper\/","title":{"rendered":"Trip Stopper"},"content":{"rendered":"<p>Wenn man Magic Mushrooms oder Tr\u00fcffel zum Trip verwendet, kann der Trip manchmal etwas zu intensiv sein. Mit einem <strong>Tripstopper<\/strong> k\u00f6nnen Sie Ihre Reise entsch\u00e4rfen. Es f\u00f6rdert den Abbauprozess und tr\u00e4gt dazu bei, dass ein schlechter Trip allm\u00e4hlich gestoppt wird. Mit einem Trip-Stopper sind Sie f\u00fcr Ihre Reise gut ger\u00fcstet. Vor allem, wenn es eines der ersten Male ist, dass Sie eine Reise antreten, ist es gut, wenn Sie einen Stolperstein in Reichweite haben. Schlie\u00dflich ist es schon ein beruhigender Gedanke, wenn man wei\u00df, dass man einen Stolperstein im Haus hat. Dann m\u00fcssen Sie sich keine Sorgen machen, dass ein m\u00f6glicher schlechter Trip zu intensiv sein k\u00f6nnte. Immerhin haben Sie einen Reisestopper in der Hand. Au\u00dferdem raten wir allen, immer einen Tripsitter im Zimmer zu haben. Dies ist ein n\u00fcchterner Freund, der Ihnen helfen kann, sich zu beruhigen, wenn eine Reise zu intensiv ist. \u00dcbrigens, auch f\u00fcr erfahrene Konsumenten von Zauberpilzen und Tr\u00fcffeln ist es immer ratsam, einen Tripstopper im Haus zu haben.<\/p>\n<h3>Inhaltsstoffe<\/h3>\n<p>In der Packung von trip stopper finden Sie 2 verschiedene Pillen. Es enth\u00e4lt 2 Traubenzucker-Tabletten und 4 Baldrian-Kapseln. Die Baldrian-Kapseln helfen Ihnen, sich besser zu entspannen. Die Traubenzucker-Tabletten sind dazu da, die Auswirkungen Ihrer Reise zu verringern.<\/p>\n<h3>Auswirkungen<\/h3>\n<p>Ein Stolperstein hilft, den Abbauprozess zu beschleunigen und zu entsch\u00e4rfen. Dieser Trip-Stopper funktioniert nur mit Magic Mushrooms oder Tr\u00fcffeln.<\/p>\n<h3>Verwenden Sie .<\/h3>\n<p>Nehmen Sie zuerst die 2 Traubenzucker-Tabletten, dann die 2 Baldrian-Kapseln mit einem gro\u00dfen Glas Wasser ein. Nach 10 Minuten ist es am besten, etwas Herzhaftes zu essen, z. B. ein Sandwich. Versuchen Sie nun, ruhig zu bleiben und sich auf Ihre Atmung und die Tatsache zu konzentrieren, dass die Reise zu Ende geht.<\/p>\n<h3>Hinweise zur Lagerung<\/h3>\n<p>Lagern Sie dieses Produkt an einem dunklen, k\u00fchlen Ort, z. B. in einem K\u00fcchenschrank und au\u00dferhalb der Reichweite von Kindern.<\/p>\n<h3>Inhalt<\/h3>\n<p>Trip Stopper McSmart &#8211; 6 Tabletten.<\/p>\n","protected":false},"excerpt":{"rendered":"<p>Wenn man Magic Mushrooms oder Tr\u00fcffel zum Trip verwendet, kann der Trip manchmal etwas zu intensiv sein. Mit einem Tripstopper k\u00f6nnen Sie Ihre Reise entsch\u00e4rfen. Es f\u00f6rdert den Abbauprozess und tr\u00e4gt dazu bei, dass ein schlechter Trip allm\u00e4hlich gestoppt wird. Mit einem Trip-Stopper sind Sie f\u00fcr Ihre Reise gut ger\u00fcstet. Vor allem, wenn es eines [&hellip;]<\/p>\n","protected":false},"featured_media":12369,"comment_status":"closed","ping_status":"closed","template":"","meta":[],"product_brand":[],"product_cat":[212,112,115,202],"product_tag":[],"class_list":{"0":"post-12441","1":"product","2":"type-product","3":"status-publish","4":"has-post-thumbnail","6":"product_cat-all-in-one-zuchtset","7":"product_cat-bio-zauber-trueffel-xp","8":"product_cat-fresh-mushrooms-zuchtset","9":"product_cat-magische-truffel","11":"first","12":"instock","13":"taxable","14":"shipping-taxable","15":"purchasable","16":"product-type-simple"},"yoast_head":"<!-- This site is optimized with the Yoast SEO Premium plugin v26.4 (Yoast SEO v27.4) - https:\/\/yoast.com\/product\/yoast-seo-premium-wordpress\/ -->\n<title>Trip Stopper - Dutchmicrodosing<\/title>\n<meta name=\"robots\" content=\"index, follow, max-snippet:-1, max-image-preview:large, max-video-preview:-1\" \/>\n<link rel=\"canonical\" href=\"https:\/\/dutchmicrodosing.com\/de\/psilocybin-truffel\/magische-truffel\/ausloesestopper\/\" \/>\n<meta property=\"og:locale\" content=\"de_DE\" \/>\n<meta property=\"og:type\" content=\"article\" \/>\n<meta property=\"og:title\" content=\"Trip Stopper\" \/>\n<meta property=\"og:description\" content=\"Wenn man Magic Mushrooms oder Tr\u00fcffel zum Trip verwendet, kann der Trip manchmal etwas zu intensiv sein. Mit einem Tripstopper k\u00f6nnen Sie Ihre Reise\" \/>\n<meta property=\"og:url\" content=\"https:\/\/dutchmicrodosing.com\/de\/psilocybin-truffel\/magische-truffel\/ausloesestopper\/\" \/>\n<meta property=\"og:site_name\" content=\"Dutchmicrodosing\" \/>\n<meta property=\"article:publisher\" content=\"https:\/\/www.facebook.com\/Dutchmicrodosingxp\/\" \/>\n<meta property=\"og:image\" content=\"https:\/\/dutchmicrodosing.com\/wp-content\/uploads\/2022\/04\/mcsmart-trip-stopper.jpg\" \/>\n\t<meta property=\"og:image:width\" content=\"1000\" \/>\n\t<meta property=\"og:image:height\" content=\"1000\" \/>\n\t<meta property=\"og:image:type\" content=\"image\/jpeg\" \/>\n<meta name=\"twitter:card\" content=\"summary_large_image\" \/>\n<script type=\"application\/ld+json\" class=\"yoast-schema-graph\">{\"@context\":\"https:\\\/\\\/schema.org\",\"@graph\":[{\"@type\":\"WebPage\",\"@id\":\"https:\\\/\\\/dutchmicrodosing.com\\\/de\\\/psilocybin-truffel\\\/magische-truffel\\\/ausloesestopper\\\/\",\"url\":\"https:\\\/\\\/dutchmicrodosing.com\\\/de\\\/psilocybin-truffel\\\/magische-truffel\\\/ausloesestopper\\\/\",\"name\":\"Trip Stopper - Dutchmicrodosing\",\"isPartOf\":{\"@id\":\"https:\\\/\\\/dutchmicrodosing.com\\\/de\\\/#website\"},\"primaryImageOfPage\":{\"@id\":\"https:\\\/\\\/dutchmicrodosing.com\\\/de\\\/psilocybin-truffel\\\/magische-truffel\\\/ausloesestopper\\\/#primaryimage\"},\"image\":{\"@id\":\"https:\\\/\\\/dutchmicrodosing.com\\\/de\\\/psilocybin-truffel\\\/magische-truffel\\\/ausloesestopper\\\/#primaryimage\"},\"thumbnailUrl\":\"https:\\\/\\\/dutchmicrodosing.com\\\/wp-content\\\/uploads\\\/2022\\\/04\\\/mcsmart-trip-stopper.jpg\",\"datePublished\":\"2022-04-10T18:44:21+00:00\",\"breadcrumb\":{\"@id\":\"https:\\\/\\\/dutchmicrodosing.com\\\/de\\\/psilocybin-truffel\\\/magische-truffel\\\/ausloesestopper\\\/#breadcrumb\"},\"inLanguage\":\"de\",\"potentialAction\":[{\"@type\":\"ReadAction\",\"target\":[\"https:\\\/\\\/dutchmicrodosing.com\\\/de\\\/psilocybin-truffel\\\/magische-truffel\\\/ausloesestopper\\\/\"]}]},{\"@type\":\"ImageObject\",\"inLanguage\":\"de\",\"@id\":\"https:\\\/\\\/dutchmicrodosing.com\\\/de\\\/psilocybin-truffel\\\/magische-truffel\\\/ausloesestopper\\\/#primaryimage\",\"url\":\"https:\\\/\\\/dutchmicrodosing.com\\\/wp-content\\\/uploads\\\/2022\\\/04\\\/mcsmart-trip-stopper.jpg\",\"contentUrl\":\"https:\\\/\\\/dutchmicrodosing.com\\\/wp-content\\\/uploads\\\/2022\\\/04\\\/mcsmart-trip-stopper.jpg\",\"width\":1000,\"height\":1000},{\"@type\":\"BreadcrumbList\",\"@id\":\"https:\\\/\\\/dutchmicrodosing.com\\\/de\\\/psilocybin-truffel\\\/magische-truffel\\\/ausloesestopper\\\/#breadcrumb\",\"itemListElement\":[{\"@type\":\"ListItem\",\"position\":1,\"name\":\"Home\",\"item\":\"https:\\\/\\\/dutchmicrodosing.com\\\/de\\\/\"},{\"@type\":\"ListItem\",\"position\":2,\"name\":\"Shop\",\"item\":\"https:\\\/\\\/dutchmicrodosing.com\\\/de\\\/shop\\\/\"},{\"@type\":\"ListItem\",\"position\":3,\"name\":\"Trip Stopper\"}]},{\"@type\":\"WebSite\",\"@id\":\"https:\\\/\\\/dutchmicrodosing.com\\\/de\\\/#website\",\"url\":\"https:\\\/\\\/dutchmicrodosing.com\\\/de\\\/\",\"name\":\"Dutchmicrodosing\",\"description\":\"\",\"publisher\":{\"@id\":\"https:\\\/\\\/dutchmicrodosing.com\\\/de\\\/#organization\"},\"potentialAction\":[{\"@type\":\"SearchAction\",\"target\":{\"@type\":\"EntryPoint\",\"urlTemplate\":\"https:\\\/\\\/dutchmicrodosing.com\\\/de\\\/?s={search_term_string}\"},\"query-input\":{\"@type\":\"PropertyValueSpecification\",\"valueRequired\":true,\"valueName\":\"search_term_string\"}}],\"inLanguage\":\"de\"},{\"@type\":\"Organization\",\"@id\":\"https:\\\/\\\/dutchmicrodosing.com\\\/de\\\/#organization\",\"name\":\"Dutchmicrodosing\",\"url\":\"https:\\\/\\\/dutchmicrodosing.com\\\/de\\\/\",\"logo\":{\"@type\":\"ImageObject\",\"inLanguage\":\"de\",\"@id\":\"https:\\\/\\\/dutchmicrodosing.com\\\/de\\\/#\\\/schema\\\/logo\\\/image\\\/\",\"url\":\"https:\\\/\\\/dutchmicrodosing.com\\\/wp-content\\\/uploads\\\/2021\\\/01\\\/microdosing-categorie-pic-nieuw.jpg\",\"contentUrl\":\"https:\\\/\\\/dutchmicrodosing.com\\\/wp-content\\\/uploads\\\/2021\\\/01\\\/microdosing-categorie-pic-nieuw.jpg\",\"width\":500,\"height\":500,\"caption\":\"Dutchmicrodosing\"},\"image\":{\"@id\":\"https:\\\/\\\/dutchmicrodosing.com\\\/de\\\/#\\\/schema\\\/logo\\\/image\\\/\"},\"sameAs\":[\"https:\\\/\\\/www.facebook.com\\\/Dutchmicrodosingxp\\\/\",\"https:\\\/\\\/www.instagram.com\\\/dutchmicrodosing\\\/\"]}]}<\/script>\n<meta property=\"product:price:amount\" content=\"2.95\" \/>\n<meta property=\"product:price:currency\" content=\"EUR\" \/>\n<meta property=\"og:availability\" content=\"instock\" \/>\n<meta property=\"product:availability\" content=\"instock\" \/>\n<meta property=\"product:retailer_item_id\" content=\"7112720\" \/>\n<meta property=\"product:condition\" content=\"new\" \/>\n<!-- \/ Yoast SEO Premium plugin. -->","yoast_head_json":{"title":"Trip Stopper - Dutchmicrodosing","robots":{"index":"index","follow":"follow","max-snippet":"max-snippet:-1","max-image-preview":"max-image-preview:large","max-video-preview":"max-video-preview:-1"},"canonical":"https:\/\/dutchmicrodosing.com\/de\/psilocybin-truffel\/magische-truffel\/ausloesestopper\/","og_locale":"de_DE","og_type":"article","og_title":"Trip Stopper","og_description":"Wenn man Magic Mushrooms oder Tr\u00fcffel zum Trip verwendet, kann der Trip manchmal etwas zu intensiv sein. Mit einem Tripstopper k\u00f6nnen Sie Ihre Reise","og_url":"https:\/\/dutchmicrodosing.com\/de\/psilocybin-truffel\/magische-truffel\/ausloesestopper\/","og_site_name":"Dutchmicrodosing","article_publisher":"https:\/\/www.facebook.com\/Dutchmicrodosingxp\/","og_image":[{"width":1000,"height":1000,"url":"https:\/\/dutchmicrodosing.com\/wp-content\/uploads\/2022\/04\/mcsmart-trip-stopper.jpg","type":"image\/jpeg"}],"twitter_card":"summary_large_image","schema":{"@context":"https:\/\/schema.org","@graph":[{"@type":"WebPage","@id":"https:\/\/dutchmicrodosing.com\/de\/psilocybin-truffel\/magische-truffel\/ausloesestopper\/","url":"https:\/\/dutchmicrodosing.com\/de\/psilocybin-truffel\/magische-truffel\/ausloesestopper\/","name":"Trip Stopper - Dutchmicrodosing","isPartOf":{"@id":"https:\/\/dutchmicrodosing.com\/de\/#website"},"primaryImageOfPage":{"@id":"https:\/\/dutchmicrodosing.com\/de\/psilocybin-truffel\/magische-truffel\/ausloesestopper\/#primaryimage"},"image":{"@id":"https:\/\/dutchmicrodosing.com\/de\/psilocybin-truffel\/magische-truffel\/ausloesestopper\/#primaryimage"},"thumbnailUrl":"https:\/\/dutchmicrodosing.com\/wp-content\/uploads\/2022\/04\/mcsmart-trip-stopper.jpg","datePublished":"2022-04-10T18:44:21+00:00","breadcrumb":{"@id":"https:\/\/dutchmicrodosing.com\/de\/psilocybin-truffel\/magische-truffel\/ausloesestopper\/#breadcrumb"},"inLanguage":"de","potentialAction":[{"@type":"ReadAction","target":["https:\/\/dutchmicrodosing.com\/de\/psilocybin-truffel\/magische-truffel\/ausloesestopper\/"]}]},{"@type":"ImageObject","inLanguage":"de","@id":"https:\/\/dutchmicrodosing.com\/de\/psilocybin-truffel\/magische-truffel\/ausloesestopper\/#primaryimage","url":"https:\/\/dutchmicrodosing.com\/wp-content\/uploads\/2022\/04\/mcsmart-trip-stopper.jpg","contentUrl":"https:\/\/dutchmicrodosing.com\/wp-content\/uploads\/2022\/04\/mcsmart-trip-stopper.jpg","width":1000,"height":1000},{"@type":"BreadcrumbList","@id":"https:\/\/dutchmicrodosing.com\/de\/psilocybin-truffel\/magische-truffel\/ausloesestopper\/#breadcrumb","itemListElement":[{"@type":"ListItem","position":1,"name":"Home","item":"https:\/\/dutchmicrodosing.com\/de\/"},{"@type":"ListItem","position":2,"name":"Shop","item":"https:\/\/dutchmicrodosing.com\/de\/shop\/"},{"@type":"ListItem","position":3,"name":"Trip Stopper"}]},{"@type":"WebSite","@id":"https:\/\/dutchmicrodosing.com\/de\/#website","url":"https:\/\/dutchmicrodosing.com\/de\/","name":"Dutchmicrodosing","description":"","publisher":{"@id":"https:\/\/dutchmicrodosing.com\/de\/#organization"},"potentialAction":[{"@type":"SearchAction","target":{"@type":"EntryPoint","urlTemplate":"https:\/\/dutchmicrodosing.com\/de\/?s={search_term_string}"},"query-input":{"@type":"PropertyValueSpecification","valueRequired":true,"valueName":"search_term_string"}}],"inLanguage":"de"},{"@type":"Organization","@id":"https:\/\/dutchmicrodosing.com\/de\/#organization","name":"Dutchmicrodosing","url":"https:\/\/dutchmicrodosing.com\/de\/","logo":{"@type":"ImageObject","inLanguage":"de","@id":"https:\/\/dutchmicrodosing.com\/de\/#\/schema\/logo\/image\/","url":"https:\/\/dutchmicrodosing.com\/wp-content\/uploads\/2021\/01\/microdosing-categorie-pic-nieuw.jpg","contentUrl":"https:\/\/dutchmicrodosing.com\/wp-content\/uploads\/2021\/01\/microdosing-categorie-pic-nieuw.jpg","width":500,"height":500,"caption":"Dutchmicrodosing"},"image":{"@id":"https:\/\/dutchmicrodosing.com\/de\/#\/schema\/logo\/image\/"},"sameAs":["https:\/\/www.facebook.com\/Dutchmicrodosingxp\/","https:\/\/www.instagram.com\/dutchmicrodosing\/"]}]},"product_price_amount":"2.95","product_price_currency":"EUR","og_availability":"instock","product_availability":"instock","product_retailer_item_id":"7112720","product_condition":"new"},"_links":{"self":[{"href":"https:\/\/dutchmicrodosing.com\/de\/wp-json\/wp\/v2\/product\/12441","targetHints":{"allow":["GET"]}}],"collection":[{"href":"https:\/\/dutchmicrodosing.com\/de\/wp-json\/wp\/v2\/product"}],"about":[{"href":"https:\/\/dutchmicrodosing.com\/de\/wp-json\/wp\/v2\/types\/product"}],"replies":[{"embeddable":true,"href":"https:\/\/dutchmicrodosing.com\/de\/wp-json\/wp\/v2\/comments?post=12441"}],"version-history":[{"count":0,"href":"https:\/\/dutchmicrodosing.com\/de\/wp-json\/wp\/v2\/product\/12441\/revisions"}],"wp:featuredmedia":[{"embeddable":true,"href":"https:\/\/dutchmicrodosing.com\/de\/wp-json\/wp\/v2\/media\/12369"}],"wp:attachment":[{"href":"https:\/\/dutchmicrodosing.com\/de\/wp-json\/wp\/v2\/media?parent=12441"}],"wp:term":[{"taxonomy":"product_brand","embeddable":true,"href":"https:\/\/dutchmicrodosing.com\/de\/wp-json\/wp\/v2\/product_brand?post=12441"},{"taxonomy":"product_cat","embeddable":true,"href":"https:\/\/dutchmicrodosing.com\/de\/wp-json\/wp\/v2\/product_cat?post=12441"},{"taxonomy":"product_tag","embeddable":true,"href":"https:\/\/dutchmicrodosing.com\/de\/wp-json\/wp\/v2\/product_tag?post=12441"}],"curies":[{"name":"wp","href":"https:\/\/api.w.org\/{rel}","templated":true}]}}