{"id":12601,"date":"2022-04-04T21:09:30","date_gmt":"2022-04-04T19:09:30","guid":{"rendered":"https:\/\/dutchmicrodosing.com\/shop\/kolumbianisches-all-in-one-growkit\/"},"modified":"2025-10-11T18:21:56","modified_gmt":"2025-10-11T16:21:56","slug":"all-in-one-zuchtset-colombian","status":"publish","type":"product","link":"https:\/\/dutchmicrodosing.com\/de\/zauberpilze-zuchtsets\/all-in-one-zuchtset\/all-in-one-zuchtset-colombian\/","title":{"rendered":"All in One zuchtset &#8211; Colombian"},"content":{"rendered":"<p>Kolumbianische Zauberpilze sind die etwas st\u00e4rkeren Pilze. Der kolumbianische Zauberpilz enth\u00e4lt einen h\u00f6heren Anteil an Psilocybin. Dies ist die Substanz, die Halluzinationen hervorruft. Der Trip mit dem kolumbianischen Zauberpilz ist kraftvoll und auch spirituell. Man bekommt neue Einblicke und auch die Optik ist sehr angenehm. Der kolumbianische Zauberpilz kann als Zwischenschritt gesehen werden, bevor man zu den Kraftpaketen unter den Zauberpilzen \u00fcbergeht. Der kolumbianische Zauberpilz ist etwas st\u00e4rker als die mexikanischen und thail\u00e4ndischen Zauberpilze. M\u00f6chten Sie eine nicht zu intensive spirituelle Reise? Dann w\u00e4hlen Sie den kolumbianischen Pilz!<\/p>\n<h2>Die Wirkung des kolumbianischen Zauberpilzes<\/h2>\n<p>Die Reise ist sehr spirituell und viel weniger visuell als zum Beispiel eine Reise mit dem McKennai-Pilz. Mit diesem spirituellen Pilz werden Sie bald merken, dass Sie beginnen, sich selbst zu erforschen. Auf diese Weise werden Sie neue Einsichten gewinnen und bald merken, dass Sie zu tiefgreifenden L\u00f6sungen f\u00fcr Probleme kommen, mit denen Sie vielleicht schon seit Jahren zu k\u00e4mpfen haben. Schlie\u00dflich ist der kolumbianische Zauberpilz nicht sehr anschaulich. Das hat den Vorteil, dass eine schlechte Fahrt selten ist.<\/p>\n<h2>Vorbereitung auf das Tripping mit kolumbianischen Pilzen<\/h2>\n<p>Wenn Sie sich etwas Zeit nehmen, um sich auf eine Reise mit kolumbianischen Pilzen vorzubereiten, erh\u00f6hen Sie die Chance auf ein spektakul\u00e4res, aber auch sicheres Erlebnis. W\u00e4hlen Sie einen Ort, den Sie gut kennen, und umgeben Sie sich mit guten Freunden, denen Sie vertrauen k\u00f6nnen. Arrangieren Sie au\u00dferdem einen Tripsitter. Das kann ein Freund oder eine Freundin sein, der\/die keine Drogen oder Alkohol konsumiert, w\u00e4hrend du auf dem Trip bist. Der Tripsitter sorgt daf\u00fcr, dass du sicher bist, und er oder sie kann dich f\u00fchren. W\u00e4hrend einer Reise mit kolumbianischen Pilzen kann es passieren, dass man den Bezug zu Zeit und Raum verliert. Der Tripsitter kann Ihnen dann helfen und Sie beruhigen.<\/p>\n<p>Auch hier kann der Reisestopper hilfreich sein. Diese Droge wirkt, indem sie die Auswirkungen eines Trips abschw\u00e4cht. Allein das Wissen, dass man einen Stolperstein im Haus hat, kann beruhigend wirken.<\/p>\n<h2>Suchen Sie nach einem kolumbianischen Pilzanbausatz?<\/h2>\n<p>Mit dem All In One Growkit k\u00f6nnen Sie diese extrem potenten Pilze jetzt ganz einfach zu Hause anbauen. Nach Ihrer Bestellung verpacken wir Ihr kolumbianisches Pilz-Growkit (in einer diskreten und sicheren Verpackung) und schicken es Ihnen so schnell wie m\u00f6glich zu. Innerhalb weniger Wochen k\u00f6nnen Sie eine anst\u00e4ndige Ernte einfahren.<\/p>\n<h2>Die 9 Schritte f\u00fcr Columbian Mushroom Grow Kit<\/h2>\n<p><a href=\"https:\/\/dutchmicrodosing.com\/de\/growkit_manual\/\">Hier herunterladen: All In One Growkit Handbuch<\/a><\/p>\n<ul>\n<li>\n<ol>\n<li>Wasche Dir gr\u00fcndlich die H\u00e4nde und reinige die Au\u00dfenseite des GrowKits mit einem sauberen, feuchten Tuch. Nehmen Sie den Deckel ab, aber bewahren Sie ihn f\u00fcr Schritt 3 auf.<\/li>\n<li>F\u00fcllen Sie das GrowKit bis zum Rand mit lauwarmem Wasser (20\u00baC). Setzen Sie den Deckel wieder auf und lassen Sie das GrowKit f\u00fcr 5 bis max. 50 Minuten einweichen. Hinweis: Niemals l\u00e4nger als eine Stunde einweichen.<\/li>\n<li>Nach dem Einweichen den Deckel vom GrowKit abnehmen und das \u00fcbersch\u00fcssige Wasser vorsichtig abgie\u00dfen. Lassen Sie das GrowKit f\u00fcr 5 bis 10 Sekunden abtropfen.<\/li>\n<li>F\u00fcllen Sie lauwarmes Wasser (20\u00baC) in den Kulturbeutel: F\u00fcr das 2100cc GrowKit: 1 Tasse (0,25 Liter). F\u00fcr das 1200cc GrowKit: 1 Tasse (0,25 Liter).<\/li>\n<li>Legen Sie das GrowKit in die Kulturtasche. Achte darauf, dass das Wasser nicht \u00fcber den Rand des GrowKits l\u00e4uft.<\/li>\n<li>Verschlie\u00dfen Sie den Grow-Beutel, indem Sie oben einen Deckel anfertigen und ihn mit zwei B\u00fcroklammern (Teil des GrowKit-Pakets) befestigen.<\/li>\n<li>Stellen Sie das Anzuchtset an einen Ort, an dem es vor direkter Sonneneinstrahlung gesch\u00fctzt ist. Stellen Sie das GrowKit nicht unter eine Lampe oder auf oder in die N\u00e4he eines Ofens oder einer W\u00e4rmequelle. Die ideale Temperatur liegt zwischen 20 und 25 \u00baC. &#8222;Lassen Sie den Beutel <strong>geschlossen <\/strong>, bis sich die Vorstecknadeln zu bilden beginnen&#8220; (dies kann ein bis zwei Wochen dauern). In dieser Phase ben\u00f6tigt der Kit keinen Sauerstoff, aber einen hohen CO2-Gehalt.<\/li>\n<li>&#8222;Nachdem die Vorstecknadeln zu wachsen begonnen haben&#8220; Befeuchten Sie das Kit t\u00e4glich mit einer Spr\u00fchflasche (maximal 1-2 Pumpen). In dieser Phase brauchen die Pilze frisches H20 und O2 und das CO2 muss entweichen. Dies ist auch nach der Ernte wichtig.<\/li>\n<li>Die ersten Pilze werden in vierzehn Tagen zu sehen sein. Haben Sie Geduld, es kann l\u00e4nger dauern, bis die ersten Pilze wachsen. Die Pilze sollten geerntet werden, kurz bevor sich die Membran unter der Kappe zu l\u00f6sen beginnt.<\/li>\n<\/ol>\n<p><strong>Die Ernte:<\/strong> Fassen Sie den Stiel vorsichtig an, drehen Sie ihn leicht nach links und rechts und ziehen Sie ihn dann vorsichtig nach oben, um den Pilz so vollst\u00e4ndig wie m\u00f6glich herauszuziehen. Auf diese Weise ist es m\u00f6glich, dass neue Pilze wachsen.<\/li>\n<\/ul>\n<h2>Die Ernte deines kolumbianischen Pilzkultursets<\/h2>\n<p>Nachdem Sie Ihre kolumbianischen Champignons professionell gez\u00fcchtet haben, ist es an der Zeit, sie zu ernten. Wie viele Champignons erh\u00e4lt man mit einem Champignonzucht-Set? Das Champignonzucht-Kit ist in 1200 cc erh\u00e4ltlich. Es ist gut zu wissen, dass aus jedem Champignonzucht-Kit mehrere Flushes gewonnen werden k\u00f6nnen. Das bedeutet, dass mehrere Ernten mit einem der Champignonzucht-Sets m\u00f6glich sind.<\/p>\n<ul>\n<li>1200 cc kolumbianischen Pilzanbausatz produziert etwa 400 Gramm Pilze<\/li>\n<\/ul>\n<p>Das h\u00e4ngt nat\u00fcrlich davon ab, wie man mit dem Champignonzucht-Set umgeht und wie gut der Anbau ist. Jetzt sind kolumbianische Zauberpilze sehr gut zu z\u00fcchten. Sie k\u00f6nnen eine Menge vertragen. Mit dem kolumbianischen Pilzanbausatz erh\u00e4lt man immer eine gute Ernte.<\/p>\n<h2>Lagerung Ihres kolumbianischen Pilzanbausatzes<\/h2>\n<p>Da es sich um ein frisches Produkt handelt, raten wir Ihnen, Ihr Pilzzucht-Set sofort aufzustellen. Auf diese Weise k\u00f6nnen Sie die besten Ergebnisse erzielen und eine gute Pilzernte sicherstellen. Die meisten Pilzanbaus\u00e4tze k\u00f6nnen 3 bis 6 Monate im K\u00fchlschrank aufbewahrt werden, bevor Sie mit dem Anbau beginnen. \u00dcberpr\u00fcfen Sie das Verfallsdatum auf der Verpackung.<\/p>\n","protected":false},"excerpt":{"rendered":"<p>Kolumbianische Zauberpilze sind die etwas st\u00e4rkeren Pilze. Der kolumbianische Zauberpilz enth\u00e4lt einen h\u00f6heren Anteil an Psilocybin. Dies ist die Substanz, die Halluzinationen hervorruft. Der Trip mit dem kolumbianischen Zauberpilz ist kraftvoll und auch spirituell. Man bekommt neue Einblicke und auch die Optik ist sehr angenehm. Der kolumbianische Zauberpilz kann als Zwischenschritt gesehen werden, bevor man [&hellip;]<\/p>\n","protected":false},"featured_media":12088,"comment_status":"closed","ping_status":"closed","template":"","meta":[],"product_brand":[],"product_cat":[212],"product_tag":[],"class_list":{"0":"post-12601","1":"product","2":"type-product","3":"status-publish","4":"has-post-thumbnail","6":"product_cat-all-in-one-zuchtset","8":"first","9":"instock","10":"taxable","11":"shipping-taxable","12":"purchasable","13":"product-type-simple"},"yoast_head":"<!-- This site is optimized with the Yoast SEO Premium plugin v26.4 (Yoast SEO v27.2) - https:\/\/yoast.com\/product\/yoast-seo-premium-wordpress\/ -->\n<title>All in One zuchtset - Colombian - Dutchmicrodosing<\/title>\n<meta name=\"robots\" content=\"index, follow, max-snippet:-1, max-image-preview:large, max-video-preview:-1\" \/>\n<link rel=\"canonical\" href=\"https:\/\/dutchmicrodosing.com\/de\/zauberpilze-zuchtsets\/all-in-one-zuchtset\/all-in-one-zuchtset-colombian\/\" \/>\n<meta property=\"og:locale\" content=\"de_DE\" \/>\n<meta property=\"og:type\" content=\"article\" \/>\n<meta property=\"og:title\" content=\"All in One zuchtset - Colombian\" \/>\n<meta property=\"og:description\" content=\"Kolumbianische Zauberpilze sind die etwas st\u00e4rkeren Pilze. Der kolumbianische Zauberpilz enth\u00e4lt einen h\u00f6heren Anteil an Psilocybin. Dies ist die\" \/>\n<meta property=\"og:url\" content=\"https:\/\/dutchmicrodosing.com\/de\/zauberpilze-zuchtsets\/all-in-one-zuchtset\/all-in-one-zuchtset-colombian\/\" \/>\n<meta property=\"og:site_name\" content=\"Dutchmicrodosing\" \/>\n<meta property=\"article:publisher\" content=\"https:\/\/www.facebook.com\/Dutchmicrodosingxp\/\" \/>\n<meta property=\"article:modified_time\" content=\"2025-10-11T16:21:56+00:00\" \/>\n<meta property=\"og:image\" content=\"https:\/\/dutchmicrodosing.com\/wp-content\/uploads\/2022\/04\/colombian-all-in-one-growkit.png\" \/>\n\t<meta property=\"og:image:width\" content=\"1100\" \/>\n\t<meta property=\"og:image:height\" content=\"720\" \/>\n\t<meta property=\"og:image:type\" content=\"image\/png\" \/>\n<meta name=\"twitter:card\" content=\"summary_large_image\" \/>\n<script type=\"application\/ld+json\" class=\"yoast-schema-graph\">{\"@context\":\"https:\/\/schema.org\",\"@graph\":[{\"@type\":\"WebPage\",\"@id\":\"https:\/\/dutchmicrodosing.com\/de\/zauberpilze-zuchtsets\/all-in-one-zuchtset\/all-in-one-zuchtset-colombian\/\",\"url\":\"https:\/\/dutchmicrodosing.com\/de\/zauberpilze-zuchtsets\/all-in-one-zuchtset\/all-in-one-zuchtset-colombian\/\",\"name\":\"All in One zuchtset - Colombian - Dutchmicrodosing\",\"isPartOf\":{\"@id\":\"https:\/\/dutchmicrodosing.com\/de\/#website\"},\"primaryImageOfPage\":{\"@id\":\"https:\/\/dutchmicrodosing.com\/de\/zauberpilze-zuchtsets\/all-in-one-zuchtset\/all-in-one-zuchtset-colombian\/#primaryimage\"},\"image\":{\"@id\":\"https:\/\/dutchmicrodosing.com\/de\/zauberpilze-zuchtsets\/all-in-one-zuchtset\/all-in-one-zuchtset-colombian\/#primaryimage\"},\"thumbnailUrl\":\"https:\/\/dutchmicrodosing.com\/wp-content\/uploads\/2022\/04\/colombian-all-in-one-growkit.png\",\"datePublished\":\"2022-04-04T19:09:30+00:00\",\"dateModified\":\"2025-10-11T16:21:56+00:00\",\"breadcrumb\":{\"@id\":\"https:\/\/dutchmicrodosing.com\/de\/zauberpilze-zuchtsets\/all-in-one-zuchtset\/all-in-one-zuchtset-colombian\/#breadcrumb\"},\"inLanguage\":\"de\",\"potentialAction\":[{\"@type\":\"ReadAction\",\"target\":[\"https:\/\/dutchmicrodosing.com\/de\/zauberpilze-zuchtsets\/all-in-one-zuchtset\/all-in-one-zuchtset-colombian\/\"]}]},{\"@type\":\"ImageObject\",\"inLanguage\":\"de\",\"@id\":\"https:\/\/dutchmicrodosing.com\/de\/zauberpilze-zuchtsets\/all-in-one-zuchtset\/all-in-one-zuchtset-colombian\/#primaryimage\",\"url\":\"https:\/\/dutchmicrodosing.com\/wp-content\/uploads\/2022\/04\/colombian-all-in-one-growkit.png\",\"contentUrl\":\"https:\/\/dutchmicrodosing.com\/wp-content\/uploads\/2022\/04\/colombian-all-in-one-growkit.png\",\"width\":1100,\"height\":720},{\"@type\":\"BreadcrumbList\",\"@id\":\"https:\/\/dutchmicrodosing.com\/de\/zauberpilze-zuchtsets\/all-in-one-zuchtset\/all-in-one-zuchtset-colombian\/#breadcrumb\",\"itemListElement\":[{\"@type\":\"ListItem\",\"position\":1,\"name\":\"Home\",\"item\":\"https:\/\/dutchmicrodosing.com\/de\/\"},{\"@type\":\"ListItem\",\"position\":2,\"name\":\"Shop\",\"item\":\"https:\/\/dutchmicrodosing.com\/de\/shop\/\"},{\"@type\":\"ListItem\",\"position\":3,\"name\":\"All in One zuchtset &#8211; Colombian\"}]},{\"@type\":\"WebSite\",\"@id\":\"https:\/\/dutchmicrodosing.com\/de\/#website\",\"url\":\"https:\/\/dutchmicrodosing.com\/de\/\",\"name\":\"Dutchmicrodosing\",\"description\":\"\",\"publisher\":{\"@id\":\"https:\/\/dutchmicrodosing.com\/de\/#organization\"},\"potentialAction\":[{\"@type\":\"SearchAction\",\"target\":{\"@type\":\"EntryPoint\",\"urlTemplate\":\"https:\/\/dutchmicrodosing.com\/de\/?s={search_term_string}\"},\"query-input\":{\"@type\":\"PropertyValueSpecification\",\"valueRequired\":true,\"valueName\":\"search_term_string\"}}],\"inLanguage\":\"de\"},{\"@type\":\"Organization\",\"@id\":\"https:\/\/dutchmicrodosing.com\/de\/#organization\",\"name\":\"Dutchmicrodosing\",\"url\":\"https:\/\/dutchmicrodosing.com\/de\/\",\"logo\":{\"@type\":\"ImageObject\",\"inLanguage\":\"de\",\"@id\":\"https:\/\/dutchmicrodosing.com\/de\/#\/schema\/logo\/image\/\",\"url\":\"https:\/\/dutchmicrodosing.com\/wp-content\/uploads\/2021\/01\/microdosing-categorie-pic-nieuw.jpg\",\"contentUrl\":\"https:\/\/dutchmicrodosing.com\/wp-content\/uploads\/2021\/01\/microdosing-categorie-pic-nieuw.jpg\",\"width\":500,\"height\":500,\"caption\":\"Dutchmicrodosing\"},\"image\":{\"@id\":\"https:\/\/dutchmicrodosing.com\/de\/#\/schema\/logo\/image\/\"},\"sameAs\":[\"https:\/\/www.facebook.com\/Dutchmicrodosingxp\/\",\"https:\/\/www.instagram.com\/dutchmicrodosing\/\"]}]}<\/script>\n<meta property=\"product:price:amount\" content=\"34.95\" \/>\n<meta property=\"product:price:currency\" content=\"EUR\" \/>\n<meta property=\"og:availability\" content=\"instock\" \/>\n<meta property=\"product:availability\" content=\"instock\" \/>\n<meta property=\"product:retailer_item_id\" content=\"8108631\" \/>\n<meta property=\"product:condition\" content=\"new\" \/>\n<!-- \/ Yoast SEO Premium plugin. -->","yoast_head_json":{"title":"All in One zuchtset - Colombian - Dutchmicrodosing","robots":{"index":"index","follow":"follow","max-snippet":"max-snippet:-1","max-image-preview":"max-image-preview:large","max-video-preview":"max-video-preview:-1"},"canonical":"https:\/\/dutchmicrodosing.com\/de\/zauberpilze-zuchtsets\/all-in-one-zuchtset\/all-in-one-zuchtset-colombian\/","og_locale":"de_DE","og_type":"article","og_title":"All in One zuchtset - Colombian","og_description":"Kolumbianische Zauberpilze sind die etwas st\u00e4rkeren Pilze. Der kolumbianische Zauberpilz enth\u00e4lt einen h\u00f6heren Anteil an Psilocybin. Dies ist die","og_url":"https:\/\/dutchmicrodosing.com\/de\/zauberpilze-zuchtsets\/all-in-one-zuchtset\/all-in-one-zuchtset-colombian\/","og_site_name":"Dutchmicrodosing","article_publisher":"https:\/\/www.facebook.com\/Dutchmicrodosingxp\/","article_modified_time":"2025-10-11T16:21:56+00:00","og_image":[{"width":1100,"height":720,"url":"https:\/\/dutchmicrodosing.com\/wp-content\/uploads\/2022\/04\/colombian-all-in-one-growkit.png","type":"image\/png"}],"twitter_card":"summary_large_image","schema":{"@context":"https:\/\/schema.org","@graph":[{"@type":"WebPage","@id":"https:\/\/dutchmicrodosing.com\/de\/zauberpilze-zuchtsets\/all-in-one-zuchtset\/all-in-one-zuchtset-colombian\/","url":"https:\/\/dutchmicrodosing.com\/de\/zauberpilze-zuchtsets\/all-in-one-zuchtset\/all-in-one-zuchtset-colombian\/","name":"All in One zuchtset - Colombian - Dutchmicrodosing","isPartOf":{"@id":"https:\/\/dutchmicrodosing.com\/de\/#website"},"primaryImageOfPage":{"@id":"https:\/\/dutchmicrodosing.com\/de\/zauberpilze-zuchtsets\/all-in-one-zuchtset\/all-in-one-zuchtset-colombian\/#primaryimage"},"image":{"@id":"https:\/\/dutchmicrodosing.com\/de\/zauberpilze-zuchtsets\/all-in-one-zuchtset\/all-in-one-zuchtset-colombian\/#primaryimage"},"thumbnailUrl":"https:\/\/dutchmicrodosing.com\/wp-content\/uploads\/2022\/04\/colombian-all-in-one-growkit.png","datePublished":"2022-04-04T19:09:30+00:00","dateModified":"2025-10-11T16:21:56+00:00","breadcrumb":{"@id":"https:\/\/dutchmicrodosing.com\/de\/zauberpilze-zuchtsets\/all-in-one-zuchtset\/all-in-one-zuchtset-colombian\/#breadcrumb"},"inLanguage":"de","potentialAction":[{"@type":"ReadAction","target":["https:\/\/dutchmicrodosing.com\/de\/zauberpilze-zuchtsets\/all-in-one-zuchtset\/all-in-one-zuchtset-colombian\/"]}]},{"@type":"ImageObject","inLanguage":"de","@id":"https:\/\/dutchmicrodosing.com\/de\/zauberpilze-zuchtsets\/all-in-one-zuchtset\/all-in-one-zuchtset-colombian\/#primaryimage","url":"https:\/\/dutchmicrodosing.com\/wp-content\/uploads\/2022\/04\/colombian-all-in-one-growkit.png","contentUrl":"https:\/\/dutchmicrodosing.com\/wp-content\/uploads\/2022\/04\/colombian-all-in-one-growkit.png","width":1100,"height":720},{"@type":"BreadcrumbList","@id":"https:\/\/dutchmicrodosing.com\/de\/zauberpilze-zuchtsets\/all-in-one-zuchtset\/all-in-one-zuchtset-colombian\/#breadcrumb","itemListElement":[{"@type":"ListItem","position":1,"name":"Home","item":"https:\/\/dutchmicrodosing.com\/de\/"},{"@type":"ListItem","position":2,"name":"Shop","item":"https:\/\/dutchmicrodosing.com\/de\/shop\/"},{"@type":"ListItem","position":3,"name":"All in One zuchtset &#8211; Colombian"}]},{"@type":"WebSite","@id":"https:\/\/dutchmicrodosing.com\/de\/#website","url":"https:\/\/dutchmicrodosing.com\/de\/","name":"Dutchmicrodosing","description":"","publisher":{"@id":"https:\/\/dutchmicrodosing.com\/de\/#organization"},"potentialAction":[{"@type":"SearchAction","target":{"@type":"EntryPoint","urlTemplate":"https:\/\/dutchmicrodosing.com\/de\/?s={search_term_string}"},"query-input":{"@type":"PropertyValueSpecification","valueRequired":true,"valueName":"search_term_string"}}],"inLanguage":"de"},{"@type":"Organization","@id":"https:\/\/dutchmicrodosing.com\/de\/#organization","name":"Dutchmicrodosing","url":"https:\/\/dutchmicrodosing.com\/de\/","logo":{"@type":"ImageObject","inLanguage":"de","@id":"https:\/\/dutchmicrodosing.com\/de\/#\/schema\/logo\/image\/","url":"https:\/\/dutchmicrodosing.com\/wp-content\/uploads\/2021\/01\/microdosing-categorie-pic-nieuw.jpg","contentUrl":"https:\/\/dutchmicrodosing.com\/wp-content\/uploads\/2021\/01\/microdosing-categorie-pic-nieuw.jpg","width":500,"height":500,"caption":"Dutchmicrodosing"},"image":{"@id":"https:\/\/dutchmicrodosing.com\/de\/#\/schema\/logo\/image\/"},"sameAs":["https:\/\/www.facebook.com\/Dutchmicrodosingxp\/","https:\/\/www.instagram.com\/dutchmicrodosing\/"]}]},"product_price_amount":"34.95","product_price_currency":"EUR","og_availability":"instock","product_availability":"instock","product_retailer_item_id":"8108631","product_condition":"new"},"_links":{"self":[{"href":"https:\/\/dutchmicrodosing.com\/de\/wp-json\/wp\/v2\/product\/12601","targetHints":{"allow":["GET"]}}],"collection":[{"href":"https:\/\/dutchmicrodosing.com\/de\/wp-json\/wp\/v2\/product"}],"about":[{"href":"https:\/\/dutchmicrodosing.com\/de\/wp-json\/wp\/v2\/types\/product"}],"replies":[{"embeddable":true,"href":"https:\/\/dutchmicrodosing.com\/de\/wp-json\/wp\/v2\/comments?post=12601"}],"version-history":[{"count":0,"href":"https:\/\/dutchmicrodosing.com\/de\/wp-json\/wp\/v2\/product\/12601\/revisions"}],"wp:featuredmedia":[{"embeddable":true,"href":"https:\/\/dutchmicrodosing.com\/de\/wp-json\/wp\/v2\/media\/12088"}],"wp:attachment":[{"href":"https:\/\/dutchmicrodosing.com\/de\/wp-json\/wp\/v2\/media?parent=12601"}],"wp:term":[{"taxonomy":"product_brand","embeddable":true,"href":"https:\/\/dutchmicrodosing.com\/de\/wp-json\/wp\/v2\/product_brand?post=12601"},{"taxonomy":"product_cat","embeddable":true,"href":"https:\/\/dutchmicrodosing.com\/de\/wp-json\/wp\/v2\/product_cat?post=12601"},{"taxonomy":"product_tag","embeddable":true,"href":"https:\/\/dutchmicrodosing.com\/de\/wp-json\/wp\/v2\/product_tag?post=12601"}],"curies":[{"name":"wp","href":"https:\/\/api.w.org\/{rel}","templated":true}]}}