{"id":12606,"date":"2022-04-04T21:11:29","date_gmt":"2022-04-04T19:11:29","guid":{"rendered":"https:\/\/dutchmicrodosing.com\/shop\/thai-all-in-one-growkit\/"},"modified":"2026-03-06T11:58:06","modified_gmt":"2026-03-06T10:58:06","slug":"all-in-one-zuchtset-thai","status":"publish","type":"product","link":"https:\/\/dutchmicrodosing.com\/de\/zauberpilze-zuchtsets\/all-in-one-zuchtset\/all-in-one-zuchtset-thai\/","title":{"rendered":"All in One zuchtset &#8211; Thai"},"content":{"rendered":"<p>Wenn Sie auf der Suche nach einem nat\u00fcrlichen Heilmittel f\u00fcr eine Party sind, w\u00e4hlen Sie die thail\u00e4ndischen Zauberpilze. Dies ist ein echter Partypilz, der in Thailand bei Vollmondpartys in vollen Z\u00fcgen genossen wird. Sobald Sie diesen Pilz einnehmen, werden Sie feststellen, dass viele Unsicherheiten wie Schnee in der Sonne verschwinden. Sie sind eher bereit, mit Menschen zu sprechen und f\u00fchlen sich euphorischer als zuvor. Sind Sie also unerfahren mit Psilocybe-Pilzen oder suchen Sie einen entspannten Ausflug? Dann w\u00e4hlen Sie den Thai-Pilz.<\/p>\n<h2>Der tropische thail\u00e4ndische Pilzanbau und seine Wirkung<\/h2>\n<p>Der thail\u00e4ndische Zauberpilz ist ein echter Party-Pilz und sorgt f\u00fcr ein euphorisches und besonders geselliges Gef\u00fchl. Farben und Ger\u00e4usche wirken intensiver, und Ihre Sinne sind gesch\u00e4rft. Der Pilz selbst ist mit diesem Anbausatz \u00fcberraschend einfach zu z\u00fcchten. Und das, obwohl wir nicht in einem tropischen Land leben! Befolgen Sie die Schritte des thail\u00e4ndischen All-in-One-Grow-Kits und genie\u00dfen Sie eine lustige Reise.<\/p>\n<h2>Vorbereitung auf das Tripping mit Thai-Pilzen<\/h2>\n<p>Wenn du dir etwas Zeit nimmst, um dich auf einen Trip mit thail\u00e4ndischen Pilzen vorzubereiten, erh\u00f6hst du die Wahrscheinlichkeit eines spektakul\u00e4ren, aber auch sicheren Erlebnisses. W\u00e4hlen Sie einen Ort, den Sie gut kennen, und umgeben Sie sich mit guten Freunden, denen Sie vertrauen k\u00f6nnen. Arrangieren Sie au\u00dferdem einen Tripsitter. Das kann ein Freund oder eine Freundin sein, der\/die keine Drogen oder Alkohol konsumiert, w\u00e4hrend du auf dem Trip bist. Der Tripsitter sorgt daf\u00fcr, dass du sicher bist, und er oder sie kann dich f\u00fchren. W\u00e4hrend eines Trips mit thail\u00e4ndischen Magic Mushrooms kann es passieren, dass man den Bezug zu Zeit und Raum verliert. Der Tripsitter kann Ihnen dann helfen und Sie beruhigen.<\/p>\n<p>Auch hier kann der Reisestopper hilfreich sein. Diese Droge wirkt, indem sie die Auswirkungen eines Trips abschw\u00e4cht. Allein das Wissen, dass man einen Stolperstein im Haus hat, kann beruhigend wirken.<\/p>\n<h2>Suchen Sie nach einem Thai-Pilz-Zucht-Set?<\/h2>\n<p>Mit dem All In One Growkit k\u00f6nnen Sie diese extrem potenten Pilze jetzt ganz einfach zu Hause anbauen. Nach Ihrer Bestellung verpacken wir Ihr Thai Mushroom Growkit (in einer diskreten und sicheren Verpackung) und schicken es Ihnen so schnell wie m\u00f6glich zu. Innerhalb weniger Wochen k\u00f6nnen Sie eine anst\u00e4ndige Ernte einfahren.<\/p>\n<h2>Die 9 Schritte f\u00fcr Thai Mushroom Grow Kit<\/h2>\n<p><a href=\"https:\/\/dutchmicrodosing.com\/de\/growkit_manual\/\">Hier herunterladen: All In One Growkit Handbuch<\/a><\/p>\n<ul>\n<li>\n<ol>\n<li>Wasche Dir gr\u00fcndlich die H\u00e4nde und reinige die Au\u00dfenseite des GrowKits mit einem sauberen, feuchten Tuch. Nehmen Sie den Deckel ab, aber bewahren Sie ihn f\u00fcr Schritt 3 auf.<\/li>\n<li>F\u00fcllen Sie das GrowKit bis zum Rand mit lauwarmem Wasser (20\u00baC). Setzen Sie den Deckel wieder auf und lassen Sie das GrowKit f\u00fcr 5 bis max. 50 Minuten einweichen. Hinweis: Niemals l\u00e4nger als eine Stunde einweichen.<\/li>\n<li>Nach dem Einweichen den Deckel vom GrowKit abnehmen und das \u00fcbersch\u00fcssige Wasser vorsichtig abgie\u00dfen. Lassen Sie das GrowKit f\u00fcr 5 bis 10 Sekunden abtropfen.<\/li>\n<li>F\u00fcllen Sie lauwarmes Wasser (20\u00baC) in den Kulturbeutel: F\u00fcr das 2100cc GrowKit: 1 Tasse (0,25 Liter). F\u00fcr das 1200cc GrowKit: 1 Tasse (0,25 Liter).<\/li>\n<li>Legen Sie das GrowKit in die Kulturtasche. Achte darauf, dass das Wasser nicht \u00fcber den Rand des GrowKits l\u00e4uft.<\/li>\n<li>Verschlie\u00dfen Sie den Grow-Beutel, indem Sie oben einen Deckel anfertigen und ihn mit zwei B\u00fcroklammern (Teil des GrowKit-Pakets) befestigen.<\/li>\n<li>Stellen Sie das Anzuchtset an einen Ort, an dem es vor direkter Sonneneinstrahlung gesch\u00fctzt ist. Stellen Sie das GrowKit nicht unter eine Lampe oder auf oder in die N\u00e4he eines Ofens oder einer W\u00e4rmequelle. Die ideale Temperatur liegt zwischen 20 und 25 \u00baC. &#8222;Lassen Sie den Beutel <strong>geschlossen <\/strong>, bis sich die Vorstecknadeln zu bilden beginnen&#8220; (dies kann ein bis zwei Wochen dauern). In dieser Phase ben\u00f6tigt der Kit keinen Sauerstoff, aber einen hohen CO2-Gehalt.<\/li>\n<li>&#8222;Nachdem die Vorstecknadeln zu wachsen begonnen haben&#8220; Befeuchten Sie das Kit t\u00e4glich mit einer Spr\u00fchflasche (maximal 1-2 Pumpen). In dieser Phase brauchen die Pilze frisches H20 und O2 und das CO2 muss entweichen. Dies ist auch nach der Ernte wichtig.<\/li>\n<li>Die ersten Pilze werden in vierzehn Tagen zu sehen sein. Haben Sie Geduld, es kann l\u00e4nger dauern, bis die ersten Pilze wachsen. Die Pilze sollten geerntet werden, kurz bevor sich die Membran unter der Kappe zu l\u00f6sen beginnt.<\/li>\n<\/ol>\n<p><strong>Die Ernte:<\/strong> Fassen Sie den Stiel vorsichtig an, drehen Sie ihn leicht nach links und rechts und ziehen Sie ihn dann vorsichtig nach oben, um den Pilz so vollst\u00e4ndig wie m\u00f6glich herauszuziehen. Auf diese Weise ist es m\u00f6glich, dass neue Pilze wachsen.<\/li>\n<\/ul>\n<h2>Die Ernte Ihres Thai Mushroom Grow Kits<\/h2>\n<p>Nachdem Sie Ihre thail\u00e4ndischen Pilze professionell gez\u00fcchtet haben, ist es an der Zeit, sie zu ernten. Wie viele Champignons erh\u00e4lt man mit einem Champignonzucht-Set? Das Champignonzucht-Kit ist in 1200 cc erh\u00e4ltlich. Es ist gut zu wissen, dass aus jedem Champignonzucht-Kit mehrere Flushes gewonnen werden k\u00f6nnen. Das bedeutet, dass mehrere Ernten mit einem der Champignonzucht-Sets m\u00f6glich sind.<\/p>\n<ul>\n<li>1200 cc ecuadorianischer Pilzanbausatz ergibt 500 Gramm Pilze<\/li>\n<\/ul>\n<p>Das h\u00e4ngt nat\u00fcrlich davon ab, wie man mit dem Champignonzucht-Set umgeht und wie gut der Anbau ist. Jetzt sind ecuadorianische Pilze sehr gut zu z\u00fcchten. Sie k\u00f6nnen eine Menge vertragen. Das thail\u00e4ndische Pilzanbauset wird Ihnen immer eine sch\u00f6ne Ernte bescheren.<\/p>\n<h2>Lagerung Ihres Thai-Pilz-Zucht-Kits<\/h2>\n<p>Da es sich um ein frisches Produkt handelt, raten wir Ihnen, Ihr Pilzzucht-Set sofort aufzustellen. Auf diese Weise k\u00f6nnen Sie die besten Ergebnisse erzielen und eine gute Pilzernte sicherstellen. Die meisten Pilzanbaus\u00e4tze k\u00f6nnen 3 bis 6 Monate im K\u00fchlschrank aufbewahrt werden, bevor Sie mit dem Anbau beginnen. \u00dcberpr\u00fcfen Sie das Verfallsdatum auf der Verpackung.<\/p>\n","protected":false},"excerpt":{"rendered":"<p>Wenn Sie auf der Suche nach einem nat\u00fcrlichen Heilmittel f\u00fcr eine Party sind, w\u00e4hlen Sie die thail\u00e4ndischen Zauberpilze. Dies ist ein echter Partypilz, der in Thailand bei Vollmondpartys in vollen Z\u00fcgen genossen wird. Sobald Sie diesen Pilz einnehmen, werden Sie feststellen, dass viele Unsicherheiten wie Schnee in der Sonne verschwinden. Sie sind eher bereit, mit [&hellip;]<\/p>\n","protected":false},"featured_media":12095,"comment_status":"closed","ping_status":"closed","template":"","meta":[],"product_brand":[],"product_cat":[212],"product_tag":[],"class_list":{"0":"post-12606","1":"product","2":"type-product","3":"status-publish","4":"has-post-thumbnail","6":"product_cat-all-in-one-zuchtset","8":"first","9":"instock","10":"taxable","11":"shipping-taxable","12":"purchasable","13":"product-type-simple"},"yoast_head":"<!-- This site is optimized with the Yoast SEO Premium plugin v26.4 (Yoast SEO v27.2) - https:\/\/yoast.com\/product\/yoast-seo-premium-wordpress\/ -->\n<title>All in One zuchtset - Thai - Dutchmicrodosing<\/title>\n<meta name=\"robots\" content=\"index, follow, max-snippet:-1, max-image-preview:large, max-video-preview:-1\" \/>\n<link rel=\"canonical\" href=\"https:\/\/dutchmicrodosing.com\/de\/zauberpilze-zuchtsets\/all-in-one-zuchtset\/all-in-one-zuchtset-thai\/\" \/>\n<meta property=\"og:locale\" content=\"de_DE\" \/>\n<meta property=\"og:type\" content=\"article\" \/>\n<meta property=\"og:title\" content=\"All in One zuchtset - Thai\" \/>\n<meta property=\"og:description\" content=\"Wenn Sie auf der Suche nach einem nat\u00fcrlichen Heilmittel f\u00fcr eine Party sind, w\u00e4hlen Sie die thail\u00e4ndischen Zauberpilze. Dies ist ein echter Partypilz,\" \/>\n<meta property=\"og:url\" content=\"https:\/\/dutchmicrodosing.com\/de\/zauberpilze-zuchtsets\/all-in-one-zuchtset\/all-in-one-zuchtset-thai\/\" \/>\n<meta property=\"og:site_name\" content=\"Dutchmicrodosing\" \/>\n<meta property=\"article:publisher\" content=\"https:\/\/www.facebook.com\/Dutchmicrodosingxp\/\" \/>\n<meta property=\"article:modified_time\" content=\"2026-03-06T10:58:06+00:00\" \/>\n<meta property=\"og:image\" content=\"https:\/\/dutchmicrodosing.com\/wp-content\/uploads\/2022\/04\/thai-all-in-one-growkit.png\" \/>\n\t<meta property=\"og:image:width\" content=\"1100\" \/>\n\t<meta property=\"og:image:height\" content=\"720\" \/>\n\t<meta property=\"og:image:type\" content=\"image\/png\" \/>\n<meta name=\"twitter:card\" content=\"summary_large_image\" \/>\n<script type=\"application\/ld+json\" class=\"yoast-schema-graph\">{\"@context\":\"https:\/\/schema.org\",\"@graph\":[{\"@type\":\"WebPage\",\"@id\":\"https:\/\/dutchmicrodosing.com\/de\/zauberpilze-zuchtsets\/all-in-one-zuchtset\/all-in-one-zuchtset-thai\/\",\"url\":\"https:\/\/dutchmicrodosing.com\/de\/zauberpilze-zuchtsets\/all-in-one-zuchtset\/all-in-one-zuchtset-thai\/\",\"name\":\"All in One zuchtset - Thai - Dutchmicrodosing\",\"isPartOf\":{\"@id\":\"https:\/\/dutchmicrodosing.com\/de\/#website\"},\"primaryImageOfPage\":{\"@id\":\"https:\/\/dutchmicrodosing.com\/de\/zauberpilze-zuchtsets\/all-in-one-zuchtset\/all-in-one-zuchtset-thai\/#primaryimage\"},\"image\":{\"@id\":\"https:\/\/dutchmicrodosing.com\/de\/zauberpilze-zuchtsets\/all-in-one-zuchtset\/all-in-one-zuchtset-thai\/#primaryimage\"},\"thumbnailUrl\":\"https:\/\/dutchmicrodosing.com\/wp-content\/uploads\/2022\/04\/thai-all-in-one-growkit.png\",\"datePublished\":\"2022-04-04T19:11:29+00:00\",\"dateModified\":\"2026-03-06T10:58:06+00:00\",\"breadcrumb\":{\"@id\":\"https:\/\/dutchmicrodosing.com\/de\/zauberpilze-zuchtsets\/all-in-one-zuchtset\/all-in-one-zuchtset-thai\/#breadcrumb\"},\"inLanguage\":\"de\",\"potentialAction\":[{\"@type\":\"ReadAction\",\"target\":[\"https:\/\/dutchmicrodosing.com\/de\/zauberpilze-zuchtsets\/all-in-one-zuchtset\/all-in-one-zuchtset-thai\/\"]}]},{\"@type\":\"ImageObject\",\"inLanguage\":\"de\",\"@id\":\"https:\/\/dutchmicrodosing.com\/de\/zauberpilze-zuchtsets\/all-in-one-zuchtset\/all-in-one-zuchtset-thai\/#primaryimage\",\"url\":\"https:\/\/dutchmicrodosing.com\/wp-content\/uploads\/2022\/04\/thai-all-in-one-growkit.png\",\"contentUrl\":\"https:\/\/dutchmicrodosing.com\/wp-content\/uploads\/2022\/04\/thai-all-in-one-growkit.png\",\"width\":1100,\"height\":720},{\"@type\":\"BreadcrumbList\",\"@id\":\"https:\/\/dutchmicrodosing.com\/de\/zauberpilze-zuchtsets\/all-in-one-zuchtset\/all-in-one-zuchtset-thai\/#breadcrumb\",\"itemListElement\":[{\"@type\":\"ListItem\",\"position\":1,\"name\":\"Home\",\"item\":\"https:\/\/dutchmicrodosing.com\/de\/\"},{\"@type\":\"ListItem\",\"position\":2,\"name\":\"Shop\",\"item\":\"https:\/\/dutchmicrodosing.com\/de\/shop\/\"},{\"@type\":\"ListItem\",\"position\":3,\"name\":\"All in One zuchtset &#8211; Thai\"}]},{\"@type\":\"WebSite\",\"@id\":\"https:\/\/dutchmicrodosing.com\/de\/#website\",\"url\":\"https:\/\/dutchmicrodosing.com\/de\/\",\"name\":\"Dutchmicrodosing\",\"description\":\"\",\"publisher\":{\"@id\":\"https:\/\/dutchmicrodosing.com\/de\/#organization\"},\"potentialAction\":[{\"@type\":\"SearchAction\",\"target\":{\"@type\":\"EntryPoint\",\"urlTemplate\":\"https:\/\/dutchmicrodosing.com\/de\/?s={search_term_string}\"},\"query-input\":{\"@type\":\"PropertyValueSpecification\",\"valueRequired\":true,\"valueName\":\"search_term_string\"}}],\"inLanguage\":\"de\"},{\"@type\":\"Organization\",\"@id\":\"https:\/\/dutchmicrodosing.com\/de\/#organization\",\"name\":\"Dutchmicrodosing\",\"url\":\"https:\/\/dutchmicrodosing.com\/de\/\",\"logo\":{\"@type\":\"ImageObject\",\"inLanguage\":\"de\",\"@id\":\"https:\/\/dutchmicrodosing.com\/de\/#\/schema\/logo\/image\/\",\"url\":\"https:\/\/dutchmicrodosing.com\/wp-content\/uploads\/2021\/01\/microdosing-categorie-pic-nieuw.jpg\",\"contentUrl\":\"https:\/\/dutchmicrodosing.com\/wp-content\/uploads\/2021\/01\/microdosing-categorie-pic-nieuw.jpg\",\"width\":500,\"height\":500,\"caption\":\"Dutchmicrodosing\"},\"image\":{\"@id\":\"https:\/\/dutchmicrodosing.com\/de\/#\/schema\/logo\/image\/\"},\"sameAs\":[\"https:\/\/www.facebook.com\/Dutchmicrodosingxp\/\",\"https:\/\/www.instagram.com\/dutchmicrodosing\/\"]}]}<\/script>\n<meta property=\"product:price:amount\" content=\"34.95\" \/>\n<meta property=\"product:price:currency\" content=\"EUR\" \/>\n<meta property=\"og:availability\" content=\"instock\" \/>\n<meta property=\"product:availability\" content=\"instock\" \/>\n<meta property=\"product:retailer_item_id\" content=\"7112907\" \/>\n<meta property=\"product:condition\" content=\"new\" \/>\n<!-- \/ Yoast SEO Premium plugin. -->","yoast_head_json":{"title":"All in One zuchtset - Thai - Dutchmicrodosing","robots":{"index":"index","follow":"follow","max-snippet":"max-snippet:-1","max-image-preview":"max-image-preview:large","max-video-preview":"max-video-preview:-1"},"canonical":"https:\/\/dutchmicrodosing.com\/de\/zauberpilze-zuchtsets\/all-in-one-zuchtset\/all-in-one-zuchtset-thai\/","og_locale":"de_DE","og_type":"article","og_title":"All in One zuchtset - Thai","og_description":"Wenn Sie auf der Suche nach einem nat\u00fcrlichen Heilmittel f\u00fcr eine Party sind, w\u00e4hlen Sie die thail\u00e4ndischen Zauberpilze. Dies ist ein echter Partypilz,","og_url":"https:\/\/dutchmicrodosing.com\/de\/zauberpilze-zuchtsets\/all-in-one-zuchtset\/all-in-one-zuchtset-thai\/","og_site_name":"Dutchmicrodosing","article_publisher":"https:\/\/www.facebook.com\/Dutchmicrodosingxp\/","article_modified_time":"2026-03-06T10:58:06+00:00","og_image":[{"width":1100,"height":720,"url":"https:\/\/dutchmicrodosing.com\/wp-content\/uploads\/2022\/04\/thai-all-in-one-growkit.png","type":"image\/png"}],"twitter_card":"summary_large_image","schema":{"@context":"https:\/\/schema.org","@graph":[{"@type":"WebPage","@id":"https:\/\/dutchmicrodosing.com\/de\/zauberpilze-zuchtsets\/all-in-one-zuchtset\/all-in-one-zuchtset-thai\/","url":"https:\/\/dutchmicrodosing.com\/de\/zauberpilze-zuchtsets\/all-in-one-zuchtset\/all-in-one-zuchtset-thai\/","name":"All in One zuchtset - Thai - Dutchmicrodosing","isPartOf":{"@id":"https:\/\/dutchmicrodosing.com\/de\/#website"},"primaryImageOfPage":{"@id":"https:\/\/dutchmicrodosing.com\/de\/zauberpilze-zuchtsets\/all-in-one-zuchtset\/all-in-one-zuchtset-thai\/#primaryimage"},"image":{"@id":"https:\/\/dutchmicrodosing.com\/de\/zauberpilze-zuchtsets\/all-in-one-zuchtset\/all-in-one-zuchtset-thai\/#primaryimage"},"thumbnailUrl":"https:\/\/dutchmicrodosing.com\/wp-content\/uploads\/2022\/04\/thai-all-in-one-growkit.png","datePublished":"2022-04-04T19:11:29+00:00","dateModified":"2026-03-06T10:58:06+00:00","breadcrumb":{"@id":"https:\/\/dutchmicrodosing.com\/de\/zauberpilze-zuchtsets\/all-in-one-zuchtset\/all-in-one-zuchtset-thai\/#breadcrumb"},"inLanguage":"de","potentialAction":[{"@type":"ReadAction","target":["https:\/\/dutchmicrodosing.com\/de\/zauberpilze-zuchtsets\/all-in-one-zuchtset\/all-in-one-zuchtset-thai\/"]}]},{"@type":"ImageObject","inLanguage":"de","@id":"https:\/\/dutchmicrodosing.com\/de\/zauberpilze-zuchtsets\/all-in-one-zuchtset\/all-in-one-zuchtset-thai\/#primaryimage","url":"https:\/\/dutchmicrodosing.com\/wp-content\/uploads\/2022\/04\/thai-all-in-one-growkit.png","contentUrl":"https:\/\/dutchmicrodosing.com\/wp-content\/uploads\/2022\/04\/thai-all-in-one-growkit.png","width":1100,"height":720},{"@type":"BreadcrumbList","@id":"https:\/\/dutchmicrodosing.com\/de\/zauberpilze-zuchtsets\/all-in-one-zuchtset\/all-in-one-zuchtset-thai\/#breadcrumb","itemListElement":[{"@type":"ListItem","position":1,"name":"Home","item":"https:\/\/dutchmicrodosing.com\/de\/"},{"@type":"ListItem","position":2,"name":"Shop","item":"https:\/\/dutchmicrodosing.com\/de\/shop\/"},{"@type":"ListItem","position":3,"name":"All in One zuchtset &#8211; Thai"}]},{"@type":"WebSite","@id":"https:\/\/dutchmicrodosing.com\/de\/#website","url":"https:\/\/dutchmicrodosing.com\/de\/","name":"Dutchmicrodosing","description":"","publisher":{"@id":"https:\/\/dutchmicrodosing.com\/de\/#organization"},"potentialAction":[{"@type":"SearchAction","target":{"@type":"EntryPoint","urlTemplate":"https:\/\/dutchmicrodosing.com\/de\/?s={search_term_string}"},"query-input":{"@type":"PropertyValueSpecification","valueRequired":true,"valueName":"search_term_string"}}],"inLanguage":"de"},{"@type":"Organization","@id":"https:\/\/dutchmicrodosing.com\/de\/#organization","name":"Dutchmicrodosing","url":"https:\/\/dutchmicrodosing.com\/de\/","logo":{"@type":"ImageObject","inLanguage":"de","@id":"https:\/\/dutchmicrodosing.com\/de\/#\/schema\/logo\/image\/","url":"https:\/\/dutchmicrodosing.com\/wp-content\/uploads\/2021\/01\/microdosing-categorie-pic-nieuw.jpg","contentUrl":"https:\/\/dutchmicrodosing.com\/wp-content\/uploads\/2021\/01\/microdosing-categorie-pic-nieuw.jpg","width":500,"height":500,"caption":"Dutchmicrodosing"},"image":{"@id":"https:\/\/dutchmicrodosing.com\/de\/#\/schema\/logo\/image\/"},"sameAs":["https:\/\/www.facebook.com\/Dutchmicrodosingxp\/","https:\/\/www.instagram.com\/dutchmicrodosing\/"]}]},"product_price_amount":"34.95","product_price_currency":"EUR","og_availability":"instock","product_availability":"instock","product_retailer_item_id":"7112907","product_condition":"new"},"_links":{"self":[{"href":"https:\/\/dutchmicrodosing.com\/de\/wp-json\/wp\/v2\/product\/12606","targetHints":{"allow":["GET"]}}],"collection":[{"href":"https:\/\/dutchmicrodosing.com\/de\/wp-json\/wp\/v2\/product"}],"about":[{"href":"https:\/\/dutchmicrodosing.com\/de\/wp-json\/wp\/v2\/types\/product"}],"replies":[{"embeddable":true,"href":"https:\/\/dutchmicrodosing.com\/de\/wp-json\/wp\/v2\/comments?post=12606"}],"version-history":[{"count":0,"href":"https:\/\/dutchmicrodosing.com\/de\/wp-json\/wp\/v2\/product\/12606\/revisions"}],"wp:featuredmedia":[{"embeddable":true,"href":"https:\/\/dutchmicrodosing.com\/de\/wp-json\/wp\/v2\/media\/12095"}],"wp:attachment":[{"href":"https:\/\/dutchmicrodosing.com\/de\/wp-json\/wp\/v2\/media?parent=12606"}],"wp:term":[{"taxonomy":"product_brand","embeddable":true,"href":"https:\/\/dutchmicrodosing.com\/de\/wp-json\/wp\/v2\/product_brand?post=12606"},{"taxonomy":"product_cat","embeddable":true,"href":"https:\/\/dutchmicrodosing.com\/de\/wp-json\/wp\/v2\/product_cat?post=12606"},{"taxonomy":"product_tag","embeddable":true,"href":"https:\/\/dutchmicrodosing.com\/de\/wp-json\/wp\/v2\/product_tag?post=12606"}],"curies":[{"name":"wp","href":"https:\/\/api.w.org\/{rel}","templated":true}]}}