{"id":13364,"date":"2022-04-04T21:06:53","date_gmt":"2022-04-04T19:06:53","guid":{"rendered":"https:\/\/dutchmicrodosing.com\/shop\/unkategorisiert\/b-all-in-one-growkit\/"},"modified":"2025-08-18T16:31:41","modified_gmt":"2025-08-18T14:31:41","slug":"all-in-one-zuchtset-b","status":"publish","type":"product","link":"https:\/\/dutchmicrodosing.com\/de\/zauberpilze-zuchtsets\/all-in-one-zuchtset\/all-in-one-zuchtset-b\/","title":{"rendered":"All in One zuchtset &#8211; B+"},"content":{"rendered":"<p>Der B+ ist ein sehr zug\u00e4nglicher Zauberpilz und f\u00fcr die meisten Menschen ein guter Einstieg. Er ist nicht nur der bei weitem am einfachsten zu z\u00fcchtende Pilz, sondern auch die Reise selbst ist sehr einfach. Die Pilze selbst werden gigantisch und erreichen eine Gr\u00f6\u00dfe von fast 30 Zentimetern. Auch die karamellfarbenen H\u00fcte sind sofort zu erkennen. Achten Sie darauf, dass Sie die Pilze rechtzeitig ernten! Sobald du die Pilze einnimmst, wirst du feststellen, dass du dich euphorischer f\u00fchlst. Die Farben werden verzerrt und auch die Ger\u00e4usche wirken intensiver. Die Reise selbst ist sehr angenehm.<\/p>\n<h2>Die Wirkungen des B+-Pilzes<\/h2>\n<p>Der B+-Pilz bietet eine angenehme Optik. Selbst wenn Sie Ihre Augen schlie\u00dfen, erleben Sie wundersch\u00f6ne Bilder. Wie verschiedene Formen und man kann auch Kreaturen sehen. Das Wichtigste ist, mit dem Strom zu schwimmen. Sobald du mitmachst, wird sich dir eine Welt er\u00f6ffnen und du wirst die wahre Macht der Magic Mushrooms kennenlernen.<\/p>\n<h2>Vorbereitung auf das Tripping mit B+-Pilzen<\/h2>\n<p>Wenn du dir etwas Zeit nimmst, um dich auf das Tripping mit B+ Pilzen vorzubereiten, erh\u00f6hst du die Chance auf ein spektakul\u00e4res, aber auch sicheres Erlebnis. W\u00e4hlen Sie einen Ort, den Sie gut kennen, und umgeben Sie sich mit guten Freunden, denen Sie vertrauen k\u00f6nnen. Arrangieren Sie au\u00dferdem einen Tripsitter. Das kann ein Freund oder eine Freundin sein, der\/die keine Drogen oder Alkohol konsumiert, w\u00e4hrend du auf dem Trip bist. Der Tripsitter sorgt daf\u00fcr, dass du sicher bist, und er oder sie kann dich f\u00fchren. W\u00e4hrend einer Reise mit B+ Pilzen kann es passieren, dass man den \u00dcberblick \u00fcber Zeit und Raum verliert. Der Tripsitter kann Ihnen dann helfen und Sie beruhigen.<\/p>\n<p>Auch hier kann der Reisestopper hilfreich sein. Diese Droge wirkt, indem sie die Auswirkungen eines Trips abschw\u00e4cht. Allein das Wissen, dass man einen Stolperstein im Haus hat, kann beruhigend wirken.<\/p>\n<h2>Sie suchen ein B+ Pilzanbauset?<\/h2>\n<p>Mit dem All In One Growkit k\u00f6nnen Sie diese extrem potenten Pilze jetzt ganz einfach zu Hause anbauen. Nach Ihrer Bestellung verpacken wir Ihr B+ Mushroom Growkit (in einer diskreten und sicheren Verpackung) und schicken es Ihnen so schnell wie m\u00f6glich zu. Innerhalb weniger Wochen k\u00f6nnen Sie eine anst\u00e4ndige Ernte einfahren.<\/p>\n<h2>Die 9 Schritte f\u00fcr B+ Mushroom Grow Kit<\/h2>\n<p><a href=\"https:\/\/dutchmicrodosing.com\/de\/growkit_manual\/\">Hier herunterladen: All In One Growkit Handbuch<\/a><\/p>\n<ul>\n<li>\n<ol>\n<li>Wasche Dir gr\u00fcndlich die H\u00e4nde und reinige die Au\u00dfenseite des GrowKits mit einem sauberen, feuchten Tuch. Nehmen Sie den Deckel ab, aber bewahren Sie ihn f\u00fcr Schritt 3 auf.<\/li>\n<li>F\u00fcllen Sie das GrowKit bis zum Rand mit lauwarmem Wasser (20\u00baC). Setzen Sie den Deckel wieder auf und lassen Sie das GrowKit f\u00fcr 5 bis max. 50 Minuten einweichen. Hinweis: Niemals l\u00e4nger als eine Stunde einweichen.<\/li>\n<li>Nach dem Einweichen den Deckel vom GrowKit abnehmen und das \u00fcbersch\u00fcssige Wasser vorsichtig abgie\u00dfen. Lassen Sie das GrowKit f\u00fcr 5 bis 10 Sekunden abtropfen.<\/li>\n<li>F\u00fcllen Sie lauwarmes Wasser (20\u00baC) in den Kulturbeutel: F\u00fcr das 2100cc GrowKit: 1 Tasse (0,25 Liter). F\u00fcr das 1200cc GrowKit: 1 Tasse (0,25 Liter).<\/li>\n<li>Legen Sie das GrowKit in die Kulturtasche. Achte darauf, dass das Wasser nicht \u00fcber den Rand des GrowKits l\u00e4uft.<\/li>\n<li>Verschlie\u00dfen Sie den Grow-Beutel, indem Sie oben einen Deckel anfertigen und ihn mit zwei B\u00fcroklammern (Teil des GrowKit-Pakets) befestigen.<\/li>\n<li>Stellen Sie das Anzuchtset an einen Ort, an dem es vor direkter Sonneneinstrahlung gesch\u00fctzt ist. Stellen Sie das GrowKit nicht unter eine Lampe oder auf oder in die N\u00e4he eines Ofens oder einer W\u00e4rmequelle. Die ideale Temperatur liegt zwischen 20 und 25 \u00baC. &#8222;Lassen Sie den Beutel <strong>geschlossen <\/strong>, bis sich die Vorstecknadeln zu bilden beginnen&#8220; (dies kann ein bis zwei Wochen dauern). In dieser Phase ben\u00f6tigt der Kit keinen Sauerstoff, aber einen hohen CO2-Gehalt.<\/li>\n<li>&#8222;Nachdem die Vorstecknadeln zu wachsen begonnen haben&#8220; Befeuchten Sie das Kit t\u00e4glich mit einer Spr\u00fchflasche (maximal 1-2 Pumpen). In dieser Phase brauchen die Pilze frisches H20 und O2 und das CO2 muss entweichen. Dies ist auch nach der Ernte wichtig.<\/li>\n<li>Die ersten Pilze werden in vierzehn Tagen zu sehen sein. Haben Sie Geduld, es kann l\u00e4nger dauern, bis die ersten Pilze wachsen. Die Pilze sollten geerntet werden, kurz bevor sich die Membran unter der Kappe zu l\u00f6sen beginnt.<\/li>\n<\/ol>\n<p><strong>Die Ernte:<\/strong> Fassen Sie den Stiel vorsichtig an, drehen Sie ihn leicht nach links und rechts und ziehen Sie ihn dann vorsichtig nach oben, um den Pilz so vollst\u00e4ndig wie m\u00f6glich herauszuziehen. Auf diese Weise ist es m\u00f6glich, dass neue Pilze wachsen.<\/li>\n<\/ul>\n<h2>Die Ernte Ihres B+ Pilzzuchtsets<\/h2>\n<p>Nachdem Sie Ihre B+ Champignons professionell gez\u00fcchtet haben, ist es an der Zeit, sie zu ernten. Wie viele Champignons erh\u00e4lt man mit einem Champignonzucht-Set? Das Pilzzucht-Set ist in 1200 cc erh\u00e4ltlich. Es ist gut zu wissen, dass aus jedem Pilzanbausatz mehrere Flushs gewonnen werden k\u00f6nnen. Das bedeutet, dass mehrere Ernten mit einem der Champignonzucht-Sets m\u00f6glich sind.<\/p>\n<ul>\n<li>Ein 1200 cc B+ Champignonzuchtset ergibt etwa 500 Gramm Champignons.<\/li>\n<\/ul>\n<p>Das h\u00e4ngt nat\u00fcrlich davon ab, wie man mit dem Champignonzucht-Set umgeht und wie gut der Anbau ist. Jetzt sind B+ Pilze sehr sch\u00f6n zu z\u00fcchten. Sie k\u00f6nnen eine Menge vertragen. Das B+ mushroom grow kit wird Ihnen immer eine gute Ernte bescheren.<\/p>\n<h2>Lagerung Ihres B+ Mushroom Grow Kits<\/h2>\n<p>Da es sich um ein frisches Produkt handelt, raten wir Ihnen, Ihr Pilzzucht-Set sofort aufzustellen. Auf diese Weise k\u00f6nnen Sie die besten Ergebnisse erzielen und eine gute Pilzernte sicherstellen.<\/p>\n","protected":false},"excerpt":{"rendered":"<p>Der B+ ist ein sehr zug\u00e4nglicher Zauberpilz und f\u00fcr die meisten Menschen ein guter Einstieg. Er ist nicht nur der bei weitem am einfachsten zu z\u00fcchtende Pilz, sondern auch die Reise selbst ist sehr einfach. Die Pilze selbst werden gigantisch und erreichen eine Gr\u00f6\u00dfe von fast 30 Zentimetern. Auch die karamellfarbenen H\u00fcte sind sofort zu [&hellip;]<\/p>\n","protected":false},"featured_media":12081,"comment_status":"closed","ping_status":"closed","template":"","meta":[],"product_brand":[],"product_cat":[212],"product_tag":[],"class_list":{"0":"post-13364","1":"product","2":"type-product","3":"status-publish","4":"has-post-thumbnail","6":"product_cat-all-in-one-zuchtset","8":"first","9":"instock","10":"taxable","11":"shipping-taxable","12":"purchasable","13":"product-type-simple"},"yoast_head":"<!-- This site is optimized with the Yoast SEO Premium plugin v26.4 (Yoast SEO v27.4) - https:\/\/yoast.com\/product\/yoast-seo-premium-wordpress\/ -->\n<title>All in One zuchtset - B+ - Dutchmicrodosing<\/title>\n<meta name=\"robots\" content=\"index, follow, max-snippet:-1, max-image-preview:large, max-video-preview:-1\" \/>\n<link rel=\"canonical\" href=\"https:\/\/dutchmicrodosing.com\/de\/zauberpilze-zuchtsets\/all-in-one-zuchtset\/all-in-one-zuchtset-b\/\" \/>\n<meta property=\"og:locale\" content=\"de_DE\" \/>\n<meta property=\"og:type\" content=\"article\" \/>\n<meta property=\"og:title\" content=\"All in One zuchtset - B+\" \/>\n<meta property=\"og:description\" content=\"Der B+ ist ein sehr zug\u00e4nglicher Zauberpilz und f\u00fcr die meisten Menschen ein guter Einstieg. Er ist nicht nur der bei weitem am einfachsten zu z\u00fcchtende\" \/>\n<meta property=\"og:url\" content=\"https:\/\/dutchmicrodosing.com\/de\/zauberpilze-zuchtsets\/all-in-one-zuchtset\/all-in-one-zuchtset-b\/\" \/>\n<meta property=\"og:site_name\" content=\"Dutchmicrodosing\" \/>\n<meta property=\"article:publisher\" content=\"https:\/\/www.facebook.com\/Dutchmicrodosingxp\/\" \/>\n<meta property=\"article:modified_time\" content=\"2025-08-18T14:31:41+00:00\" \/>\n<meta property=\"og:image\" content=\"https:\/\/dutchmicrodosing.com\/wp-content\/uploads\/2022\/04\/b-all-in-one-growkit.png\" \/>\n\t<meta property=\"og:image:width\" content=\"1100\" \/>\n\t<meta property=\"og:image:height\" content=\"720\" \/>\n\t<meta property=\"og:image:type\" content=\"image\/png\" \/>\n<meta name=\"twitter:card\" content=\"summary_large_image\" \/>\n<script type=\"application\/ld+json\" class=\"yoast-schema-graph\">{\"@context\":\"https:\\\/\\\/schema.org\",\"@graph\":[{\"@type\":\"WebPage\",\"@id\":\"https:\\\/\\\/dutchmicrodosing.com\\\/de\\\/zauberpilze-zuchtsets\\\/all-in-one-zuchtset\\\/all-in-one-zuchtset-b\\\/\",\"url\":\"https:\\\/\\\/dutchmicrodosing.com\\\/de\\\/zauberpilze-zuchtsets\\\/all-in-one-zuchtset\\\/all-in-one-zuchtset-b\\\/\",\"name\":\"All in One zuchtset - B+ - Dutchmicrodosing\",\"isPartOf\":{\"@id\":\"https:\\\/\\\/dutchmicrodosing.com\\\/de\\\/#website\"},\"primaryImageOfPage\":{\"@id\":\"https:\\\/\\\/dutchmicrodosing.com\\\/de\\\/zauberpilze-zuchtsets\\\/all-in-one-zuchtset\\\/all-in-one-zuchtset-b\\\/#primaryimage\"},\"image\":{\"@id\":\"https:\\\/\\\/dutchmicrodosing.com\\\/de\\\/zauberpilze-zuchtsets\\\/all-in-one-zuchtset\\\/all-in-one-zuchtset-b\\\/#primaryimage\"},\"thumbnailUrl\":\"https:\\\/\\\/dutchmicrodosing.com\\\/wp-content\\\/uploads\\\/2022\\\/04\\\/b-all-in-one-growkit.png\",\"datePublished\":\"2022-04-04T19:06:53+00:00\",\"dateModified\":\"2025-08-18T14:31:41+00:00\",\"breadcrumb\":{\"@id\":\"https:\\\/\\\/dutchmicrodosing.com\\\/de\\\/zauberpilze-zuchtsets\\\/all-in-one-zuchtset\\\/all-in-one-zuchtset-b\\\/#breadcrumb\"},\"inLanguage\":\"de\",\"potentialAction\":[{\"@type\":\"ReadAction\",\"target\":[\"https:\\\/\\\/dutchmicrodosing.com\\\/de\\\/zauberpilze-zuchtsets\\\/all-in-one-zuchtset\\\/all-in-one-zuchtset-b\\\/\"]}]},{\"@type\":\"ImageObject\",\"inLanguage\":\"de\",\"@id\":\"https:\\\/\\\/dutchmicrodosing.com\\\/de\\\/zauberpilze-zuchtsets\\\/all-in-one-zuchtset\\\/all-in-one-zuchtset-b\\\/#primaryimage\",\"url\":\"https:\\\/\\\/dutchmicrodosing.com\\\/wp-content\\\/uploads\\\/2022\\\/04\\\/b-all-in-one-growkit.png\",\"contentUrl\":\"https:\\\/\\\/dutchmicrodosing.com\\\/wp-content\\\/uploads\\\/2022\\\/04\\\/b-all-in-one-growkit.png\",\"width\":1100,\"height\":720},{\"@type\":\"BreadcrumbList\",\"@id\":\"https:\\\/\\\/dutchmicrodosing.com\\\/de\\\/zauberpilze-zuchtsets\\\/all-in-one-zuchtset\\\/all-in-one-zuchtset-b\\\/#breadcrumb\",\"itemListElement\":[{\"@type\":\"ListItem\",\"position\":1,\"name\":\"Home\",\"item\":\"https:\\\/\\\/dutchmicrodosing.com\\\/de\\\/\"},{\"@type\":\"ListItem\",\"position\":2,\"name\":\"Shop\",\"item\":\"https:\\\/\\\/dutchmicrodosing.com\\\/de\\\/shop\\\/\"},{\"@type\":\"ListItem\",\"position\":3,\"name\":\"All in One zuchtset &#8211; B+\"}]},{\"@type\":\"WebSite\",\"@id\":\"https:\\\/\\\/dutchmicrodosing.com\\\/de\\\/#website\",\"url\":\"https:\\\/\\\/dutchmicrodosing.com\\\/de\\\/\",\"name\":\"Dutchmicrodosing\",\"description\":\"\",\"publisher\":{\"@id\":\"https:\\\/\\\/dutchmicrodosing.com\\\/de\\\/#organization\"},\"potentialAction\":[{\"@type\":\"SearchAction\",\"target\":{\"@type\":\"EntryPoint\",\"urlTemplate\":\"https:\\\/\\\/dutchmicrodosing.com\\\/de\\\/?s={search_term_string}\"},\"query-input\":{\"@type\":\"PropertyValueSpecification\",\"valueRequired\":true,\"valueName\":\"search_term_string\"}}],\"inLanguage\":\"de\"},{\"@type\":\"Organization\",\"@id\":\"https:\\\/\\\/dutchmicrodosing.com\\\/de\\\/#organization\",\"name\":\"Dutchmicrodosing\",\"url\":\"https:\\\/\\\/dutchmicrodosing.com\\\/de\\\/\",\"logo\":{\"@type\":\"ImageObject\",\"inLanguage\":\"de\",\"@id\":\"https:\\\/\\\/dutchmicrodosing.com\\\/de\\\/#\\\/schema\\\/logo\\\/image\\\/\",\"url\":\"https:\\\/\\\/dutchmicrodosing.com\\\/wp-content\\\/uploads\\\/2021\\\/01\\\/microdosing-categorie-pic-nieuw.jpg\",\"contentUrl\":\"https:\\\/\\\/dutchmicrodosing.com\\\/wp-content\\\/uploads\\\/2021\\\/01\\\/microdosing-categorie-pic-nieuw.jpg\",\"width\":500,\"height\":500,\"caption\":\"Dutchmicrodosing\"},\"image\":{\"@id\":\"https:\\\/\\\/dutchmicrodosing.com\\\/de\\\/#\\\/schema\\\/logo\\\/image\\\/\"},\"sameAs\":[\"https:\\\/\\\/www.facebook.com\\\/Dutchmicrodosingxp\\\/\",\"https:\\\/\\\/www.instagram.com\\\/dutchmicrodosing\\\/\"]}]}<\/script>\n<meta property=\"product:price:amount\" content=\"34.95\" \/>\n<meta property=\"product:price:currency\" content=\"EUR\" \/>\n<meta property=\"og:availability\" content=\"instock\" \/>\n<meta property=\"product:availability\" content=\"instock\" \/>\n<meta property=\"product:retailer_item_id\" content=\"7112394\" \/>\n<meta property=\"product:condition\" content=\"new\" \/>\n<!-- \/ Yoast SEO Premium plugin. -->","yoast_head_json":{"title":"All in One zuchtset - B+ - Dutchmicrodosing","robots":{"index":"index","follow":"follow","max-snippet":"max-snippet:-1","max-image-preview":"max-image-preview:large","max-video-preview":"max-video-preview:-1"},"canonical":"https:\/\/dutchmicrodosing.com\/de\/zauberpilze-zuchtsets\/all-in-one-zuchtset\/all-in-one-zuchtset-b\/","og_locale":"de_DE","og_type":"article","og_title":"All in One zuchtset - B+","og_description":"Der B+ ist ein sehr zug\u00e4nglicher Zauberpilz und f\u00fcr die meisten Menschen ein guter Einstieg. Er ist nicht nur der bei weitem am einfachsten zu z\u00fcchtende","og_url":"https:\/\/dutchmicrodosing.com\/de\/zauberpilze-zuchtsets\/all-in-one-zuchtset\/all-in-one-zuchtset-b\/","og_site_name":"Dutchmicrodosing","article_publisher":"https:\/\/www.facebook.com\/Dutchmicrodosingxp\/","article_modified_time":"2025-08-18T14:31:41+00:00","og_image":[{"width":1100,"height":720,"url":"https:\/\/dutchmicrodosing.com\/wp-content\/uploads\/2022\/04\/b-all-in-one-growkit.png","type":"image\/png"}],"twitter_card":"summary_large_image","schema":{"@context":"https:\/\/schema.org","@graph":[{"@type":"WebPage","@id":"https:\/\/dutchmicrodosing.com\/de\/zauberpilze-zuchtsets\/all-in-one-zuchtset\/all-in-one-zuchtset-b\/","url":"https:\/\/dutchmicrodosing.com\/de\/zauberpilze-zuchtsets\/all-in-one-zuchtset\/all-in-one-zuchtset-b\/","name":"All in One zuchtset - B+ - Dutchmicrodosing","isPartOf":{"@id":"https:\/\/dutchmicrodosing.com\/de\/#website"},"primaryImageOfPage":{"@id":"https:\/\/dutchmicrodosing.com\/de\/zauberpilze-zuchtsets\/all-in-one-zuchtset\/all-in-one-zuchtset-b\/#primaryimage"},"image":{"@id":"https:\/\/dutchmicrodosing.com\/de\/zauberpilze-zuchtsets\/all-in-one-zuchtset\/all-in-one-zuchtset-b\/#primaryimage"},"thumbnailUrl":"https:\/\/dutchmicrodosing.com\/wp-content\/uploads\/2022\/04\/b-all-in-one-growkit.png","datePublished":"2022-04-04T19:06:53+00:00","dateModified":"2025-08-18T14:31:41+00:00","breadcrumb":{"@id":"https:\/\/dutchmicrodosing.com\/de\/zauberpilze-zuchtsets\/all-in-one-zuchtset\/all-in-one-zuchtset-b\/#breadcrumb"},"inLanguage":"de","potentialAction":[{"@type":"ReadAction","target":["https:\/\/dutchmicrodosing.com\/de\/zauberpilze-zuchtsets\/all-in-one-zuchtset\/all-in-one-zuchtset-b\/"]}]},{"@type":"ImageObject","inLanguage":"de","@id":"https:\/\/dutchmicrodosing.com\/de\/zauberpilze-zuchtsets\/all-in-one-zuchtset\/all-in-one-zuchtset-b\/#primaryimage","url":"https:\/\/dutchmicrodosing.com\/wp-content\/uploads\/2022\/04\/b-all-in-one-growkit.png","contentUrl":"https:\/\/dutchmicrodosing.com\/wp-content\/uploads\/2022\/04\/b-all-in-one-growkit.png","width":1100,"height":720},{"@type":"BreadcrumbList","@id":"https:\/\/dutchmicrodosing.com\/de\/zauberpilze-zuchtsets\/all-in-one-zuchtset\/all-in-one-zuchtset-b\/#breadcrumb","itemListElement":[{"@type":"ListItem","position":1,"name":"Home","item":"https:\/\/dutchmicrodosing.com\/de\/"},{"@type":"ListItem","position":2,"name":"Shop","item":"https:\/\/dutchmicrodosing.com\/de\/shop\/"},{"@type":"ListItem","position":3,"name":"All in One zuchtset &#8211; B+"}]},{"@type":"WebSite","@id":"https:\/\/dutchmicrodosing.com\/de\/#website","url":"https:\/\/dutchmicrodosing.com\/de\/","name":"Dutchmicrodosing","description":"","publisher":{"@id":"https:\/\/dutchmicrodosing.com\/de\/#organization"},"potentialAction":[{"@type":"SearchAction","target":{"@type":"EntryPoint","urlTemplate":"https:\/\/dutchmicrodosing.com\/de\/?s={search_term_string}"},"query-input":{"@type":"PropertyValueSpecification","valueRequired":true,"valueName":"search_term_string"}}],"inLanguage":"de"},{"@type":"Organization","@id":"https:\/\/dutchmicrodosing.com\/de\/#organization","name":"Dutchmicrodosing","url":"https:\/\/dutchmicrodosing.com\/de\/","logo":{"@type":"ImageObject","inLanguage":"de","@id":"https:\/\/dutchmicrodosing.com\/de\/#\/schema\/logo\/image\/","url":"https:\/\/dutchmicrodosing.com\/wp-content\/uploads\/2021\/01\/microdosing-categorie-pic-nieuw.jpg","contentUrl":"https:\/\/dutchmicrodosing.com\/wp-content\/uploads\/2021\/01\/microdosing-categorie-pic-nieuw.jpg","width":500,"height":500,"caption":"Dutchmicrodosing"},"image":{"@id":"https:\/\/dutchmicrodosing.com\/de\/#\/schema\/logo\/image\/"},"sameAs":["https:\/\/www.facebook.com\/Dutchmicrodosingxp\/","https:\/\/www.instagram.com\/dutchmicrodosing\/"]}]},"product_price_amount":"34.95","product_price_currency":"EUR","og_availability":"instock","product_availability":"instock","product_retailer_item_id":"7112394","product_condition":"new"},"_links":{"self":[{"href":"https:\/\/dutchmicrodosing.com\/de\/wp-json\/wp\/v2\/product\/13364","targetHints":{"allow":["GET"]}}],"collection":[{"href":"https:\/\/dutchmicrodosing.com\/de\/wp-json\/wp\/v2\/product"}],"about":[{"href":"https:\/\/dutchmicrodosing.com\/de\/wp-json\/wp\/v2\/types\/product"}],"replies":[{"embeddable":true,"href":"https:\/\/dutchmicrodosing.com\/de\/wp-json\/wp\/v2\/comments?post=13364"}],"version-history":[{"count":0,"href":"https:\/\/dutchmicrodosing.com\/de\/wp-json\/wp\/v2\/product\/13364\/revisions"}],"wp:featuredmedia":[{"embeddable":true,"href":"https:\/\/dutchmicrodosing.com\/de\/wp-json\/wp\/v2\/media\/12081"}],"wp:attachment":[{"href":"https:\/\/dutchmicrodosing.com\/de\/wp-json\/wp\/v2\/media?parent=13364"}],"wp:term":[{"taxonomy":"product_brand","embeddable":true,"href":"https:\/\/dutchmicrodosing.com\/de\/wp-json\/wp\/v2\/product_brand?post=13364"},{"taxonomy":"product_cat","embeddable":true,"href":"https:\/\/dutchmicrodosing.com\/de\/wp-json\/wp\/v2\/product_cat?post=13364"},{"taxonomy":"product_tag","embeddable":true,"href":"https:\/\/dutchmicrodosing.com\/de\/wp-json\/wp\/v2\/product_tag?post=13364"}],"curies":[{"name":"wp","href":"https:\/\/api.w.org\/{rel}","templated":true}]}}