{"id":13381,"date":"2022-04-04T20:57:43","date_gmt":"2022-04-04T18:57:43","guid":{"rendered":"https:\/\/dutchmicrodosing.com\/shop\/unkategorisiert\/golden-teacher-all-in-one-growkit\/"},"modified":"2026-03-06T11:58:07","modified_gmt":"2026-03-06T10:58:07","slug":"all-in-one-zuchtset-golden-teacher","status":"publish","type":"product","link":"https:\/\/dutchmicrodosing.com\/de\/zauberpilze-zuchtsets\/all-in-one-zuchtset\/all-in-one-zuchtset-golden-teacher\/","title":{"rendered":"All In One Zuchtset &#8211; Golden Teacher"},"content":{"rendered":"<p>Der Golden Teacher ist einer der sch\u00f6nsten Magic Mushrooms, die man anbauen kann. Die sch\u00f6nen goldenen H\u00fcte werden in nur zwei Wochen wachsen und sehr gro\u00df werden! Der Goldene Lehrer hat einen nicht ganz \u00fcberraschenden Namen. Der Goldene Lehrer ist einer der magischen Pilze, die dich die Welt neu entdecken lassen. Der Trip mit diesem Pilz kann stundenlang dauern und er ist auch ein philosophischer Pilz. Der Zauberpilz l\u00e4sst dich nicht nur in dich selbst eintauchen, sondern auch durch das Universum reisen. Aus diesem Grund ist dies der Zauberpilz schlechthin, wenn man auf der Suche nach Erleuchtung und Verbindung mit der Welt ist.<\/p>\n<h2>Was macht Golden Teacher shrooms so magisch?<\/h2>\n<p>Pilze und Zaubertr\u00fcffel, und damit auch der Goldene Lehrerpilz, enthalten die psychoaktive Substanz Psilocybin. Dies ist die Substanz, die den Trip verursacht. Im K\u00f6rper wird es in Psilocin umgewandelt. Diese Substanz kann sich an Rezeptoren in Ihrem Gehirn anlagern und Sie zum Stolpern bringen. Die erste Wirkung tritt nach etwa 45 Minuten ein und kann stundenlang anhalten!<\/p>\n<h2>Vorbereitung auf einen Trip mit Goldenen Lehrerpilzen<\/h2>\n<p>Wenn Du Dir etwas Zeit nimmst, um Dich auf einen Trip mit Golden Teacher Magic Mushrooms vorzubereiten, erh\u00f6hst Du die Chance auf eine spektakul\u00e4re, aber auch sichere Erfahrung. W\u00e4hlen Sie einen Ort, den Sie gut kennen, und umgeben Sie sich mit guten Freunden, denen Sie vertrauen k\u00f6nnen. Arrangieren Sie au\u00dferdem einen Tripsitter. Das kann ein Freund oder eine Freundin sein, der\/die keine Drogen oder Alkohol konsumiert, w\u00e4hrend du auf dem Trip bist. Der Tripsitter sorgt daf\u00fcr, dass du sicher bist, und er oder sie kann dich f\u00fchren. W\u00e4hrend eines Trips mit Golden Teacher Magic Mushrooms kann es passieren, dass man den Bezug zu Zeit und Raum verliert. Der Tripsitter kann Ihnen dann helfen und Sie beruhigen.<\/p>\n<p>Auch hier kann der Reisestopper hilfreich sein. Diese Droge wirkt, indem sie die Auswirkungen eines Trips abschw\u00e4cht. Allein das Wissen, dass man einen Stolperstein im Haus hat, kann beruhigend wirken.<\/p>\n<h2>Du suchst nach einem Golden Teacher Pilzzucht-Set?<\/h2>\n<p>Mit dem All In One Growkit k\u00f6nnen Sie diese extrem potenten Pilze jetzt ganz einfach zu Hause anbauen. Nach Ihrer Bestellung verpacken wir Ihr Golden Teacher Mushroom Growkit (in einer diskreten und sicheren Verpackung) und schicken es Ihnen so schnell wie m\u00f6glich zu. Innerhalb weniger Wochen k\u00f6nnen Sie eine anst\u00e4ndige Ernte einfahren.<\/p>\n<h2>Die 9 Schritte f\u00fcr Golden Teacher Mushroom Growkit<\/h2>\n<p><a href=\"https:\/\/dutchmicrodosing.com\/de\/growkit_manual\/\">Hier herunterladen: All In One Growkit Handbuch<\/a><\/p>\n<ul>\n<li>\n<ol>\n<li>Wasche Dir gr\u00fcndlich die H\u00e4nde und reinige die Au\u00dfenseite des GrowKits mit einem sauberen, feuchten Tuch. Nehmen Sie den Deckel ab, aber bewahren Sie ihn f\u00fcr Schritt 3 auf.<\/li>\n<li>F\u00fcllen Sie das GrowKit bis zum Rand mit lauwarmem Wasser (20\u00baC). Setzen Sie den Deckel wieder auf und lassen Sie das GrowKit f\u00fcr 5 bis max. 50 Minuten einweichen. Hinweis: Niemals l\u00e4nger als eine Stunde einweichen.<\/li>\n<li>Nach dem Einweichen den Deckel vom GrowKit abnehmen und das \u00fcbersch\u00fcssige Wasser vorsichtig abgie\u00dfen. Lassen Sie das GrowKit f\u00fcr 5 bis 10 Sekunden abtropfen.<\/li>\n<li>F\u00fcllen Sie lauwarmes Wasser (20\u00baC) in den Kulturbeutel: F\u00fcr das 2100cc GrowKit: 1 Tasse (0,25 Liter). F\u00fcr das 1200cc GrowKit: 1 Tasse (0,25 Liter).<\/li>\n<li>Legen Sie das GrowKit in die Kulturtasche. Achte darauf, dass das Wasser nicht \u00fcber den Rand des GrowKits l\u00e4uft.<\/li>\n<li>Verschlie\u00dfen Sie den Grow-Beutel, indem Sie oben einen Deckel anfertigen und ihn mit zwei B\u00fcroklammern (Teil des GrowKit-Pakets) befestigen.<\/li>\n<li>Stellen Sie das Anzuchtset an einen Ort, an dem es vor direkter Sonneneinstrahlung gesch\u00fctzt ist. Stellen Sie das GrowKit nicht unter eine Lampe oder auf oder in die N\u00e4he eines Ofens oder einer W\u00e4rmequelle. Die ideale Temperatur liegt zwischen 20 und 25 \u00baC. &#8222;Lassen Sie den Beutel <strong>geschlossen <\/strong>, bis sich die Vorstecknadeln zu bilden beginnen&#8220; (dies kann ein bis zwei Wochen dauern). In dieser Phase ben\u00f6tigt der Kit keinen Sauerstoff, aber einen hohen CO2-Gehalt.<\/li>\n<li>&#8222;Nachdem die Vorstecknadeln zu wachsen begonnen haben&#8220; Befeuchten Sie das Kit t\u00e4glich mit einer Spr\u00fchflasche (maximal 1-2 Pumpen). In dieser Phase brauchen die Pilze frisches H20 und O2 und das CO2 muss entweichen. Dies ist auch nach der Ernte wichtig.<\/li>\n<li>Die ersten Pilze werden in vierzehn Tagen zu sehen sein. Haben Sie Geduld, es kann l\u00e4nger dauern, bis die ersten Pilze wachsen. Die Pilze sollten geerntet werden, kurz bevor sich die Membran unter der Kappe zu l\u00f6sen beginnt.<\/li>\n<\/ol>\n<p><strong>Die Ernte:<\/strong> Fassen Sie den Stiel vorsichtig an, drehen Sie ihn leicht nach links und rechts und ziehen Sie ihn dann vorsichtig nach oben, um den Pilz so vollst\u00e4ndig wie m\u00f6glich herauszuziehen. Auf diese Weise ist es m\u00f6glich, dass neue Pilze wachsen.<\/li>\n<\/ul>\n<h2>Die Ernte Ihres Golden Teacher Mushroom Breeding Kit<\/h2>\n<p>Nachdem Sie Ihre Golden Teacher Champignons professionell gez\u00fcchtet haben, ist es an der Zeit, sie zu ernten. Wie viele Champignons erh\u00e4lt man mit einem Champignonzucht-Set? Es ist gut zu wissen, dass mit jedem Pilzanbausatz mehrere Flushs erzielt werden k\u00f6nnen. Das bedeutet, dass mehrere Ernten mit einem der Champignonzucht-Sets m\u00f6glich sind.<\/p>\n<ul>\n<li>1200 cc Golden Teacher Champignonzucht-Set liefert 400 Gramm Pilze<\/li>\n<\/ul>\n<p>Das h\u00e4ngt nat\u00fcrlich davon ab, wie man mit dem Champignonzucht-Set umgeht und wie gut der Anbau ist. Nun, die Golden Teacher Magic Mushrooms sind sehr angenehm anzubauen. Sie k\u00f6nnen eine Menge vertragen. Das Golden Teacher mushroom grow kit wird dir immer eine sch\u00f6ne Ernte bescheren.<\/p>\n<h2>Aufbewahrung des Golden teacher mushroom grow kit<\/h2>\n<p>Da es sich um ein frisches Produkt handelt, raten wir Ihnen, Ihr Pilzzucht-Set sofort aufzustellen. Auf diese Weise k\u00f6nnen Sie die besten Ergebnisse erzielen und eine gute Pilzernte sicherstellen.<\/p>\n","protected":false},"excerpt":{"rendered":"<p>Der Golden Teacher ist einer der sch\u00f6nsten Magic Mushrooms, die man anbauen kann. Die sch\u00f6nen goldenen H\u00fcte werden in nur zwei Wochen wachsen und sehr gro\u00df werden! Der Goldene Lehrer hat einen nicht ganz \u00fcberraschenden Namen. Der Goldene Lehrer ist einer der magischen Pilze, die dich die Welt neu entdecken lassen. Der Trip mit diesem [&hellip;]<\/p>\n","protected":false},"featured_media":12053,"comment_status":"closed","ping_status":"closed","template":"","meta":[],"product_brand":[],"product_cat":[212],"product_tag":[],"class_list":{"0":"post-13381","1":"product","2":"type-product","3":"status-publish","4":"has-post-thumbnail","6":"product_cat-all-in-one-zuchtset","8":"first","9":"instock","10":"taxable","11":"shipping-taxable","12":"purchasable","13":"product-type-simple"},"yoast_head":"<!-- This site is optimized with the Yoast SEO Premium plugin v26.4 (Yoast SEO v27.4) - https:\/\/yoast.com\/product\/yoast-seo-premium-wordpress\/ -->\n<title>All In One Zuchtset - Golden Teacher - Dutchmicrodosing<\/title>\n<meta name=\"robots\" content=\"index, follow, max-snippet:-1, max-image-preview:large, max-video-preview:-1\" \/>\n<link rel=\"canonical\" href=\"https:\/\/dutchmicrodosing.com\/de\/zauberpilze-zuchtsets\/all-in-one-zuchtset\/all-in-one-zuchtset-golden-teacher\/\" \/>\n<meta property=\"og:locale\" content=\"de_DE\" \/>\n<meta property=\"og:type\" content=\"article\" \/>\n<meta property=\"og:title\" content=\"All In One Zuchtset - Golden Teacher\" \/>\n<meta property=\"og:description\" content=\"Der Golden Teacher ist einer der sch\u00f6nsten Magic Mushrooms, die man anbauen kann. Die sch\u00f6nen goldenen H\u00fcte werden in nur zwei Wochen wachsen und sehr\" \/>\n<meta property=\"og:url\" content=\"https:\/\/dutchmicrodosing.com\/de\/zauberpilze-zuchtsets\/all-in-one-zuchtset\/all-in-one-zuchtset-golden-teacher\/\" \/>\n<meta property=\"og:site_name\" content=\"Dutchmicrodosing\" \/>\n<meta property=\"article:publisher\" content=\"https:\/\/www.facebook.com\/Dutchmicrodosingxp\/\" \/>\n<meta property=\"article:modified_time\" content=\"2026-03-06T10:58:07+00:00\" \/>\n<meta property=\"og:image\" content=\"https:\/\/dutchmicrodosing.com\/wp-content\/uploads\/2022\/04\/golden-teacher-all-in-one-growkit.png\" \/>\n\t<meta property=\"og:image:width\" content=\"1100\" \/>\n\t<meta property=\"og:image:height\" content=\"720\" \/>\n\t<meta property=\"og:image:type\" content=\"image\/png\" \/>\n<meta name=\"twitter:card\" content=\"summary_large_image\" \/>\n<script type=\"application\/ld+json\" class=\"yoast-schema-graph\">{\"@context\":\"https:\\\/\\\/schema.org\",\"@graph\":[{\"@type\":\"WebPage\",\"@id\":\"https:\\\/\\\/dutchmicrodosing.com\\\/de\\\/zauberpilze-zuchtsets\\\/all-in-one-zuchtset\\\/all-in-one-zuchtset-golden-teacher\\\/\",\"url\":\"https:\\\/\\\/dutchmicrodosing.com\\\/de\\\/zauberpilze-zuchtsets\\\/all-in-one-zuchtset\\\/all-in-one-zuchtset-golden-teacher\\\/\",\"name\":\"All In One Zuchtset - Golden Teacher - Dutchmicrodosing\",\"isPartOf\":{\"@id\":\"https:\\\/\\\/dutchmicrodosing.com\\\/de\\\/#website\"},\"primaryImageOfPage\":{\"@id\":\"https:\\\/\\\/dutchmicrodosing.com\\\/de\\\/zauberpilze-zuchtsets\\\/all-in-one-zuchtset\\\/all-in-one-zuchtset-golden-teacher\\\/#primaryimage\"},\"image\":{\"@id\":\"https:\\\/\\\/dutchmicrodosing.com\\\/de\\\/zauberpilze-zuchtsets\\\/all-in-one-zuchtset\\\/all-in-one-zuchtset-golden-teacher\\\/#primaryimage\"},\"thumbnailUrl\":\"https:\\\/\\\/dutchmicrodosing.com\\\/wp-content\\\/uploads\\\/2022\\\/04\\\/golden-teacher-all-in-one-growkit.png\",\"datePublished\":\"2022-04-04T18:57:43+00:00\",\"dateModified\":\"2026-03-06T10:58:07+00:00\",\"breadcrumb\":{\"@id\":\"https:\\\/\\\/dutchmicrodosing.com\\\/de\\\/zauberpilze-zuchtsets\\\/all-in-one-zuchtset\\\/all-in-one-zuchtset-golden-teacher\\\/#breadcrumb\"},\"inLanguage\":\"de\",\"potentialAction\":[{\"@type\":\"ReadAction\",\"target\":[\"https:\\\/\\\/dutchmicrodosing.com\\\/de\\\/zauberpilze-zuchtsets\\\/all-in-one-zuchtset\\\/all-in-one-zuchtset-golden-teacher\\\/\"]}]},{\"@type\":\"ImageObject\",\"inLanguage\":\"de\",\"@id\":\"https:\\\/\\\/dutchmicrodosing.com\\\/de\\\/zauberpilze-zuchtsets\\\/all-in-one-zuchtset\\\/all-in-one-zuchtset-golden-teacher\\\/#primaryimage\",\"url\":\"https:\\\/\\\/dutchmicrodosing.com\\\/wp-content\\\/uploads\\\/2022\\\/04\\\/golden-teacher-all-in-one-growkit.png\",\"contentUrl\":\"https:\\\/\\\/dutchmicrodosing.com\\\/wp-content\\\/uploads\\\/2022\\\/04\\\/golden-teacher-all-in-one-growkit.png\",\"width\":1100,\"height\":720},{\"@type\":\"BreadcrumbList\",\"@id\":\"https:\\\/\\\/dutchmicrodosing.com\\\/de\\\/zauberpilze-zuchtsets\\\/all-in-one-zuchtset\\\/all-in-one-zuchtset-golden-teacher\\\/#breadcrumb\",\"itemListElement\":[{\"@type\":\"ListItem\",\"position\":1,\"name\":\"Home\",\"item\":\"https:\\\/\\\/dutchmicrodosing.com\\\/de\\\/\"},{\"@type\":\"ListItem\",\"position\":2,\"name\":\"Shop\",\"item\":\"https:\\\/\\\/dutchmicrodosing.com\\\/de\\\/shop\\\/\"},{\"@type\":\"ListItem\",\"position\":3,\"name\":\"All In One Zuchtset &#8211; Golden Teacher\"}]},{\"@type\":\"WebSite\",\"@id\":\"https:\\\/\\\/dutchmicrodosing.com\\\/de\\\/#website\",\"url\":\"https:\\\/\\\/dutchmicrodosing.com\\\/de\\\/\",\"name\":\"Dutchmicrodosing\",\"description\":\"\",\"publisher\":{\"@id\":\"https:\\\/\\\/dutchmicrodosing.com\\\/de\\\/#organization\"},\"potentialAction\":[{\"@type\":\"SearchAction\",\"target\":{\"@type\":\"EntryPoint\",\"urlTemplate\":\"https:\\\/\\\/dutchmicrodosing.com\\\/de\\\/?s={search_term_string}\"},\"query-input\":{\"@type\":\"PropertyValueSpecification\",\"valueRequired\":true,\"valueName\":\"search_term_string\"}}],\"inLanguage\":\"de\"},{\"@type\":\"Organization\",\"@id\":\"https:\\\/\\\/dutchmicrodosing.com\\\/de\\\/#organization\",\"name\":\"Dutchmicrodosing\",\"url\":\"https:\\\/\\\/dutchmicrodosing.com\\\/de\\\/\",\"logo\":{\"@type\":\"ImageObject\",\"inLanguage\":\"de\",\"@id\":\"https:\\\/\\\/dutchmicrodosing.com\\\/de\\\/#\\\/schema\\\/logo\\\/image\\\/\",\"url\":\"https:\\\/\\\/dutchmicrodosing.com\\\/wp-content\\\/uploads\\\/2021\\\/01\\\/microdosing-categorie-pic-nieuw.jpg\",\"contentUrl\":\"https:\\\/\\\/dutchmicrodosing.com\\\/wp-content\\\/uploads\\\/2021\\\/01\\\/microdosing-categorie-pic-nieuw.jpg\",\"width\":500,\"height\":500,\"caption\":\"Dutchmicrodosing\"},\"image\":{\"@id\":\"https:\\\/\\\/dutchmicrodosing.com\\\/de\\\/#\\\/schema\\\/logo\\\/image\\\/\"},\"sameAs\":[\"https:\\\/\\\/www.facebook.com\\\/Dutchmicrodosingxp\\\/\",\"https:\\\/\\\/www.instagram.com\\\/dutchmicrodosing\\\/\"]}]}<\/script>\n<meta property=\"product:price:amount\" content=\"34.95\" \/>\n<meta property=\"product:price:currency\" content=\"EUR\" \/>\n<meta property=\"og:availability\" content=\"instock\" \/>\n<meta property=\"product:availability\" content=\"instock\" \/>\n<meta property=\"product:retailer_item_id\" content=\"8108904\" \/>\n<meta property=\"product:condition\" content=\"new\" \/>\n<!-- \/ Yoast SEO Premium plugin. -->","yoast_head_json":{"title":"All In One Zuchtset - Golden Teacher - Dutchmicrodosing","robots":{"index":"index","follow":"follow","max-snippet":"max-snippet:-1","max-image-preview":"max-image-preview:large","max-video-preview":"max-video-preview:-1"},"canonical":"https:\/\/dutchmicrodosing.com\/de\/zauberpilze-zuchtsets\/all-in-one-zuchtset\/all-in-one-zuchtset-golden-teacher\/","og_locale":"de_DE","og_type":"article","og_title":"All In One Zuchtset - Golden Teacher","og_description":"Der Golden Teacher ist einer der sch\u00f6nsten Magic Mushrooms, die man anbauen kann. Die sch\u00f6nen goldenen H\u00fcte werden in nur zwei Wochen wachsen und sehr","og_url":"https:\/\/dutchmicrodosing.com\/de\/zauberpilze-zuchtsets\/all-in-one-zuchtset\/all-in-one-zuchtset-golden-teacher\/","og_site_name":"Dutchmicrodosing","article_publisher":"https:\/\/www.facebook.com\/Dutchmicrodosingxp\/","article_modified_time":"2026-03-06T10:58:07+00:00","og_image":[{"width":1100,"height":720,"url":"https:\/\/dutchmicrodosing.com\/wp-content\/uploads\/2022\/04\/golden-teacher-all-in-one-growkit.png","type":"image\/png"}],"twitter_card":"summary_large_image","schema":{"@context":"https:\/\/schema.org","@graph":[{"@type":"WebPage","@id":"https:\/\/dutchmicrodosing.com\/de\/zauberpilze-zuchtsets\/all-in-one-zuchtset\/all-in-one-zuchtset-golden-teacher\/","url":"https:\/\/dutchmicrodosing.com\/de\/zauberpilze-zuchtsets\/all-in-one-zuchtset\/all-in-one-zuchtset-golden-teacher\/","name":"All In One Zuchtset - Golden Teacher - Dutchmicrodosing","isPartOf":{"@id":"https:\/\/dutchmicrodosing.com\/de\/#website"},"primaryImageOfPage":{"@id":"https:\/\/dutchmicrodosing.com\/de\/zauberpilze-zuchtsets\/all-in-one-zuchtset\/all-in-one-zuchtset-golden-teacher\/#primaryimage"},"image":{"@id":"https:\/\/dutchmicrodosing.com\/de\/zauberpilze-zuchtsets\/all-in-one-zuchtset\/all-in-one-zuchtset-golden-teacher\/#primaryimage"},"thumbnailUrl":"https:\/\/dutchmicrodosing.com\/wp-content\/uploads\/2022\/04\/golden-teacher-all-in-one-growkit.png","datePublished":"2022-04-04T18:57:43+00:00","dateModified":"2026-03-06T10:58:07+00:00","breadcrumb":{"@id":"https:\/\/dutchmicrodosing.com\/de\/zauberpilze-zuchtsets\/all-in-one-zuchtset\/all-in-one-zuchtset-golden-teacher\/#breadcrumb"},"inLanguage":"de","potentialAction":[{"@type":"ReadAction","target":["https:\/\/dutchmicrodosing.com\/de\/zauberpilze-zuchtsets\/all-in-one-zuchtset\/all-in-one-zuchtset-golden-teacher\/"]}]},{"@type":"ImageObject","inLanguage":"de","@id":"https:\/\/dutchmicrodosing.com\/de\/zauberpilze-zuchtsets\/all-in-one-zuchtset\/all-in-one-zuchtset-golden-teacher\/#primaryimage","url":"https:\/\/dutchmicrodosing.com\/wp-content\/uploads\/2022\/04\/golden-teacher-all-in-one-growkit.png","contentUrl":"https:\/\/dutchmicrodosing.com\/wp-content\/uploads\/2022\/04\/golden-teacher-all-in-one-growkit.png","width":1100,"height":720},{"@type":"BreadcrumbList","@id":"https:\/\/dutchmicrodosing.com\/de\/zauberpilze-zuchtsets\/all-in-one-zuchtset\/all-in-one-zuchtset-golden-teacher\/#breadcrumb","itemListElement":[{"@type":"ListItem","position":1,"name":"Home","item":"https:\/\/dutchmicrodosing.com\/de\/"},{"@type":"ListItem","position":2,"name":"Shop","item":"https:\/\/dutchmicrodosing.com\/de\/shop\/"},{"@type":"ListItem","position":3,"name":"All In One Zuchtset &#8211; Golden Teacher"}]},{"@type":"WebSite","@id":"https:\/\/dutchmicrodosing.com\/de\/#website","url":"https:\/\/dutchmicrodosing.com\/de\/","name":"Dutchmicrodosing","description":"","publisher":{"@id":"https:\/\/dutchmicrodosing.com\/de\/#organization"},"potentialAction":[{"@type":"SearchAction","target":{"@type":"EntryPoint","urlTemplate":"https:\/\/dutchmicrodosing.com\/de\/?s={search_term_string}"},"query-input":{"@type":"PropertyValueSpecification","valueRequired":true,"valueName":"search_term_string"}}],"inLanguage":"de"},{"@type":"Organization","@id":"https:\/\/dutchmicrodosing.com\/de\/#organization","name":"Dutchmicrodosing","url":"https:\/\/dutchmicrodosing.com\/de\/","logo":{"@type":"ImageObject","inLanguage":"de","@id":"https:\/\/dutchmicrodosing.com\/de\/#\/schema\/logo\/image\/","url":"https:\/\/dutchmicrodosing.com\/wp-content\/uploads\/2021\/01\/microdosing-categorie-pic-nieuw.jpg","contentUrl":"https:\/\/dutchmicrodosing.com\/wp-content\/uploads\/2021\/01\/microdosing-categorie-pic-nieuw.jpg","width":500,"height":500,"caption":"Dutchmicrodosing"},"image":{"@id":"https:\/\/dutchmicrodosing.com\/de\/#\/schema\/logo\/image\/"},"sameAs":["https:\/\/www.facebook.com\/Dutchmicrodosingxp\/","https:\/\/www.instagram.com\/dutchmicrodosing\/"]}]},"product_price_amount":"34.95","product_price_currency":"EUR","og_availability":"instock","product_availability":"instock","product_retailer_item_id":"8108904","product_condition":"new"},"_links":{"self":[{"href":"https:\/\/dutchmicrodosing.com\/de\/wp-json\/wp\/v2\/product\/13381","targetHints":{"allow":["GET"]}}],"collection":[{"href":"https:\/\/dutchmicrodosing.com\/de\/wp-json\/wp\/v2\/product"}],"about":[{"href":"https:\/\/dutchmicrodosing.com\/de\/wp-json\/wp\/v2\/types\/product"}],"replies":[{"embeddable":true,"href":"https:\/\/dutchmicrodosing.com\/de\/wp-json\/wp\/v2\/comments?post=13381"}],"version-history":[{"count":0,"href":"https:\/\/dutchmicrodosing.com\/de\/wp-json\/wp\/v2\/product\/13381\/revisions"}],"wp:featuredmedia":[{"embeddable":true,"href":"https:\/\/dutchmicrodosing.com\/de\/wp-json\/wp\/v2\/media\/12053"}],"wp:attachment":[{"href":"https:\/\/dutchmicrodosing.com\/de\/wp-json\/wp\/v2\/media?parent=13381"}],"wp:term":[{"taxonomy":"product_brand","embeddable":true,"href":"https:\/\/dutchmicrodosing.com\/de\/wp-json\/wp\/v2\/product_brand?post=13381"},{"taxonomy":"product_cat","embeddable":true,"href":"https:\/\/dutchmicrodosing.com\/de\/wp-json\/wp\/v2\/product_cat?post=13381"},{"taxonomy":"product_tag","embeddable":true,"href":"https:\/\/dutchmicrodosing.com\/de\/wp-json\/wp\/v2\/product_tag?post=13381"}],"curies":[{"name":"wp","href":"https:\/\/api.w.org\/{rel}","templated":true}]}}