{"id":15751,"date":"2022-09-16T14:22:11","date_gmt":"2022-09-16T12:22:11","guid":{"rendered":"https:\/\/dutchmicrodosing.com\/shop\/unkategorisiert\/mcmicrodose-2-x-5-gramm\/"},"modified":"2026-04-12T22:48:09","modified_gmt":"2026-04-12T20:48:09","slug":"mcmicrodose-2-x-5-gramm","status":"publish","type":"product","link":"https:\/\/dutchmicrodosing.com\/de\/mikrodosierung\/mcmicrodose-2-x-5-gramm\/","title":{"rendered":"McMicrodose &#8211; 2 x 5 Gramm"},"content":{"rendered":"<p>Bei der Mikrodosierung werden winzige Mengen einer psychoaktiven Substanz eingenommen. Bei der Mikrodosierung von <strong>Psilocybin-McMicrodose-Tr\u00fcffeln<\/strong> werden sehr kleine Mengen dieser Tr\u00fcffel &#8211; die die psychoaktive Substanz Psilocybin enthalten &#8211; konsumiert, um kognitive Vorteile ohne das klassische &#8222;Trip&#8220;-Erlebnis zu erzielen. Das Interesse an der Mikrodosierung hat in den letzten Jahren erheblich zugenommen, insbesondere in Gemeinschaften, die sich auf pers\u00f6nliche Entwicklung, Wohlbefinden und kognitive Verbesserung konzentrieren. Die Bef\u00fcrworter dieser Praxis behaupten, dass die Mikrodosierung helfen kann:<\/p>\n<ul>\n<li>F\u00f6rderung der Kreativit\u00e4t<\/li>\n<li>Steigerung von Energie und Konzentration<\/li>\n<li>Gesteigertes Wohlbefinden<\/li>\n<li>Verringerung der Symptome von Depression und Angstzust\u00e4nden<\/li>\n<li>Verbesserte Probleml\u00f6sungsf\u00e4higkeiten<\/li>\n<\/ul>\n<h3><strong>Verwenden Sie<\/strong><\/h3>\n<p>\u00d6ffnen Sie einen Tr\u00fcffelbeutel und legen Sie den Inhalt in das Fach. Den anderen Beutel in den K\u00fchlschrank stellen. Verwenden Sie eine Mikrowaage, um die richtige Menge abzuwiegen. Verwenden Sie zwischen 0,5 und 1,5 Gramm pro Tag f\u00fcr die Mikrodosierung. Gutes und langsames Kauen verbessert die Wirkung. Tr\u00fcffel wirken am besten auf n\u00fcchternen Magen. Meditation und Ruhe tragen zu besseren Ergebnissen bei.<\/p>\n<h3>Hinweise zur Lagerung<\/h3>\n<p>Lagern Sie die Tr\u00fcffel an einem dunklen Ort zwischen 2\u00b0C und 4\u00b0C<\/p>\n<h3>Inhalt<\/h3>\n<p>McMicrodose &#8211; 2 x 5 Gramm<\/p>\n<h3>Achtung!<\/h3>\n<ul>\n<li>Verwenden Sie Tr\u00fcffel nur, wenn Sie psychisch gesund sind, keine Depressionen haben, unter hohem oder niedrigem Blutdruck, Herz- und\/oder Lungenkrankheiten, Diabetes oder Schwangerschaft leiden.<\/li>\n<li>Nicht in Kombination mit Alkohol, Medikamenten und\/oder anderen Drogen verwenden.<\/li>\n<li>Nicht w\u00e4hrend der Schwangerschaft und Stillzeit verwenden.<\/li>\n<li>Nicht unter 18 Jahren verwenden.<\/li>\n<\/ul>\n","protected":false},"excerpt":{"rendered":"<p>Bei der Mikrodosierung werden winzige Mengen einer psychoaktiven Substanz eingenommen. Bei der Mikrodosierung von Psilocybin-McMicrodose-Tr\u00fcffeln werden sehr kleine Mengen dieser Tr\u00fcffel &#8211; die die psychoaktive Substanz Psilocybin enthalten &#8211; konsumiert, um kognitive Vorteile ohne das klassische &#8222;Trip&#8220;-Erlebnis zu erzielen. Das Interesse an der Mikrodosierung hat in den letzten Jahren erheblich zugenommen, insbesondere in Gemeinschaften, die [&hellip;]<\/p>\n","protected":false},"featured_media":15723,"comment_status":"closed","ping_status":"closed","template":"","meta":[],"product_brand":[],"product_cat":[317,111],"product_tag":[],"class_list":{"0":"post-15751","1":"product","2":"type-product","3":"status-publish","4":"has-post-thumbnail","6":"product_cat-kreativitatserganzungsmittel","7":"product_cat-mikrodosierung","9":"first","10":"instock","11":"taxable","12":"shipping-taxable","13":"purchasable","14":"product-type-simple"},"yoast_head":"<!-- This site is optimized with the Yoast SEO Premium plugin v26.4 (Yoast SEO v27.2) - https:\/\/yoast.com\/product\/yoast-seo-premium-wordpress\/ -->\n<title>McMicrodose - 2 x 5 Gramm - Dutchmicrodosing<\/title>\n<meta name=\"robots\" content=\"index, follow, max-snippet:-1, max-image-preview:large, max-video-preview:-1\" \/>\n<link rel=\"canonical\" href=\"https:\/\/dutchmicrodosing.com\/de\/mikrodosierung\/mcmicrodose-2-x-5-gramm\/\" \/>\n<meta property=\"og:locale\" content=\"de_DE\" \/>\n<meta property=\"og:type\" content=\"article\" \/>\n<meta property=\"og:title\" content=\"McMicrodose - 2 x 5 Gramm\" \/>\n<meta property=\"og:description\" content=\"Bei der Mikrodosierung werden winzige Mengen einer psychoaktiven Substanz eingenommen. Bei der Mikrodosierung von Psilocybin-McMicrodose-Tr\u00fcffeln werden\" \/>\n<meta property=\"og:url\" content=\"https:\/\/dutchmicrodosing.com\/de\/mikrodosierung\/mcmicrodose-2-x-5-gramm\/\" \/>\n<meta property=\"og:site_name\" content=\"Dutchmicrodosing\" \/>\n<meta property=\"article:publisher\" content=\"https:\/\/www.facebook.com\/Dutchmicrodosingxp\/\" \/>\n<meta property=\"article:modified_time\" content=\"2026-04-12T20:48:09+00:00\" \/>\n<meta property=\"og:image\" content=\"https:\/\/dutchmicrodosing.com\/wp-content\/uploads\/2022\/09\/McMicrodose-2x5-2-768x768-1.jpg\" \/>\n\t<meta property=\"og:image:width\" content=\"768\" \/>\n\t<meta property=\"og:image:height\" content=\"768\" \/>\n\t<meta property=\"og:image:type\" content=\"image\/jpeg\" \/>\n<meta name=\"twitter:card\" content=\"summary_large_image\" \/>\n<script type=\"application\/ld+json\" class=\"yoast-schema-graph\">{\"@context\":\"https:\/\/schema.org\",\"@graph\":[{\"@type\":\"WebPage\",\"@id\":\"https:\/\/dutchmicrodosing.com\/de\/mikrodosierung\/mcmicrodose-2-x-5-gramm\/\",\"url\":\"https:\/\/dutchmicrodosing.com\/de\/mikrodosierung\/mcmicrodose-2-x-5-gramm\/\",\"name\":\"McMicrodose - 2 x 5 Gramm - Dutchmicrodosing\",\"isPartOf\":{\"@id\":\"https:\/\/dutchmicrodosing.com\/de\/#website\"},\"primaryImageOfPage\":{\"@id\":\"https:\/\/dutchmicrodosing.com\/de\/mikrodosierung\/mcmicrodose-2-x-5-gramm\/#primaryimage\"},\"image\":{\"@id\":\"https:\/\/dutchmicrodosing.com\/de\/mikrodosierung\/mcmicrodose-2-x-5-gramm\/#primaryimage\"},\"thumbnailUrl\":\"https:\/\/dutchmicrodosing.com\/wp-content\/uploads\/2022\/09\/McMicrodose-2x5-2-768x768-1.jpg\",\"datePublished\":\"2022-09-16T12:22:11+00:00\",\"dateModified\":\"2026-04-12T20:48:09+00:00\",\"breadcrumb\":{\"@id\":\"https:\/\/dutchmicrodosing.com\/de\/mikrodosierung\/mcmicrodose-2-x-5-gramm\/#breadcrumb\"},\"inLanguage\":\"de\",\"potentialAction\":[{\"@type\":\"ReadAction\",\"target\":[\"https:\/\/dutchmicrodosing.com\/de\/mikrodosierung\/mcmicrodose-2-x-5-gramm\/\"]}]},{\"@type\":\"ImageObject\",\"inLanguage\":\"de\",\"@id\":\"https:\/\/dutchmicrodosing.com\/de\/mikrodosierung\/mcmicrodose-2-x-5-gramm\/#primaryimage\",\"url\":\"https:\/\/dutchmicrodosing.com\/wp-content\/uploads\/2022\/09\/McMicrodose-2x5-2-768x768-1.jpg\",\"contentUrl\":\"https:\/\/dutchmicrodosing.com\/wp-content\/uploads\/2022\/09\/McMicrodose-2x5-2-768x768-1.jpg\",\"width\":768,\"height\":768},{\"@type\":\"BreadcrumbList\",\"@id\":\"https:\/\/dutchmicrodosing.com\/de\/mikrodosierung\/mcmicrodose-2-x-5-gramm\/#breadcrumb\",\"itemListElement\":[{\"@type\":\"ListItem\",\"position\":1,\"name\":\"Home\",\"item\":\"https:\/\/dutchmicrodosing.com\/de\/\"},{\"@type\":\"ListItem\",\"position\":2,\"name\":\"Shop\",\"item\":\"https:\/\/dutchmicrodosing.com\/de\/shop\/\"},{\"@type\":\"ListItem\",\"position\":3,\"name\":\"McMicrodose &#8211; 2 x 5 Gramm\"}]},{\"@type\":\"WebSite\",\"@id\":\"https:\/\/dutchmicrodosing.com\/de\/#website\",\"url\":\"https:\/\/dutchmicrodosing.com\/de\/\",\"name\":\"Dutchmicrodosing\",\"description\":\"\",\"publisher\":{\"@id\":\"https:\/\/dutchmicrodosing.com\/de\/#organization\"},\"potentialAction\":[{\"@type\":\"SearchAction\",\"target\":{\"@type\":\"EntryPoint\",\"urlTemplate\":\"https:\/\/dutchmicrodosing.com\/de\/?s={search_term_string}\"},\"query-input\":{\"@type\":\"PropertyValueSpecification\",\"valueRequired\":true,\"valueName\":\"search_term_string\"}}],\"inLanguage\":\"de\"},{\"@type\":\"Organization\",\"@id\":\"https:\/\/dutchmicrodosing.com\/de\/#organization\",\"name\":\"Dutchmicrodosing\",\"url\":\"https:\/\/dutchmicrodosing.com\/de\/\",\"logo\":{\"@type\":\"ImageObject\",\"inLanguage\":\"de\",\"@id\":\"https:\/\/dutchmicrodosing.com\/de\/#\/schema\/logo\/image\/\",\"url\":\"https:\/\/dutchmicrodosing.com\/wp-content\/uploads\/2021\/01\/microdosing-categorie-pic-nieuw.jpg\",\"contentUrl\":\"https:\/\/dutchmicrodosing.com\/wp-content\/uploads\/2021\/01\/microdosing-categorie-pic-nieuw.jpg\",\"width\":500,\"height\":500,\"caption\":\"Dutchmicrodosing\"},\"image\":{\"@id\":\"https:\/\/dutchmicrodosing.com\/de\/#\/schema\/logo\/image\/\"},\"sameAs\":[\"https:\/\/www.facebook.com\/Dutchmicrodosingxp\/\",\"https:\/\/www.instagram.com\/dutchmicrodosing\/\"]}]}<\/script>\n<meta property=\"product:price:amount\" content=\"9.95\" \/>\n<meta property=\"product:price:currency\" content=\"EUR\" \/>\n<meta property=\"og:availability\" content=\"instock\" \/>\n<meta property=\"product:availability\" content=\"instock\" \/>\n<meta property=\"product:retailer_item_id\" content=\"2209618\" \/>\n<meta property=\"product:condition\" content=\"new\" \/>\n<!-- \/ Yoast SEO Premium plugin. -->","yoast_head_json":{"title":"McMicrodose - 2 x 5 Gramm - Dutchmicrodosing","robots":{"index":"index","follow":"follow","max-snippet":"max-snippet:-1","max-image-preview":"max-image-preview:large","max-video-preview":"max-video-preview:-1"},"canonical":"https:\/\/dutchmicrodosing.com\/de\/mikrodosierung\/mcmicrodose-2-x-5-gramm\/","og_locale":"de_DE","og_type":"article","og_title":"McMicrodose - 2 x 5 Gramm","og_description":"Bei der Mikrodosierung werden winzige Mengen einer psychoaktiven Substanz eingenommen. Bei der Mikrodosierung von Psilocybin-McMicrodose-Tr\u00fcffeln werden","og_url":"https:\/\/dutchmicrodosing.com\/de\/mikrodosierung\/mcmicrodose-2-x-5-gramm\/","og_site_name":"Dutchmicrodosing","article_publisher":"https:\/\/www.facebook.com\/Dutchmicrodosingxp\/","article_modified_time":"2026-04-12T20:48:09+00:00","og_image":[{"width":768,"height":768,"url":"https:\/\/dutchmicrodosing.com\/wp-content\/uploads\/2022\/09\/McMicrodose-2x5-2-768x768-1.jpg","type":"image\/jpeg"}],"twitter_card":"summary_large_image","schema":{"@context":"https:\/\/schema.org","@graph":[{"@type":"WebPage","@id":"https:\/\/dutchmicrodosing.com\/de\/mikrodosierung\/mcmicrodose-2-x-5-gramm\/","url":"https:\/\/dutchmicrodosing.com\/de\/mikrodosierung\/mcmicrodose-2-x-5-gramm\/","name":"McMicrodose - 2 x 5 Gramm - Dutchmicrodosing","isPartOf":{"@id":"https:\/\/dutchmicrodosing.com\/de\/#website"},"primaryImageOfPage":{"@id":"https:\/\/dutchmicrodosing.com\/de\/mikrodosierung\/mcmicrodose-2-x-5-gramm\/#primaryimage"},"image":{"@id":"https:\/\/dutchmicrodosing.com\/de\/mikrodosierung\/mcmicrodose-2-x-5-gramm\/#primaryimage"},"thumbnailUrl":"https:\/\/dutchmicrodosing.com\/wp-content\/uploads\/2022\/09\/McMicrodose-2x5-2-768x768-1.jpg","datePublished":"2022-09-16T12:22:11+00:00","dateModified":"2026-04-12T20:48:09+00:00","breadcrumb":{"@id":"https:\/\/dutchmicrodosing.com\/de\/mikrodosierung\/mcmicrodose-2-x-5-gramm\/#breadcrumb"},"inLanguage":"de","potentialAction":[{"@type":"ReadAction","target":["https:\/\/dutchmicrodosing.com\/de\/mikrodosierung\/mcmicrodose-2-x-5-gramm\/"]}]},{"@type":"ImageObject","inLanguage":"de","@id":"https:\/\/dutchmicrodosing.com\/de\/mikrodosierung\/mcmicrodose-2-x-5-gramm\/#primaryimage","url":"https:\/\/dutchmicrodosing.com\/wp-content\/uploads\/2022\/09\/McMicrodose-2x5-2-768x768-1.jpg","contentUrl":"https:\/\/dutchmicrodosing.com\/wp-content\/uploads\/2022\/09\/McMicrodose-2x5-2-768x768-1.jpg","width":768,"height":768},{"@type":"BreadcrumbList","@id":"https:\/\/dutchmicrodosing.com\/de\/mikrodosierung\/mcmicrodose-2-x-5-gramm\/#breadcrumb","itemListElement":[{"@type":"ListItem","position":1,"name":"Home","item":"https:\/\/dutchmicrodosing.com\/de\/"},{"@type":"ListItem","position":2,"name":"Shop","item":"https:\/\/dutchmicrodosing.com\/de\/shop\/"},{"@type":"ListItem","position":3,"name":"McMicrodose &#8211; 2 x 5 Gramm"}]},{"@type":"WebSite","@id":"https:\/\/dutchmicrodosing.com\/de\/#website","url":"https:\/\/dutchmicrodosing.com\/de\/","name":"Dutchmicrodosing","description":"","publisher":{"@id":"https:\/\/dutchmicrodosing.com\/de\/#organization"},"potentialAction":[{"@type":"SearchAction","target":{"@type":"EntryPoint","urlTemplate":"https:\/\/dutchmicrodosing.com\/de\/?s={search_term_string}"},"query-input":{"@type":"PropertyValueSpecification","valueRequired":true,"valueName":"search_term_string"}}],"inLanguage":"de"},{"@type":"Organization","@id":"https:\/\/dutchmicrodosing.com\/de\/#organization","name":"Dutchmicrodosing","url":"https:\/\/dutchmicrodosing.com\/de\/","logo":{"@type":"ImageObject","inLanguage":"de","@id":"https:\/\/dutchmicrodosing.com\/de\/#\/schema\/logo\/image\/","url":"https:\/\/dutchmicrodosing.com\/wp-content\/uploads\/2021\/01\/microdosing-categorie-pic-nieuw.jpg","contentUrl":"https:\/\/dutchmicrodosing.com\/wp-content\/uploads\/2021\/01\/microdosing-categorie-pic-nieuw.jpg","width":500,"height":500,"caption":"Dutchmicrodosing"},"image":{"@id":"https:\/\/dutchmicrodosing.com\/de\/#\/schema\/logo\/image\/"},"sameAs":["https:\/\/www.facebook.com\/Dutchmicrodosingxp\/","https:\/\/www.instagram.com\/dutchmicrodosing\/"]}]},"product_price_amount":"9.95","product_price_currency":"EUR","og_availability":"instock","product_availability":"instock","product_retailer_item_id":"2209618","product_condition":"new"},"_links":{"self":[{"href":"https:\/\/dutchmicrodosing.com\/de\/wp-json\/wp\/v2\/product\/15751","targetHints":{"allow":["GET"]}}],"collection":[{"href":"https:\/\/dutchmicrodosing.com\/de\/wp-json\/wp\/v2\/product"}],"about":[{"href":"https:\/\/dutchmicrodosing.com\/de\/wp-json\/wp\/v2\/types\/product"}],"replies":[{"embeddable":true,"href":"https:\/\/dutchmicrodosing.com\/de\/wp-json\/wp\/v2\/comments?post=15751"}],"version-history":[{"count":0,"href":"https:\/\/dutchmicrodosing.com\/de\/wp-json\/wp\/v2\/product\/15751\/revisions"}],"wp:featuredmedia":[{"embeddable":true,"href":"https:\/\/dutchmicrodosing.com\/de\/wp-json\/wp\/v2\/media\/15723"}],"wp:attachment":[{"href":"https:\/\/dutchmicrodosing.com\/de\/wp-json\/wp\/v2\/media?parent=15751"}],"wp:term":[{"taxonomy":"product_brand","embeddable":true,"href":"https:\/\/dutchmicrodosing.com\/de\/wp-json\/wp\/v2\/product_brand?post=15751"},{"taxonomy":"product_cat","embeddable":true,"href":"https:\/\/dutchmicrodosing.com\/de\/wp-json\/wp\/v2\/product_cat?post=15751"},{"taxonomy":"product_tag","embeddable":true,"href":"https:\/\/dutchmicrodosing.com\/de\/wp-json\/wp\/v2\/product_tag?post=15751"}],"curies":[{"name":"wp","href":"https:\/\/api.w.org\/{rel}","templated":true}]}}