{"id":15756,"date":"2022-05-23T18:40:53","date_gmt":"2022-05-23T16:40:53","guid":{"rendered":"https:\/\/dutchmicrodosing.com\/shop\/unkategorisiert\/microdosingxp-20-pack\/"},"modified":"2025-09-08T13:52:52","modified_gmt":"2025-09-08T11:52:52","slug":"microdosingxp-20-pack","status":"publish","type":"product","link":"https:\/\/dutchmicrodosing.com\/de\/mikrodosierung\/microdosingxp-20-pack\/","title":{"rendered":"MicrodosingXP &#8211; 20er-Pack"},"content":{"rendered":"<p>Die <strong>XP Microdosing<\/strong> Tr\u00fcffel werden von Experten mit jahrzehntelanger Erfahrung in der Kultivierung von Psilocybin-Tr\u00fcffeln hergestellt. Die Qualit\u00e4t der Produkte von XP Microdosing truffles kann als hervorragend bezeichnet werden. Diese magischen Tr\u00fcffel sind 100% biologisch und frei von Pestiziden und Chemikalien.<\/p>\n<h3>Inhaltsstoffe<\/h3>\n<p>6 x 1 Gramm Psilocybin-Tr\u00fcffel. Jede Dosis von 1 Gramm enth\u00e4lt +\/- 1mg Psilocybin.<\/p>\n<h3>Inhalt<\/h3>\n<p>20 x Microdosing XP Tr\u00fcffelpackung mit 6 x 1 Gramm Psilocybin-Tr\u00fcffel. Das Gewicht der Tr\u00fcffel betrug insgesamt 6 Gramm. Diese 20er-Packung ist 240 Tage lang haltbar, f\u00fcr eine 4-Personen-Kur 60 Tage lang geeignet und kann im K\u00fchlschrank 9 bis 12 Wochen aufbewahrt werden.<\/p>\n<h3>Verwenden Sie<\/h3>\n<p>Beim Microdosing geht es um die regelm\u00e4\u00dfige Einnahme kleiner Mengen der Substanz Psilocybin. Da die Dosen der Tr\u00fcffel klein sind, werden keine schweren Wirkungen empfunden oder wahrgenommen. Um die beste Wirkung zu erzielen, empfehlen wir, die Mikrodosis Tr\u00fcffel morgens auf n\u00fcchternen Magen zu konsumieren.<\/p>\n<ul>\n<li>Tag 1: 1 Dosis von 1 gr.<\/li>\n<li>Tag 2: Keine Dosis, Ruhe<\/li>\n<li>Tag 3: 1 Dosis von 1gr<\/li>\n<li>Tag 4: Keine Dosis, Ruhe<\/li>\n<li>Tag 5: 1 Dosis von 1gr<\/li>\n<li>Tag 6: Keine Dosis, Ruhe<\/li>\n<li>Tag 7: 1 Dosis von 1gr<\/li>\n<li>Tag 8: Beginn bei Tag 1<\/li>\n<\/ul>\n<p>Das <a href=\"https:\/\/dutchmicrodosing.com\/de\/mikrodosierungsroutine\/\">Dosierungsschema<\/a> ist ein Zyklus, der kontinuierlich wiederholt wird, bis die gew\u00fcnschte Anzahl von Wochen der Kur erreicht ist. Sie nehmen die XP Mikrodosiertr\u00fcffel 1 bis 2 Monate ein. Danach machen Sie eine Pause von 2 bis 4 Wochen. Eine Mikrodosis wird Sie nicht trippig machen oder halluzinieren. Man kann jedoch subtile Effekte beobachten.<\/p>\n<h3>Hinweise zur Lagerung<\/h3>\n<p>Lagern Sie Ihre Microdosing XP Tr\u00fcffel in einem K\u00fchlschrank bei einer Temperatur von 2 bis 4 Grad Celsius. Achten Sie auf das auf der Verpackung angegebene Verfallsdatum, um zu sehen, wie lange sie haltbar sind.<\/p>\n<h3>WICHTIG<\/h3>\n<p>Verwenden Sie keine XP Microdosing Tr\u00fcffel:<\/p>\n<ul>\n<li>In Kombination mit Alkohol oder anderen Drogen<\/li>\n<li>Wenn Sie schwanger sind oder stillen<\/li>\n<li>In Kombination mit Lithiumcarbonat<\/li>\n<li>Im Falle einer geistigen oder k\u00f6rperlichen St\u00f6rung und\/oder Krankheit<\/li>\n<li>Im Falle von Farbenblindheit<\/li>\n<\/ul>\n","protected":false},"excerpt":{"rendered":"<p>Die XP Microdosing Tr\u00fcffel werden von Experten mit jahrzehntelanger Erfahrung in der Kultivierung von Psilocybin-Tr\u00fcffeln hergestellt. Die Qualit\u00e4t der Produkte von XP Microdosing truffles kann als hervorragend bezeichnet werden. Diese magischen Tr\u00fcffel sind 100% biologisch und frei von Pestiziden und Chemikalien. Inhaltsstoffe 6 x 1 Gramm Psilocybin-Tr\u00fcffel. Jede Dosis von 1 Gramm enth\u00e4lt +\/- 1mg [&hellip;]<\/p>\n","protected":false},"featured_media":13844,"comment_status":"closed","ping_status":"closed","template":"","meta":[],"product_brand":[],"product_cat":[111,317],"product_tag":[],"class_list":{"0":"post-15756","1":"product","2":"type-product","3":"status-publish","4":"has-post-thumbnail","6":"product_cat-mikrodosierung","7":"product_cat-kreativitatserganzungsmittel","9":"first","10":"instock","11":"taxable","12":"shipping-taxable","13":"purchasable","14":"product-type-simple"},"yoast_head":"<!-- This site is optimized with the Yoast SEO Premium plugin v26.4 (Yoast SEO v27.2) - https:\/\/yoast.com\/product\/yoast-seo-premium-wordpress\/ -->\n<title>MicrodosingXP - 20er-Pack - Dutchmicrodosing<\/title>\n<meta name=\"description\" content=\"Die XP Microdosing Tr\u00fcffel werden von Experten mit jahrzehntelanger Erfahrung in der Kultivierung von Psilocybin-Tr\u00fcffeln hergestellt. Die Qualit\u00e4t der...\" \/>\n<meta name=\"robots\" content=\"index, follow, max-snippet:-1, max-image-preview:large, max-video-preview:-1\" \/>\n<link rel=\"canonical\" href=\"https:\/\/dutchmicrodosing.com\/de\/mikrodosierung\/microdosingxp-20-pack\/\" \/>\n<meta property=\"og:locale\" content=\"de_DE\" \/>\n<meta property=\"og:type\" content=\"article\" \/>\n<meta property=\"og:title\" content=\"MicrodosingXP - 20er-Pack\" \/>\n<meta property=\"og:description\" content=\"Die XP Microdosing Tr\u00fcffel werden von Experten mit jahrzehntelanger Erfahrung in der Kultivierung von Psilocybin-Tr\u00fcffeln hergestellt. Die Qualit\u00e4t der\" \/>\n<meta property=\"og:url\" content=\"https:\/\/dutchmicrodosing.com\/de\/mikrodosierung\/microdosingxp-20-pack\/\" \/>\n<meta property=\"og:site_name\" content=\"Dutchmicrodosing\" \/>\n<meta property=\"article:publisher\" content=\"https:\/\/www.facebook.com\/Dutchmicrodosingxp\/\" \/>\n<meta property=\"article:modified_time\" content=\"2025-09-08T11:52:52+00:00\" \/>\n<meta property=\"og:image\" content=\"https:\/\/dutchmicrodosing.com\/wp-content\/uploads\/2022\/05\/20pack.jpg\" \/>\n\t<meta property=\"og:image:width\" content=\"500\" \/>\n\t<meta property=\"og:image:height\" content=\"500\" \/>\n\t<meta property=\"og:image:type\" content=\"image\/jpeg\" \/>\n<meta name=\"twitter:card\" content=\"summary_large_image\" \/>\n<script type=\"application\/ld+json\" class=\"yoast-schema-graph\">{\"@context\":\"https:\/\/schema.org\",\"@graph\":[{\"@type\":\"WebPage\",\"@id\":\"https:\/\/dutchmicrodosing.com\/de\/mikrodosierung\/microdosingxp-20-pack\/\",\"url\":\"https:\/\/dutchmicrodosing.com\/de\/mikrodosierung\/microdosingxp-20-pack\/\",\"name\":\"MicrodosingXP - 20er-Pack - Dutchmicrodosing\",\"isPartOf\":{\"@id\":\"https:\/\/dutchmicrodosing.com\/de\/#website\"},\"primaryImageOfPage\":{\"@id\":\"https:\/\/dutchmicrodosing.com\/de\/mikrodosierung\/microdosingxp-20-pack\/#primaryimage\"},\"image\":{\"@id\":\"https:\/\/dutchmicrodosing.com\/de\/mikrodosierung\/microdosingxp-20-pack\/#primaryimage\"},\"thumbnailUrl\":\"https:\/\/dutchmicrodosing.com\/wp-content\/uploads\/2022\/05\/20pack.jpg\",\"datePublished\":\"2022-05-23T16:40:53+00:00\",\"dateModified\":\"2025-09-08T11:52:52+00:00\",\"description\":\"Die XP Microdosing Tr\u00fcffel werden von Experten mit jahrzehntelanger Erfahrung in der Kultivierung von Psilocybin-Tr\u00fcffeln hergestellt. Die Qualit\u00e4t der...\",\"breadcrumb\":{\"@id\":\"https:\/\/dutchmicrodosing.com\/de\/mikrodosierung\/microdosingxp-20-pack\/#breadcrumb\"},\"inLanguage\":\"de\",\"potentialAction\":[{\"@type\":\"ReadAction\",\"target\":[\"https:\/\/dutchmicrodosing.com\/de\/mikrodosierung\/microdosingxp-20-pack\/\"]}]},{\"@type\":\"ImageObject\",\"inLanguage\":\"de\",\"@id\":\"https:\/\/dutchmicrodosing.com\/de\/mikrodosierung\/microdosingxp-20-pack\/#primaryimage\",\"url\":\"https:\/\/dutchmicrodosing.com\/wp-content\/uploads\/2022\/05\/20pack.jpg\",\"contentUrl\":\"https:\/\/dutchmicrodosing.com\/wp-content\/uploads\/2022\/05\/20pack.jpg\",\"width\":500,\"height\":500},{\"@type\":\"BreadcrumbList\",\"@id\":\"https:\/\/dutchmicrodosing.com\/de\/mikrodosierung\/microdosingxp-20-pack\/#breadcrumb\",\"itemListElement\":[{\"@type\":\"ListItem\",\"position\":1,\"name\":\"Home\",\"item\":\"https:\/\/dutchmicrodosing.com\/de\/\"},{\"@type\":\"ListItem\",\"position\":2,\"name\":\"Shop\",\"item\":\"https:\/\/dutchmicrodosing.com\/de\/shop\/\"},{\"@type\":\"ListItem\",\"position\":3,\"name\":\"MicrodosingXP &#8211; 20er-Pack\"}]},{\"@type\":\"WebSite\",\"@id\":\"https:\/\/dutchmicrodosing.com\/de\/#website\",\"url\":\"https:\/\/dutchmicrodosing.com\/de\/\",\"name\":\"Dutchmicrodosing\",\"description\":\"\",\"publisher\":{\"@id\":\"https:\/\/dutchmicrodosing.com\/de\/#organization\"},\"potentialAction\":[{\"@type\":\"SearchAction\",\"target\":{\"@type\":\"EntryPoint\",\"urlTemplate\":\"https:\/\/dutchmicrodosing.com\/de\/?s={search_term_string}\"},\"query-input\":{\"@type\":\"PropertyValueSpecification\",\"valueRequired\":true,\"valueName\":\"search_term_string\"}}],\"inLanguage\":\"de\"},{\"@type\":\"Organization\",\"@id\":\"https:\/\/dutchmicrodosing.com\/de\/#organization\",\"name\":\"Dutchmicrodosing\",\"url\":\"https:\/\/dutchmicrodosing.com\/de\/\",\"logo\":{\"@type\":\"ImageObject\",\"inLanguage\":\"de\",\"@id\":\"https:\/\/dutchmicrodosing.com\/de\/#\/schema\/logo\/image\/\",\"url\":\"https:\/\/dutchmicrodosing.com\/wp-content\/uploads\/2021\/01\/microdosing-categorie-pic-nieuw.jpg\",\"contentUrl\":\"https:\/\/dutchmicrodosing.com\/wp-content\/uploads\/2021\/01\/microdosing-categorie-pic-nieuw.jpg\",\"width\":500,\"height\":500,\"caption\":\"Dutchmicrodosing\"},\"image\":{\"@id\":\"https:\/\/dutchmicrodosing.com\/de\/#\/schema\/logo\/image\/\"},\"sameAs\":[\"https:\/\/www.facebook.com\/Dutchmicrodosingxp\/\",\"https:\/\/www.instagram.com\/dutchmicrodosing\/\"]}]}<\/script>\n<meta property=\"product:price:amount\" content=\"99.95\" \/>\n<meta property=\"product:price:currency\" content=\"EUR\" \/>\n<meta property=\"og:availability\" content=\"instock\" \/>\n<meta property=\"product:availability\" content=\"instock\" \/>\n<meta property=\"product:retailer_item_id\" content=\"0210668\" \/>\n<meta property=\"product:condition\" content=\"new\" \/>\n<!-- \/ Yoast SEO Premium plugin. -->","yoast_head_json":{"title":"MicrodosingXP - 20er-Pack - Dutchmicrodosing","description":"Die XP Microdosing Tr\u00fcffel werden von Experten mit jahrzehntelanger Erfahrung in der Kultivierung von Psilocybin-Tr\u00fcffeln hergestellt. Die Qualit\u00e4t der...","robots":{"index":"index","follow":"follow","max-snippet":"max-snippet:-1","max-image-preview":"max-image-preview:large","max-video-preview":"max-video-preview:-1"},"canonical":"https:\/\/dutchmicrodosing.com\/de\/mikrodosierung\/microdosingxp-20-pack\/","og_locale":"de_DE","og_type":"article","og_title":"MicrodosingXP - 20er-Pack","og_description":"Die XP Microdosing Tr\u00fcffel werden von Experten mit jahrzehntelanger Erfahrung in der Kultivierung von Psilocybin-Tr\u00fcffeln hergestellt. Die Qualit\u00e4t der","og_url":"https:\/\/dutchmicrodosing.com\/de\/mikrodosierung\/microdosingxp-20-pack\/","og_site_name":"Dutchmicrodosing","article_publisher":"https:\/\/www.facebook.com\/Dutchmicrodosingxp\/","article_modified_time":"2025-09-08T11:52:52+00:00","og_image":[{"width":500,"height":500,"url":"https:\/\/dutchmicrodosing.com\/wp-content\/uploads\/2022\/05\/20pack.jpg","type":"image\/jpeg"}],"twitter_card":"summary_large_image","schema":{"@context":"https:\/\/schema.org","@graph":[{"@type":"WebPage","@id":"https:\/\/dutchmicrodosing.com\/de\/mikrodosierung\/microdosingxp-20-pack\/","url":"https:\/\/dutchmicrodosing.com\/de\/mikrodosierung\/microdosingxp-20-pack\/","name":"MicrodosingXP - 20er-Pack - Dutchmicrodosing","isPartOf":{"@id":"https:\/\/dutchmicrodosing.com\/de\/#website"},"primaryImageOfPage":{"@id":"https:\/\/dutchmicrodosing.com\/de\/mikrodosierung\/microdosingxp-20-pack\/#primaryimage"},"image":{"@id":"https:\/\/dutchmicrodosing.com\/de\/mikrodosierung\/microdosingxp-20-pack\/#primaryimage"},"thumbnailUrl":"https:\/\/dutchmicrodosing.com\/wp-content\/uploads\/2022\/05\/20pack.jpg","datePublished":"2022-05-23T16:40:53+00:00","dateModified":"2025-09-08T11:52:52+00:00","description":"Die XP Microdosing Tr\u00fcffel werden von Experten mit jahrzehntelanger Erfahrung in der Kultivierung von Psilocybin-Tr\u00fcffeln hergestellt. Die Qualit\u00e4t der...","breadcrumb":{"@id":"https:\/\/dutchmicrodosing.com\/de\/mikrodosierung\/microdosingxp-20-pack\/#breadcrumb"},"inLanguage":"de","potentialAction":[{"@type":"ReadAction","target":["https:\/\/dutchmicrodosing.com\/de\/mikrodosierung\/microdosingxp-20-pack\/"]}]},{"@type":"ImageObject","inLanguage":"de","@id":"https:\/\/dutchmicrodosing.com\/de\/mikrodosierung\/microdosingxp-20-pack\/#primaryimage","url":"https:\/\/dutchmicrodosing.com\/wp-content\/uploads\/2022\/05\/20pack.jpg","contentUrl":"https:\/\/dutchmicrodosing.com\/wp-content\/uploads\/2022\/05\/20pack.jpg","width":500,"height":500},{"@type":"BreadcrumbList","@id":"https:\/\/dutchmicrodosing.com\/de\/mikrodosierung\/microdosingxp-20-pack\/#breadcrumb","itemListElement":[{"@type":"ListItem","position":1,"name":"Home","item":"https:\/\/dutchmicrodosing.com\/de\/"},{"@type":"ListItem","position":2,"name":"Shop","item":"https:\/\/dutchmicrodosing.com\/de\/shop\/"},{"@type":"ListItem","position":3,"name":"MicrodosingXP &#8211; 20er-Pack"}]},{"@type":"WebSite","@id":"https:\/\/dutchmicrodosing.com\/de\/#website","url":"https:\/\/dutchmicrodosing.com\/de\/","name":"Dutchmicrodosing","description":"","publisher":{"@id":"https:\/\/dutchmicrodosing.com\/de\/#organization"},"potentialAction":[{"@type":"SearchAction","target":{"@type":"EntryPoint","urlTemplate":"https:\/\/dutchmicrodosing.com\/de\/?s={search_term_string}"},"query-input":{"@type":"PropertyValueSpecification","valueRequired":true,"valueName":"search_term_string"}}],"inLanguage":"de"},{"@type":"Organization","@id":"https:\/\/dutchmicrodosing.com\/de\/#organization","name":"Dutchmicrodosing","url":"https:\/\/dutchmicrodosing.com\/de\/","logo":{"@type":"ImageObject","inLanguage":"de","@id":"https:\/\/dutchmicrodosing.com\/de\/#\/schema\/logo\/image\/","url":"https:\/\/dutchmicrodosing.com\/wp-content\/uploads\/2021\/01\/microdosing-categorie-pic-nieuw.jpg","contentUrl":"https:\/\/dutchmicrodosing.com\/wp-content\/uploads\/2021\/01\/microdosing-categorie-pic-nieuw.jpg","width":500,"height":500,"caption":"Dutchmicrodosing"},"image":{"@id":"https:\/\/dutchmicrodosing.com\/de\/#\/schema\/logo\/image\/"},"sameAs":["https:\/\/www.facebook.com\/Dutchmicrodosingxp\/","https:\/\/www.instagram.com\/dutchmicrodosing\/"]}]},"product_price_amount":"99.95","product_price_currency":"EUR","og_availability":"instock","product_availability":"instock","product_retailer_item_id":"0210668","product_condition":"new"},"_links":{"self":[{"href":"https:\/\/dutchmicrodosing.com\/de\/wp-json\/wp\/v2\/product\/15756","targetHints":{"allow":["GET"]}}],"collection":[{"href":"https:\/\/dutchmicrodosing.com\/de\/wp-json\/wp\/v2\/product"}],"about":[{"href":"https:\/\/dutchmicrodosing.com\/de\/wp-json\/wp\/v2\/types\/product"}],"replies":[{"embeddable":true,"href":"https:\/\/dutchmicrodosing.com\/de\/wp-json\/wp\/v2\/comments?post=15756"}],"version-history":[{"count":0,"href":"https:\/\/dutchmicrodosing.com\/de\/wp-json\/wp\/v2\/product\/15756\/revisions"}],"wp:featuredmedia":[{"embeddable":true,"href":"https:\/\/dutchmicrodosing.com\/de\/wp-json\/wp\/v2\/media\/13844"}],"wp:attachment":[{"href":"https:\/\/dutchmicrodosing.com\/de\/wp-json\/wp\/v2\/media?parent=15756"}],"wp:term":[{"taxonomy":"product_brand","embeddable":true,"href":"https:\/\/dutchmicrodosing.com\/de\/wp-json\/wp\/v2\/product_brand?post=15756"},{"taxonomy":"product_cat","embeddable":true,"href":"https:\/\/dutchmicrodosing.com\/de\/wp-json\/wp\/v2\/product_cat?post=15756"},{"taxonomy":"product_tag","embeddable":true,"href":"https:\/\/dutchmicrodosing.com\/de\/wp-json\/wp\/v2\/product_tag?post=15756"}],"curies":[{"name":"wp","href":"https:\/\/api.w.org\/{rel}","templated":true}]}}