{"id":15758,"date":"2022-05-14T07:48:44","date_gmt":"2022-05-14T05:48:44","guid":{"rendered":"https:\/\/dutchmicrodosing.com\/shop\/unkategorisiert\/magic-truffle-growkit-utopia\/"},"modified":"2026-04-02T20:40:31","modified_gmt":"2026-04-02T18:40:31","slug":"magic-truffle-growkit-utopia","status":"publish","type":"product","link":"https:\/\/dutchmicrodosing.com\/de\/psilocybin-truffel\/magische-truffel\/magic-truffle-growkit-utopia\/","title":{"rendered":"Magisches Tr\u00fcffel-Anbaukit Utopia"},"content":{"rendered":"<p>Mit dem<strong> Magic Truffel Growkit Utopia<\/strong> kannst du ganz einfach deine Tr\u00fcffel selbst anbauen. Das Utopia Tr\u00fcffel Growkit funktioniert sehr einfach, die Magic Tr\u00fcffel sind direkt bereit zur Ernte. Psilocybin-Tr\u00fcffeln, auch &#8222;Zaubertr\u00fcffeln&#8220; genannt, enthalten wie einige Pilze die psychoaktive Substanz Psilocybin. Der Anbauprozess ist relativ einfach und kann zu Hause durchgef\u00fchrt werden, auch wenn Sie keine Erfahrung mit dem Anbau haben.<\/p>\n<h2>Z\u00fcchtungsprogramm<\/h2>\n<ul>\n<li>Sobald Sie das Tr\u00fcffelzucht-Kit erhalten haben, sind die Tr\u00fcffel sofort zum Verzehr bereit. Es ist auch m\u00f6glich, sie bis zu einem weiteren Monat wachsen zu lassen. In diesem Fall kann der Ertrag 10-20 Gramm mehr betragen. Sie m\u00fcssen daf\u00fcr nichts tun. Lassen Sie einfach den Deckel des Growkits w\u00e4hrend der 1-monatigen Durchwuchszeit auf.<\/li>\n<li>Die Tr\u00fcffel aus dem Beh\u00e4lter nehmen und gut absp\u00fclen. Tipp: Verwenden Sie eine B\u00fcrste, um sie wirklich gut zu reinigen.<\/li>\n<li>Sobald die Tr\u00fcffel sauber sind, trocknen Sie sie gut mit einem Tuch ab. Die Tr\u00fcffel sind fertig und k\u00f6nnen verwendet werden &#8211; viel Spa\u00df!<\/li>\n<\/ul>\n<h3>Tipps<\/h3>\n<ul>\n<li>Lagern Sie das Truffle Grow Kit Utopia bei Zimmertemperatur, wenn Sie die Tr\u00fcffel wachsen lassen wollen. Stellen Sie das Growkit niemals in direktes Sonnenlicht.<\/li>\n<li>Je fr\u00fcher Sie die Tr\u00fcffel nach der Ernte verwenden, desto besser. Der Wirkstoff (Psilocybin) nimmt mit dem Alter der Tr\u00fcffel ab. Die Tr\u00fcffel im K\u00fchlschrank aufbewahren.<\/li>\n<\/ul>\n<h2>Ertrag<\/h2>\n<p>50 &#8211; 70 Gramm<\/p>\n<h2>Reise-Dosierungsplan magische Tr\u00fcffel<\/h2>\n<p>Diese Dosen sind f\u00fcr Personen gedacht, die sich zum ersten Mal mit Psilocybin-Tr\u00fcffeln vertraut machen wollen. Wenn du bereits Erfahrung mit Psilocybin-Tr\u00fcffeln oder Zauberpilzen hast, kannst du die Dosis nach deinem Wunsch erh\u00f6hen.<\/p>\n<p><strong>Leichte Reise \/ Leichte Reise \/ Schwere Reise<\/strong><\/p>\n<ul>\n<li>50 kg = 5 Gramm 6,7 Gramm 11,2 Gramm<\/li>\n<li>60 kg = 6 Gramm 8 Gramm 13,4 Gramm<\/li>\n<li>70 kg = 7 Gramm 9,3 Gramm 15,6 Gramm<\/li>\n<li>80 kg = 8 Gramm 10,6 Gramm 17,8 Gramm<\/li>\n<li>90 kg = 9 Gramm 11,9 Gramm 20 Gramm<\/li>\n<li>100 kg = 10 Gramm 13,5 Gramm 22,2 Gramm<\/li>\n<\/ul>\n<div>F\u00fcr eine leichte Reise erh\u00f6hen Sie die Dosis um +\/- 0,1 Gramm pro Kilo K\u00f6rpergewicht, z. B.: 51 Kilo = 5,1 Gramm<br \/>\nF\u00fcr eine milde Reise erh\u00f6hen Sie die Dosis um +\/- 0,13\/15 Gramm pro Kilo K\u00f6rpergewicht, zum Beispiel: 51 Kilo = 6,85 Gramm<br \/>\nF\u00fcr eine schwere Reise erh\u00f6hen Sie die Dosis um +\/-0,22 Gramm pro Kilo K\u00f6rpergewicht, z. B.: 51 Kilo = 11,42 Gramm<\/div>\n<div>\n<h2>Warnung vor dem Produkt<\/h2>\n<ul>\n<li>Verwenden Sie Pilztr\u00fcffel nicht, wenn Sie schlecht gelaunt, depressiv, psychotisch oder anderweitig geistig beeintr\u00e4chtigt sind. Magische Tr\u00fcffel sind nicht f\u00fcr Minderj\u00e4hrige oder schwangere Frauen geeignet, und es ist auch nicht ratsam, unter dem Einfluss von Psilocybin Auto zu fahren oder schwere Maschinen zu bedienen.<\/li>\n<li>Pilztr\u00fcffel sollten niemals in Verbindung mit Alkohol oder anderen (verschriebenen oder illegalen) Drogen eingenommen werden. Beginnen Sie mit einer kleinen Dosis und stellen Sie sicher, dass Sie sich in Ihrer Gesellschaft und Umgebung wohl f\u00fchlen.<\/li>\n<li>Alle unsere Magic Mushroom Tr\u00fcffel sind frisch verpackt. Man sollte sie im K\u00fchlschrank aufbewahren. Unge\u00f6ffnet kann man sie etwa 2 Monate im K\u00fchlschrank aufbewahren. Nach dem \u00d6ffnen sind die Tr\u00fcffel jedoch nur wenige Tage haltbar.<\/li>\n<\/ul>\n<\/div>\n","protected":false},"excerpt":{"rendered":"<p>Mit dem Magic Truffel Growkit Utopia kannst du ganz einfach deine Tr\u00fcffel selbst anbauen. Das Utopia Tr\u00fcffel Growkit funktioniert sehr einfach, die Magic Tr\u00fcffel sind direkt bereit zur Ernte. Psilocybin-Tr\u00fcffeln, auch &#8222;Zaubertr\u00fcffeln&#8220; genannt, enthalten wie einige Pilze die psychoaktive Substanz Psilocybin. Der Anbauprozess ist relativ einfach und kann zu Hause durchgef\u00fchrt werden, auch wenn Sie [&hellip;]<\/p>\n","protected":false},"featured_media":65118,"comment_status":"closed","ping_status":"closed","template":"","meta":[],"product_brand":[],"product_cat":[202],"product_tag":[],"class_list":{"0":"post-15758","1":"product","2":"type-product","3":"status-publish","4":"has-post-thumbnail","6":"product_cat-magische-truffel","8":"first","9":"instock","10":"taxable","11":"shipping-taxable","12":"purchasable","13":"product-type-simple"},"yoast_head":"<!-- This site is optimized with the Yoast SEO Premium plugin v26.4 (Yoast SEO v27.2) - https:\/\/yoast.com\/product\/yoast-seo-premium-wordpress\/ -->\n<title>Magisches Tr\u00fcffel-Anbaukit Utopia - Dutchmicrodosing<\/title>\n<meta name=\"description\" content=\"Mit dem Magic Truffle Grow Kit Utopia k\u00f6nnen Sie ganz einfach Ihre eigenen Tr\u00fcffel z\u00fcchten. Das Utopia Truffle Grow Kit funktioniert ganz einfach, die magischen Tr\u00fcffel sind sofort...\" \/>\n<meta name=\"robots\" content=\"index, follow, max-snippet:-1, max-image-preview:large, max-video-preview:-1\" \/>\n<link rel=\"canonical\" href=\"https:\/\/dutchmicrodosing.com\/de\/psilocybin-truffel\/magische-truffel\/magic-truffle-growkit-utopia\/\" \/>\n<meta property=\"og:locale\" content=\"de_DE\" \/>\n<meta property=\"og:type\" content=\"article\" \/>\n<meta property=\"og:title\" content=\"Magisches Tr\u00fcffel-Anbaukit Utopia\" \/>\n<meta property=\"og:description\" content=\"Mit dem Magic Truffel Growkit Utopia kannst du ganz einfach deine Tr\u00fcffel selbst anbauen. Das Utopia Tr\u00fcffel Growkit funktioniert sehr einfach, die Magic\" \/>\n<meta property=\"og:url\" content=\"https:\/\/dutchmicrodosing.com\/de\/psilocybin-truffel\/magische-truffel\/magic-truffle-growkit-utopia\/\" \/>\n<meta property=\"og:site_name\" content=\"Dutchmicrodosing\" \/>\n<meta property=\"article:publisher\" content=\"https:\/\/www.facebook.com\/Dutchmicrodosingxp\/\" \/>\n<meta property=\"article:modified_time\" content=\"2026-04-02T18:40:31+00:00\" \/>\n<meta property=\"og:image\" content=\"https:\/\/dutchmicrodosing.com\/wp-content\/uploads\/2022\/05\/utopiagrowkit.jpg\" \/>\n\t<meta property=\"og:image:width\" content=\"2000\" \/>\n\t<meta property=\"og:image:height\" content=\"2000\" \/>\n\t<meta property=\"og:image:type\" content=\"image\/jpeg\" \/>\n<meta name=\"twitter:card\" content=\"summary_large_image\" \/>\n<script type=\"application\/ld+json\" class=\"yoast-schema-graph\">{\"@context\":\"https:\/\/schema.org\",\"@graph\":[{\"@type\":\"WebPage\",\"@id\":\"https:\/\/dutchmicrodosing.com\/de\/psilocybin-truffel\/magische-truffel\/magic-truffle-growkit-utopia\/\",\"url\":\"https:\/\/dutchmicrodosing.com\/de\/psilocybin-truffel\/magische-truffel\/magic-truffle-growkit-utopia\/\",\"name\":\"Magisches Tr\u00fcffel-Anbaukit Utopia - Dutchmicrodosing\",\"isPartOf\":{\"@id\":\"https:\/\/dutchmicrodosing.com\/de\/#website\"},\"primaryImageOfPage\":{\"@id\":\"https:\/\/dutchmicrodosing.com\/de\/psilocybin-truffel\/magische-truffel\/magic-truffle-growkit-utopia\/#primaryimage\"},\"image\":{\"@id\":\"https:\/\/dutchmicrodosing.com\/de\/psilocybin-truffel\/magische-truffel\/magic-truffle-growkit-utopia\/#primaryimage\"},\"thumbnailUrl\":\"https:\/\/dutchmicrodosing.com\/wp-content\/uploads\/2022\/05\/b5271d66-c434-4cad-abdc-09b5ec1a50fc.png\",\"datePublished\":\"2022-05-14T05:48:44+00:00\",\"dateModified\":\"2026-04-02T18:40:31+00:00\",\"description\":\"Mit dem Magic Truffle Grow Kit Utopia k\u00f6nnen Sie ganz einfach Ihre eigenen Tr\u00fcffel z\u00fcchten. Das Utopia Truffle Grow Kit funktioniert ganz einfach, die magischen Tr\u00fcffel sind sofort...\",\"breadcrumb\":{\"@id\":\"https:\/\/dutchmicrodosing.com\/de\/psilocybin-truffel\/magische-truffel\/magic-truffle-growkit-utopia\/#breadcrumb\"},\"inLanguage\":\"de\",\"potentialAction\":[{\"@type\":\"ReadAction\",\"target\":[\"https:\/\/dutchmicrodosing.com\/de\/psilocybin-truffel\/magische-truffel\/magic-truffle-growkit-utopia\/\"]}]},{\"@type\":\"ImageObject\",\"inLanguage\":\"de\",\"@id\":\"https:\/\/dutchmicrodosing.com\/de\/psilocybin-truffel\/magische-truffel\/magic-truffle-growkit-utopia\/#primaryimage\",\"url\":\"https:\/\/dutchmicrodosing.com\/wp-content\/uploads\/2022\/05\/b5271d66-c434-4cad-abdc-09b5ec1a50fc.png\",\"contentUrl\":\"https:\/\/dutchmicrodosing.com\/wp-content\/uploads\/2022\/05\/b5271d66-c434-4cad-abdc-09b5ec1a50fc.png\",\"width\":1024,\"height\":1024},{\"@type\":\"BreadcrumbList\",\"@id\":\"https:\/\/dutchmicrodosing.com\/de\/psilocybin-truffel\/magische-truffel\/magic-truffle-growkit-utopia\/#breadcrumb\",\"itemListElement\":[{\"@type\":\"ListItem\",\"position\":1,\"name\":\"Home\",\"item\":\"https:\/\/dutchmicrodosing.com\/de\/\"},{\"@type\":\"ListItem\",\"position\":2,\"name\":\"Shop\",\"item\":\"https:\/\/dutchmicrodosing.com\/de\/shop\/\"},{\"@type\":\"ListItem\",\"position\":3,\"name\":\"Magisches Tr\u00fcffel-Anbaukit Utopia\"}]},{\"@type\":\"WebSite\",\"@id\":\"https:\/\/dutchmicrodosing.com\/de\/#website\",\"url\":\"https:\/\/dutchmicrodosing.com\/de\/\",\"name\":\"Dutchmicrodosing\",\"description\":\"\",\"publisher\":{\"@id\":\"https:\/\/dutchmicrodosing.com\/de\/#organization\"},\"potentialAction\":[{\"@type\":\"SearchAction\",\"target\":{\"@type\":\"EntryPoint\",\"urlTemplate\":\"https:\/\/dutchmicrodosing.com\/de\/?s={search_term_string}\"},\"query-input\":{\"@type\":\"PropertyValueSpecification\",\"valueRequired\":true,\"valueName\":\"search_term_string\"}}],\"inLanguage\":\"de\"},{\"@type\":\"Organization\",\"@id\":\"https:\/\/dutchmicrodosing.com\/de\/#organization\",\"name\":\"Dutchmicrodosing\",\"url\":\"https:\/\/dutchmicrodosing.com\/de\/\",\"logo\":{\"@type\":\"ImageObject\",\"inLanguage\":\"de\",\"@id\":\"https:\/\/dutchmicrodosing.com\/de\/#\/schema\/logo\/image\/\",\"url\":\"https:\/\/dutchmicrodosing.com\/wp-content\/uploads\/2021\/01\/microdosing-categorie-pic-nieuw.jpg\",\"contentUrl\":\"https:\/\/dutchmicrodosing.com\/wp-content\/uploads\/2021\/01\/microdosing-categorie-pic-nieuw.jpg\",\"width\":500,\"height\":500,\"caption\":\"Dutchmicrodosing\"},\"image\":{\"@id\":\"https:\/\/dutchmicrodosing.com\/de\/#\/schema\/logo\/image\/\"},\"sameAs\":[\"https:\/\/www.facebook.com\/Dutchmicrodosingxp\/\",\"https:\/\/www.instagram.com\/dutchmicrodosing\/\"]}]}<\/script>\n<meta property=\"product:price:amount\" content=\"23.95\" \/>\n<meta property=\"product:price:currency\" content=\"EUR\" \/>\n<meta property=\"og:availability\" content=\"instock\" \/>\n<meta property=\"product:availability\" content=\"instock\" \/>\n<meta property=\"product:retailer_item_id\" content=\"2205884\" \/>\n<meta property=\"product:condition\" content=\"new\" \/>\n<!-- \/ Yoast SEO Premium plugin. -->","yoast_head_json":{"title":"Magisches Tr\u00fcffel-Anbaukit Utopia - Dutchmicrodosing","description":"Mit dem Magic Truffle Grow Kit Utopia k\u00f6nnen Sie ganz einfach Ihre eigenen Tr\u00fcffel z\u00fcchten. Das Utopia Truffle Grow Kit funktioniert ganz einfach, die magischen Tr\u00fcffel sind sofort...","robots":{"index":"index","follow":"follow","max-snippet":"max-snippet:-1","max-image-preview":"max-image-preview:large","max-video-preview":"max-video-preview:-1"},"canonical":"https:\/\/dutchmicrodosing.com\/de\/psilocybin-truffel\/magische-truffel\/magic-truffle-growkit-utopia\/","og_locale":"de_DE","og_type":"article","og_title":"Magisches Tr\u00fcffel-Anbaukit Utopia","og_description":"Mit dem Magic Truffel Growkit Utopia kannst du ganz einfach deine Tr\u00fcffel selbst anbauen. Das Utopia Tr\u00fcffel Growkit funktioniert sehr einfach, die Magic","og_url":"https:\/\/dutchmicrodosing.com\/de\/psilocybin-truffel\/magische-truffel\/magic-truffle-growkit-utopia\/","og_site_name":"Dutchmicrodosing","article_publisher":"https:\/\/www.facebook.com\/Dutchmicrodosingxp\/","article_modified_time":"2026-04-02T18:40:31+00:00","og_image":[{"width":2000,"height":2000,"url":"https:\/\/dutchmicrodosing.com\/wp-content\/uploads\/2022\/05\/utopiagrowkit.jpg","type":"image\/jpeg"}],"twitter_card":"summary_large_image","schema":{"@context":"https:\/\/schema.org","@graph":[{"@type":"WebPage","@id":"https:\/\/dutchmicrodosing.com\/de\/psilocybin-truffel\/magische-truffel\/magic-truffle-growkit-utopia\/","url":"https:\/\/dutchmicrodosing.com\/de\/psilocybin-truffel\/magische-truffel\/magic-truffle-growkit-utopia\/","name":"Magisches Tr\u00fcffel-Anbaukit Utopia - Dutchmicrodosing","isPartOf":{"@id":"https:\/\/dutchmicrodosing.com\/de\/#website"},"primaryImageOfPage":{"@id":"https:\/\/dutchmicrodosing.com\/de\/psilocybin-truffel\/magische-truffel\/magic-truffle-growkit-utopia\/#primaryimage"},"image":{"@id":"https:\/\/dutchmicrodosing.com\/de\/psilocybin-truffel\/magische-truffel\/magic-truffle-growkit-utopia\/#primaryimage"},"thumbnailUrl":"https:\/\/dutchmicrodosing.com\/wp-content\/uploads\/2022\/05\/b5271d66-c434-4cad-abdc-09b5ec1a50fc.png","datePublished":"2022-05-14T05:48:44+00:00","dateModified":"2026-04-02T18:40:31+00:00","description":"Mit dem Magic Truffle Grow Kit Utopia k\u00f6nnen Sie ganz einfach Ihre eigenen Tr\u00fcffel z\u00fcchten. Das Utopia Truffle Grow Kit funktioniert ganz einfach, die magischen Tr\u00fcffel sind sofort...","breadcrumb":{"@id":"https:\/\/dutchmicrodosing.com\/de\/psilocybin-truffel\/magische-truffel\/magic-truffle-growkit-utopia\/#breadcrumb"},"inLanguage":"de","potentialAction":[{"@type":"ReadAction","target":["https:\/\/dutchmicrodosing.com\/de\/psilocybin-truffel\/magische-truffel\/magic-truffle-growkit-utopia\/"]}]},{"@type":"ImageObject","inLanguage":"de","@id":"https:\/\/dutchmicrodosing.com\/de\/psilocybin-truffel\/magische-truffel\/magic-truffle-growkit-utopia\/#primaryimage","url":"https:\/\/dutchmicrodosing.com\/wp-content\/uploads\/2022\/05\/b5271d66-c434-4cad-abdc-09b5ec1a50fc.png","contentUrl":"https:\/\/dutchmicrodosing.com\/wp-content\/uploads\/2022\/05\/b5271d66-c434-4cad-abdc-09b5ec1a50fc.png","width":1024,"height":1024},{"@type":"BreadcrumbList","@id":"https:\/\/dutchmicrodosing.com\/de\/psilocybin-truffel\/magische-truffel\/magic-truffle-growkit-utopia\/#breadcrumb","itemListElement":[{"@type":"ListItem","position":1,"name":"Home","item":"https:\/\/dutchmicrodosing.com\/de\/"},{"@type":"ListItem","position":2,"name":"Shop","item":"https:\/\/dutchmicrodosing.com\/de\/shop\/"},{"@type":"ListItem","position":3,"name":"Magisches Tr\u00fcffel-Anbaukit Utopia"}]},{"@type":"WebSite","@id":"https:\/\/dutchmicrodosing.com\/de\/#website","url":"https:\/\/dutchmicrodosing.com\/de\/","name":"Dutchmicrodosing","description":"","publisher":{"@id":"https:\/\/dutchmicrodosing.com\/de\/#organization"},"potentialAction":[{"@type":"SearchAction","target":{"@type":"EntryPoint","urlTemplate":"https:\/\/dutchmicrodosing.com\/de\/?s={search_term_string}"},"query-input":{"@type":"PropertyValueSpecification","valueRequired":true,"valueName":"search_term_string"}}],"inLanguage":"de"},{"@type":"Organization","@id":"https:\/\/dutchmicrodosing.com\/de\/#organization","name":"Dutchmicrodosing","url":"https:\/\/dutchmicrodosing.com\/de\/","logo":{"@type":"ImageObject","inLanguage":"de","@id":"https:\/\/dutchmicrodosing.com\/de\/#\/schema\/logo\/image\/","url":"https:\/\/dutchmicrodosing.com\/wp-content\/uploads\/2021\/01\/microdosing-categorie-pic-nieuw.jpg","contentUrl":"https:\/\/dutchmicrodosing.com\/wp-content\/uploads\/2021\/01\/microdosing-categorie-pic-nieuw.jpg","width":500,"height":500,"caption":"Dutchmicrodosing"},"image":{"@id":"https:\/\/dutchmicrodosing.com\/de\/#\/schema\/logo\/image\/"},"sameAs":["https:\/\/www.facebook.com\/Dutchmicrodosingxp\/","https:\/\/www.instagram.com\/dutchmicrodosing\/"]}]},"product_price_amount":"23.95","product_price_currency":"EUR","og_availability":"instock","product_availability":"instock","product_retailer_item_id":"2205884","product_condition":"new"},"_links":{"self":[{"href":"https:\/\/dutchmicrodosing.com\/de\/wp-json\/wp\/v2\/product\/15758","targetHints":{"allow":["GET"]}}],"collection":[{"href":"https:\/\/dutchmicrodosing.com\/de\/wp-json\/wp\/v2\/product"}],"about":[{"href":"https:\/\/dutchmicrodosing.com\/de\/wp-json\/wp\/v2\/types\/product"}],"replies":[{"embeddable":true,"href":"https:\/\/dutchmicrodosing.com\/de\/wp-json\/wp\/v2\/comments?post=15758"}],"version-history":[{"count":0,"href":"https:\/\/dutchmicrodosing.com\/de\/wp-json\/wp\/v2\/product\/15758\/revisions"}],"wp:featuredmedia":[{"embeddable":true,"href":"https:\/\/dutchmicrodosing.com\/de\/wp-json\/wp\/v2\/media\/65118"}],"wp:attachment":[{"href":"https:\/\/dutchmicrodosing.com\/de\/wp-json\/wp\/v2\/media?parent=15758"}],"wp:term":[{"taxonomy":"product_brand","embeddable":true,"href":"https:\/\/dutchmicrodosing.com\/de\/wp-json\/wp\/v2\/product_brand?post=15758"},{"taxonomy":"product_cat","embeddable":true,"href":"https:\/\/dutchmicrodosing.com\/de\/wp-json\/wp\/v2\/product_cat?post=15758"},{"taxonomy":"product_tag","embeddable":true,"href":"https:\/\/dutchmicrodosing.com\/de\/wp-json\/wp\/v2\/product_tag?post=15758"}],"curies":[{"name":"wp","href":"https:\/\/api.w.org\/{rel}","templated":true}]}}