{"id":15765,"date":"2022-05-10T08:54:20","date_gmt":"2022-09-16T12:54:05","guid":{"rendered":"https:\/\/dutchmicrodosing.com\/shop\/unkategorisiert\/microdosing-pajaritos\/"},"modified":"2025-03-26T14:06:40","modified_gmt":"2025-03-26T13:06:40","slug":"microdosing-pajaritos","status":"publish","type":"product","link":"https:\/\/dutchmicrodosing.com\/de\/mikrodosierung\/microdosing-pajaritos\/","title":{"rendered":"Mikrodosierung Pajaritos"},"content":{"rendered":"<p>In der Welt der Mikrodosierung sind die Tr\u00fcffel von Mondo Pajaritos f\u00fcr ihre Qualit\u00e4t und Konsistenz bekannt. Unter Mikrodosierung versteht man die regelm\u00e4\u00dfige Einnahme extrem kleiner Mengen psychoaktiver Substanzen mit dem Ziel, die kognitiven Funktionen, die Kreativit\u00e4t und das allgemeine Wohlbefinden zu verbessern, ohne dabei sp\u00fcrbare psychotrope Wirkungen zu erfahren. Auf der R\u00fcckseite der Packung befinden sich 4 verschiedene Einnahmepl\u00e4ne, so dass f\u00fcr jede Person ein passendes Protokoll vorhanden ist. Die <strong>Mondo Pajaritos Mikrodosierung<\/strong> enth\u00e4lt sorgf\u00e4ltig ausgew\u00e4hlte Tr\u00fcffel von hoher Qualit\u00e4t. In der Packung sind 10 Beutel \u00e0 1 Gramm enthalten, so dass Sie genau die richtige Menge konsumieren k\u00f6nnen.<\/p>\n<h3>Vorteile der Mikrodosierung:<\/h3>\n<ul>\n<li>Weniger \u00c4ngste und Stress<\/li>\n<li>Verbesserte Konzentration und Fokussierung<\/li>\n<li>  Gesteigerte Kreativit\u00e4t<\/li>\n<li>  Andere (schlechte) Gewohnheiten aufgeben<\/li>\n<\/ul>\n<h3>Hinweise zur Lagerung<\/h3>\n<p>Lagern Sie Ihre Mondo Microdosing Tr\u00fcffel in einem K\u00fchlschrank bei einer Temperatur von 2 bis 4 Grad Celsius. Achten Sie auf das auf der Verpackung angegebene Verfallsdatum, um zu sehen, wie lange sie haltbar sind.<\/p>\n<h3>Inhalt<\/h3>\n<p>10 T\u00fctchen \u00e0 1 g vakuumverpackt.<\/p>\n<h3>WICHTIG<\/h3>\n<p>Verwenden Sie keine Mondo Microdosing Tr\u00fcffel:<\/p>\n<ul>\n<li>In Kombination mit Alkohol oder anderen Drogen<\/li>\n<li>Wenn Sie schwanger sind oder stillen<\/li>\n<li>In Kombination mit Lithiumcarbonat<\/li>\n<li>Im Falle einer geistigen oder k\u00f6rperlichen St\u00f6rung und\/oder Krankheit<\/li>\n<li>Im Falle von Farbenblindheit<\/li>\n<\/ul>\n","protected":false},"excerpt":{"rendered":"<p>In der Welt der Mikrodosierung sind die Tr\u00fcffel von Mondo Pajaritos f\u00fcr ihre Qualit\u00e4t und Konsistenz bekannt. Unter Mikrodosierung versteht man die regelm\u00e4\u00dfige Einnahme extrem kleiner Mengen psychoaktiver Substanzen mit dem Ziel, die kognitiven Funktionen, die Kreativit\u00e4t und das allgemeine Wohlbefinden zu verbessern, ohne dabei sp\u00fcrbare psychotrope Wirkungen zu erfahren. Auf der R\u00fcckseite der Packung [&hellip;]<\/p>\n","protected":false},"featured_media":13072,"comment_status":"closed","ping_status":"closed","template":"","meta":[],"product_brand":[],"product_cat":[111,317],"product_tag":[],"class_list":{"0":"post-15765","1":"product","2":"type-product","3":"status-publish","4":"has-post-thumbnail","6":"product_cat-mikrodosierung","7":"product_cat-kreativitatserganzungsmittel","9":"first","10":"outofstock","11":"taxable","12":"shipping-taxable","13":"purchasable","14":"product-type-simple"},"yoast_head":"<!-- This site is optimized with the Yoast SEO Premium plugin v26.4 (Yoast SEO v27.4) - https:\/\/yoast.com\/product\/yoast-seo-premium-wordpress\/ -->\n<title>Mikrodosierung Pajaritos - Dutchmicrodosing<\/title>\n<meta name=\"robots\" content=\"index, follow, max-snippet:-1, max-image-preview:large, max-video-preview:-1\" \/>\n<link rel=\"canonical\" href=\"https:\/\/dutchmicrodosing.com\/de\/mikrodosierung\/microdosing-pajaritos\/\" \/>\n<meta property=\"og:locale\" content=\"de_DE\" \/>\n<meta property=\"og:type\" content=\"article\" \/>\n<meta property=\"og:title\" content=\"Mikrodosierung Pajaritos\" \/>\n<meta property=\"og:description\" content=\"In der Welt der Mikrodosierung sind die Tr\u00fcffel von Mondo Pajaritos f\u00fcr ihre Qualit\u00e4t und Konsistenz bekannt. Unter Mikrodosierung versteht man die\" \/>\n<meta property=\"og:url\" content=\"https:\/\/dutchmicrodosing.com\/de\/mikrodosierung\/microdosing-pajaritos\/\" \/>\n<meta property=\"og:site_name\" content=\"Dutchmicrodosing\" \/>\n<meta property=\"article:publisher\" content=\"https:\/\/www.facebook.com\/Dutchmicrodosingxp\/\" \/>\n<meta property=\"article:modified_time\" content=\"2025-03-26T13:06:40+00:00\" \/>\n<meta property=\"og:image\" content=\"https:\/\/dutchmicrodosing.com\/wp-content\/uploads\/2022\/05\/Mondo-Microdosing-Mockup-Pajaritos.png\" \/>\n\t<meta property=\"og:image:width\" content=\"2560\" \/>\n\t<meta property=\"og:image:height\" content=\"1942\" \/>\n\t<meta property=\"og:image:type\" content=\"image\/png\" \/>\n<meta name=\"twitter:card\" content=\"summary_large_image\" \/>\n<script type=\"application\/ld+json\" class=\"yoast-schema-graph\">{\"@context\":\"https:\\\/\\\/schema.org\",\"@graph\":[{\"@type\":\"WebPage\",\"@id\":\"https:\\\/\\\/dutchmicrodosing.com\\\/de\\\/mikrodosierung\\\/microdosing-pajaritos\\\/\",\"url\":\"https:\\\/\\\/dutchmicrodosing.com\\\/de\\\/mikrodosierung\\\/microdosing-pajaritos\\\/\",\"name\":\"Mikrodosierung Pajaritos - Dutchmicrodosing\",\"isPartOf\":{\"@id\":\"https:\\\/\\\/dutchmicrodosing.com\\\/de\\\/#website\"},\"primaryImageOfPage\":{\"@id\":\"https:\\\/\\\/dutchmicrodosing.com\\\/de\\\/mikrodosierung\\\/microdosing-pajaritos\\\/#primaryimage\"},\"image\":{\"@id\":\"https:\\\/\\\/dutchmicrodosing.com\\\/de\\\/mikrodosierung\\\/microdosing-pajaritos\\\/#primaryimage\"},\"thumbnailUrl\":\"https:\\\/\\\/dutchmicrodosing.com\\\/wp-content\\\/uploads\\\/2022\\\/05\\\/Mondo-Microdosing-Mockup-Pajaritos.png\",\"datePublished\":\"2022-09-16T12:54:05+00:00\",\"dateModified\":\"2025-03-26T13:06:40+00:00\",\"breadcrumb\":{\"@id\":\"https:\\\/\\\/dutchmicrodosing.com\\\/de\\\/mikrodosierung\\\/microdosing-pajaritos\\\/#breadcrumb\"},\"inLanguage\":\"de\",\"potentialAction\":[{\"@type\":\"ReadAction\",\"target\":[\"https:\\\/\\\/dutchmicrodosing.com\\\/de\\\/mikrodosierung\\\/microdosing-pajaritos\\\/\"]}]},{\"@type\":\"ImageObject\",\"inLanguage\":\"de\",\"@id\":\"https:\\\/\\\/dutchmicrodosing.com\\\/de\\\/mikrodosierung\\\/microdosing-pajaritos\\\/#primaryimage\",\"url\":\"https:\\\/\\\/dutchmicrodosing.com\\\/wp-content\\\/uploads\\\/2022\\\/05\\\/Mondo-Microdosing-Mockup-Pajaritos.png\",\"contentUrl\":\"https:\\\/\\\/dutchmicrodosing.com\\\/wp-content\\\/uploads\\\/2022\\\/05\\\/Mondo-Microdosing-Mockup-Pajaritos.png\",\"width\":2560,\"height\":1942},{\"@type\":\"BreadcrumbList\",\"@id\":\"https:\\\/\\\/dutchmicrodosing.com\\\/de\\\/mikrodosierung\\\/microdosing-pajaritos\\\/#breadcrumb\",\"itemListElement\":[{\"@type\":\"ListItem\",\"position\":1,\"name\":\"Home\",\"item\":\"https:\\\/\\\/dutchmicrodosing.com\\\/de\\\/\"},{\"@type\":\"ListItem\",\"position\":2,\"name\":\"Shop\",\"item\":\"https:\\\/\\\/dutchmicrodosing.com\\\/de\\\/shop\\\/\"},{\"@type\":\"ListItem\",\"position\":3,\"name\":\"Mikrodosierung Pajaritos\"}]},{\"@type\":\"WebSite\",\"@id\":\"https:\\\/\\\/dutchmicrodosing.com\\\/de\\\/#website\",\"url\":\"https:\\\/\\\/dutchmicrodosing.com\\\/de\\\/\",\"name\":\"Dutchmicrodosing\",\"description\":\"\",\"publisher\":{\"@id\":\"https:\\\/\\\/dutchmicrodosing.com\\\/de\\\/#organization\"},\"potentialAction\":[{\"@type\":\"SearchAction\",\"target\":{\"@type\":\"EntryPoint\",\"urlTemplate\":\"https:\\\/\\\/dutchmicrodosing.com\\\/de\\\/?s={search_term_string}\"},\"query-input\":{\"@type\":\"PropertyValueSpecification\",\"valueRequired\":true,\"valueName\":\"search_term_string\"}}],\"inLanguage\":\"de\"},{\"@type\":\"Organization\",\"@id\":\"https:\\\/\\\/dutchmicrodosing.com\\\/de\\\/#organization\",\"name\":\"Dutchmicrodosing\",\"url\":\"https:\\\/\\\/dutchmicrodosing.com\\\/de\\\/\",\"logo\":{\"@type\":\"ImageObject\",\"inLanguage\":\"de\",\"@id\":\"https:\\\/\\\/dutchmicrodosing.com\\\/de\\\/#\\\/schema\\\/logo\\\/image\\\/\",\"url\":\"https:\\\/\\\/dutchmicrodosing.com\\\/wp-content\\\/uploads\\\/2021\\\/01\\\/microdosing-categorie-pic-nieuw.jpg\",\"contentUrl\":\"https:\\\/\\\/dutchmicrodosing.com\\\/wp-content\\\/uploads\\\/2021\\\/01\\\/microdosing-categorie-pic-nieuw.jpg\",\"width\":500,\"height\":500,\"caption\":\"Dutchmicrodosing\"},\"image\":{\"@id\":\"https:\\\/\\\/dutchmicrodosing.com\\\/de\\\/#\\\/schema\\\/logo\\\/image\\\/\"},\"sameAs\":[\"https:\\\/\\\/www.facebook.com\\\/Dutchmicrodosingxp\\\/\",\"https:\\\/\\\/www.instagram.com\\\/dutchmicrodosing\\\/\"]}]}<\/script>\n<meta property=\"product:price:amount\" content=\"14.95\" \/>\n<meta property=\"product:price:currency\" content=\"EUR\" \/>\n<meta property=\"og:availability\" content=\"out of stock\" \/>\n<meta property=\"product:availability\" content=\"out of stock\" \/>\n<meta property=\"product:retailer_item_id\" content=\"2205456\" \/>\n<meta property=\"product:condition\" content=\"new\" \/>\n<!-- \/ Yoast SEO Premium plugin. -->","yoast_head_json":{"title":"Mikrodosierung Pajaritos - Dutchmicrodosing","robots":{"index":"index","follow":"follow","max-snippet":"max-snippet:-1","max-image-preview":"max-image-preview:large","max-video-preview":"max-video-preview:-1"},"canonical":"https:\/\/dutchmicrodosing.com\/de\/mikrodosierung\/microdosing-pajaritos\/","og_locale":"de_DE","og_type":"article","og_title":"Mikrodosierung Pajaritos","og_description":"In der Welt der Mikrodosierung sind die Tr\u00fcffel von Mondo Pajaritos f\u00fcr ihre Qualit\u00e4t und Konsistenz bekannt. Unter Mikrodosierung versteht man die","og_url":"https:\/\/dutchmicrodosing.com\/de\/mikrodosierung\/microdosing-pajaritos\/","og_site_name":"Dutchmicrodosing","article_publisher":"https:\/\/www.facebook.com\/Dutchmicrodosingxp\/","article_modified_time":"2025-03-26T13:06:40+00:00","og_image":[{"width":2560,"height":1942,"url":"https:\/\/dutchmicrodosing.com\/wp-content\/uploads\/2022\/05\/Mondo-Microdosing-Mockup-Pajaritos.png","type":"image\/png"}],"twitter_card":"summary_large_image","schema":{"@context":"https:\/\/schema.org","@graph":[{"@type":"WebPage","@id":"https:\/\/dutchmicrodosing.com\/de\/mikrodosierung\/microdosing-pajaritos\/","url":"https:\/\/dutchmicrodosing.com\/de\/mikrodosierung\/microdosing-pajaritos\/","name":"Mikrodosierung Pajaritos - Dutchmicrodosing","isPartOf":{"@id":"https:\/\/dutchmicrodosing.com\/de\/#website"},"primaryImageOfPage":{"@id":"https:\/\/dutchmicrodosing.com\/de\/mikrodosierung\/microdosing-pajaritos\/#primaryimage"},"image":{"@id":"https:\/\/dutchmicrodosing.com\/de\/mikrodosierung\/microdosing-pajaritos\/#primaryimage"},"thumbnailUrl":"https:\/\/dutchmicrodosing.com\/wp-content\/uploads\/2022\/05\/Mondo-Microdosing-Mockup-Pajaritos.png","datePublished":"2022-09-16T12:54:05+00:00","dateModified":"2025-03-26T13:06:40+00:00","breadcrumb":{"@id":"https:\/\/dutchmicrodosing.com\/de\/mikrodosierung\/microdosing-pajaritos\/#breadcrumb"},"inLanguage":"de","potentialAction":[{"@type":"ReadAction","target":["https:\/\/dutchmicrodosing.com\/de\/mikrodosierung\/microdosing-pajaritos\/"]}]},{"@type":"ImageObject","inLanguage":"de","@id":"https:\/\/dutchmicrodosing.com\/de\/mikrodosierung\/microdosing-pajaritos\/#primaryimage","url":"https:\/\/dutchmicrodosing.com\/wp-content\/uploads\/2022\/05\/Mondo-Microdosing-Mockup-Pajaritos.png","contentUrl":"https:\/\/dutchmicrodosing.com\/wp-content\/uploads\/2022\/05\/Mondo-Microdosing-Mockup-Pajaritos.png","width":2560,"height":1942},{"@type":"BreadcrumbList","@id":"https:\/\/dutchmicrodosing.com\/de\/mikrodosierung\/microdosing-pajaritos\/#breadcrumb","itemListElement":[{"@type":"ListItem","position":1,"name":"Home","item":"https:\/\/dutchmicrodosing.com\/de\/"},{"@type":"ListItem","position":2,"name":"Shop","item":"https:\/\/dutchmicrodosing.com\/de\/shop\/"},{"@type":"ListItem","position":3,"name":"Mikrodosierung Pajaritos"}]},{"@type":"WebSite","@id":"https:\/\/dutchmicrodosing.com\/de\/#website","url":"https:\/\/dutchmicrodosing.com\/de\/","name":"Dutchmicrodosing","description":"","publisher":{"@id":"https:\/\/dutchmicrodosing.com\/de\/#organization"},"potentialAction":[{"@type":"SearchAction","target":{"@type":"EntryPoint","urlTemplate":"https:\/\/dutchmicrodosing.com\/de\/?s={search_term_string}"},"query-input":{"@type":"PropertyValueSpecification","valueRequired":true,"valueName":"search_term_string"}}],"inLanguage":"de"},{"@type":"Organization","@id":"https:\/\/dutchmicrodosing.com\/de\/#organization","name":"Dutchmicrodosing","url":"https:\/\/dutchmicrodosing.com\/de\/","logo":{"@type":"ImageObject","inLanguage":"de","@id":"https:\/\/dutchmicrodosing.com\/de\/#\/schema\/logo\/image\/","url":"https:\/\/dutchmicrodosing.com\/wp-content\/uploads\/2021\/01\/microdosing-categorie-pic-nieuw.jpg","contentUrl":"https:\/\/dutchmicrodosing.com\/wp-content\/uploads\/2021\/01\/microdosing-categorie-pic-nieuw.jpg","width":500,"height":500,"caption":"Dutchmicrodosing"},"image":{"@id":"https:\/\/dutchmicrodosing.com\/de\/#\/schema\/logo\/image\/"},"sameAs":["https:\/\/www.facebook.com\/Dutchmicrodosingxp\/","https:\/\/www.instagram.com\/dutchmicrodosing\/"]}]},"product_price_amount":"14.95","product_price_currency":"EUR","og_availability":"out of stock","product_availability":"out of stock","product_retailer_item_id":"2205456","product_condition":"new"},"_links":{"self":[{"href":"https:\/\/dutchmicrodosing.com\/de\/wp-json\/wp\/v2\/product\/15765","targetHints":{"allow":["GET"]}}],"collection":[{"href":"https:\/\/dutchmicrodosing.com\/de\/wp-json\/wp\/v2\/product"}],"about":[{"href":"https:\/\/dutchmicrodosing.com\/de\/wp-json\/wp\/v2\/types\/product"}],"replies":[{"embeddable":true,"href":"https:\/\/dutchmicrodosing.com\/de\/wp-json\/wp\/v2\/comments?post=15765"}],"version-history":[{"count":0,"href":"https:\/\/dutchmicrodosing.com\/de\/wp-json\/wp\/v2\/product\/15765\/revisions"}],"wp:featuredmedia":[{"embeddable":true,"href":"https:\/\/dutchmicrodosing.com\/de\/wp-json\/wp\/v2\/media\/13072"}],"wp:attachment":[{"href":"https:\/\/dutchmicrodosing.com\/de\/wp-json\/wp\/v2\/media?parent=15765"}],"wp:term":[{"taxonomy":"product_brand","embeddable":true,"href":"https:\/\/dutchmicrodosing.com\/de\/wp-json\/wp\/v2\/product_brand?post=15765"},{"taxonomy":"product_cat","embeddable":true,"href":"https:\/\/dutchmicrodosing.com\/de\/wp-json\/wp\/v2\/product_cat?post=15765"},{"taxonomy":"product_tag","embeddable":true,"href":"https:\/\/dutchmicrodosing.com\/de\/wp-json\/wp\/v2\/product_tag?post=15765"}],"curies":[{"name":"wp","href":"https:\/\/api.w.org\/{rel}","templated":true}]}}