{"id":15770,"date":"2022-04-22T12:11:34","date_gmt":"2022-04-22T10:11:34","guid":{"rendered":"https:\/\/dutchmicrodosing.com\/shop\/unkategorisiert\/reishi-extrakt-30ml\/"},"modified":"2025-10-31T00:24:58","modified_gmt":"2025-10-30T23:24:58","slug":"reishi-extrakt-30ml","status":"publish","type":"product","link":"https:\/\/dutchmicrodosing.com\/de\/medizinische-pilze\/reishi-extrakt-30ml\/","title":{"rendered":"Reishi-Extrakt 30ml"},"content":{"rendered":"<p>Der Heilpilz Reishi wird auch als Pilz der Unsterblichkeit bezeichnet und wird seit \u00fcber 2.000 Jahren in der chinesischen Medizin verwendet. Damals wurde dem Reishi-Pilz eine Anti-Aging-Wirkung zugeschrieben und er galt daher auch als Gl\u00fcckssymbol. Dieser Extrakt wird daher als Auszug aus den Fruchtk\u00f6rpern des Heilpilzes der Unsterblichkeit hergestellt. Die Konzentration im Extrakt ist mit einem Verh\u00e4ltnis von bis zu 8:1 besonders hoch. Foodspores hat daher diesen Extrakt als Erg\u00e4nzung zur t\u00e4glichen polysaccharidreichen Ern\u00e4hrung entwickelt.<\/p>\n<h2>Inhaltsstoffe<\/h2>\n<p>Pro 10 Tropfen:<\/p>\n<ul>\n<li>Reishi 500mg<\/li>\n<li>Vitamin B6 225\u03bcg<\/li>\n<li>Alkohol<\/li>\n<\/ul>\n<h2>Verwenden Sie<\/h2>\n<p>Nur f\u00fcr Erwachsene geeignet. Nehmen Sie nicht mehr als 3 x 10 Tropfen pro Tag ein.<\/p>\n<h2>M\u00f6gliche Auswirkungen<\/h2>\n<ul>\n<li>Positiver Zusatz tbv. guter Widerstand<\/li>\n<li>Unterst\u00fctzung des Immunsystems<\/li>\n<li>Aktiviert und reguliert die nat\u00fcrliche Energie des K\u00f6rpers<\/li>\n<li>Unterst\u00fctzt und hilft bei der Produktion von roten Blutk\u00f6rperchen<\/li>\n<li>Zur Aufrechterhaltung eines normalen Homocysteinstoffwechsels<\/li>\n<\/ul>\n<h2>Hinweise zur Lagerung<\/h2>\n<p>Lagern Sie dieses Produkt an einem k\u00fchlen und dunklen Ort (15\u00b0C &#8211; 20\u00b0C), z.B. in einem K\u00fcchenschrank und au\u00dferhalb der Reichweite von Kindern.<\/p>\n<h2>Inhalt<\/h2>\n<p>Reishi-Pilz-Extrakt (Lebensmittelsporen) &#8211; 30ml.<\/p>\n<h2>Achtung!<\/h2>\n<p>Dieses Nahrungserg\u00e4nzungsmittel ist nicht f\u00fcr Kinder unter 10 Jahren geeignet (gesetzlich vorgeschriebener Hinweis f\u00fcr Produkte mit mehr als 5 mg Vitamin B6 pro Tagesdosis). Bei langfristiger t\u00e4glicher Einnahme dieser Menge an Vitamin B6 kann es zu einem leichten Kribbeln oder Taubheitsgef\u00fchl in den Gliedma\u00dfen kommen.<\/p>\n","protected":false},"excerpt":{"rendered":"<p>Der Heilpilz Reishi wird auch als Pilz der Unsterblichkeit bezeichnet und wird seit \u00fcber 2.000 Jahren in der chinesischen Medizin verwendet. Damals wurde dem Reishi-Pilz eine Anti-Aging-Wirkung zugeschrieben und er galt daher auch als Gl\u00fcckssymbol. Dieser Extrakt wird daher als Auszug aus den Fruchtk\u00f6rpern des Heilpilzes der Unsterblichkeit hergestellt. Die Konzentration im Extrakt ist mit [&hellip;]<\/p>\n","protected":false},"featured_media":12863,"comment_status":"closed","ping_status":"closed","template":"","meta":[],"product_brand":[],"product_cat":[114,292,293],"product_tag":[],"class_list":{"0":"post-15770","1":"product","2":"type-product","3":"status-publish","4":"has-post-thumbnail","6":"product_cat-medizinische-pilze","7":"product_cat-energie-erganzungen","8":"product_cat-erganzungen-fur-das-immunsystem","10":"first","11":"instock","12":"taxable","13":"shipping-taxable","14":"purchasable","15":"product-type-simple"},"yoast_head":"<!-- This site is optimized with the Yoast SEO Premium plugin v26.4 (Yoast SEO v27.4) - https:\/\/yoast.com\/product\/yoast-seo-premium-wordpress\/ -->\n<title>Reishi-Extrakt 30ml - Dutchmicrodosing<\/title>\n<meta name=\"robots\" content=\"index, follow, max-snippet:-1, max-image-preview:large, max-video-preview:-1\" \/>\n<link rel=\"canonical\" href=\"https:\/\/dutchmicrodosing.com\/de\/medizinische-pilze\/reishi-extrakt-30ml\/\" \/>\n<meta property=\"og:locale\" content=\"de_DE\" \/>\n<meta property=\"og:type\" content=\"article\" \/>\n<meta property=\"og:title\" content=\"Reishi-Extrakt 30ml\" \/>\n<meta property=\"og:description\" content=\"Der Heilpilz Reishi wird auch als Pilz der Unsterblichkeit bezeichnet und wird seit \u00fcber 2.000 Jahren in der chinesischen Medizin verwendet. Damals wurde\" \/>\n<meta property=\"og:url\" content=\"https:\/\/dutchmicrodosing.com\/de\/medizinische-pilze\/reishi-extrakt-30ml\/\" \/>\n<meta property=\"og:site_name\" content=\"Dutchmicrodosing\" \/>\n<meta property=\"article:publisher\" content=\"https:\/\/www.facebook.com\/Dutchmicrodosingxp\/\" \/>\n<meta property=\"article:modified_time\" content=\"2025-10-30T23:24:58+00:00\" \/>\n<meta property=\"og:image\" content=\"https:\/\/dutchmicrodosing.com\/wp-content\/uploads\/2022\/04\/Foodsporen_DropperBox_Reishi_WhiteBG_Square-600x601-1.jpg\" \/>\n\t<meta property=\"og:image:width\" content=\"600\" \/>\n\t<meta property=\"og:image:height\" content=\"601\" \/>\n\t<meta property=\"og:image:type\" content=\"image\/jpeg\" \/>\n<meta name=\"twitter:card\" content=\"summary_large_image\" \/>\n<script type=\"application\/ld+json\" class=\"yoast-schema-graph\">{\"@context\":\"https:\\\/\\\/schema.org\",\"@graph\":[{\"@type\":\"WebPage\",\"@id\":\"https:\\\/\\\/dutchmicrodosing.com\\\/de\\\/medizinische-pilze\\\/reishi-extrakt-30ml\\\/\",\"url\":\"https:\\\/\\\/dutchmicrodosing.com\\\/de\\\/medizinische-pilze\\\/reishi-extrakt-30ml\\\/\",\"name\":\"Reishi-Extrakt 30ml - Dutchmicrodosing\",\"isPartOf\":{\"@id\":\"https:\\\/\\\/dutchmicrodosing.com\\\/de\\\/#website\"},\"primaryImageOfPage\":{\"@id\":\"https:\\\/\\\/dutchmicrodosing.com\\\/de\\\/medizinische-pilze\\\/reishi-extrakt-30ml\\\/#primaryimage\"},\"image\":{\"@id\":\"https:\\\/\\\/dutchmicrodosing.com\\\/de\\\/medizinische-pilze\\\/reishi-extrakt-30ml\\\/#primaryimage\"},\"thumbnailUrl\":\"https:\\\/\\\/dutchmicrodosing.com\\\/wp-content\\\/uploads\\\/2022\\\/04\\\/Foodsporen_DropperBox_Reishi_WhiteBG_Square-600x601-1.jpg\",\"datePublished\":\"2022-04-22T10:11:34+00:00\",\"dateModified\":\"2025-10-30T23:24:58+00:00\",\"breadcrumb\":{\"@id\":\"https:\\\/\\\/dutchmicrodosing.com\\\/de\\\/medizinische-pilze\\\/reishi-extrakt-30ml\\\/#breadcrumb\"},\"inLanguage\":\"de\",\"potentialAction\":[{\"@type\":\"ReadAction\",\"target\":[\"https:\\\/\\\/dutchmicrodosing.com\\\/de\\\/medizinische-pilze\\\/reishi-extrakt-30ml\\\/\"]}]},{\"@type\":\"ImageObject\",\"inLanguage\":\"de\",\"@id\":\"https:\\\/\\\/dutchmicrodosing.com\\\/de\\\/medizinische-pilze\\\/reishi-extrakt-30ml\\\/#primaryimage\",\"url\":\"https:\\\/\\\/dutchmicrodosing.com\\\/wp-content\\\/uploads\\\/2022\\\/04\\\/Foodsporen_DropperBox_Reishi_WhiteBG_Square-600x601-1.jpg\",\"contentUrl\":\"https:\\\/\\\/dutchmicrodosing.com\\\/wp-content\\\/uploads\\\/2022\\\/04\\\/Foodsporen_DropperBox_Reishi_WhiteBG_Square-600x601-1.jpg\",\"width\":600,\"height\":601},{\"@type\":\"BreadcrumbList\",\"@id\":\"https:\\\/\\\/dutchmicrodosing.com\\\/de\\\/medizinische-pilze\\\/reishi-extrakt-30ml\\\/#breadcrumb\",\"itemListElement\":[{\"@type\":\"ListItem\",\"position\":1,\"name\":\"Home\",\"item\":\"https:\\\/\\\/dutchmicrodosing.com\\\/de\\\/\"},{\"@type\":\"ListItem\",\"position\":2,\"name\":\"Shop\",\"item\":\"https:\\\/\\\/dutchmicrodosing.com\\\/de\\\/shop\\\/\"},{\"@type\":\"ListItem\",\"position\":3,\"name\":\"Reishi-Extrakt 30ml\"}]},{\"@type\":\"WebSite\",\"@id\":\"https:\\\/\\\/dutchmicrodosing.com\\\/de\\\/#website\",\"url\":\"https:\\\/\\\/dutchmicrodosing.com\\\/de\\\/\",\"name\":\"Dutchmicrodosing\",\"description\":\"\",\"publisher\":{\"@id\":\"https:\\\/\\\/dutchmicrodosing.com\\\/de\\\/#organization\"},\"potentialAction\":[{\"@type\":\"SearchAction\",\"target\":{\"@type\":\"EntryPoint\",\"urlTemplate\":\"https:\\\/\\\/dutchmicrodosing.com\\\/de\\\/?s={search_term_string}\"},\"query-input\":{\"@type\":\"PropertyValueSpecification\",\"valueRequired\":true,\"valueName\":\"search_term_string\"}}],\"inLanguage\":\"de\"},{\"@type\":\"Organization\",\"@id\":\"https:\\\/\\\/dutchmicrodosing.com\\\/de\\\/#organization\",\"name\":\"Dutchmicrodosing\",\"url\":\"https:\\\/\\\/dutchmicrodosing.com\\\/de\\\/\",\"logo\":{\"@type\":\"ImageObject\",\"inLanguage\":\"de\",\"@id\":\"https:\\\/\\\/dutchmicrodosing.com\\\/de\\\/#\\\/schema\\\/logo\\\/image\\\/\",\"url\":\"https:\\\/\\\/dutchmicrodosing.com\\\/wp-content\\\/uploads\\\/2021\\\/01\\\/microdosing-categorie-pic-nieuw.jpg\",\"contentUrl\":\"https:\\\/\\\/dutchmicrodosing.com\\\/wp-content\\\/uploads\\\/2021\\\/01\\\/microdosing-categorie-pic-nieuw.jpg\",\"width\":500,\"height\":500,\"caption\":\"Dutchmicrodosing\"},\"image\":{\"@id\":\"https:\\\/\\\/dutchmicrodosing.com\\\/de\\\/#\\\/schema\\\/logo\\\/image\\\/\"},\"sameAs\":[\"https:\\\/\\\/www.facebook.com\\\/Dutchmicrodosingxp\\\/\",\"https:\\\/\\\/www.instagram.com\\\/dutchmicrodosing\\\/\"]}]}<\/script>\n<meta property=\"product:price:amount\" content=\"29.50\" \/>\n<meta property=\"product:price:currency\" content=\"EUR\" \/>\n<meta property=\"og:availability\" content=\"instock\" \/>\n<meta property=\"product:availability\" content=\"instock\" \/>\n<meta property=\"product:retailer_item_id\" content=\"1203275\" \/>\n<meta property=\"product:condition\" content=\"new\" \/>\n<!-- \/ Yoast SEO Premium plugin. -->","yoast_head_json":{"title":"Reishi-Extrakt 30ml - Dutchmicrodosing","robots":{"index":"index","follow":"follow","max-snippet":"max-snippet:-1","max-image-preview":"max-image-preview:large","max-video-preview":"max-video-preview:-1"},"canonical":"https:\/\/dutchmicrodosing.com\/de\/medizinische-pilze\/reishi-extrakt-30ml\/","og_locale":"de_DE","og_type":"article","og_title":"Reishi-Extrakt 30ml","og_description":"Der Heilpilz Reishi wird auch als Pilz der Unsterblichkeit bezeichnet und wird seit \u00fcber 2.000 Jahren in der chinesischen Medizin verwendet. Damals wurde","og_url":"https:\/\/dutchmicrodosing.com\/de\/medizinische-pilze\/reishi-extrakt-30ml\/","og_site_name":"Dutchmicrodosing","article_publisher":"https:\/\/www.facebook.com\/Dutchmicrodosingxp\/","article_modified_time":"2025-10-30T23:24:58+00:00","og_image":[{"width":600,"height":601,"url":"https:\/\/dutchmicrodosing.com\/wp-content\/uploads\/2022\/04\/Foodsporen_DropperBox_Reishi_WhiteBG_Square-600x601-1.jpg","type":"image\/jpeg"}],"twitter_card":"summary_large_image","schema":{"@context":"https:\/\/schema.org","@graph":[{"@type":"WebPage","@id":"https:\/\/dutchmicrodosing.com\/de\/medizinische-pilze\/reishi-extrakt-30ml\/","url":"https:\/\/dutchmicrodosing.com\/de\/medizinische-pilze\/reishi-extrakt-30ml\/","name":"Reishi-Extrakt 30ml - Dutchmicrodosing","isPartOf":{"@id":"https:\/\/dutchmicrodosing.com\/de\/#website"},"primaryImageOfPage":{"@id":"https:\/\/dutchmicrodosing.com\/de\/medizinische-pilze\/reishi-extrakt-30ml\/#primaryimage"},"image":{"@id":"https:\/\/dutchmicrodosing.com\/de\/medizinische-pilze\/reishi-extrakt-30ml\/#primaryimage"},"thumbnailUrl":"https:\/\/dutchmicrodosing.com\/wp-content\/uploads\/2022\/04\/Foodsporen_DropperBox_Reishi_WhiteBG_Square-600x601-1.jpg","datePublished":"2022-04-22T10:11:34+00:00","dateModified":"2025-10-30T23:24:58+00:00","breadcrumb":{"@id":"https:\/\/dutchmicrodosing.com\/de\/medizinische-pilze\/reishi-extrakt-30ml\/#breadcrumb"},"inLanguage":"de","potentialAction":[{"@type":"ReadAction","target":["https:\/\/dutchmicrodosing.com\/de\/medizinische-pilze\/reishi-extrakt-30ml\/"]}]},{"@type":"ImageObject","inLanguage":"de","@id":"https:\/\/dutchmicrodosing.com\/de\/medizinische-pilze\/reishi-extrakt-30ml\/#primaryimage","url":"https:\/\/dutchmicrodosing.com\/wp-content\/uploads\/2022\/04\/Foodsporen_DropperBox_Reishi_WhiteBG_Square-600x601-1.jpg","contentUrl":"https:\/\/dutchmicrodosing.com\/wp-content\/uploads\/2022\/04\/Foodsporen_DropperBox_Reishi_WhiteBG_Square-600x601-1.jpg","width":600,"height":601},{"@type":"BreadcrumbList","@id":"https:\/\/dutchmicrodosing.com\/de\/medizinische-pilze\/reishi-extrakt-30ml\/#breadcrumb","itemListElement":[{"@type":"ListItem","position":1,"name":"Home","item":"https:\/\/dutchmicrodosing.com\/de\/"},{"@type":"ListItem","position":2,"name":"Shop","item":"https:\/\/dutchmicrodosing.com\/de\/shop\/"},{"@type":"ListItem","position":3,"name":"Reishi-Extrakt 30ml"}]},{"@type":"WebSite","@id":"https:\/\/dutchmicrodosing.com\/de\/#website","url":"https:\/\/dutchmicrodosing.com\/de\/","name":"Dutchmicrodosing","description":"","publisher":{"@id":"https:\/\/dutchmicrodosing.com\/de\/#organization"},"potentialAction":[{"@type":"SearchAction","target":{"@type":"EntryPoint","urlTemplate":"https:\/\/dutchmicrodosing.com\/de\/?s={search_term_string}"},"query-input":{"@type":"PropertyValueSpecification","valueRequired":true,"valueName":"search_term_string"}}],"inLanguage":"de"},{"@type":"Organization","@id":"https:\/\/dutchmicrodosing.com\/de\/#organization","name":"Dutchmicrodosing","url":"https:\/\/dutchmicrodosing.com\/de\/","logo":{"@type":"ImageObject","inLanguage":"de","@id":"https:\/\/dutchmicrodosing.com\/de\/#\/schema\/logo\/image\/","url":"https:\/\/dutchmicrodosing.com\/wp-content\/uploads\/2021\/01\/microdosing-categorie-pic-nieuw.jpg","contentUrl":"https:\/\/dutchmicrodosing.com\/wp-content\/uploads\/2021\/01\/microdosing-categorie-pic-nieuw.jpg","width":500,"height":500,"caption":"Dutchmicrodosing"},"image":{"@id":"https:\/\/dutchmicrodosing.com\/de\/#\/schema\/logo\/image\/"},"sameAs":["https:\/\/www.facebook.com\/Dutchmicrodosingxp\/","https:\/\/www.instagram.com\/dutchmicrodosing\/"]}]},"product_price_amount":"29.50","product_price_currency":"EUR","og_availability":"instock","product_availability":"instock","product_retailer_item_id":"1203275","product_condition":"new"},"_links":{"self":[{"href":"https:\/\/dutchmicrodosing.com\/de\/wp-json\/wp\/v2\/product\/15770","targetHints":{"allow":["GET"]}}],"collection":[{"href":"https:\/\/dutchmicrodosing.com\/de\/wp-json\/wp\/v2\/product"}],"about":[{"href":"https:\/\/dutchmicrodosing.com\/de\/wp-json\/wp\/v2\/types\/product"}],"replies":[{"embeddable":true,"href":"https:\/\/dutchmicrodosing.com\/de\/wp-json\/wp\/v2\/comments?post=15770"}],"version-history":[{"count":1,"href":"https:\/\/dutchmicrodosing.com\/de\/wp-json\/wp\/v2\/product\/15770\/revisions"}],"predecessor-version":[{"id":59420,"href":"https:\/\/dutchmicrodosing.com\/de\/wp-json\/wp\/v2\/product\/15770\/revisions\/59420"}],"wp:featuredmedia":[{"embeddable":true,"href":"https:\/\/dutchmicrodosing.com\/de\/wp-json\/wp\/v2\/media\/12863"}],"wp:attachment":[{"href":"https:\/\/dutchmicrodosing.com\/de\/wp-json\/wp\/v2\/media?parent=15770"}],"wp:term":[{"taxonomy":"product_brand","embeddable":true,"href":"https:\/\/dutchmicrodosing.com\/de\/wp-json\/wp\/v2\/product_brand?post=15770"},{"taxonomy":"product_cat","embeddable":true,"href":"https:\/\/dutchmicrodosing.com\/de\/wp-json\/wp\/v2\/product_cat?post=15770"},{"taxonomy":"product_tag","embeddable":true,"href":"https:\/\/dutchmicrodosing.com\/de\/wp-json\/wp\/v2\/product_tag?post=15770"}],"curies":[{"name":"wp","href":"https:\/\/api.w.org\/{rel}","templated":true}]}}