{"id":15771,"date":"2022-04-22T12:07:34","date_gmt":"2022-04-22T10:07:34","guid":{"rendered":"https:\/\/dutchmicrodosing.com\/shop\/unkategorisiert\/loewenzahn-extrakt-30ml\/"},"modified":"2025-10-29T22:04:44","modified_gmt":"2025-10-29T21:04:44","slug":"loewenzahn-extrakt-30ml","status":"publish","type":"product","link":"https:\/\/dutchmicrodosing.com\/de\/medizinische-pilze\/loewenzahn-extrakt-30ml\/","title":{"rendered":"L\u00f6wenm\u00e4hne-Extrakt 30ml"},"content":{"rendered":"<p>Die L\u00f6wenm\u00e4hne, die auch als Per\u00fcckenpilz bekannt ist, ist ein Heilpilz mit einem einzigartigen Aussehen! Schlie\u00dflich sieht sie aus wie die M\u00e4hne eines L\u00f6wen. Der Heilpilz ist in der buddhistischen Medizin sehr wichtig. Auch in Japan wird dieser Pilz seit Jahrhunderten verwendet. Es stimuliert m\u00f6glicherweise die Produktion von Neurotrophinen, die zum Schutz der Nervenzellen beitragen. Die L\u00f6wenm\u00e4hne von Foodspores ist stark und konzentriert, um die beste Wirkung zu erzielen.<\/p>\n<h2>Inhaltsstoffe<\/h2>\n<p>Pro 10 Tropfen:<\/p>\n<ul>\n<li>L\u00f6wenm\u00e4hne 500mg<\/li>\n<li>Vitamin B6 225\u03bcg<\/li>\n<li>Alkohol<\/li>\n<\/ul>\n<h2>Verwenden Sie<\/h2>\n<p>Nur f\u00fcr Erwachsene geeignet. Nehmen Sie nicht mehr als 3 x 10 Tropfen pro Tag ein.<\/p>\n<h2>M\u00f6gliche Auswirkungen<\/h2>\n<ul>\n<li>Als Neutrophin-Stimulans<\/li>\n<li>Sch\u00fctzt die Nervenzellen<\/li>\n<li>Eine m\u00f6gliche positive Auswirkung auf die Kontrolle der Diabetes-Symptome<\/li>\n<\/ul>\n<h2>Hinweise zur Lagerung<\/h2>\n<p>Lagern Sie dieses Produkt an einem k\u00fchlen und dunklen Ort (15\u00b0C &#8211; 20\u00b0C), z.B. in einem K\u00fcchenschrank und au\u00dferhalb der Reichweite von Kindern.<\/p>\n<h2>Inhalt<\/h2>\n<p>Extrakt aus L\u00f6wenm\u00e4hnepilzen (Lebensmittelsporen) &#8211; 30ml.<\/p>\n<h2>Achtung!<\/h2>\n<p>Dieses Nahrungserg\u00e4nzungsmittel ist nicht f\u00fcr Kinder unter 10 Jahren geeignet (gesetzlich vorgeschriebener Hinweis f\u00fcr Produkte mit mehr als 5 mg Vitamin B6 pro Tagesdosis). Bei langfristiger t\u00e4glicher Einnahme dieser Menge an Vitamin B6 kann es zu einem leichten Kribbeln oder Taubheitsgef\u00fchl in den Gliedma\u00dfen kommen.<\/p>\n","protected":false},"excerpt":{"rendered":"<p>Die L\u00f6wenm\u00e4hne, die auch als Per\u00fcckenpilz bekannt ist, ist ein Heilpilz mit einem einzigartigen Aussehen! Schlie\u00dflich sieht sie aus wie die M\u00e4hne eines L\u00f6wen. Der Heilpilz ist in der buddhistischen Medizin sehr wichtig. Auch in Japan wird dieser Pilz seit Jahrhunderten verwendet. Es stimuliert m\u00f6glicherweise die Produktion von Neurotrophinen, die zum Schutz der Nervenzellen beitragen. [&hellip;]<\/p>\n","protected":false},"featured_media":12850,"comment_status":"closed","ping_status":"closed","template":"","meta":[],"product_brand":[],"product_cat":[114,293],"product_tag":[],"class_list":{"0":"post-15771","1":"product","2":"type-product","3":"status-publish","4":"has-post-thumbnail","6":"product_cat-medizinische-pilze","7":"product_cat-erganzungen-fur-das-immunsystem","9":"first","10":"instock","11":"taxable","12":"shipping-taxable","13":"purchasable","14":"product-type-simple"},"yoast_head":"<!-- This site is optimized with the Yoast SEO Premium plugin v26.4 (Yoast SEO v27.2) - https:\/\/yoast.com\/product\/yoast-seo-premium-wordpress\/ -->\n<title>L\u00f6wenm\u00e4hne-Extrakt 30ml - Dutchmicrodosing<\/title>\n<meta name=\"robots\" content=\"index, follow, max-snippet:-1, max-image-preview:large, max-video-preview:-1\" \/>\n<link rel=\"canonical\" href=\"https:\/\/dutchmicrodosing.com\/de\/medizinische-pilze\/loewenzahn-extrakt-30ml\/\" \/>\n<meta property=\"og:locale\" content=\"de_DE\" \/>\n<meta property=\"og:type\" content=\"article\" \/>\n<meta property=\"og:title\" content=\"L\u00f6wenm\u00e4hne-Extrakt 30ml\" \/>\n<meta property=\"og:description\" content=\"Die L\u00f6wenm\u00e4hne, die auch als Per\u00fcckenpilz bekannt ist, ist ein Heilpilz mit einem einzigartigen Aussehen! Schlie\u00dflich sieht sie aus wie die M\u00e4hne eines\" \/>\n<meta property=\"og:url\" content=\"https:\/\/dutchmicrodosing.com\/de\/medizinische-pilze\/loewenzahn-extrakt-30ml\/\" \/>\n<meta property=\"og:site_name\" content=\"Dutchmicrodosing\" \/>\n<meta property=\"article:publisher\" content=\"https:\/\/www.facebook.com\/Dutchmicrodosingxp\/\" \/>\n<meta property=\"article:modified_time\" content=\"2025-10-29T21:04:44+00:00\" \/>\n<meta property=\"og:image\" content=\"https:\/\/dutchmicrodosing.com\/wp-content\/uploads\/2022\/04\/Foodsporen_DropperBox_LionsMane_WhiteBG_Square-600x601-1.jpg\" \/>\n\t<meta property=\"og:image:width\" content=\"600\" \/>\n\t<meta property=\"og:image:height\" content=\"601\" \/>\n\t<meta property=\"og:image:type\" content=\"image\/jpeg\" \/>\n<meta name=\"twitter:card\" content=\"summary_large_image\" \/>\n<script type=\"application\/ld+json\" class=\"yoast-schema-graph\">{\"@context\":\"https:\/\/schema.org\",\"@graph\":[{\"@type\":\"WebPage\",\"@id\":\"https:\/\/dutchmicrodosing.com\/de\/medizinische-pilze\/loewenzahn-extrakt-30ml\/\",\"url\":\"https:\/\/dutchmicrodosing.com\/de\/medizinische-pilze\/loewenzahn-extrakt-30ml\/\",\"name\":\"L\u00f6wenm\u00e4hne-Extrakt 30ml - Dutchmicrodosing\",\"isPartOf\":{\"@id\":\"https:\/\/dutchmicrodosing.com\/de\/#website\"},\"primaryImageOfPage\":{\"@id\":\"https:\/\/dutchmicrodosing.com\/de\/medizinische-pilze\/loewenzahn-extrakt-30ml\/#primaryimage\"},\"image\":{\"@id\":\"https:\/\/dutchmicrodosing.com\/de\/medizinische-pilze\/loewenzahn-extrakt-30ml\/#primaryimage\"},\"thumbnailUrl\":\"https:\/\/dutchmicrodosing.com\/wp-content\/uploads\/2022\/04\/Foodsporen_DropperBox_LionsMane_WhiteBG_Square-600x601-1.jpg\",\"datePublished\":\"2022-04-22T10:07:34+00:00\",\"dateModified\":\"2025-10-29T21:04:44+00:00\",\"breadcrumb\":{\"@id\":\"https:\/\/dutchmicrodosing.com\/de\/medizinische-pilze\/loewenzahn-extrakt-30ml\/#breadcrumb\"},\"inLanguage\":\"de\",\"potentialAction\":[{\"@type\":\"ReadAction\",\"target\":[\"https:\/\/dutchmicrodosing.com\/de\/medizinische-pilze\/loewenzahn-extrakt-30ml\/\"]}]},{\"@type\":\"ImageObject\",\"inLanguage\":\"de\",\"@id\":\"https:\/\/dutchmicrodosing.com\/de\/medizinische-pilze\/loewenzahn-extrakt-30ml\/#primaryimage\",\"url\":\"https:\/\/dutchmicrodosing.com\/wp-content\/uploads\/2022\/04\/Foodsporen_DropperBox_LionsMane_WhiteBG_Square-600x601-1.jpg\",\"contentUrl\":\"https:\/\/dutchmicrodosing.com\/wp-content\/uploads\/2022\/04\/Foodsporen_DropperBox_LionsMane_WhiteBG_Square-600x601-1.jpg\",\"width\":600,\"height\":601},{\"@type\":\"BreadcrumbList\",\"@id\":\"https:\/\/dutchmicrodosing.com\/de\/medizinische-pilze\/loewenzahn-extrakt-30ml\/#breadcrumb\",\"itemListElement\":[{\"@type\":\"ListItem\",\"position\":1,\"name\":\"Home\",\"item\":\"https:\/\/dutchmicrodosing.com\/de\/\"},{\"@type\":\"ListItem\",\"position\":2,\"name\":\"Shop\",\"item\":\"https:\/\/dutchmicrodosing.com\/de\/shop\/\"},{\"@type\":\"ListItem\",\"position\":3,\"name\":\"L\u00f6wenm\u00e4hne-Extrakt 30ml\"}]},{\"@type\":\"WebSite\",\"@id\":\"https:\/\/dutchmicrodosing.com\/de\/#website\",\"url\":\"https:\/\/dutchmicrodosing.com\/de\/\",\"name\":\"Dutchmicrodosing\",\"description\":\"\",\"publisher\":{\"@id\":\"https:\/\/dutchmicrodosing.com\/de\/#organization\"},\"potentialAction\":[{\"@type\":\"SearchAction\",\"target\":{\"@type\":\"EntryPoint\",\"urlTemplate\":\"https:\/\/dutchmicrodosing.com\/de\/?s={search_term_string}\"},\"query-input\":{\"@type\":\"PropertyValueSpecification\",\"valueRequired\":true,\"valueName\":\"search_term_string\"}}],\"inLanguage\":\"de\"},{\"@type\":\"Organization\",\"@id\":\"https:\/\/dutchmicrodosing.com\/de\/#organization\",\"name\":\"Dutchmicrodosing\",\"url\":\"https:\/\/dutchmicrodosing.com\/de\/\",\"logo\":{\"@type\":\"ImageObject\",\"inLanguage\":\"de\",\"@id\":\"https:\/\/dutchmicrodosing.com\/de\/#\/schema\/logo\/image\/\",\"url\":\"https:\/\/dutchmicrodosing.com\/wp-content\/uploads\/2021\/01\/microdosing-categorie-pic-nieuw.jpg\",\"contentUrl\":\"https:\/\/dutchmicrodosing.com\/wp-content\/uploads\/2021\/01\/microdosing-categorie-pic-nieuw.jpg\",\"width\":500,\"height\":500,\"caption\":\"Dutchmicrodosing\"},\"image\":{\"@id\":\"https:\/\/dutchmicrodosing.com\/de\/#\/schema\/logo\/image\/\"},\"sameAs\":[\"https:\/\/www.facebook.com\/Dutchmicrodosingxp\/\",\"https:\/\/www.instagram.com\/dutchmicrodosing\/\"]}]}<\/script>\n<meta property=\"product:price:amount\" content=\"29.50\" \/>\n<meta property=\"product:price:currency\" content=\"EUR\" \/>\n<meta property=\"og:availability\" content=\"instock\" \/>\n<meta property=\"product:availability\" content=\"instock\" \/>\n<meta property=\"product:retailer_item_id\" content=\"1203633\" \/>\n<meta property=\"product:condition\" content=\"new\" \/>\n<!-- \/ Yoast SEO Premium plugin. -->","yoast_head_json":{"title":"L\u00f6wenm\u00e4hne-Extrakt 30ml - Dutchmicrodosing","robots":{"index":"index","follow":"follow","max-snippet":"max-snippet:-1","max-image-preview":"max-image-preview:large","max-video-preview":"max-video-preview:-1"},"canonical":"https:\/\/dutchmicrodosing.com\/de\/medizinische-pilze\/loewenzahn-extrakt-30ml\/","og_locale":"de_DE","og_type":"article","og_title":"L\u00f6wenm\u00e4hne-Extrakt 30ml","og_description":"Die L\u00f6wenm\u00e4hne, die auch als Per\u00fcckenpilz bekannt ist, ist ein Heilpilz mit einem einzigartigen Aussehen! Schlie\u00dflich sieht sie aus wie die M\u00e4hne eines","og_url":"https:\/\/dutchmicrodosing.com\/de\/medizinische-pilze\/loewenzahn-extrakt-30ml\/","og_site_name":"Dutchmicrodosing","article_publisher":"https:\/\/www.facebook.com\/Dutchmicrodosingxp\/","article_modified_time":"2025-10-29T21:04:44+00:00","og_image":[{"width":600,"height":601,"url":"https:\/\/dutchmicrodosing.com\/wp-content\/uploads\/2022\/04\/Foodsporen_DropperBox_LionsMane_WhiteBG_Square-600x601-1.jpg","type":"image\/jpeg"}],"twitter_card":"summary_large_image","schema":{"@context":"https:\/\/schema.org","@graph":[{"@type":"WebPage","@id":"https:\/\/dutchmicrodosing.com\/de\/medizinische-pilze\/loewenzahn-extrakt-30ml\/","url":"https:\/\/dutchmicrodosing.com\/de\/medizinische-pilze\/loewenzahn-extrakt-30ml\/","name":"L\u00f6wenm\u00e4hne-Extrakt 30ml - Dutchmicrodosing","isPartOf":{"@id":"https:\/\/dutchmicrodosing.com\/de\/#website"},"primaryImageOfPage":{"@id":"https:\/\/dutchmicrodosing.com\/de\/medizinische-pilze\/loewenzahn-extrakt-30ml\/#primaryimage"},"image":{"@id":"https:\/\/dutchmicrodosing.com\/de\/medizinische-pilze\/loewenzahn-extrakt-30ml\/#primaryimage"},"thumbnailUrl":"https:\/\/dutchmicrodosing.com\/wp-content\/uploads\/2022\/04\/Foodsporen_DropperBox_LionsMane_WhiteBG_Square-600x601-1.jpg","datePublished":"2022-04-22T10:07:34+00:00","dateModified":"2025-10-29T21:04:44+00:00","breadcrumb":{"@id":"https:\/\/dutchmicrodosing.com\/de\/medizinische-pilze\/loewenzahn-extrakt-30ml\/#breadcrumb"},"inLanguage":"de","potentialAction":[{"@type":"ReadAction","target":["https:\/\/dutchmicrodosing.com\/de\/medizinische-pilze\/loewenzahn-extrakt-30ml\/"]}]},{"@type":"ImageObject","inLanguage":"de","@id":"https:\/\/dutchmicrodosing.com\/de\/medizinische-pilze\/loewenzahn-extrakt-30ml\/#primaryimage","url":"https:\/\/dutchmicrodosing.com\/wp-content\/uploads\/2022\/04\/Foodsporen_DropperBox_LionsMane_WhiteBG_Square-600x601-1.jpg","contentUrl":"https:\/\/dutchmicrodosing.com\/wp-content\/uploads\/2022\/04\/Foodsporen_DropperBox_LionsMane_WhiteBG_Square-600x601-1.jpg","width":600,"height":601},{"@type":"BreadcrumbList","@id":"https:\/\/dutchmicrodosing.com\/de\/medizinische-pilze\/loewenzahn-extrakt-30ml\/#breadcrumb","itemListElement":[{"@type":"ListItem","position":1,"name":"Home","item":"https:\/\/dutchmicrodosing.com\/de\/"},{"@type":"ListItem","position":2,"name":"Shop","item":"https:\/\/dutchmicrodosing.com\/de\/shop\/"},{"@type":"ListItem","position":3,"name":"L\u00f6wenm\u00e4hne-Extrakt 30ml"}]},{"@type":"WebSite","@id":"https:\/\/dutchmicrodosing.com\/de\/#website","url":"https:\/\/dutchmicrodosing.com\/de\/","name":"Dutchmicrodosing","description":"","publisher":{"@id":"https:\/\/dutchmicrodosing.com\/de\/#organization"},"potentialAction":[{"@type":"SearchAction","target":{"@type":"EntryPoint","urlTemplate":"https:\/\/dutchmicrodosing.com\/de\/?s={search_term_string}"},"query-input":{"@type":"PropertyValueSpecification","valueRequired":true,"valueName":"search_term_string"}}],"inLanguage":"de"},{"@type":"Organization","@id":"https:\/\/dutchmicrodosing.com\/de\/#organization","name":"Dutchmicrodosing","url":"https:\/\/dutchmicrodosing.com\/de\/","logo":{"@type":"ImageObject","inLanguage":"de","@id":"https:\/\/dutchmicrodosing.com\/de\/#\/schema\/logo\/image\/","url":"https:\/\/dutchmicrodosing.com\/wp-content\/uploads\/2021\/01\/microdosing-categorie-pic-nieuw.jpg","contentUrl":"https:\/\/dutchmicrodosing.com\/wp-content\/uploads\/2021\/01\/microdosing-categorie-pic-nieuw.jpg","width":500,"height":500,"caption":"Dutchmicrodosing"},"image":{"@id":"https:\/\/dutchmicrodosing.com\/de\/#\/schema\/logo\/image\/"},"sameAs":["https:\/\/www.facebook.com\/Dutchmicrodosingxp\/","https:\/\/www.instagram.com\/dutchmicrodosing\/"]}]},"product_price_amount":"29.50","product_price_currency":"EUR","og_availability":"instock","product_availability":"instock","product_retailer_item_id":"1203633","product_condition":"new"},"_links":{"self":[{"href":"https:\/\/dutchmicrodosing.com\/de\/wp-json\/wp\/v2\/product\/15771","targetHints":{"allow":["GET"]}}],"collection":[{"href":"https:\/\/dutchmicrodosing.com\/de\/wp-json\/wp\/v2\/product"}],"about":[{"href":"https:\/\/dutchmicrodosing.com\/de\/wp-json\/wp\/v2\/types\/product"}],"replies":[{"embeddable":true,"href":"https:\/\/dutchmicrodosing.com\/de\/wp-json\/wp\/v2\/comments?post=15771"}],"version-history":[{"count":0,"href":"https:\/\/dutchmicrodosing.com\/de\/wp-json\/wp\/v2\/product\/15771\/revisions"}],"wp:featuredmedia":[{"embeddable":true,"href":"https:\/\/dutchmicrodosing.com\/de\/wp-json\/wp\/v2\/media\/12850"}],"wp:attachment":[{"href":"https:\/\/dutchmicrodosing.com\/de\/wp-json\/wp\/v2\/media?parent=15771"}],"wp:term":[{"taxonomy":"product_brand","embeddable":true,"href":"https:\/\/dutchmicrodosing.com\/de\/wp-json\/wp\/v2\/product_brand?post=15771"},{"taxonomy":"product_cat","embeddable":true,"href":"https:\/\/dutchmicrodosing.com\/de\/wp-json\/wp\/v2\/product_cat?post=15771"},{"taxonomy":"product_tag","embeddable":true,"href":"https:\/\/dutchmicrodosing.com\/de\/wp-json\/wp\/v2\/product_tag?post=15771"}],"curies":[{"name":"wp","href":"https:\/\/api.w.org\/{rel}","templated":true}]}}