{"id":21358,"date":"2023-02-03T20:03:43","date_gmt":"2023-02-03T19:03:43","guid":{"rendered":"https:\/\/dutchmicrodosing.com\/shop\/unkategorisiert\/cbd-energie-gummis\/"},"modified":"2025-08-19T11:11:28","modified_gmt":"2025-08-19T09:11:28","slug":"cbd-energie-gummis","status":"publish","type":"product","link":"https:\/\/dutchmicrodosing.com\/de\/reformhaus\/vitamine-nahrungsergaenzungsmittel\/cbd-energie-gummis\/","title":{"rendered":"CBD Energie-Gummis"},"content":{"rendered":"<p>CBD Energy Gummies mit Himbeergeschmack geben nicht nur Energie, die Kombination aus CBD, Koffein und Vitamin B sorgt f\u00fcr eine starke Wirkung. Dr Candy<strong> CBD Energy Gummies Raspberry<\/strong> enthalten satte 10 mg CBD, 5 mg Koffein und die Vitamine B5, B9 und B12. F\u00fcr mehr Energie und Konzentration sind diese k\u00f6stlichen Gummib\u00e4rchen mit Himbeergeschmack sehr zu empfehlen!<\/p>\n<h3>Inhaltsstoffe<\/h3>\n<p><strong>pro Gummib\u00e4rchen:<\/strong><\/p>\n<ul>\n<li>Fruktose<\/li>\n<li>Zucker<\/li>\n<li>Nat\u00fcrliche Farb- und Aromastoffe<\/li>\n<li>Gelatine<\/li>\n<li>Zitronens\u00e4ure<\/li>\n<li>10mg CBD<\/li>\n<li>5mg Koffein<\/li>\n<li>10 mg Vitamin B5<\/li>\n<li>400ug Vitamin B9<\/li>\n<li>500ug Vitamin B12<\/li>\n<\/ul>\n<h3>Verwenden Sie<\/h3>\n<p>Verwenden Sie nicht mehr als 2 Gummies pro Tag f\u00fcr mehr Energie und Konzentration.<\/p>\n<h3>Hinweise zur Lagerung<\/h3>\n<p>Nach dem \u00d6ffnen sind diese Gummib\u00e4rchen noch 3 Monate haltbar, wenn sie dunkel und k\u00fchl gelagert werden. Au\u00dferhalb der Reichweite von Kindern aufbewahren!<\/p>\n<h3>Inhalt<\/h3>\n<p>Dr Candy CBD Energy Gummies Himbeere (Himbeere) &#8211; 30 Gramm<\/p>\n","protected":false},"excerpt":{"rendered":"<p>CBD Energy Gummies mit Himbeergeschmack geben nicht nur Energie, die Kombination aus CBD, Koffein und Vitamin B sorgt f\u00fcr eine starke Wirkung. Dr Candy CBD Energy Gummies Raspberry enthalten satte 10 mg CBD, 5 mg Koffein und die Vitamine B5, B9 und B12. F\u00fcr mehr Energie und Konzentration sind diese k\u00f6stlichen Gummib\u00e4rchen mit Himbeergeschmack sehr [&hellip;]<\/p>\n","protected":false},"featured_media":22413,"comment_status":"closed","ping_status":"closed","template":"","meta":[],"product_brand":[],"product_cat":[286,292,116],"product_tag":[],"class_list":{"0":"post-21358","1":"product","2":"type-product","3":"status-publish","4":"has-post-thumbnail","6":"product_cat-cbd-nahrungsergaenzungsmittel","7":"product_cat-energie-erganzungen","8":"product_cat-vitamine-nahrungsergaenzungsmittel","10":"first","11":"instock","12":"taxable","13":"shipping-taxable","14":"purchasable","15":"product-type-simple"},"yoast_head":"<!-- This site is optimized with the Yoast SEO Premium plugin v26.4 (Yoast SEO v27.2) - https:\/\/yoast.com\/product\/yoast-seo-premium-wordpress\/ -->\n<title>CBD Energie-Gummis - Dutchmicrodosing<\/title>\n<meta name=\"description\" content=\"CBD Energy Gummies mit Himbeergeschmack geben nicht nur Energie, die Kombination aus CBD, Koffein und Vitamin B sorgt f\u00fcr eine starke Wirkung....\" \/>\n<meta name=\"robots\" content=\"index, follow, max-snippet:-1, max-image-preview:large, max-video-preview:-1\" \/>\n<link rel=\"canonical\" href=\"https:\/\/dutchmicrodosing.com\/de\/reformhaus\/vitamine-nahrungsergaenzungsmittel\/cbd-energie-gummis\/\" \/>\n<meta property=\"og:locale\" content=\"de_DE\" \/>\n<meta property=\"og:type\" content=\"article\" \/>\n<meta property=\"og:title\" content=\"CBD Energie-Gummis\" \/>\n<meta property=\"og:description\" content=\"CBD Energy Gummies mit Himbeergeschmack geben nicht nur Energie, die Kombination aus CBD, Koffein und Vitamin B sorgt f\u00fcr eine starke Wirkung. Dr Candy\" \/>\n<meta property=\"og:url\" content=\"https:\/\/dutchmicrodosing.com\/de\/reformhaus\/vitamine-nahrungsergaenzungsmittel\/cbd-energie-gummis\/\" \/>\n<meta property=\"og:site_name\" content=\"Dutchmicrodosing\" \/>\n<meta property=\"article:publisher\" content=\"https:\/\/www.facebook.com\/Dutchmicrodosingxp\/\" \/>\n<meta property=\"article:modified_time\" content=\"2025-08-19T09:11:28+00:00\" \/>\n<meta property=\"og:image\" content=\"https:\/\/dutchmicrodosing.com\/wp-content\/uploads\/2023\/02\/CBD_energie_gummie_1000x1000-768x768-2.jpg\" \/>\n\t<meta property=\"og:image:width\" content=\"768\" \/>\n\t<meta property=\"og:image:height\" content=\"768\" \/>\n\t<meta property=\"og:image:type\" content=\"image\/jpeg\" \/>\n<meta name=\"twitter:card\" content=\"summary_large_image\" \/>\n<script type=\"application\/ld+json\" class=\"yoast-schema-graph\">{\"@context\":\"https:\/\/schema.org\",\"@graph\":[{\"@type\":\"WebPage\",\"@id\":\"https:\/\/dutchmicrodosing.com\/de\/reformhaus\/vitamine-nahrungsergaenzungsmittel\/cbd-energie-gummis\/\",\"url\":\"https:\/\/dutchmicrodosing.com\/de\/reformhaus\/vitamine-nahrungsergaenzungsmittel\/cbd-energie-gummis\/\",\"name\":\"CBD Energie-Gummis - Dutchmicrodosing\",\"isPartOf\":{\"@id\":\"https:\/\/dutchmicrodosing.com\/de\/#website\"},\"primaryImageOfPage\":{\"@id\":\"https:\/\/dutchmicrodosing.com\/de\/reformhaus\/vitamine-nahrungsergaenzungsmittel\/cbd-energie-gummis\/#primaryimage\"},\"image\":{\"@id\":\"https:\/\/dutchmicrodosing.com\/de\/reformhaus\/vitamine-nahrungsergaenzungsmittel\/cbd-energie-gummis\/#primaryimage\"},\"thumbnailUrl\":\"https:\/\/dutchmicrodosing.com\/wp-content\/uploads\/2023\/02\/CBD_energie_gummie_1000x1000-768x768-2.jpg\",\"datePublished\":\"2023-02-03T19:03:43+00:00\",\"dateModified\":\"2025-08-19T09:11:28+00:00\",\"description\":\"CBD Energy Gummies mit Himbeergeschmack geben nicht nur Energie, die Kombination aus CBD, Koffein und Vitamin B sorgt f\u00fcr eine starke Wirkung....\",\"breadcrumb\":{\"@id\":\"https:\/\/dutchmicrodosing.com\/de\/reformhaus\/vitamine-nahrungsergaenzungsmittel\/cbd-energie-gummis\/#breadcrumb\"},\"inLanguage\":\"de\",\"potentialAction\":[{\"@type\":\"ReadAction\",\"target\":[\"https:\/\/dutchmicrodosing.com\/de\/reformhaus\/vitamine-nahrungsergaenzungsmittel\/cbd-energie-gummis\/\"]}]},{\"@type\":\"ImageObject\",\"inLanguage\":\"de\",\"@id\":\"https:\/\/dutchmicrodosing.com\/de\/reformhaus\/vitamine-nahrungsergaenzungsmittel\/cbd-energie-gummis\/#primaryimage\",\"url\":\"https:\/\/dutchmicrodosing.com\/wp-content\/uploads\/2023\/02\/CBD_energie_gummie_1000x1000-768x768-2.jpg\",\"contentUrl\":\"https:\/\/dutchmicrodosing.com\/wp-content\/uploads\/2023\/02\/CBD_energie_gummie_1000x1000-768x768-2.jpg\",\"width\":768,\"height\":768},{\"@type\":\"BreadcrumbList\",\"@id\":\"https:\/\/dutchmicrodosing.com\/de\/reformhaus\/vitamine-nahrungsergaenzungsmittel\/cbd-energie-gummis\/#breadcrumb\",\"itemListElement\":[{\"@type\":\"ListItem\",\"position\":1,\"name\":\"Home\",\"item\":\"https:\/\/dutchmicrodosing.com\/de\/\"},{\"@type\":\"ListItem\",\"position\":2,\"name\":\"Shop\",\"item\":\"https:\/\/dutchmicrodosing.com\/de\/shop\/\"},{\"@type\":\"ListItem\",\"position\":3,\"name\":\"CBD Energie-Gummis\"}]},{\"@type\":\"WebSite\",\"@id\":\"https:\/\/dutchmicrodosing.com\/de\/#website\",\"url\":\"https:\/\/dutchmicrodosing.com\/de\/\",\"name\":\"Dutchmicrodosing\",\"description\":\"\",\"publisher\":{\"@id\":\"https:\/\/dutchmicrodosing.com\/de\/#organization\"},\"potentialAction\":[{\"@type\":\"SearchAction\",\"target\":{\"@type\":\"EntryPoint\",\"urlTemplate\":\"https:\/\/dutchmicrodosing.com\/de\/?s={search_term_string}\"},\"query-input\":{\"@type\":\"PropertyValueSpecification\",\"valueRequired\":true,\"valueName\":\"search_term_string\"}}],\"inLanguage\":\"de\"},{\"@type\":\"Organization\",\"@id\":\"https:\/\/dutchmicrodosing.com\/de\/#organization\",\"name\":\"Dutchmicrodosing\",\"url\":\"https:\/\/dutchmicrodosing.com\/de\/\",\"logo\":{\"@type\":\"ImageObject\",\"inLanguage\":\"de\",\"@id\":\"https:\/\/dutchmicrodosing.com\/de\/#\/schema\/logo\/image\/\",\"url\":\"https:\/\/dutchmicrodosing.com\/wp-content\/uploads\/2021\/01\/microdosing-categorie-pic-nieuw.jpg\",\"contentUrl\":\"https:\/\/dutchmicrodosing.com\/wp-content\/uploads\/2021\/01\/microdosing-categorie-pic-nieuw.jpg\",\"width\":500,\"height\":500,\"caption\":\"Dutchmicrodosing\"},\"image\":{\"@id\":\"https:\/\/dutchmicrodosing.com\/de\/#\/schema\/logo\/image\/\"},\"sameAs\":[\"https:\/\/www.facebook.com\/Dutchmicrodosingxp\/\",\"https:\/\/www.instagram.com\/dutchmicrodosing\/\"]}]}<\/script>\n<meta property=\"product:price:amount\" content=\"9.95\" \/>\n<meta property=\"product:price:currency\" content=\"EUR\" \/>\n<meta property=\"og:availability\" content=\"instock\" \/>\n<meta property=\"product:availability\" content=\"instock\" \/>\n<meta property=\"product:retailer_item_id\" content=\"3201468\" \/>\n<meta property=\"product:condition\" content=\"new\" \/>\n<!-- \/ Yoast SEO Premium plugin. -->","yoast_head_json":{"title":"CBD Energie-Gummis - Dutchmicrodosing","description":"CBD Energy Gummies mit Himbeergeschmack geben nicht nur Energie, die Kombination aus CBD, Koffein und Vitamin B sorgt f\u00fcr eine starke Wirkung....","robots":{"index":"index","follow":"follow","max-snippet":"max-snippet:-1","max-image-preview":"max-image-preview:large","max-video-preview":"max-video-preview:-1"},"canonical":"https:\/\/dutchmicrodosing.com\/de\/reformhaus\/vitamine-nahrungsergaenzungsmittel\/cbd-energie-gummis\/","og_locale":"de_DE","og_type":"article","og_title":"CBD Energie-Gummis","og_description":"CBD Energy Gummies mit Himbeergeschmack geben nicht nur Energie, die Kombination aus CBD, Koffein und Vitamin B sorgt f\u00fcr eine starke Wirkung. Dr Candy","og_url":"https:\/\/dutchmicrodosing.com\/de\/reformhaus\/vitamine-nahrungsergaenzungsmittel\/cbd-energie-gummis\/","og_site_name":"Dutchmicrodosing","article_publisher":"https:\/\/www.facebook.com\/Dutchmicrodosingxp\/","article_modified_time":"2025-08-19T09:11:28+00:00","og_image":[{"width":768,"height":768,"url":"https:\/\/dutchmicrodosing.com\/wp-content\/uploads\/2023\/02\/CBD_energie_gummie_1000x1000-768x768-2.jpg","type":"image\/jpeg"}],"twitter_card":"summary_large_image","schema":{"@context":"https:\/\/schema.org","@graph":[{"@type":"WebPage","@id":"https:\/\/dutchmicrodosing.com\/de\/reformhaus\/vitamine-nahrungsergaenzungsmittel\/cbd-energie-gummis\/","url":"https:\/\/dutchmicrodosing.com\/de\/reformhaus\/vitamine-nahrungsergaenzungsmittel\/cbd-energie-gummis\/","name":"CBD Energie-Gummis - Dutchmicrodosing","isPartOf":{"@id":"https:\/\/dutchmicrodosing.com\/de\/#website"},"primaryImageOfPage":{"@id":"https:\/\/dutchmicrodosing.com\/de\/reformhaus\/vitamine-nahrungsergaenzungsmittel\/cbd-energie-gummis\/#primaryimage"},"image":{"@id":"https:\/\/dutchmicrodosing.com\/de\/reformhaus\/vitamine-nahrungsergaenzungsmittel\/cbd-energie-gummis\/#primaryimage"},"thumbnailUrl":"https:\/\/dutchmicrodosing.com\/wp-content\/uploads\/2023\/02\/CBD_energie_gummie_1000x1000-768x768-2.jpg","datePublished":"2023-02-03T19:03:43+00:00","dateModified":"2025-08-19T09:11:28+00:00","description":"CBD Energy Gummies mit Himbeergeschmack geben nicht nur Energie, die Kombination aus CBD, Koffein und Vitamin B sorgt f\u00fcr eine starke Wirkung....","breadcrumb":{"@id":"https:\/\/dutchmicrodosing.com\/de\/reformhaus\/vitamine-nahrungsergaenzungsmittel\/cbd-energie-gummis\/#breadcrumb"},"inLanguage":"de","potentialAction":[{"@type":"ReadAction","target":["https:\/\/dutchmicrodosing.com\/de\/reformhaus\/vitamine-nahrungsergaenzungsmittel\/cbd-energie-gummis\/"]}]},{"@type":"ImageObject","inLanguage":"de","@id":"https:\/\/dutchmicrodosing.com\/de\/reformhaus\/vitamine-nahrungsergaenzungsmittel\/cbd-energie-gummis\/#primaryimage","url":"https:\/\/dutchmicrodosing.com\/wp-content\/uploads\/2023\/02\/CBD_energie_gummie_1000x1000-768x768-2.jpg","contentUrl":"https:\/\/dutchmicrodosing.com\/wp-content\/uploads\/2023\/02\/CBD_energie_gummie_1000x1000-768x768-2.jpg","width":768,"height":768},{"@type":"BreadcrumbList","@id":"https:\/\/dutchmicrodosing.com\/de\/reformhaus\/vitamine-nahrungsergaenzungsmittel\/cbd-energie-gummis\/#breadcrumb","itemListElement":[{"@type":"ListItem","position":1,"name":"Home","item":"https:\/\/dutchmicrodosing.com\/de\/"},{"@type":"ListItem","position":2,"name":"Shop","item":"https:\/\/dutchmicrodosing.com\/de\/shop\/"},{"@type":"ListItem","position":3,"name":"CBD Energie-Gummis"}]},{"@type":"WebSite","@id":"https:\/\/dutchmicrodosing.com\/de\/#website","url":"https:\/\/dutchmicrodosing.com\/de\/","name":"Dutchmicrodosing","description":"","publisher":{"@id":"https:\/\/dutchmicrodosing.com\/de\/#organization"},"potentialAction":[{"@type":"SearchAction","target":{"@type":"EntryPoint","urlTemplate":"https:\/\/dutchmicrodosing.com\/de\/?s={search_term_string}"},"query-input":{"@type":"PropertyValueSpecification","valueRequired":true,"valueName":"search_term_string"}}],"inLanguage":"de"},{"@type":"Organization","@id":"https:\/\/dutchmicrodosing.com\/de\/#organization","name":"Dutchmicrodosing","url":"https:\/\/dutchmicrodosing.com\/de\/","logo":{"@type":"ImageObject","inLanguage":"de","@id":"https:\/\/dutchmicrodosing.com\/de\/#\/schema\/logo\/image\/","url":"https:\/\/dutchmicrodosing.com\/wp-content\/uploads\/2021\/01\/microdosing-categorie-pic-nieuw.jpg","contentUrl":"https:\/\/dutchmicrodosing.com\/wp-content\/uploads\/2021\/01\/microdosing-categorie-pic-nieuw.jpg","width":500,"height":500,"caption":"Dutchmicrodosing"},"image":{"@id":"https:\/\/dutchmicrodosing.com\/de\/#\/schema\/logo\/image\/"},"sameAs":["https:\/\/www.facebook.com\/Dutchmicrodosingxp\/","https:\/\/www.instagram.com\/dutchmicrodosing\/"]}]},"product_price_amount":"9.95","product_price_currency":"EUR","og_availability":"instock","product_availability":"instock","product_retailer_item_id":"3201468","product_condition":"new"},"_links":{"self":[{"href":"https:\/\/dutchmicrodosing.com\/de\/wp-json\/wp\/v2\/product\/21358","targetHints":{"allow":["GET"]}}],"collection":[{"href":"https:\/\/dutchmicrodosing.com\/de\/wp-json\/wp\/v2\/product"}],"about":[{"href":"https:\/\/dutchmicrodosing.com\/de\/wp-json\/wp\/v2\/types\/product"}],"replies":[{"embeddable":true,"href":"https:\/\/dutchmicrodosing.com\/de\/wp-json\/wp\/v2\/comments?post=21358"}],"version-history":[{"count":0,"href":"https:\/\/dutchmicrodosing.com\/de\/wp-json\/wp\/v2\/product\/21358\/revisions"}],"wp:featuredmedia":[{"embeddable":true,"href":"https:\/\/dutchmicrodosing.com\/de\/wp-json\/wp\/v2\/media\/22413"}],"wp:attachment":[{"href":"https:\/\/dutchmicrodosing.com\/de\/wp-json\/wp\/v2\/media?parent=21358"}],"wp:term":[{"taxonomy":"product_brand","embeddable":true,"href":"https:\/\/dutchmicrodosing.com\/de\/wp-json\/wp\/v2\/product_brand?post=21358"},{"taxonomy":"product_cat","embeddable":true,"href":"https:\/\/dutchmicrodosing.com\/de\/wp-json\/wp\/v2\/product_cat?post=21358"},{"taxonomy":"product_tag","embeddable":true,"href":"https:\/\/dutchmicrodosing.com\/de\/wp-json\/wp\/v2\/product_tag?post=21358"}],"curies":[{"name":"wp","href":"https:\/\/api.w.org\/{rel}","templated":true}]}}