{"id":21520,"date":"2023-02-16T21:04:29","date_gmt":"2023-03-13T11:47:26","guid":{"rendered":"https:\/\/dutchmicrodosing.com\/shop\/unkategorisiert\/bulk-trueffel-250-gramm\/"},"modified":"2024-03-03T21:17:30","modified_gmt":"2024-03-03T20:17:30","slug":"lose-trueffel","status":"publish","type":"product","link":"https:\/\/dutchmicrodosing.com\/de\/psilocybin-truffel\/magische-truffel\/lose-trueffel\/","title":{"rendered":"Tr\u00fcffel in gro\u00dfen Mengen"},"content":{"rendered":"<h2>Psilocybe Bulk-Tr\u00fcffel<\/h2>\n<p>Suchen Sie eine gr\u00f6\u00dfere Menge Tr\u00fcffel, um mit Ihren Freunden auf eine spirituelle Reise zu gehen? Dann sollten Sie eine Gro\u00dfpackung Tr\u00fcffel kaufen. Die Bulkware hat ein Gewicht von 100 und 250 Gramm und ist vakuumverpackt. Dabei handelt es sich entweder um 10 extreme oder 16 leichte Fahrten. Die Tr\u00fcffel werden vakuumverpackt und sind nach Erhalt mindestens 10 bis 12 Wochen haltbar.<\/p>\n<h2>Welche Zaubertr\u00fcffel bieten wir in gro\u00dfen Mengen an?<\/h2>\n<p>Wir bieten nicht weniger als 5 verschiedene Tr\u00fcffelsorten an, n\u00e4mlich:<\/p>\n<h3>Magische Atlantis-Tr\u00fcffel<\/h3>\n<p>Mit den Atlantis-Tr\u00fcffeln sieht die Welt dann anders aus und f\u00fchlt sich anders an. Buntes Bildmaterial, euphorisch und philosophisch. Sie werden auch feststellen, dass Sie mehr Energie haben und Informationen schneller verarbeiten k\u00f6nnen. Lust auf einen philosophischen Trip? Dann nimm noch ein paar Tr\u00fcffel in dich auf. Vielleicht bekommen Sie innere Einsichten, die Sie bisher nicht kannten.<\/p>\n<h3>Mexikanische Zaubertr\u00fcffel<\/h3>\n<p>Mexicana Truffles sind sehr gut f\u00fcr Anf\u00e4nger geeignet. Das liegt daran, dass sie etwas milder sind als die meisten anderen magischen Tr\u00fcffel. Es hebt die Stimmung. Wenn Sie sich in Ihrer Haut wohl f\u00fchlen, k\u00f6nnen Sie mit einer gl\u00fccklichen Reise rechnen. Du bekommst mehr Energie, deine Sinne arbeiten st\u00e4rker und st\u00e4rker. Die Farben werden leuchten, die Kl\u00e4nge werden nicht nur geh\u00f6rt, sondern auch im K\u00f6rper gesp\u00fcrt, und vor allem werden Sie sehr aufgeregt sein.<\/p>\n<h3>Pajaritos magische Tr\u00fcffel<\/h3>\n<p>Die Pajaritos Tr\u00fcffel sind optisch etwas schw\u00e4cher, aber mein Gott, was f\u00fcr ein Spa\u00df diese Tr\u00fcffel sind. Es macht Sie unglaublich gl\u00fccklich. Die mittlere St\u00e4rke sorgt daf\u00fcr, dass Sie eine Ver\u00e4nderung des Geistes und der Gedanken bemerken werden. Man kann kaum aufh\u00f6ren zu lachen, und es macht einen unglaublich energiegeladen. Du wirst Schauer im ganzen K\u00f6rper sp\u00fcren, die dir ein sch\u00f6nes, intensives Gef\u00fchl geben.<\/p>\n<h3>Magische Tr\u00fcffel Tampanensis<\/h3>\n<p>Eine der bekanntesten Tr\u00fcffelarten ist die Tampanensis-Tr\u00fcffel. Diese Tr\u00fcffel wurde bereits 1977 von Steven Pollock entdeckt. Dies geschah in Amerika in der N\u00e4he von Tampa im Bundesstaat Florida. Es handelt sich um eine seltene Pilzart. Von dieser einen und ersten Tampanensis-Tr\u00fcffel, die entdeckt wurde, werden nun alle anderen Tampanensis-Tr\u00fcffeln durch Sporen gewonnen.<\/p>\n<h3>Utopia magische Tr\u00fcffel<\/h3>\n<p>Sie wollen mehr als eine normale Tr\u00fcffelreise? Dann w\u00e4hlen Sie die Utopia Tr\u00fcffel. Dies ist einer der st\u00e4rksten Tr\u00fcffel der Welt. Eine fantastische Reise ist also garantiert. Sie sind nicht nur stark halluzinogen, sondern f\u00f6rdern auch Ihre Kreativit\u00e4t und Ihr philosophisches Denken. Sie sind so intensiv, dass sie in jedem Bereich die maximale Punktzahl erreichen. Die Halluzinationen sind unglaublich stark.<\/p>\n<h2>Warnung vor dem Produkt<\/h2>\n<ul>\n<li>Verwenden Sie Pilztr\u00fcffel nicht, wenn Sie schlecht gelaunt, depressiv, psychotisch oder anderweitig geistig beeintr\u00e4chtigt sind. Magische Tr\u00fcffel sind nicht f\u00fcr Minderj\u00e4hrige oder schwangere Frauen geeignet, und es ist auch nicht ratsam, unter dem Einfluss von Psilocybin Auto zu fahren oder schwere Maschinen zu bedienen.<\/li>\n<li>Pilztr\u00fcffel sollten niemals in Verbindung mit Alkohol oder anderen (verschriebenen oder illegalen) Drogen eingenommen werden. Beginnen Sie mit einer kleinen Dosis und stellen Sie sicher, dass Sie sich in Ihrer Gesellschaft und Umgebung wohl f\u00fchlen.<\/li>\n<li>Alle unsere Magic Mushroom Tr\u00fcffel sind frisch verpackt. Man sollte sie im K\u00fchlschrank aufbewahren. Unge\u00f6ffnet kann man sie etwa 2 Monate im K\u00fchlschrank aufbewahren. Nach dem \u00d6ffnen sind die Tr\u00fcffel jedoch nur wenige Tage haltbar.<\/li>\n<\/ul>\n","protected":false},"excerpt":{"rendered":"<p>Psilocybe Bulk-Tr\u00fcffel Suchen Sie eine gr\u00f6\u00dfere Menge Tr\u00fcffel, um mit Ihren Freunden auf eine spirituelle Reise zu gehen? Dann sollten Sie eine Gro\u00dfpackung Tr\u00fcffel kaufen. Die Bulkware hat ein Gewicht von 100 und 250 Gramm und ist vakuumverpackt. Dabei handelt es sich entweder um 10 extreme oder 16 leichte Fahrten. Die Tr\u00fcffel werden vakuumverpackt und [&hellip;]<\/p>\n","protected":false},"featured_media":35153,"comment_status":"closed","ping_status":"closed","template":"","meta":[],"product_brand":[],"product_cat":[202],"product_tag":[],"class_list":{"0":"post-21520","1":"product","2":"type-product","3":"status-publish","4":"has-post-thumbnail","6":"product_cat-magische-truffel","8":"first","9":"instock","10":"taxable","11":"shipping-taxable","12":"purchasable","13":"product-type-variable"},"yoast_head":"<!-- This site is optimized with the Yoast SEO Premium plugin v26.4 (Yoast SEO v27.2) - https:\/\/yoast.com\/product\/yoast-seo-premium-wordpress\/ -->\n<title>Tr\u00fcffel in gro\u00dfen Mengen - Dutchmicrodosing<\/title>\n<meta name=\"description\" content=\"Sie suchen eine gr\u00f6\u00dfere Menge Tr\u00fcffel, um eine spirituelle Reise zu unternehmen? Dann sollten Sie den Kauf dieser Tr\u00fcffelpackung in Erw\u00e4gung ziehen\" \/>\n<meta name=\"robots\" content=\"index, follow, max-snippet:-1, max-image-preview:large, max-video-preview:-1\" \/>\n<link rel=\"canonical\" href=\"https:\/\/dutchmicrodosing.com\/de\/psilocybin-truffel\/magische-truffel\/lose-trueffel\/\" \/>\n<meta property=\"og:locale\" content=\"de_DE\" \/>\n<meta property=\"og:type\" content=\"article\" \/>\n<meta property=\"og:title\" content=\"Tr\u00fcffel in gro\u00dfen Mengen\" \/>\n<meta property=\"og:description\" content=\"Psilocybe Bulk-Tr\u00fcffel Suchen Sie eine gr\u00f6\u00dfere Menge Tr\u00fcffel, um mit Ihren Freunden auf eine spirituelle Reise zu gehen? Dann sollten Sie eine Gro\u00dfpackung\" \/>\n<meta property=\"og:url\" content=\"https:\/\/dutchmicrodosing.com\/de\/psilocybin-truffel\/magische-truffel\/lose-trueffel\/\" \/>\n<meta property=\"og:site_name\" content=\"Dutchmicrodosing\" \/>\n<meta property=\"article:publisher\" content=\"https:\/\/www.facebook.com\/Dutchmicrodosingxp\/\" \/>\n<meta property=\"article:modified_time\" content=\"2024-03-03T20:17:30+00:00\" \/>\n<meta property=\"og:image\" content=\"https:\/\/dutchmicrodosing.com\/wp-content\/uploads\/2023\/02\/Bulk-1.jpg\" \/>\n\t<meta property=\"og:image:width\" content=\"1000\" \/>\n\t<meta property=\"og:image:height\" content=\"1000\" \/>\n\t<meta property=\"og:image:type\" content=\"image\/jpeg\" \/>\n<meta name=\"twitter:card\" content=\"summary_large_image\" \/>\n<script type=\"application\/ld+json\" class=\"yoast-schema-graph\">{\"@context\":\"https:\/\/schema.org\",\"@graph\":[{\"@type\":\"WebPage\",\"@id\":\"https:\/\/dutchmicrodosing.com\/de\/psilocybin-truffel\/magische-truffel\/lose-trueffel\/\",\"url\":\"https:\/\/dutchmicrodosing.com\/de\/psilocybin-truffel\/magische-truffel\/lose-trueffel\/\",\"name\":\"Tr\u00fcffel in gro\u00dfen Mengen - Dutchmicrodosing\",\"isPartOf\":{\"@id\":\"https:\/\/dutchmicrodosing.com\/de\/#website\"},\"primaryImageOfPage\":{\"@id\":\"https:\/\/dutchmicrodosing.com\/de\/psilocybin-truffel\/magische-truffel\/lose-trueffel\/#primaryimage\"},\"image\":{\"@id\":\"https:\/\/dutchmicrodosing.com\/de\/psilocybin-truffel\/magische-truffel\/lose-trueffel\/#primaryimage\"},\"thumbnailUrl\":\"https:\/\/dutchmicrodosing.com\/wp-content\/uploads\/2023\/02\/Bulk-1.jpg\",\"datePublished\":\"2023-03-13T11:47:26+00:00\",\"dateModified\":\"2024-03-03T20:17:30+00:00\",\"description\":\"Sie suchen eine gr\u00f6\u00dfere Menge Tr\u00fcffel, um eine spirituelle Reise zu unternehmen? Dann sollten Sie den Kauf dieser Tr\u00fcffelpackung in Erw\u00e4gung ziehen\",\"breadcrumb\":{\"@id\":\"https:\/\/dutchmicrodosing.com\/de\/psilocybin-truffel\/magische-truffel\/lose-trueffel\/#breadcrumb\"},\"inLanguage\":\"de\",\"potentialAction\":[{\"@type\":\"ReadAction\",\"target\":[\"https:\/\/dutchmicrodosing.com\/de\/psilocybin-truffel\/magische-truffel\/lose-trueffel\/\"]}]},{\"@type\":\"ImageObject\",\"inLanguage\":\"de\",\"@id\":\"https:\/\/dutchmicrodosing.com\/de\/psilocybin-truffel\/magische-truffel\/lose-trueffel\/#primaryimage\",\"url\":\"https:\/\/dutchmicrodosing.com\/wp-content\/uploads\/2023\/02\/Bulk-1.jpg\",\"contentUrl\":\"https:\/\/dutchmicrodosing.com\/wp-content\/uploads\/2023\/02\/Bulk-1.jpg\",\"width\":1000,\"height\":1000},{\"@type\":\"BreadcrumbList\",\"@id\":\"https:\/\/dutchmicrodosing.com\/de\/psilocybin-truffel\/magische-truffel\/lose-trueffel\/#breadcrumb\",\"itemListElement\":[{\"@type\":\"ListItem\",\"position\":1,\"name\":\"Home\",\"item\":\"https:\/\/dutchmicrodosing.com\/de\/\"},{\"@type\":\"ListItem\",\"position\":2,\"name\":\"Shop\",\"item\":\"https:\/\/dutchmicrodosing.com\/de\/shop\/\"},{\"@type\":\"ListItem\",\"position\":3,\"name\":\"Tr\u00fcffel in gro\u00dfen Mengen\"}]},{\"@type\":\"WebSite\",\"@id\":\"https:\/\/dutchmicrodosing.com\/de\/#website\",\"url\":\"https:\/\/dutchmicrodosing.com\/de\/\",\"name\":\"Dutchmicrodosing\",\"description\":\"\",\"publisher\":{\"@id\":\"https:\/\/dutchmicrodosing.com\/de\/#organization\"},\"potentialAction\":[{\"@type\":\"SearchAction\",\"target\":{\"@type\":\"EntryPoint\",\"urlTemplate\":\"https:\/\/dutchmicrodosing.com\/de\/?s={search_term_string}\"},\"query-input\":{\"@type\":\"PropertyValueSpecification\",\"valueRequired\":true,\"valueName\":\"search_term_string\"}}],\"inLanguage\":\"de\"},{\"@type\":\"Organization\",\"@id\":\"https:\/\/dutchmicrodosing.com\/de\/#organization\",\"name\":\"Dutchmicrodosing\",\"url\":\"https:\/\/dutchmicrodosing.com\/de\/\",\"logo\":{\"@type\":\"ImageObject\",\"inLanguage\":\"de\",\"@id\":\"https:\/\/dutchmicrodosing.com\/de\/#\/schema\/logo\/image\/\",\"url\":\"https:\/\/dutchmicrodosing.com\/wp-content\/uploads\/2021\/01\/microdosing-categorie-pic-nieuw.jpg\",\"contentUrl\":\"https:\/\/dutchmicrodosing.com\/wp-content\/uploads\/2021\/01\/microdosing-categorie-pic-nieuw.jpg\",\"width\":500,\"height\":500,\"caption\":\"Dutchmicrodosing\"},\"image\":{\"@id\":\"https:\/\/dutchmicrodosing.com\/de\/#\/schema\/logo\/image\/\"},\"sameAs\":[\"https:\/\/www.facebook.com\/Dutchmicrodosingxp\/\",\"https:\/\/www.instagram.com\/dutchmicrodosing\/\"]}]}<\/script>\n<meta property=\"og:availability\" content=\"instock\" \/>\n<meta property=\"product:availability\" content=\"instock\" \/>\n<meta property=\"product:condition\" content=\"new\" \/>\n<!-- \/ Yoast SEO Premium plugin. -->","yoast_head_json":{"title":"Tr\u00fcffel in gro\u00dfen Mengen - Dutchmicrodosing","description":"Sie suchen eine gr\u00f6\u00dfere Menge Tr\u00fcffel, um eine spirituelle Reise zu unternehmen? Dann sollten Sie den Kauf dieser Tr\u00fcffelpackung in Erw\u00e4gung ziehen","robots":{"index":"index","follow":"follow","max-snippet":"max-snippet:-1","max-image-preview":"max-image-preview:large","max-video-preview":"max-video-preview:-1"},"canonical":"https:\/\/dutchmicrodosing.com\/de\/psilocybin-truffel\/magische-truffel\/lose-trueffel\/","og_locale":"de_DE","og_type":"article","og_title":"Tr\u00fcffel in gro\u00dfen Mengen","og_description":"Psilocybe Bulk-Tr\u00fcffel Suchen Sie eine gr\u00f6\u00dfere Menge Tr\u00fcffel, um mit Ihren Freunden auf eine spirituelle Reise zu gehen? Dann sollten Sie eine Gro\u00dfpackung","og_url":"https:\/\/dutchmicrodosing.com\/de\/psilocybin-truffel\/magische-truffel\/lose-trueffel\/","og_site_name":"Dutchmicrodosing","article_publisher":"https:\/\/www.facebook.com\/Dutchmicrodosingxp\/","article_modified_time":"2024-03-03T20:17:30+00:00","og_image":[{"width":1000,"height":1000,"url":"https:\/\/dutchmicrodosing.com\/wp-content\/uploads\/2023\/02\/Bulk-1.jpg","type":"image\/jpeg"}],"twitter_card":"summary_large_image","schema":{"@context":"https:\/\/schema.org","@graph":[{"@type":"WebPage","@id":"https:\/\/dutchmicrodosing.com\/de\/psilocybin-truffel\/magische-truffel\/lose-trueffel\/","url":"https:\/\/dutchmicrodosing.com\/de\/psilocybin-truffel\/magische-truffel\/lose-trueffel\/","name":"Tr\u00fcffel in gro\u00dfen Mengen - Dutchmicrodosing","isPartOf":{"@id":"https:\/\/dutchmicrodosing.com\/de\/#website"},"primaryImageOfPage":{"@id":"https:\/\/dutchmicrodosing.com\/de\/psilocybin-truffel\/magische-truffel\/lose-trueffel\/#primaryimage"},"image":{"@id":"https:\/\/dutchmicrodosing.com\/de\/psilocybin-truffel\/magische-truffel\/lose-trueffel\/#primaryimage"},"thumbnailUrl":"https:\/\/dutchmicrodosing.com\/wp-content\/uploads\/2023\/02\/Bulk-1.jpg","datePublished":"2023-03-13T11:47:26+00:00","dateModified":"2024-03-03T20:17:30+00:00","description":"Sie suchen eine gr\u00f6\u00dfere Menge Tr\u00fcffel, um eine spirituelle Reise zu unternehmen? Dann sollten Sie den Kauf dieser Tr\u00fcffelpackung in Erw\u00e4gung ziehen","breadcrumb":{"@id":"https:\/\/dutchmicrodosing.com\/de\/psilocybin-truffel\/magische-truffel\/lose-trueffel\/#breadcrumb"},"inLanguage":"de","potentialAction":[{"@type":"ReadAction","target":["https:\/\/dutchmicrodosing.com\/de\/psilocybin-truffel\/magische-truffel\/lose-trueffel\/"]}]},{"@type":"ImageObject","inLanguage":"de","@id":"https:\/\/dutchmicrodosing.com\/de\/psilocybin-truffel\/magische-truffel\/lose-trueffel\/#primaryimage","url":"https:\/\/dutchmicrodosing.com\/wp-content\/uploads\/2023\/02\/Bulk-1.jpg","contentUrl":"https:\/\/dutchmicrodosing.com\/wp-content\/uploads\/2023\/02\/Bulk-1.jpg","width":1000,"height":1000},{"@type":"BreadcrumbList","@id":"https:\/\/dutchmicrodosing.com\/de\/psilocybin-truffel\/magische-truffel\/lose-trueffel\/#breadcrumb","itemListElement":[{"@type":"ListItem","position":1,"name":"Home","item":"https:\/\/dutchmicrodosing.com\/de\/"},{"@type":"ListItem","position":2,"name":"Shop","item":"https:\/\/dutchmicrodosing.com\/de\/shop\/"},{"@type":"ListItem","position":3,"name":"Tr\u00fcffel in gro\u00dfen Mengen"}]},{"@type":"WebSite","@id":"https:\/\/dutchmicrodosing.com\/de\/#website","url":"https:\/\/dutchmicrodosing.com\/de\/","name":"Dutchmicrodosing","description":"","publisher":{"@id":"https:\/\/dutchmicrodosing.com\/de\/#organization"},"potentialAction":[{"@type":"SearchAction","target":{"@type":"EntryPoint","urlTemplate":"https:\/\/dutchmicrodosing.com\/de\/?s={search_term_string}"},"query-input":{"@type":"PropertyValueSpecification","valueRequired":true,"valueName":"search_term_string"}}],"inLanguage":"de"},{"@type":"Organization","@id":"https:\/\/dutchmicrodosing.com\/de\/#organization","name":"Dutchmicrodosing","url":"https:\/\/dutchmicrodosing.com\/de\/","logo":{"@type":"ImageObject","inLanguage":"de","@id":"https:\/\/dutchmicrodosing.com\/de\/#\/schema\/logo\/image\/","url":"https:\/\/dutchmicrodosing.com\/wp-content\/uploads\/2021\/01\/microdosing-categorie-pic-nieuw.jpg","contentUrl":"https:\/\/dutchmicrodosing.com\/wp-content\/uploads\/2021\/01\/microdosing-categorie-pic-nieuw.jpg","width":500,"height":500,"caption":"Dutchmicrodosing"},"image":{"@id":"https:\/\/dutchmicrodosing.com\/de\/#\/schema\/logo\/image\/"},"sameAs":["https:\/\/www.facebook.com\/Dutchmicrodosingxp\/","https:\/\/www.instagram.com\/dutchmicrodosing\/"]}]},"og_availability":"instock","product_availability":"instock","product_condition":"new"},"_links":{"self":[{"href":"https:\/\/dutchmicrodosing.com\/de\/wp-json\/wp\/v2\/product\/21520","targetHints":{"allow":["GET"]}}],"collection":[{"href":"https:\/\/dutchmicrodosing.com\/de\/wp-json\/wp\/v2\/product"}],"about":[{"href":"https:\/\/dutchmicrodosing.com\/de\/wp-json\/wp\/v2\/types\/product"}],"replies":[{"embeddable":true,"href":"https:\/\/dutchmicrodosing.com\/de\/wp-json\/wp\/v2\/comments?post=21520"}],"version-history":[{"count":0,"href":"https:\/\/dutchmicrodosing.com\/de\/wp-json\/wp\/v2\/product\/21520\/revisions"}],"wp:featuredmedia":[{"embeddable":true,"href":"https:\/\/dutchmicrodosing.com\/de\/wp-json\/wp\/v2\/media\/35153"}],"wp:attachment":[{"href":"https:\/\/dutchmicrodosing.com\/de\/wp-json\/wp\/v2\/media?parent=21520"}],"wp:term":[{"taxonomy":"product_brand","embeddable":true,"href":"https:\/\/dutchmicrodosing.com\/de\/wp-json\/wp\/v2\/product_brand?post=21520"},{"taxonomy":"product_cat","embeddable":true,"href":"https:\/\/dutchmicrodosing.com\/de\/wp-json\/wp\/v2\/product_cat?post=21520"},{"taxonomy":"product_tag","embeddable":true,"href":"https:\/\/dutchmicrodosing.com\/de\/wp-json\/wp\/v2\/product_tag?post=21520"}],"curies":[{"name":"wp","href":"https:\/\/api.w.org\/{rel}","templated":true}]}}