{"id":22077,"date":"2023-03-26T21:56:21","date_gmt":"2023-03-26T20:39:13","guid":{"rendered":"https:\/\/dutchmicrodosing.com\/shop\/unkategorisiert\/bio-bulk-trueffel-250-gramm\/"},"modified":"2023-03-28T13:35:12","modified_gmt":"2023-03-28T11:35:12","slug":"bio-bulk-truffel-250-gramm","status":"publish","type":"product","link":"https:\/\/dutchmicrodosing.com\/de\/psilocybin-truffel\/bio-zauber-trueffel-xp\/bio-bulk-truffel-250-gramm\/","title":{"rendered":"Bio Bulk Tr\u00fcffel &#8211; 250 Gramm"},"content":{"rendered":"<h2><strong>Psilocybe Bio-Tr\u00fcffel in loser Sch\u00fcttung<\/strong><\/h2>\n<p>Suchen Sie eine gr\u00f6\u00dfere Menge Tr\u00fcffel, um mit Ihren Freunden auf eine spirituelle Reise zu gehen? Dann sollten Sie den Kauf dieser Bio-Gro\u00dfpackung Tr\u00fcffel in Erw\u00e4gung ziehen. Die Bulkware hat ein Gewicht von 250 Gramm und ist vakuumverpackt. Dabei handelt es sich entweder um 10 extreme oder 16 leichte Fahrten. Die Tr\u00fcffel werden vakuumverpackt und sind nach Erhalt mindestens 10 bis 12 Wochen haltbar.<\/p>\n<h2><strong>Welche Bio-Trip-Tr\u00fcffel bieten wir in gro\u00dfen Mengen an?<\/strong><\/h2>\n<p>Wir bieten nicht weniger als 7 verschiedene Tr\u00fcffelsorten an, n\u00e4mlich:<\/p>\n<h3><strong>Atlantis Bio-Tr\u00fcffel<\/strong><\/h3>\n<p>Mit dem Atlantis-Tr\u00fcffel wird die Welt anders aussehen und sich anders anf\u00fchlen. Buntes Bildmaterial, euphorisch und philosophisch. Sie werden auch feststellen, dass Sie mehr Energie haben und Informationen schneller verarbeiten k\u00f6nnen. Lust auf einen philosophischen Trip? Dann nimm noch ein paar Tr\u00fcffel in dich auf. Vielleicht bekommen Sie innere Einsichten, die Sie bisher nicht kannten.<\/p>\n<h3><strong>Mexikanischer Bio-Tr\u00fcffel<\/strong><\/h3>\n<p>Mexicana Truffles sind sehr gut f\u00fcr Anf\u00e4nger geeignet. Das liegt daran, dass sie etwas milder sind als die meisten anderen Bio-Tr\u00fcffeln. Es hebt die Stimmung. Wenn Sie sich in Ihrer Haut wohl f\u00fchlen, k\u00f6nnen Sie mit einer gl\u00fccklichen Reise rechnen. Du bekommst mehr Energie, deine Sinne arbeiten st\u00e4rker und st\u00e4rker. Die Farben werden leuchten, die Kl\u00e4nge werden nicht nur geh\u00f6rt, sondern auch im K\u00f6rper gesp\u00fcrt, und vor allem werden Sie sehr aufgeregt sein.<\/p>\n<h3><strong>Pajaritos Bio-Tr\u00fcffel<\/strong><\/h3>\n<p>Die Pajaritos Tr\u00fcffel sind optisch etwas schw\u00e4cher, aber mein Gott, was f\u00fcr ein Lacher ist diese Tr\u00fcffel. Es macht Sie unglaublich gl\u00fccklich. Die mittlere St\u00e4rke sorgt daf\u00fcr, dass Sie eine Ver\u00e4nderung des Geistes und der Gedanken bemerken werden. Man kann kaum aufh\u00f6ren zu lachen, und es macht einen unglaublich energiegeladen. Du wirst Schauer im ganzen K\u00f6rper sp\u00fcren, die dir ein sch\u00f6nes, intensives Gef\u00fchl geben.<\/p>\n<h3><strong>Bio-Tr\u00fcffel Tampanensis<\/strong><\/h3>\n<p>Eine der bekanntesten Tr\u00fcffelarten ist die Tampanensis-Tr\u00fcffel. Diese Tr\u00fcffel wurde bereits 1977 von Steven Pollock entdeckt. Dies geschah in Amerika in der N\u00e4he von Tampa im Bundesstaat Florida. Es handelt sich um eine seltene Pilzart. Von dieser einen und ersten Tampanensis-Tr\u00fcffel, die entdeckt wurde, werden nun alle anderen Tampanensis-Tr\u00fcffeln durch Sporen gewonnen.<\/p>\n<h3><strong>Utopia Bio-Tr\u00fcffel<\/strong><\/h3>\n<p>Sie wollen mehr als eine normale Tr\u00fcffelreise? Dann w\u00e4hlen Sie die Utopia Tr\u00fcffel. Dies ist einer der st\u00e4rksten Tr\u00fcffel der Welt. Eine fantastische Reise ist also garantiert. Sie sind nicht nur stark halluzinogen, sondern f\u00f6rdern auch Ihre Kreativit\u00e4t und Ihr philosophisches Denken. Sie sind so intensiv, dass sie in jedem Bereich die maximale Punktzahl erreichen. Die Halluzinationen sind unglaublich stark.<\/p>\n<h3><strong>Galindoi Bio-Tr\u00fcffel<\/strong><\/h3>\n<p>Die Bio-Galindoi-Tr\u00fcffel geh\u00f6rt zu den st\u00e4rksten Tr\u00fcffelarten. Diese tropische Tr\u00fcffel hat einen sehr hohen Psilocybin-Gehalt. Psilocybin ist die aktive psychoaktive Substanz in Tr\u00fcffeln. Diese exotische Bio. Dieser grundsolide Bio-Galindoi ist ein charakteristisch tiefgr\u00fcndiger Tr\u00fcffel und hat extreme optische Effekte, ist aber etwas niedriger in seinem . In den Bereichen Philosophie, Euphorie und Kreativit\u00e4t erh\u00e4lt dieser Tr\u00fcffel eine glatte 10.<\/p>\n<h3><strong>Bio-Mischung<\/strong><\/h3>\n<p>Wir k\u00f6nnen den Bio-Mix zu Recht als Super-Mix bezeichnen. Was erwartet man, wenn man zwei der st\u00e4rksten Tr\u00fcffel der Welt mischt? W\u00e4hlen Sie den Bio-Mix nur, wenn Sie bereits viel Erfahrung mit Tr\u00fcffeln haben, da diese zu den st\u00e4rksten Tr\u00fcffeln geh\u00f6ren, die wir verkaufen.<\/p>\n<h3><strong>Warnung vor dem Produkt<\/strong><\/h3>\n<p>Nehmen Sie keine Magic Mushrooms oder Tr\u00fcffel, wenn Sie schlecht gelaunt, depressiv, psychotisch oder anderweitig geistig beeintr\u00e4chtigt sind. Magische Tr\u00fcffel sind nicht f\u00fcr Minderj\u00e4hrige oder schwangere Frauen geeignet, und es ist auch nicht ratsam, unter dem Einfluss von Psilocybin Auto zu fahren oder schwere Maschinen zu bedienen. Ein Zauberpilz oder Tr\u00fcffel sollte niemals in Kombination mit Alkohol oder anderen (verschriebenen oder illegalen) Drogen eingenommen werden. Beginnen Sie mit einer kleinen Dosis und stellen Sie sicher, dass Sie sich in Ihrer Gesellschaft und Umgebung wohl f\u00fchlen. Alle unsere Magic Mushroom Tr\u00fcffel sind frisch verpackt. Man sollte sie im K\u00fchlschrank aufbewahren. Unge\u00f6ffnet kann man sie etwa 2 Monate im K\u00fchlschrank aufbewahren. Nach dem \u00d6ffnen sind die Tr\u00fcffel jedoch nur wenige Tage haltbar.<\/p>\n","protected":false},"excerpt":{"rendered":"<p>Psilocybe Bio-Tr\u00fcffel in loser Sch\u00fcttung Suchen Sie eine gr\u00f6\u00dfere Menge Tr\u00fcffel, um mit Ihren Freunden auf eine spirituelle Reise zu gehen? Dann sollten Sie den Kauf dieser Bio-Gro\u00dfpackung Tr\u00fcffel in Erw\u00e4gung ziehen. Die Bulkware hat ein Gewicht von 250 Gramm und ist vakuumverpackt. Dabei handelt es sich entweder um 10 extreme oder 16 leichte Fahrten. [&hellip;]<\/p>\n","protected":false},"featured_media":20191,"comment_status":"closed","ping_status":"closed","template":"","meta":[],"product_brand":[],"product_cat":[112],"product_tag":[],"class_list":{"0":"post-22077","1":"product","2":"type-product","3":"status-publish","4":"has-post-thumbnail","6":"product_cat-bio-zauber-trueffel-xp","8":"first","9":"instock","10":"taxable","11":"shipping-taxable","12":"purchasable","13":"product-type-variable"},"yoast_head":"<!-- This site is optimized with the Yoast SEO Premium plugin v26.4 (Yoast SEO v27.2) - https:\/\/yoast.com\/product\/yoast-seo-premium-wordpress\/ -->\n<title>Bio Bulk Tr\u00fcffel - 250 Gramm - Dutchmicrodosing<\/title>\n<meta name=\"robots\" content=\"index, follow, max-snippet:-1, max-image-preview:large, max-video-preview:-1\" \/>\n<link rel=\"canonical\" href=\"https:\/\/dutchmicrodosing.com\/de\/psilocybin-truffel\/bio-zauber-trueffel-xp\/bio-bulk-truffel-250-gramm\/\" \/>\n<meta property=\"og:locale\" content=\"de_DE\" \/>\n<meta property=\"og:type\" content=\"article\" \/>\n<meta property=\"og:title\" content=\"Bio Bulk Tr\u00fcffel - 250 Gramm\" \/>\n<meta property=\"og:description\" content=\"Psilocybe Bio-Tr\u00fcffel in loser Sch\u00fcttung Suchen Sie eine gr\u00f6\u00dfere Menge Tr\u00fcffel, um mit Ihren Freunden auf eine spirituelle Reise zu gehen? Dann sollten\" \/>\n<meta property=\"og:url\" content=\"https:\/\/dutchmicrodosing.com\/de\/psilocybin-truffel\/bio-zauber-trueffel-xp\/bio-bulk-truffel-250-gramm\/\" \/>\n<meta property=\"og:site_name\" content=\"Dutchmicrodosing\" \/>\n<meta property=\"article:publisher\" content=\"https:\/\/www.facebook.com\/Dutchmicrodosingxp\/\" \/>\n<meta property=\"article:modified_time\" content=\"2023-03-28T11:35:12+00:00\" \/>\n<meta property=\"og:image\" content=\"https:\/\/dutchmicrodosing.com\/wp-content\/uploads\/2023\/02\/Organic_bulk_250gr.png\" \/>\n\t<meta property=\"og:image:width\" content=\"1000\" \/>\n\t<meta property=\"og:image:height\" content=\"1000\" \/>\n\t<meta property=\"og:image:type\" content=\"image\/png\" \/>\n<meta name=\"twitter:card\" content=\"summary_large_image\" \/>\n<script type=\"application\/ld+json\" class=\"yoast-schema-graph\">{\"@context\":\"https:\/\/schema.org\",\"@graph\":[{\"@type\":\"WebPage\",\"@id\":\"https:\/\/dutchmicrodosing.com\/de\/psilocybin-truffel\/bio-zauber-trueffel-xp\/bio-bulk-truffel-250-gramm\/\",\"url\":\"https:\/\/dutchmicrodosing.com\/de\/psilocybin-truffel\/bio-zauber-trueffel-xp\/bio-bulk-truffel-250-gramm\/\",\"name\":\"Bio Bulk Tr\u00fcffel - 250 Gramm - Dutchmicrodosing\",\"isPartOf\":{\"@id\":\"https:\/\/dutchmicrodosing.com\/de\/#website\"},\"primaryImageOfPage\":{\"@id\":\"https:\/\/dutchmicrodosing.com\/de\/psilocybin-truffel\/bio-zauber-trueffel-xp\/bio-bulk-truffel-250-gramm\/#primaryimage\"},\"image\":{\"@id\":\"https:\/\/dutchmicrodosing.com\/de\/psilocybin-truffel\/bio-zauber-trueffel-xp\/bio-bulk-truffel-250-gramm\/#primaryimage\"},\"thumbnailUrl\":\"https:\/\/dutchmicrodosing.com\/wp-content\/uploads\/2023\/02\/Organic_bulk_250gr.png\",\"datePublished\":\"2023-03-26T20:39:13+00:00\",\"dateModified\":\"2023-03-28T11:35:12+00:00\",\"breadcrumb\":{\"@id\":\"https:\/\/dutchmicrodosing.com\/de\/psilocybin-truffel\/bio-zauber-trueffel-xp\/bio-bulk-truffel-250-gramm\/#breadcrumb\"},\"inLanguage\":\"de\",\"potentialAction\":[{\"@type\":\"ReadAction\",\"target\":[\"https:\/\/dutchmicrodosing.com\/de\/psilocybin-truffel\/bio-zauber-trueffel-xp\/bio-bulk-truffel-250-gramm\/\"]}]},{\"@type\":\"ImageObject\",\"inLanguage\":\"de\",\"@id\":\"https:\/\/dutchmicrodosing.com\/de\/psilocybin-truffel\/bio-zauber-trueffel-xp\/bio-bulk-truffel-250-gramm\/#primaryimage\",\"url\":\"https:\/\/dutchmicrodosing.com\/wp-content\/uploads\/2023\/02\/Organic_bulk_250gr.png\",\"contentUrl\":\"https:\/\/dutchmicrodosing.com\/wp-content\/uploads\/2023\/02\/Organic_bulk_250gr.png\",\"width\":1000,\"height\":1000},{\"@type\":\"BreadcrumbList\",\"@id\":\"https:\/\/dutchmicrodosing.com\/de\/psilocybin-truffel\/bio-zauber-trueffel-xp\/bio-bulk-truffel-250-gramm\/#breadcrumb\",\"itemListElement\":[{\"@type\":\"ListItem\",\"position\":1,\"name\":\"Home\",\"item\":\"https:\/\/dutchmicrodosing.com\/de\/\"},{\"@type\":\"ListItem\",\"position\":2,\"name\":\"Shop\",\"item\":\"https:\/\/dutchmicrodosing.com\/de\/shop\/\"},{\"@type\":\"ListItem\",\"position\":3,\"name\":\"Bio Bulk Tr\u00fcffel &#8211; 250 Gramm\"}]},{\"@type\":\"WebSite\",\"@id\":\"https:\/\/dutchmicrodosing.com\/de\/#website\",\"url\":\"https:\/\/dutchmicrodosing.com\/de\/\",\"name\":\"Dutchmicrodosing\",\"description\":\"\",\"publisher\":{\"@id\":\"https:\/\/dutchmicrodosing.com\/de\/#organization\"},\"potentialAction\":[{\"@type\":\"SearchAction\",\"target\":{\"@type\":\"EntryPoint\",\"urlTemplate\":\"https:\/\/dutchmicrodosing.com\/de\/?s={search_term_string}\"},\"query-input\":{\"@type\":\"PropertyValueSpecification\",\"valueRequired\":true,\"valueName\":\"search_term_string\"}}],\"inLanguage\":\"de\"},{\"@type\":\"Organization\",\"@id\":\"https:\/\/dutchmicrodosing.com\/de\/#organization\",\"name\":\"Dutchmicrodosing\",\"url\":\"https:\/\/dutchmicrodosing.com\/de\/\",\"logo\":{\"@type\":\"ImageObject\",\"inLanguage\":\"de\",\"@id\":\"https:\/\/dutchmicrodosing.com\/de\/#\/schema\/logo\/image\/\",\"url\":\"https:\/\/dutchmicrodosing.com\/wp-content\/uploads\/2021\/01\/microdosing-categorie-pic-nieuw.jpg\",\"contentUrl\":\"https:\/\/dutchmicrodosing.com\/wp-content\/uploads\/2021\/01\/microdosing-categorie-pic-nieuw.jpg\",\"width\":500,\"height\":500,\"caption\":\"Dutchmicrodosing\"},\"image\":{\"@id\":\"https:\/\/dutchmicrodosing.com\/de\/#\/schema\/logo\/image\/\"},\"sameAs\":[\"https:\/\/www.facebook.com\/Dutchmicrodosingxp\/\",\"https:\/\/www.instagram.com\/dutchmicrodosing\/\"]}]}<\/script>\n<meta property=\"og:availability\" content=\"instock\" \/>\n<meta property=\"product:availability\" content=\"instock\" \/>\n<meta property=\"product:condition\" content=\"new\" \/>\n<!-- \/ Yoast SEO Premium plugin. -->","yoast_head_json":{"title":"Bio Bulk Tr\u00fcffel - 250 Gramm - Dutchmicrodosing","robots":{"index":"index","follow":"follow","max-snippet":"max-snippet:-1","max-image-preview":"max-image-preview:large","max-video-preview":"max-video-preview:-1"},"canonical":"https:\/\/dutchmicrodosing.com\/de\/psilocybin-truffel\/bio-zauber-trueffel-xp\/bio-bulk-truffel-250-gramm\/","og_locale":"de_DE","og_type":"article","og_title":"Bio Bulk Tr\u00fcffel - 250 Gramm","og_description":"Psilocybe Bio-Tr\u00fcffel in loser Sch\u00fcttung Suchen Sie eine gr\u00f6\u00dfere Menge Tr\u00fcffel, um mit Ihren Freunden auf eine spirituelle Reise zu gehen? Dann sollten","og_url":"https:\/\/dutchmicrodosing.com\/de\/psilocybin-truffel\/bio-zauber-trueffel-xp\/bio-bulk-truffel-250-gramm\/","og_site_name":"Dutchmicrodosing","article_publisher":"https:\/\/www.facebook.com\/Dutchmicrodosingxp\/","article_modified_time":"2023-03-28T11:35:12+00:00","og_image":[{"width":1000,"height":1000,"url":"https:\/\/dutchmicrodosing.com\/wp-content\/uploads\/2023\/02\/Organic_bulk_250gr.png","type":"image\/png"}],"twitter_card":"summary_large_image","schema":{"@context":"https:\/\/schema.org","@graph":[{"@type":"WebPage","@id":"https:\/\/dutchmicrodosing.com\/de\/psilocybin-truffel\/bio-zauber-trueffel-xp\/bio-bulk-truffel-250-gramm\/","url":"https:\/\/dutchmicrodosing.com\/de\/psilocybin-truffel\/bio-zauber-trueffel-xp\/bio-bulk-truffel-250-gramm\/","name":"Bio Bulk Tr\u00fcffel - 250 Gramm - Dutchmicrodosing","isPartOf":{"@id":"https:\/\/dutchmicrodosing.com\/de\/#website"},"primaryImageOfPage":{"@id":"https:\/\/dutchmicrodosing.com\/de\/psilocybin-truffel\/bio-zauber-trueffel-xp\/bio-bulk-truffel-250-gramm\/#primaryimage"},"image":{"@id":"https:\/\/dutchmicrodosing.com\/de\/psilocybin-truffel\/bio-zauber-trueffel-xp\/bio-bulk-truffel-250-gramm\/#primaryimage"},"thumbnailUrl":"https:\/\/dutchmicrodosing.com\/wp-content\/uploads\/2023\/02\/Organic_bulk_250gr.png","datePublished":"2023-03-26T20:39:13+00:00","dateModified":"2023-03-28T11:35:12+00:00","breadcrumb":{"@id":"https:\/\/dutchmicrodosing.com\/de\/psilocybin-truffel\/bio-zauber-trueffel-xp\/bio-bulk-truffel-250-gramm\/#breadcrumb"},"inLanguage":"de","potentialAction":[{"@type":"ReadAction","target":["https:\/\/dutchmicrodosing.com\/de\/psilocybin-truffel\/bio-zauber-trueffel-xp\/bio-bulk-truffel-250-gramm\/"]}]},{"@type":"ImageObject","inLanguage":"de","@id":"https:\/\/dutchmicrodosing.com\/de\/psilocybin-truffel\/bio-zauber-trueffel-xp\/bio-bulk-truffel-250-gramm\/#primaryimage","url":"https:\/\/dutchmicrodosing.com\/wp-content\/uploads\/2023\/02\/Organic_bulk_250gr.png","contentUrl":"https:\/\/dutchmicrodosing.com\/wp-content\/uploads\/2023\/02\/Organic_bulk_250gr.png","width":1000,"height":1000},{"@type":"BreadcrumbList","@id":"https:\/\/dutchmicrodosing.com\/de\/psilocybin-truffel\/bio-zauber-trueffel-xp\/bio-bulk-truffel-250-gramm\/#breadcrumb","itemListElement":[{"@type":"ListItem","position":1,"name":"Home","item":"https:\/\/dutchmicrodosing.com\/de\/"},{"@type":"ListItem","position":2,"name":"Shop","item":"https:\/\/dutchmicrodosing.com\/de\/shop\/"},{"@type":"ListItem","position":3,"name":"Bio Bulk Tr\u00fcffel &#8211; 250 Gramm"}]},{"@type":"WebSite","@id":"https:\/\/dutchmicrodosing.com\/de\/#website","url":"https:\/\/dutchmicrodosing.com\/de\/","name":"Dutchmicrodosing","description":"","publisher":{"@id":"https:\/\/dutchmicrodosing.com\/de\/#organization"},"potentialAction":[{"@type":"SearchAction","target":{"@type":"EntryPoint","urlTemplate":"https:\/\/dutchmicrodosing.com\/de\/?s={search_term_string}"},"query-input":{"@type":"PropertyValueSpecification","valueRequired":true,"valueName":"search_term_string"}}],"inLanguage":"de"},{"@type":"Organization","@id":"https:\/\/dutchmicrodosing.com\/de\/#organization","name":"Dutchmicrodosing","url":"https:\/\/dutchmicrodosing.com\/de\/","logo":{"@type":"ImageObject","inLanguage":"de","@id":"https:\/\/dutchmicrodosing.com\/de\/#\/schema\/logo\/image\/","url":"https:\/\/dutchmicrodosing.com\/wp-content\/uploads\/2021\/01\/microdosing-categorie-pic-nieuw.jpg","contentUrl":"https:\/\/dutchmicrodosing.com\/wp-content\/uploads\/2021\/01\/microdosing-categorie-pic-nieuw.jpg","width":500,"height":500,"caption":"Dutchmicrodosing"},"image":{"@id":"https:\/\/dutchmicrodosing.com\/de\/#\/schema\/logo\/image\/"},"sameAs":["https:\/\/www.facebook.com\/Dutchmicrodosingxp\/","https:\/\/www.instagram.com\/dutchmicrodosing\/"]}]},"og_availability":"instock","product_availability":"instock","product_condition":"new"},"_links":{"self":[{"href":"https:\/\/dutchmicrodosing.com\/de\/wp-json\/wp\/v2\/product\/22077","targetHints":{"allow":["GET"]}}],"collection":[{"href":"https:\/\/dutchmicrodosing.com\/de\/wp-json\/wp\/v2\/product"}],"about":[{"href":"https:\/\/dutchmicrodosing.com\/de\/wp-json\/wp\/v2\/types\/product"}],"replies":[{"embeddable":true,"href":"https:\/\/dutchmicrodosing.com\/de\/wp-json\/wp\/v2\/comments?post=22077"}],"version-history":[{"count":0,"href":"https:\/\/dutchmicrodosing.com\/de\/wp-json\/wp\/v2\/product\/22077\/revisions"}],"wp:featuredmedia":[{"embeddable":true,"href":"https:\/\/dutchmicrodosing.com\/de\/wp-json\/wp\/v2\/media\/20191"}],"wp:attachment":[{"href":"https:\/\/dutchmicrodosing.com\/de\/wp-json\/wp\/v2\/media?parent=22077"}],"wp:term":[{"taxonomy":"product_brand","embeddable":true,"href":"https:\/\/dutchmicrodosing.com\/de\/wp-json\/wp\/v2\/product_brand?post=22077"},{"taxonomy":"product_cat","embeddable":true,"href":"https:\/\/dutchmicrodosing.com\/de\/wp-json\/wp\/v2\/product_cat?post=22077"},{"taxonomy":"product_tag","embeddable":true,"href":"https:\/\/dutchmicrodosing.com\/de\/wp-json\/wp\/v2\/product_tag?post=22077"}],"curies":[{"name":"wp","href":"https:\/\/api.w.org\/{rel}","templated":true}]}}