{"id":25070,"date":"2023-06-01T12:50:06","date_gmt":"2023-06-01T10:50:06","guid":{"rendered":"https:\/\/dutchmicrodosing.com\/shop\/unkategorisiert\/wise-rootz-peak-performance\/"},"modified":"2026-02-03T16:42:31","modified_gmt":"2026-02-03T15:42:31","slug":"wise-rootz-peak-performance","status":"publish","type":"product","link":"https:\/\/dutchmicrodosing.com\/de\/mikrodosierung\/wise-rootz-peak-performance\/","title":{"rendered":"Wise Rootz &#8211; Spitzenleistung (1 Monat)"},"content":{"rendered":"<p>Die Mikrodosierung Tr\u00fcffel <strong>Peak Performance Linie<\/strong> ist speziell f\u00fcr die Optimierung der k\u00f6rperlichen Leistungsf\u00e4higkeit konzipiert. Durch die Zugabe von hochwertigem Cordyceps Militaris und MCT-\u00d6l zu unserem Kakao legen wir den Schwerpunkt auf die Verbesserung der Spitzenleistung.<br \/>\nDie Kombination aus Cordyceps militaris, MCT-\u00d6l, reinem Kakao und nat\u00fcrlichen Tr\u00fcffeln sorgt f\u00fcr einen Energieschub, verk\u00fcrzt die Erholungszeit und sch\u00fctzt das Immunsystem w\u00e4hrend des Trainings. Peak Performance stimuliert auch die Durchblutung des Herzens, was zu einer verbesserten kardiovaskul\u00e4ren Gesundheit und einer erh\u00f6hten Sauerstoffversorgung der Muskelzellen f\u00fchrt. So k\u00f6nnen Sie schneller und mit weniger Erm\u00fcdung Kraft und Ausdauer aufbauen und Ihre t\u00e4gliche Leistung verbessern. Im Wesentlichen ist Peak Performance Ihr Schl\u00fcssel zum Erfolg bei allen Arten von k\u00f6rperlicher Leistung.<\/p>\n<h2>Gibt es Vorteile f\u00fcr Wise Rootz Peak Performance?<\/h2>\n<ul>\n<li>Unterst\u00fctzung des Energieniveaus<\/li>\n<li>Energieschub<\/li>\n<li>F\u00fcr eine schnellere Erholung nach k\u00f6rperlicher Anstrengung<\/li>\n<li>Unterst\u00fctzt das Immunsystem bei sportlicher Bet\u00e4tigung<\/li>\n<li>Gut f\u00fcr die Blutversorgung des Herzens<\/li>\n<li>Sauerstoffversorgung der Zellen des Muskelgewebes<\/li>\n<li>Stabile Blutzuckerwerte<\/li>\n<li>Erholung des Muskelgewebes nach dem Training<\/li>\n<li>Sch\u00fctzt die K\u00f6rperzellen w\u00e4hrend des Trainings<\/li>\n<\/ul>\n<h3><strong>Kognitive Funktionen, die unter anderem dazu beitragen k\u00f6nnen:<\/strong><\/h3>\n<ul>\n<li>Erh\u00f6hte Neuroplastizit\u00e4t<\/li>\n<li>Kreativit\u00e4t<\/li>\n<li>Produktivit\u00e4t<\/li>\n<\/ul>\n<h3><strong>Geistige Arbeiten, die helfen k\u00f6nnen:<\/strong><\/h3>\n<ul>\n<li>Gef\u00fchl der Unruhe oder Anspannung<\/li>\n<li>Im Falle von Stress<\/li>\n<li>Angstgef\u00fchle<\/li>\n<li>Mentaler Druck und Anstrengung<\/li>\n<\/ul>\n<h3><strong>Physikalische\/Gesundheitliche Abl\u00e4ufe, die dazu beitragen:<br \/>\n<\/strong><\/h3>\n<ul>\n<li>Senkung des Blutdrucks<\/li>\n<li>Positive Wirkung auf kognitive Funktionen<\/li>\n<li>Schutz des kardiovaskul\u00e4ren Systems<\/li>\n<li>Verbesserte k\u00f6rperliche Leistungsf\u00e4higkeit<\/li>\n<\/ul>\n<h3>Wise Rootz Anwendung<\/h3>\n<div>Eine hervorragende L\u00f6sung f\u00fcr die \u00dcberwachung von Prozessen ohne zus\u00e4tzliche Kosten oder Stress. Die einzigartige, von Deliqs entwickelte App erm\u00f6glicht es den Nutzern, sich Vors\u00e4tze und Protokolle zu setzen und ihre Fortschritte zu verfolgen. Dies geschieht durch detaillierte Diagramme mit interaktiven Aufzeichnungen und \u00dcbungen, die auf den aktuellen Emotionen basieren!<\/div>\n<ul>\n<li>\u00dcberwachung der Prozesse<\/li>\n<li>Die F\u00e4higkeit, Absichten zu formulieren<\/li>\n<li>F\u00e4higkeit zur Erstellung von Protokollen<\/li>\n<li>Fortschritte k\u00f6nnen anhand detaillierter Diagramme nachverfolgt werden<\/li>\n<li>Interaktives Journaling<\/li>\n<li>\u00dcbungen<\/li>\n<li>Mahnungen<\/li>\n<\/ul>\n<h3>Inhalt<\/h3>\n<p><strong>1 Ganzmonatige Erfahrung &#8211; Peak Performance<\/strong><\/p>\n<ul>\n<li>12 x Mikrodosierung<\/li>\n<li>12 x Rohkakao mit Cordyceps militaris und MCT-\u00d6l<\/li>\n<li>1 x Sch\u00f6ner Edelstein<\/li>\n<li>1 x Zugang zur vollst\u00e4ndigen Wise Rootz-App \u00fcber einen pers\u00f6nlichen Code pro Box<\/li>\n<\/ul>\n<h3>Wise Rootz bewahren &#8211; Spitzenleistung<\/h3>\n<p>Wenn Sie Wise Rootz &#8211; Peak Performance k\u00fchl und trocken lagern, k\u00f6nnen Sie es oft noch mindestens zwei Monate aufbewahren. Die ideale Temperatur liegt zwischen 2 und 4 Grad Celsius. Achten Sie auf das auf der Verpackung angegebene Verfallsdatum, um zu sehen, wie lange sie haltbar sind.<\/p>\n<h3>Kommentare<\/h3>\n<p>Wir m\u00f6chten Sie \u00fcber unsere Politik in Bezug auf Behauptungen \u00fcber medizinische Eigenschaften von Kr\u00e4utern und Pilzen auf unserer Website informieren. Das geltende EU-Recht verbietet derartige Behauptungen. Obwohl es die traditionelle chinesische Medizin seit Tausenden von Jahren gibt und sie an zahllosen Patienten erprobt wurde, d\u00fcrfen wir keine Wirkungen erw\u00e4hnen, die durch wissenschaftliche Untersuchungen best\u00e4tigt worden sind. Wir verlassen uns jedoch auf den gesunden Menschenverstand unserer Kunden, und detaillierte Informationen \u00fcber Pilze sind in \u00f6ffentlichen Quellen im Internet zu finden.<\/p>\n","protected":false},"excerpt":{"rendered":"<p>Die Mikrodosierung Tr\u00fcffel Peak Performance Linie ist speziell f\u00fcr die Optimierung der k\u00f6rperlichen Leistungsf\u00e4higkeit konzipiert. Durch die Zugabe von hochwertigem Cordyceps Militaris und MCT-\u00d6l zu unserem Kakao legen wir den Schwerpunkt auf die Verbesserung der Spitzenleistung. Die Kombination aus Cordyceps militaris, MCT-\u00d6l, reinem Kakao und nat\u00fcrlichen Tr\u00fcffeln sorgt f\u00fcr einen Energieschub, verk\u00fcrzt die Erholungszeit und [&hellip;]<\/p>\n","protected":false},"featured_media":24551,"comment_status":"closed","ping_status":"closed","template":"","meta":[],"product_brand":[],"product_cat":[111,114,317],"product_tag":[],"class_list":{"0":"post-25070","1":"product","2":"type-product","3":"status-publish","4":"has-post-thumbnail","6":"product_cat-mikrodosierung","7":"product_cat-medizinische-pilze","8":"product_cat-kreativitatserganzungsmittel","10":"first","11":"outofstock","12":"sale","13":"taxable","14":"shipping-taxable","15":"purchasable","16":"product-type-simple"},"yoast_head":"<!-- This site is optimized with the Yoast SEO Premium plugin v26.4 (Yoast SEO v27.4) - https:\/\/yoast.com\/product\/yoast-seo-premium-wordpress\/ -->\n<title>Wise Rootz - Spitzenleistung (1 Monat) - Dutchmicrodosing<\/title>\n<meta name=\"description\" content=\"Die Mikrodosierung Tr\u00fcffel Peak Performance Linie ist speziell f\u00fcr die Optimierung der k\u00f6rperlichen Leistungsf\u00e4higkeit konzipiert. Der Zusatz von hochwertigem Cordyceps.\" \/>\n<meta name=\"robots\" content=\"index, follow, max-snippet:-1, max-image-preview:large, max-video-preview:-1\" \/>\n<link rel=\"canonical\" href=\"https:\/\/dutchmicrodosing.com\/de\/mikrodosierung\/wise-rootz-peak-performance\/\" \/>\n<meta property=\"og:locale\" content=\"de_DE\" \/>\n<meta property=\"og:type\" content=\"article\" \/>\n<meta property=\"og:title\" content=\"Wise Rootz - Spitzenleistung (1 Monat)\" \/>\n<meta property=\"og:description\" content=\"Die Mikrodosierung Tr\u00fcffel Peak Performance Linie ist speziell f\u00fcr die Optimierung der k\u00f6rperlichen Leistungsf\u00e4higkeit konzipiert. Durch die Zugabe von\" \/>\n<meta property=\"og:url\" content=\"https:\/\/dutchmicrodosing.com\/de\/mikrodosierung\/wise-rootz-peak-performance\/\" \/>\n<meta property=\"og:site_name\" content=\"Dutchmicrodosing\" \/>\n<meta property=\"article:publisher\" content=\"https:\/\/www.facebook.com\/Dutchmicrodosingxp\/\" \/>\n<meta property=\"article:modified_time\" content=\"2026-02-03T15:42:31+00:00\" \/>\n<meta property=\"og:image\" content=\"https:\/\/dutchmicrodosing.com\/wp-content\/uploads\/2023\/06\/wiserootz_box_peakperformance.jpg\" \/>\n\t<meta property=\"og:image:width\" content=\"1174\" \/>\n\t<meta property=\"og:image:height\" content=\"882\" \/>\n\t<meta property=\"og:image:type\" content=\"image\/jpeg\" \/>\n<meta name=\"twitter:card\" content=\"summary_large_image\" \/>\n<script type=\"application\/ld+json\" class=\"yoast-schema-graph\">{\"@context\":\"https:\\\/\\\/schema.org\",\"@graph\":[{\"@type\":\"WebPage\",\"@id\":\"https:\\\/\\\/dutchmicrodosing.com\\\/de\\\/mikrodosierung\\\/wise-rootz-peak-performance\\\/\",\"url\":\"https:\\\/\\\/dutchmicrodosing.com\\\/de\\\/mikrodosierung\\\/wise-rootz-peak-performance\\\/\",\"name\":\"Wise Rootz - Spitzenleistung (1 Monat) - Dutchmicrodosing\",\"isPartOf\":{\"@id\":\"https:\\\/\\\/dutchmicrodosing.com\\\/de\\\/#website\"},\"primaryImageOfPage\":{\"@id\":\"https:\\\/\\\/dutchmicrodosing.com\\\/de\\\/mikrodosierung\\\/wise-rootz-peak-performance\\\/#primaryimage\"},\"image\":{\"@id\":\"https:\\\/\\\/dutchmicrodosing.com\\\/de\\\/mikrodosierung\\\/wise-rootz-peak-performance\\\/#primaryimage\"},\"thumbnailUrl\":\"https:\\\/\\\/dutchmicrodosing.com\\\/wp-content\\\/uploads\\\/2023\\\/06\\\/wiserootz_box_peakperformance.jpg\",\"datePublished\":\"2023-06-01T10:50:06+00:00\",\"dateModified\":\"2026-02-03T15:42:31+00:00\",\"description\":\"Die Mikrodosierung Tr\u00fcffel Peak Performance Linie ist speziell f\u00fcr die Optimierung der k\u00f6rperlichen Leistungsf\u00e4higkeit konzipiert. Der Zusatz von hochwertigem Cordyceps.\",\"breadcrumb\":{\"@id\":\"https:\\\/\\\/dutchmicrodosing.com\\\/de\\\/mikrodosierung\\\/wise-rootz-peak-performance\\\/#breadcrumb\"},\"inLanguage\":\"de\",\"potentialAction\":[{\"@type\":\"ReadAction\",\"target\":[\"https:\\\/\\\/dutchmicrodosing.com\\\/de\\\/mikrodosierung\\\/wise-rootz-peak-performance\\\/\"]}]},{\"@type\":\"ImageObject\",\"inLanguage\":\"de\",\"@id\":\"https:\\\/\\\/dutchmicrodosing.com\\\/de\\\/mikrodosierung\\\/wise-rootz-peak-performance\\\/#primaryimage\",\"url\":\"https:\\\/\\\/dutchmicrodosing.com\\\/wp-content\\\/uploads\\\/2023\\\/06\\\/wiserootz_box_peakperformance.jpg\",\"contentUrl\":\"https:\\\/\\\/dutchmicrodosing.com\\\/wp-content\\\/uploads\\\/2023\\\/06\\\/wiserootz_box_peakperformance.jpg\",\"width\":1174,\"height\":882},{\"@type\":\"BreadcrumbList\",\"@id\":\"https:\\\/\\\/dutchmicrodosing.com\\\/de\\\/mikrodosierung\\\/wise-rootz-peak-performance\\\/#breadcrumb\",\"itemListElement\":[{\"@type\":\"ListItem\",\"position\":1,\"name\":\"Home\",\"item\":\"https:\\\/\\\/dutchmicrodosing.com\\\/de\\\/\"},{\"@type\":\"ListItem\",\"position\":2,\"name\":\"Shop\",\"item\":\"https:\\\/\\\/dutchmicrodosing.com\\\/de\\\/shop\\\/\"},{\"@type\":\"ListItem\",\"position\":3,\"name\":\"Wise Rootz &#8211; Spitzenleistung (1 Monat)\"}]},{\"@type\":\"WebSite\",\"@id\":\"https:\\\/\\\/dutchmicrodosing.com\\\/de\\\/#website\",\"url\":\"https:\\\/\\\/dutchmicrodosing.com\\\/de\\\/\",\"name\":\"Dutchmicrodosing\",\"description\":\"\",\"publisher\":{\"@id\":\"https:\\\/\\\/dutchmicrodosing.com\\\/de\\\/#organization\"},\"potentialAction\":[{\"@type\":\"SearchAction\",\"target\":{\"@type\":\"EntryPoint\",\"urlTemplate\":\"https:\\\/\\\/dutchmicrodosing.com\\\/de\\\/?s={search_term_string}\"},\"query-input\":{\"@type\":\"PropertyValueSpecification\",\"valueRequired\":true,\"valueName\":\"search_term_string\"}}],\"inLanguage\":\"de\"},{\"@type\":\"Organization\",\"@id\":\"https:\\\/\\\/dutchmicrodosing.com\\\/de\\\/#organization\",\"name\":\"Dutchmicrodosing\",\"url\":\"https:\\\/\\\/dutchmicrodosing.com\\\/de\\\/\",\"logo\":{\"@type\":\"ImageObject\",\"inLanguage\":\"de\",\"@id\":\"https:\\\/\\\/dutchmicrodosing.com\\\/de\\\/#\\\/schema\\\/logo\\\/image\\\/\",\"url\":\"https:\\\/\\\/dutchmicrodosing.com\\\/wp-content\\\/uploads\\\/2021\\\/01\\\/microdosing-categorie-pic-nieuw.jpg\",\"contentUrl\":\"https:\\\/\\\/dutchmicrodosing.com\\\/wp-content\\\/uploads\\\/2021\\\/01\\\/microdosing-categorie-pic-nieuw.jpg\",\"width\":500,\"height\":500,\"caption\":\"Dutchmicrodosing\"},\"image\":{\"@id\":\"https:\\\/\\\/dutchmicrodosing.com\\\/de\\\/#\\\/schema\\\/logo\\\/image\\\/\"},\"sameAs\":[\"https:\\\/\\\/www.facebook.com\\\/Dutchmicrodosingxp\\\/\",\"https:\\\/\\\/www.instagram.com\\\/dutchmicrodosing\\\/\"]}]}<\/script>\n<meta property=\"product:price:amount\" content=\"49.95\" \/>\n<meta property=\"product:price:currency\" content=\"EUR\" \/>\n<meta property=\"og:availability\" content=\"out of stock\" \/>\n<meta property=\"product:availability\" content=\"out of stock\" \/>\n<meta property=\"product:retailer_item_id\" content=\"3205763\" \/>\n<meta property=\"product:condition\" content=\"new\" \/>\n<!-- \/ Yoast SEO Premium plugin. -->","yoast_head_json":{"title":"Wise Rootz - Spitzenleistung (1 Monat) - Dutchmicrodosing","description":"Die Mikrodosierung Tr\u00fcffel Peak Performance Linie ist speziell f\u00fcr die Optimierung der k\u00f6rperlichen Leistungsf\u00e4higkeit konzipiert. Der Zusatz von hochwertigem Cordyceps.","robots":{"index":"index","follow":"follow","max-snippet":"max-snippet:-1","max-image-preview":"max-image-preview:large","max-video-preview":"max-video-preview:-1"},"canonical":"https:\/\/dutchmicrodosing.com\/de\/mikrodosierung\/wise-rootz-peak-performance\/","og_locale":"de_DE","og_type":"article","og_title":"Wise Rootz - Spitzenleistung (1 Monat)","og_description":"Die Mikrodosierung Tr\u00fcffel Peak Performance Linie ist speziell f\u00fcr die Optimierung der k\u00f6rperlichen Leistungsf\u00e4higkeit konzipiert. Durch die Zugabe von","og_url":"https:\/\/dutchmicrodosing.com\/de\/mikrodosierung\/wise-rootz-peak-performance\/","og_site_name":"Dutchmicrodosing","article_publisher":"https:\/\/www.facebook.com\/Dutchmicrodosingxp\/","article_modified_time":"2026-02-03T15:42:31+00:00","og_image":[{"width":1174,"height":882,"url":"https:\/\/dutchmicrodosing.com\/wp-content\/uploads\/2023\/06\/wiserootz_box_peakperformance.jpg","type":"image\/jpeg"}],"twitter_card":"summary_large_image","schema":{"@context":"https:\/\/schema.org","@graph":[{"@type":"WebPage","@id":"https:\/\/dutchmicrodosing.com\/de\/mikrodosierung\/wise-rootz-peak-performance\/","url":"https:\/\/dutchmicrodosing.com\/de\/mikrodosierung\/wise-rootz-peak-performance\/","name":"Wise Rootz - Spitzenleistung (1 Monat) - Dutchmicrodosing","isPartOf":{"@id":"https:\/\/dutchmicrodosing.com\/de\/#website"},"primaryImageOfPage":{"@id":"https:\/\/dutchmicrodosing.com\/de\/mikrodosierung\/wise-rootz-peak-performance\/#primaryimage"},"image":{"@id":"https:\/\/dutchmicrodosing.com\/de\/mikrodosierung\/wise-rootz-peak-performance\/#primaryimage"},"thumbnailUrl":"https:\/\/dutchmicrodosing.com\/wp-content\/uploads\/2023\/06\/wiserootz_box_peakperformance.jpg","datePublished":"2023-06-01T10:50:06+00:00","dateModified":"2026-02-03T15:42:31+00:00","description":"Die Mikrodosierung Tr\u00fcffel Peak Performance Linie ist speziell f\u00fcr die Optimierung der k\u00f6rperlichen Leistungsf\u00e4higkeit konzipiert. Der Zusatz von hochwertigem Cordyceps.","breadcrumb":{"@id":"https:\/\/dutchmicrodosing.com\/de\/mikrodosierung\/wise-rootz-peak-performance\/#breadcrumb"},"inLanguage":"de","potentialAction":[{"@type":"ReadAction","target":["https:\/\/dutchmicrodosing.com\/de\/mikrodosierung\/wise-rootz-peak-performance\/"]}]},{"@type":"ImageObject","inLanguage":"de","@id":"https:\/\/dutchmicrodosing.com\/de\/mikrodosierung\/wise-rootz-peak-performance\/#primaryimage","url":"https:\/\/dutchmicrodosing.com\/wp-content\/uploads\/2023\/06\/wiserootz_box_peakperformance.jpg","contentUrl":"https:\/\/dutchmicrodosing.com\/wp-content\/uploads\/2023\/06\/wiserootz_box_peakperformance.jpg","width":1174,"height":882},{"@type":"BreadcrumbList","@id":"https:\/\/dutchmicrodosing.com\/de\/mikrodosierung\/wise-rootz-peak-performance\/#breadcrumb","itemListElement":[{"@type":"ListItem","position":1,"name":"Home","item":"https:\/\/dutchmicrodosing.com\/de\/"},{"@type":"ListItem","position":2,"name":"Shop","item":"https:\/\/dutchmicrodosing.com\/de\/shop\/"},{"@type":"ListItem","position":3,"name":"Wise Rootz &#8211; Spitzenleistung (1 Monat)"}]},{"@type":"WebSite","@id":"https:\/\/dutchmicrodosing.com\/de\/#website","url":"https:\/\/dutchmicrodosing.com\/de\/","name":"Dutchmicrodosing","description":"","publisher":{"@id":"https:\/\/dutchmicrodosing.com\/de\/#organization"},"potentialAction":[{"@type":"SearchAction","target":{"@type":"EntryPoint","urlTemplate":"https:\/\/dutchmicrodosing.com\/de\/?s={search_term_string}"},"query-input":{"@type":"PropertyValueSpecification","valueRequired":true,"valueName":"search_term_string"}}],"inLanguage":"de"},{"@type":"Organization","@id":"https:\/\/dutchmicrodosing.com\/de\/#organization","name":"Dutchmicrodosing","url":"https:\/\/dutchmicrodosing.com\/de\/","logo":{"@type":"ImageObject","inLanguage":"de","@id":"https:\/\/dutchmicrodosing.com\/de\/#\/schema\/logo\/image\/","url":"https:\/\/dutchmicrodosing.com\/wp-content\/uploads\/2021\/01\/microdosing-categorie-pic-nieuw.jpg","contentUrl":"https:\/\/dutchmicrodosing.com\/wp-content\/uploads\/2021\/01\/microdosing-categorie-pic-nieuw.jpg","width":500,"height":500,"caption":"Dutchmicrodosing"},"image":{"@id":"https:\/\/dutchmicrodosing.com\/de\/#\/schema\/logo\/image\/"},"sameAs":["https:\/\/www.facebook.com\/Dutchmicrodosingxp\/","https:\/\/www.instagram.com\/dutchmicrodosing\/"]}]},"product_price_amount":"49.95","product_price_currency":"EUR","og_availability":"out of stock","product_availability":"out of stock","product_retailer_item_id":"3205763","product_condition":"new"},"_links":{"self":[{"href":"https:\/\/dutchmicrodosing.com\/de\/wp-json\/wp\/v2\/product\/25070","targetHints":{"allow":["GET"]}}],"collection":[{"href":"https:\/\/dutchmicrodosing.com\/de\/wp-json\/wp\/v2\/product"}],"about":[{"href":"https:\/\/dutchmicrodosing.com\/de\/wp-json\/wp\/v2\/types\/product"}],"replies":[{"embeddable":true,"href":"https:\/\/dutchmicrodosing.com\/de\/wp-json\/wp\/v2\/comments?post=25070"}],"version-history":[{"count":1,"href":"https:\/\/dutchmicrodosing.com\/de\/wp-json\/wp\/v2\/product\/25070\/revisions"}],"predecessor-version":[{"id":64292,"href":"https:\/\/dutchmicrodosing.com\/de\/wp-json\/wp\/v2\/product\/25070\/revisions\/64292"}],"wp:featuredmedia":[{"embeddable":true,"href":"https:\/\/dutchmicrodosing.com\/de\/wp-json\/wp\/v2\/media\/24551"}],"wp:attachment":[{"href":"https:\/\/dutchmicrodosing.com\/de\/wp-json\/wp\/v2\/media?parent=25070"}],"wp:term":[{"taxonomy":"product_brand","embeddable":true,"href":"https:\/\/dutchmicrodosing.com\/de\/wp-json\/wp\/v2\/product_brand?post=25070"},{"taxonomy":"product_cat","embeddable":true,"href":"https:\/\/dutchmicrodosing.com\/de\/wp-json\/wp\/v2\/product_cat?post=25070"},{"taxonomy":"product_tag","embeddable":true,"href":"https:\/\/dutchmicrodosing.com\/de\/wp-json\/wp\/v2\/product_tag?post=25070"}],"curies":[{"name":"wp","href":"https:\/\/api.w.org\/{rel}","templated":true}]}}