{"id":25078,"date":"2023-06-01T12:26:02","date_gmt":"2023-06-01T10:26:02","guid":{"rendered":"https:\/\/dutchmicrodosing.com\/shop\/unkategorisiert\/wise-rootz-signature-synergy\/"},"modified":"2025-09-01T09:44:39","modified_gmt":"2025-09-01T07:44:39","slug":"wise-rootz-signature-synergy","status":"publish","type":"product","link":"https:\/\/dutchmicrodosing.com\/de\/mikrodosierung\/wise-rootz-signature-synergy\/","title":{"rendered":"Wise Rootz &#8211; Signatur-Synergie (1 Monat)"},"content":{"rendered":"<p>Zusammenfassend l\u00e4sst sich sagen, dass die Standardlinie der <strong>Wise Rootz<\/strong> &#8211;<strong> Signature Synergy<\/strong> Microdosing Tr\u00fcffel eine zug\u00e4ngliche Basis darstellt, die jedem die M\u00f6glichkeit gibt, die alten Geheimnisse der Gesundheit und des Wohlbefindens zu entdecken. Diese Linie kann bei Bedarf durch zus\u00e4tzliche Add-ons erg\u00e4nzt werden. Das Produkt Signature Synergy ist eine bahnbrechende Innovation, die Erkenntnisse aus der Antike auf die Gegenwart \u00fcbertr\u00e4gt. Diese spezielle Linie wurde geschaffen, um als Grundlage f\u00fcr die Erforschung und Verbesserung Ihres k\u00f6rperlichen und geistigen Potenzials zu dienen. Jede Schachtel ist einen Monat lang haltbar und enth\u00e4lt 12 Gramm Tr\u00fcffel und 12 Portionen Rohkakao.<\/p>\n<p>Signature Synergy bietet eine besondere Kombination, die im t\u00e4glichen Leben deutliche Vorteile bietet, mit positiven Auswirkungen auf die k\u00f6rperliche, kognitive und geistige Gesundheit. Bei regelm\u00e4\u00dfiger Anwendung k\u00f6nnen Sie diese Bereiche verbessern, was zu einem Gef\u00fchl der Ausgeglichenheit und Harmonie f\u00fchrt. Kurz gesagt, diese einzigartige Synergie ist ein Kraftpaket aus nat\u00fcrlichen Inhaltsstoffen, die Ihre allgemeine Gesundheit unterst\u00fctzen.<\/p>\n<h3>Was ist in Wise Rootz Signature Synergy enthalten?<\/h3>\n<ul>\n<li><strong>Kakao von der Bohne bis zum Riegel<\/strong>: Wir verwenden nur den allerbesten, reinsten Kakao, der direkt von der Bohne bis zum Riegel verarbeitet wird. Dieser ist nicht nur k\u00f6stlich, sondern auch vollgepackt mit Antioxidantien und N\u00e4hrstoffen, die Ihre Gehirnfunktion f\u00f6rdern k\u00f6nnen.<\/li>\n<li><strong>Magic Truffles<\/strong>: Ein sorgf\u00e4ltig ausgew\u00e4hlter Zusatzstoff, der die Kreativit\u00e4t und die geistige Klarheit f\u00f6rdern kann.<\/li>\n<\/ul>\n<h3>Kognitive Funktionen, die unter anderem dazu beitragen k\u00f6nnen:<\/h3>\n<ul>\n<li>Erh\u00f6hte Neuroplastizit\u00e4t<\/li>\n<li>Kreativit\u00e4t<\/li>\n<li>Produktivit\u00e4t<\/li>\n<\/ul>\n<h3>Geistige Arbeiten, die helfen k\u00f6nnen;<\/h3>\n<ul>\n<li>Gef\u00fchl der Unruhe oder Anspannung<\/li>\n<li>Im Falle von Stress<\/li>\n<li>Angstgef\u00fchle<\/li>\n<li>Mentaler Druck und Anstrengung<\/li>\n<\/ul>\n<h3>Physische\/gesundheitliche Arbeiten k\u00f6nnen dazu beitragen:<strong><br \/>\n<\/strong><\/h3>\n<ul>\n<li>Senkung des Blutdrucks<\/li>\n<li>Positive Wirkung auf kognitive Funktionen<\/li>\n<li>Schutz des kardiovaskul\u00e4ren Systems<\/li>\n<li>Verbesserte k\u00f6rperliche Leistungsf\u00e4higkeit<\/li>\n<\/ul>\n<h3>Wise Rootz Anwendung<\/h3>\n<div>Eine hervorragende L\u00f6sung f\u00fcr die \u00dcberwachung von Prozessen ohne zus\u00e4tzliche Kosten oder Stress. Die einzigartige, von Deliqs entwickelte App erm\u00f6glicht es den Nutzern, sich Vors\u00e4tze und Protokolle zu setzen und ihre Fortschritte zu verfolgen. Dies geschieht durch detaillierte Diagramme mit interaktiven Aufzeichnungen und \u00dcbungen, die auf den aktuellen Emotionen basieren!<\/div>\n<ul>\n<li>\u00dcberwachung der Prozesse<\/li>\n<li>Die F\u00e4higkeit, Absichten zu formulieren<\/li>\n<li>F\u00e4higkeit zur Erstellung von Protokollen<\/li>\n<li>Fortschritte k\u00f6nnen anhand detaillierter Diagramme nachverfolgt werden<\/li>\n<li>Interaktives Journaling<\/li>\n<li>\u00dcbungen<\/li>\n<li>Mahnungen<\/li>\n<\/ul>\n<h3>Inhalt<\/h3>\n<p><strong>1 voller Monat Erfahrung &#8211; Signature Synergy<\/strong><\/p>\n<ul>\n<li>12 x 1gr Mikrodosierung<\/li>\n<li>12 x Rohkakao<\/li>\n<li>1 x Sch\u00f6ner Edelstein<\/li>\n<li>1 x Zugang zur vollst\u00e4ndigen Wise Rootz-App \u00fcber einen pers\u00f6nlichen Code pro Box<\/li>\n<\/ul>\n<h3>Beibehaltung der Wise Rootz &#8211; Signature Synergy<\/h3>\n<p>Wenn Sie Wise Rootz &#8211; Peak Performance k\u00fchl und trocken lagern, k\u00f6nnen Sie es oft noch mindestens zwei Monate aufbewahren. Die ideale Temperatur liegt zwischen 2 und 4 Grad Celcius. Achten Sie auf das auf der Verpackung angegebene Verfallsdatum, um zu sehen, wie lange sie haltbar sind.<\/p>\n<h3>Kommentare<\/h3>\n<p>Wir m\u00f6chten Sie \u00fcber unsere Politik in Bezug auf Behauptungen \u00fcber medizinische Eigenschaften von Kr\u00e4utern und Pilzen auf unserer Website informieren. Das geltende EU-Recht verbietet derartige Behauptungen. Obwohl es die traditionelle chinesische Medizin seit Tausenden von Jahren gibt und sie an zahllosen Patienten erprobt wurde, d\u00fcrfen wir keine Wirkungen erw\u00e4hnen, die durch wissenschaftliche Untersuchungen best\u00e4tigt worden sind. Wir verlassen uns jedoch auf den gesunden Menschenverstand unserer Kunden, und detaillierte Informationen \u00fcber Pilze sind in \u00f6ffentlichen Quellen im Internet zu finden.<\/p>\n","protected":false},"excerpt":{"rendered":"<p>Zusammenfassend l\u00e4sst sich sagen, dass die Standardlinie der Wise Rootz &#8211; Signature Synergy Microdosing Tr\u00fcffel eine zug\u00e4ngliche Basis darstellt, die jedem die M\u00f6glichkeit gibt, die alten Geheimnisse der Gesundheit und des Wohlbefindens zu entdecken. Diese Linie kann bei Bedarf durch zus\u00e4tzliche Add-ons erg\u00e4nzt werden. Das Produkt Signature Synergy ist eine bahnbrechende Innovation, die Erkenntnisse aus [&hellip;]<\/p>\n","protected":false},"featured_media":24605,"comment_status":"closed","ping_status":"closed","template":"","meta":[],"product_brand":[],"product_cat":[317,111],"product_tag":[],"class_list":{"0":"post-25078","1":"product","2":"type-product","3":"status-publish","4":"has-post-thumbnail","6":"product_cat-kreativitatserganzungsmittel","7":"product_cat-mikrodosierung","9":"first","10":"instock","11":"sale","12":"taxable","13":"shipping-taxable","14":"purchasable","15":"product-type-simple"},"yoast_head":"<!-- This site is optimized with the Yoast SEO Premium plugin v26.4 (Yoast SEO v27.2) - https:\/\/yoast.com\/product\/yoast-seo-premium-wordpress\/ -->\n<title>Wise Rootz - Signatur-Synergie (1 Monat) - Dutchmicrodosing<\/title>\n<meta name=\"description\" content=\"Zusammenfassend l\u00e4sst sich sagen, dass die Standardlinie der Wise Rootz - Signature Synergy Mikrodosierungstr\u00fcffel eine zug\u00e4ngliche Basislinie ist, die jedem die M\u00f6glichkeit gibt, die...\" \/>\n<meta name=\"robots\" content=\"index, follow, max-snippet:-1, max-image-preview:large, max-video-preview:-1\" \/>\n<link rel=\"canonical\" href=\"https:\/\/dutchmicrodosing.com\/de\/mikrodosierung\/wise-rootz-signature-synergy\/\" \/>\n<meta property=\"og:locale\" content=\"de_DE\" \/>\n<meta property=\"og:type\" content=\"article\" \/>\n<meta property=\"og:title\" content=\"Wise Rootz - Signatur-Synergie (1 Monat)\" \/>\n<meta property=\"og:description\" content=\"Zusammenfassend l\u00e4sst sich sagen, dass die Standardlinie der Wise Rootz - Signature Synergy Microdosing Tr\u00fcffel eine zug\u00e4ngliche Basis darstellt, die\" \/>\n<meta property=\"og:url\" content=\"https:\/\/dutchmicrodosing.com\/de\/mikrodosierung\/wise-rootz-signature-synergy\/\" \/>\n<meta property=\"og:site_name\" content=\"Dutchmicrodosing\" \/>\n<meta property=\"article:publisher\" content=\"https:\/\/www.facebook.com\/Dutchmicrodosingxp\/\" \/>\n<meta property=\"article:modified_time\" content=\"2025-09-01T07:44:39+00:00\" \/>\n<meta property=\"og:image\" content=\"https:\/\/dutchmicrodosing.com\/wp-content\/uploads\/2023\/06\/wiserootz_box_signaturesynergy-1-1.jpg\" \/>\n\t<meta property=\"og:image:width\" content=\"1174\" \/>\n\t<meta property=\"og:image:height\" content=\"882\" \/>\n\t<meta property=\"og:image:type\" content=\"image\/jpeg\" \/>\n<meta name=\"twitter:card\" content=\"summary_large_image\" \/>\n<script type=\"application\/ld+json\" class=\"yoast-schema-graph\">{\"@context\":\"https:\/\/schema.org\",\"@graph\":[{\"@type\":\"WebPage\",\"@id\":\"https:\/\/dutchmicrodosing.com\/de\/mikrodosierung\/wise-rootz-signature-synergy\/\",\"url\":\"https:\/\/dutchmicrodosing.com\/de\/mikrodosierung\/wise-rootz-signature-synergy\/\",\"name\":\"Wise Rootz - Signatur-Synergie (1 Monat) - Dutchmicrodosing\",\"isPartOf\":{\"@id\":\"https:\/\/dutchmicrodosing.com\/de\/#website\"},\"primaryImageOfPage\":{\"@id\":\"https:\/\/dutchmicrodosing.com\/de\/mikrodosierung\/wise-rootz-signature-synergy\/#primaryimage\"},\"image\":{\"@id\":\"https:\/\/dutchmicrodosing.com\/de\/mikrodosierung\/wise-rootz-signature-synergy\/#primaryimage\"},\"thumbnailUrl\":\"https:\/\/dutchmicrodosing.com\/wp-content\/uploads\/2023\/06\/wiserootz_box_signaturesynergy-1-1.jpg\",\"datePublished\":\"2023-06-01T10:26:02+00:00\",\"dateModified\":\"2025-09-01T07:44:39+00:00\",\"description\":\"Zusammenfassend l\u00e4sst sich sagen, dass die Standardlinie der Wise Rootz - Signature Synergy Mikrodosierungstr\u00fcffel eine zug\u00e4ngliche Basislinie ist, die jedem die M\u00f6glichkeit gibt, die...\",\"breadcrumb\":{\"@id\":\"https:\/\/dutchmicrodosing.com\/de\/mikrodosierung\/wise-rootz-signature-synergy\/#breadcrumb\"},\"inLanguage\":\"de\",\"potentialAction\":[{\"@type\":\"ReadAction\",\"target\":[\"https:\/\/dutchmicrodosing.com\/de\/mikrodosierung\/wise-rootz-signature-synergy\/\"]}]},{\"@type\":\"ImageObject\",\"inLanguage\":\"de\",\"@id\":\"https:\/\/dutchmicrodosing.com\/de\/mikrodosierung\/wise-rootz-signature-synergy\/#primaryimage\",\"url\":\"https:\/\/dutchmicrodosing.com\/wp-content\/uploads\/2023\/06\/wiserootz_box_signaturesynergy-1-1.jpg\",\"contentUrl\":\"https:\/\/dutchmicrodosing.com\/wp-content\/uploads\/2023\/06\/wiserootz_box_signaturesynergy-1-1.jpg\",\"width\":1174,\"height\":882},{\"@type\":\"BreadcrumbList\",\"@id\":\"https:\/\/dutchmicrodosing.com\/de\/mikrodosierung\/wise-rootz-signature-synergy\/#breadcrumb\",\"itemListElement\":[{\"@type\":\"ListItem\",\"position\":1,\"name\":\"Home\",\"item\":\"https:\/\/dutchmicrodosing.com\/de\/\"},{\"@type\":\"ListItem\",\"position\":2,\"name\":\"Shop\",\"item\":\"https:\/\/dutchmicrodosing.com\/de\/shop\/\"},{\"@type\":\"ListItem\",\"position\":3,\"name\":\"Wise Rootz &#8211; Signatur-Synergie (1 Monat)\"}]},{\"@type\":\"WebSite\",\"@id\":\"https:\/\/dutchmicrodosing.com\/de\/#website\",\"url\":\"https:\/\/dutchmicrodosing.com\/de\/\",\"name\":\"Dutchmicrodosing\",\"description\":\"\",\"publisher\":{\"@id\":\"https:\/\/dutchmicrodosing.com\/de\/#organization\"},\"potentialAction\":[{\"@type\":\"SearchAction\",\"target\":{\"@type\":\"EntryPoint\",\"urlTemplate\":\"https:\/\/dutchmicrodosing.com\/de\/?s={search_term_string}\"},\"query-input\":{\"@type\":\"PropertyValueSpecification\",\"valueRequired\":true,\"valueName\":\"search_term_string\"}}],\"inLanguage\":\"de\"},{\"@type\":\"Organization\",\"@id\":\"https:\/\/dutchmicrodosing.com\/de\/#organization\",\"name\":\"Dutchmicrodosing\",\"url\":\"https:\/\/dutchmicrodosing.com\/de\/\",\"logo\":{\"@type\":\"ImageObject\",\"inLanguage\":\"de\",\"@id\":\"https:\/\/dutchmicrodosing.com\/de\/#\/schema\/logo\/image\/\",\"url\":\"https:\/\/dutchmicrodosing.com\/wp-content\/uploads\/2021\/01\/microdosing-categorie-pic-nieuw.jpg\",\"contentUrl\":\"https:\/\/dutchmicrodosing.com\/wp-content\/uploads\/2021\/01\/microdosing-categorie-pic-nieuw.jpg\",\"width\":500,\"height\":500,\"caption\":\"Dutchmicrodosing\"},\"image\":{\"@id\":\"https:\/\/dutchmicrodosing.com\/de\/#\/schema\/logo\/image\/\"},\"sameAs\":[\"https:\/\/www.facebook.com\/Dutchmicrodosingxp\/\",\"https:\/\/www.instagram.com\/dutchmicrodosing\/\"]}]}<\/script>\n<meta property=\"product:price:amount\" content=\"45.95\" \/>\n<meta property=\"product:price:currency\" content=\"EUR\" \/>\n<meta property=\"og:availability\" content=\"instock\" \/>\n<meta property=\"product:availability\" content=\"instock\" \/>\n<meta property=\"product:retailer_item_id\" content=\"3205898\" \/>\n<meta property=\"product:condition\" content=\"new\" \/>\n<!-- \/ Yoast SEO Premium plugin. -->","yoast_head_json":{"title":"Wise Rootz - Signatur-Synergie (1 Monat) - Dutchmicrodosing","description":"Zusammenfassend l\u00e4sst sich sagen, dass die Standardlinie der Wise Rootz - Signature Synergy Mikrodosierungstr\u00fcffel eine zug\u00e4ngliche Basislinie ist, die jedem die M\u00f6glichkeit gibt, die...","robots":{"index":"index","follow":"follow","max-snippet":"max-snippet:-1","max-image-preview":"max-image-preview:large","max-video-preview":"max-video-preview:-1"},"canonical":"https:\/\/dutchmicrodosing.com\/de\/mikrodosierung\/wise-rootz-signature-synergy\/","og_locale":"de_DE","og_type":"article","og_title":"Wise Rootz - Signatur-Synergie (1 Monat)","og_description":"Zusammenfassend l\u00e4sst sich sagen, dass die Standardlinie der Wise Rootz - Signature Synergy Microdosing Tr\u00fcffel eine zug\u00e4ngliche Basis darstellt, die","og_url":"https:\/\/dutchmicrodosing.com\/de\/mikrodosierung\/wise-rootz-signature-synergy\/","og_site_name":"Dutchmicrodosing","article_publisher":"https:\/\/www.facebook.com\/Dutchmicrodosingxp\/","article_modified_time":"2025-09-01T07:44:39+00:00","og_image":[{"width":1174,"height":882,"url":"https:\/\/dutchmicrodosing.com\/wp-content\/uploads\/2023\/06\/wiserootz_box_signaturesynergy-1-1.jpg","type":"image\/jpeg"}],"twitter_card":"summary_large_image","schema":{"@context":"https:\/\/schema.org","@graph":[{"@type":"WebPage","@id":"https:\/\/dutchmicrodosing.com\/de\/mikrodosierung\/wise-rootz-signature-synergy\/","url":"https:\/\/dutchmicrodosing.com\/de\/mikrodosierung\/wise-rootz-signature-synergy\/","name":"Wise Rootz - Signatur-Synergie (1 Monat) - Dutchmicrodosing","isPartOf":{"@id":"https:\/\/dutchmicrodosing.com\/de\/#website"},"primaryImageOfPage":{"@id":"https:\/\/dutchmicrodosing.com\/de\/mikrodosierung\/wise-rootz-signature-synergy\/#primaryimage"},"image":{"@id":"https:\/\/dutchmicrodosing.com\/de\/mikrodosierung\/wise-rootz-signature-synergy\/#primaryimage"},"thumbnailUrl":"https:\/\/dutchmicrodosing.com\/wp-content\/uploads\/2023\/06\/wiserootz_box_signaturesynergy-1-1.jpg","datePublished":"2023-06-01T10:26:02+00:00","dateModified":"2025-09-01T07:44:39+00:00","description":"Zusammenfassend l\u00e4sst sich sagen, dass die Standardlinie der Wise Rootz - Signature Synergy Mikrodosierungstr\u00fcffel eine zug\u00e4ngliche Basislinie ist, die jedem die M\u00f6glichkeit gibt, die...","breadcrumb":{"@id":"https:\/\/dutchmicrodosing.com\/de\/mikrodosierung\/wise-rootz-signature-synergy\/#breadcrumb"},"inLanguage":"de","potentialAction":[{"@type":"ReadAction","target":["https:\/\/dutchmicrodosing.com\/de\/mikrodosierung\/wise-rootz-signature-synergy\/"]}]},{"@type":"ImageObject","inLanguage":"de","@id":"https:\/\/dutchmicrodosing.com\/de\/mikrodosierung\/wise-rootz-signature-synergy\/#primaryimage","url":"https:\/\/dutchmicrodosing.com\/wp-content\/uploads\/2023\/06\/wiserootz_box_signaturesynergy-1-1.jpg","contentUrl":"https:\/\/dutchmicrodosing.com\/wp-content\/uploads\/2023\/06\/wiserootz_box_signaturesynergy-1-1.jpg","width":1174,"height":882},{"@type":"BreadcrumbList","@id":"https:\/\/dutchmicrodosing.com\/de\/mikrodosierung\/wise-rootz-signature-synergy\/#breadcrumb","itemListElement":[{"@type":"ListItem","position":1,"name":"Home","item":"https:\/\/dutchmicrodosing.com\/de\/"},{"@type":"ListItem","position":2,"name":"Shop","item":"https:\/\/dutchmicrodosing.com\/de\/shop\/"},{"@type":"ListItem","position":3,"name":"Wise Rootz &#8211; Signatur-Synergie (1 Monat)"}]},{"@type":"WebSite","@id":"https:\/\/dutchmicrodosing.com\/de\/#website","url":"https:\/\/dutchmicrodosing.com\/de\/","name":"Dutchmicrodosing","description":"","publisher":{"@id":"https:\/\/dutchmicrodosing.com\/de\/#organization"},"potentialAction":[{"@type":"SearchAction","target":{"@type":"EntryPoint","urlTemplate":"https:\/\/dutchmicrodosing.com\/de\/?s={search_term_string}"},"query-input":{"@type":"PropertyValueSpecification","valueRequired":true,"valueName":"search_term_string"}}],"inLanguage":"de"},{"@type":"Organization","@id":"https:\/\/dutchmicrodosing.com\/de\/#organization","name":"Dutchmicrodosing","url":"https:\/\/dutchmicrodosing.com\/de\/","logo":{"@type":"ImageObject","inLanguage":"de","@id":"https:\/\/dutchmicrodosing.com\/de\/#\/schema\/logo\/image\/","url":"https:\/\/dutchmicrodosing.com\/wp-content\/uploads\/2021\/01\/microdosing-categorie-pic-nieuw.jpg","contentUrl":"https:\/\/dutchmicrodosing.com\/wp-content\/uploads\/2021\/01\/microdosing-categorie-pic-nieuw.jpg","width":500,"height":500,"caption":"Dutchmicrodosing"},"image":{"@id":"https:\/\/dutchmicrodosing.com\/de\/#\/schema\/logo\/image\/"},"sameAs":["https:\/\/www.facebook.com\/Dutchmicrodosingxp\/","https:\/\/www.instagram.com\/dutchmicrodosing\/"]}]},"product_price_amount":"45.95","product_price_currency":"EUR","og_availability":"instock","product_availability":"instock","product_retailer_item_id":"3205898","product_condition":"new"},"_links":{"self":[{"href":"https:\/\/dutchmicrodosing.com\/de\/wp-json\/wp\/v2\/product\/25078","targetHints":{"allow":["GET"]}}],"collection":[{"href":"https:\/\/dutchmicrodosing.com\/de\/wp-json\/wp\/v2\/product"}],"about":[{"href":"https:\/\/dutchmicrodosing.com\/de\/wp-json\/wp\/v2\/types\/product"}],"replies":[{"embeddable":true,"href":"https:\/\/dutchmicrodosing.com\/de\/wp-json\/wp\/v2\/comments?post=25078"}],"version-history":[{"count":0,"href":"https:\/\/dutchmicrodosing.com\/de\/wp-json\/wp\/v2\/product\/25078\/revisions"}],"wp:featuredmedia":[{"embeddable":true,"href":"https:\/\/dutchmicrodosing.com\/de\/wp-json\/wp\/v2\/media\/24605"}],"wp:attachment":[{"href":"https:\/\/dutchmicrodosing.com\/de\/wp-json\/wp\/v2\/media?parent=25078"}],"wp:term":[{"taxonomy":"product_brand","embeddable":true,"href":"https:\/\/dutchmicrodosing.com\/de\/wp-json\/wp\/v2\/product_brand?post=25078"},{"taxonomy":"product_cat","embeddable":true,"href":"https:\/\/dutchmicrodosing.com\/de\/wp-json\/wp\/v2\/product_cat?post=25078"},{"taxonomy":"product_tag","embeddable":true,"href":"https:\/\/dutchmicrodosing.com\/de\/wp-json\/wp\/v2\/product_tag?post=25078"}],"curies":[{"name":"wp","href":"https:\/\/api.w.org\/{rel}","templated":true}]}}