{"id":25083,"date":"2023-05-31T22:09:54","date_gmt":"2023-05-31T20:09:54","guid":{"rendered":"https:\/\/dutchmicrodosing.com\/shop\/unkategorisiert\/wise-rootz-full-focus\/"},"modified":"2025-08-25T07:52:41","modified_gmt":"2025-08-25T05:52:41","slug":"wise-rootz-full-focus","status":"publish","type":"product","link":"https:\/\/dutchmicrodosing.com\/de\/mikrodosierung\/wise-rootz-full-focus\/","title":{"rendered":"Wise Rootz &#8211; Voller Fokus (1 Monat)"},"content":{"rendered":"<p>Entdecken Sie Ihr wahres Potenzial mit der bahnbrechenden <strong>Rootz Full Focus-Linie von <\/strong>Microdosing-Tr\u00fcffeln, die speziell zur Verbesserung Ihrer geistigen F\u00e4higkeiten entwickelt wurden. Diese innovative Mischung aus hochwertigem Kakao von der Bohne bis zur Tafel, L\u00f6wenm\u00e4hne, Ginkgo Biloba und sorgf\u00e4ltig ausgew\u00e4hlten magischen Tr\u00fcffeln wurde entwickelt, um Ihre Konzentration, Klarheit, Ihr Ged\u00e4chtnis, Ihre Kreativit\u00e4t, Intelligenz und Motivation zu steigern und gleichzeitig Stress abzubauen.<\/p>\n<h3>Was ist in Wise Rootz Full Focus enthalten?<\/h3>\n<ul>\n<li><strong>Kakao von der Bohne bis zum Riegel<\/strong>: Wir verwenden nur den allerbesten, reinsten Kakao, der direkt von der Bohne bis zum Riegel verarbeitet wird. Dieser ist nicht nur k\u00f6stlich, sondern auch vollgepackt mit Antioxidantien und N\u00e4hrstoffen, die Ihre Gehirnfunktion f\u00f6rdern k\u00f6nnen.<\/li>\n<li><strong>L\u00f6wenm\u00e4hne (Hericium erinaceus)<\/strong>: Dieser kraftvolle Pilz ist f\u00fcr seine positive Wirkung auf das Ged\u00e4chtnis und seine F\u00e4higkeit, Stress abzubauen, bekannt.<\/li>\n<li><strong>Ginkgo Biloba<\/strong>: Diese Pflanze hat eine starke Wirkung auf die Blutzirkulation, insbesondere im Gehirn, und f\u00f6rdert die kognitiven Funktionen.<\/li>\n<li><strong>Magic Truffles<\/strong>: Ein sorgf\u00e4ltig ausgew\u00e4hlter Zusatzstoff, der die Kreativit\u00e4t und die geistige Klarheit f\u00f6rdern kann.<\/li>\n<\/ul>\n<p>Rootz Full Focus ist mehr als nur ein Nahrungserg\u00e4nzungsmittel &#8211; es ist Ihr Partner im Kampf gegen die immer l\u00e4nger werdenden To-Do-Listen und den Stress des modernen Lebens. Ganz gleich, ob Sie ein Gesch\u00e4ftsmann sind, der wichtige Entscheidungen treffen muss, ein Student, der f\u00fcr Pr\u00fcfungen lernt, ein Politiker, der Reden halten muss, oder ein K\u00fcnstler, der einen kreativen Funken sucht: Full Focus hilft Ihnen, Ihr volles Potenzial zu entfalten.<br \/>\nMit unserer Full Focus-Linie bekommt der Begriff &#8222;Denkansto\u00df&#8220; eine ganz neue Bedeutung. Es ist Ihre Geheimwaffe auf dem Weg zu mehr Konzentration, Klarheit und Kreativit\u00e4t. Probieren Sie es noch heute aus und erleben Sie selbst, wie Full Focus Ihnen helfen kann, in jeder Situation zu brillieren.<\/p>\n<h3>Gibt es Vorteile f\u00fcr Wise Rootz Full Focus?<\/h3>\n<ul>\n<li>Laser-Fokus<\/li>\n<li>Klarer Kopf<\/li>\n<li>Gut f\u00fcr das Ged\u00e4chtnis<\/li>\n<li>Gut f\u00fcr die Konzentration<\/li>\n<li>Motivation<\/li>\n<li>Gef\u00fchl der Unruhe oder Anspannung<\/li>\n<li>Im Falle von Stress<\/li>\n<li>Hat die Wirkung, zum Wachstum und zur St\u00e4rkung des NGF (*Nerve Growth Factor*) der Nervenzellen\/Neuronen beizutragen.<\/li>\n<li>Beschleunigung des Prozesses der Signal\u00fcbertragung durch die Nerven<\/li>\n<li>Verbesserte Gehirnfunktion<\/li>\n<li>Das Hirngewebe wird vor sch\u00e4dlichen freien Radikalen gesch\u00fctzt.<\/li>\n<li>Neurotransmitter werden besser gebildet<\/li>\n<\/ul>\n<h3>Kognitive Funktionen, die unter anderem dazu beitragen k\u00f6nnen:<\/h3>\n<ul>\n<li>Erh\u00f6hte Neuroplastizit\u00e4t<\/li>\n<li>Kreativit\u00e4t<\/li>\n<li>Produktivit\u00e4t<\/li>\n<\/ul>\n<h3>Geistige Arbeiten, die helfen k\u00f6nnen:<\/h3>\n<ul>\n<li>Gef\u00fchl der Unruhe oder Anspannung<\/li>\n<li>Im Falle von Stress<\/li>\n<li>Angstgef\u00fchle<\/li>\n<li>Mentaler Druck und Anstrengung<\/li>\n<\/ul>\n<h3>Physikalische\/Gesundheitliche Abl\u00e4ufe, die dazu beitragen:<strong><br \/>\n<\/strong><\/h3>\n<ul>\n<li>Senkung des Blutdrucks<\/li>\n<li>Positive Wirkung auf kognitive Funktionen<\/li>\n<li>Schutz des kardiovaskul\u00e4ren Systems<\/li>\n<li>Verbesserte k\u00f6rperliche Leistungsf\u00e4higkeit<\/li>\n<\/ul>\n<h3>Wise Rootz Anwendung<\/h3>\n<div>Eine hervorragende L\u00f6sung f\u00fcr die \u00dcberwachung von Prozessen ohne zus\u00e4tzliche Kosten oder Stress. Die einzigartige, von Deliqs entwickelte App erm\u00f6glicht es den Nutzern, sich Vors\u00e4tze und Protokolle zu setzen und ihre Fortschritte zu verfolgen. Dies geschieht durch detaillierte Diagramme mit interaktiven Aufzeichnungen und \u00dcbungen, die auf den aktuellen Emotionen basieren!<\/div>\n<ul>\n<li>\u00dcberwachung der Prozesse<\/li>\n<li>Die F\u00e4higkeit, Absichten zu formulieren<\/li>\n<li>F\u00e4higkeit zur Erstellung von Protokollen<\/li>\n<li>Fortschritte k\u00f6nnen anhand detaillierter Diagramme nachverfolgt werden<\/li>\n<li>Interaktives Journaling<\/li>\n<li>\u00dcbungen<\/li>\n<li>Mahnungen<\/li>\n<\/ul>\n<h3>Inhalt<\/h3>\n<p><strong>1 Ganzmonatige Erfahrung &#8211; Full Focus  <\/strong><\/p>\n<ul>\n<li>12 x Mikrodosierung<\/li>\n<li>12 x Rohkakao mit L\u00f6wenm\u00e4hne und Ginko Biloba<\/li>\n<li>1 x Sch\u00f6ner Edelstein<\/li>\n<li>1 x Zugang zur vollst\u00e4ndigen Wise Rootz-App \u00fcber einen pers\u00f6nlichen Code pro Box:<\/li>\n<\/ul>\n<h3>Beibehaltung der Wise Rootz &#8211; Full Focus<\/h3>\n<p>Wenn Sie Wise Rootz &#8211; Full Focus k\u00fchl und trocken lagern, k\u00f6nnen Sie es oft mindestens zwei weitere Monate aufbewahren. Die ideale Temperatur liegt zwischen 2 und 4 Grad Celcius. Achten Sie auf das auf der Verpackung angegebene Verfallsdatum, um zu sehen, wie lange sie haltbar sind.<\/p>\n<h3>Kommentare<\/h3>\n<p>Wir m\u00f6chten Sie \u00fcber unsere Politik in Bezug auf Behauptungen \u00fcber medizinische Eigenschaften von Kr\u00e4utern und Pilzen auf unserer Website informieren. Das geltende EU-Recht verbietet derartige Behauptungen. Obwohl es die traditionelle chinesische Medizin seit Tausenden von Jahren gibt und sie an zahllosen Patienten erprobt wurde, d\u00fcrfen wir keine Wirkungen erw\u00e4hnen, die durch wissenschaftliche Untersuchungen best\u00e4tigt worden sind. Wir verlassen uns jedoch auf den gesunden Menschenverstand unserer Kunden, und detaillierte Informationen \u00fcber Pilze sind in \u00f6ffentlichen Quellen im Internet zu finden.<\/p>\n","protected":false},"excerpt":{"rendered":"<p>Entdecken Sie Ihr wahres Potenzial mit der bahnbrechenden Rootz Full Focus-Linie von Microdosing-Tr\u00fcffeln, die speziell zur Verbesserung Ihrer geistigen F\u00e4higkeiten entwickelt wurden. Diese innovative Mischung aus hochwertigem Kakao von der Bohne bis zur Tafel, L\u00f6wenm\u00e4hne, Ginkgo Biloba und sorgf\u00e4ltig ausgew\u00e4hlten magischen Tr\u00fcffeln wurde entwickelt, um Ihre Konzentration, Klarheit, Ihr Ged\u00e4chtnis, Ihre Kreativit\u00e4t, Intelligenz und Motivation [&hellip;]<\/p>\n","protected":false},"featured_media":24611,"comment_status":"closed","ping_status":"closed","template":"","meta":[],"product_brand":[],"product_cat":[111,114,317,322],"product_tag":[],"class_list":{"0":"post-25083","1":"product","2":"type-product","3":"status-publish","4":"has-post-thumbnail","6":"product_cat-mikrodosierung","7":"product_cat-medizinische-pilze","8":"product_cat-kreativitatserganzungsmittel","9":"product_cat-konzentrationserganzungsmittel","11":"first","12":"instock","13":"sale","14":"taxable","15":"shipping-taxable","16":"purchasable","17":"product-type-simple"},"yoast_head":"<!-- This site is optimized with the Yoast SEO Premium plugin v26.4 (Yoast SEO v27.2) - https:\/\/yoast.com\/product\/yoast-seo-premium-wordpress\/ -->\n<title>Wise Rootz - Voller Fokus (1 Monat) - Dutchmicrodosing<\/title>\n<meta name=\"description\" content=\"Entdecken Sie Ihr wahres Potenzial mit der bahnbrechenden Rootz Full Focus Linie von Mikrodosierungstr\u00fcffeln, die speziell entwickelt wurden, um Ihre geistigen F\u00e4higkeiten zu verbessern....\" \/>\n<meta name=\"robots\" content=\"index, follow, max-snippet:-1, max-image-preview:large, max-video-preview:-1\" \/>\n<link rel=\"canonical\" href=\"https:\/\/dutchmicrodosing.com\/de\/mikrodosierung\/wise-rootz-full-focus\/\" \/>\n<meta property=\"og:locale\" content=\"de_DE\" \/>\n<meta property=\"og:type\" content=\"article\" \/>\n<meta property=\"og:title\" content=\"Wise Rootz - Voller Fokus (1 Monat)\" \/>\n<meta property=\"og:description\" content=\"Entdecken Sie Ihr wahres Potenzial mit der bahnbrechenden Rootz Full Focus-Linie von Microdosing-Tr\u00fcffeln, die speziell zur Verbesserung Ihrer geistigen\" \/>\n<meta property=\"og:url\" content=\"https:\/\/dutchmicrodosing.com\/de\/mikrodosierung\/wise-rootz-full-focus\/\" \/>\n<meta property=\"og:site_name\" content=\"Dutchmicrodosing\" \/>\n<meta property=\"article:publisher\" content=\"https:\/\/www.facebook.com\/Dutchmicrodosingxp\/\" \/>\n<meta property=\"article:modified_time\" content=\"2025-08-25T05:52:41+00:00\" \/>\n<meta property=\"og:image\" content=\"https:\/\/dutchmicrodosing.com\/wp-content\/uploads\/2023\/05\/wiserootz_box_fullfocus.jpg\" \/>\n\t<meta property=\"og:image:width\" content=\"1174\" \/>\n\t<meta property=\"og:image:height\" content=\"882\" \/>\n\t<meta property=\"og:image:type\" content=\"image\/jpeg\" \/>\n<meta name=\"twitter:card\" content=\"summary_large_image\" \/>\n<script type=\"application\/ld+json\" class=\"yoast-schema-graph\">{\"@context\":\"https:\/\/schema.org\",\"@graph\":[{\"@type\":\"WebPage\",\"@id\":\"https:\/\/dutchmicrodosing.com\/de\/mikrodosierung\/wise-rootz-full-focus\/\",\"url\":\"https:\/\/dutchmicrodosing.com\/de\/mikrodosierung\/wise-rootz-full-focus\/\",\"name\":\"Wise Rootz - Voller Fokus (1 Monat) - Dutchmicrodosing\",\"isPartOf\":{\"@id\":\"https:\/\/dutchmicrodosing.com\/de\/#website\"},\"primaryImageOfPage\":{\"@id\":\"https:\/\/dutchmicrodosing.com\/de\/mikrodosierung\/wise-rootz-full-focus\/#primaryimage\"},\"image\":{\"@id\":\"https:\/\/dutchmicrodosing.com\/de\/mikrodosierung\/wise-rootz-full-focus\/#primaryimage\"},\"thumbnailUrl\":\"https:\/\/dutchmicrodosing.com\/wp-content\/uploads\/2023\/05\/wiserootz_box_fullfocus.jpg\",\"datePublished\":\"2023-05-31T20:09:54+00:00\",\"dateModified\":\"2025-08-25T05:52:41+00:00\",\"description\":\"Entdecken Sie Ihr wahres Potenzial mit der bahnbrechenden Rootz Full Focus Linie von Mikrodosierungstr\u00fcffeln, die speziell entwickelt wurden, um Ihre geistigen F\u00e4higkeiten zu verbessern....\",\"breadcrumb\":{\"@id\":\"https:\/\/dutchmicrodosing.com\/de\/mikrodosierung\/wise-rootz-full-focus\/#breadcrumb\"},\"inLanguage\":\"de\",\"potentialAction\":[{\"@type\":\"ReadAction\",\"target\":[\"https:\/\/dutchmicrodosing.com\/de\/mikrodosierung\/wise-rootz-full-focus\/\"]}]},{\"@type\":\"ImageObject\",\"inLanguage\":\"de\",\"@id\":\"https:\/\/dutchmicrodosing.com\/de\/mikrodosierung\/wise-rootz-full-focus\/#primaryimage\",\"url\":\"https:\/\/dutchmicrodosing.com\/wp-content\/uploads\/2023\/05\/wiserootz_box_fullfocus.jpg\",\"contentUrl\":\"https:\/\/dutchmicrodosing.com\/wp-content\/uploads\/2023\/05\/wiserootz_box_fullfocus.jpg\",\"width\":1174,\"height\":882},{\"@type\":\"BreadcrumbList\",\"@id\":\"https:\/\/dutchmicrodosing.com\/de\/mikrodosierung\/wise-rootz-full-focus\/#breadcrumb\",\"itemListElement\":[{\"@type\":\"ListItem\",\"position\":1,\"name\":\"Home\",\"item\":\"https:\/\/dutchmicrodosing.com\/de\/\"},{\"@type\":\"ListItem\",\"position\":2,\"name\":\"Shop\",\"item\":\"https:\/\/dutchmicrodosing.com\/de\/shop\/\"},{\"@type\":\"ListItem\",\"position\":3,\"name\":\"Wise Rootz &#8211; Voller Fokus (1 Monat)\"}]},{\"@type\":\"WebSite\",\"@id\":\"https:\/\/dutchmicrodosing.com\/de\/#website\",\"url\":\"https:\/\/dutchmicrodosing.com\/de\/\",\"name\":\"Dutchmicrodosing\",\"description\":\"\",\"publisher\":{\"@id\":\"https:\/\/dutchmicrodosing.com\/de\/#organization\"},\"potentialAction\":[{\"@type\":\"SearchAction\",\"target\":{\"@type\":\"EntryPoint\",\"urlTemplate\":\"https:\/\/dutchmicrodosing.com\/de\/?s={search_term_string}\"},\"query-input\":{\"@type\":\"PropertyValueSpecification\",\"valueRequired\":true,\"valueName\":\"search_term_string\"}}],\"inLanguage\":\"de\"},{\"@type\":\"Organization\",\"@id\":\"https:\/\/dutchmicrodosing.com\/de\/#organization\",\"name\":\"Dutchmicrodosing\",\"url\":\"https:\/\/dutchmicrodosing.com\/de\/\",\"logo\":{\"@type\":\"ImageObject\",\"inLanguage\":\"de\",\"@id\":\"https:\/\/dutchmicrodosing.com\/de\/#\/schema\/logo\/image\/\",\"url\":\"https:\/\/dutchmicrodosing.com\/wp-content\/uploads\/2021\/01\/microdosing-categorie-pic-nieuw.jpg\",\"contentUrl\":\"https:\/\/dutchmicrodosing.com\/wp-content\/uploads\/2021\/01\/microdosing-categorie-pic-nieuw.jpg\",\"width\":500,\"height\":500,\"caption\":\"Dutchmicrodosing\"},\"image\":{\"@id\":\"https:\/\/dutchmicrodosing.com\/de\/#\/schema\/logo\/image\/\"},\"sameAs\":[\"https:\/\/www.facebook.com\/Dutchmicrodosingxp\/\",\"https:\/\/www.instagram.com\/dutchmicrodosing\/\"]}]}<\/script>\n<meta property=\"product:price:amount\" content=\"49.95\" \/>\n<meta property=\"product:price:currency\" content=\"EUR\" \/>\n<meta property=\"og:availability\" content=\"instock\" \/>\n<meta property=\"product:availability\" content=\"instock\" \/>\n<meta property=\"product:retailer_item_id\" content=\"3205382\" \/>\n<meta property=\"product:condition\" content=\"new\" \/>\n<!-- \/ Yoast SEO Premium plugin. -->","yoast_head_json":{"title":"Wise Rootz - Voller Fokus (1 Monat) - Dutchmicrodosing","description":"Entdecken Sie Ihr wahres Potenzial mit der bahnbrechenden Rootz Full Focus Linie von Mikrodosierungstr\u00fcffeln, die speziell entwickelt wurden, um Ihre geistigen F\u00e4higkeiten zu verbessern....","robots":{"index":"index","follow":"follow","max-snippet":"max-snippet:-1","max-image-preview":"max-image-preview:large","max-video-preview":"max-video-preview:-1"},"canonical":"https:\/\/dutchmicrodosing.com\/de\/mikrodosierung\/wise-rootz-full-focus\/","og_locale":"de_DE","og_type":"article","og_title":"Wise Rootz - Voller Fokus (1 Monat)","og_description":"Entdecken Sie Ihr wahres Potenzial mit der bahnbrechenden Rootz Full Focus-Linie von Microdosing-Tr\u00fcffeln, die speziell zur Verbesserung Ihrer geistigen","og_url":"https:\/\/dutchmicrodosing.com\/de\/mikrodosierung\/wise-rootz-full-focus\/","og_site_name":"Dutchmicrodosing","article_publisher":"https:\/\/www.facebook.com\/Dutchmicrodosingxp\/","article_modified_time":"2025-08-25T05:52:41+00:00","og_image":[{"width":1174,"height":882,"url":"https:\/\/dutchmicrodosing.com\/wp-content\/uploads\/2023\/05\/wiserootz_box_fullfocus.jpg","type":"image\/jpeg"}],"twitter_card":"summary_large_image","schema":{"@context":"https:\/\/schema.org","@graph":[{"@type":"WebPage","@id":"https:\/\/dutchmicrodosing.com\/de\/mikrodosierung\/wise-rootz-full-focus\/","url":"https:\/\/dutchmicrodosing.com\/de\/mikrodosierung\/wise-rootz-full-focus\/","name":"Wise Rootz - Voller Fokus (1 Monat) - Dutchmicrodosing","isPartOf":{"@id":"https:\/\/dutchmicrodosing.com\/de\/#website"},"primaryImageOfPage":{"@id":"https:\/\/dutchmicrodosing.com\/de\/mikrodosierung\/wise-rootz-full-focus\/#primaryimage"},"image":{"@id":"https:\/\/dutchmicrodosing.com\/de\/mikrodosierung\/wise-rootz-full-focus\/#primaryimage"},"thumbnailUrl":"https:\/\/dutchmicrodosing.com\/wp-content\/uploads\/2023\/05\/wiserootz_box_fullfocus.jpg","datePublished":"2023-05-31T20:09:54+00:00","dateModified":"2025-08-25T05:52:41+00:00","description":"Entdecken Sie Ihr wahres Potenzial mit der bahnbrechenden Rootz Full Focus Linie von Mikrodosierungstr\u00fcffeln, die speziell entwickelt wurden, um Ihre geistigen F\u00e4higkeiten zu verbessern....","breadcrumb":{"@id":"https:\/\/dutchmicrodosing.com\/de\/mikrodosierung\/wise-rootz-full-focus\/#breadcrumb"},"inLanguage":"de","potentialAction":[{"@type":"ReadAction","target":["https:\/\/dutchmicrodosing.com\/de\/mikrodosierung\/wise-rootz-full-focus\/"]}]},{"@type":"ImageObject","inLanguage":"de","@id":"https:\/\/dutchmicrodosing.com\/de\/mikrodosierung\/wise-rootz-full-focus\/#primaryimage","url":"https:\/\/dutchmicrodosing.com\/wp-content\/uploads\/2023\/05\/wiserootz_box_fullfocus.jpg","contentUrl":"https:\/\/dutchmicrodosing.com\/wp-content\/uploads\/2023\/05\/wiserootz_box_fullfocus.jpg","width":1174,"height":882},{"@type":"BreadcrumbList","@id":"https:\/\/dutchmicrodosing.com\/de\/mikrodosierung\/wise-rootz-full-focus\/#breadcrumb","itemListElement":[{"@type":"ListItem","position":1,"name":"Home","item":"https:\/\/dutchmicrodosing.com\/de\/"},{"@type":"ListItem","position":2,"name":"Shop","item":"https:\/\/dutchmicrodosing.com\/de\/shop\/"},{"@type":"ListItem","position":3,"name":"Wise Rootz &#8211; Voller Fokus (1 Monat)"}]},{"@type":"WebSite","@id":"https:\/\/dutchmicrodosing.com\/de\/#website","url":"https:\/\/dutchmicrodosing.com\/de\/","name":"Dutchmicrodosing","description":"","publisher":{"@id":"https:\/\/dutchmicrodosing.com\/de\/#organization"},"potentialAction":[{"@type":"SearchAction","target":{"@type":"EntryPoint","urlTemplate":"https:\/\/dutchmicrodosing.com\/de\/?s={search_term_string}"},"query-input":{"@type":"PropertyValueSpecification","valueRequired":true,"valueName":"search_term_string"}}],"inLanguage":"de"},{"@type":"Organization","@id":"https:\/\/dutchmicrodosing.com\/de\/#organization","name":"Dutchmicrodosing","url":"https:\/\/dutchmicrodosing.com\/de\/","logo":{"@type":"ImageObject","inLanguage":"de","@id":"https:\/\/dutchmicrodosing.com\/de\/#\/schema\/logo\/image\/","url":"https:\/\/dutchmicrodosing.com\/wp-content\/uploads\/2021\/01\/microdosing-categorie-pic-nieuw.jpg","contentUrl":"https:\/\/dutchmicrodosing.com\/wp-content\/uploads\/2021\/01\/microdosing-categorie-pic-nieuw.jpg","width":500,"height":500,"caption":"Dutchmicrodosing"},"image":{"@id":"https:\/\/dutchmicrodosing.com\/de\/#\/schema\/logo\/image\/"},"sameAs":["https:\/\/www.facebook.com\/Dutchmicrodosingxp\/","https:\/\/www.instagram.com\/dutchmicrodosing\/"]}]},"product_price_amount":"49.95","product_price_currency":"EUR","og_availability":"instock","product_availability":"instock","product_retailer_item_id":"3205382","product_condition":"new"},"_links":{"self":[{"href":"https:\/\/dutchmicrodosing.com\/de\/wp-json\/wp\/v2\/product\/25083","targetHints":{"allow":["GET"]}}],"collection":[{"href":"https:\/\/dutchmicrodosing.com\/de\/wp-json\/wp\/v2\/product"}],"about":[{"href":"https:\/\/dutchmicrodosing.com\/de\/wp-json\/wp\/v2\/types\/product"}],"replies":[{"embeddable":true,"href":"https:\/\/dutchmicrodosing.com\/de\/wp-json\/wp\/v2\/comments?post=25083"}],"version-history":[{"count":0,"href":"https:\/\/dutchmicrodosing.com\/de\/wp-json\/wp\/v2\/product\/25083\/revisions"}],"wp:featuredmedia":[{"embeddable":true,"href":"https:\/\/dutchmicrodosing.com\/de\/wp-json\/wp\/v2\/media\/24611"}],"wp:attachment":[{"href":"https:\/\/dutchmicrodosing.com\/de\/wp-json\/wp\/v2\/media?parent=25083"}],"wp:term":[{"taxonomy":"product_brand","embeddable":true,"href":"https:\/\/dutchmicrodosing.com\/de\/wp-json\/wp\/v2\/product_brand?post=25083"},{"taxonomy":"product_cat","embeddable":true,"href":"https:\/\/dutchmicrodosing.com\/de\/wp-json\/wp\/v2\/product_cat?post=25083"},{"taxonomy":"product_tag","embeddable":true,"href":"https:\/\/dutchmicrodosing.com\/de\/wp-json\/wp\/v2\/product_tag?post=25083"}],"curies":[{"name":"wp","href":"https:\/\/api.w.org\/{rel}","templated":true}]}}