{"id":26846,"date":"2023-08-22T13:23:08","date_gmt":"2023-08-22T11:23:08","guid":{"rendered":"https:\/\/dutchmicrodosing.com\/shop\/unkategorisiert\/lions-mane-hericium-erinaceus-growkit-xl\/"},"modified":"2025-08-20T15:10:45","modified_gmt":"2025-08-20T13:10:45","slug":"lions-mane-hericium-erinaceus-growkit-xl","status":"publish","type":"product","link":"https:\/\/dutchmicrodosing.com\/de\/medizinische-pilze\/lions-mane-hericium-erinaceus-growkit-xl\/","title":{"rendered":"L\u00f6wenm\u00e4hne (Hericium Erinaceus) Growkit XL"},"content":{"rendered":"<p>Mit dem Grow Kit XL k\u00f6nnen Sie einfach und bequem Ihre eigenen <strong>L\u00f6wenm\u00e4ulchenpilze<\/strong> z\u00fcchten. Dieser f\u00fcr seine kulinarischen und gesundheitlichen Vorteile bekannte Pilz hat ein einzigartiges haariges Aussehen und schmeckt ein wenig wie Meeresfr\u00fcchte. Sie brauchen sich nicht um zus\u00e4tzliches Material wie Holz zu k\u00fcmmern, denn das Set enth\u00e4lt alles, was Sie brauchen. Die Anzuchtbl\u00f6cke sind bereits mit einer Pilzkultur vorbereitet, so dass Sie sofort loslegen k\u00f6nnen. Sowohl Anf\u00e4nger als auch erfahrene Z\u00fcchter k\u00f6nnen mit diesem Kit problemlos L\u00f6wenm\u00e4hne anbauen. Stellen Sie die Bl\u00f6cke einfach an einen Ort mit ausreichender Bel\u00fcftung und der richtigen Luftfeuchtigkeit und beobachten Sie, wie sie wachsen!<\/p>\n<h3><strong>L\u00f6wenm\u00e4hne wachsen lassen: Eine Schritt-f\u00fcr-Schritt-Anleitung<\/strong><\/h3>\n<p>Tr\u00e4umen Sie davon, Ihre eigenen Pilze zu Hause zu z\u00fcchten? Mit unserem Anbausatz f\u00fcr Whig Swamp (L\u00f6wenm\u00e4hne) ist dies einfacher als Sie denken. Hier finden Sie eine einfache Anleitung f\u00fcr Anbau, Pflege und Ernte dieses k\u00f6stlichen Pilzes.<\/p>\n<h4>Lieferungen<\/h4>\n<ul>\n<li>Kit f\u00fcr das Wachstum der L\u00f6wenm\u00e4hne.<\/li>\n<li>Pflanzenspritze f\u00fcr die Bew\u00e4sserung.<\/li>\n<li>Feuchtes Tuch.<\/li>\n<li>Optional: ein Beutel mit L\u00f6chern f\u00fcr optimale Luftfeuchtigkeit.<\/li>\n<\/ul>\n<h3><strong>Anbauanleitung L\u00f6wenm\u00e4hne Grow Kit<\/strong><\/h3>\n<p><strong>Einleitung:<\/strong><\/p>\n<p>Der Pruikzwam (L\u00f6wenm\u00e4hne \/ Hericium Erinaceus) ist ein k\u00f6stlicher und gesunder Pilz mit einem einzigartigen Geschmack und Textur. Dieser Leitfaden wird Ihnen helfen, Wig-Pilze mit unserem Grow-Kit erfolgreich zu z\u00fcchten.<\/p>\n<ol>\n<li style=\"list-style-type: none\">\n<ol>\n<li style=\"list-style-type: none\">\n<ol>\n<li><strong>Inhalt des Anzuchtsets:<\/strong>Das Anzuchtset enth\u00e4lt ein Substrat, das aus Master&#8217;s Mix besteht, einer Kombination aus Sojaschalen und Hartholz. Das Myzel des Pruikzwam ist bereits im Substrat vorhanden, es braucht nur etwas Zeit, um sichtbar zu werden. <\/li>\n<li><strong>Zubeh\u00f6r:<\/strong>Zus\u00e4tzlich zum Anbauset ben\u00f6tigen Sie einen Pflanzenspr\u00fcher und\/oder ein feuchtes Tuch. Nachdem die Schnitte angebracht sind, empfiehlt es sich, t\u00e4glich zu spr\u00fchen, bis die Pilze zu wachsen beginnen. <\/li>\n<li><strong>Vorbereitung:<\/strong>Nehmen Sie das Growkit aus dem Karton und falten Sie den Beutel wie auf Foto 1 gezeigt zusammen. Das Myzel des Pruikzwam braucht oft ein paar Tage, um sich von der Reise zu erholen. Auf diese Weise kann das Myzel wieder atmen und das letzte St\u00fcck der Besiedlung vollenden. Sobald Sie sehen, dass sich kleine wei\u00dfe Kugeln auf dem Substrat bilden (Mini-Per\u00fcckenpilze), ist es Zeit, die Schnitte zu machen. <strong>Schneiden<\/strong> Sie den Block <strong>zweimal ca. 5 cm<\/strong> ein, vorzugsweise an den schwarzen Linien (siehe Foto Nr. 2<strong>), und falten Sie das Kulturset wieder<\/strong> so, wie Sie es erhalten haben. Dazu k\u00f6nnen Sie das mitgelieferte Gummiband verwenden. Stellen Sie das Growkit auf eine saubere Oberfl\u00e4che. Indem Sie das Growkit auf ein feuchtes Tuch auf einem Teller stellen, erh\u00f6hen Sie die Luftfeuchtigkeit in der unmittelbaren Umgebung. Achten Sie darauf, dass die Umgebung, in der Sie das Growkit aufstellen, frei von Zugluft ist.<\/li>\n<li><strong>Pflege und Wartung:<\/strong>Das Wigweed braucht eine hohe Luftfeuchtigkeit und ausreichend Sauerstoff, um gut zu wachsen. Idealerweise sollte die Luftfeuchtigkeit bei 70-80% liegen, aber unsere Sorte wurde so ausgew\u00e4hlt, dass sie auch bei niedrigerer Luftfeuchtigkeit gut w\u00e4chst. Halten Sie die Temperatur f\u00fcr ein optimales Wachstum zwischen 18-24\u00b0C.  <\/li>\n<li><strong>Ernte:<\/strong>Der richtige Zeitpunkt f\u00fcr die Ernte von Whig Pilzen ist, wenn die Sporen noch nicht freigesetzt wurden. Das ist in der Regel der Fall, wenn die &#8222;Monde&#8220;, die zahn\u00e4hnlichen Strukturen des Pilzes, ihre maximale L\u00e4nge erreicht haben und bevor sie anfangen, sich zu verf\u00e4rben oder zu schrumpfen. Der Pilz hat dann immer noch eine strahlend wei\u00dfe Farbe. Sie k\u00f6nnen die Pruikzwammen vorsichtig vom Substrat abziehen. Versuchen Sie, so wenig R\u00fcckst\u00e4nde wie m\u00f6glich auf dem Substrat zu hinterlassen. Sie k\u00f6nnen von diesem Growkit zwei Ernten erwarten, wobei die erste die gr\u00f6\u00dfte ist. Mit etwas Gl\u00fcck k\u00f6nnen Sie noch eine kleine dritte Ernte einfahren, aber dann wird das Growkit fast vollst\u00e4ndig aufgebraucht sein. Stellen Sie zwischen den Ernten sicher, dass Sie genug Feuchtigkeit haben, um ein zweites Wachstum zu f\u00f6rdern.       <\/li>\n<li><strong>Lagerung:<\/strong>Lagern Sie geerntete Wig Pilze in einer Papiert\u00fcte im K\u00fchlschrank. Sie bleiben etwa eine Woche lang frisch, aber \u00fcberpr\u00fcfen Sie sie regelm\u00e4\u00dfig auf Anzeichen von Verderb, wie z.B. Verf\u00e4rbungen oder einen unangenehmen Geruch. <\/li>\n<li><strong>Rezeptvorschl\u00e4ge:<\/strong>Der Whig-Pilz ist vielseitig und lecker in einer Vielzahl von Gerichten. Probieren Sie zum Beispiel Wig Pilz-Krabbenk\u00fcchlein, eine k\u00f6stliche und einzigartige Art, diesen Pilz zu genie\u00dfen. <\/li>\n<\/ol>\n<\/li>\n<\/ol>\n<\/li>\n<\/ol>\n<h3><strong>Hinweise zur Lagerung<\/strong><\/h3>\n<p>Lagern Sie Ihre frische L\u00f6wenm\u00e4hne in einer Papiert\u00fcte im K\u00fchlschrank. Sie sind etwa eine Woche haltbar.<\/p>\n<h3>Achtung!<\/h3>\n<p>Konsultieren Sie vor der Anwendung Ihren Arzt, wenn Sie schwanger sind, stillen oder gesundheitliche Probleme haben.<\/p>\n","protected":false},"excerpt":{"rendered":"<p>Mit dem Grow Kit XL k\u00f6nnen Sie einfach und bequem Ihre eigenen L\u00f6wenm\u00e4ulchenpilze z\u00fcchten. Dieser f\u00fcr seine kulinarischen und gesundheitlichen Vorteile bekannte Pilz hat ein einzigartiges haariges Aussehen und schmeckt ein wenig wie Meeresfr\u00fcchte. Sie brauchen sich nicht um zus\u00e4tzliches Material wie Holz zu k\u00fcmmern, denn das Set enth\u00e4lt alles, was Sie brauchen. Die Anzuchtbl\u00f6cke [&hellip;]<\/p>\n","protected":false},"featured_media":26840,"comment_status":"closed","ping_status":"closed","template":"","meta":[],"product_brand":[],"product_cat":[114],"product_tag":[],"class_list":{"0":"post-26846","1":"product","2":"type-product","3":"status-publish","4":"has-post-thumbnail","6":"product_cat-medizinische-pilze","8":"first","9":"instock","10":"taxable","11":"shipping-taxable","12":"purchasable","13":"product-type-simple"},"yoast_head":"<!-- This site is optimized with the Yoast SEO Premium plugin v26.4 (Yoast SEO v27.4) - https:\/\/yoast.com\/product\/yoast-seo-premium-wordpress\/ -->\n<title>L\u00f6wenm\u00e4hne (Hericium Erinaceus) Growkit XL - Dutchmicrodosing<\/title>\n<meta name=\"description\" content=\"Entdecken Sie den Heilpilz L\u00f6wenm\u00e4hne (Hericium Erinaceus), der f\u00fcr seine potenziellen kognitiven und gesundheitlichen Vorteile bekannt ist. F\u00fcr weitere Informationen klicken Sie bitte...\" \/>\n<meta name=\"robots\" content=\"index, follow, max-snippet:-1, max-image-preview:large, max-video-preview:-1\" \/>\n<link rel=\"canonical\" href=\"https:\/\/dutchmicrodosing.com\/de\/medizinische-pilze\/lions-mane-hericium-erinaceus-growkit-xl\/\" \/>\n<meta property=\"og:locale\" content=\"de_DE\" \/>\n<meta property=\"og:type\" content=\"article\" \/>\n<meta property=\"og:title\" content=\"L\u00f6wenm\u00e4hne (Hericium Erinaceus) Growkit XL\" \/>\n<meta property=\"og:description\" content=\"Mit dem Grow Kit XL k\u00f6nnen Sie einfach und bequem Ihre eigenen L\u00f6wenm\u00e4ulchenpilze z\u00fcchten. Dieser f\u00fcr seine kulinarischen und gesundheitlichen Vorteile\" \/>\n<meta property=\"og:url\" content=\"https:\/\/dutchmicrodosing.com\/de\/medizinische-pilze\/lions-mane-hericium-erinaceus-growkit-xl\/\" \/>\n<meta property=\"og:site_name\" content=\"Dutchmicrodosing\" \/>\n<meta property=\"article:publisher\" content=\"https:\/\/www.facebook.com\/Dutchmicrodosingxp\/\" \/>\n<meta property=\"article:modified_time\" content=\"2025-08-20T13:10:45+00:00\" \/>\n<meta property=\"og:image\" content=\"https:\/\/dutchmicrodosing.com\/wp-content\/uploads\/2023\/08\/lionsmanebag-1.jpg\" \/>\n\t<meta property=\"og:image:width\" content=\"960\" \/>\n\t<meta property=\"og:image:height\" content=\"720\" \/>\n\t<meta property=\"og:image:type\" content=\"image\/jpeg\" \/>\n<meta name=\"twitter:card\" content=\"summary_large_image\" \/>\n<script type=\"application\/ld+json\" class=\"yoast-schema-graph\">{\"@context\":\"https:\\\/\\\/schema.org\",\"@graph\":[{\"@type\":\"WebPage\",\"@id\":\"https:\\\/\\\/dutchmicrodosing.com\\\/de\\\/medizinische-pilze\\\/lions-mane-hericium-erinaceus-growkit-xl\\\/\",\"url\":\"https:\\\/\\\/dutchmicrodosing.com\\\/de\\\/medizinische-pilze\\\/lions-mane-hericium-erinaceus-growkit-xl\\\/\",\"name\":\"L\u00f6wenm\u00e4hne (Hericium Erinaceus) Growkit XL - Dutchmicrodosing\",\"isPartOf\":{\"@id\":\"https:\\\/\\\/dutchmicrodosing.com\\\/de\\\/#website\"},\"primaryImageOfPage\":{\"@id\":\"https:\\\/\\\/dutchmicrodosing.com\\\/de\\\/medizinische-pilze\\\/lions-mane-hericium-erinaceus-growkit-xl\\\/#primaryimage\"},\"image\":{\"@id\":\"https:\\\/\\\/dutchmicrodosing.com\\\/de\\\/medizinische-pilze\\\/lions-mane-hericium-erinaceus-growkit-xl\\\/#primaryimage\"},\"thumbnailUrl\":\"https:\\\/\\\/dutchmicrodosing.com\\\/wp-content\\\/uploads\\\/2023\\\/08\\\/lionsmanebag-1.jpg\",\"datePublished\":\"2023-08-22T11:23:08+00:00\",\"dateModified\":\"2025-08-20T13:10:45+00:00\",\"description\":\"Entdecken Sie den Heilpilz L\u00f6wenm\u00e4hne (Hericium Erinaceus), der f\u00fcr seine potenziellen kognitiven und gesundheitlichen Vorteile bekannt ist. F\u00fcr weitere Informationen klicken Sie bitte...\",\"breadcrumb\":{\"@id\":\"https:\\\/\\\/dutchmicrodosing.com\\\/de\\\/medizinische-pilze\\\/lions-mane-hericium-erinaceus-growkit-xl\\\/#breadcrumb\"},\"inLanguage\":\"de\",\"potentialAction\":[{\"@type\":\"ReadAction\",\"target\":[\"https:\\\/\\\/dutchmicrodosing.com\\\/de\\\/medizinische-pilze\\\/lions-mane-hericium-erinaceus-growkit-xl\\\/\"]}]},{\"@type\":\"ImageObject\",\"inLanguage\":\"de\",\"@id\":\"https:\\\/\\\/dutchmicrodosing.com\\\/de\\\/medizinische-pilze\\\/lions-mane-hericium-erinaceus-growkit-xl\\\/#primaryimage\",\"url\":\"https:\\\/\\\/dutchmicrodosing.com\\\/wp-content\\\/uploads\\\/2023\\\/08\\\/lionsmanebag-1.jpg\",\"contentUrl\":\"https:\\\/\\\/dutchmicrodosing.com\\\/wp-content\\\/uploads\\\/2023\\\/08\\\/lionsmanebag-1.jpg\",\"width\":960,\"height\":720},{\"@type\":\"BreadcrumbList\",\"@id\":\"https:\\\/\\\/dutchmicrodosing.com\\\/de\\\/medizinische-pilze\\\/lions-mane-hericium-erinaceus-growkit-xl\\\/#breadcrumb\",\"itemListElement\":[{\"@type\":\"ListItem\",\"position\":1,\"name\":\"Home\",\"item\":\"https:\\\/\\\/dutchmicrodosing.com\\\/de\\\/\"},{\"@type\":\"ListItem\",\"position\":2,\"name\":\"Shop\",\"item\":\"https:\\\/\\\/dutchmicrodosing.com\\\/de\\\/shop\\\/\"},{\"@type\":\"ListItem\",\"position\":3,\"name\":\"L\u00f6wenm\u00e4hne (Hericium Erinaceus) Growkit XL\"}]},{\"@type\":\"WebSite\",\"@id\":\"https:\\\/\\\/dutchmicrodosing.com\\\/de\\\/#website\",\"url\":\"https:\\\/\\\/dutchmicrodosing.com\\\/de\\\/\",\"name\":\"Dutchmicrodosing\",\"description\":\"\",\"publisher\":{\"@id\":\"https:\\\/\\\/dutchmicrodosing.com\\\/de\\\/#organization\"},\"potentialAction\":[{\"@type\":\"SearchAction\",\"target\":{\"@type\":\"EntryPoint\",\"urlTemplate\":\"https:\\\/\\\/dutchmicrodosing.com\\\/de\\\/?s={search_term_string}\"},\"query-input\":{\"@type\":\"PropertyValueSpecification\",\"valueRequired\":true,\"valueName\":\"search_term_string\"}}],\"inLanguage\":\"de\"},{\"@type\":\"Organization\",\"@id\":\"https:\\\/\\\/dutchmicrodosing.com\\\/de\\\/#organization\",\"name\":\"Dutchmicrodosing\",\"url\":\"https:\\\/\\\/dutchmicrodosing.com\\\/de\\\/\",\"logo\":{\"@type\":\"ImageObject\",\"inLanguage\":\"de\",\"@id\":\"https:\\\/\\\/dutchmicrodosing.com\\\/de\\\/#\\\/schema\\\/logo\\\/image\\\/\",\"url\":\"https:\\\/\\\/dutchmicrodosing.com\\\/wp-content\\\/uploads\\\/2021\\\/01\\\/microdosing-categorie-pic-nieuw.jpg\",\"contentUrl\":\"https:\\\/\\\/dutchmicrodosing.com\\\/wp-content\\\/uploads\\\/2021\\\/01\\\/microdosing-categorie-pic-nieuw.jpg\",\"width\":500,\"height\":500,\"caption\":\"Dutchmicrodosing\"},\"image\":{\"@id\":\"https:\\\/\\\/dutchmicrodosing.com\\\/de\\\/#\\\/schema\\\/logo\\\/image\\\/\"},\"sameAs\":[\"https:\\\/\\\/www.facebook.com\\\/Dutchmicrodosingxp\\\/\",\"https:\\\/\\\/www.instagram.com\\\/dutchmicrodosing\\\/\"]}]}<\/script>\n<meta property=\"product:price:amount\" content=\"24.95\" \/>\n<meta property=\"product:price:currency\" content=\"EUR\" \/>\n<meta property=\"og:availability\" content=\"instock\" \/>\n<meta property=\"product:availability\" content=\"instock\" \/>\n<meta property=\"product:retailer_item_id\" content=\"3208346\" \/>\n<meta property=\"product:condition\" content=\"new\" \/>\n<!-- \/ Yoast SEO Premium plugin. -->","yoast_head_json":{"title":"L\u00f6wenm\u00e4hne (Hericium Erinaceus) Growkit XL - Dutchmicrodosing","description":"Entdecken Sie den Heilpilz L\u00f6wenm\u00e4hne (Hericium Erinaceus), der f\u00fcr seine potenziellen kognitiven und gesundheitlichen Vorteile bekannt ist. F\u00fcr weitere Informationen klicken Sie bitte...","robots":{"index":"index","follow":"follow","max-snippet":"max-snippet:-1","max-image-preview":"max-image-preview:large","max-video-preview":"max-video-preview:-1"},"canonical":"https:\/\/dutchmicrodosing.com\/de\/medizinische-pilze\/lions-mane-hericium-erinaceus-growkit-xl\/","og_locale":"de_DE","og_type":"article","og_title":"L\u00f6wenm\u00e4hne (Hericium Erinaceus) Growkit XL","og_description":"Mit dem Grow Kit XL k\u00f6nnen Sie einfach und bequem Ihre eigenen L\u00f6wenm\u00e4ulchenpilze z\u00fcchten. Dieser f\u00fcr seine kulinarischen und gesundheitlichen Vorteile","og_url":"https:\/\/dutchmicrodosing.com\/de\/medizinische-pilze\/lions-mane-hericium-erinaceus-growkit-xl\/","og_site_name":"Dutchmicrodosing","article_publisher":"https:\/\/www.facebook.com\/Dutchmicrodosingxp\/","article_modified_time":"2025-08-20T13:10:45+00:00","og_image":[{"width":960,"height":720,"url":"https:\/\/dutchmicrodosing.com\/wp-content\/uploads\/2023\/08\/lionsmanebag-1.jpg","type":"image\/jpeg"}],"twitter_card":"summary_large_image","schema":{"@context":"https:\/\/schema.org","@graph":[{"@type":"WebPage","@id":"https:\/\/dutchmicrodosing.com\/de\/medizinische-pilze\/lions-mane-hericium-erinaceus-growkit-xl\/","url":"https:\/\/dutchmicrodosing.com\/de\/medizinische-pilze\/lions-mane-hericium-erinaceus-growkit-xl\/","name":"L\u00f6wenm\u00e4hne (Hericium Erinaceus) Growkit XL - Dutchmicrodosing","isPartOf":{"@id":"https:\/\/dutchmicrodosing.com\/de\/#website"},"primaryImageOfPage":{"@id":"https:\/\/dutchmicrodosing.com\/de\/medizinische-pilze\/lions-mane-hericium-erinaceus-growkit-xl\/#primaryimage"},"image":{"@id":"https:\/\/dutchmicrodosing.com\/de\/medizinische-pilze\/lions-mane-hericium-erinaceus-growkit-xl\/#primaryimage"},"thumbnailUrl":"https:\/\/dutchmicrodosing.com\/wp-content\/uploads\/2023\/08\/lionsmanebag-1.jpg","datePublished":"2023-08-22T11:23:08+00:00","dateModified":"2025-08-20T13:10:45+00:00","description":"Entdecken Sie den Heilpilz L\u00f6wenm\u00e4hne (Hericium Erinaceus), der f\u00fcr seine potenziellen kognitiven und gesundheitlichen Vorteile bekannt ist. F\u00fcr weitere Informationen klicken Sie bitte...","breadcrumb":{"@id":"https:\/\/dutchmicrodosing.com\/de\/medizinische-pilze\/lions-mane-hericium-erinaceus-growkit-xl\/#breadcrumb"},"inLanguage":"de","potentialAction":[{"@type":"ReadAction","target":["https:\/\/dutchmicrodosing.com\/de\/medizinische-pilze\/lions-mane-hericium-erinaceus-growkit-xl\/"]}]},{"@type":"ImageObject","inLanguage":"de","@id":"https:\/\/dutchmicrodosing.com\/de\/medizinische-pilze\/lions-mane-hericium-erinaceus-growkit-xl\/#primaryimage","url":"https:\/\/dutchmicrodosing.com\/wp-content\/uploads\/2023\/08\/lionsmanebag-1.jpg","contentUrl":"https:\/\/dutchmicrodosing.com\/wp-content\/uploads\/2023\/08\/lionsmanebag-1.jpg","width":960,"height":720},{"@type":"BreadcrumbList","@id":"https:\/\/dutchmicrodosing.com\/de\/medizinische-pilze\/lions-mane-hericium-erinaceus-growkit-xl\/#breadcrumb","itemListElement":[{"@type":"ListItem","position":1,"name":"Home","item":"https:\/\/dutchmicrodosing.com\/de\/"},{"@type":"ListItem","position":2,"name":"Shop","item":"https:\/\/dutchmicrodosing.com\/de\/shop\/"},{"@type":"ListItem","position":3,"name":"L\u00f6wenm\u00e4hne (Hericium Erinaceus) Growkit XL"}]},{"@type":"WebSite","@id":"https:\/\/dutchmicrodosing.com\/de\/#website","url":"https:\/\/dutchmicrodosing.com\/de\/","name":"Dutchmicrodosing","description":"","publisher":{"@id":"https:\/\/dutchmicrodosing.com\/de\/#organization"},"potentialAction":[{"@type":"SearchAction","target":{"@type":"EntryPoint","urlTemplate":"https:\/\/dutchmicrodosing.com\/de\/?s={search_term_string}"},"query-input":{"@type":"PropertyValueSpecification","valueRequired":true,"valueName":"search_term_string"}}],"inLanguage":"de"},{"@type":"Organization","@id":"https:\/\/dutchmicrodosing.com\/de\/#organization","name":"Dutchmicrodosing","url":"https:\/\/dutchmicrodosing.com\/de\/","logo":{"@type":"ImageObject","inLanguage":"de","@id":"https:\/\/dutchmicrodosing.com\/de\/#\/schema\/logo\/image\/","url":"https:\/\/dutchmicrodosing.com\/wp-content\/uploads\/2021\/01\/microdosing-categorie-pic-nieuw.jpg","contentUrl":"https:\/\/dutchmicrodosing.com\/wp-content\/uploads\/2021\/01\/microdosing-categorie-pic-nieuw.jpg","width":500,"height":500,"caption":"Dutchmicrodosing"},"image":{"@id":"https:\/\/dutchmicrodosing.com\/de\/#\/schema\/logo\/image\/"},"sameAs":["https:\/\/www.facebook.com\/Dutchmicrodosingxp\/","https:\/\/www.instagram.com\/dutchmicrodosing\/"]}]},"product_price_amount":"24.95","product_price_currency":"EUR","og_availability":"instock","product_availability":"instock","product_retailer_item_id":"3208346","product_condition":"new"},"_links":{"self":[{"href":"https:\/\/dutchmicrodosing.com\/de\/wp-json\/wp\/v2\/product\/26846","targetHints":{"allow":["GET"]}}],"collection":[{"href":"https:\/\/dutchmicrodosing.com\/de\/wp-json\/wp\/v2\/product"}],"about":[{"href":"https:\/\/dutchmicrodosing.com\/de\/wp-json\/wp\/v2\/types\/product"}],"replies":[{"embeddable":true,"href":"https:\/\/dutchmicrodosing.com\/de\/wp-json\/wp\/v2\/comments?post=26846"}],"version-history":[{"count":0,"href":"https:\/\/dutchmicrodosing.com\/de\/wp-json\/wp\/v2\/product\/26846\/revisions"}],"wp:featuredmedia":[{"embeddable":true,"href":"https:\/\/dutchmicrodosing.com\/de\/wp-json\/wp\/v2\/media\/26840"}],"wp:attachment":[{"href":"https:\/\/dutchmicrodosing.com\/de\/wp-json\/wp\/v2\/media?parent=26846"}],"wp:term":[{"taxonomy":"product_brand","embeddable":true,"href":"https:\/\/dutchmicrodosing.com\/de\/wp-json\/wp\/v2\/product_brand?post=26846"},{"taxonomy":"product_cat","embeddable":true,"href":"https:\/\/dutchmicrodosing.com\/de\/wp-json\/wp\/v2\/product_cat?post=26846"},{"taxonomy":"product_tag","embeddable":true,"href":"https:\/\/dutchmicrodosing.com\/de\/wp-json\/wp\/v2\/product_tag?post=26846"}],"curies":[{"name":"wp","href":"https:\/\/api.w.org\/{rel}","templated":true}]}}