{"id":26873,"date":"2022-01-15T17:47:05","date_gmt":"2022-01-15T16:47:05","guid":{"rendered":"https:\/\/dutchmicrodosing.com\/shop\/unkategorisiert\/zaubertrueffel-muehle\/"},"modified":"2026-02-03T16:42:24","modified_gmt":"2026-02-03T15:42:24","slug":"zaubertruffel-muhle","status":"publish","type":"product","link":"https:\/\/dutchmicrodosing.com\/de\/psilocybin-truffel\/bio-zauber-trueffel-xp\/zaubertruffel-muhle\/","title":{"rendered":"Magische Tr\u00fcffelm\u00fchle"},"content":{"rendered":"<p>Beim Kauen der <strong>magischen Tr\u00fcffel<\/strong> werden Geschmacksmolek\u00fcle freigesetzt. Diese Aromamolek\u00fcle unterscheiden sich geschmacklich von anderen Lebensmitteln, die Sie regelm\u00e4\u00dfig zu sich nehmen. Wenn Sie Ihre Tr\u00fcffel mahlen, wird beim Verzehr weniger Aroma freigesetzt. Ein angenehmer Gedanke f\u00fcr Menschen, die den Geschmack von magischen Tr\u00fcffeln nicht m\u00f6gen.<\/p>\n<h3>Inhalt<\/h3>\n<p>Tr\u00fcffelschleifer<\/p>\n","protected":false},"excerpt":{"rendered":"<p>Beim Kauen der magischen Tr\u00fcffel werden Geschmacksmolek\u00fcle freigesetzt. Diese Aromamolek\u00fcle unterscheiden sich geschmacklich von anderen Lebensmitteln, die Sie regelm\u00e4\u00dfig zu sich nehmen. Wenn Sie Ihre Tr\u00fcffel mahlen, wird beim Verzehr weniger Aroma freigesetzt. Ein angenehmer Gedanke f\u00fcr Menschen, die den Geschmack von magischen Tr\u00fcffeln nicht m\u00f6gen. Inhalt Tr\u00fcffelschleifer<\/p>\n","protected":false},"featured_media":63022,"comment_status":"closed","ping_status":"closed","template":"","meta":[],"product_brand":[],"product_cat":[202,112],"product_tag":[],"class_list":{"0":"post-26873","1":"product","2":"type-product","3":"status-publish","4":"has-post-thumbnail","6":"product_cat-magische-truffel","7":"product_cat-bio-zauber-trueffel-xp","9":"first","10":"instock","11":"taxable","12":"shipping-taxable","13":"purchasable","14":"product-type-simple"},"yoast_head":"<!-- This site is optimized with the Yoast SEO Premium plugin v26.4 (Yoast SEO v27.2) - https:\/\/yoast.com\/product\/yoast-seo-premium-wordpress\/ -->\n<title>Magische Tr\u00fcffelm\u00fchle - Dutchmicrodosing<\/title>\n<meta name=\"robots\" content=\"index, follow, max-snippet:-1, max-image-preview:large, max-video-preview:-1\" \/>\n<link rel=\"canonical\" href=\"https:\/\/dutchmicrodosing.com\/de\/psilocybin-truffel\/bio-zauber-trueffel-xp\/zaubertruffel-muhle\/\" \/>\n<meta property=\"og:locale\" content=\"de_DE\" \/>\n<meta property=\"og:type\" content=\"article\" \/>\n<meta property=\"og:title\" content=\"Magische Tr\u00fcffelm\u00fchle\" \/>\n<meta property=\"og:description\" content=\"Beim Kauen der magischen Tr\u00fcffel werden Geschmacksmolek\u00fcle freigesetzt. Diese Aromamolek\u00fcle unterscheiden sich geschmacklich von anderen Lebensmitteln,\" \/>\n<meta property=\"og:url\" content=\"https:\/\/dutchmicrodosing.com\/de\/psilocybin-truffel\/bio-zauber-trueffel-xp\/zaubertruffel-muhle\/\" \/>\n<meta property=\"og:site_name\" content=\"Dutchmicrodosing\" \/>\n<meta property=\"article:publisher\" content=\"https:\/\/www.facebook.com\/Dutchmicrodosingxp\/\" \/>\n<meta property=\"article:modified_time\" content=\"2026-02-03T15:42:24+00:00\" \/>\n<meta property=\"og:image\" content=\"https:\/\/dutchmicrodosing.com\/wp-content\/uploads\/2022\/01\/Royal_magic_truffles_Grinder.webp\" \/>\n\t<meta property=\"og:image:width\" content=\"480\" \/>\n\t<meta property=\"og:image:height\" content=\"480\" \/>\n\t<meta property=\"og:image:type\" content=\"image\/webp\" \/>\n<meta name=\"twitter:card\" content=\"summary_large_image\" \/>\n<script type=\"application\/ld+json\" class=\"yoast-schema-graph\">{\"@context\":\"https:\/\/schema.org\",\"@graph\":[{\"@type\":\"WebPage\",\"@id\":\"https:\/\/dutchmicrodosing.com\/de\/psilocybin-truffel\/bio-zauber-trueffel-xp\/zaubertruffel-muhle\/\",\"url\":\"https:\/\/dutchmicrodosing.com\/de\/psilocybin-truffel\/bio-zauber-trueffel-xp\/zaubertruffel-muhle\/\",\"name\":\"Magische Tr\u00fcffelm\u00fchle - Dutchmicrodosing\",\"isPartOf\":{\"@id\":\"https:\/\/dutchmicrodosing.com\/de\/#website\"},\"primaryImageOfPage\":{\"@id\":\"https:\/\/dutchmicrodosing.com\/de\/psilocybin-truffel\/bio-zauber-trueffel-xp\/zaubertruffel-muhle\/#primaryimage\"},\"image\":{\"@id\":\"https:\/\/dutchmicrodosing.com\/de\/psilocybin-truffel\/bio-zauber-trueffel-xp\/zaubertruffel-muhle\/#primaryimage\"},\"thumbnailUrl\":\"https:\/\/dutchmicrodosing.com\/wp-content\/uploads\/2022\/01\/Royal_magic_truffles_Grinder.webp\",\"datePublished\":\"2022-01-15T16:47:05+00:00\",\"dateModified\":\"2026-02-03T15:42:24+00:00\",\"breadcrumb\":{\"@id\":\"https:\/\/dutchmicrodosing.com\/de\/psilocybin-truffel\/bio-zauber-trueffel-xp\/zaubertruffel-muhle\/#breadcrumb\"},\"inLanguage\":\"de\",\"potentialAction\":[{\"@type\":\"ReadAction\",\"target\":[\"https:\/\/dutchmicrodosing.com\/de\/psilocybin-truffel\/bio-zauber-trueffel-xp\/zaubertruffel-muhle\/\"]}]},{\"@type\":\"ImageObject\",\"inLanguage\":\"de\",\"@id\":\"https:\/\/dutchmicrodosing.com\/de\/psilocybin-truffel\/bio-zauber-trueffel-xp\/zaubertruffel-muhle\/#primaryimage\",\"url\":\"https:\/\/dutchmicrodosing.com\/wp-content\/uploads\/2022\/01\/Royal_magic_truffles_Grinder.webp\",\"contentUrl\":\"https:\/\/dutchmicrodosing.com\/wp-content\/uploads\/2022\/01\/Royal_magic_truffles_Grinder.webp\",\"width\":480,\"height\":480},{\"@type\":\"BreadcrumbList\",\"@id\":\"https:\/\/dutchmicrodosing.com\/de\/psilocybin-truffel\/bio-zauber-trueffel-xp\/zaubertruffel-muhle\/#breadcrumb\",\"itemListElement\":[{\"@type\":\"ListItem\",\"position\":1,\"name\":\"Home\",\"item\":\"https:\/\/dutchmicrodosing.com\/de\/\"},{\"@type\":\"ListItem\",\"position\":2,\"name\":\"Shop\",\"item\":\"https:\/\/dutchmicrodosing.com\/de\/shop\/\"},{\"@type\":\"ListItem\",\"position\":3,\"name\":\"Magische Tr\u00fcffelm\u00fchle\"}]},{\"@type\":\"WebSite\",\"@id\":\"https:\/\/dutchmicrodosing.com\/de\/#website\",\"url\":\"https:\/\/dutchmicrodosing.com\/de\/\",\"name\":\"Dutchmicrodosing\",\"description\":\"\",\"publisher\":{\"@id\":\"https:\/\/dutchmicrodosing.com\/de\/#organization\"},\"potentialAction\":[{\"@type\":\"SearchAction\",\"target\":{\"@type\":\"EntryPoint\",\"urlTemplate\":\"https:\/\/dutchmicrodosing.com\/de\/?s={search_term_string}\"},\"query-input\":{\"@type\":\"PropertyValueSpecification\",\"valueRequired\":true,\"valueName\":\"search_term_string\"}}],\"inLanguage\":\"de\"},{\"@type\":\"Organization\",\"@id\":\"https:\/\/dutchmicrodosing.com\/de\/#organization\",\"name\":\"Dutchmicrodosing\",\"url\":\"https:\/\/dutchmicrodosing.com\/de\/\",\"logo\":{\"@type\":\"ImageObject\",\"inLanguage\":\"de\",\"@id\":\"https:\/\/dutchmicrodosing.com\/de\/#\/schema\/logo\/image\/\",\"url\":\"https:\/\/dutchmicrodosing.com\/wp-content\/uploads\/2021\/01\/microdosing-categorie-pic-nieuw.jpg\",\"contentUrl\":\"https:\/\/dutchmicrodosing.com\/wp-content\/uploads\/2021\/01\/microdosing-categorie-pic-nieuw.jpg\",\"width\":500,\"height\":500,\"caption\":\"Dutchmicrodosing\"},\"image\":{\"@id\":\"https:\/\/dutchmicrodosing.com\/de\/#\/schema\/logo\/image\/\"},\"sameAs\":[\"https:\/\/www.facebook.com\/Dutchmicrodosingxp\/\",\"https:\/\/www.instagram.com\/dutchmicrodosing\/\"]}]}<\/script>\n<meta property=\"product:price:amount\" content=\"4.95\" \/>\n<meta property=\"product:price:currency\" content=\"EUR\" \/>\n<meta property=\"og:availability\" content=\"instock\" \/>\n<meta property=\"product:availability\" content=\"instock\" \/>\n<meta property=\"product:retailer_item_id\" content=\"0201113\" \/>\n<meta property=\"product:condition\" content=\"new\" \/>\n<!-- \/ Yoast SEO Premium plugin. -->","yoast_head_json":{"title":"Magische Tr\u00fcffelm\u00fchle - Dutchmicrodosing","robots":{"index":"index","follow":"follow","max-snippet":"max-snippet:-1","max-image-preview":"max-image-preview:large","max-video-preview":"max-video-preview:-1"},"canonical":"https:\/\/dutchmicrodosing.com\/de\/psilocybin-truffel\/bio-zauber-trueffel-xp\/zaubertruffel-muhle\/","og_locale":"de_DE","og_type":"article","og_title":"Magische Tr\u00fcffelm\u00fchle","og_description":"Beim Kauen der magischen Tr\u00fcffel werden Geschmacksmolek\u00fcle freigesetzt. Diese Aromamolek\u00fcle unterscheiden sich geschmacklich von anderen Lebensmitteln,","og_url":"https:\/\/dutchmicrodosing.com\/de\/psilocybin-truffel\/bio-zauber-trueffel-xp\/zaubertruffel-muhle\/","og_site_name":"Dutchmicrodosing","article_publisher":"https:\/\/www.facebook.com\/Dutchmicrodosingxp\/","article_modified_time":"2026-02-03T15:42:24+00:00","og_image":[{"width":480,"height":480,"url":"https:\/\/dutchmicrodosing.com\/wp-content\/uploads\/2022\/01\/Royal_magic_truffles_Grinder.webp","type":"image\/webp"}],"twitter_card":"summary_large_image","schema":{"@context":"https:\/\/schema.org","@graph":[{"@type":"WebPage","@id":"https:\/\/dutchmicrodosing.com\/de\/psilocybin-truffel\/bio-zauber-trueffel-xp\/zaubertruffel-muhle\/","url":"https:\/\/dutchmicrodosing.com\/de\/psilocybin-truffel\/bio-zauber-trueffel-xp\/zaubertruffel-muhle\/","name":"Magische Tr\u00fcffelm\u00fchle - Dutchmicrodosing","isPartOf":{"@id":"https:\/\/dutchmicrodosing.com\/de\/#website"},"primaryImageOfPage":{"@id":"https:\/\/dutchmicrodosing.com\/de\/psilocybin-truffel\/bio-zauber-trueffel-xp\/zaubertruffel-muhle\/#primaryimage"},"image":{"@id":"https:\/\/dutchmicrodosing.com\/de\/psilocybin-truffel\/bio-zauber-trueffel-xp\/zaubertruffel-muhle\/#primaryimage"},"thumbnailUrl":"https:\/\/dutchmicrodosing.com\/wp-content\/uploads\/2022\/01\/Royal_magic_truffles_Grinder.webp","datePublished":"2022-01-15T16:47:05+00:00","dateModified":"2026-02-03T15:42:24+00:00","breadcrumb":{"@id":"https:\/\/dutchmicrodosing.com\/de\/psilocybin-truffel\/bio-zauber-trueffel-xp\/zaubertruffel-muhle\/#breadcrumb"},"inLanguage":"de","potentialAction":[{"@type":"ReadAction","target":["https:\/\/dutchmicrodosing.com\/de\/psilocybin-truffel\/bio-zauber-trueffel-xp\/zaubertruffel-muhle\/"]}]},{"@type":"ImageObject","inLanguage":"de","@id":"https:\/\/dutchmicrodosing.com\/de\/psilocybin-truffel\/bio-zauber-trueffel-xp\/zaubertruffel-muhle\/#primaryimage","url":"https:\/\/dutchmicrodosing.com\/wp-content\/uploads\/2022\/01\/Royal_magic_truffles_Grinder.webp","contentUrl":"https:\/\/dutchmicrodosing.com\/wp-content\/uploads\/2022\/01\/Royal_magic_truffles_Grinder.webp","width":480,"height":480},{"@type":"BreadcrumbList","@id":"https:\/\/dutchmicrodosing.com\/de\/psilocybin-truffel\/bio-zauber-trueffel-xp\/zaubertruffel-muhle\/#breadcrumb","itemListElement":[{"@type":"ListItem","position":1,"name":"Home","item":"https:\/\/dutchmicrodosing.com\/de\/"},{"@type":"ListItem","position":2,"name":"Shop","item":"https:\/\/dutchmicrodosing.com\/de\/shop\/"},{"@type":"ListItem","position":3,"name":"Magische Tr\u00fcffelm\u00fchle"}]},{"@type":"WebSite","@id":"https:\/\/dutchmicrodosing.com\/de\/#website","url":"https:\/\/dutchmicrodosing.com\/de\/","name":"Dutchmicrodosing","description":"","publisher":{"@id":"https:\/\/dutchmicrodosing.com\/de\/#organization"},"potentialAction":[{"@type":"SearchAction","target":{"@type":"EntryPoint","urlTemplate":"https:\/\/dutchmicrodosing.com\/de\/?s={search_term_string}"},"query-input":{"@type":"PropertyValueSpecification","valueRequired":true,"valueName":"search_term_string"}}],"inLanguage":"de"},{"@type":"Organization","@id":"https:\/\/dutchmicrodosing.com\/de\/#organization","name":"Dutchmicrodosing","url":"https:\/\/dutchmicrodosing.com\/de\/","logo":{"@type":"ImageObject","inLanguage":"de","@id":"https:\/\/dutchmicrodosing.com\/de\/#\/schema\/logo\/image\/","url":"https:\/\/dutchmicrodosing.com\/wp-content\/uploads\/2021\/01\/microdosing-categorie-pic-nieuw.jpg","contentUrl":"https:\/\/dutchmicrodosing.com\/wp-content\/uploads\/2021\/01\/microdosing-categorie-pic-nieuw.jpg","width":500,"height":500,"caption":"Dutchmicrodosing"},"image":{"@id":"https:\/\/dutchmicrodosing.com\/de\/#\/schema\/logo\/image\/"},"sameAs":["https:\/\/www.facebook.com\/Dutchmicrodosingxp\/","https:\/\/www.instagram.com\/dutchmicrodosing\/"]}]},"product_price_amount":"4.95","product_price_currency":"EUR","og_availability":"instock","product_availability":"instock","product_retailer_item_id":"0201113","product_condition":"new"},"_links":{"self":[{"href":"https:\/\/dutchmicrodosing.com\/de\/wp-json\/wp\/v2\/product\/26873","targetHints":{"allow":["GET"]}}],"collection":[{"href":"https:\/\/dutchmicrodosing.com\/de\/wp-json\/wp\/v2\/product"}],"about":[{"href":"https:\/\/dutchmicrodosing.com\/de\/wp-json\/wp\/v2\/types\/product"}],"replies":[{"embeddable":true,"href":"https:\/\/dutchmicrodosing.com\/de\/wp-json\/wp\/v2\/comments?post=26873"}],"version-history":[{"count":1,"href":"https:\/\/dutchmicrodosing.com\/de\/wp-json\/wp\/v2\/product\/26873\/revisions"}],"predecessor-version":[{"id":64282,"href":"https:\/\/dutchmicrodosing.com\/de\/wp-json\/wp\/v2\/product\/26873\/revisions\/64282"}],"wp:featuredmedia":[{"embeddable":true,"href":"https:\/\/dutchmicrodosing.com\/de\/wp-json\/wp\/v2\/media\/63022"}],"wp:attachment":[{"href":"https:\/\/dutchmicrodosing.com\/de\/wp-json\/wp\/v2\/media?parent=26873"}],"wp:term":[{"taxonomy":"product_brand","embeddable":true,"href":"https:\/\/dutchmicrodosing.com\/de\/wp-json\/wp\/v2\/product_brand?post=26873"},{"taxonomy":"product_cat","embeddable":true,"href":"https:\/\/dutchmicrodosing.com\/de\/wp-json\/wp\/v2\/product_cat?post=26873"},{"taxonomy":"product_tag","embeddable":true,"href":"https:\/\/dutchmicrodosing.com\/de\/wp-json\/wp\/v2\/product_tag?post=26873"}],"curies":[{"name":"wp","href":"https:\/\/api.w.org\/{rel}","templated":true}]}}