{"id":26901,"date":"2023-08-23T12:56:08","date_gmt":"2023-08-23T10:56:08","guid":{"rendered":"https:\/\/dutchmicrodosing.com\/shop\/unkategorisiert\/erfrischen-schnell-spuelen-30-stuecke\/"},"modified":"2025-08-28T02:02:31","modified_gmt":"2025-08-28T00:02:31","slug":"erfrischen-schnell-spuelen-30-stuecke","status":"publish","type":"product","link":"https:\/\/dutchmicrodosing.com\/de\/reformhaus\/vitamine-nahrungsergaenzungsmittel\/erfrischen-schnell-spuelen-30-stuecke\/","title":{"rendered":"Refresh Quick Flush &#8211; 30 St\u00fcck"},"content":{"rendered":"<p><strong>Quick Flush-Tabletten<\/strong> sind nat\u00fcrliche Entgiftungspillen, die eine Mischung aus Kr\u00e4utern, Vitaminen und Mineralien enthalten. Diese Formel wurde entwickelt, um Giftstoffe zu beseitigen, die Leber zu unterst\u00fctzen und die Verdauung zu f\u00f6rdern. Die Kr\u00e4uter in diesen Tabletten helfen, den K\u00f6rper zu reinigen und die Darmgesundheit zu verbessern. Dar\u00fcber hinaus bieten Vitamine wie A, C und E dank ihrer antioxidativen Eigenschaften einen zus\u00e4tzlichen Schutz vor sch\u00e4dlichen freien Radikalen. Kurz gesagt, es handelt sich um nat\u00fcrliche Tabletten, die die Gesundheit und Entgiftung des K\u00f6rpers unterst\u00fctzen.<\/p>\n<h3>Inhaltsstoffe<\/h3>\n<ul>\n<li>Vitamin C (Ascorbins\u00e4ure) (400 mg)<\/li>\n<li>Glukose wasserfrei (380 mg)<\/li>\n<li>Vitamin E (DL-alpha-Tocopherol) (90 mg)<\/li>\n<li>Vitamin B3 (Nicotinamid) (80 mg)<\/li>\n<li>Vitamin B5 (Pantothens\u00e4ure) (32,55 mg)<\/li>\n<li>Vitamin B12 (Cyanocobalamin) (12,5 mg)<\/li>\n<li>Vitamin B6 (Pyridoxinhydrochlorid) (8,55 mg)<\/li>\n<li>Vitamin B2 (Riboflavin) (7 mg)<\/li>\n<li>Vitamin B1 (Thiaminmononitrat) (6,35 mg)<\/li>\n<li>Vitamin B9 (Fols\u00e4ure) (1 mg)<\/li>\n<li>Vitamin B8 (Biotin) (0,25 mg)<\/li>\n<li>Sonnenblumen\u00f6l (1,05 g)<\/li>\n<li>Grassoja teilweise hydriert (275 mg)<\/li>\n<li>Sojalecithin VEROLEC 56 non-ggo ip (100 mg)<\/li>\n<li>Vitaheess E (0,21 mg)<\/li>\n<li>Hilfsstoffe: Rindergelatine, E172, E422.<\/li>\n<\/ul>\n<h3>Verwenden Sie<\/h3>\n<p>F\u00fcr eine Behandlung nehmen Sie 5 Softgels pro Tag an 2 aufeinanderfolgenden Tagen mit 2 oder 3 Gl\u00e4sern Wasser ein. Nehmen Sie nicht mehr als 5 Softgels innerhalb von 24 Stunden ein. Diese Tagesdosis sollte nicht \u00fcberschritten werden. Trinken Sie t\u00e4glich mindestens 10 Gl\u00e4ser Wasser, um den K\u00f6rper w\u00e4hrend dieser Kur mit Fl\u00fcssigkeit zu versorgen.<\/p>\n<h3>Hinweise zur Lagerung<\/h3>\n<p>An einem trockenen und k\u00fchlen Ort, au\u00dferhalb der Reichweite von Kindern.<\/p>\n<h3>Inhalt<\/h3>\n<p>Refresh Quick Flush &#8211; 30 Weichkapseln.<\/p>\n","protected":false},"excerpt":{"rendered":"<p>Quick Flush-Tabletten sind nat\u00fcrliche Entgiftungspillen, die eine Mischung aus Kr\u00e4utern, Vitaminen und Mineralien enthalten. Diese Formel wurde entwickelt, um Giftstoffe zu beseitigen, die Leber zu unterst\u00fctzen und die Verdauung zu f\u00f6rdern. Die Kr\u00e4uter in diesen Tabletten helfen, den K\u00f6rper zu reinigen und die Darmgesundheit zu verbessern. Dar\u00fcber hinaus bieten Vitamine wie A, C und E [&hellip;]<\/p>\n","protected":false},"featured_media":26895,"comment_status":"closed","ping_status":"closed","template":"","meta":[],"product_brand":[],"product_cat":[116],"product_tag":[],"class_list":{"0":"post-26901","1":"product","2":"type-product","3":"status-publish","4":"has-post-thumbnail","6":"product_cat-vitamine-nahrungsergaenzungsmittel","8":"first","9":"instock","10":"taxable","11":"shipping-taxable","12":"purchasable","13":"product-type-simple"},"yoast_head":"<!-- This site is optimized with the Yoast SEO Premium plugin v26.4 (Yoast SEO v27.4) - https:\/\/yoast.com\/product\/yoast-seo-premium-wordpress\/ -->\n<title>Refresh Quick Flush - 30 St\u00fcck - Dutchmicrodosing<\/title>\n<meta name=\"description\" content=\"Quick Flush-Tabletten sind nat\u00fcrliche Entgiftungspillen, die eine Mischung aus Kr\u00e4utern, Vitaminen und Mineralien enthalten. Diese Formel wurde entwickelt, um Giftstoffe zu entfernen.\" \/>\n<meta name=\"robots\" content=\"index, follow, max-snippet:-1, max-image-preview:large, max-video-preview:-1\" \/>\n<link rel=\"canonical\" href=\"https:\/\/dutchmicrodosing.com\/de\/reformhaus\/vitamine-nahrungsergaenzungsmittel\/erfrischen-schnell-spuelen-30-stuecke\/\" \/>\n<meta property=\"og:locale\" content=\"de_DE\" \/>\n<meta property=\"og:type\" content=\"article\" \/>\n<meta property=\"og:title\" content=\"Refresh Quick Flush - 30 St\u00fcck\" \/>\n<meta property=\"og:description\" content=\"Quick Flush-Tabletten sind nat\u00fcrliche Entgiftungspillen, die eine Mischung aus Kr\u00e4utern, Vitaminen und Mineralien enthalten. Diese Formel wurde\" \/>\n<meta property=\"og:url\" content=\"https:\/\/dutchmicrodosing.com\/de\/reformhaus\/vitamine-nahrungsergaenzungsmittel\/erfrischen-schnell-spuelen-30-stuecke\/\" \/>\n<meta property=\"og:site_name\" content=\"Dutchmicrodosing\" \/>\n<meta property=\"article:publisher\" content=\"https:\/\/www.facebook.com\/Dutchmicrodosingxp\/\" \/>\n<meta property=\"article:modified_time\" content=\"2025-08-28T00:02:31+00:00\" \/>\n<meta property=\"og:image\" content=\"https:\/\/dutchmicrodosing.com\/wp-content\/uploads\/2023\/08\/aT2quymw.jpg\" \/>\n\t<meta property=\"og:image:width\" content=\"500\" \/>\n\t<meta property=\"og:image:height\" content=\"500\" \/>\n\t<meta property=\"og:image:type\" content=\"image\/jpeg\" \/>\n<meta name=\"twitter:card\" content=\"summary_large_image\" \/>\n<script type=\"application\/ld+json\" class=\"yoast-schema-graph\">{\"@context\":\"https:\\\/\\\/schema.org\",\"@graph\":[{\"@type\":\"WebPage\",\"@id\":\"https:\\\/\\\/dutchmicrodosing.com\\\/de\\\/reformhaus\\\/vitamine-nahrungsergaenzungsmittel\\\/erfrischen-schnell-spuelen-30-stuecke\\\/\",\"url\":\"https:\\\/\\\/dutchmicrodosing.com\\\/de\\\/reformhaus\\\/vitamine-nahrungsergaenzungsmittel\\\/erfrischen-schnell-spuelen-30-stuecke\\\/\",\"name\":\"Refresh Quick Flush - 30 St\u00fcck - Dutchmicrodosing\",\"isPartOf\":{\"@id\":\"https:\\\/\\\/dutchmicrodosing.com\\\/de\\\/#website\"},\"primaryImageOfPage\":{\"@id\":\"https:\\\/\\\/dutchmicrodosing.com\\\/de\\\/reformhaus\\\/vitamine-nahrungsergaenzungsmittel\\\/erfrischen-schnell-spuelen-30-stuecke\\\/#primaryimage\"},\"image\":{\"@id\":\"https:\\\/\\\/dutchmicrodosing.com\\\/de\\\/reformhaus\\\/vitamine-nahrungsergaenzungsmittel\\\/erfrischen-schnell-spuelen-30-stuecke\\\/#primaryimage\"},\"thumbnailUrl\":\"https:\\\/\\\/dutchmicrodosing.com\\\/wp-content\\\/uploads\\\/2023\\\/08\\\/aT2quymw.jpg\",\"datePublished\":\"2023-08-23T10:56:08+00:00\",\"dateModified\":\"2025-08-28T00:02:31+00:00\",\"description\":\"Quick Flush-Tabletten sind nat\u00fcrliche Entgiftungspillen, die eine Mischung aus Kr\u00e4utern, Vitaminen und Mineralien enthalten. Diese Formel wurde entwickelt, um Giftstoffe zu entfernen.\",\"breadcrumb\":{\"@id\":\"https:\\\/\\\/dutchmicrodosing.com\\\/de\\\/reformhaus\\\/vitamine-nahrungsergaenzungsmittel\\\/erfrischen-schnell-spuelen-30-stuecke\\\/#breadcrumb\"},\"inLanguage\":\"de\",\"potentialAction\":[{\"@type\":\"ReadAction\",\"target\":[\"https:\\\/\\\/dutchmicrodosing.com\\\/de\\\/reformhaus\\\/vitamine-nahrungsergaenzungsmittel\\\/erfrischen-schnell-spuelen-30-stuecke\\\/\"]}]},{\"@type\":\"ImageObject\",\"inLanguage\":\"de\",\"@id\":\"https:\\\/\\\/dutchmicrodosing.com\\\/de\\\/reformhaus\\\/vitamine-nahrungsergaenzungsmittel\\\/erfrischen-schnell-spuelen-30-stuecke\\\/#primaryimage\",\"url\":\"https:\\\/\\\/dutchmicrodosing.com\\\/wp-content\\\/uploads\\\/2023\\\/08\\\/aT2quymw.jpg\",\"contentUrl\":\"https:\\\/\\\/dutchmicrodosing.com\\\/wp-content\\\/uploads\\\/2023\\\/08\\\/aT2quymw.jpg\",\"width\":500,\"height\":500},{\"@type\":\"BreadcrumbList\",\"@id\":\"https:\\\/\\\/dutchmicrodosing.com\\\/de\\\/reformhaus\\\/vitamine-nahrungsergaenzungsmittel\\\/erfrischen-schnell-spuelen-30-stuecke\\\/#breadcrumb\",\"itemListElement\":[{\"@type\":\"ListItem\",\"position\":1,\"name\":\"Home\",\"item\":\"https:\\\/\\\/dutchmicrodosing.com\\\/de\\\/\"},{\"@type\":\"ListItem\",\"position\":2,\"name\":\"Shop\",\"item\":\"https:\\\/\\\/dutchmicrodosing.com\\\/de\\\/shop\\\/\"},{\"@type\":\"ListItem\",\"position\":3,\"name\":\"Refresh Quick Flush &#8211; 30 St\u00fcck\"}]},{\"@type\":\"WebSite\",\"@id\":\"https:\\\/\\\/dutchmicrodosing.com\\\/de\\\/#website\",\"url\":\"https:\\\/\\\/dutchmicrodosing.com\\\/de\\\/\",\"name\":\"Dutchmicrodosing\",\"description\":\"\",\"publisher\":{\"@id\":\"https:\\\/\\\/dutchmicrodosing.com\\\/de\\\/#organization\"},\"potentialAction\":[{\"@type\":\"SearchAction\",\"target\":{\"@type\":\"EntryPoint\",\"urlTemplate\":\"https:\\\/\\\/dutchmicrodosing.com\\\/de\\\/?s={search_term_string}\"},\"query-input\":{\"@type\":\"PropertyValueSpecification\",\"valueRequired\":true,\"valueName\":\"search_term_string\"}}],\"inLanguage\":\"de\"},{\"@type\":\"Organization\",\"@id\":\"https:\\\/\\\/dutchmicrodosing.com\\\/de\\\/#organization\",\"name\":\"Dutchmicrodosing\",\"url\":\"https:\\\/\\\/dutchmicrodosing.com\\\/de\\\/\",\"logo\":{\"@type\":\"ImageObject\",\"inLanguage\":\"de\",\"@id\":\"https:\\\/\\\/dutchmicrodosing.com\\\/de\\\/#\\\/schema\\\/logo\\\/image\\\/\",\"url\":\"https:\\\/\\\/dutchmicrodosing.com\\\/wp-content\\\/uploads\\\/2021\\\/01\\\/microdosing-categorie-pic-nieuw.jpg\",\"contentUrl\":\"https:\\\/\\\/dutchmicrodosing.com\\\/wp-content\\\/uploads\\\/2021\\\/01\\\/microdosing-categorie-pic-nieuw.jpg\",\"width\":500,\"height\":500,\"caption\":\"Dutchmicrodosing\"},\"image\":{\"@id\":\"https:\\\/\\\/dutchmicrodosing.com\\\/de\\\/#\\\/schema\\\/logo\\\/image\\\/\"},\"sameAs\":[\"https:\\\/\\\/www.facebook.com\\\/Dutchmicrodosingxp\\\/\",\"https:\\\/\\\/www.instagram.com\\\/dutchmicrodosing\\\/\"]}]}<\/script>\n<meta property=\"product:price:amount\" content=\"22.95\" \/>\n<meta property=\"product:price:currency\" content=\"EUR\" \/>\n<meta property=\"og:availability\" content=\"instock\" \/>\n<meta property=\"product:availability\" content=\"instock\" \/>\n<meta property=\"product:retailer_item_id\" content=\"3207519\" \/>\n<meta property=\"product:condition\" content=\"new\" \/>\n<!-- \/ Yoast SEO Premium plugin. -->","yoast_head_json":{"title":"Refresh Quick Flush - 30 St\u00fcck - Dutchmicrodosing","description":"Quick Flush-Tabletten sind nat\u00fcrliche Entgiftungspillen, die eine Mischung aus Kr\u00e4utern, Vitaminen und Mineralien enthalten. Diese Formel wurde entwickelt, um Giftstoffe zu entfernen.","robots":{"index":"index","follow":"follow","max-snippet":"max-snippet:-1","max-image-preview":"max-image-preview:large","max-video-preview":"max-video-preview:-1"},"canonical":"https:\/\/dutchmicrodosing.com\/de\/reformhaus\/vitamine-nahrungsergaenzungsmittel\/erfrischen-schnell-spuelen-30-stuecke\/","og_locale":"de_DE","og_type":"article","og_title":"Refresh Quick Flush - 30 St\u00fcck","og_description":"Quick Flush-Tabletten sind nat\u00fcrliche Entgiftungspillen, die eine Mischung aus Kr\u00e4utern, Vitaminen und Mineralien enthalten. Diese Formel wurde","og_url":"https:\/\/dutchmicrodosing.com\/de\/reformhaus\/vitamine-nahrungsergaenzungsmittel\/erfrischen-schnell-spuelen-30-stuecke\/","og_site_name":"Dutchmicrodosing","article_publisher":"https:\/\/www.facebook.com\/Dutchmicrodosingxp\/","article_modified_time":"2025-08-28T00:02:31+00:00","og_image":[{"width":500,"height":500,"url":"https:\/\/dutchmicrodosing.com\/wp-content\/uploads\/2023\/08\/aT2quymw.jpg","type":"image\/jpeg"}],"twitter_card":"summary_large_image","schema":{"@context":"https:\/\/schema.org","@graph":[{"@type":"WebPage","@id":"https:\/\/dutchmicrodosing.com\/de\/reformhaus\/vitamine-nahrungsergaenzungsmittel\/erfrischen-schnell-spuelen-30-stuecke\/","url":"https:\/\/dutchmicrodosing.com\/de\/reformhaus\/vitamine-nahrungsergaenzungsmittel\/erfrischen-schnell-spuelen-30-stuecke\/","name":"Refresh Quick Flush - 30 St\u00fcck - Dutchmicrodosing","isPartOf":{"@id":"https:\/\/dutchmicrodosing.com\/de\/#website"},"primaryImageOfPage":{"@id":"https:\/\/dutchmicrodosing.com\/de\/reformhaus\/vitamine-nahrungsergaenzungsmittel\/erfrischen-schnell-spuelen-30-stuecke\/#primaryimage"},"image":{"@id":"https:\/\/dutchmicrodosing.com\/de\/reformhaus\/vitamine-nahrungsergaenzungsmittel\/erfrischen-schnell-spuelen-30-stuecke\/#primaryimage"},"thumbnailUrl":"https:\/\/dutchmicrodosing.com\/wp-content\/uploads\/2023\/08\/aT2quymw.jpg","datePublished":"2023-08-23T10:56:08+00:00","dateModified":"2025-08-28T00:02:31+00:00","description":"Quick Flush-Tabletten sind nat\u00fcrliche Entgiftungspillen, die eine Mischung aus Kr\u00e4utern, Vitaminen und Mineralien enthalten. Diese Formel wurde entwickelt, um Giftstoffe zu entfernen.","breadcrumb":{"@id":"https:\/\/dutchmicrodosing.com\/de\/reformhaus\/vitamine-nahrungsergaenzungsmittel\/erfrischen-schnell-spuelen-30-stuecke\/#breadcrumb"},"inLanguage":"de","potentialAction":[{"@type":"ReadAction","target":["https:\/\/dutchmicrodosing.com\/de\/reformhaus\/vitamine-nahrungsergaenzungsmittel\/erfrischen-schnell-spuelen-30-stuecke\/"]}]},{"@type":"ImageObject","inLanguage":"de","@id":"https:\/\/dutchmicrodosing.com\/de\/reformhaus\/vitamine-nahrungsergaenzungsmittel\/erfrischen-schnell-spuelen-30-stuecke\/#primaryimage","url":"https:\/\/dutchmicrodosing.com\/wp-content\/uploads\/2023\/08\/aT2quymw.jpg","contentUrl":"https:\/\/dutchmicrodosing.com\/wp-content\/uploads\/2023\/08\/aT2quymw.jpg","width":500,"height":500},{"@type":"BreadcrumbList","@id":"https:\/\/dutchmicrodosing.com\/de\/reformhaus\/vitamine-nahrungsergaenzungsmittel\/erfrischen-schnell-spuelen-30-stuecke\/#breadcrumb","itemListElement":[{"@type":"ListItem","position":1,"name":"Home","item":"https:\/\/dutchmicrodosing.com\/de\/"},{"@type":"ListItem","position":2,"name":"Shop","item":"https:\/\/dutchmicrodosing.com\/de\/shop\/"},{"@type":"ListItem","position":3,"name":"Refresh Quick Flush &#8211; 30 St\u00fcck"}]},{"@type":"WebSite","@id":"https:\/\/dutchmicrodosing.com\/de\/#website","url":"https:\/\/dutchmicrodosing.com\/de\/","name":"Dutchmicrodosing","description":"","publisher":{"@id":"https:\/\/dutchmicrodosing.com\/de\/#organization"},"potentialAction":[{"@type":"SearchAction","target":{"@type":"EntryPoint","urlTemplate":"https:\/\/dutchmicrodosing.com\/de\/?s={search_term_string}"},"query-input":{"@type":"PropertyValueSpecification","valueRequired":true,"valueName":"search_term_string"}}],"inLanguage":"de"},{"@type":"Organization","@id":"https:\/\/dutchmicrodosing.com\/de\/#organization","name":"Dutchmicrodosing","url":"https:\/\/dutchmicrodosing.com\/de\/","logo":{"@type":"ImageObject","inLanguage":"de","@id":"https:\/\/dutchmicrodosing.com\/de\/#\/schema\/logo\/image\/","url":"https:\/\/dutchmicrodosing.com\/wp-content\/uploads\/2021\/01\/microdosing-categorie-pic-nieuw.jpg","contentUrl":"https:\/\/dutchmicrodosing.com\/wp-content\/uploads\/2021\/01\/microdosing-categorie-pic-nieuw.jpg","width":500,"height":500,"caption":"Dutchmicrodosing"},"image":{"@id":"https:\/\/dutchmicrodosing.com\/de\/#\/schema\/logo\/image\/"},"sameAs":["https:\/\/www.facebook.com\/Dutchmicrodosingxp\/","https:\/\/www.instagram.com\/dutchmicrodosing\/"]}]},"product_price_amount":"22.95","product_price_currency":"EUR","og_availability":"instock","product_availability":"instock","product_retailer_item_id":"3207519","product_condition":"new"},"_links":{"self":[{"href":"https:\/\/dutchmicrodosing.com\/de\/wp-json\/wp\/v2\/product\/26901","targetHints":{"allow":["GET"]}}],"collection":[{"href":"https:\/\/dutchmicrodosing.com\/de\/wp-json\/wp\/v2\/product"}],"about":[{"href":"https:\/\/dutchmicrodosing.com\/de\/wp-json\/wp\/v2\/types\/product"}],"replies":[{"embeddable":true,"href":"https:\/\/dutchmicrodosing.com\/de\/wp-json\/wp\/v2\/comments?post=26901"}],"version-history":[{"count":0,"href":"https:\/\/dutchmicrodosing.com\/de\/wp-json\/wp\/v2\/product\/26901\/revisions"}],"wp:featuredmedia":[{"embeddable":true,"href":"https:\/\/dutchmicrodosing.com\/de\/wp-json\/wp\/v2\/media\/26895"}],"wp:attachment":[{"href":"https:\/\/dutchmicrodosing.com\/de\/wp-json\/wp\/v2\/media?parent=26901"}],"wp:term":[{"taxonomy":"product_brand","embeddable":true,"href":"https:\/\/dutchmicrodosing.com\/de\/wp-json\/wp\/v2\/product_brand?post=26901"},{"taxonomy":"product_cat","embeddable":true,"href":"https:\/\/dutchmicrodosing.com\/de\/wp-json\/wp\/v2\/product_cat?post=26901"},{"taxonomy":"product_tag","embeddable":true,"href":"https:\/\/dutchmicrodosing.com\/de\/wp-json\/wp\/v2\/product_tag?post=26901"}],"curies":[{"name":"wp","href":"https:\/\/api.w.org\/{rel}","templated":true}]}}