{"id":28515,"date":"2023-09-24T09:41:19","date_gmt":"2023-09-24T07:41:19","guid":{"rendered":"https:\/\/dutchmicrodosing.com\/shop\/unkategorisiert\/chaga-pilz-pulver-organisch\/"},"modified":"2025-09-28T03:02:56","modified_gmt":"2025-09-28T01:02:56","slug":"chaga-pilz-pulver-organisch","status":"publish","type":"product","link":"https:\/\/dutchmicrodosing.com\/de\/medizinische-pilze\/chaga-pilz-pulver-organisch\/","title":{"rendered":"Chaga-Pilz-Pulver Bio"},"content":{"rendered":"<p>Der Chaga, in den Niederlanden auch als Birkenpilz bekannt, ist viel mehr als nur ein Pilz. Dieses <strong>Chaga-Pilz-Pulver Bio<\/strong> ist von reinster und sauberster Qualit\u00e4t. Dieser dunkle, knubbelige Pilz, der aus den kalten W\u00e4ldern des Nordens stammt, wird seit Jahrhunderten in der traditionellen Medizin gesch\u00e4tzt, vor allem in Russland und Nordeuropa. Eines der herausragenden Merkmale des Chaga ist sein reichhaltiges N\u00e4hrwertprofil.<\/p>\n<p>Die darin enthaltenen Ballaststoffe und Proteine tragen zu einer guten Verdauung und zum Muskelaufbau bei. Antioxidantien spielen eine wichtige Rolle beim Schutz unserer Zellen vor Sch\u00e4den durch freie Radikale, was zur Vorbeugung bestimmter chronischer Krankheiten beitragen kann. Die im Chaga enthaltenen Vitamine und Mineralien unterst\u00fctzen eine Vielzahl von K\u00f6rperfunktionen, vom Immunsystem bis zum Nervensystem.<\/p>\n<h3>Zutat<\/h3>\n<p>Chaga-Pilzpulver Bio.<\/p>\n<h3>Verwenden Sie<\/h3>\n<ul>\n<li>Eine Tagesdosis von Chaga-Pulver betr\u00e4gt 1 bis 2 Teel\u00f6ffel.<\/li>\n<li>Aus Chaga-Pulver kann man Tee zubereiten oder es einem Smoothie oder einem Gericht hinzuf\u00fcgen.<\/li>\n<\/ul>\n<h3>Hinweise zur Lagerung<\/h3>\n<p>Bewahren Sie dieses Produkt an einem dunklen, k\u00fchlen Ort auf, z. B. in einem K\u00fcchenschrank und au\u00dferhalb der Reichweite von Kindern.<\/p>\n<h3>Inhalt<\/h3>\n<p>Chaga-Pilzpulver Bio &#8211; 100 Gramm.<\/p>\n","protected":false},"excerpt":{"rendered":"<p>Der Chaga, in den Niederlanden auch als Birkenpilz bekannt, ist viel mehr als nur ein Pilz. Dieses Chaga-Pilz-Pulver Bio ist von reinster und sauberster Qualit\u00e4t. Dieser dunkle, knubbelige Pilz, der aus den kalten W\u00e4ldern des Nordens stammt, wird seit Jahrhunderten in der traditionellen Medizin gesch\u00e4tzt, vor allem in Russland und Nordeuropa. Eines der herausragenden Merkmale [&hellip;]<\/p>\n","protected":false},"featured_media":62996,"comment_status":"closed","ping_status":"closed","template":"","meta":[],"product_brand":[],"product_cat":[114,293,281],"product_tag":[],"class_list":{"0":"post-28515","1":"product","2":"type-product","3":"status-publish","4":"has-post-thumbnail","6":"product_cat-medizinische-pilze","7":"product_cat-erganzungen-fur-das-immunsystem","8":"product_cat-superfoods","10":"first","11":"instock","12":"taxable","13":"shipping-taxable","14":"purchasable","15":"product-type-simple"},"yoast_head":"<!-- This site is optimized with the Yoast SEO Premium plugin v26.4 (Yoast SEO v27.4) - https:\/\/yoast.com\/product\/yoast-seo-premium-wordpress\/ -->\n<title>Chaga-Pilz-Pulver Bio - Dutchmicrodosing<\/title>\n<meta name=\"description\" content=\"Der Chaga, in den Niederlanden auch als Birkenpilz bekannt, ist viel mehr als nur ein Pilz. Dieses Chaga-Pilz-Pulver Bio ist von...\" \/>\n<meta name=\"robots\" content=\"index, follow, max-snippet:-1, max-image-preview:large, max-video-preview:-1\" \/>\n<link rel=\"canonical\" href=\"https:\/\/dutchmicrodosing.com\/de\/medizinische-pilze\/chaga-pilz-pulver-organisch\/\" \/>\n<meta property=\"og:locale\" content=\"de_DE\" \/>\n<meta property=\"og:type\" content=\"article\" \/>\n<meta property=\"og:title\" content=\"Chaga-Pilz-Pulver Bio\" \/>\n<meta property=\"og:description\" content=\"Der Chaga, in den Niederlanden auch als Birkenpilz bekannt, ist viel mehr als nur ein Pilz. Dieses Chaga-Pilz-Pulver Bio ist von reinster und sauberster\" \/>\n<meta property=\"og:url\" content=\"https:\/\/dutchmicrodosing.com\/de\/medizinische-pilze\/chaga-pilz-pulver-organisch\/\" \/>\n<meta property=\"og:site_name\" content=\"Dutchmicrodosing\" \/>\n<meta property=\"article:publisher\" content=\"https:\/\/www.facebook.com\/Dutchmicrodosingxp\/\" \/>\n<meta property=\"article:modified_time\" content=\"2025-09-28T01:02:56+00:00\" \/>\n<meta property=\"og:image\" content=\"https:\/\/dutchmicrodosing.com\/wp-content\/uploads\/2023\/09\/chaga.jpg\" \/>\n\t<meta property=\"og:image:width\" content=\"888\" \/>\n\t<meta property=\"og:image:height\" content=\"888\" \/>\n\t<meta property=\"og:image:type\" content=\"image\/jpeg\" \/>\n<meta name=\"twitter:card\" content=\"summary_large_image\" \/>\n<script type=\"application\/ld+json\" class=\"yoast-schema-graph\">{\"@context\":\"https:\\\/\\\/schema.org\",\"@graph\":[{\"@type\":\"WebPage\",\"@id\":\"https:\\\/\\\/dutchmicrodosing.com\\\/de\\\/medizinische-pilze\\\/chaga-pilz-pulver-organisch\\\/\",\"url\":\"https:\\\/\\\/dutchmicrodosing.com\\\/de\\\/medizinische-pilze\\\/chaga-pilz-pulver-organisch\\\/\",\"name\":\"Chaga-Pilz-Pulver Bio - Dutchmicrodosing\",\"isPartOf\":{\"@id\":\"https:\\\/\\\/dutchmicrodosing.com\\\/de\\\/#website\"},\"primaryImageOfPage\":{\"@id\":\"https:\\\/\\\/dutchmicrodosing.com\\\/de\\\/medizinische-pilze\\\/chaga-pilz-pulver-organisch\\\/#primaryimage\"},\"image\":{\"@id\":\"https:\\\/\\\/dutchmicrodosing.com\\\/de\\\/medizinische-pilze\\\/chaga-pilz-pulver-organisch\\\/#primaryimage\"},\"thumbnailUrl\":\"https:\\\/\\\/dutchmicrodosing.com\\\/wp-content\\\/uploads\\\/2025\\\/11\\\/Chaga-Powder_1.jpg\",\"datePublished\":\"2023-09-24T07:41:19+00:00\",\"dateModified\":\"2025-09-28T01:02:56+00:00\",\"description\":\"Der Chaga, in den Niederlanden auch als Birkenpilz bekannt, ist viel mehr als nur ein Pilz. Dieses Chaga-Pilz-Pulver Bio ist von...\",\"breadcrumb\":{\"@id\":\"https:\\\/\\\/dutchmicrodosing.com\\\/de\\\/medizinische-pilze\\\/chaga-pilz-pulver-organisch\\\/#breadcrumb\"},\"inLanguage\":\"de\",\"potentialAction\":[{\"@type\":\"ReadAction\",\"target\":[\"https:\\\/\\\/dutchmicrodosing.com\\\/de\\\/medizinische-pilze\\\/chaga-pilz-pulver-organisch\\\/\"]}]},{\"@type\":\"ImageObject\",\"inLanguage\":\"de\",\"@id\":\"https:\\\/\\\/dutchmicrodosing.com\\\/de\\\/medizinische-pilze\\\/chaga-pilz-pulver-organisch\\\/#primaryimage\",\"url\":\"https:\\\/\\\/dutchmicrodosing.com\\\/wp-content\\\/uploads\\\/2025\\\/11\\\/Chaga-Powder_1.jpg\",\"contentUrl\":\"https:\\\/\\\/dutchmicrodosing.com\\\/wp-content\\\/uploads\\\/2025\\\/11\\\/Chaga-Powder_1.jpg\",\"width\":1500,\"height\":1500,\"caption\":\"Chaga Powder\"},{\"@type\":\"BreadcrumbList\",\"@id\":\"https:\\\/\\\/dutchmicrodosing.com\\\/de\\\/medizinische-pilze\\\/chaga-pilz-pulver-organisch\\\/#breadcrumb\",\"itemListElement\":[{\"@type\":\"ListItem\",\"position\":1,\"name\":\"Home\",\"item\":\"https:\\\/\\\/dutchmicrodosing.com\\\/de\\\/\"},{\"@type\":\"ListItem\",\"position\":2,\"name\":\"Shop\",\"item\":\"https:\\\/\\\/dutchmicrodosing.com\\\/de\\\/shop\\\/\"},{\"@type\":\"ListItem\",\"position\":3,\"name\":\"Chaga-Pilz-Pulver Bio\"}]},{\"@type\":\"WebSite\",\"@id\":\"https:\\\/\\\/dutchmicrodosing.com\\\/de\\\/#website\",\"url\":\"https:\\\/\\\/dutchmicrodosing.com\\\/de\\\/\",\"name\":\"Dutchmicrodosing\",\"description\":\"\",\"publisher\":{\"@id\":\"https:\\\/\\\/dutchmicrodosing.com\\\/de\\\/#organization\"},\"potentialAction\":[{\"@type\":\"SearchAction\",\"target\":{\"@type\":\"EntryPoint\",\"urlTemplate\":\"https:\\\/\\\/dutchmicrodosing.com\\\/de\\\/?s={search_term_string}\"},\"query-input\":{\"@type\":\"PropertyValueSpecification\",\"valueRequired\":true,\"valueName\":\"search_term_string\"}}],\"inLanguage\":\"de\"},{\"@type\":\"Organization\",\"@id\":\"https:\\\/\\\/dutchmicrodosing.com\\\/de\\\/#organization\",\"name\":\"Dutchmicrodosing\",\"url\":\"https:\\\/\\\/dutchmicrodosing.com\\\/de\\\/\",\"logo\":{\"@type\":\"ImageObject\",\"inLanguage\":\"de\",\"@id\":\"https:\\\/\\\/dutchmicrodosing.com\\\/de\\\/#\\\/schema\\\/logo\\\/image\\\/\",\"url\":\"https:\\\/\\\/dutchmicrodosing.com\\\/wp-content\\\/uploads\\\/2021\\\/01\\\/microdosing-categorie-pic-nieuw.jpg\",\"contentUrl\":\"https:\\\/\\\/dutchmicrodosing.com\\\/wp-content\\\/uploads\\\/2021\\\/01\\\/microdosing-categorie-pic-nieuw.jpg\",\"width\":500,\"height\":500,\"caption\":\"Dutchmicrodosing\"},\"image\":{\"@id\":\"https:\\\/\\\/dutchmicrodosing.com\\\/de\\\/#\\\/schema\\\/logo\\\/image\\\/\"},\"sameAs\":[\"https:\\\/\\\/www.facebook.com\\\/Dutchmicrodosingxp\\\/\",\"https:\\\/\\\/www.instagram.com\\\/dutchmicrodosing\\\/\"]}]}<\/script>\n<meta property=\"product:price:amount\" content=\"16.95\" \/>\n<meta property=\"product:price:currency\" content=\"EUR\" \/>\n<meta property=\"og:availability\" content=\"instock\" \/>\n<meta property=\"product:availability\" content=\"instock\" \/>\n<meta property=\"product:retailer_item_id\" content=\"3209566\" \/>\n<meta property=\"product:condition\" content=\"new\" \/>\n<!-- \/ Yoast SEO Premium plugin. -->","yoast_head_json":{"title":"Chaga-Pilz-Pulver Bio - Dutchmicrodosing","description":"Der Chaga, in den Niederlanden auch als Birkenpilz bekannt, ist viel mehr als nur ein Pilz. Dieses Chaga-Pilz-Pulver Bio ist von...","robots":{"index":"index","follow":"follow","max-snippet":"max-snippet:-1","max-image-preview":"max-image-preview:large","max-video-preview":"max-video-preview:-1"},"canonical":"https:\/\/dutchmicrodosing.com\/de\/medizinische-pilze\/chaga-pilz-pulver-organisch\/","og_locale":"de_DE","og_type":"article","og_title":"Chaga-Pilz-Pulver Bio","og_description":"Der Chaga, in den Niederlanden auch als Birkenpilz bekannt, ist viel mehr als nur ein Pilz. Dieses Chaga-Pilz-Pulver Bio ist von reinster und sauberster","og_url":"https:\/\/dutchmicrodosing.com\/de\/medizinische-pilze\/chaga-pilz-pulver-organisch\/","og_site_name":"Dutchmicrodosing","article_publisher":"https:\/\/www.facebook.com\/Dutchmicrodosingxp\/","article_modified_time":"2025-09-28T01:02:56+00:00","og_image":[{"width":888,"height":888,"url":"https:\/\/dutchmicrodosing.com\/wp-content\/uploads\/2023\/09\/chaga.jpg","type":"image\/jpeg"}],"twitter_card":"summary_large_image","schema":{"@context":"https:\/\/schema.org","@graph":[{"@type":"WebPage","@id":"https:\/\/dutchmicrodosing.com\/de\/medizinische-pilze\/chaga-pilz-pulver-organisch\/","url":"https:\/\/dutchmicrodosing.com\/de\/medizinische-pilze\/chaga-pilz-pulver-organisch\/","name":"Chaga-Pilz-Pulver Bio - Dutchmicrodosing","isPartOf":{"@id":"https:\/\/dutchmicrodosing.com\/de\/#website"},"primaryImageOfPage":{"@id":"https:\/\/dutchmicrodosing.com\/de\/medizinische-pilze\/chaga-pilz-pulver-organisch\/#primaryimage"},"image":{"@id":"https:\/\/dutchmicrodosing.com\/de\/medizinische-pilze\/chaga-pilz-pulver-organisch\/#primaryimage"},"thumbnailUrl":"https:\/\/dutchmicrodosing.com\/wp-content\/uploads\/2025\/11\/Chaga-Powder_1.jpg","datePublished":"2023-09-24T07:41:19+00:00","dateModified":"2025-09-28T01:02:56+00:00","description":"Der Chaga, in den Niederlanden auch als Birkenpilz bekannt, ist viel mehr als nur ein Pilz. Dieses Chaga-Pilz-Pulver Bio ist von...","breadcrumb":{"@id":"https:\/\/dutchmicrodosing.com\/de\/medizinische-pilze\/chaga-pilz-pulver-organisch\/#breadcrumb"},"inLanguage":"de","potentialAction":[{"@type":"ReadAction","target":["https:\/\/dutchmicrodosing.com\/de\/medizinische-pilze\/chaga-pilz-pulver-organisch\/"]}]},{"@type":"ImageObject","inLanguage":"de","@id":"https:\/\/dutchmicrodosing.com\/de\/medizinische-pilze\/chaga-pilz-pulver-organisch\/#primaryimage","url":"https:\/\/dutchmicrodosing.com\/wp-content\/uploads\/2025\/11\/Chaga-Powder_1.jpg","contentUrl":"https:\/\/dutchmicrodosing.com\/wp-content\/uploads\/2025\/11\/Chaga-Powder_1.jpg","width":1500,"height":1500,"caption":"Chaga Powder"},{"@type":"BreadcrumbList","@id":"https:\/\/dutchmicrodosing.com\/de\/medizinische-pilze\/chaga-pilz-pulver-organisch\/#breadcrumb","itemListElement":[{"@type":"ListItem","position":1,"name":"Home","item":"https:\/\/dutchmicrodosing.com\/de\/"},{"@type":"ListItem","position":2,"name":"Shop","item":"https:\/\/dutchmicrodosing.com\/de\/shop\/"},{"@type":"ListItem","position":3,"name":"Chaga-Pilz-Pulver Bio"}]},{"@type":"WebSite","@id":"https:\/\/dutchmicrodosing.com\/de\/#website","url":"https:\/\/dutchmicrodosing.com\/de\/","name":"Dutchmicrodosing","description":"","publisher":{"@id":"https:\/\/dutchmicrodosing.com\/de\/#organization"},"potentialAction":[{"@type":"SearchAction","target":{"@type":"EntryPoint","urlTemplate":"https:\/\/dutchmicrodosing.com\/de\/?s={search_term_string}"},"query-input":{"@type":"PropertyValueSpecification","valueRequired":true,"valueName":"search_term_string"}}],"inLanguage":"de"},{"@type":"Organization","@id":"https:\/\/dutchmicrodosing.com\/de\/#organization","name":"Dutchmicrodosing","url":"https:\/\/dutchmicrodosing.com\/de\/","logo":{"@type":"ImageObject","inLanguage":"de","@id":"https:\/\/dutchmicrodosing.com\/de\/#\/schema\/logo\/image\/","url":"https:\/\/dutchmicrodosing.com\/wp-content\/uploads\/2021\/01\/microdosing-categorie-pic-nieuw.jpg","contentUrl":"https:\/\/dutchmicrodosing.com\/wp-content\/uploads\/2021\/01\/microdosing-categorie-pic-nieuw.jpg","width":500,"height":500,"caption":"Dutchmicrodosing"},"image":{"@id":"https:\/\/dutchmicrodosing.com\/de\/#\/schema\/logo\/image\/"},"sameAs":["https:\/\/www.facebook.com\/Dutchmicrodosingxp\/","https:\/\/www.instagram.com\/dutchmicrodosing\/"]}]},"product_price_amount":"16.95","product_price_currency":"EUR","og_availability":"instock","product_availability":"instock","product_retailer_item_id":"3209566","product_condition":"new"},"_links":{"self":[{"href":"https:\/\/dutchmicrodosing.com\/de\/wp-json\/wp\/v2\/product\/28515","targetHints":{"allow":["GET"]}}],"collection":[{"href":"https:\/\/dutchmicrodosing.com\/de\/wp-json\/wp\/v2\/product"}],"about":[{"href":"https:\/\/dutchmicrodosing.com\/de\/wp-json\/wp\/v2\/types\/product"}],"replies":[{"embeddable":true,"href":"https:\/\/dutchmicrodosing.com\/de\/wp-json\/wp\/v2\/comments?post=28515"}],"version-history":[{"count":0,"href":"https:\/\/dutchmicrodosing.com\/de\/wp-json\/wp\/v2\/product\/28515\/revisions"}],"wp:featuredmedia":[{"embeddable":true,"href":"https:\/\/dutchmicrodosing.com\/de\/wp-json\/wp\/v2\/media\/62996"}],"wp:attachment":[{"href":"https:\/\/dutchmicrodosing.com\/de\/wp-json\/wp\/v2\/media?parent=28515"}],"wp:term":[{"taxonomy":"product_brand","embeddable":true,"href":"https:\/\/dutchmicrodosing.com\/de\/wp-json\/wp\/v2\/product_brand?post=28515"},{"taxonomy":"product_cat","embeddable":true,"href":"https:\/\/dutchmicrodosing.com\/de\/wp-json\/wp\/v2\/product_cat?post=28515"},{"taxonomy":"product_tag","embeddable":true,"href":"https:\/\/dutchmicrodosing.com\/de\/wp-json\/wp\/v2\/product_tag?post=28515"}],"curies":[{"name":"wp","href":"https:\/\/api.w.org\/{rel}","templated":true}]}}