{"id":28984,"date":"2023-10-11T09:14:08","date_gmt":"2023-10-11T07:14:29","guid":{"rendered":"https:\/\/dutchmicrodosing.com\/shop\/unkategorisiert\/loewe-mann-lollypop-4er-pack\/"},"modified":"2023-11-16T20:57:26","modified_gmt":"2023-11-16T19:57:26","slug":"lowe-mann-lollypop-4er-pack","status":"publish","type":"product","link":"https:\/\/dutchmicrodosing.com\/de\/reformhaus\/essbare-pilze\/lowe-mann-lollypop-4er-pack\/","title":{"rendered":"L\u00f6wenm\u00e4hne Lollypop &#8211; 4er-Pack"},"content":{"rendered":"<p>Dr. Candy Mushrooms bringt einen revolution\u00e4ren Leckerbissen auf den Markt, der sowohl den Geschmacksnerven als auch der Gesundheit zugute kommt. Mit dem <strong>Lion&#8217;s Mane Lollypop 4-Pack<\/strong> erhalten die Verbraucher eine leckere, vegane und zuckerfreie S\u00fc\u00dfigkeit, die mit kognitiv stimulierendem L\u00f6wenm\u00e4hnenextrakt angereichert ist. F\u00fcr diejenigen, die sowohl den Geschmack als auch das Wohlbefinden sch\u00e4tzen, bietet dieser Lutscher ein unvergleichliches Erlebnis. Eine perfekte Mischung aus Genuss und Gesundheit in einem Lutscher.<\/p>\n<h3>Inhaltsstoffe<\/h3>\n<ul>\n<li>nat\u00fcrliche Aromen<\/li>\n<li>Isomalt<\/li>\n<li>Farbstoff<\/li>\n<li>250 mg L\u00f6wenzahn-Extrakt<\/li>\n<\/ul>\n<h3>Verwenden Sie .<\/h3>\n<p>Nehmen Sie nicht mehr als 1 Lutscher pro Tag.<\/p>\n<h3>Hinweise zur Lagerung<\/h3>\n<p>Bewahren Sie dieses Produkt an einem k\u00fchlen und dunklen Ort, z. B. in einem K\u00fcchenschrank, und au\u00dferhalb der Reichweite von Kindern auf.<\/p>\n<h3>Inhalt<\/h3>\n<p>4 x Dr. Candy Lion&#8217;s Mane Mushroom Lollypops (Cola, Erdbeere, Kiwi und Heidelbeere)<\/p>\n","protected":false},"excerpt":{"rendered":"<p>Dr. Candy Mushrooms bringt einen revolution\u00e4ren Leckerbissen auf den Markt, der sowohl den Geschmacksnerven als auch der Gesundheit zugute kommt. Mit dem Lion&#8217;s Mane Lollypop 4-Pack erhalten die Verbraucher eine leckere, vegane und zuckerfreie S\u00fc\u00dfigkeit, die mit kognitiv stimulierendem L\u00f6wenm\u00e4hnenextrakt angereichert ist. F\u00fcr diejenigen, die sowohl den Geschmack als auch das Wohlbefinden sch\u00e4tzen, bietet dieser [&hellip;]<\/p>\n","protected":false},"featured_media":28977,"comment_status":"closed","ping_status":"closed","template":"","meta":[],"product_brand":[],"product_cat":[327],"product_tag":[],"class_list":{"0":"post-28984","1":"product","2":"type-product","3":"status-publish","4":"has-post-thumbnail","6":"product_cat-essbare-pilze","8":"first","9":"instock","10":"taxable","11":"shipping-taxable","12":"purchasable","13":"product-type-simple"},"yoast_head":"<!-- This site is optimized with the Yoast SEO Premium plugin v26.4 (Yoast SEO v27.2) - https:\/\/yoast.com\/product\/yoast-seo-premium-wordpress\/ -->\n<title>L\u00f6wenm\u00e4hne Lollypop - 4er-Pack - Dutchmicrodosing<\/title>\n<meta name=\"description\" content=\"Dr. Candy Mushrooms bringt einen revolution\u00e4ren Leckerbissen auf den Markt, der Geschmackserlebnisse und gesundheitliche Vorteile vereint....\" \/>\n<meta name=\"robots\" content=\"index, follow, max-snippet:-1, max-image-preview:large, max-video-preview:-1\" \/>\n<link rel=\"canonical\" href=\"https:\/\/dutchmicrodosing.com\/de\/reformhaus\/essbare-pilze\/lowe-mann-lollypop-4er-pack\/\" \/>\n<meta property=\"og:locale\" content=\"de_DE\" \/>\n<meta property=\"og:type\" content=\"article\" \/>\n<meta property=\"og:title\" content=\"L\u00f6wenm\u00e4hne Lollypop - 4er-Pack\" \/>\n<meta property=\"og:description\" content=\"Dr. Candy Mushrooms bringt einen revolution\u00e4ren Leckerbissen auf den Markt, der sowohl den Geschmacksnerven als auch der Gesundheit zugute kommt. Mit dem\" \/>\n<meta property=\"og:url\" content=\"https:\/\/dutchmicrodosing.com\/de\/reformhaus\/essbare-pilze\/lowe-mann-lollypop-4er-pack\/\" \/>\n<meta property=\"og:site_name\" content=\"Dutchmicrodosing\" \/>\n<meta property=\"article:publisher\" content=\"https:\/\/www.facebook.com\/Dutchmicrodosingxp\/\" \/>\n<meta property=\"article:modified_time\" content=\"2023-11-16T19:57:26+00:00\" \/>\n<meta property=\"og:image\" content=\"https:\/\/dutchmicrodosing.com\/wp-content\/uploads\/2023\/10\/Mushroom_lollypops_Pack_1000x1000-1.jpg\" \/>\n\t<meta property=\"og:image:width\" content=\"1000\" \/>\n\t<meta property=\"og:image:height\" content=\"1000\" \/>\n\t<meta property=\"og:image:type\" content=\"image\/jpeg\" \/>\n<meta name=\"twitter:card\" content=\"summary_large_image\" \/>\n<script type=\"application\/ld+json\" class=\"yoast-schema-graph\">{\"@context\":\"https:\/\/schema.org\",\"@graph\":[{\"@type\":\"WebPage\",\"@id\":\"https:\/\/dutchmicrodosing.com\/de\/reformhaus\/essbare-pilze\/lowe-mann-lollypop-4er-pack\/\",\"url\":\"https:\/\/dutchmicrodosing.com\/de\/reformhaus\/essbare-pilze\/lowe-mann-lollypop-4er-pack\/\",\"name\":\"L\u00f6wenm\u00e4hne Lollypop - 4er-Pack - Dutchmicrodosing\",\"isPartOf\":{\"@id\":\"https:\/\/dutchmicrodosing.com\/de\/#website\"},\"primaryImageOfPage\":{\"@id\":\"https:\/\/dutchmicrodosing.com\/de\/reformhaus\/essbare-pilze\/lowe-mann-lollypop-4er-pack\/#primaryimage\"},\"image\":{\"@id\":\"https:\/\/dutchmicrodosing.com\/de\/reformhaus\/essbare-pilze\/lowe-mann-lollypop-4er-pack\/#primaryimage\"},\"thumbnailUrl\":\"https:\/\/dutchmicrodosing.com\/wp-content\/uploads\/2023\/10\/Mushroom_lollypops_Pack_1000x1000-1.jpg\",\"datePublished\":\"2023-10-11T07:14:29+00:00\",\"dateModified\":\"2023-11-16T19:57:26+00:00\",\"description\":\"Dr. Candy Mushrooms bringt einen revolution\u00e4ren Leckerbissen auf den Markt, der Geschmackserlebnisse und gesundheitliche Vorteile vereint....\",\"breadcrumb\":{\"@id\":\"https:\/\/dutchmicrodosing.com\/de\/reformhaus\/essbare-pilze\/lowe-mann-lollypop-4er-pack\/#breadcrumb\"},\"inLanguage\":\"de\",\"potentialAction\":[{\"@type\":\"ReadAction\",\"target\":[\"https:\/\/dutchmicrodosing.com\/de\/reformhaus\/essbare-pilze\/lowe-mann-lollypop-4er-pack\/\"]}]},{\"@type\":\"ImageObject\",\"inLanguage\":\"de\",\"@id\":\"https:\/\/dutchmicrodosing.com\/de\/reformhaus\/essbare-pilze\/lowe-mann-lollypop-4er-pack\/#primaryimage\",\"url\":\"https:\/\/dutchmicrodosing.com\/wp-content\/uploads\/2023\/10\/Mushroom_lollypops_Pack_1000x1000-1.jpg\",\"contentUrl\":\"https:\/\/dutchmicrodosing.com\/wp-content\/uploads\/2023\/10\/Mushroom_lollypops_Pack_1000x1000-1.jpg\",\"width\":1000,\"height\":1000},{\"@type\":\"BreadcrumbList\",\"@id\":\"https:\/\/dutchmicrodosing.com\/de\/reformhaus\/essbare-pilze\/lowe-mann-lollypop-4er-pack\/#breadcrumb\",\"itemListElement\":[{\"@type\":\"ListItem\",\"position\":1,\"name\":\"Home\",\"item\":\"https:\/\/dutchmicrodosing.com\/de\/\"},{\"@type\":\"ListItem\",\"position\":2,\"name\":\"Shop\",\"item\":\"https:\/\/dutchmicrodosing.com\/de\/shop\/\"},{\"@type\":\"ListItem\",\"position\":3,\"name\":\"L\u00f6wenm\u00e4hne Lollypop &#8211; 4er-Pack\"}]},{\"@type\":\"WebSite\",\"@id\":\"https:\/\/dutchmicrodosing.com\/de\/#website\",\"url\":\"https:\/\/dutchmicrodosing.com\/de\/\",\"name\":\"Dutchmicrodosing\",\"description\":\"\",\"publisher\":{\"@id\":\"https:\/\/dutchmicrodosing.com\/de\/#organization\"},\"potentialAction\":[{\"@type\":\"SearchAction\",\"target\":{\"@type\":\"EntryPoint\",\"urlTemplate\":\"https:\/\/dutchmicrodosing.com\/de\/?s={search_term_string}\"},\"query-input\":{\"@type\":\"PropertyValueSpecification\",\"valueRequired\":true,\"valueName\":\"search_term_string\"}}],\"inLanguage\":\"de\"},{\"@type\":\"Organization\",\"@id\":\"https:\/\/dutchmicrodosing.com\/de\/#organization\",\"name\":\"Dutchmicrodosing\",\"url\":\"https:\/\/dutchmicrodosing.com\/de\/\",\"logo\":{\"@type\":\"ImageObject\",\"inLanguage\":\"de\",\"@id\":\"https:\/\/dutchmicrodosing.com\/de\/#\/schema\/logo\/image\/\",\"url\":\"https:\/\/dutchmicrodosing.com\/wp-content\/uploads\/2021\/01\/microdosing-categorie-pic-nieuw.jpg\",\"contentUrl\":\"https:\/\/dutchmicrodosing.com\/wp-content\/uploads\/2021\/01\/microdosing-categorie-pic-nieuw.jpg\",\"width\":500,\"height\":500,\"caption\":\"Dutchmicrodosing\"},\"image\":{\"@id\":\"https:\/\/dutchmicrodosing.com\/de\/#\/schema\/logo\/image\/\"},\"sameAs\":[\"https:\/\/www.facebook.com\/Dutchmicrodosingxp\/\",\"https:\/\/www.instagram.com\/dutchmicrodosing\/\"]}]}<\/script>\n<meta property=\"product:price:amount\" content=\"7.95\" \/>\n<meta property=\"product:price:currency\" content=\"EUR\" \/>\n<meta property=\"og:availability\" content=\"instock\" \/>\n<meta property=\"product:availability\" content=\"instock\" \/>\n<meta property=\"product:retailer_item_id\" content=\"3210896\" \/>\n<meta property=\"product:condition\" content=\"new\" \/>\n<!-- \/ Yoast SEO Premium plugin. -->","yoast_head_json":{"title":"L\u00f6wenm\u00e4hne Lollypop - 4er-Pack - Dutchmicrodosing","description":"Dr. Candy Mushrooms bringt einen revolution\u00e4ren Leckerbissen auf den Markt, der Geschmackserlebnisse und gesundheitliche Vorteile vereint....","robots":{"index":"index","follow":"follow","max-snippet":"max-snippet:-1","max-image-preview":"max-image-preview:large","max-video-preview":"max-video-preview:-1"},"canonical":"https:\/\/dutchmicrodosing.com\/de\/reformhaus\/essbare-pilze\/lowe-mann-lollypop-4er-pack\/","og_locale":"de_DE","og_type":"article","og_title":"L\u00f6wenm\u00e4hne Lollypop - 4er-Pack","og_description":"Dr. Candy Mushrooms bringt einen revolution\u00e4ren Leckerbissen auf den Markt, der sowohl den Geschmacksnerven als auch der Gesundheit zugute kommt. Mit dem","og_url":"https:\/\/dutchmicrodosing.com\/de\/reformhaus\/essbare-pilze\/lowe-mann-lollypop-4er-pack\/","og_site_name":"Dutchmicrodosing","article_publisher":"https:\/\/www.facebook.com\/Dutchmicrodosingxp\/","article_modified_time":"2023-11-16T19:57:26+00:00","og_image":[{"width":1000,"height":1000,"url":"https:\/\/dutchmicrodosing.com\/wp-content\/uploads\/2023\/10\/Mushroom_lollypops_Pack_1000x1000-1.jpg","type":"image\/jpeg"}],"twitter_card":"summary_large_image","schema":{"@context":"https:\/\/schema.org","@graph":[{"@type":"WebPage","@id":"https:\/\/dutchmicrodosing.com\/de\/reformhaus\/essbare-pilze\/lowe-mann-lollypop-4er-pack\/","url":"https:\/\/dutchmicrodosing.com\/de\/reformhaus\/essbare-pilze\/lowe-mann-lollypop-4er-pack\/","name":"L\u00f6wenm\u00e4hne Lollypop - 4er-Pack - Dutchmicrodosing","isPartOf":{"@id":"https:\/\/dutchmicrodosing.com\/de\/#website"},"primaryImageOfPage":{"@id":"https:\/\/dutchmicrodosing.com\/de\/reformhaus\/essbare-pilze\/lowe-mann-lollypop-4er-pack\/#primaryimage"},"image":{"@id":"https:\/\/dutchmicrodosing.com\/de\/reformhaus\/essbare-pilze\/lowe-mann-lollypop-4er-pack\/#primaryimage"},"thumbnailUrl":"https:\/\/dutchmicrodosing.com\/wp-content\/uploads\/2023\/10\/Mushroom_lollypops_Pack_1000x1000-1.jpg","datePublished":"2023-10-11T07:14:29+00:00","dateModified":"2023-11-16T19:57:26+00:00","description":"Dr. Candy Mushrooms bringt einen revolution\u00e4ren Leckerbissen auf den Markt, der Geschmackserlebnisse und gesundheitliche Vorteile vereint....","breadcrumb":{"@id":"https:\/\/dutchmicrodosing.com\/de\/reformhaus\/essbare-pilze\/lowe-mann-lollypop-4er-pack\/#breadcrumb"},"inLanguage":"de","potentialAction":[{"@type":"ReadAction","target":["https:\/\/dutchmicrodosing.com\/de\/reformhaus\/essbare-pilze\/lowe-mann-lollypop-4er-pack\/"]}]},{"@type":"ImageObject","inLanguage":"de","@id":"https:\/\/dutchmicrodosing.com\/de\/reformhaus\/essbare-pilze\/lowe-mann-lollypop-4er-pack\/#primaryimage","url":"https:\/\/dutchmicrodosing.com\/wp-content\/uploads\/2023\/10\/Mushroom_lollypops_Pack_1000x1000-1.jpg","contentUrl":"https:\/\/dutchmicrodosing.com\/wp-content\/uploads\/2023\/10\/Mushroom_lollypops_Pack_1000x1000-1.jpg","width":1000,"height":1000},{"@type":"BreadcrumbList","@id":"https:\/\/dutchmicrodosing.com\/de\/reformhaus\/essbare-pilze\/lowe-mann-lollypop-4er-pack\/#breadcrumb","itemListElement":[{"@type":"ListItem","position":1,"name":"Home","item":"https:\/\/dutchmicrodosing.com\/de\/"},{"@type":"ListItem","position":2,"name":"Shop","item":"https:\/\/dutchmicrodosing.com\/de\/shop\/"},{"@type":"ListItem","position":3,"name":"L\u00f6wenm\u00e4hne Lollypop &#8211; 4er-Pack"}]},{"@type":"WebSite","@id":"https:\/\/dutchmicrodosing.com\/de\/#website","url":"https:\/\/dutchmicrodosing.com\/de\/","name":"Dutchmicrodosing","description":"","publisher":{"@id":"https:\/\/dutchmicrodosing.com\/de\/#organization"},"potentialAction":[{"@type":"SearchAction","target":{"@type":"EntryPoint","urlTemplate":"https:\/\/dutchmicrodosing.com\/de\/?s={search_term_string}"},"query-input":{"@type":"PropertyValueSpecification","valueRequired":true,"valueName":"search_term_string"}}],"inLanguage":"de"},{"@type":"Organization","@id":"https:\/\/dutchmicrodosing.com\/de\/#organization","name":"Dutchmicrodosing","url":"https:\/\/dutchmicrodosing.com\/de\/","logo":{"@type":"ImageObject","inLanguage":"de","@id":"https:\/\/dutchmicrodosing.com\/de\/#\/schema\/logo\/image\/","url":"https:\/\/dutchmicrodosing.com\/wp-content\/uploads\/2021\/01\/microdosing-categorie-pic-nieuw.jpg","contentUrl":"https:\/\/dutchmicrodosing.com\/wp-content\/uploads\/2021\/01\/microdosing-categorie-pic-nieuw.jpg","width":500,"height":500,"caption":"Dutchmicrodosing"},"image":{"@id":"https:\/\/dutchmicrodosing.com\/de\/#\/schema\/logo\/image\/"},"sameAs":["https:\/\/www.facebook.com\/Dutchmicrodosingxp\/","https:\/\/www.instagram.com\/dutchmicrodosing\/"]}]},"product_price_amount":"7.95","product_price_currency":"EUR","og_availability":"instock","product_availability":"instock","product_retailer_item_id":"3210896","product_condition":"new"},"_links":{"self":[{"href":"https:\/\/dutchmicrodosing.com\/de\/wp-json\/wp\/v2\/product\/28984","targetHints":{"allow":["GET"]}}],"collection":[{"href":"https:\/\/dutchmicrodosing.com\/de\/wp-json\/wp\/v2\/product"}],"about":[{"href":"https:\/\/dutchmicrodosing.com\/de\/wp-json\/wp\/v2\/types\/product"}],"replies":[{"embeddable":true,"href":"https:\/\/dutchmicrodosing.com\/de\/wp-json\/wp\/v2\/comments?post=28984"}],"version-history":[{"count":0,"href":"https:\/\/dutchmicrodosing.com\/de\/wp-json\/wp\/v2\/product\/28984\/revisions"}],"wp:featuredmedia":[{"embeddable":true,"href":"https:\/\/dutchmicrodosing.com\/de\/wp-json\/wp\/v2\/media\/28977"}],"wp:attachment":[{"href":"https:\/\/dutchmicrodosing.com\/de\/wp-json\/wp\/v2\/media?parent=28984"}],"wp:term":[{"taxonomy":"product_brand","embeddable":true,"href":"https:\/\/dutchmicrodosing.com\/de\/wp-json\/wp\/v2\/product_brand?post=28984"},{"taxonomy":"product_cat","embeddable":true,"href":"https:\/\/dutchmicrodosing.com\/de\/wp-json\/wp\/v2\/product_cat?post=28984"},{"taxonomy":"product_tag","embeddable":true,"href":"https:\/\/dutchmicrodosing.com\/de\/wp-json\/wp\/v2\/product_tag?post=28984"}],"curies":[{"name":"wp","href":"https:\/\/api.w.org\/{rel}","templated":true}]}}