{"id":29137,"date":"2023-09-16T17:26:47","date_gmt":"2023-09-16T15:26:47","guid":{"rendered":"https:\/\/dutchmicrodosing.com\/?post_type=product&#038;p=29137"},"modified":"2025-09-01T08:13:07","modified_gmt":"2025-09-01T06:13:07","slug":"daily-focus-gummis-zuckerfrei-vegan","status":"publish","type":"product","link":"https:\/\/dutchmicrodosing.com\/de\/reformhaus\/vitamine-nahrungsergaenzungsmittel\/daily-focus-gummis-zuckerfrei-vegan\/","title":{"rendered":"Daily Focus Gummies (zuckerfrei&amp;vegan)"},"content":{"rendered":"<p><strong>Daily Focus Gummies<\/strong> wurden speziell f\u00fcr Menschen entwickelt, die Schwierigkeiten haben, ihre Konzentration aufrechtzuerhalten oder die regelm\u00e4\u00dfig unter M\u00fcdigkeitssymptomen leiden. Die Gummib\u00e4rchen sind vollst\u00e4ndig vegan, enthalten keinen Zucker und haben einen k\u00f6stlichen Erdbeergeschmack. Sie enthalten einen leistungsstarken Vitamin-B-Komplex, der zur Verbesserung der Konzentration und zur Bek\u00e4mpfung von M\u00fcdigkeitssymptomen beitr\u00e4gt. Au\u00dferdem sind sie eine ausgezeichnete Wahl f\u00fcr Personen, die sich einer gesunden Lebensweise verschrieben haben und auf der Suche nach Nahrungserg\u00e4nzungsmitteln sind, die ihren Werten und Bed\u00fcrfnissen entsprechen.<\/p>\n<h3>Energiewert pro 100 Gramm<\/h3>\n<ul>\n<li>Energie 780 kJ<\/li>\n<li>Energie 187 kcal<\/li>\n<li>Kohlenhydrate 77<\/li>\n<li>davon Zucker 0,00<\/li>\n<li>Eiwei\u00df 0,0<\/li>\n<li>Fett &lt;0,50<\/li>\n<li>Ges\u00e4ttigtes Fett 0,00<\/li>\n<li>Fasern 1,00<\/li>\n<li>Natrium 0,02<\/li>\n<li>Vitamin B5 5 mg pro Gummib\u00e4rchen<\/li>\n<li>Vitamin B9 200 \u03bcg pro Gummib\u00e4rchen<\/li>\n<li>Vitamin B12 25 \u03bcg pro Gummib\u00e4rchen<\/li>\n<\/ul>\n<h3>Empfohlene Verwendung<\/h3>\n<p>Nehmen Sie nicht mehr als 1 oder 2 Gummib\u00e4rchen pro Tag.<\/p>\n<h3>Inhalt<\/h3>\n<p>Daily Focus Gummib\u00e4rchen mit Erdbeergeschmack &#8211; 180 g (+\/- 60 Gummib\u00e4rchen).<\/p>\n<h3>Warnung<\/h3>\n<p>Nehmen Sie nicht mehr als die empfohlene Tagesdosis ein. Au\u00dferhalb der Reichweite von Kindern aufbewahren.<\/p>\n<h3>Inhaltsstoffe<\/h3>\n<p>S\u00fc\u00dfungsmittel (Maltitol-Sirup, Maltitol), Geliermittel (Pektin), Konzentrat (aus Rettich und Karotten), S\u00e4ureregulator (Zitronens\u00e4ure, Natriumcitrat), MCT-Kokos\u00f6l, nat\u00fcrliches Aroma, \u00dcberzugsmittel (Carnau Bawas), Cyanocobalamin (Vitamin B12), Calcium-D-Panthothenat (Pantothens\u00e4ure), Pteroylmonoglutamins\u00e4ure (Fols\u00e4ure).<\/p>\n","protected":false},"excerpt":{"rendered":"<p>Daily Focus Gummies wurden speziell f\u00fcr Menschen entwickelt, die Schwierigkeiten haben, ihre Konzentration aufrechtzuerhalten oder die regelm\u00e4\u00dfig unter M\u00fcdigkeitssymptomen leiden. Die Gummib\u00e4rchen sind vollst\u00e4ndig vegan, enthalten keinen Zucker und haben einen k\u00f6stlichen Erdbeergeschmack. Sie enthalten einen leistungsstarken Vitamin-B-Komplex, der zur Verbesserung der Konzentration und zur Bek\u00e4mpfung von M\u00fcdigkeitssymptomen beitr\u00e4gt. Au\u00dferdem sind sie eine ausgezeichnete Wahl [&hellip;]<\/p>\n","protected":false},"featured_media":29143,"comment_status":"closed","ping_status":"closed","template":"","meta":[],"product_brand":[],"product_cat":[292,322,116],"product_tag":[],"class_list":{"0":"post-29137","1":"product","2":"type-product","3":"status-publish","4":"has-post-thumbnail","6":"product_cat-energie-erganzungen","7":"product_cat-konzentrationserganzungsmittel","8":"product_cat-vitamine-nahrungsergaenzungsmittel","10":"first","11":"instock","12":"taxable","13":"shipping-taxable","14":"purchasable","15":"product-type-simple"},"yoast_head":"<!-- This site is optimized with the Yoast SEO Premium plugin v26.4 (Yoast SEO v27.4) - https:\/\/yoast.com\/product\/yoast-seo-premium-wordpress\/ -->\n<title>Daily Focus Gummies (zuckerfrei&amp;vegan) - Dutchmicrodosing<\/title>\n<meta name=\"description\" content=\"Daily Focus Gummies wurden speziell f\u00fcr diejenigen entwickelt, die Schwierigkeiten haben, ihre Konzentration aufrechtzuerhalten oder unter regelm\u00e4\u00dfigen M\u00fcdigkeitssymptomen leiden,\" \/>\n<meta name=\"robots\" content=\"index, follow, max-snippet:-1, max-image-preview:large, max-video-preview:-1\" \/>\n<link rel=\"canonical\" href=\"https:\/\/dutchmicrodosing.com\/de\/reformhaus\/vitamine-nahrungsergaenzungsmittel\/daily-focus-gummis-zuckerfrei-vegan\/\" \/>\n<meta property=\"og:locale\" content=\"de_DE\" \/>\n<meta property=\"og:type\" content=\"article\" \/>\n<meta property=\"og:title\" content=\"Daily Focus Gummies (zuckerfrei&amp;vegan)\" \/>\n<meta property=\"og:description\" content=\"Daily Focus Gummies wurden speziell f\u00fcr Menschen entwickelt, die Schwierigkeiten haben, ihre Konzentration aufrechtzuerhalten oder die regelm\u00e4\u00dfig unter\" \/>\n<meta property=\"og:url\" content=\"https:\/\/dutchmicrodosing.com\/de\/reformhaus\/vitamine-nahrungsergaenzungsmittel\/daily-focus-gummis-zuckerfrei-vegan\/\" \/>\n<meta property=\"og:site_name\" content=\"Dutchmicrodosing\" \/>\n<meta property=\"article:publisher\" content=\"https:\/\/www.facebook.com\/Dutchmicrodosingxp\/\" \/>\n<meta property=\"article:modified_time\" content=\"2025-09-01T06:13:07+00:00\" \/>\n<meta property=\"og:image\" content=\"https:\/\/dutchmicrodosing.com\/wp-content\/uploads\/2023\/09\/preview.jpg\" \/>\n\t<meta property=\"og:image:width\" content=\"1000\" \/>\n\t<meta property=\"og:image:height\" content=\"1000\" \/>\n\t<meta property=\"og:image:type\" content=\"image\/jpeg\" \/>\n<meta name=\"twitter:card\" content=\"summary_large_image\" \/>\n<script type=\"application\/ld+json\" class=\"yoast-schema-graph\">{\"@context\":\"https:\\\/\\\/schema.org\",\"@graph\":[{\"@type\":\"WebPage\",\"@id\":\"https:\\\/\\\/dutchmicrodosing.com\\\/de\\\/reformhaus\\\/vitamine-nahrungsergaenzungsmittel\\\/daily-focus-gummis-zuckerfrei-vegan\\\/\",\"url\":\"https:\\\/\\\/dutchmicrodosing.com\\\/de\\\/reformhaus\\\/vitamine-nahrungsergaenzungsmittel\\\/daily-focus-gummis-zuckerfrei-vegan\\\/\",\"name\":\"Daily Focus Gummies (zuckerfrei&amp;vegan) - Dutchmicrodosing\",\"isPartOf\":{\"@id\":\"https:\\\/\\\/dutchmicrodosing.com\\\/de\\\/#website\"},\"primaryImageOfPage\":{\"@id\":\"https:\\\/\\\/dutchmicrodosing.com\\\/de\\\/reformhaus\\\/vitamine-nahrungsergaenzungsmittel\\\/daily-focus-gummis-zuckerfrei-vegan\\\/#primaryimage\"},\"image\":{\"@id\":\"https:\\\/\\\/dutchmicrodosing.com\\\/de\\\/reformhaus\\\/vitamine-nahrungsergaenzungsmittel\\\/daily-focus-gummis-zuckerfrei-vegan\\\/#primaryimage\"},\"thumbnailUrl\":\"https:\\\/\\\/dutchmicrodosing.com\\\/wp-content\\\/uploads\\\/2023\\\/09\\\/preview.jpg\",\"datePublished\":\"2023-09-16T15:26:47+00:00\",\"dateModified\":\"2025-09-01T06:13:07+00:00\",\"description\":\"Daily Focus Gummies wurden speziell f\u00fcr diejenigen entwickelt, die Schwierigkeiten haben, ihre Konzentration aufrechtzuerhalten oder unter regelm\u00e4\u00dfigen M\u00fcdigkeitssymptomen leiden,\",\"breadcrumb\":{\"@id\":\"https:\\\/\\\/dutchmicrodosing.com\\\/de\\\/reformhaus\\\/vitamine-nahrungsergaenzungsmittel\\\/daily-focus-gummis-zuckerfrei-vegan\\\/#breadcrumb\"},\"inLanguage\":\"de\",\"potentialAction\":[{\"@type\":\"ReadAction\",\"target\":[\"https:\\\/\\\/dutchmicrodosing.com\\\/de\\\/reformhaus\\\/vitamine-nahrungsergaenzungsmittel\\\/daily-focus-gummis-zuckerfrei-vegan\\\/\"]}]},{\"@type\":\"ImageObject\",\"inLanguage\":\"de\",\"@id\":\"https:\\\/\\\/dutchmicrodosing.com\\\/de\\\/reformhaus\\\/vitamine-nahrungsergaenzungsmittel\\\/daily-focus-gummis-zuckerfrei-vegan\\\/#primaryimage\",\"url\":\"https:\\\/\\\/dutchmicrodosing.com\\\/wp-content\\\/uploads\\\/2023\\\/09\\\/preview.jpg\",\"contentUrl\":\"https:\\\/\\\/dutchmicrodosing.com\\\/wp-content\\\/uploads\\\/2023\\\/09\\\/preview.jpg\",\"width\":1000,\"height\":1000},{\"@type\":\"BreadcrumbList\",\"@id\":\"https:\\\/\\\/dutchmicrodosing.com\\\/de\\\/reformhaus\\\/vitamine-nahrungsergaenzungsmittel\\\/daily-focus-gummis-zuckerfrei-vegan\\\/#breadcrumb\",\"itemListElement\":[{\"@type\":\"ListItem\",\"position\":1,\"name\":\"Home\",\"item\":\"https:\\\/\\\/dutchmicrodosing.com\\\/de\\\/\"},{\"@type\":\"ListItem\",\"position\":2,\"name\":\"Shop\",\"item\":\"https:\\\/\\\/dutchmicrodosing.com\\\/de\\\/shop\\\/\"},{\"@type\":\"ListItem\",\"position\":3,\"name\":\"Daily Focus Gummies (zuckerfrei&amp;vegan)\"}]},{\"@type\":\"WebSite\",\"@id\":\"https:\\\/\\\/dutchmicrodosing.com\\\/de\\\/#website\",\"url\":\"https:\\\/\\\/dutchmicrodosing.com\\\/de\\\/\",\"name\":\"Dutchmicrodosing\",\"description\":\"\",\"publisher\":{\"@id\":\"https:\\\/\\\/dutchmicrodosing.com\\\/de\\\/#organization\"},\"potentialAction\":[{\"@type\":\"SearchAction\",\"target\":{\"@type\":\"EntryPoint\",\"urlTemplate\":\"https:\\\/\\\/dutchmicrodosing.com\\\/de\\\/?s={search_term_string}\"},\"query-input\":{\"@type\":\"PropertyValueSpecification\",\"valueRequired\":true,\"valueName\":\"search_term_string\"}}],\"inLanguage\":\"de\"},{\"@type\":\"Organization\",\"@id\":\"https:\\\/\\\/dutchmicrodosing.com\\\/de\\\/#organization\",\"name\":\"Dutchmicrodosing\",\"url\":\"https:\\\/\\\/dutchmicrodosing.com\\\/de\\\/\",\"logo\":{\"@type\":\"ImageObject\",\"inLanguage\":\"de\",\"@id\":\"https:\\\/\\\/dutchmicrodosing.com\\\/de\\\/#\\\/schema\\\/logo\\\/image\\\/\",\"url\":\"https:\\\/\\\/dutchmicrodosing.com\\\/wp-content\\\/uploads\\\/2021\\\/01\\\/microdosing-categorie-pic-nieuw.jpg\",\"contentUrl\":\"https:\\\/\\\/dutchmicrodosing.com\\\/wp-content\\\/uploads\\\/2021\\\/01\\\/microdosing-categorie-pic-nieuw.jpg\",\"width\":500,\"height\":500,\"caption\":\"Dutchmicrodosing\"},\"image\":{\"@id\":\"https:\\\/\\\/dutchmicrodosing.com\\\/de\\\/#\\\/schema\\\/logo\\\/image\\\/\"},\"sameAs\":[\"https:\\\/\\\/www.facebook.com\\\/Dutchmicrodosingxp\\\/\",\"https:\\\/\\\/www.instagram.com\\\/dutchmicrodosing\\\/\"]}]}<\/script>\n<meta property=\"product:price:amount\" content=\"17.95\" \/>\n<meta property=\"product:price:currency\" content=\"EUR\" \/>\n<meta property=\"og:availability\" content=\"instock\" \/>\n<meta property=\"product:availability\" content=\"instock\" \/>\n<meta property=\"product:retailer_item_id\" content=\"3209675\" \/>\n<meta property=\"product:condition\" content=\"new\" \/>\n<!-- \/ Yoast SEO Premium plugin. -->","yoast_head_json":{"title":"Daily Focus Gummies (zuckerfrei&amp;vegan) - Dutchmicrodosing","description":"Daily Focus Gummies wurden speziell f\u00fcr diejenigen entwickelt, die Schwierigkeiten haben, ihre Konzentration aufrechtzuerhalten oder unter regelm\u00e4\u00dfigen M\u00fcdigkeitssymptomen leiden,","robots":{"index":"index","follow":"follow","max-snippet":"max-snippet:-1","max-image-preview":"max-image-preview:large","max-video-preview":"max-video-preview:-1"},"canonical":"https:\/\/dutchmicrodosing.com\/de\/reformhaus\/vitamine-nahrungsergaenzungsmittel\/daily-focus-gummis-zuckerfrei-vegan\/","og_locale":"de_DE","og_type":"article","og_title":"Daily Focus Gummies (zuckerfrei&amp;vegan)","og_description":"Daily Focus Gummies wurden speziell f\u00fcr Menschen entwickelt, die Schwierigkeiten haben, ihre Konzentration aufrechtzuerhalten oder die regelm\u00e4\u00dfig unter","og_url":"https:\/\/dutchmicrodosing.com\/de\/reformhaus\/vitamine-nahrungsergaenzungsmittel\/daily-focus-gummis-zuckerfrei-vegan\/","og_site_name":"Dutchmicrodosing","article_publisher":"https:\/\/www.facebook.com\/Dutchmicrodosingxp\/","article_modified_time":"2025-09-01T06:13:07+00:00","og_image":[{"width":1000,"height":1000,"url":"https:\/\/dutchmicrodosing.com\/wp-content\/uploads\/2023\/09\/preview.jpg","type":"image\/jpeg"}],"twitter_card":"summary_large_image","schema":{"@context":"https:\/\/schema.org","@graph":[{"@type":"WebPage","@id":"https:\/\/dutchmicrodosing.com\/de\/reformhaus\/vitamine-nahrungsergaenzungsmittel\/daily-focus-gummis-zuckerfrei-vegan\/","url":"https:\/\/dutchmicrodosing.com\/de\/reformhaus\/vitamine-nahrungsergaenzungsmittel\/daily-focus-gummis-zuckerfrei-vegan\/","name":"Daily Focus Gummies (zuckerfrei&amp;vegan) - Dutchmicrodosing","isPartOf":{"@id":"https:\/\/dutchmicrodosing.com\/de\/#website"},"primaryImageOfPage":{"@id":"https:\/\/dutchmicrodosing.com\/de\/reformhaus\/vitamine-nahrungsergaenzungsmittel\/daily-focus-gummis-zuckerfrei-vegan\/#primaryimage"},"image":{"@id":"https:\/\/dutchmicrodosing.com\/de\/reformhaus\/vitamine-nahrungsergaenzungsmittel\/daily-focus-gummis-zuckerfrei-vegan\/#primaryimage"},"thumbnailUrl":"https:\/\/dutchmicrodosing.com\/wp-content\/uploads\/2023\/09\/preview.jpg","datePublished":"2023-09-16T15:26:47+00:00","dateModified":"2025-09-01T06:13:07+00:00","description":"Daily Focus Gummies wurden speziell f\u00fcr diejenigen entwickelt, die Schwierigkeiten haben, ihre Konzentration aufrechtzuerhalten oder unter regelm\u00e4\u00dfigen M\u00fcdigkeitssymptomen leiden,","breadcrumb":{"@id":"https:\/\/dutchmicrodosing.com\/de\/reformhaus\/vitamine-nahrungsergaenzungsmittel\/daily-focus-gummis-zuckerfrei-vegan\/#breadcrumb"},"inLanguage":"de","potentialAction":[{"@type":"ReadAction","target":["https:\/\/dutchmicrodosing.com\/de\/reformhaus\/vitamine-nahrungsergaenzungsmittel\/daily-focus-gummis-zuckerfrei-vegan\/"]}]},{"@type":"ImageObject","inLanguage":"de","@id":"https:\/\/dutchmicrodosing.com\/de\/reformhaus\/vitamine-nahrungsergaenzungsmittel\/daily-focus-gummis-zuckerfrei-vegan\/#primaryimage","url":"https:\/\/dutchmicrodosing.com\/wp-content\/uploads\/2023\/09\/preview.jpg","contentUrl":"https:\/\/dutchmicrodosing.com\/wp-content\/uploads\/2023\/09\/preview.jpg","width":1000,"height":1000},{"@type":"BreadcrumbList","@id":"https:\/\/dutchmicrodosing.com\/de\/reformhaus\/vitamine-nahrungsergaenzungsmittel\/daily-focus-gummis-zuckerfrei-vegan\/#breadcrumb","itemListElement":[{"@type":"ListItem","position":1,"name":"Home","item":"https:\/\/dutchmicrodosing.com\/de\/"},{"@type":"ListItem","position":2,"name":"Shop","item":"https:\/\/dutchmicrodosing.com\/de\/shop\/"},{"@type":"ListItem","position":3,"name":"Daily Focus Gummies (zuckerfrei&amp;vegan)"}]},{"@type":"WebSite","@id":"https:\/\/dutchmicrodosing.com\/de\/#website","url":"https:\/\/dutchmicrodosing.com\/de\/","name":"Dutchmicrodosing","description":"","publisher":{"@id":"https:\/\/dutchmicrodosing.com\/de\/#organization"},"potentialAction":[{"@type":"SearchAction","target":{"@type":"EntryPoint","urlTemplate":"https:\/\/dutchmicrodosing.com\/de\/?s={search_term_string}"},"query-input":{"@type":"PropertyValueSpecification","valueRequired":true,"valueName":"search_term_string"}}],"inLanguage":"de"},{"@type":"Organization","@id":"https:\/\/dutchmicrodosing.com\/de\/#organization","name":"Dutchmicrodosing","url":"https:\/\/dutchmicrodosing.com\/de\/","logo":{"@type":"ImageObject","inLanguage":"de","@id":"https:\/\/dutchmicrodosing.com\/de\/#\/schema\/logo\/image\/","url":"https:\/\/dutchmicrodosing.com\/wp-content\/uploads\/2021\/01\/microdosing-categorie-pic-nieuw.jpg","contentUrl":"https:\/\/dutchmicrodosing.com\/wp-content\/uploads\/2021\/01\/microdosing-categorie-pic-nieuw.jpg","width":500,"height":500,"caption":"Dutchmicrodosing"},"image":{"@id":"https:\/\/dutchmicrodosing.com\/de\/#\/schema\/logo\/image\/"},"sameAs":["https:\/\/www.facebook.com\/Dutchmicrodosingxp\/","https:\/\/www.instagram.com\/dutchmicrodosing\/"]}]},"product_price_amount":"17.95","product_price_currency":"EUR","og_availability":"instock","product_availability":"instock","product_retailer_item_id":"3209675","product_condition":"new"},"_links":{"self":[{"href":"https:\/\/dutchmicrodosing.com\/de\/wp-json\/wp\/v2\/product\/29137","targetHints":{"allow":["GET"]}}],"collection":[{"href":"https:\/\/dutchmicrodosing.com\/de\/wp-json\/wp\/v2\/product"}],"about":[{"href":"https:\/\/dutchmicrodosing.com\/de\/wp-json\/wp\/v2\/types\/product"}],"replies":[{"embeddable":true,"href":"https:\/\/dutchmicrodosing.com\/de\/wp-json\/wp\/v2\/comments?post=29137"}],"version-history":[{"count":0,"href":"https:\/\/dutchmicrodosing.com\/de\/wp-json\/wp\/v2\/product\/29137\/revisions"}],"wp:featuredmedia":[{"embeddable":true,"href":"https:\/\/dutchmicrodosing.com\/de\/wp-json\/wp\/v2\/media\/29143"}],"wp:attachment":[{"href":"https:\/\/dutchmicrodosing.com\/de\/wp-json\/wp\/v2\/media?parent=29137"}],"wp:term":[{"taxonomy":"product_brand","embeddable":true,"href":"https:\/\/dutchmicrodosing.com\/de\/wp-json\/wp\/v2\/product_brand?post=29137"},{"taxonomy":"product_cat","embeddable":true,"href":"https:\/\/dutchmicrodosing.com\/de\/wp-json\/wp\/v2\/product_cat?post=29137"},{"taxonomy":"product_tag","embeddable":true,"href":"https:\/\/dutchmicrodosing.com\/de\/wp-json\/wp\/v2\/product_tag?post=29137"}],"curies":[{"name":"wp","href":"https:\/\/api.w.org\/{rel}","templated":true}]}}