{"id":29157,"date":"2023-09-16T18:02:40","date_gmt":"2023-09-16T16:02:40","guid":{"rendered":"https:\/\/dutchmicrodosing.com\/shop\/unkategorisiert\/taeglich-immunitaet-gummizuckerfreivegan\/"},"modified":"2025-09-09T09:32:41","modified_gmt":"2025-09-09T07:32:41","slug":"taeglich-immunitaet-gummizuckerfreivegan","status":"publish","type":"product","link":"https:\/\/dutchmicrodosing.com\/de\/reformhaus\/erganzungen-fur-das-immunsystem\/taeglich-immunitaet-gummizuckerfreivegan\/","title":{"rendered":"T\u00e4gliche Immunit\u00e4tsgummis (zuckerfrei &amp; vegan)"},"content":{"rendered":"<p>Sie suchen nach einer einfachen und schmackhaften M\u00f6glichkeit, Ihr Immunsystem zu st\u00e4rken? Suchen Sie nicht weiter! Die <strong>Daily Immunity Gummies<\/strong> von Dr. Candy Fit sind genau das, was Sie brauchen. Sie enthalten eine sorgf\u00e4ltig ausgew\u00e4hlte Mischung aus Vitamin D und Zink, die f\u00fcr die Unterst\u00fctzung des Immunsystems unerl\u00e4sslich ist. Zink ist daf\u00fcr bekannt, dass es ein gesundes Immunsystem f\u00f6rdert. In Kombination mit Vitamin D, das f\u00fcr gesunde Knochen und eine gute Funktion des Immunsystems unerl\u00e4sslich ist, bietet diese Mischung einen doppelten Schutz f\u00fcr Ihr Wohlbefinden. Mit einem Inhalt von 60 Gummib\u00e4rchen mit einem Gewicht von jeweils etwa 3 Gramm erhalten Sie definitiv ein gutes Preis-Leistungs-Verh\u00e4ltnis. Das Besondere an diesen Gummib\u00e4rchen ist jedoch ihre gesunde Zusammensetzung: Sie sind vegan und enthalten keinen zus\u00e4tzlichen Zucker, was sie ideal f\u00fcr alle macht, die bewusst auf ihre Gesundheit achten wollen.<\/p>\n<h3>Energiewert pro 100 Gramm<\/h3>\n<ul>\n<li>Energie 780 kJ<\/li>\n<li>Energie 187 kcal<\/li>\n<li>Kohlenhydrate 77<\/li>\n<li>davon Zucker 0,00<\/li>\n<li>Eiwei\u00df 5.3<\/li>\n<li>Fett &lt;0.00<\/li>\n<li>Ges\u00e4ttigtes Fett 0,00<\/li>\n<li>Fasern 1,00<\/li>\n<li>Natrium 0,02<\/li>\n<li>Vitamin D 50 \u03bcm pro Gummib\u00e4rchen<\/li>\n<li>Zink 2,50 mg pro Gummib\u00e4rchen<\/li>\n<\/ul>\n<h3>Empfohlene Verwendung<\/h3>\n<p>Nehmen Sie nicht mehr als 1 oder 2 Gummib\u00e4rchen pro Tag.<\/p>\n<h3>Inhalt<\/h3>\n<p>T\u00e4gliche Immunit\u00e4tsgummis mit Orangengeschmack &#8211; 180 g (+\/- 60 Gummis).<\/p>\n<h3>Warnung<\/h3>\n<p>Nehmen Sie nicht mehr als die empfohlene Tagesdosis ein. Au\u00dferhalb der Reichweite von Kindern aufbewahren.<\/p>\n<h3>Inhaltsstoffe<\/h3>\n<p>S\u00fc\u00dfungsmittel(Maltitol-Sirup, Maltitol), Wasser, Geliermittel(Pektin), Cholecalciferol(Vitamin D)nat\u00fcrliches Aroma, Zinkganulat(Zink), Konzentrat(Rettich und F\u00e4rberdistel), S\u00e4ureregulator(Zitronens\u00e4ure), Natriumcitrat, MCT-Kokos\u00f6l, \u00dcberzugsmittel(Carnau Bawas)<\/p>\n","protected":false},"excerpt":{"rendered":"<p>Sie suchen nach einer einfachen und schmackhaften M\u00f6glichkeit, Ihr Immunsystem zu st\u00e4rken? Suchen Sie nicht weiter! Die Daily Immunity Gummies von Dr. Candy Fit sind genau das, was Sie brauchen. Sie enthalten eine sorgf\u00e4ltig ausgew\u00e4hlte Mischung aus Vitamin D und Zink, die f\u00fcr die Unterst\u00fctzung des Immunsystems unerl\u00e4sslich ist. Zink ist daf\u00fcr bekannt, dass es [&hellip;]<\/p>\n","protected":false},"featured_media":29150,"comment_status":"closed","ping_status":"closed","template":"","meta":[],"product_brand":[],"product_cat":[293,116],"product_tag":[],"class_list":{"0":"post-29157","1":"product","2":"type-product","3":"status-publish","4":"has-post-thumbnail","6":"product_cat-erganzungen-fur-das-immunsystem","7":"product_cat-vitamine-nahrungsergaenzungsmittel","9":"first","10":"outofstock","11":"taxable","12":"shipping-taxable","13":"purchasable","14":"product-type-simple"},"yoast_head":"<!-- This site is optimized with the Yoast SEO Premium plugin v26.4 (Yoast SEO v27.2) - https:\/\/yoast.com\/product\/yoast-seo-premium-wordpress\/ -->\n<title>T\u00e4gliche Immunit\u00e4tsgummis (zuckerfrei &amp; vegan) - Dutchmicrodosing<\/title>\n<meta name=\"description\" content=\"Sie suchen nach einer einfachen und schmackhaften M\u00f6glichkeit, Ihr Immunsystem zu st\u00e4rken? Daily Immunity ist eine sorgf\u00e4ltig ausgew\u00e4hlte Mischung aus Vitamin D und Zink...\" \/>\n<meta name=\"robots\" content=\"index, follow, max-snippet:-1, max-image-preview:large, max-video-preview:-1\" \/>\n<link rel=\"canonical\" href=\"https:\/\/dutchmicrodosing.com\/de\/reformhaus\/erganzungen-fur-das-immunsystem\/taeglich-immunitaet-gummizuckerfreivegan\/\" \/>\n<meta property=\"og:locale\" content=\"de_DE\" \/>\n<meta property=\"og:type\" content=\"article\" \/>\n<meta property=\"og:title\" content=\"T\u00e4gliche Immunit\u00e4tsgummis (zuckerfrei &amp; vegan)\" \/>\n<meta property=\"og:description\" content=\"Sie suchen nach einer einfachen und schmackhaften M\u00f6glichkeit, Ihr Immunsystem zu st\u00e4rken? Suchen Sie nicht weiter! Die Daily Immunity Gummies von Dr.\" \/>\n<meta property=\"og:url\" content=\"https:\/\/dutchmicrodosing.com\/de\/reformhaus\/erganzungen-fur-das-immunsystem\/taeglich-immunitaet-gummizuckerfreivegan\/\" \/>\n<meta property=\"og:site_name\" content=\"Dutchmicrodosing\" \/>\n<meta property=\"article:publisher\" content=\"https:\/\/www.facebook.com\/Dutchmicrodosingxp\/\" \/>\n<meta property=\"article:modified_time\" content=\"2025-09-09T07:32:41+00:00\" \/>\n<meta property=\"og:image\" content=\"https:\/\/dutchmicrodosing.com\/wp-content\/uploads\/2023\/09\/preview-2.jpg\" \/>\n\t<meta property=\"og:image:width\" content=\"1000\" \/>\n\t<meta property=\"og:image:height\" content=\"1000\" \/>\n\t<meta property=\"og:image:type\" content=\"image\/jpeg\" \/>\n<meta name=\"twitter:card\" content=\"summary_large_image\" \/>\n<script type=\"application\/ld+json\" class=\"yoast-schema-graph\">{\"@context\":\"https:\/\/schema.org\",\"@graph\":[{\"@type\":\"WebPage\",\"@id\":\"https:\/\/dutchmicrodosing.com\/de\/reformhaus\/erganzungen-fur-das-immunsystem\/taeglich-immunitaet-gummizuckerfreivegan\/\",\"url\":\"https:\/\/dutchmicrodosing.com\/de\/reformhaus\/erganzungen-fur-das-immunsystem\/taeglich-immunitaet-gummizuckerfreivegan\/\",\"name\":\"T\u00e4gliche Immunit\u00e4tsgummis (zuckerfrei &amp; vegan) - Dutchmicrodosing\",\"isPartOf\":{\"@id\":\"https:\/\/dutchmicrodosing.com\/de\/#website\"},\"primaryImageOfPage\":{\"@id\":\"https:\/\/dutchmicrodosing.com\/de\/reformhaus\/erganzungen-fur-das-immunsystem\/taeglich-immunitaet-gummizuckerfreivegan\/#primaryimage\"},\"image\":{\"@id\":\"https:\/\/dutchmicrodosing.com\/de\/reformhaus\/erganzungen-fur-das-immunsystem\/taeglich-immunitaet-gummizuckerfreivegan\/#primaryimage\"},\"thumbnailUrl\":\"https:\/\/dutchmicrodosing.com\/wp-content\/uploads\/2023\/09\/preview-2.jpg\",\"datePublished\":\"2023-09-16T16:02:40+00:00\",\"dateModified\":\"2025-09-09T07:32:41+00:00\",\"description\":\"Sie suchen nach einer einfachen und schmackhaften M\u00f6glichkeit, Ihr Immunsystem zu st\u00e4rken? Daily Immunity ist eine sorgf\u00e4ltig ausgew\u00e4hlte Mischung aus Vitamin D und Zink...\",\"breadcrumb\":{\"@id\":\"https:\/\/dutchmicrodosing.com\/de\/reformhaus\/erganzungen-fur-das-immunsystem\/taeglich-immunitaet-gummizuckerfreivegan\/#breadcrumb\"},\"inLanguage\":\"de\",\"potentialAction\":[{\"@type\":\"ReadAction\",\"target\":[\"https:\/\/dutchmicrodosing.com\/de\/reformhaus\/erganzungen-fur-das-immunsystem\/taeglich-immunitaet-gummizuckerfreivegan\/\"]}]},{\"@type\":\"ImageObject\",\"inLanguage\":\"de\",\"@id\":\"https:\/\/dutchmicrodosing.com\/de\/reformhaus\/erganzungen-fur-das-immunsystem\/taeglich-immunitaet-gummizuckerfreivegan\/#primaryimage\",\"url\":\"https:\/\/dutchmicrodosing.com\/wp-content\/uploads\/2023\/09\/preview-2.jpg\",\"contentUrl\":\"https:\/\/dutchmicrodosing.com\/wp-content\/uploads\/2023\/09\/preview-2.jpg\",\"width\":1000,\"height\":1000},{\"@type\":\"BreadcrumbList\",\"@id\":\"https:\/\/dutchmicrodosing.com\/de\/reformhaus\/erganzungen-fur-das-immunsystem\/taeglich-immunitaet-gummizuckerfreivegan\/#breadcrumb\",\"itemListElement\":[{\"@type\":\"ListItem\",\"position\":1,\"name\":\"Home\",\"item\":\"https:\/\/dutchmicrodosing.com\/de\/\"},{\"@type\":\"ListItem\",\"position\":2,\"name\":\"Shop\",\"item\":\"https:\/\/dutchmicrodosing.com\/de\/shop\/\"},{\"@type\":\"ListItem\",\"position\":3,\"name\":\"T\u00e4gliche Immunit\u00e4tsgummis (zuckerfrei &amp; vegan)\"}]},{\"@type\":\"WebSite\",\"@id\":\"https:\/\/dutchmicrodosing.com\/de\/#website\",\"url\":\"https:\/\/dutchmicrodosing.com\/de\/\",\"name\":\"Dutchmicrodosing\",\"description\":\"\",\"publisher\":{\"@id\":\"https:\/\/dutchmicrodosing.com\/de\/#organization\"},\"potentialAction\":[{\"@type\":\"SearchAction\",\"target\":{\"@type\":\"EntryPoint\",\"urlTemplate\":\"https:\/\/dutchmicrodosing.com\/de\/?s={search_term_string}\"},\"query-input\":{\"@type\":\"PropertyValueSpecification\",\"valueRequired\":true,\"valueName\":\"search_term_string\"}}],\"inLanguage\":\"de\"},{\"@type\":\"Organization\",\"@id\":\"https:\/\/dutchmicrodosing.com\/de\/#organization\",\"name\":\"Dutchmicrodosing\",\"url\":\"https:\/\/dutchmicrodosing.com\/de\/\",\"logo\":{\"@type\":\"ImageObject\",\"inLanguage\":\"de\",\"@id\":\"https:\/\/dutchmicrodosing.com\/de\/#\/schema\/logo\/image\/\",\"url\":\"https:\/\/dutchmicrodosing.com\/wp-content\/uploads\/2021\/01\/microdosing-categorie-pic-nieuw.jpg\",\"contentUrl\":\"https:\/\/dutchmicrodosing.com\/wp-content\/uploads\/2021\/01\/microdosing-categorie-pic-nieuw.jpg\",\"width\":500,\"height\":500,\"caption\":\"Dutchmicrodosing\"},\"image\":{\"@id\":\"https:\/\/dutchmicrodosing.com\/de\/#\/schema\/logo\/image\/\"},\"sameAs\":[\"https:\/\/www.facebook.com\/Dutchmicrodosingxp\/\",\"https:\/\/www.instagram.com\/dutchmicrodosing\/\"]}]}<\/script>\n<meta property=\"product:price:amount\" content=\"17.95\" \/>\n<meta property=\"product:price:currency\" content=\"EUR\" \/>\n<meta property=\"og:availability\" content=\"out of stock\" \/>\n<meta property=\"product:availability\" content=\"out of stock\" \/>\n<meta property=\"product:retailer_item_id\" content=\"3209482\" \/>\n<meta property=\"product:condition\" content=\"new\" \/>\n<!-- \/ Yoast SEO Premium plugin. -->","yoast_head_json":{"title":"T\u00e4gliche Immunit\u00e4tsgummis (zuckerfrei &amp; vegan) - Dutchmicrodosing","description":"Sie suchen nach einer einfachen und schmackhaften M\u00f6glichkeit, Ihr Immunsystem zu st\u00e4rken? Daily Immunity ist eine sorgf\u00e4ltig ausgew\u00e4hlte Mischung aus Vitamin D und Zink...","robots":{"index":"index","follow":"follow","max-snippet":"max-snippet:-1","max-image-preview":"max-image-preview:large","max-video-preview":"max-video-preview:-1"},"canonical":"https:\/\/dutchmicrodosing.com\/de\/reformhaus\/erganzungen-fur-das-immunsystem\/taeglich-immunitaet-gummizuckerfreivegan\/","og_locale":"de_DE","og_type":"article","og_title":"T\u00e4gliche Immunit\u00e4tsgummis (zuckerfrei &amp; vegan)","og_description":"Sie suchen nach einer einfachen und schmackhaften M\u00f6glichkeit, Ihr Immunsystem zu st\u00e4rken? Suchen Sie nicht weiter! Die Daily Immunity Gummies von Dr.","og_url":"https:\/\/dutchmicrodosing.com\/de\/reformhaus\/erganzungen-fur-das-immunsystem\/taeglich-immunitaet-gummizuckerfreivegan\/","og_site_name":"Dutchmicrodosing","article_publisher":"https:\/\/www.facebook.com\/Dutchmicrodosingxp\/","article_modified_time":"2025-09-09T07:32:41+00:00","og_image":[{"width":1000,"height":1000,"url":"https:\/\/dutchmicrodosing.com\/wp-content\/uploads\/2023\/09\/preview-2.jpg","type":"image\/jpeg"}],"twitter_card":"summary_large_image","schema":{"@context":"https:\/\/schema.org","@graph":[{"@type":"WebPage","@id":"https:\/\/dutchmicrodosing.com\/de\/reformhaus\/erganzungen-fur-das-immunsystem\/taeglich-immunitaet-gummizuckerfreivegan\/","url":"https:\/\/dutchmicrodosing.com\/de\/reformhaus\/erganzungen-fur-das-immunsystem\/taeglich-immunitaet-gummizuckerfreivegan\/","name":"T\u00e4gliche Immunit\u00e4tsgummis (zuckerfrei &amp; vegan) - Dutchmicrodosing","isPartOf":{"@id":"https:\/\/dutchmicrodosing.com\/de\/#website"},"primaryImageOfPage":{"@id":"https:\/\/dutchmicrodosing.com\/de\/reformhaus\/erganzungen-fur-das-immunsystem\/taeglich-immunitaet-gummizuckerfreivegan\/#primaryimage"},"image":{"@id":"https:\/\/dutchmicrodosing.com\/de\/reformhaus\/erganzungen-fur-das-immunsystem\/taeglich-immunitaet-gummizuckerfreivegan\/#primaryimage"},"thumbnailUrl":"https:\/\/dutchmicrodosing.com\/wp-content\/uploads\/2023\/09\/preview-2.jpg","datePublished":"2023-09-16T16:02:40+00:00","dateModified":"2025-09-09T07:32:41+00:00","description":"Sie suchen nach einer einfachen und schmackhaften M\u00f6glichkeit, Ihr Immunsystem zu st\u00e4rken? Daily Immunity ist eine sorgf\u00e4ltig ausgew\u00e4hlte Mischung aus Vitamin D und Zink...","breadcrumb":{"@id":"https:\/\/dutchmicrodosing.com\/de\/reformhaus\/erganzungen-fur-das-immunsystem\/taeglich-immunitaet-gummizuckerfreivegan\/#breadcrumb"},"inLanguage":"de","potentialAction":[{"@type":"ReadAction","target":["https:\/\/dutchmicrodosing.com\/de\/reformhaus\/erganzungen-fur-das-immunsystem\/taeglich-immunitaet-gummizuckerfreivegan\/"]}]},{"@type":"ImageObject","inLanguage":"de","@id":"https:\/\/dutchmicrodosing.com\/de\/reformhaus\/erganzungen-fur-das-immunsystem\/taeglich-immunitaet-gummizuckerfreivegan\/#primaryimage","url":"https:\/\/dutchmicrodosing.com\/wp-content\/uploads\/2023\/09\/preview-2.jpg","contentUrl":"https:\/\/dutchmicrodosing.com\/wp-content\/uploads\/2023\/09\/preview-2.jpg","width":1000,"height":1000},{"@type":"BreadcrumbList","@id":"https:\/\/dutchmicrodosing.com\/de\/reformhaus\/erganzungen-fur-das-immunsystem\/taeglich-immunitaet-gummizuckerfreivegan\/#breadcrumb","itemListElement":[{"@type":"ListItem","position":1,"name":"Home","item":"https:\/\/dutchmicrodosing.com\/de\/"},{"@type":"ListItem","position":2,"name":"Shop","item":"https:\/\/dutchmicrodosing.com\/de\/shop\/"},{"@type":"ListItem","position":3,"name":"T\u00e4gliche Immunit\u00e4tsgummis (zuckerfrei &amp; vegan)"}]},{"@type":"WebSite","@id":"https:\/\/dutchmicrodosing.com\/de\/#website","url":"https:\/\/dutchmicrodosing.com\/de\/","name":"Dutchmicrodosing","description":"","publisher":{"@id":"https:\/\/dutchmicrodosing.com\/de\/#organization"},"potentialAction":[{"@type":"SearchAction","target":{"@type":"EntryPoint","urlTemplate":"https:\/\/dutchmicrodosing.com\/de\/?s={search_term_string}"},"query-input":{"@type":"PropertyValueSpecification","valueRequired":true,"valueName":"search_term_string"}}],"inLanguage":"de"},{"@type":"Organization","@id":"https:\/\/dutchmicrodosing.com\/de\/#organization","name":"Dutchmicrodosing","url":"https:\/\/dutchmicrodosing.com\/de\/","logo":{"@type":"ImageObject","inLanguage":"de","@id":"https:\/\/dutchmicrodosing.com\/de\/#\/schema\/logo\/image\/","url":"https:\/\/dutchmicrodosing.com\/wp-content\/uploads\/2021\/01\/microdosing-categorie-pic-nieuw.jpg","contentUrl":"https:\/\/dutchmicrodosing.com\/wp-content\/uploads\/2021\/01\/microdosing-categorie-pic-nieuw.jpg","width":500,"height":500,"caption":"Dutchmicrodosing"},"image":{"@id":"https:\/\/dutchmicrodosing.com\/de\/#\/schema\/logo\/image\/"},"sameAs":["https:\/\/www.facebook.com\/Dutchmicrodosingxp\/","https:\/\/www.instagram.com\/dutchmicrodosing\/"]}]},"product_price_amount":"17.95","product_price_currency":"EUR","og_availability":"out of stock","product_availability":"out of stock","product_retailer_item_id":"3209482","product_condition":"new"},"_links":{"self":[{"href":"https:\/\/dutchmicrodosing.com\/de\/wp-json\/wp\/v2\/product\/29157","targetHints":{"allow":["GET"]}}],"collection":[{"href":"https:\/\/dutchmicrodosing.com\/de\/wp-json\/wp\/v2\/product"}],"about":[{"href":"https:\/\/dutchmicrodosing.com\/de\/wp-json\/wp\/v2\/types\/product"}],"replies":[{"embeddable":true,"href":"https:\/\/dutchmicrodosing.com\/de\/wp-json\/wp\/v2\/comments?post=29157"}],"version-history":[{"count":0,"href":"https:\/\/dutchmicrodosing.com\/de\/wp-json\/wp\/v2\/product\/29157\/revisions"}],"wp:featuredmedia":[{"embeddable":true,"href":"https:\/\/dutchmicrodosing.com\/de\/wp-json\/wp\/v2\/media\/29150"}],"wp:attachment":[{"href":"https:\/\/dutchmicrodosing.com\/de\/wp-json\/wp\/v2\/media?parent=29157"}],"wp:term":[{"taxonomy":"product_brand","embeddable":true,"href":"https:\/\/dutchmicrodosing.com\/de\/wp-json\/wp\/v2\/product_brand?post=29157"},{"taxonomy":"product_cat","embeddable":true,"href":"https:\/\/dutchmicrodosing.com\/de\/wp-json\/wp\/v2\/product_cat?post=29157"},{"taxonomy":"product_tag","embeddable":true,"href":"https:\/\/dutchmicrodosing.com\/de\/wp-json\/wp\/v2\/product_tag?post=29157"}],"curies":[{"name":"wp","href":"https:\/\/api.w.org\/{rel}","templated":true}]}}