{"id":29173,"date":"2023-09-16T18:04:35","date_gmt":"2023-09-16T16:04:35","guid":{"rendered":"https:\/\/dutchmicrodosing.com\/?post_type=product&#038;p=29173"},"modified":"2025-09-29T21:45:02","modified_gmt":"2025-09-29T19:45:02","slug":"taeglich-schlafen-gummi-zuckerfrei-vegan","status":"publish","type":"product","link":"https:\/\/dutchmicrodosing.com\/de\/reformhaus\/vitamine-nahrungsergaenzungsmittel\/taeglich-schlafen-gummi-zuckerfrei-vegan\/","title":{"rendered":"Daily Sleep Gummies(Zuckerfrei&amp;Vegan)"},"content":{"rendered":"<p>Suchen Sie einen nat\u00fcrlichen Verb\u00fcndeten f\u00fcr besseren Schlaf? <strong>Daily Sleep Gummies<\/strong> sind Ihre schmackhafte Antwort. Angereichert mit dem beruhigenden Geschmack von Blaubeeren sind diese Gummib\u00e4rchen ein wahrer Genuss f\u00fcr Ihre Geschmacksnerven und Ihren Schlafzyklus. Jedes Gummib\u00e4rchen enth\u00e4lt 0,2 mg Melatonin, den Schl\u00fcssel zu einem nat\u00fcrlichen und tiefen Schlaf, der es Ihnen erleichtert, einzuschlafen und die Nacht durchzuschlafen. Neben ihrem k\u00f6stlichen Heidelbeergeschmack enthalten die Gummis S\u00fc\u00dfkartoffeln, eine nat\u00fcrliche Quelle komplexer Kohlenhydrate. Diese Kohlenhydrate f\u00f6rdern eine gleichm\u00e4\u00dfige Energiefreisetzung und tragen zu einer erh\u00f6hten Produktion der Aminos\u00e4ure Tryptophan bei. Diese Aminos\u00e4ure wandelt sich in Serotonin und schlie\u00dflich in Melatonin um und bereitet Sie auf einen ungest\u00f6rten Schlaf vor. Mit einem beeindruckenden Gewicht von 180 Gramm und etwa 60 Gummib\u00e4rchen pro Dose haben Sie mehr als genug f\u00fcr einen Monat besserer N\u00e4chte.<\/p>\n<h3>Energiewert pro 100 Gramm<\/h3>\n<ul>\n<li>Energie 780 kJ<\/li>\n<li>Energie 187 kcal<\/li>\n<li>Kohlenhydrate 77<\/li>\n<li>davon Zucker 0,00<\/li>\n<li>Eiwei\u00df 0,0<\/li>\n<li>Fett &lt;0,50<\/li>\n<li>Ges\u00e4ttigtes Fett 0,00<\/li>\n<li>Fasern 1,00<\/li>\n<li>Natrium 0,02<\/li>\n<li>Melatonin 0,02 mg pro Gummib\u00e4rchen<\/li>\n<\/ul>\n<h3>Empfohlene Verwendung<\/h3>\n<p>Nehmen Sie nicht mehr als 1 oder 2 Gummib\u00e4rchen pro Tag.<\/p>\n<h3>Inhalt<\/h3>\n<p>Daily Sleep Gummies mit Heidelbeergeschmack &#8211; 180g.<\/p>\n<h3>Warnung<\/h3>\n<p>Nehmen Sie nicht mehr als die empfohlene Tagesdosis ein. Au\u00dferhalb der Reichweite von Kindern aufbewahren.<\/p>\n<h3>Inhaltsstoffe<\/h3>\n<p>S\u00fc\u00dfungsmittel (Maltitol-Sirup, Maltitol), Geliermittel (Pektin), Konzentrat (S\u00fc\u00dfkartoffel und Karotte), S\u00e4ureregulator (Zitronens\u00e4ure, Natriumcitrat), MCT-Kokos\u00f6l, nat\u00fcrliches Aroma, \u00dcberzugsmittel (Carnau Bawas), Melatonin 0,2 mg pro Gummy.<\/p>\n","protected":false},"excerpt":{"rendered":"<p>Suchen Sie einen nat\u00fcrlichen Verb\u00fcndeten f\u00fcr besseren Schlaf? Daily Sleep Gummies sind Ihre schmackhafte Antwort. Angereichert mit dem beruhigenden Geschmack von Blaubeeren sind diese Gummib\u00e4rchen ein wahrer Genuss f\u00fcr Ihre Geschmacksnerven und Ihren Schlafzyklus. Jedes Gummib\u00e4rchen enth\u00e4lt 0,2 mg Melatonin, den Schl\u00fcssel zu einem nat\u00fcrlichen und tiefen Schlaf, der es Ihnen erleichtert, einzuschlafen und die [&hellip;]<\/p>\n","protected":false},"featured_media":29168,"comment_status":"closed","ping_status":"closed","template":"","meta":[],"product_brand":[],"product_cat":[305,116],"product_tag":[],"class_list":{"0":"post-29173","1":"product","2":"type-product","3":"status-publish","4":"has-post-thumbnail","6":"product_cat-schlaf-erganzungen","7":"product_cat-vitamine-nahrungsergaenzungsmittel","9":"first","10":"instock","11":"taxable","12":"shipping-taxable","13":"purchasable","14":"product-type-simple"},"yoast_head":"<!-- This site is optimized with the Yoast SEO Premium plugin v26.4 (Yoast SEO v27.2) - https:\/\/yoast.com\/product\/yoast-seo-premium-wordpress\/ -->\n<title>Daily Sleep Gummies(Zuckerfrei&amp;Vegan) - Dutchmicrodosing<\/title>\n<meta name=\"description\" content=\"Suchen Sie nach einem nat\u00fcrlichen Verb\u00fcndeten f\u00fcr einen besseren Nachtschlaf? Daily Sleep Gummies sind Ihre schmackhafte Antwort. Angereichert mit dem beruhigenden Geschmack von Heidelbeeren,\" \/>\n<meta name=\"robots\" content=\"index, follow, max-snippet:-1, max-image-preview:large, max-video-preview:-1\" \/>\n<link rel=\"canonical\" href=\"https:\/\/dutchmicrodosing.com\/de\/reformhaus\/vitamine-nahrungsergaenzungsmittel\/taeglich-schlafen-gummi-zuckerfrei-vegan\/\" \/>\n<meta property=\"og:locale\" content=\"de_DE\" \/>\n<meta property=\"og:type\" content=\"article\" \/>\n<meta property=\"og:title\" content=\"Daily Sleep Gummies(Zuckerfrei&amp;Vegan)\" \/>\n<meta property=\"og:description\" content=\"Suchen Sie einen nat\u00fcrlichen Verb\u00fcndeten f\u00fcr besseren Schlaf? Daily Sleep Gummies sind Ihre schmackhafte Antwort. Angereichert mit dem beruhigenden\" \/>\n<meta property=\"og:url\" content=\"https:\/\/dutchmicrodosing.com\/de\/reformhaus\/vitamine-nahrungsergaenzungsmittel\/taeglich-schlafen-gummi-zuckerfrei-vegan\/\" \/>\n<meta property=\"og:site_name\" content=\"Dutchmicrodosing\" \/>\n<meta property=\"article:publisher\" content=\"https:\/\/www.facebook.com\/Dutchmicrodosingxp\/\" \/>\n<meta property=\"article:modified_time\" content=\"2025-09-29T19:45:02+00:00\" \/>\n<meta property=\"og:image\" content=\"https:\/\/dutchmicrodosing.com\/wp-content\/uploads\/2023\/09\/preview-3.jpg\" \/>\n\t<meta property=\"og:image:width\" content=\"1000\" \/>\n\t<meta property=\"og:image:height\" content=\"1000\" \/>\n\t<meta property=\"og:image:type\" content=\"image\/jpeg\" \/>\n<meta name=\"twitter:card\" content=\"summary_large_image\" \/>\n<script type=\"application\/ld+json\" class=\"yoast-schema-graph\">{\"@context\":\"https:\/\/schema.org\",\"@graph\":[{\"@type\":\"WebPage\",\"@id\":\"https:\/\/dutchmicrodosing.com\/de\/reformhaus\/vitamine-nahrungsergaenzungsmittel\/taeglich-schlafen-gummi-zuckerfrei-vegan\/\",\"url\":\"https:\/\/dutchmicrodosing.com\/de\/reformhaus\/vitamine-nahrungsergaenzungsmittel\/taeglich-schlafen-gummi-zuckerfrei-vegan\/\",\"name\":\"Daily Sleep Gummies(Zuckerfrei&amp;Vegan) - Dutchmicrodosing\",\"isPartOf\":{\"@id\":\"https:\/\/dutchmicrodosing.com\/de\/#website\"},\"primaryImageOfPage\":{\"@id\":\"https:\/\/dutchmicrodosing.com\/de\/reformhaus\/vitamine-nahrungsergaenzungsmittel\/taeglich-schlafen-gummi-zuckerfrei-vegan\/#primaryimage\"},\"image\":{\"@id\":\"https:\/\/dutchmicrodosing.com\/de\/reformhaus\/vitamine-nahrungsergaenzungsmittel\/taeglich-schlafen-gummi-zuckerfrei-vegan\/#primaryimage\"},\"thumbnailUrl\":\"https:\/\/dutchmicrodosing.com\/wp-content\/uploads\/2023\/09\/preview-3.jpg\",\"datePublished\":\"2023-09-16T16:04:35+00:00\",\"dateModified\":\"2025-09-29T19:45:02+00:00\",\"description\":\"Suchen Sie nach einem nat\u00fcrlichen Verb\u00fcndeten f\u00fcr einen besseren Nachtschlaf? Daily Sleep Gummies sind Ihre schmackhafte Antwort. Angereichert mit dem beruhigenden Geschmack von Heidelbeeren,\",\"breadcrumb\":{\"@id\":\"https:\/\/dutchmicrodosing.com\/de\/reformhaus\/vitamine-nahrungsergaenzungsmittel\/taeglich-schlafen-gummi-zuckerfrei-vegan\/#breadcrumb\"},\"inLanguage\":\"de\",\"potentialAction\":[{\"@type\":\"ReadAction\",\"target\":[\"https:\/\/dutchmicrodosing.com\/de\/reformhaus\/vitamine-nahrungsergaenzungsmittel\/taeglich-schlafen-gummi-zuckerfrei-vegan\/\"]}]},{\"@type\":\"ImageObject\",\"inLanguage\":\"de\",\"@id\":\"https:\/\/dutchmicrodosing.com\/de\/reformhaus\/vitamine-nahrungsergaenzungsmittel\/taeglich-schlafen-gummi-zuckerfrei-vegan\/#primaryimage\",\"url\":\"https:\/\/dutchmicrodosing.com\/wp-content\/uploads\/2023\/09\/preview-3.jpg\",\"contentUrl\":\"https:\/\/dutchmicrodosing.com\/wp-content\/uploads\/2023\/09\/preview-3.jpg\",\"width\":1000,\"height\":1000},{\"@type\":\"BreadcrumbList\",\"@id\":\"https:\/\/dutchmicrodosing.com\/de\/reformhaus\/vitamine-nahrungsergaenzungsmittel\/taeglich-schlafen-gummi-zuckerfrei-vegan\/#breadcrumb\",\"itemListElement\":[{\"@type\":\"ListItem\",\"position\":1,\"name\":\"Home\",\"item\":\"https:\/\/dutchmicrodosing.com\/de\/\"},{\"@type\":\"ListItem\",\"position\":2,\"name\":\"Shop\",\"item\":\"https:\/\/dutchmicrodosing.com\/de\/shop\/\"},{\"@type\":\"ListItem\",\"position\":3,\"name\":\"Daily Sleep Gummies(Zuckerfrei&amp;Vegan)\"}]},{\"@type\":\"WebSite\",\"@id\":\"https:\/\/dutchmicrodosing.com\/de\/#website\",\"url\":\"https:\/\/dutchmicrodosing.com\/de\/\",\"name\":\"Dutchmicrodosing\",\"description\":\"\",\"publisher\":{\"@id\":\"https:\/\/dutchmicrodosing.com\/de\/#organization\"},\"potentialAction\":[{\"@type\":\"SearchAction\",\"target\":{\"@type\":\"EntryPoint\",\"urlTemplate\":\"https:\/\/dutchmicrodosing.com\/de\/?s={search_term_string}\"},\"query-input\":{\"@type\":\"PropertyValueSpecification\",\"valueRequired\":true,\"valueName\":\"search_term_string\"}}],\"inLanguage\":\"de\"},{\"@type\":\"Organization\",\"@id\":\"https:\/\/dutchmicrodosing.com\/de\/#organization\",\"name\":\"Dutchmicrodosing\",\"url\":\"https:\/\/dutchmicrodosing.com\/de\/\",\"logo\":{\"@type\":\"ImageObject\",\"inLanguage\":\"de\",\"@id\":\"https:\/\/dutchmicrodosing.com\/de\/#\/schema\/logo\/image\/\",\"url\":\"https:\/\/dutchmicrodosing.com\/wp-content\/uploads\/2021\/01\/microdosing-categorie-pic-nieuw.jpg\",\"contentUrl\":\"https:\/\/dutchmicrodosing.com\/wp-content\/uploads\/2021\/01\/microdosing-categorie-pic-nieuw.jpg\",\"width\":500,\"height\":500,\"caption\":\"Dutchmicrodosing\"},\"image\":{\"@id\":\"https:\/\/dutchmicrodosing.com\/de\/#\/schema\/logo\/image\/\"},\"sameAs\":[\"https:\/\/www.facebook.com\/Dutchmicrodosingxp\/\",\"https:\/\/www.instagram.com\/dutchmicrodosing\/\"]}]}<\/script>\n<meta property=\"product:price:amount\" content=\"17.95\" \/>\n<meta property=\"product:price:currency\" content=\"EUR\" \/>\n<meta property=\"og:availability\" content=\"instock\" \/>\n<meta property=\"product:availability\" content=\"instock\" \/>\n<meta property=\"product:retailer_item_id\" content=\"3209726\" \/>\n<meta property=\"product:condition\" content=\"new\" \/>\n<!-- \/ Yoast SEO Premium plugin. -->","yoast_head_json":{"title":"Daily Sleep Gummies(Zuckerfrei&amp;Vegan) - Dutchmicrodosing","description":"Suchen Sie nach einem nat\u00fcrlichen Verb\u00fcndeten f\u00fcr einen besseren Nachtschlaf? Daily Sleep Gummies sind Ihre schmackhafte Antwort. Angereichert mit dem beruhigenden Geschmack von Heidelbeeren,","robots":{"index":"index","follow":"follow","max-snippet":"max-snippet:-1","max-image-preview":"max-image-preview:large","max-video-preview":"max-video-preview:-1"},"canonical":"https:\/\/dutchmicrodosing.com\/de\/reformhaus\/vitamine-nahrungsergaenzungsmittel\/taeglich-schlafen-gummi-zuckerfrei-vegan\/","og_locale":"de_DE","og_type":"article","og_title":"Daily Sleep Gummies(Zuckerfrei&amp;Vegan)","og_description":"Suchen Sie einen nat\u00fcrlichen Verb\u00fcndeten f\u00fcr besseren Schlaf? Daily Sleep Gummies sind Ihre schmackhafte Antwort. Angereichert mit dem beruhigenden","og_url":"https:\/\/dutchmicrodosing.com\/de\/reformhaus\/vitamine-nahrungsergaenzungsmittel\/taeglich-schlafen-gummi-zuckerfrei-vegan\/","og_site_name":"Dutchmicrodosing","article_publisher":"https:\/\/www.facebook.com\/Dutchmicrodosingxp\/","article_modified_time":"2025-09-29T19:45:02+00:00","og_image":[{"width":1000,"height":1000,"url":"https:\/\/dutchmicrodosing.com\/wp-content\/uploads\/2023\/09\/preview-3.jpg","type":"image\/jpeg"}],"twitter_card":"summary_large_image","schema":{"@context":"https:\/\/schema.org","@graph":[{"@type":"WebPage","@id":"https:\/\/dutchmicrodosing.com\/de\/reformhaus\/vitamine-nahrungsergaenzungsmittel\/taeglich-schlafen-gummi-zuckerfrei-vegan\/","url":"https:\/\/dutchmicrodosing.com\/de\/reformhaus\/vitamine-nahrungsergaenzungsmittel\/taeglich-schlafen-gummi-zuckerfrei-vegan\/","name":"Daily Sleep Gummies(Zuckerfrei&amp;Vegan) - Dutchmicrodosing","isPartOf":{"@id":"https:\/\/dutchmicrodosing.com\/de\/#website"},"primaryImageOfPage":{"@id":"https:\/\/dutchmicrodosing.com\/de\/reformhaus\/vitamine-nahrungsergaenzungsmittel\/taeglich-schlafen-gummi-zuckerfrei-vegan\/#primaryimage"},"image":{"@id":"https:\/\/dutchmicrodosing.com\/de\/reformhaus\/vitamine-nahrungsergaenzungsmittel\/taeglich-schlafen-gummi-zuckerfrei-vegan\/#primaryimage"},"thumbnailUrl":"https:\/\/dutchmicrodosing.com\/wp-content\/uploads\/2023\/09\/preview-3.jpg","datePublished":"2023-09-16T16:04:35+00:00","dateModified":"2025-09-29T19:45:02+00:00","description":"Suchen Sie nach einem nat\u00fcrlichen Verb\u00fcndeten f\u00fcr einen besseren Nachtschlaf? Daily Sleep Gummies sind Ihre schmackhafte Antwort. Angereichert mit dem beruhigenden Geschmack von Heidelbeeren,","breadcrumb":{"@id":"https:\/\/dutchmicrodosing.com\/de\/reformhaus\/vitamine-nahrungsergaenzungsmittel\/taeglich-schlafen-gummi-zuckerfrei-vegan\/#breadcrumb"},"inLanguage":"de","potentialAction":[{"@type":"ReadAction","target":["https:\/\/dutchmicrodosing.com\/de\/reformhaus\/vitamine-nahrungsergaenzungsmittel\/taeglich-schlafen-gummi-zuckerfrei-vegan\/"]}]},{"@type":"ImageObject","inLanguage":"de","@id":"https:\/\/dutchmicrodosing.com\/de\/reformhaus\/vitamine-nahrungsergaenzungsmittel\/taeglich-schlafen-gummi-zuckerfrei-vegan\/#primaryimage","url":"https:\/\/dutchmicrodosing.com\/wp-content\/uploads\/2023\/09\/preview-3.jpg","contentUrl":"https:\/\/dutchmicrodosing.com\/wp-content\/uploads\/2023\/09\/preview-3.jpg","width":1000,"height":1000},{"@type":"BreadcrumbList","@id":"https:\/\/dutchmicrodosing.com\/de\/reformhaus\/vitamine-nahrungsergaenzungsmittel\/taeglich-schlafen-gummi-zuckerfrei-vegan\/#breadcrumb","itemListElement":[{"@type":"ListItem","position":1,"name":"Home","item":"https:\/\/dutchmicrodosing.com\/de\/"},{"@type":"ListItem","position":2,"name":"Shop","item":"https:\/\/dutchmicrodosing.com\/de\/shop\/"},{"@type":"ListItem","position":3,"name":"Daily Sleep Gummies(Zuckerfrei&amp;Vegan)"}]},{"@type":"WebSite","@id":"https:\/\/dutchmicrodosing.com\/de\/#website","url":"https:\/\/dutchmicrodosing.com\/de\/","name":"Dutchmicrodosing","description":"","publisher":{"@id":"https:\/\/dutchmicrodosing.com\/de\/#organization"},"potentialAction":[{"@type":"SearchAction","target":{"@type":"EntryPoint","urlTemplate":"https:\/\/dutchmicrodosing.com\/de\/?s={search_term_string}"},"query-input":{"@type":"PropertyValueSpecification","valueRequired":true,"valueName":"search_term_string"}}],"inLanguage":"de"},{"@type":"Organization","@id":"https:\/\/dutchmicrodosing.com\/de\/#organization","name":"Dutchmicrodosing","url":"https:\/\/dutchmicrodosing.com\/de\/","logo":{"@type":"ImageObject","inLanguage":"de","@id":"https:\/\/dutchmicrodosing.com\/de\/#\/schema\/logo\/image\/","url":"https:\/\/dutchmicrodosing.com\/wp-content\/uploads\/2021\/01\/microdosing-categorie-pic-nieuw.jpg","contentUrl":"https:\/\/dutchmicrodosing.com\/wp-content\/uploads\/2021\/01\/microdosing-categorie-pic-nieuw.jpg","width":500,"height":500,"caption":"Dutchmicrodosing"},"image":{"@id":"https:\/\/dutchmicrodosing.com\/de\/#\/schema\/logo\/image\/"},"sameAs":["https:\/\/www.facebook.com\/Dutchmicrodosingxp\/","https:\/\/www.instagram.com\/dutchmicrodosing\/"]}]},"product_price_amount":"17.95","product_price_currency":"EUR","og_availability":"instock","product_availability":"instock","product_retailer_item_id":"3209726","product_condition":"new"},"_links":{"self":[{"href":"https:\/\/dutchmicrodosing.com\/de\/wp-json\/wp\/v2\/product\/29173","targetHints":{"allow":["GET"]}}],"collection":[{"href":"https:\/\/dutchmicrodosing.com\/de\/wp-json\/wp\/v2\/product"}],"about":[{"href":"https:\/\/dutchmicrodosing.com\/de\/wp-json\/wp\/v2\/types\/product"}],"replies":[{"embeddable":true,"href":"https:\/\/dutchmicrodosing.com\/de\/wp-json\/wp\/v2\/comments?post=29173"}],"version-history":[{"count":0,"href":"https:\/\/dutchmicrodosing.com\/de\/wp-json\/wp\/v2\/product\/29173\/revisions"}],"wp:featuredmedia":[{"embeddable":true,"href":"https:\/\/dutchmicrodosing.com\/de\/wp-json\/wp\/v2\/media\/29168"}],"wp:attachment":[{"href":"https:\/\/dutchmicrodosing.com\/de\/wp-json\/wp\/v2\/media?parent=29173"}],"wp:term":[{"taxonomy":"product_brand","embeddable":true,"href":"https:\/\/dutchmicrodosing.com\/de\/wp-json\/wp\/v2\/product_brand?post=29173"},{"taxonomy":"product_cat","embeddable":true,"href":"https:\/\/dutchmicrodosing.com\/de\/wp-json\/wp\/v2\/product_cat?post=29173"},{"taxonomy":"product_tag","embeddable":true,"href":"https:\/\/dutchmicrodosing.com\/de\/wp-json\/wp\/v2\/product_tag?post=29173"}],"curies":[{"name":"wp","href":"https:\/\/api.w.org\/{rel}","templated":true}]}}