{"id":29185,"date":"2023-09-16T18:00:33","date_gmt":"2023-09-16T16:00:33","guid":{"rendered":"https:\/\/dutchmicrodosing.com\/shop\/unkategorisiert\/taeglich-entspannen-gummi-zuckerfrei-vegan\/"},"modified":"2025-09-15T13:00:34","modified_gmt":"2025-09-15T11:00:34","slug":"taeglich-entspannen-gummi-zuckerfrei-vegan","status":"publish","type":"product","link":"https:\/\/dutchmicrodosing.com\/de\/reformhaus\/entspannende-erganzungen\/taeglich-entspannen-gummi-zuckerfrei-vegan\/","title":{"rendered":"Daily Zen Gummies(Zuckerfrei&amp;Vegan)"},"content":{"rendered":"<p>Die <strong>Daily Zen-Gummis<\/strong> von Dr. Candy Fit wurden sorgf\u00e4ltig f\u00fcr diejenigen entwickelt, die eine Pause von der t\u00e4glichen Hektik brauchen. Sie sind vegan und enthalten keinen Zucker, was sie zu einer ges\u00fcnderen Wahl macht. Ihr Kiwi-Geschmack sorgt f\u00fcr ein angenehmes Erlebnis bei der Einnahme. Diese mit 5 mg Phyton\u00e4hrstoffen angereicherten Gummib\u00e4rchen wurden speziell entwickelt, um die Entspannung zu f\u00f6rdern und Stressgef\u00fchle zu reduzieren. Phyton\u00e4hrstoffe sind bioaktive Bestandteile von essbaren Pflanzen. Sie sind eine hervorragende Erg\u00e4nzung f\u00fcr alle, die sich auf nat\u00fcrliche Weise entspannen wollen. Dar\u00fcber hinaus enthalten die Gummib\u00e4rchen ein Konzentrat aus Kurkuma und Spirulina. Die Synergie von Kurkuma und Spirulina wurde sorgf\u00e4ltig ausgew\u00e4hlt, um die Entspannung zu f\u00f6rdern und den t\u00e4glichen Stress zu reduzieren.<\/p>\n<h3>Energiewert pro 100 Gramm<\/h3>\n<ul>\n<li>Energie 780 kJ<\/li>\n<li>Energie 187 kcal<\/li>\n<li>Kohlenhydrate 77<\/li>\n<li>davon Zucker 0,00<\/li>\n<li>Eiwei\u00df 0,0<\/li>\n<li>Fett &lt;0,50<\/li>\n<li>Ges\u00e4ttigtes Fett 0,00<\/li>\n<li>Fasern 1,00<\/li>\n<li>Natrium 0,02<\/li>\n<li>Phyton\u00e4hrstoffe 5 mg pro Gummib\u00e4rchen<\/li>\n<\/ul>\n<h3>Empfohlene Verwendung<\/h3>\n<p>Nehmen Sie nicht mehr als 1 oder 2 Gummib\u00e4rchen pro Tag.<\/p>\n<h3>Inhalt<\/h3>\n<p>Daily Zen Gummies mit Kiwi-Geschmack &#8211; 180g.<\/p>\n<h3>Warnung<\/h3>\n<p>Nehmen Sie nicht mehr als die empfohlene Tagesdosis ein. Au\u00dferhalb der Reichweite von Kindern aufbewahren.<\/p>\n<h3><strong>Inhaltsstoffe<\/strong><\/h3>\n<p>S\u00fc\u00dfungsmittel (Maltitol-Sirup, Maltitol), Geliermittel (Pektin), Konzentrat (aus Kurkuma und Spirulina), S\u00e4ureregulator (Zitronens\u00e4ure, Natriumcitrat), MCT-Kokos\u00f6l, nat\u00fcrliches Aroma, \u00dcberzugsmittel (Carnau Bawas), Phyton\u00e4hrstoffe aus Hanf 5 mg.<\/p>\n","protected":false},"excerpt":{"rendered":"<p>Die Daily Zen-Gummis von Dr. Candy Fit wurden sorgf\u00e4ltig f\u00fcr diejenigen entwickelt, die eine Pause von der t\u00e4glichen Hektik brauchen. Sie sind vegan und enthalten keinen Zucker, was sie zu einer ges\u00fcnderen Wahl macht. Ihr Kiwi-Geschmack sorgt f\u00fcr ein angenehmes Erlebnis bei der Einnahme. Diese mit 5 mg Phyton\u00e4hrstoffen angereicherten Gummib\u00e4rchen wurden speziell entwickelt, um [&hellip;]<\/p>\n","protected":false},"featured_media":29162,"comment_status":"closed","ping_status":"closed","template":"","meta":[],"product_brand":[],"product_cat":[306,116],"product_tag":[],"class_list":{"0":"post-29185","1":"product","2":"type-product","3":"status-publish","4":"has-post-thumbnail","6":"product_cat-entspannende-erganzungen","7":"product_cat-vitamine-nahrungsergaenzungsmittel","9":"first","10":"outofstock","11":"taxable","12":"shipping-taxable","13":"purchasable","14":"product-type-simple"},"yoast_head":"<!-- This site is optimized with the Yoast SEO Premium plugin v26.4 (Yoast SEO v27.2) - https:\/\/yoast.com\/product\/yoast-seo-premium-wordpress\/ -->\n<title>Daily Zen Gummies(Zuckerfrei&amp;Vegan) - Dutchmicrodosing<\/title>\n<meta name=\"description\" content=\"Die Daily Zen-Gummis von Dr. Candy Fit wurden sorgf\u00e4ltig f\u00fcr diejenigen entwickelt, die eine Pause von der t\u00e4glichen Hektik brauchen. Sie sind vegan und...\" \/>\n<meta name=\"robots\" content=\"index, follow, max-snippet:-1, max-image-preview:large, max-video-preview:-1\" \/>\n<link rel=\"canonical\" href=\"https:\/\/dutchmicrodosing.com\/de\/reformhaus\/entspannende-erganzungen\/taeglich-entspannen-gummi-zuckerfrei-vegan\/\" \/>\n<meta property=\"og:locale\" content=\"de_DE\" \/>\n<meta property=\"og:type\" content=\"article\" \/>\n<meta property=\"og:title\" content=\"Daily Zen Gummies(Zuckerfrei&amp;Vegan)\" \/>\n<meta property=\"og:description\" content=\"Die Daily Zen-Gummis von Dr. Candy Fit wurden sorgf\u00e4ltig f\u00fcr diejenigen entwickelt, die eine Pause von der t\u00e4glichen Hektik brauchen. Sie sind vegan und\" \/>\n<meta property=\"og:url\" content=\"https:\/\/dutchmicrodosing.com\/de\/reformhaus\/entspannende-erganzungen\/taeglich-entspannen-gummi-zuckerfrei-vegan\/\" \/>\n<meta property=\"og:site_name\" content=\"Dutchmicrodosing\" \/>\n<meta property=\"article:publisher\" content=\"https:\/\/www.facebook.com\/Dutchmicrodosingxp\/\" \/>\n<meta property=\"article:modified_time\" content=\"2025-09-15T11:00:34+00:00\" \/>\n<meta property=\"og:image\" content=\"https:\/\/dutchmicrodosing.com\/wp-content\/uploads\/2023\/09\/preview-4.jpg\" \/>\n\t<meta property=\"og:image:width\" content=\"1000\" \/>\n\t<meta property=\"og:image:height\" content=\"1000\" \/>\n\t<meta property=\"og:image:type\" content=\"image\/jpeg\" \/>\n<meta name=\"twitter:card\" content=\"summary_large_image\" \/>\n<script type=\"application\/ld+json\" class=\"yoast-schema-graph\">{\"@context\":\"https:\/\/schema.org\",\"@graph\":[{\"@type\":\"WebPage\",\"@id\":\"https:\/\/dutchmicrodosing.com\/de\/reformhaus\/entspannende-erganzungen\/taeglich-entspannen-gummi-zuckerfrei-vegan\/\",\"url\":\"https:\/\/dutchmicrodosing.com\/de\/reformhaus\/entspannende-erganzungen\/taeglich-entspannen-gummi-zuckerfrei-vegan\/\",\"name\":\"Daily Zen Gummies(Zuckerfrei&amp;Vegan) - Dutchmicrodosing\",\"isPartOf\":{\"@id\":\"https:\/\/dutchmicrodosing.com\/de\/#website\"},\"primaryImageOfPage\":{\"@id\":\"https:\/\/dutchmicrodosing.com\/de\/reformhaus\/entspannende-erganzungen\/taeglich-entspannen-gummi-zuckerfrei-vegan\/#primaryimage\"},\"image\":{\"@id\":\"https:\/\/dutchmicrodosing.com\/de\/reformhaus\/entspannende-erganzungen\/taeglich-entspannen-gummi-zuckerfrei-vegan\/#primaryimage\"},\"thumbnailUrl\":\"https:\/\/dutchmicrodosing.com\/wp-content\/uploads\/2023\/09\/preview-4.jpg\",\"datePublished\":\"2023-09-16T16:00:33+00:00\",\"dateModified\":\"2025-09-15T11:00:34+00:00\",\"description\":\"Die Daily Zen-Gummis von Dr. Candy Fit wurden sorgf\u00e4ltig f\u00fcr diejenigen entwickelt, die eine Pause von der t\u00e4glichen Hektik brauchen. Sie sind vegan und...\",\"breadcrumb\":{\"@id\":\"https:\/\/dutchmicrodosing.com\/de\/reformhaus\/entspannende-erganzungen\/taeglich-entspannen-gummi-zuckerfrei-vegan\/#breadcrumb\"},\"inLanguage\":\"de\",\"potentialAction\":[{\"@type\":\"ReadAction\",\"target\":[\"https:\/\/dutchmicrodosing.com\/de\/reformhaus\/entspannende-erganzungen\/taeglich-entspannen-gummi-zuckerfrei-vegan\/\"]}]},{\"@type\":\"ImageObject\",\"inLanguage\":\"de\",\"@id\":\"https:\/\/dutchmicrodosing.com\/de\/reformhaus\/entspannende-erganzungen\/taeglich-entspannen-gummi-zuckerfrei-vegan\/#primaryimage\",\"url\":\"https:\/\/dutchmicrodosing.com\/wp-content\/uploads\/2023\/09\/preview-4.jpg\",\"contentUrl\":\"https:\/\/dutchmicrodosing.com\/wp-content\/uploads\/2023\/09\/preview-4.jpg\",\"width\":1000,\"height\":1000},{\"@type\":\"BreadcrumbList\",\"@id\":\"https:\/\/dutchmicrodosing.com\/de\/reformhaus\/entspannende-erganzungen\/taeglich-entspannen-gummi-zuckerfrei-vegan\/#breadcrumb\",\"itemListElement\":[{\"@type\":\"ListItem\",\"position\":1,\"name\":\"Home\",\"item\":\"https:\/\/dutchmicrodosing.com\/de\/\"},{\"@type\":\"ListItem\",\"position\":2,\"name\":\"Shop\",\"item\":\"https:\/\/dutchmicrodosing.com\/de\/shop\/\"},{\"@type\":\"ListItem\",\"position\":3,\"name\":\"Daily Zen Gummies(Zuckerfrei&amp;Vegan)\"}]},{\"@type\":\"WebSite\",\"@id\":\"https:\/\/dutchmicrodosing.com\/de\/#website\",\"url\":\"https:\/\/dutchmicrodosing.com\/de\/\",\"name\":\"Dutchmicrodosing\",\"description\":\"\",\"publisher\":{\"@id\":\"https:\/\/dutchmicrodosing.com\/de\/#organization\"},\"potentialAction\":[{\"@type\":\"SearchAction\",\"target\":{\"@type\":\"EntryPoint\",\"urlTemplate\":\"https:\/\/dutchmicrodosing.com\/de\/?s={search_term_string}\"},\"query-input\":{\"@type\":\"PropertyValueSpecification\",\"valueRequired\":true,\"valueName\":\"search_term_string\"}}],\"inLanguage\":\"de\"},{\"@type\":\"Organization\",\"@id\":\"https:\/\/dutchmicrodosing.com\/de\/#organization\",\"name\":\"Dutchmicrodosing\",\"url\":\"https:\/\/dutchmicrodosing.com\/de\/\",\"logo\":{\"@type\":\"ImageObject\",\"inLanguage\":\"de\",\"@id\":\"https:\/\/dutchmicrodosing.com\/de\/#\/schema\/logo\/image\/\",\"url\":\"https:\/\/dutchmicrodosing.com\/wp-content\/uploads\/2021\/01\/microdosing-categorie-pic-nieuw.jpg\",\"contentUrl\":\"https:\/\/dutchmicrodosing.com\/wp-content\/uploads\/2021\/01\/microdosing-categorie-pic-nieuw.jpg\",\"width\":500,\"height\":500,\"caption\":\"Dutchmicrodosing\"},\"image\":{\"@id\":\"https:\/\/dutchmicrodosing.com\/de\/#\/schema\/logo\/image\/\"},\"sameAs\":[\"https:\/\/www.facebook.com\/Dutchmicrodosingxp\/\",\"https:\/\/www.instagram.com\/dutchmicrodosing\/\"]}]}<\/script>\n<meta property=\"product:price:amount\" content=\"17.95\" \/>\n<meta property=\"product:price:currency\" content=\"EUR\" \/>\n<meta property=\"og:availability\" content=\"out of stock\" \/>\n<meta property=\"product:availability\" content=\"out of stock\" \/>\n<meta property=\"product:retailer_item_id\" content=\"3209988\" \/>\n<meta property=\"product:condition\" content=\"new\" \/>\n<!-- \/ Yoast SEO Premium plugin. -->","yoast_head_json":{"title":"Daily Zen Gummies(Zuckerfrei&amp;Vegan) - Dutchmicrodosing","description":"Die Daily Zen-Gummis von Dr. Candy Fit wurden sorgf\u00e4ltig f\u00fcr diejenigen entwickelt, die eine Pause von der t\u00e4glichen Hektik brauchen. Sie sind vegan und...","robots":{"index":"index","follow":"follow","max-snippet":"max-snippet:-1","max-image-preview":"max-image-preview:large","max-video-preview":"max-video-preview:-1"},"canonical":"https:\/\/dutchmicrodosing.com\/de\/reformhaus\/entspannende-erganzungen\/taeglich-entspannen-gummi-zuckerfrei-vegan\/","og_locale":"de_DE","og_type":"article","og_title":"Daily Zen Gummies(Zuckerfrei&amp;Vegan)","og_description":"Die Daily Zen-Gummis von Dr. Candy Fit wurden sorgf\u00e4ltig f\u00fcr diejenigen entwickelt, die eine Pause von der t\u00e4glichen Hektik brauchen. Sie sind vegan und","og_url":"https:\/\/dutchmicrodosing.com\/de\/reformhaus\/entspannende-erganzungen\/taeglich-entspannen-gummi-zuckerfrei-vegan\/","og_site_name":"Dutchmicrodosing","article_publisher":"https:\/\/www.facebook.com\/Dutchmicrodosingxp\/","article_modified_time":"2025-09-15T11:00:34+00:00","og_image":[{"width":1000,"height":1000,"url":"https:\/\/dutchmicrodosing.com\/wp-content\/uploads\/2023\/09\/preview-4.jpg","type":"image\/jpeg"}],"twitter_card":"summary_large_image","schema":{"@context":"https:\/\/schema.org","@graph":[{"@type":"WebPage","@id":"https:\/\/dutchmicrodosing.com\/de\/reformhaus\/entspannende-erganzungen\/taeglich-entspannen-gummi-zuckerfrei-vegan\/","url":"https:\/\/dutchmicrodosing.com\/de\/reformhaus\/entspannende-erganzungen\/taeglich-entspannen-gummi-zuckerfrei-vegan\/","name":"Daily Zen Gummies(Zuckerfrei&amp;Vegan) - Dutchmicrodosing","isPartOf":{"@id":"https:\/\/dutchmicrodosing.com\/de\/#website"},"primaryImageOfPage":{"@id":"https:\/\/dutchmicrodosing.com\/de\/reformhaus\/entspannende-erganzungen\/taeglich-entspannen-gummi-zuckerfrei-vegan\/#primaryimage"},"image":{"@id":"https:\/\/dutchmicrodosing.com\/de\/reformhaus\/entspannende-erganzungen\/taeglich-entspannen-gummi-zuckerfrei-vegan\/#primaryimage"},"thumbnailUrl":"https:\/\/dutchmicrodosing.com\/wp-content\/uploads\/2023\/09\/preview-4.jpg","datePublished":"2023-09-16T16:00:33+00:00","dateModified":"2025-09-15T11:00:34+00:00","description":"Die Daily Zen-Gummis von Dr. Candy Fit wurden sorgf\u00e4ltig f\u00fcr diejenigen entwickelt, die eine Pause von der t\u00e4glichen Hektik brauchen. Sie sind vegan und...","breadcrumb":{"@id":"https:\/\/dutchmicrodosing.com\/de\/reformhaus\/entspannende-erganzungen\/taeglich-entspannen-gummi-zuckerfrei-vegan\/#breadcrumb"},"inLanguage":"de","potentialAction":[{"@type":"ReadAction","target":["https:\/\/dutchmicrodosing.com\/de\/reformhaus\/entspannende-erganzungen\/taeglich-entspannen-gummi-zuckerfrei-vegan\/"]}]},{"@type":"ImageObject","inLanguage":"de","@id":"https:\/\/dutchmicrodosing.com\/de\/reformhaus\/entspannende-erganzungen\/taeglich-entspannen-gummi-zuckerfrei-vegan\/#primaryimage","url":"https:\/\/dutchmicrodosing.com\/wp-content\/uploads\/2023\/09\/preview-4.jpg","contentUrl":"https:\/\/dutchmicrodosing.com\/wp-content\/uploads\/2023\/09\/preview-4.jpg","width":1000,"height":1000},{"@type":"BreadcrumbList","@id":"https:\/\/dutchmicrodosing.com\/de\/reformhaus\/entspannende-erganzungen\/taeglich-entspannen-gummi-zuckerfrei-vegan\/#breadcrumb","itemListElement":[{"@type":"ListItem","position":1,"name":"Home","item":"https:\/\/dutchmicrodosing.com\/de\/"},{"@type":"ListItem","position":2,"name":"Shop","item":"https:\/\/dutchmicrodosing.com\/de\/shop\/"},{"@type":"ListItem","position":3,"name":"Daily Zen Gummies(Zuckerfrei&amp;Vegan)"}]},{"@type":"WebSite","@id":"https:\/\/dutchmicrodosing.com\/de\/#website","url":"https:\/\/dutchmicrodosing.com\/de\/","name":"Dutchmicrodosing","description":"","publisher":{"@id":"https:\/\/dutchmicrodosing.com\/de\/#organization"},"potentialAction":[{"@type":"SearchAction","target":{"@type":"EntryPoint","urlTemplate":"https:\/\/dutchmicrodosing.com\/de\/?s={search_term_string}"},"query-input":{"@type":"PropertyValueSpecification","valueRequired":true,"valueName":"search_term_string"}}],"inLanguage":"de"},{"@type":"Organization","@id":"https:\/\/dutchmicrodosing.com\/de\/#organization","name":"Dutchmicrodosing","url":"https:\/\/dutchmicrodosing.com\/de\/","logo":{"@type":"ImageObject","inLanguage":"de","@id":"https:\/\/dutchmicrodosing.com\/de\/#\/schema\/logo\/image\/","url":"https:\/\/dutchmicrodosing.com\/wp-content\/uploads\/2021\/01\/microdosing-categorie-pic-nieuw.jpg","contentUrl":"https:\/\/dutchmicrodosing.com\/wp-content\/uploads\/2021\/01\/microdosing-categorie-pic-nieuw.jpg","width":500,"height":500,"caption":"Dutchmicrodosing"},"image":{"@id":"https:\/\/dutchmicrodosing.com\/de\/#\/schema\/logo\/image\/"},"sameAs":["https:\/\/www.facebook.com\/Dutchmicrodosingxp\/","https:\/\/www.instagram.com\/dutchmicrodosing\/"]}]},"product_price_amount":"17.95","product_price_currency":"EUR","og_availability":"out of stock","product_availability":"out of stock","product_retailer_item_id":"3209988","product_condition":"new"},"_links":{"self":[{"href":"https:\/\/dutchmicrodosing.com\/de\/wp-json\/wp\/v2\/product\/29185","targetHints":{"allow":["GET"]}}],"collection":[{"href":"https:\/\/dutchmicrodosing.com\/de\/wp-json\/wp\/v2\/product"}],"about":[{"href":"https:\/\/dutchmicrodosing.com\/de\/wp-json\/wp\/v2\/types\/product"}],"replies":[{"embeddable":true,"href":"https:\/\/dutchmicrodosing.com\/de\/wp-json\/wp\/v2\/comments?post=29185"}],"version-history":[{"count":0,"href":"https:\/\/dutchmicrodosing.com\/de\/wp-json\/wp\/v2\/product\/29185\/revisions"}],"wp:featuredmedia":[{"embeddable":true,"href":"https:\/\/dutchmicrodosing.com\/de\/wp-json\/wp\/v2\/media\/29162"}],"wp:attachment":[{"href":"https:\/\/dutchmicrodosing.com\/de\/wp-json\/wp\/v2\/media?parent=29185"}],"wp:term":[{"taxonomy":"product_brand","embeddable":true,"href":"https:\/\/dutchmicrodosing.com\/de\/wp-json\/wp\/v2\/product_brand?post=29185"},{"taxonomy":"product_cat","embeddable":true,"href":"https:\/\/dutchmicrodosing.com\/de\/wp-json\/wp\/v2\/product_cat?post=29185"},{"taxonomy":"product_tag","embeddable":true,"href":"https:\/\/dutchmicrodosing.com\/de\/wp-json\/wp\/v2\/product_tag?post=29185"}],"curies":[{"name":"wp","href":"https:\/\/api.w.org\/{rel}","templated":true}]}}