{"id":29609,"date":"2023-10-31T12:32:24","date_gmt":"2023-10-31T11:32:24","guid":{"rendered":"https:\/\/dutchmicrodosing.com\/shop\/unkategorisiert\/psilo-qtest\/"},"modified":"2025-08-22T07:39:57","modified_gmt":"2025-08-22T05:39:57","slug":"psilo-qtest","status":"publish","type":"product","link":"https:\/\/dutchmicrodosing.com\/de\/zauberpilze-zuchtsets\/all-in-one-zuchtset\/psilo-qtest\/","title":{"rendered":"Psilo-QTest"},"content":{"rendered":"<p>Hast du dich jemals gefragt, wie viel Psilocybin ein magischer Tr\u00fcffel oder ein selbst gez\u00fcchteter Zauberpilz enth\u00e4lt? Mit dem <strong>Psilo-Q-Test<\/strong> k\u00f6nnen Sie dies jetzt ganz einfach zu Hause selbst herausfinden. In nur einer halben Stunde k\u00f6nnen Sie die Psilocybin-Konzentration in Ihrer eigenen K\u00fcche genau bestimmen. Dieses Testkit ist in seiner Art einzigartig und bietet eine erstaunliche Pr\u00e4zision, die mit einer geringen Abweichung von weniger als 10 % fast mit den Ergebnissen von Speziallabortests (HPLC) vergleichbar ist.<\/p>\n<h3>Inhalt der Schachtel<\/h3>\n<ul>\n<li>Schutzhandschuhe<\/li>\n<li>Extraktionsfl\u00e4schchen aus Kunststoff mit Schraubverschluss<\/li>\n<li>Glasfl\u00e4schchen mit dicht schlie\u00dfendem Deckel und Septum<\/li>\n<li>1 ml Spritze<\/li>\n<li>Stumpfe Kan\u00fcle<\/li>\n<li>Sterifilt (Filter f\u00fcr die Spritze)<\/li>\n<li>Handbuch in 4 einfachen Schritten + umfassender Leitfaden.<\/li>\n<\/ul>\n<h3>Testen Sie Ihre Champignons oder Tr\u00fcffel in vier einfachen Schritten<\/h3>\n<h4>Vorarbeiten<\/h4>\n<p>Beginnen Sie mit einem sauberen Start. Nehmen Sie das gesamte Zubeh\u00f6r aus Ihrem Testkit, reinigen Sie Ihre H\u00e4nde und Arme und ziehen Sie die mitgelieferten Handschuhe an. Achten Sie darauf, dass Ihr Arbeitsplatz hygienisch und sauber ist, z. B. Ihre K\u00fcchenarbeitsplatte. Wiegen Sie eine Probe von etwa 150 mg. Erhitze einen Liter Wasser, aber achte darauf, dass es nicht kocht, da sich Psilocybin in kochendem Wasser aufl\u00f6st!<br \/>\nExtra-Tipp: Um optimale Ergebnisse zu erzielen, wiegen Sie eine Menge ab, die leicht \u00fcber Ihrer gew\u00fcnschten Dosis liegt. Verwenden Sie den empfohlenen Pilz- und Tr\u00fcffel-Rechner. Mahlen Sie diese Menge vor dem Test.<\/p>\n<h4>Extraktionsverfahren<\/h4>\n<p>Die pulverisierten Pilze oder Tr\u00fcffel in die Extraktionsflasche geben, den Deckel aufsetzen und kurz sch\u00fctteln. Lassen Sie das Fl\u00e4schchen eine Weile ruhen und wiederholen Sie den Vorgang ein paar Mal. Dann befestigen Sie den Sterifilt an Ihrer Spritze und ziehen damit 1 ml Fl\u00fcssigkeit auf. Entfernen Sie das Sterifilt, bringen Sie die Kan\u00fcle an und spritzen Sie die Fl\u00fcssigkeit in ein Glasgef\u00e4\u00df. Seien Sie vorsichtig: Vermeiden Sie den direkten Kontakt der Spritze mit der Fl\u00fcssigkeit und achten Sie darauf, dass die Spritze mit Luft gef\u00fcllt ist, um Spritzer zu vermeiden.<\/p>\n<h4>Farbtest<\/h4>\n<p>Stellen Sie das Gef\u00e4\u00df in warmes Wasser (achten Sie darauf, dass es nicht kocht!). Die Fl\u00fcssigkeit im Glas wird sich verf\u00e4rben. Warten Sie etwa 15 Minuten, bevor Sie das Endergebnis sehen. Vorsicht mit dem hei\u00dfen Glas!<\/p>\n<h4>Analyse der Ergebnisse<\/h4>\n<p>Sie sollten nun eine Farbvariation zwischen beige und braun in Ihrem Glas beobachten. Verwenden Sie die Farbskala, um die Psilocybin-Konzentration pro Gramm zu bestimmen. Vor einem wei\u00dfen Hintergrund und bei gutem Licht sieht man die Farbe am besten. Je nach Farbe k\u00f6nnen Sie die St\u00e4rke Ihrer Dosierung bestimmen.<br \/>\nBeispiel<\/p>\n<h3>Lagerung und Haltbarkeit<\/h3>\n<p>Lagern Sie die Schachtel im K\u00fchlschrank zwischen 2 \u00b0C und 8 \u00b0C. Auf diese Weise sind Ihre Sachen 12 Monate lang haltbar. Die Extraktionsfl\u00fcssigkeit kann sich nach einiger Zeit etwas gelblich verf\u00e4rben, was aber f\u00fcr die Verwendung keine Rolle spielt.<\/p>\n","protected":false},"excerpt":{"rendered":"<p>Hast du dich jemals gefragt, wie viel Psilocybin ein magischer Tr\u00fcffel oder ein selbst gez\u00fcchteter Zauberpilz enth\u00e4lt? Mit dem Psilo-Q-Test k\u00f6nnen Sie dies jetzt ganz einfach zu Hause selbst herausfinden. In nur einer halben Stunde k\u00f6nnen Sie die Psilocybin-Konzentration in Ihrer eigenen K\u00fcche genau bestimmen. Dieses Testkit ist in seiner Art einzigartig und bietet eine [&hellip;]<\/p>\n","protected":false},"featured_media":27458,"comment_status":"closed","ping_status":"closed","template":"","meta":[],"product_brand":[],"product_cat":[212,115,202,112],"product_tag":[],"class_list":{"0":"post-29609","1":"product","2":"type-product","3":"status-publish","4":"has-post-thumbnail","6":"product_cat-all-in-one-zuchtset","7":"product_cat-fresh-mushrooms-zuchtset","8":"product_cat-magische-truffel","9":"product_cat-bio-zauber-trueffel-xp","11":"first","12":"instock","13":"taxable","14":"shipping-taxable","15":"purchasable","16":"product-type-simple"},"yoast_head":"<!-- This site is optimized with the Yoast SEO Premium plugin v26.4 (Yoast SEO v27.2) - https:\/\/yoast.com\/product\/yoast-seo-premium-wordpress\/ -->\n<title>Psilo-QTest - Dutchmicrodosing<\/title>\n<meta name=\"description\" content=\"Hast du dich jemals gefragt, wie viel Psilocybin ein magischer Tr\u00fcffel oder ein selbst gez\u00fcchteter Zauberpilz enth\u00e4lt? Mit dem Psilo-Q-Test k\u00f6nnen Sie das jetzt ganz einfach selbst zu Hause herausfinden\" \/>\n<meta name=\"robots\" content=\"index, follow, max-snippet:-1, max-image-preview:large, max-video-preview:-1\" \/>\n<link rel=\"canonical\" href=\"https:\/\/dutchmicrodosing.com\/de\/zauberpilze-zuchtsets\/all-in-one-zuchtset\/psilo-qtest\/\" \/>\n<meta property=\"og:locale\" content=\"de_DE\" \/>\n<meta property=\"og:type\" content=\"article\" \/>\n<meta property=\"og:title\" content=\"Psilo-QTest\" \/>\n<meta property=\"og:description\" content=\"Hast du dich jemals gefragt, wie viel Psilocybin ein magischer Tr\u00fcffel oder ein selbst gez\u00fcchteter Zauberpilz enth\u00e4lt? Mit dem Psilo-Q-Test k\u00f6nnen Sie\" \/>\n<meta property=\"og:url\" content=\"https:\/\/dutchmicrodosing.com\/de\/zauberpilze-zuchtsets\/all-in-one-zuchtset\/psilo-qtest\/\" \/>\n<meta property=\"og:site_name\" content=\"Dutchmicrodosing\" \/>\n<meta property=\"article:publisher\" content=\"https:\/\/www.facebook.com\/Dutchmicrodosingxp\/\" \/>\n<meta property=\"article:modified_time\" content=\"2025-08-22T05:39:57+00:00\" \/>\n<meta property=\"og:image\" content=\"https:\/\/dutchmicrodosing.com\/wp-content\/uploads\/2023\/09\/siomotion-miraculix-jena-produkte_29von190__3.jpg\" \/>\n\t<meta property=\"og:image:width\" content=\"700\" \/>\n\t<meta property=\"og:image:height\" content=\"700\" \/>\n\t<meta property=\"og:image:type\" content=\"image\/jpeg\" \/>\n<meta name=\"twitter:card\" content=\"summary_large_image\" \/>\n<script type=\"application\/ld+json\" class=\"yoast-schema-graph\">{\"@context\":\"https:\/\/schema.org\",\"@graph\":[{\"@type\":\"WebPage\",\"@id\":\"https:\/\/dutchmicrodosing.com\/de\/zauberpilze-zuchtsets\/all-in-one-zuchtset\/psilo-qtest\/\",\"url\":\"https:\/\/dutchmicrodosing.com\/de\/zauberpilze-zuchtsets\/all-in-one-zuchtset\/psilo-qtest\/\",\"name\":\"Psilo-QTest - Dutchmicrodosing\",\"isPartOf\":{\"@id\":\"https:\/\/dutchmicrodosing.com\/de\/#website\"},\"primaryImageOfPage\":{\"@id\":\"https:\/\/dutchmicrodosing.com\/de\/zauberpilze-zuchtsets\/all-in-one-zuchtset\/psilo-qtest\/#primaryimage\"},\"image\":{\"@id\":\"https:\/\/dutchmicrodosing.com\/de\/zauberpilze-zuchtsets\/all-in-one-zuchtset\/psilo-qtest\/#primaryimage\"},\"thumbnailUrl\":\"https:\/\/dutchmicrodosing.com\/wp-content\/uploads\/2023\/09\/siomotion-miraculix-jena-produkte_29von190__3.jpg\",\"datePublished\":\"2023-10-31T11:32:24+00:00\",\"dateModified\":\"2025-08-22T05:39:57+00:00\",\"description\":\"Hast du dich jemals gefragt, wie viel Psilocybin ein magischer Tr\u00fcffel oder ein selbst gez\u00fcchteter Zauberpilz enth\u00e4lt? Mit dem Psilo-Q-Test k\u00f6nnen Sie das jetzt ganz einfach selbst zu Hause herausfinden\",\"breadcrumb\":{\"@id\":\"https:\/\/dutchmicrodosing.com\/de\/zauberpilze-zuchtsets\/all-in-one-zuchtset\/psilo-qtest\/#breadcrumb\"},\"inLanguage\":\"de\",\"potentialAction\":[{\"@type\":\"ReadAction\",\"target\":[\"https:\/\/dutchmicrodosing.com\/de\/zauberpilze-zuchtsets\/all-in-one-zuchtset\/psilo-qtest\/\"]}]},{\"@type\":\"ImageObject\",\"inLanguage\":\"de\",\"@id\":\"https:\/\/dutchmicrodosing.com\/de\/zauberpilze-zuchtsets\/all-in-one-zuchtset\/psilo-qtest\/#primaryimage\",\"url\":\"https:\/\/dutchmicrodosing.com\/wp-content\/uploads\/2023\/09\/siomotion-miraculix-jena-produkte_29von190__3.jpg\",\"contentUrl\":\"https:\/\/dutchmicrodosing.com\/wp-content\/uploads\/2023\/09\/siomotion-miraculix-jena-produkte_29von190__3.jpg\",\"width\":700,\"height\":700,\"caption\":\"Psilo-QTest\"},{\"@type\":\"BreadcrumbList\",\"@id\":\"https:\/\/dutchmicrodosing.com\/de\/zauberpilze-zuchtsets\/all-in-one-zuchtset\/psilo-qtest\/#breadcrumb\",\"itemListElement\":[{\"@type\":\"ListItem\",\"position\":1,\"name\":\"Home\",\"item\":\"https:\/\/dutchmicrodosing.com\/de\/\"},{\"@type\":\"ListItem\",\"position\":2,\"name\":\"Shop\",\"item\":\"https:\/\/dutchmicrodosing.com\/de\/shop\/\"},{\"@type\":\"ListItem\",\"position\":3,\"name\":\"Psilo-QTest\"}]},{\"@type\":\"WebSite\",\"@id\":\"https:\/\/dutchmicrodosing.com\/de\/#website\",\"url\":\"https:\/\/dutchmicrodosing.com\/de\/\",\"name\":\"Dutchmicrodosing\",\"description\":\"\",\"publisher\":{\"@id\":\"https:\/\/dutchmicrodosing.com\/de\/#organization\"},\"potentialAction\":[{\"@type\":\"SearchAction\",\"target\":{\"@type\":\"EntryPoint\",\"urlTemplate\":\"https:\/\/dutchmicrodosing.com\/de\/?s={search_term_string}\"},\"query-input\":{\"@type\":\"PropertyValueSpecification\",\"valueRequired\":true,\"valueName\":\"search_term_string\"}}],\"inLanguage\":\"de\"},{\"@type\":\"Organization\",\"@id\":\"https:\/\/dutchmicrodosing.com\/de\/#organization\",\"name\":\"Dutchmicrodosing\",\"url\":\"https:\/\/dutchmicrodosing.com\/de\/\",\"logo\":{\"@type\":\"ImageObject\",\"inLanguage\":\"de\",\"@id\":\"https:\/\/dutchmicrodosing.com\/de\/#\/schema\/logo\/image\/\",\"url\":\"https:\/\/dutchmicrodosing.com\/wp-content\/uploads\/2021\/01\/microdosing-categorie-pic-nieuw.jpg\",\"contentUrl\":\"https:\/\/dutchmicrodosing.com\/wp-content\/uploads\/2021\/01\/microdosing-categorie-pic-nieuw.jpg\",\"width\":500,\"height\":500,\"caption\":\"Dutchmicrodosing\"},\"image\":{\"@id\":\"https:\/\/dutchmicrodosing.com\/de\/#\/schema\/logo\/image\/\"},\"sameAs\":[\"https:\/\/www.facebook.com\/Dutchmicrodosingxp\/\",\"https:\/\/www.instagram.com\/dutchmicrodosing\/\"]}]}<\/script>\n<meta property=\"product:price:amount\" content=\"17.95\" \/>\n<meta property=\"product:price:currency\" content=\"EUR\" \/>\n<meta property=\"og:availability\" content=\"instock\" \/>\n<meta property=\"product:availability\" content=\"instock\" \/>\n<meta property=\"product:retailer_item_id\" content=\"3209168\" \/>\n<meta property=\"product:condition\" content=\"new\" \/>\n<!-- \/ Yoast SEO Premium plugin. -->","yoast_head_json":{"title":"Psilo-QTest - Dutchmicrodosing","description":"Hast du dich jemals gefragt, wie viel Psilocybin ein magischer Tr\u00fcffel oder ein selbst gez\u00fcchteter Zauberpilz enth\u00e4lt? Mit dem Psilo-Q-Test k\u00f6nnen Sie das jetzt ganz einfach selbst zu Hause herausfinden","robots":{"index":"index","follow":"follow","max-snippet":"max-snippet:-1","max-image-preview":"max-image-preview:large","max-video-preview":"max-video-preview:-1"},"canonical":"https:\/\/dutchmicrodosing.com\/de\/zauberpilze-zuchtsets\/all-in-one-zuchtset\/psilo-qtest\/","og_locale":"de_DE","og_type":"article","og_title":"Psilo-QTest","og_description":"Hast du dich jemals gefragt, wie viel Psilocybin ein magischer Tr\u00fcffel oder ein selbst gez\u00fcchteter Zauberpilz enth\u00e4lt? Mit dem Psilo-Q-Test k\u00f6nnen Sie","og_url":"https:\/\/dutchmicrodosing.com\/de\/zauberpilze-zuchtsets\/all-in-one-zuchtset\/psilo-qtest\/","og_site_name":"Dutchmicrodosing","article_publisher":"https:\/\/www.facebook.com\/Dutchmicrodosingxp\/","article_modified_time":"2025-08-22T05:39:57+00:00","og_image":[{"width":700,"height":700,"url":"https:\/\/dutchmicrodosing.com\/wp-content\/uploads\/2023\/09\/siomotion-miraculix-jena-produkte_29von190__3.jpg","type":"image\/jpeg"}],"twitter_card":"summary_large_image","schema":{"@context":"https:\/\/schema.org","@graph":[{"@type":"WebPage","@id":"https:\/\/dutchmicrodosing.com\/de\/zauberpilze-zuchtsets\/all-in-one-zuchtset\/psilo-qtest\/","url":"https:\/\/dutchmicrodosing.com\/de\/zauberpilze-zuchtsets\/all-in-one-zuchtset\/psilo-qtest\/","name":"Psilo-QTest - Dutchmicrodosing","isPartOf":{"@id":"https:\/\/dutchmicrodosing.com\/de\/#website"},"primaryImageOfPage":{"@id":"https:\/\/dutchmicrodosing.com\/de\/zauberpilze-zuchtsets\/all-in-one-zuchtset\/psilo-qtest\/#primaryimage"},"image":{"@id":"https:\/\/dutchmicrodosing.com\/de\/zauberpilze-zuchtsets\/all-in-one-zuchtset\/psilo-qtest\/#primaryimage"},"thumbnailUrl":"https:\/\/dutchmicrodosing.com\/wp-content\/uploads\/2023\/09\/siomotion-miraculix-jena-produkte_29von190__3.jpg","datePublished":"2023-10-31T11:32:24+00:00","dateModified":"2025-08-22T05:39:57+00:00","description":"Hast du dich jemals gefragt, wie viel Psilocybin ein magischer Tr\u00fcffel oder ein selbst gez\u00fcchteter Zauberpilz enth\u00e4lt? Mit dem Psilo-Q-Test k\u00f6nnen Sie das jetzt ganz einfach selbst zu Hause herausfinden","breadcrumb":{"@id":"https:\/\/dutchmicrodosing.com\/de\/zauberpilze-zuchtsets\/all-in-one-zuchtset\/psilo-qtest\/#breadcrumb"},"inLanguage":"de","potentialAction":[{"@type":"ReadAction","target":["https:\/\/dutchmicrodosing.com\/de\/zauberpilze-zuchtsets\/all-in-one-zuchtset\/psilo-qtest\/"]}]},{"@type":"ImageObject","inLanguage":"de","@id":"https:\/\/dutchmicrodosing.com\/de\/zauberpilze-zuchtsets\/all-in-one-zuchtset\/psilo-qtest\/#primaryimage","url":"https:\/\/dutchmicrodosing.com\/wp-content\/uploads\/2023\/09\/siomotion-miraculix-jena-produkte_29von190__3.jpg","contentUrl":"https:\/\/dutchmicrodosing.com\/wp-content\/uploads\/2023\/09\/siomotion-miraculix-jena-produkte_29von190__3.jpg","width":700,"height":700,"caption":"Psilo-QTest"},{"@type":"BreadcrumbList","@id":"https:\/\/dutchmicrodosing.com\/de\/zauberpilze-zuchtsets\/all-in-one-zuchtset\/psilo-qtest\/#breadcrumb","itemListElement":[{"@type":"ListItem","position":1,"name":"Home","item":"https:\/\/dutchmicrodosing.com\/de\/"},{"@type":"ListItem","position":2,"name":"Shop","item":"https:\/\/dutchmicrodosing.com\/de\/shop\/"},{"@type":"ListItem","position":3,"name":"Psilo-QTest"}]},{"@type":"WebSite","@id":"https:\/\/dutchmicrodosing.com\/de\/#website","url":"https:\/\/dutchmicrodosing.com\/de\/","name":"Dutchmicrodosing","description":"","publisher":{"@id":"https:\/\/dutchmicrodosing.com\/de\/#organization"},"potentialAction":[{"@type":"SearchAction","target":{"@type":"EntryPoint","urlTemplate":"https:\/\/dutchmicrodosing.com\/de\/?s={search_term_string}"},"query-input":{"@type":"PropertyValueSpecification","valueRequired":true,"valueName":"search_term_string"}}],"inLanguage":"de"},{"@type":"Organization","@id":"https:\/\/dutchmicrodosing.com\/de\/#organization","name":"Dutchmicrodosing","url":"https:\/\/dutchmicrodosing.com\/de\/","logo":{"@type":"ImageObject","inLanguage":"de","@id":"https:\/\/dutchmicrodosing.com\/de\/#\/schema\/logo\/image\/","url":"https:\/\/dutchmicrodosing.com\/wp-content\/uploads\/2021\/01\/microdosing-categorie-pic-nieuw.jpg","contentUrl":"https:\/\/dutchmicrodosing.com\/wp-content\/uploads\/2021\/01\/microdosing-categorie-pic-nieuw.jpg","width":500,"height":500,"caption":"Dutchmicrodosing"},"image":{"@id":"https:\/\/dutchmicrodosing.com\/de\/#\/schema\/logo\/image\/"},"sameAs":["https:\/\/www.facebook.com\/Dutchmicrodosingxp\/","https:\/\/www.instagram.com\/dutchmicrodosing\/"]}]},"product_price_amount":"17.95","product_price_currency":"EUR","og_availability":"instock","product_availability":"instock","product_retailer_item_id":"3209168","product_condition":"new"},"_links":{"self":[{"href":"https:\/\/dutchmicrodosing.com\/de\/wp-json\/wp\/v2\/product\/29609","targetHints":{"allow":["GET"]}}],"collection":[{"href":"https:\/\/dutchmicrodosing.com\/de\/wp-json\/wp\/v2\/product"}],"about":[{"href":"https:\/\/dutchmicrodosing.com\/de\/wp-json\/wp\/v2\/types\/product"}],"replies":[{"embeddable":true,"href":"https:\/\/dutchmicrodosing.com\/de\/wp-json\/wp\/v2\/comments?post=29609"}],"version-history":[{"count":0,"href":"https:\/\/dutchmicrodosing.com\/de\/wp-json\/wp\/v2\/product\/29609\/revisions"}],"wp:featuredmedia":[{"embeddable":true,"href":"https:\/\/dutchmicrodosing.com\/de\/wp-json\/wp\/v2\/media\/27458"}],"wp:attachment":[{"href":"https:\/\/dutchmicrodosing.com\/de\/wp-json\/wp\/v2\/media?parent=29609"}],"wp:term":[{"taxonomy":"product_brand","embeddable":true,"href":"https:\/\/dutchmicrodosing.com\/de\/wp-json\/wp\/v2\/product_brand?post=29609"},{"taxonomy":"product_cat","embeddable":true,"href":"https:\/\/dutchmicrodosing.com\/de\/wp-json\/wp\/v2\/product_cat?post=29609"},{"taxonomy":"product_tag","embeddable":true,"href":"https:\/\/dutchmicrodosing.com\/de\/wp-json\/wp\/v2\/product_tag?post=29609"}],"curies":[{"name":"wp","href":"https:\/\/api.w.org\/{rel}","templated":true}]}}