{"id":29627,"date":"2023-10-31T12:53:58","date_gmt":"2023-10-31T11:53:58","guid":{"rendered":"https:\/\/dutchmicrodosing.com\/shop\/unkategorisiert\/loewenmann-lollypop-kiwi\/"},"modified":"2025-08-20T01:54:13","modified_gmt":"2025-08-19T23:54:13","slug":"loewenmann-lollypop-kiwi","status":"publish","type":"product","link":"https:\/\/dutchmicrodosing.com\/de\/reformhaus\/essbare-pilze\/loewenmann-lollypop-kiwi\/","title":{"rendered":"L\u00f6wenm\u00e4hne Lollypop &#8211; Kiwi"},"content":{"rendered":"<p><strong>Die L\u00f6wenm\u00e4hne<\/strong>, auch bekannt als Hericium erinaceus oder Per\u00fcckenpilz, ist ein bemerkenswerter Pilz mit einem unverwechselbaren Aussehen. Die anmutigen F\u00e4den, die von diesem Pilz herabh\u00e4ngen, erinnern an die M\u00e4hne eines L\u00f6wen. Eine der interessantesten Eigenschaften der L\u00f6wenm\u00e4hne ist ihre F\u00e4higkeit, die Produktion des Nervenwachstumsfaktors (NGF) zu stimulieren. NGF spielt eine entscheidende Rolle als Neurotrophin, ein Molek\u00fcl, das f\u00fcr das Wohlergehen der Nervenzellen und ihre Funktionen bei der Informationsverarbeitung in unserem Nervensystem unerl\u00e4sslich ist.<\/p>\n<p>Daher wird dieser Pilz oft mit kognitiven Vorteilen in Verbindung gebracht und sogar als &#8222;der denkende Pilz&#8220; bezeichnet. Viele Menschen erleben nach dem Konsum eine verbesserte geistige Sch\u00e4rfe und Klarheit. Dar\u00fcber hinaus haben Untersuchungen gezeigt, dass die L\u00f6wenm\u00e4hne das Risiko von Herz-Kreislauf-Erkrankungen senken und auch Symptome von Angst und Depression lindern kann.<\/p>\n<p>Der Lion&#8217;s Mane Lollypop ist mehr als nur eine S\u00fc\u00dfigkeit: Jeder Lollypop enth\u00e4lt 250 mg L\u00f6wenm\u00e4hnenextrakt, ein starkes nat\u00fcrliches Erg\u00e4nzungsmittel. Ob die Frische der Kiwi, die S\u00fc\u00dfe der Erdbeere, der reichhaltige Geschmack der Blaubeere oder der klassische Cola-Ton &#8211; f\u00fcr jeden Bonbon-Fanatiker gibt es eine Geschmacksrichtung. Und das Beste? Sie enthalten keinen Zucker und sind vollst\u00e4ndig vegan. G\u00f6nnen Sie sich diese schmackhafte und nahrhafte Leckerei!<\/p>\n<h3>Inhaltsstoffe<\/h3>\n<ul>\n<li>nat\u00fcrliches Kiwi-Aroma<\/li>\n<li>Isomalt<\/li>\n<li>Farbstoff (E102 und E131)<\/li>\n<li>250 mg L\u00f6wenzahn-Extrakt<\/li>\n<\/ul>\n<h3>Hinweise zur Lagerung<\/h3>\n<p>Bewahren Sie dieses Produkt an einem dunklen, k\u00fchlen Ort und au\u00dferhalb der Reichweite von Kindern auf.<\/p>\n<h3>Inhalt<\/h3>\n<p>Dr Candy Lollypop Kiwi mit 250 mg L\u00f6wenm\u00e4hnenextrakt &#8211; 1x.<\/p>\n","protected":false},"excerpt":{"rendered":"<p>Die L\u00f6wenm\u00e4hne, auch bekannt als Hericium erinaceus oder Per\u00fcckenpilz, ist ein bemerkenswerter Pilz mit einem unverwechselbaren Aussehen. Die anmutigen F\u00e4den, die von diesem Pilz herabh\u00e4ngen, erinnern an die M\u00e4hne eines L\u00f6wen. Eine der interessantesten Eigenschaften der L\u00f6wenm\u00e4hne ist ihre F\u00e4higkeit, die Produktion des Nervenwachstumsfaktors (NGF) zu stimulieren. NGF spielt eine entscheidende Rolle als Neurotrophin, ein [&hellip;]<\/p>\n","protected":false},"featured_media":28065,"comment_status":"closed","ping_status":"closed","template":"","meta":[],"product_brand":[],"product_cat":[327],"product_tag":[],"class_list":{"0":"post-29627","1":"product","2":"type-product","3":"status-publish","4":"has-post-thumbnail","6":"product_cat-essbare-pilze","8":"first","9":"instock","10":"taxable","11":"shipping-taxable","12":"purchasable","13":"product-type-simple"},"yoast_head":"<!-- This site is optimized with the Yoast SEO Premium plugin v26.4 (Yoast SEO v27.2) - https:\/\/yoast.com\/product\/yoast-seo-premium-wordpress\/ -->\n<title>L\u00f6wenm\u00e4hne Lollypop - Kiwi - Dutchmicrodosing<\/title>\n<meta name=\"description\" content=\"Der Lion&#039;s Mane Lollipop ist mehr als nur ein Bonbon: Jeder Lollipop enth\u00e4lt 250 mg Lion&#039;s Mane Extrakt, ein wirkungsvolles nat\u00fcrliches Erg\u00e4nzungsmittel. Ob Sie nun Lust auf...\" \/>\n<meta name=\"robots\" content=\"index, follow, max-snippet:-1, max-image-preview:large, max-video-preview:-1\" \/>\n<link rel=\"canonical\" href=\"https:\/\/dutchmicrodosing.com\/de\/reformhaus\/essbare-pilze\/loewenmann-lollypop-kiwi\/\" \/>\n<meta property=\"og:locale\" content=\"de_DE\" \/>\n<meta property=\"og:type\" content=\"article\" \/>\n<meta property=\"og:title\" content=\"L\u00f6wenm\u00e4hne Lollypop - Kiwi\" \/>\n<meta property=\"og:description\" content=\"Die L\u00f6wenm\u00e4hne, auch bekannt als Hericium erinaceus oder Per\u00fcckenpilz, ist ein bemerkenswerter Pilz mit einem unverwechselbaren Aussehen. Die anmutigen\" \/>\n<meta property=\"og:url\" content=\"https:\/\/dutchmicrodosing.com\/de\/reformhaus\/essbare-pilze\/loewenmann-lollypop-kiwi\/\" \/>\n<meta property=\"og:site_name\" content=\"Dutchmicrodosing\" \/>\n<meta property=\"article:publisher\" content=\"https:\/\/www.facebook.com\/Dutchmicrodosingxp\/\" \/>\n<meta property=\"article:modified_time\" content=\"2025-08-19T23:54:13+00:00\" \/>\n<meta property=\"og:image\" content=\"https:\/\/dutchmicrodosing.com\/wp-content\/uploads\/2023\/09\/Mushroom_lolly_kiwi_1000x1000.png\" \/>\n\t<meta property=\"og:image:width\" content=\"1000\" \/>\n\t<meta property=\"og:image:height\" content=\"1000\" \/>\n\t<meta property=\"og:image:type\" content=\"image\/png\" \/>\n<meta name=\"twitter:card\" content=\"summary_large_image\" \/>\n<script type=\"application\/ld+json\" class=\"yoast-schema-graph\">{\"@context\":\"https:\/\/schema.org\",\"@graph\":[{\"@type\":\"WebPage\",\"@id\":\"https:\/\/dutchmicrodosing.com\/de\/reformhaus\/essbare-pilze\/loewenmann-lollypop-kiwi\/\",\"url\":\"https:\/\/dutchmicrodosing.com\/de\/reformhaus\/essbare-pilze\/loewenmann-lollypop-kiwi\/\",\"name\":\"L\u00f6wenm\u00e4hne Lollypop - Kiwi - Dutchmicrodosing\",\"isPartOf\":{\"@id\":\"https:\/\/dutchmicrodosing.com\/de\/#website\"},\"primaryImageOfPage\":{\"@id\":\"https:\/\/dutchmicrodosing.com\/de\/reformhaus\/essbare-pilze\/loewenmann-lollypop-kiwi\/#primaryimage\"},\"image\":{\"@id\":\"https:\/\/dutchmicrodosing.com\/de\/reformhaus\/essbare-pilze\/loewenmann-lollypop-kiwi\/#primaryimage\"},\"thumbnailUrl\":\"https:\/\/dutchmicrodosing.com\/wp-content\/uploads\/2023\/09\/Mushroom_lolly_kiwi_1000x1000.png\",\"datePublished\":\"2023-10-31T11:53:58+00:00\",\"dateModified\":\"2025-08-19T23:54:13+00:00\",\"description\":\"Der Lion's Mane Lollipop ist mehr als nur ein Bonbon: Jeder Lollipop enth\u00e4lt 250 mg Lion's Mane Extrakt, ein wirkungsvolles nat\u00fcrliches Erg\u00e4nzungsmittel. Ob Sie nun Lust auf...\",\"breadcrumb\":{\"@id\":\"https:\/\/dutchmicrodosing.com\/de\/reformhaus\/essbare-pilze\/loewenmann-lollypop-kiwi\/#breadcrumb\"},\"inLanguage\":\"de\",\"potentialAction\":[{\"@type\":\"ReadAction\",\"target\":[\"https:\/\/dutchmicrodosing.com\/de\/reformhaus\/essbare-pilze\/loewenmann-lollypop-kiwi\/\"]}]},{\"@type\":\"ImageObject\",\"inLanguage\":\"de\",\"@id\":\"https:\/\/dutchmicrodosing.com\/de\/reformhaus\/essbare-pilze\/loewenmann-lollypop-kiwi\/#primaryimage\",\"url\":\"https:\/\/dutchmicrodosing.com\/wp-content\/uploads\/2023\/09\/Mushroom_lolly_kiwi_1000x1000.png\",\"contentUrl\":\"https:\/\/dutchmicrodosing.com\/wp-content\/uploads\/2023\/09\/Mushroom_lolly_kiwi_1000x1000.png\",\"width\":1000,\"height\":1000},{\"@type\":\"BreadcrumbList\",\"@id\":\"https:\/\/dutchmicrodosing.com\/de\/reformhaus\/essbare-pilze\/loewenmann-lollypop-kiwi\/#breadcrumb\",\"itemListElement\":[{\"@type\":\"ListItem\",\"position\":1,\"name\":\"Home\",\"item\":\"https:\/\/dutchmicrodosing.com\/de\/\"},{\"@type\":\"ListItem\",\"position\":2,\"name\":\"Shop\",\"item\":\"https:\/\/dutchmicrodosing.com\/de\/shop\/\"},{\"@type\":\"ListItem\",\"position\":3,\"name\":\"L\u00f6wenm\u00e4hne Lollypop &#8211; Kiwi\"}]},{\"@type\":\"WebSite\",\"@id\":\"https:\/\/dutchmicrodosing.com\/de\/#website\",\"url\":\"https:\/\/dutchmicrodosing.com\/de\/\",\"name\":\"Dutchmicrodosing\",\"description\":\"\",\"publisher\":{\"@id\":\"https:\/\/dutchmicrodosing.com\/de\/#organization\"},\"potentialAction\":[{\"@type\":\"SearchAction\",\"target\":{\"@type\":\"EntryPoint\",\"urlTemplate\":\"https:\/\/dutchmicrodosing.com\/de\/?s={search_term_string}\"},\"query-input\":{\"@type\":\"PropertyValueSpecification\",\"valueRequired\":true,\"valueName\":\"search_term_string\"}}],\"inLanguage\":\"de\"},{\"@type\":\"Organization\",\"@id\":\"https:\/\/dutchmicrodosing.com\/de\/#organization\",\"name\":\"Dutchmicrodosing\",\"url\":\"https:\/\/dutchmicrodosing.com\/de\/\",\"logo\":{\"@type\":\"ImageObject\",\"inLanguage\":\"de\",\"@id\":\"https:\/\/dutchmicrodosing.com\/de\/#\/schema\/logo\/image\/\",\"url\":\"https:\/\/dutchmicrodosing.com\/wp-content\/uploads\/2021\/01\/microdosing-categorie-pic-nieuw.jpg\",\"contentUrl\":\"https:\/\/dutchmicrodosing.com\/wp-content\/uploads\/2021\/01\/microdosing-categorie-pic-nieuw.jpg\",\"width\":500,\"height\":500,\"caption\":\"Dutchmicrodosing\"},\"image\":{\"@id\":\"https:\/\/dutchmicrodosing.com\/de\/#\/schema\/logo\/image\/\"},\"sameAs\":[\"https:\/\/www.facebook.com\/Dutchmicrodosingxp\/\",\"https:\/\/www.instagram.com\/dutchmicrodosing\/\"]}]}<\/script>\n<meta property=\"product:price:amount\" content=\"2.45\" \/>\n<meta property=\"product:price:currency\" content=\"EUR\" \/>\n<meta property=\"og:availability\" content=\"instock\" \/>\n<meta property=\"product:availability\" content=\"instock\" \/>\n<meta property=\"product:retailer_item_id\" content=\"3209777\" \/>\n<meta property=\"product:condition\" content=\"new\" \/>\n<!-- \/ Yoast SEO Premium plugin. -->","yoast_head_json":{"title":"L\u00f6wenm\u00e4hne Lollypop - Kiwi - Dutchmicrodosing","description":"Der Lion's Mane Lollipop ist mehr als nur ein Bonbon: Jeder Lollipop enth\u00e4lt 250 mg Lion's Mane Extrakt, ein wirkungsvolles nat\u00fcrliches Erg\u00e4nzungsmittel. Ob Sie nun Lust auf...","robots":{"index":"index","follow":"follow","max-snippet":"max-snippet:-1","max-image-preview":"max-image-preview:large","max-video-preview":"max-video-preview:-1"},"canonical":"https:\/\/dutchmicrodosing.com\/de\/reformhaus\/essbare-pilze\/loewenmann-lollypop-kiwi\/","og_locale":"de_DE","og_type":"article","og_title":"L\u00f6wenm\u00e4hne Lollypop - Kiwi","og_description":"Die L\u00f6wenm\u00e4hne, auch bekannt als Hericium erinaceus oder Per\u00fcckenpilz, ist ein bemerkenswerter Pilz mit einem unverwechselbaren Aussehen. Die anmutigen","og_url":"https:\/\/dutchmicrodosing.com\/de\/reformhaus\/essbare-pilze\/loewenmann-lollypop-kiwi\/","og_site_name":"Dutchmicrodosing","article_publisher":"https:\/\/www.facebook.com\/Dutchmicrodosingxp\/","article_modified_time":"2025-08-19T23:54:13+00:00","og_image":[{"width":1000,"height":1000,"url":"https:\/\/dutchmicrodosing.com\/wp-content\/uploads\/2023\/09\/Mushroom_lolly_kiwi_1000x1000.png","type":"image\/png"}],"twitter_card":"summary_large_image","schema":{"@context":"https:\/\/schema.org","@graph":[{"@type":"WebPage","@id":"https:\/\/dutchmicrodosing.com\/de\/reformhaus\/essbare-pilze\/loewenmann-lollypop-kiwi\/","url":"https:\/\/dutchmicrodosing.com\/de\/reformhaus\/essbare-pilze\/loewenmann-lollypop-kiwi\/","name":"L\u00f6wenm\u00e4hne Lollypop - Kiwi - Dutchmicrodosing","isPartOf":{"@id":"https:\/\/dutchmicrodosing.com\/de\/#website"},"primaryImageOfPage":{"@id":"https:\/\/dutchmicrodosing.com\/de\/reformhaus\/essbare-pilze\/loewenmann-lollypop-kiwi\/#primaryimage"},"image":{"@id":"https:\/\/dutchmicrodosing.com\/de\/reformhaus\/essbare-pilze\/loewenmann-lollypop-kiwi\/#primaryimage"},"thumbnailUrl":"https:\/\/dutchmicrodosing.com\/wp-content\/uploads\/2023\/09\/Mushroom_lolly_kiwi_1000x1000.png","datePublished":"2023-10-31T11:53:58+00:00","dateModified":"2025-08-19T23:54:13+00:00","description":"Der Lion's Mane Lollipop ist mehr als nur ein Bonbon: Jeder Lollipop enth\u00e4lt 250 mg Lion's Mane Extrakt, ein wirkungsvolles nat\u00fcrliches Erg\u00e4nzungsmittel. Ob Sie nun Lust auf...","breadcrumb":{"@id":"https:\/\/dutchmicrodosing.com\/de\/reformhaus\/essbare-pilze\/loewenmann-lollypop-kiwi\/#breadcrumb"},"inLanguage":"de","potentialAction":[{"@type":"ReadAction","target":["https:\/\/dutchmicrodosing.com\/de\/reformhaus\/essbare-pilze\/loewenmann-lollypop-kiwi\/"]}]},{"@type":"ImageObject","inLanguage":"de","@id":"https:\/\/dutchmicrodosing.com\/de\/reformhaus\/essbare-pilze\/loewenmann-lollypop-kiwi\/#primaryimage","url":"https:\/\/dutchmicrodosing.com\/wp-content\/uploads\/2023\/09\/Mushroom_lolly_kiwi_1000x1000.png","contentUrl":"https:\/\/dutchmicrodosing.com\/wp-content\/uploads\/2023\/09\/Mushroom_lolly_kiwi_1000x1000.png","width":1000,"height":1000},{"@type":"BreadcrumbList","@id":"https:\/\/dutchmicrodosing.com\/de\/reformhaus\/essbare-pilze\/loewenmann-lollypop-kiwi\/#breadcrumb","itemListElement":[{"@type":"ListItem","position":1,"name":"Home","item":"https:\/\/dutchmicrodosing.com\/de\/"},{"@type":"ListItem","position":2,"name":"Shop","item":"https:\/\/dutchmicrodosing.com\/de\/shop\/"},{"@type":"ListItem","position":3,"name":"L\u00f6wenm\u00e4hne Lollypop &#8211; Kiwi"}]},{"@type":"WebSite","@id":"https:\/\/dutchmicrodosing.com\/de\/#website","url":"https:\/\/dutchmicrodosing.com\/de\/","name":"Dutchmicrodosing","description":"","publisher":{"@id":"https:\/\/dutchmicrodosing.com\/de\/#organization"},"potentialAction":[{"@type":"SearchAction","target":{"@type":"EntryPoint","urlTemplate":"https:\/\/dutchmicrodosing.com\/de\/?s={search_term_string}"},"query-input":{"@type":"PropertyValueSpecification","valueRequired":true,"valueName":"search_term_string"}}],"inLanguage":"de"},{"@type":"Organization","@id":"https:\/\/dutchmicrodosing.com\/de\/#organization","name":"Dutchmicrodosing","url":"https:\/\/dutchmicrodosing.com\/de\/","logo":{"@type":"ImageObject","inLanguage":"de","@id":"https:\/\/dutchmicrodosing.com\/de\/#\/schema\/logo\/image\/","url":"https:\/\/dutchmicrodosing.com\/wp-content\/uploads\/2021\/01\/microdosing-categorie-pic-nieuw.jpg","contentUrl":"https:\/\/dutchmicrodosing.com\/wp-content\/uploads\/2021\/01\/microdosing-categorie-pic-nieuw.jpg","width":500,"height":500,"caption":"Dutchmicrodosing"},"image":{"@id":"https:\/\/dutchmicrodosing.com\/de\/#\/schema\/logo\/image\/"},"sameAs":["https:\/\/www.facebook.com\/Dutchmicrodosingxp\/","https:\/\/www.instagram.com\/dutchmicrodosing\/"]}]},"product_price_amount":"2.45","product_price_currency":"EUR","og_availability":"instock","product_availability":"instock","product_retailer_item_id":"3209777","product_condition":"new"},"_links":{"self":[{"href":"https:\/\/dutchmicrodosing.com\/de\/wp-json\/wp\/v2\/product\/29627","targetHints":{"allow":["GET"]}}],"collection":[{"href":"https:\/\/dutchmicrodosing.com\/de\/wp-json\/wp\/v2\/product"}],"about":[{"href":"https:\/\/dutchmicrodosing.com\/de\/wp-json\/wp\/v2\/types\/product"}],"replies":[{"embeddable":true,"href":"https:\/\/dutchmicrodosing.com\/de\/wp-json\/wp\/v2\/comments?post=29627"}],"version-history":[{"count":0,"href":"https:\/\/dutchmicrodosing.com\/de\/wp-json\/wp\/v2\/product\/29627\/revisions"}],"wp:featuredmedia":[{"embeddable":true,"href":"https:\/\/dutchmicrodosing.com\/de\/wp-json\/wp\/v2\/media\/28065"}],"wp:attachment":[{"href":"https:\/\/dutchmicrodosing.com\/de\/wp-json\/wp\/v2\/media?parent=29627"}],"wp:term":[{"taxonomy":"product_brand","embeddable":true,"href":"https:\/\/dutchmicrodosing.com\/de\/wp-json\/wp\/v2\/product_brand?post=29627"},{"taxonomy":"product_cat","embeddable":true,"href":"https:\/\/dutchmicrodosing.com\/de\/wp-json\/wp\/v2\/product_cat?post=29627"},{"taxonomy":"product_tag","embeddable":true,"href":"https:\/\/dutchmicrodosing.com\/de\/wp-json\/wp\/v2\/product_tag?post=29627"}],"curies":[{"name":"wp","href":"https:\/\/api.w.org\/{rel}","templated":true}]}}