{"id":30029,"date":"2023-08-23T12:51:53","date_gmt":"2023-08-23T10:51:53","guid":{"rendered":"https:\/\/dutchmicrodosing.com\/shop\/unkategorisiert\/auffrischen-ausnuechtern-30-teilig\/"},"modified":"2025-09-08T12:41:56","modified_gmt":"2025-09-08T10:41:56","slug":"auffrischen-ausnuechtern-30-teilig","status":"publish","type":"product","link":"https:\/\/dutchmicrodosing.com\/de\/reformhaus\/vitamine-nahrungsergaenzungsmittel\/auffrischen-ausnuechtern-30-teilig\/","title":{"rendered":"Refresh Sober Up &#8211; 30 St\u00fcck"},"content":{"rendered":"<p><strong> Refresh&#8217;s Sober Up Tabletten<\/strong> sind nat\u00fcrliche Pillen, die gegen die negativen Auswirkungen von zu viel Alkohol helfen und gleichzeitig einen Energieschub geben. Der Hauptbestandteil ist Ginseng, ein Kraut aus der chinesischen Medizin, das seit Jahrhunderten f\u00fcr seine therapeutischen und energiesteigernden Eigenschaften gepriesen wird. Ginseng hat auch adaptogene Eigenschaften, das hei\u00dft, er hilft dem K\u00f6rper, sich an Stress anzupassen. Dies macht die Tabletten wirksam gegen M\u00fcdigkeit, Kopfschmerzen und Dehydrierung durch Alkohol.<\/p>\n<h3>Inhaltsstoffe<\/h3>\n<ul>\n<li>Ginseng Panax (416,65 mg<\/li>\n<li>27%-30% Ginsenoside)<\/li>\n<li>Sonnenblumen\u00f6l (1,16 g)<\/li>\n<li>Lyophilisiertes Gel\u00e9e Royale (350 mg, 3:1 frisch)<\/li>\n<li>Gelbes Bienenwachs (75 mg)<\/li>\n<li>Sojalecithin (50 mg)<\/li>\n<li>Hilfsstoffe: Gelatine, E172, E420, E422.<\/li>\n<\/ul>\n<h3>Verwenden Sie<\/h3>\n<p>F\u00fcr eine Behandlung an 2 aufeinanderfolgenden Tagen, nehmen Sie 5 Softgels pro Tag mit 2 oder 3 Gl\u00e4sern Wasser. Nehmen Sie nicht mehr als 5 Softgels innerhalb von 24 Stunden ein. Diese Tagesdosis sollte nicht \u00fcberschritten werden. Trinken Sie t\u00e4glich mindestens 10 Gl\u00e4ser Wasser, um den K\u00f6rper w\u00e4hrend dieser Kur mit Fl\u00fcssigkeit zu versorgen.<\/p>\n<h3>Hinweise zur Lagerung<\/h3>\n<p>An einem trockenen und k\u00fchlen Ort, au\u00dferhalb der Reichweite von Kindern.<\/p>\n<h3>Inhalt<\/h3>\n<p>Refresh&#8217;s Sober Up &#8211; 30 Weichkapseln.<\/p>\n","protected":false},"excerpt":{"rendered":"<p>Refresh&#8217;s Sober Up Tabletten sind nat\u00fcrliche Pillen, die gegen die negativen Auswirkungen von zu viel Alkohol helfen und gleichzeitig einen Energieschub geben. Der Hauptbestandteil ist Ginseng, ein Kraut aus der chinesischen Medizin, das seit Jahrhunderten f\u00fcr seine therapeutischen und energiesteigernden Eigenschaften gepriesen wird. Ginseng hat auch adaptogene Eigenschaften, das hei\u00dft, er hilft dem K\u00f6rper, sich [&hellip;]<\/p>\n","protected":false},"featured_media":26886,"comment_status":"closed","ping_status":"closed","template":"","meta":[],"product_brand":[],"product_cat":[116],"product_tag":[],"class_list":{"0":"post-30029","1":"product","2":"type-product","3":"status-publish","4":"has-post-thumbnail","6":"product_cat-vitamine-nahrungsergaenzungsmittel","8":"first","9":"instock","10":"taxable","11":"shipping-taxable","12":"purchasable","13":"product-type-simple"},"yoast_head":"<!-- This site is optimized with the Yoast SEO Premium plugin v26.4 (Yoast SEO v27.2) - https:\/\/yoast.com\/product\/yoast-seo-premium-wordpress\/ -->\n<title>Refresh Sober Up - 30 St\u00fcck - Dutchmicrodosing<\/title>\n<meta name=\"description\" content=\"Refresh&#039;s Sober Up Tabletten sind nat\u00fcrliche Pillen, die gegen die negativen Auswirkungen von zu viel Alkohol helfen und gleichzeitig einen Energieschub geben.\" \/>\n<meta name=\"robots\" content=\"index, follow, max-snippet:-1, max-image-preview:large, max-video-preview:-1\" \/>\n<link rel=\"canonical\" href=\"https:\/\/dutchmicrodosing.com\/de\/reformhaus\/vitamine-nahrungsergaenzungsmittel\/auffrischen-ausnuechtern-30-teilig\/\" \/>\n<meta property=\"og:locale\" content=\"de_DE\" \/>\n<meta property=\"og:type\" content=\"article\" \/>\n<meta property=\"og:title\" content=\"Refresh Sober Up - 30 St\u00fcck\" \/>\n<meta property=\"og:description\" content=\"Refresh&#039;s Sober Up Tabletten sind nat\u00fcrliche Pillen, die gegen die negativen Auswirkungen von zu viel Alkohol helfen und gleichzeitig einen Energieschub\" \/>\n<meta property=\"og:url\" content=\"https:\/\/dutchmicrodosing.com\/de\/reformhaus\/vitamine-nahrungsergaenzungsmittel\/auffrischen-ausnuechtern-30-teilig\/\" \/>\n<meta property=\"og:site_name\" content=\"Dutchmicrodosing\" \/>\n<meta property=\"article:publisher\" content=\"https:\/\/www.facebook.com\/Dutchmicrodosingxp\/\" \/>\n<meta property=\"article:modified_time\" content=\"2025-09-08T10:41:56+00:00\" \/>\n<meta property=\"og:image\" content=\"https:\/\/dutchmicrodosing.com\/wp-content\/uploads\/2023\/08\/SoberUp1-768x768-1.jpg\" \/>\n\t<meta property=\"og:image:width\" content=\"768\" \/>\n\t<meta property=\"og:image:height\" content=\"768\" \/>\n\t<meta property=\"og:image:type\" content=\"image\/jpeg\" \/>\n<meta name=\"twitter:card\" content=\"summary_large_image\" \/>\n<script type=\"application\/ld+json\" class=\"yoast-schema-graph\">{\"@context\":\"https:\/\/schema.org\",\"@graph\":[{\"@type\":\"WebPage\",\"@id\":\"https:\/\/dutchmicrodosing.com\/de\/reformhaus\/vitamine-nahrungsergaenzungsmittel\/auffrischen-ausnuechtern-30-teilig\/\",\"url\":\"https:\/\/dutchmicrodosing.com\/de\/reformhaus\/vitamine-nahrungsergaenzungsmittel\/auffrischen-ausnuechtern-30-teilig\/\",\"name\":\"Refresh Sober Up - 30 St\u00fcck - Dutchmicrodosing\",\"isPartOf\":{\"@id\":\"https:\/\/dutchmicrodosing.com\/de\/#website\"},\"primaryImageOfPage\":{\"@id\":\"https:\/\/dutchmicrodosing.com\/de\/reformhaus\/vitamine-nahrungsergaenzungsmittel\/auffrischen-ausnuechtern-30-teilig\/#primaryimage\"},\"image\":{\"@id\":\"https:\/\/dutchmicrodosing.com\/de\/reformhaus\/vitamine-nahrungsergaenzungsmittel\/auffrischen-ausnuechtern-30-teilig\/#primaryimage\"},\"thumbnailUrl\":\"https:\/\/dutchmicrodosing.com\/wp-content\/uploads\/2023\/08\/SoberUp1-768x768-1.jpg\",\"datePublished\":\"2023-08-23T10:51:53+00:00\",\"dateModified\":\"2025-09-08T10:41:56+00:00\",\"description\":\"Refresh's Sober Up Tabletten sind nat\u00fcrliche Pillen, die gegen die negativen Auswirkungen von zu viel Alkohol helfen und gleichzeitig einen Energieschub geben.\",\"breadcrumb\":{\"@id\":\"https:\/\/dutchmicrodosing.com\/de\/reformhaus\/vitamine-nahrungsergaenzungsmittel\/auffrischen-ausnuechtern-30-teilig\/#breadcrumb\"},\"inLanguage\":\"de\",\"potentialAction\":[{\"@type\":\"ReadAction\",\"target\":[\"https:\/\/dutchmicrodosing.com\/de\/reformhaus\/vitamine-nahrungsergaenzungsmittel\/auffrischen-ausnuechtern-30-teilig\/\"]}]},{\"@type\":\"ImageObject\",\"inLanguage\":\"de\",\"@id\":\"https:\/\/dutchmicrodosing.com\/de\/reformhaus\/vitamine-nahrungsergaenzungsmittel\/auffrischen-ausnuechtern-30-teilig\/#primaryimage\",\"url\":\"https:\/\/dutchmicrodosing.com\/wp-content\/uploads\/2023\/08\/SoberUp1-768x768-1.jpg\",\"contentUrl\":\"https:\/\/dutchmicrodosing.com\/wp-content\/uploads\/2023\/08\/SoberUp1-768x768-1.jpg\",\"width\":768,\"height\":768},{\"@type\":\"BreadcrumbList\",\"@id\":\"https:\/\/dutchmicrodosing.com\/de\/reformhaus\/vitamine-nahrungsergaenzungsmittel\/auffrischen-ausnuechtern-30-teilig\/#breadcrumb\",\"itemListElement\":[{\"@type\":\"ListItem\",\"position\":1,\"name\":\"Home\",\"item\":\"https:\/\/dutchmicrodosing.com\/de\/\"},{\"@type\":\"ListItem\",\"position\":2,\"name\":\"Shop\",\"item\":\"https:\/\/dutchmicrodosing.com\/de\/shop\/\"},{\"@type\":\"ListItem\",\"position\":3,\"name\":\"Refresh Sober Up &#8211; 30 St\u00fcck\"}]},{\"@type\":\"WebSite\",\"@id\":\"https:\/\/dutchmicrodosing.com\/de\/#website\",\"url\":\"https:\/\/dutchmicrodosing.com\/de\/\",\"name\":\"Dutchmicrodosing\",\"description\":\"\",\"publisher\":{\"@id\":\"https:\/\/dutchmicrodosing.com\/de\/#organization\"},\"potentialAction\":[{\"@type\":\"SearchAction\",\"target\":{\"@type\":\"EntryPoint\",\"urlTemplate\":\"https:\/\/dutchmicrodosing.com\/de\/?s={search_term_string}\"},\"query-input\":{\"@type\":\"PropertyValueSpecification\",\"valueRequired\":true,\"valueName\":\"search_term_string\"}}],\"inLanguage\":\"de\"},{\"@type\":\"Organization\",\"@id\":\"https:\/\/dutchmicrodosing.com\/de\/#organization\",\"name\":\"Dutchmicrodosing\",\"url\":\"https:\/\/dutchmicrodosing.com\/de\/\",\"logo\":{\"@type\":\"ImageObject\",\"inLanguage\":\"de\",\"@id\":\"https:\/\/dutchmicrodosing.com\/de\/#\/schema\/logo\/image\/\",\"url\":\"https:\/\/dutchmicrodosing.com\/wp-content\/uploads\/2021\/01\/microdosing-categorie-pic-nieuw.jpg\",\"contentUrl\":\"https:\/\/dutchmicrodosing.com\/wp-content\/uploads\/2021\/01\/microdosing-categorie-pic-nieuw.jpg\",\"width\":500,\"height\":500,\"caption\":\"Dutchmicrodosing\"},\"image\":{\"@id\":\"https:\/\/dutchmicrodosing.com\/de\/#\/schema\/logo\/image\/\"},\"sameAs\":[\"https:\/\/www.facebook.com\/Dutchmicrodosingxp\/\",\"https:\/\/www.instagram.com\/dutchmicrodosing\/\"]}]}<\/script>\n<meta property=\"product:price:amount\" content=\"22.95\" \/>\n<meta property=\"product:price:currency\" content=\"EUR\" \/>\n<meta property=\"og:availability\" content=\"instock\" \/>\n<meta property=\"product:availability\" content=\"instock\" \/>\n<meta property=\"product:retailer_item_id\" content=\"3207362\" \/>\n<meta property=\"product:condition\" content=\"new\" \/>\n<!-- \/ Yoast SEO Premium plugin. -->","yoast_head_json":{"title":"Refresh Sober Up - 30 St\u00fcck - Dutchmicrodosing","description":"Refresh's Sober Up Tabletten sind nat\u00fcrliche Pillen, die gegen die negativen Auswirkungen von zu viel Alkohol helfen und gleichzeitig einen Energieschub geben.","robots":{"index":"index","follow":"follow","max-snippet":"max-snippet:-1","max-image-preview":"max-image-preview:large","max-video-preview":"max-video-preview:-1"},"canonical":"https:\/\/dutchmicrodosing.com\/de\/reformhaus\/vitamine-nahrungsergaenzungsmittel\/auffrischen-ausnuechtern-30-teilig\/","og_locale":"de_DE","og_type":"article","og_title":"Refresh Sober Up - 30 St\u00fcck","og_description":"Refresh's Sober Up Tabletten sind nat\u00fcrliche Pillen, die gegen die negativen Auswirkungen von zu viel Alkohol helfen und gleichzeitig einen Energieschub","og_url":"https:\/\/dutchmicrodosing.com\/de\/reformhaus\/vitamine-nahrungsergaenzungsmittel\/auffrischen-ausnuechtern-30-teilig\/","og_site_name":"Dutchmicrodosing","article_publisher":"https:\/\/www.facebook.com\/Dutchmicrodosingxp\/","article_modified_time":"2025-09-08T10:41:56+00:00","og_image":[{"width":768,"height":768,"url":"https:\/\/dutchmicrodosing.com\/wp-content\/uploads\/2023\/08\/SoberUp1-768x768-1.jpg","type":"image\/jpeg"}],"twitter_card":"summary_large_image","schema":{"@context":"https:\/\/schema.org","@graph":[{"@type":"WebPage","@id":"https:\/\/dutchmicrodosing.com\/de\/reformhaus\/vitamine-nahrungsergaenzungsmittel\/auffrischen-ausnuechtern-30-teilig\/","url":"https:\/\/dutchmicrodosing.com\/de\/reformhaus\/vitamine-nahrungsergaenzungsmittel\/auffrischen-ausnuechtern-30-teilig\/","name":"Refresh Sober Up - 30 St\u00fcck - Dutchmicrodosing","isPartOf":{"@id":"https:\/\/dutchmicrodosing.com\/de\/#website"},"primaryImageOfPage":{"@id":"https:\/\/dutchmicrodosing.com\/de\/reformhaus\/vitamine-nahrungsergaenzungsmittel\/auffrischen-ausnuechtern-30-teilig\/#primaryimage"},"image":{"@id":"https:\/\/dutchmicrodosing.com\/de\/reformhaus\/vitamine-nahrungsergaenzungsmittel\/auffrischen-ausnuechtern-30-teilig\/#primaryimage"},"thumbnailUrl":"https:\/\/dutchmicrodosing.com\/wp-content\/uploads\/2023\/08\/SoberUp1-768x768-1.jpg","datePublished":"2023-08-23T10:51:53+00:00","dateModified":"2025-09-08T10:41:56+00:00","description":"Refresh's Sober Up Tabletten sind nat\u00fcrliche Pillen, die gegen die negativen Auswirkungen von zu viel Alkohol helfen und gleichzeitig einen Energieschub geben.","breadcrumb":{"@id":"https:\/\/dutchmicrodosing.com\/de\/reformhaus\/vitamine-nahrungsergaenzungsmittel\/auffrischen-ausnuechtern-30-teilig\/#breadcrumb"},"inLanguage":"de","potentialAction":[{"@type":"ReadAction","target":["https:\/\/dutchmicrodosing.com\/de\/reformhaus\/vitamine-nahrungsergaenzungsmittel\/auffrischen-ausnuechtern-30-teilig\/"]}]},{"@type":"ImageObject","inLanguage":"de","@id":"https:\/\/dutchmicrodosing.com\/de\/reformhaus\/vitamine-nahrungsergaenzungsmittel\/auffrischen-ausnuechtern-30-teilig\/#primaryimage","url":"https:\/\/dutchmicrodosing.com\/wp-content\/uploads\/2023\/08\/SoberUp1-768x768-1.jpg","contentUrl":"https:\/\/dutchmicrodosing.com\/wp-content\/uploads\/2023\/08\/SoberUp1-768x768-1.jpg","width":768,"height":768},{"@type":"BreadcrumbList","@id":"https:\/\/dutchmicrodosing.com\/de\/reformhaus\/vitamine-nahrungsergaenzungsmittel\/auffrischen-ausnuechtern-30-teilig\/#breadcrumb","itemListElement":[{"@type":"ListItem","position":1,"name":"Home","item":"https:\/\/dutchmicrodosing.com\/de\/"},{"@type":"ListItem","position":2,"name":"Shop","item":"https:\/\/dutchmicrodosing.com\/de\/shop\/"},{"@type":"ListItem","position":3,"name":"Refresh Sober Up &#8211; 30 St\u00fcck"}]},{"@type":"WebSite","@id":"https:\/\/dutchmicrodosing.com\/de\/#website","url":"https:\/\/dutchmicrodosing.com\/de\/","name":"Dutchmicrodosing","description":"","publisher":{"@id":"https:\/\/dutchmicrodosing.com\/de\/#organization"},"potentialAction":[{"@type":"SearchAction","target":{"@type":"EntryPoint","urlTemplate":"https:\/\/dutchmicrodosing.com\/de\/?s={search_term_string}"},"query-input":{"@type":"PropertyValueSpecification","valueRequired":true,"valueName":"search_term_string"}}],"inLanguage":"de"},{"@type":"Organization","@id":"https:\/\/dutchmicrodosing.com\/de\/#organization","name":"Dutchmicrodosing","url":"https:\/\/dutchmicrodosing.com\/de\/","logo":{"@type":"ImageObject","inLanguage":"de","@id":"https:\/\/dutchmicrodosing.com\/de\/#\/schema\/logo\/image\/","url":"https:\/\/dutchmicrodosing.com\/wp-content\/uploads\/2021\/01\/microdosing-categorie-pic-nieuw.jpg","contentUrl":"https:\/\/dutchmicrodosing.com\/wp-content\/uploads\/2021\/01\/microdosing-categorie-pic-nieuw.jpg","width":500,"height":500,"caption":"Dutchmicrodosing"},"image":{"@id":"https:\/\/dutchmicrodosing.com\/de\/#\/schema\/logo\/image\/"},"sameAs":["https:\/\/www.facebook.com\/Dutchmicrodosingxp\/","https:\/\/www.instagram.com\/dutchmicrodosing\/"]}]},"product_price_amount":"22.95","product_price_currency":"EUR","og_availability":"instock","product_availability":"instock","product_retailer_item_id":"3207362","product_condition":"new"},"_links":{"self":[{"href":"https:\/\/dutchmicrodosing.com\/de\/wp-json\/wp\/v2\/product\/30029","targetHints":{"allow":["GET"]}}],"collection":[{"href":"https:\/\/dutchmicrodosing.com\/de\/wp-json\/wp\/v2\/product"}],"about":[{"href":"https:\/\/dutchmicrodosing.com\/de\/wp-json\/wp\/v2\/types\/product"}],"replies":[{"embeddable":true,"href":"https:\/\/dutchmicrodosing.com\/de\/wp-json\/wp\/v2\/comments?post=30029"}],"version-history":[{"count":0,"href":"https:\/\/dutchmicrodosing.com\/de\/wp-json\/wp\/v2\/product\/30029\/revisions"}],"wp:featuredmedia":[{"embeddable":true,"href":"https:\/\/dutchmicrodosing.com\/de\/wp-json\/wp\/v2\/media\/26886"}],"wp:attachment":[{"href":"https:\/\/dutchmicrodosing.com\/de\/wp-json\/wp\/v2\/media?parent=30029"}],"wp:term":[{"taxonomy":"product_brand","embeddable":true,"href":"https:\/\/dutchmicrodosing.com\/de\/wp-json\/wp\/v2\/product_brand?post=30029"},{"taxonomy":"product_cat","embeddable":true,"href":"https:\/\/dutchmicrodosing.com\/de\/wp-json\/wp\/v2\/product_cat?post=30029"},{"taxonomy":"product_tag","embeddable":true,"href":"https:\/\/dutchmicrodosing.com\/de\/wp-json\/wp\/v2\/product_tag?post=30029"}],"curies":[{"name":"wp","href":"https:\/\/api.w.org\/{rel}","templated":true}]}}