{"id":30083,"date":"2023-04-01T10:52:25","date_gmt":"2023-04-01T08:52:25","guid":{"rendered":"https:\/\/dutchmicrodosing.com\/shop\/unkategorisiert\/gehirn-booster-120-kapseln\/"},"modified":"2025-09-02T12:29:04","modified_gmt":"2025-09-02T10:29:04","slug":"gehirn-booster-120-kapseln","status":"publish","type":"product","link":"https:\/\/dutchmicrodosing.com\/de\/medizinische-pilze\/gehirn-booster-120-kapseln\/","title":{"rendered":"Brain Booster &#8211; 120 Kapseln"},"content":{"rendered":"<p>McMyco Brain Booster enth\u00e4lt eine einzigartige Gehirnformel. Der Hauptbestandteil ist der L\u00f6wenm\u00fctzenpilz, der auch als nat\u00fcrlicher N\u00e4hrstoff f\u00fcr die Neuronen bekannt ist. W\u00f6rtlich \u00fcbersetzt bedeutet es <em>nat\u00fcrliche N\u00e4hrstoffe f\u00fcr Neuronen. <\/em>Neuronen sind die Nervenzellen und damit Bausteine des Gehirns. Die Gehirnkapseln sind auch mit anderen wirksamen nat\u00fcrlichen Substanzen angereichert, darunter Zink und Vitamin C. Beide Substanzen sind gut f\u00fcr das Ged\u00e4chtnis und sorgen f\u00fcr zus\u00e4tzliche Wirksamkeit.<\/p>\n<h2>Die gesundheitlichen Vorteile von Lion&#8217;s Mane Brain Booster Kapseln<\/h2>\n<p>Die L\u00f6wenm\u00e4hne, wissenschaftlich bekannt als Hericium erinaceus, ist ein essbarer und medizinischer Pilz, der seit Jahrhunderten in der traditionellen chinesischen und japanischen Medizin verwendet wird. In der heutigen Zeit sind die Kapseln der L\u00f6wenm\u00e4hne zu einer beliebten Wahl f\u00fcr Menschen geworden, die ihre geistige und k\u00f6rperliche Gesundheit verbessern wollen. Dieser &#8222;Brain Booster&#8220; hat eine Reihe von potenziellen Vorteilen, die sowohl faszinierend als auch vielversprechend sind.<\/p>\n<ul>\n<li>Kognitive Verst\u00e4rkung<\/li>\n<li>Neuroprotektive Eigenschaften<\/li>\n<li>St\u00e4rkung des Immunsystems<\/li>\n<li>Unterst\u00fctzung der psychischen Gesundheit<\/li>\n<\/ul>\n<h2>Wirkungen von L\u00f6wenzahnm\u00fctzen auf das Gehirn<\/h2>\n<p>Die L\u00f6wenm\u00e4hne, auch bekannt als &#8222;Hericium erinaceus&#8220;, ist ein Heilpilz, der seit Jahrhunderten in der traditionellen chinesischen Medizin verwendet wird. In den letzten Jahren hat das Interesse an diesem Pilz auch in der westlichen Welt zugenommen, vor allem wegen seiner m\u00f6glichen positiven Auswirkungen auf das Gehirn. In diesem Artikel er\u00f6rtern wir die Forschungsergebnisse und die potenziellen Vorteile der Einnahme von L\u00f6wenzahnkapseln als nat\u00fcrliche &#8222;Gehirnverst\u00e4rker&#8220;.<\/p>\n<h3>Neurogenese und Plastizit\u00e4t des Gehirns<\/h3>\n<p>Eine der bemerkenswertesten Eigenschaften der L\u00f6wenm\u00e4hne ist ihre F\u00e4higkeit, die Produktion neuer Neuronen zu stimulieren, ein Prozess, der als Neurogenese bekannt ist. Dies kann zu verbesserten kognitiven Funktionen und einer h\u00f6heren Plastizit\u00e4t des Gehirns f\u00fchren, wodurch es leichter wird, neue F\u00e4higkeiten zu erlernen und sich Informationen zu merken.<\/p>\n<h3>Verbesserung des Ged\u00e4chtnisses<\/h3>\n<p>Mehrere Studien haben gezeigt, dass die Einnahme von L\u00f6wenm\u00e4ulchen die Ged\u00e4chtnisleistung verbessern kann. Dies ist haupts\u00e4chlich auf das Vorhandensein von Hericenonen und Erinacinen zur\u00fcckzuf\u00fchren, zwei Arten von bioaktiven Verbindungen, die nur in diesem Pilz vorkommen. Sie k\u00f6nnen dazu beitragen, gesch\u00e4digte Nervenzellen zu reparieren und das Ged\u00e4chtnis und andere kognitive Funktionen zu verbessern.<\/p>\n<h3>Stimmung und \u00c4ngste<\/h3>\n<p>Einige Studien deuten darauf hin, dass die L\u00f6wenm\u00e4hne auch eine positive Wirkung auf die psychische Gesundheit haben kann, indem sie Symptome von Angst und Depression reduziert. Obwohl der Mechanismus dieser Wirkung noch nicht vollst\u00e4ndig gekl\u00e4rt ist, geht man davon aus, dass es die Produktion von Serotonin und anderen Neurotransmittern beeinflusst, die die Stimmung regulieren.<\/p>\n<h3>Schutz vor neurodegenerativen Krankheiten<\/h3>\n<p>Vorl\u00e4ufige Studien deuten darauf hin, dass die L\u00f6wenm\u00e4hne auch eine sch\u00fctzende Wirkung gegen neurodegenerative Krankheiten wie Alzheimer und Parkinson haben k\u00f6nnte. Die antioxidativen Eigenschaften des Pilzes k\u00f6nnen dazu beitragen, Entz\u00fcndungen und oxidativen Stress zu verringern, zwei Schl\u00fcsselfaktoren f\u00fcr die Entstehung dieser Krankheiten.<\/p>\n<h3>Vorsichtsma\u00dfnahmen und Nebenwirkungen<\/h3>\n<p>Obwohl die L\u00f6wenm\u00e4hne im Allgemeinen als sicher gilt, ist es wichtig, einen Arzt zu konsultieren, bevor man mit der Einnahme von Nahrungserg\u00e4nzungsmitteln beginnt, vor allem, wenn man bereits Medikamente einnimmt oder an anderen Krankheiten leidet. M\u00f6gliche Nebenwirkungen k\u00f6nnen Magen-Darm-Beschwerden und allergische Reaktionen sein.<\/p>\n<p>Brain Booster kann in vielen Situationen eingesetzt werden und eignet sich auch besonders gut als Erg\u00e4nzung bei der Mikrodosierung, zum Beispiel mit McMicrodose.<\/p>\n<ul>\n<li>Wirksame Formel f\u00fcr das Gehirn<\/li>\n<li>McMyco-Qualit\u00e4tsstandard-Extrakt<\/li>\n<li>120 vegane Kapseln pro Packung<\/li>\n<li>Enth\u00e4lt L\u00f6wenm\u00e4hne: N\u00e4hrstoff der Natur f\u00fcr die Neuronen<\/li>\n<li>Leicht zu nehmen<\/li>\n<li>Kann auch mit anderen Heilpilzen von McMyco kombiniert werden<\/li>\n<\/ul>\n<p><strong>Zutaten:<\/strong><\/p>\n<p>Pro pflanzliche Zellulosekapsel: 184 mg Bio-L\u00f6wenm\u00e4hnenextrakt (Hericium erinaceus) aus 100% Fruchtk\u00f6rper (Pilz). Es ist ein Vollspektrumextrakt, der mittels H2O und Ethanol gewonnen wird. Dies dient dazu, das Beste aus den Fruchtk\u00f6rpern herauszuholen. Er enth\u00e4lt 30 % Polysaccharide und Beta-Glucane. 46 mg Vitamin C, 23 mg Alanin, 23 mg Cholin, 23 mg Gaba, 23 mg L-Glutamin, 27 mg L-Histidin, 23 mg L-Theanin, 11 mg Magnesium, 23 mg Panex Ginseng, 4,6 mg Zink, 5,8 mg Vitamine B 1,2,6,8,11 und 12, 1,2 mg Vitamin K.<\/p>\n<p>Hilfsstoffe: Magnesiumcitrat und Siliciumdioxid.<br \/>\nDosierung: 2 x t\u00e4glich 1 Kapsel zu den Mahlzeiten mit Wasser.<br \/>\nLagerhinweis: K\u00fchl und dunkel lagern.<\/p>\n<p><strong>Warnung:<\/strong><br \/>\nBrain Booster von McMyco ist ein Nahrungserg\u00e4nzungsmittel und sollte als solches verwendet werden. \u00dcberschreiten Sie nicht die empfohlene Tagesdosis. Bewahren Sie das Produkt au\u00dferhalb der Reichweite von Kindern auf. Konsultieren Sie vor der Anwendung Ihren Arzt, wenn Sie schwanger sind, stillen oder gesundheitliche Probleme haben.<\/p>\n","protected":false},"excerpt":{"rendered":"<p>McMyco Brain Booster enth\u00e4lt eine einzigartige Gehirnformel. Der Hauptbestandteil ist der L\u00f6wenm\u00fctzenpilz, der auch als nat\u00fcrlicher N\u00e4hrstoff f\u00fcr die Neuronen bekannt ist. W\u00f6rtlich \u00fcbersetzt bedeutet es nat\u00fcrliche N\u00e4hrstoffe f\u00fcr Neuronen. Neuronen sind die Nervenzellen und damit Bausteine des Gehirns. Die Gehirnkapseln sind auch mit anderen wirksamen nat\u00fcrlichen Substanzen angereichert, darunter Zink und Vitamin C. Beide [&hellip;]<\/p>\n","protected":false},"featured_media":22422,"comment_status":"closed","ping_status":"closed","template":"","meta":[],"product_brand":[],"product_cat":[114,322],"product_tag":[],"class_list":{"0":"post-30083","1":"product","2":"type-product","3":"status-publish","4":"has-post-thumbnail","6":"product_cat-medizinische-pilze","7":"product_cat-konzentrationserganzungsmittel","9":"first","10":"instock","11":"taxable","12":"shipping-taxable","13":"purchasable","14":"product-type-simple"},"yoast_head":"<!-- This site is optimized with the Yoast SEO Premium plugin v26.4 (Yoast SEO v27.2) - https:\/\/yoast.com\/product\/yoast-seo-premium-wordpress\/ -->\n<title>Brain Booster - 120 Kapseln - Dutchmicrodosing<\/title>\n<meta name=\"robots\" content=\"index, follow, max-snippet:-1, max-image-preview:large, max-video-preview:-1\" \/>\n<link rel=\"canonical\" href=\"https:\/\/dutchmicrodosing.com\/de\/medizinische-pilze\/gehirn-booster-120-kapseln\/\" \/>\n<meta property=\"og:locale\" content=\"de_DE\" \/>\n<meta property=\"og:type\" content=\"article\" \/>\n<meta property=\"og:title\" content=\"Brain Booster - 120 Kapseln\" \/>\n<meta property=\"og:description\" content=\"McMyco Brain Booster enth\u00e4lt eine einzigartige Gehirnformel. Der Hauptbestandteil ist der L\u00f6wenm\u00fctzenpilz, der auch als nat\u00fcrlicher N\u00e4hrstoff f\u00fcr die\" \/>\n<meta property=\"og:url\" content=\"https:\/\/dutchmicrodosing.com\/de\/medizinische-pilze\/gehirn-booster-120-kapseln\/\" \/>\n<meta property=\"og:site_name\" content=\"Dutchmicrodosing\" \/>\n<meta property=\"article:publisher\" content=\"https:\/\/www.facebook.com\/Dutchmicrodosingxp\/\" \/>\n<meta property=\"article:modified_time\" content=\"2025-09-02T10:29:04+00:00\" \/>\n<meta property=\"og:image\" content=\"https:\/\/dutchmicrodosing.com\/wp-content\/uploads\/2023\/04\/BrainBooster-2-768x768-1.jpg\" \/>\n\t<meta property=\"og:image:width\" content=\"768\" \/>\n\t<meta property=\"og:image:height\" content=\"768\" \/>\n\t<meta property=\"og:image:type\" content=\"image\/jpeg\" \/>\n<meta name=\"twitter:card\" content=\"summary_large_image\" \/>\n<script type=\"application\/ld+json\" class=\"yoast-schema-graph\">{\"@context\":\"https:\/\/schema.org\",\"@graph\":[{\"@type\":\"WebPage\",\"@id\":\"https:\/\/dutchmicrodosing.com\/de\/medizinische-pilze\/gehirn-booster-120-kapseln\/\",\"url\":\"https:\/\/dutchmicrodosing.com\/de\/medizinische-pilze\/gehirn-booster-120-kapseln\/\",\"name\":\"Brain Booster - 120 Kapseln - Dutchmicrodosing\",\"isPartOf\":{\"@id\":\"https:\/\/dutchmicrodosing.com\/de\/#website\"},\"primaryImageOfPage\":{\"@id\":\"https:\/\/dutchmicrodosing.com\/de\/medizinische-pilze\/gehirn-booster-120-kapseln\/#primaryimage\"},\"image\":{\"@id\":\"https:\/\/dutchmicrodosing.com\/de\/medizinische-pilze\/gehirn-booster-120-kapseln\/#primaryimage\"},\"thumbnailUrl\":\"https:\/\/dutchmicrodosing.com\/wp-content\/uploads\/2023\/04\/BrainBooster-2-768x768-1.jpg\",\"datePublished\":\"2023-04-01T08:52:25+00:00\",\"dateModified\":\"2025-09-02T10:29:04+00:00\",\"breadcrumb\":{\"@id\":\"https:\/\/dutchmicrodosing.com\/de\/medizinische-pilze\/gehirn-booster-120-kapseln\/#breadcrumb\"},\"inLanguage\":\"de\",\"potentialAction\":[{\"@type\":\"ReadAction\",\"target\":[\"https:\/\/dutchmicrodosing.com\/de\/medizinische-pilze\/gehirn-booster-120-kapseln\/\"]}]},{\"@type\":\"ImageObject\",\"inLanguage\":\"de\",\"@id\":\"https:\/\/dutchmicrodosing.com\/de\/medizinische-pilze\/gehirn-booster-120-kapseln\/#primaryimage\",\"url\":\"https:\/\/dutchmicrodosing.com\/wp-content\/uploads\/2023\/04\/BrainBooster-2-768x768-1.jpg\",\"contentUrl\":\"https:\/\/dutchmicrodosing.com\/wp-content\/uploads\/2023\/04\/BrainBooster-2-768x768-1.jpg\",\"width\":768,\"height\":768},{\"@type\":\"BreadcrumbList\",\"@id\":\"https:\/\/dutchmicrodosing.com\/de\/medizinische-pilze\/gehirn-booster-120-kapseln\/#breadcrumb\",\"itemListElement\":[{\"@type\":\"ListItem\",\"position\":1,\"name\":\"Home\",\"item\":\"https:\/\/dutchmicrodosing.com\/de\/\"},{\"@type\":\"ListItem\",\"position\":2,\"name\":\"Shop\",\"item\":\"https:\/\/dutchmicrodosing.com\/de\/shop\/\"},{\"@type\":\"ListItem\",\"position\":3,\"name\":\"Brain Booster &#8211; 120 Kapseln\"}]},{\"@type\":\"WebSite\",\"@id\":\"https:\/\/dutchmicrodosing.com\/de\/#website\",\"url\":\"https:\/\/dutchmicrodosing.com\/de\/\",\"name\":\"Dutchmicrodosing\",\"description\":\"\",\"publisher\":{\"@id\":\"https:\/\/dutchmicrodosing.com\/de\/#organization\"},\"potentialAction\":[{\"@type\":\"SearchAction\",\"target\":{\"@type\":\"EntryPoint\",\"urlTemplate\":\"https:\/\/dutchmicrodosing.com\/de\/?s={search_term_string}\"},\"query-input\":{\"@type\":\"PropertyValueSpecification\",\"valueRequired\":true,\"valueName\":\"search_term_string\"}}],\"inLanguage\":\"de\"},{\"@type\":\"Organization\",\"@id\":\"https:\/\/dutchmicrodosing.com\/de\/#organization\",\"name\":\"Dutchmicrodosing\",\"url\":\"https:\/\/dutchmicrodosing.com\/de\/\",\"logo\":{\"@type\":\"ImageObject\",\"inLanguage\":\"de\",\"@id\":\"https:\/\/dutchmicrodosing.com\/de\/#\/schema\/logo\/image\/\",\"url\":\"https:\/\/dutchmicrodosing.com\/wp-content\/uploads\/2021\/01\/microdosing-categorie-pic-nieuw.jpg\",\"contentUrl\":\"https:\/\/dutchmicrodosing.com\/wp-content\/uploads\/2021\/01\/microdosing-categorie-pic-nieuw.jpg\",\"width\":500,\"height\":500,\"caption\":\"Dutchmicrodosing\"},\"image\":{\"@id\":\"https:\/\/dutchmicrodosing.com\/de\/#\/schema\/logo\/image\/\"},\"sameAs\":[\"https:\/\/www.facebook.com\/Dutchmicrodosingxp\/\",\"https:\/\/www.instagram.com\/dutchmicrodosing\/\"]}]}<\/script>\n<meta property=\"product:price:amount\" content=\"34.95\" \/>\n<meta property=\"product:price:currency\" content=\"EUR\" \/>\n<meta property=\"og:availability\" content=\"instock\" \/>\n<meta property=\"product:availability\" content=\"instock\" \/>\n<meta property=\"product:retailer_item_id\" content=\"2206525\" \/>\n<meta property=\"product:condition\" content=\"new\" \/>\n<!-- \/ Yoast SEO Premium plugin. -->","yoast_head_json":{"title":"Brain Booster - 120 Kapseln - Dutchmicrodosing","robots":{"index":"index","follow":"follow","max-snippet":"max-snippet:-1","max-image-preview":"max-image-preview:large","max-video-preview":"max-video-preview:-1"},"canonical":"https:\/\/dutchmicrodosing.com\/de\/medizinische-pilze\/gehirn-booster-120-kapseln\/","og_locale":"de_DE","og_type":"article","og_title":"Brain Booster - 120 Kapseln","og_description":"McMyco Brain Booster enth\u00e4lt eine einzigartige Gehirnformel. Der Hauptbestandteil ist der L\u00f6wenm\u00fctzenpilz, der auch als nat\u00fcrlicher N\u00e4hrstoff f\u00fcr die","og_url":"https:\/\/dutchmicrodosing.com\/de\/medizinische-pilze\/gehirn-booster-120-kapseln\/","og_site_name":"Dutchmicrodosing","article_publisher":"https:\/\/www.facebook.com\/Dutchmicrodosingxp\/","article_modified_time":"2025-09-02T10:29:04+00:00","og_image":[{"width":768,"height":768,"url":"https:\/\/dutchmicrodosing.com\/wp-content\/uploads\/2023\/04\/BrainBooster-2-768x768-1.jpg","type":"image\/jpeg"}],"twitter_card":"summary_large_image","schema":{"@context":"https:\/\/schema.org","@graph":[{"@type":"WebPage","@id":"https:\/\/dutchmicrodosing.com\/de\/medizinische-pilze\/gehirn-booster-120-kapseln\/","url":"https:\/\/dutchmicrodosing.com\/de\/medizinische-pilze\/gehirn-booster-120-kapseln\/","name":"Brain Booster - 120 Kapseln - Dutchmicrodosing","isPartOf":{"@id":"https:\/\/dutchmicrodosing.com\/de\/#website"},"primaryImageOfPage":{"@id":"https:\/\/dutchmicrodosing.com\/de\/medizinische-pilze\/gehirn-booster-120-kapseln\/#primaryimage"},"image":{"@id":"https:\/\/dutchmicrodosing.com\/de\/medizinische-pilze\/gehirn-booster-120-kapseln\/#primaryimage"},"thumbnailUrl":"https:\/\/dutchmicrodosing.com\/wp-content\/uploads\/2023\/04\/BrainBooster-2-768x768-1.jpg","datePublished":"2023-04-01T08:52:25+00:00","dateModified":"2025-09-02T10:29:04+00:00","breadcrumb":{"@id":"https:\/\/dutchmicrodosing.com\/de\/medizinische-pilze\/gehirn-booster-120-kapseln\/#breadcrumb"},"inLanguage":"de","potentialAction":[{"@type":"ReadAction","target":["https:\/\/dutchmicrodosing.com\/de\/medizinische-pilze\/gehirn-booster-120-kapseln\/"]}]},{"@type":"ImageObject","inLanguage":"de","@id":"https:\/\/dutchmicrodosing.com\/de\/medizinische-pilze\/gehirn-booster-120-kapseln\/#primaryimage","url":"https:\/\/dutchmicrodosing.com\/wp-content\/uploads\/2023\/04\/BrainBooster-2-768x768-1.jpg","contentUrl":"https:\/\/dutchmicrodosing.com\/wp-content\/uploads\/2023\/04\/BrainBooster-2-768x768-1.jpg","width":768,"height":768},{"@type":"BreadcrumbList","@id":"https:\/\/dutchmicrodosing.com\/de\/medizinische-pilze\/gehirn-booster-120-kapseln\/#breadcrumb","itemListElement":[{"@type":"ListItem","position":1,"name":"Home","item":"https:\/\/dutchmicrodosing.com\/de\/"},{"@type":"ListItem","position":2,"name":"Shop","item":"https:\/\/dutchmicrodosing.com\/de\/shop\/"},{"@type":"ListItem","position":3,"name":"Brain Booster &#8211; 120 Kapseln"}]},{"@type":"WebSite","@id":"https:\/\/dutchmicrodosing.com\/de\/#website","url":"https:\/\/dutchmicrodosing.com\/de\/","name":"Dutchmicrodosing","description":"","publisher":{"@id":"https:\/\/dutchmicrodosing.com\/de\/#organization"},"potentialAction":[{"@type":"SearchAction","target":{"@type":"EntryPoint","urlTemplate":"https:\/\/dutchmicrodosing.com\/de\/?s={search_term_string}"},"query-input":{"@type":"PropertyValueSpecification","valueRequired":true,"valueName":"search_term_string"}}],"inLanguage":"de"},{"@type":"Organization","@id":"https:\/\/dutchmicrodosing.com\/de\/#organization","name":"Dutchmicrodosing","url":"https:\/\/dutchmicrodosing.com\/de\/","logo":{"@type":"ImageObject","inLanguage":"de","@id":"https:\/\/dutchmicrodosing.com\/de\/#\/schema\/logo\/image\/","url":"https:\/\/dutchmicrodosing.com\/wp-content\/uploads\/2021\/01\/microdosing-categorie-pic-nieuw.jpg","contentUrl":"https:\/\/dutchmicrodosing.com\/wp-content\/uploads\/2021\/01\/microdosing-categorie-pic-nieuw.jpg","width":500,"height":500,"caption":"Dutchmicrodosing"},"image":{"@id":"https:\/\/dutchmicrodosing.com\/de\/#\/schema\/logo\/image\/"},"sameAs":["https:\/\/www.facebook.com\/Dutchmicrodosingxp\/","https:\/\/www.instagram.com\/dutchmicrodosing\/"]}]},"product_price_amount":"34.95","product_price_currency":"EUR","og_availability":"instock","product_availability":"instock","product_retailer_item_id":"2206525","product_condition":"new"},"_links":{"self":[{"href":"https:\/\/dutchmicrodosing.com\/de\/wp-json\/wp\/v2\/product\/30083","targetHints":{"allow":["GET"]}}],"collection":[{"href":"https:\/\/dutchmicrodosing.com\/de\/wp-json\/wp\/v2\/product"}],"about":[{"href":"https:\/\/dutchmicrodosing.com\/de\/wp-json\/wp\/v2\/types\/product"}],"replies":[{"embeddable":true,"href":"https:\/\/dutchmicrodosing.com\/de\/wp-json\/wp\/v2\/comments?post=30083"}],"version-history":[{"count":0,"href":"https:\/\/dutchmicrodosing.com\/de\/wp-json\/wp\/v2\/product\/30083\/revisions"}],"wp:featuredmedia":[{"embeddable":true,"href":"https:\/\/dutchmicrodosing.com\/de\/wp-json\/wp\/v2\/media\/22422"}],"wp:attachment":[{"href":"https:\/\/dutchmicrodosing.com\/de\/wp-json\/wp\/v2\/media?parent=30083"}],"wp:term":[{"taxonomy":"product_brand","embeddable":true,"href":"https:\/\/dutchmicrodosing.com\/de\/wp-json\/wp\/v2\/product_brand?post=30083"},{"taxonomy":"product_cat","embeddable":true,"href":"https:\/\/dutchmicrodosing.com\/de\/wp-json\/wp\/v2\/product_cat?post=30083"},{"taxonomy":"product_tag","embeddable":true,"href":"https:\/\/dutchmicrodosing.com\/de\/wp-json\/wp\/v2\/product_tag?post=30083"}],"curies":[{"name":"wp","href":"https:\/\/api.w.org\/{rel}","templated":true}]}}