{"id":30108,"date":"2022-04-06T17:00:05","date_gmt":"2022-04-06T15:00:05","guid":{"rendered":"https:\/\/dutchmicrodosing.com\/shop\/unkategorisiert\/utopia-trueffel-15-gr\/"},"modified":"2025-11-17T16:13:48","modified_gmt":"2025-11-17T15:13:48","slug":"utopia-truffel-15gr","status":"publish","type":"product","link":"https:\/\/dutchmicrodosing.com\/de\/psilocybin-truffel\/magische-truffel\/utopia-truffel-15gr\/","title":{"rendered":"Utopia Tr\u00fcffel 15 Gr"},"content":{"rendered":"<p>Haben Sie sich jemals gefragt, wie die perfekte Welt aussehen w\u00fcrde? Dann empfehlen wir, den Utopia-Zaubertr\u00fcffel zu probieren! Der magische Tr\u00fcffel l\u00e4sst Sie in neue Welten reisen und verhilft Ihnen zu neuen Erkenntnissen. Wie die Nirwana- und die Wizard-Tr\u00fcffel ist auch die Utopia-Magie-Tr\u00fcffel eine extrem starke Magie-Tr\u00fcffel. Der Unterschied liegt jedoch in der Anbautechnik. Die Utopia-Tr\u00fcffel bleibt l\u00e4nger unter der Erde, so dass das Myzel mehr Psilocybin speichern kann. Der Trip wird in der Regel als sehr intensiv erlebt und erzeugt leuchtende Farben, Muster und Halluzinationen. Auch eine Steigerung der Kreativit\u00e4t wird von den Nutzern der Utopia-Tr\u00fcffel festgestellt. Wenn Sie bereit sind f\u00fcr eine starke und visuelle Reise in eine utopische Welt? Dann entscheiden Sie sich f\u00fcr den extrem potenten Utopia-Tr\u00fcffel, der speziell f\u00fcr den erfahrenen Psychonauten entwickelt wurde!<\/p>\n<h2>Die Macht der magischen Utopia-Tr\u00fcffel<\/h2>\n<p>Der Utopia magic truffle wiegt 15 Gramm und ist damit ausreichend f\u00fcr eine solide Reise mit dem Utopia magic truffle. Aufgrund ihrer besonderen Anbautechnik ist die Utopia-Tr\u00fcffel reich an Psilocybin, was sie zu einer besonders potenten Tr\u00fcffel macht. Das bedeutet, dass die Wirkung intensiver ist und daher nur f\u00fcr die erfahrensten Psychonauten unter uns geeignet ist.<\/p>\n<h2>Vorbereitungen f\u00fcr eine Reise auf Utopia magic truffles<\/h2>\n<p>Die Vorbereitung auf eine Reise mit magischen Tr\u00fcffeln ist unerl\u00e4sslich. Damit die magischen Tr\u00fcffel richtig wirken, sollten Sie sie auf n\u00fcchternen Magen essen. Das bedeutet, dass man Stunden vor der Reise nichts mehr essen sollte. W\u00e4hrend der Fahrt k\u00f6nnen Sie nat\u00fcrlich wie gewohnt essen und trinken. Dann sorgen Sie daf\u00fcr, dass Sie es bereithalten, damit Sie nicht zwischen all den Halluzinationen suchen m\u00fcssen. Das Stolpern findet in einer vertrauten und sicheren Umgebung statt. So stellen Sie sicher, dass Sie Ihre Psychonauten-Kollegen gut kennen und ihnen vertrauen. Stellen Sie au\u00dferdem sicher, dass ein Tripsitter anwesend ist. Dies ist ein n\u00fcchterner Freund oder Mitarbeiter, der Ihnen w\u00e4hrend der Reise hilft. In der Tat k\u00f6nnte Ihre Reise zu intensiv sein. Dann ist es gut, einen bodenst\u00e4ndigen Freund zu haben, auf den man sich verlassen kann und der einem hilft, wenn man ihn braucht. Denn bei einer Reise mit Utopia-Tr\u00fcffeln verliert man das Gef\u00fchl f\u00fcr Zeit und Raum. Schlie\u00dflich sollten Sie sicherstellen, dass Sie einen Stolperstein im Haus haben. Das nimmt der Reise ihre Sch\u00e4rfe.<\/p>\n<h2>Wie bewahrt man Utopia-Tr\u00fcffel auf?<\/h2>\n<p>Wenn Sie die frischen Utopia Tr\u00fcffel nicht sofort essen m\u00f6chten, k\u00f6nnen Sie sie aufbewahren. Lagern Sie sie k\u00fchl und trocken. Der K\u00fchlschrank ist ein hervorragender Ort daf\u00fcr. Sie k\u00f6nnen sie dann oft noch mindestens einen Monat lang aufbewahren. Die ideale Temperatur liegt zwischen 2 und 4 Grad Celsius.<\/p>\n<h2>Reise-Dosierungsplan magische Tr\u00fcffel<\/h2>\n<p>Diese Dosen sind f\u00fcr Personen gedacht, die sich zum ersten Mal mit Psilocybin-Tr\u00fcffeln vertraut machen wollen. Wenn du bereits Erfahrung mit Psilocybin-Tr\u00fcffeln oder Zauberpilzen hast, kannst du die Dosis nach deinem Wunsch erh\u00f6hen.<\/p>\n<p><strong>Leichte Reise Leichte Reise Schwere Reise<\/strong><\/p>\n<ul>\n<li>50 kg = 5 Gramm 6,7 Gramm 11,2 Gramm<\/li>\n<li>60 kg = 6 Gramm 8 Gramm 13,4 Gramm<\/li>\n<li>70 kg = 7 Gramm 9,3 Gramm 15,6 Gramm<\/li>\n<li>80 kg = 8 Gramm 10,6 Gramm 17,8 Gramm<\/li>\n<li>90 kg = 9 Gramm 11,9 Gramm 20 Gramm<\/li>\n<li>100 kg = 10 Gramm 13,5 Gramm 22,2 Gramm<\/li>\n<\/ul>\n<p>F\u00fcr eine leichte Reise erh\u00f6hen Sie die Dosis um +\/- 0,1 Gramm pro Kilo K\u00f6rpergewicht, z. B.: 51 Kilo = 5,1 Gramm<br \/>\nF\u00fcr eine milde Reise erh\u00f6hen Sie die Dosis um +\/- 0,13\/15 Gramm pro Kilo K\u00f6rpergewicht, zum Beispiel: 51 Kilo = 6,85 Gramm<br \/>\nF\u00fcr eine schwere Reise erh\u00f6hen Sie die Dosis um +\/-0,22 Gramm pro Kilo K\u00f6rpergewicht, z. B.: 51 Kilo = 11,42 Gramm<\/p>\n<h2>Warnung vor dem Produkt<\/h2>\n<ul>\n<li>Verwenden Sie Pilztr\u00fcffel nicht, wenn Sie schlecht gelaunt, depressiv, psychotisch oder anderweitig geistig beeintr\u00e4chtigt sind. Magische Tr\u00fcffel sind nicht f\u00fcr Minderj\u00e4hrige oder schwangere Frauen geeignet, und es ist auch nicht ratsam, unter dem Einfluss von Psilocybin Auto zu fahren oder schwere Maschinen zu bedienen.<\/li>\n<li>Pilztr\u00fcffel sollten niemals in Verbindung mit Alkohol oder anderen (verschriebenen oder illegalen) Drogen eingenommen werden. Beginnen Sie mit einer kleinen Dosis und stellen Sie sicher, dass Sie sich in Ihrer Gesellschaft und Umgebung wohl f\u00fchlen.<\/li>\n<\/ul>\n","protected":false},"excerpt":{"rendered":"<p>Haben Sie sich jemals gefragt, wie die perfekte Welt aussehen w\u00fcrde? Dann empfehlen wir, den Utopia-Zaubertr\u00fcffel zu probieren! Der magische Tr\u00fcffel l\u00e4sst Sie in neue Welten reisen und verhilft Ihnen zu neuen Erkenntnissen. Wie die Nirwana- und die Wizard-Tr\u00fcffel ist auch die Utopia-Magie-Tr\u00fcffel eine extrem starke Magie-Tr\u00fcffel. Der Unterschied liegt jedoch in der Anbautechnik. Die [&hellip;]<\/p>\n","protected":false},"featured_media":12240,"comment_status":"closed","ping_status":"closed","template":"","meta":[],"product_brand":[],"product_cat":[202],"product_tag":[],"class_list":{"0":"post-30108","1":"product","2":"type-product","3":"status-publish","4":"has-post-thumbnail","6":"product_cat-magische-truffel","8":"first","9":"instock","10":"taxable","11":"shipping-taxable","12":"purchasable","13":"product-type-simple"},"yoast_head":"<!-- This site is optimized with the Yoast SEO Premium plugin v26.4 (Yoast SEO v27.4) - https:\/\/yoast.com\/product\/yoast-seo-premium-wordpress\/ -->\n<title>Utopia Tr\u00fcffel 15 Gr - Dutchmicrodosing<\/title>\n<meta name=\"robots\" content=\"index, follow, max-snippet:-1, max-image-preview:large, max-video-preview:-1\" \/>\n<link rel=\"canonical\" href=\"https:\/\/dutchmicrodosing.com\/de\/psilocybin-truffel\/magische-truffel\/utopia-truffel-15gr\/\" \/>\n<meta property=\"og:locale\" content=\"de_DE\" \/>\n<meta property=\"og:type\" content=\"article\" \/>\n<meta property=\"og:title\" content=\"Utopia Tr\u00fcffel 15 Gr\" \/>\n<meta property=\"og:description\" content=\"Haben Sie sich jemals gefragt, wie die perfekte Welt aussehen w\u00fcrde? Dann empfehlen wir, den Utopia-Zaubertr\u00fcffel zu probieren! Der magische Tr\u00fcffel l\u00e4sst\" \/>\n<meta property=\"og:url\" content=\"https:\/\/dutchmicrodosing.com\/de\/psilocybin-truffel\/magische-truffel\/utopia-truffel-15gr\/\" \/>\n<meta property=\"og:site_name\" content=\"Dutchmicrodosing\" \/>\n<meta property=\"article:publisher\" content=\"https:\/\/www.facebook.com\/Dutchmicrodosingxp\/\" \/>\n<meta property=\"article:modified_time\" content=\"2025-11-17T15:13:48+00:00\" \/>\n<meta property=\"og:image\" content=\"https:\/\/dutchmicrodosing.com\/wp-content\/uploads\/2022\/04\/royal-magic-truffles-utopia-truffels.jpg\" \/>\n\t<meta property=\"og:image:width\" content=\"300\" \/>\n\t<meta property=\"og:image:height\" content=\"300\" \/>\n\t<meta property=\"og:image:type\" content=\"image\/jpeg\" \/>\n<meta name=\"twitter:card\" content=\"summary_large_image\" \/>\n<script type=\"application\/ld+json\" class=\"yoast-schema-graph\">{\"@context\":\"https:\\\/\\\/schema.org\",\"@graph\":[{\"@type\":\"WebPage\",\"@id\":\"https:\\\/\\\/dutchmicrodosing.com\\\/de\\\/psilocybin-truffel\\\/magische-truffel\\\/utopia-truffel-15gr\\\/\",\"url\":\"https:\\\/\\\/dutchmicrodosing.com\\\/de\\\/psilocybin-truffel\\\/magische-truffel\\\/utopia-truffel-15gr\\\/\",\"name\":\"Utopia Tr\u00fcffel 15 Gr - Dutchmicrodosing\",\"isPartOf\":{\"@id\":\"https:\\\/\\\/dutchmicrodosing.com\\\/de\\\/#website\"},\"primaryImageOfPage\":{\"@id\":\"https:\\\/\\\/dutchmicrodosing.com\\\/de\\\/psilocybin-truffel\\\/magische-truffel\\\/utopia-truffel-15gr\\\/#primaryimage\"},\"image\":{\"@id\":\"https:\\\/\\\/dutchmicrodosing.com\\\/de\\\/psilocybin-truffel\\\/magische-truffel\\\/utopia-truffel-15gr\\\/#primaryimage\"},\"thumbnailUrl\":\"https:\\\/\\\/dutchmicrodosing.com\\\/wp-content\\\/uploads\\\/2022\\\/04\\\/royal-magic-truffles-utopia-truffels.jpg\",\"datePublished\":\"2022-04-06T15:00:05+00:00\",\"dateModified\":\"2025-11-17T15:13:48+00:00\",\"breadcrumb\":{\"@id\":\"https:\\\/\\\/dutchmicrodosing.com\\\/de\\\/psilocybin-truffel\\\/magische-truffel\\\/utopia-truffel-15gr\\\/#breadcrumb\"},\"inLanguage\":\"de\",\"potentialAction\":[{\"@type\":\"ReadAction\",\"target\":[\"https:\\\/\\\/dutchmicrodosing.com\\\/de\\\/psilocybin-truffel\\\/magische-truffel\\\/utopia-truffel-15gr\\\/\"]}]},{\"@type\":\"ImageObject\",\"inLanguage\":\"de\",\"@id\":\"https:\\\/\\\/dutchmicrodosing.com\\\/de\\\/psilocybin-truffel\\\/magische-truffel\\\/utopia-truffel-15gr\\\/#primaryimage\",\"url\":\"https:\\\/\\\/dutchmicrodosing.com\\\/wp-content\\\/uploads\\\/2022\\\/04\\\/royal-magic-truffles-utopia-truffels.jpg\",\"contentUrl\":\"https:\\\/\\\/dutchmicrodosing.com\\\/wp-content\\\/uploads\\\/2022\\\/04\\\/royal-magic-truffles-utopia-truffels.jpg\",\"width\":300,\"height\":300},{\"@type\":\"BreadcrumbList\",\"@id\":\"https:\\\/\\\/dutchmicrodosing.com\\\/de\\\/psilocybin-truffel\\\/magische-truffel\\\/utopia-truffel-15gr\\\/#breadcrumb\",\"itemListElement\":[{\"@type\":\"ListItem\",\"position\":1,\"name\":\"Home\",\"item\":\"https:\\\/\\\/dutchmicrodosing.com\\\/de\\\/\"},{\"@type\":\"ListItem\",\"position\":2,\"name\":\"Shop\",\"item\":\"https:\\\/\\\/dutchmicrodosing.com\\\/de\\\/shop\\\/\"},{\"@type\":\"ListItem\",\"position\":3,\"name\":\"Utopia Tr\u00fcffel 15 Gr\"}]},{\"@type\":\"WebSite\",\"@id\":\"https:\\\/\\\/dutchmicrodosing.com\\\/de\\\/#website\",\"url\":\"https:\\\/\\\/dutchmicrodosing.com\\\/de\\\/\",\"name\":\"Dutchmicrodosing\",\"description\":\"\",\"publisher\":{\"@id\":\"https:\\\/\\\/dutchmicrodosing.com\\\/de\\\/#organization\"},\"potentialAction\":[{\"@type\":\"SearchAction\",\"target\":{\"@type\":\"EntryPoint\",\"urlTemplate\":\"https:\\\/\\\/dutchmicrodosing.com\\\/de\\\/?s={search_term_string}\"},\"query-input\":{\"@type\":\"PropertyValueSpecification\",\"valueRequired\":true,\"valueName\":\"search_term_string\"}}],\"inLanguage\":\"de\"},{\"@type\":\"Organization\",\"@id\":\"https:\\\/\\\/dutchmicrodosing.com\\\/de\\\/#organization\",\"name\":\"Dutchmicrodosing\",\"url\":\"https:\\\/\\\/dutchmicrodosing.com\\\/de\\\/\",\"logo\":{\"@type\":\"ImageObject\",\"inLanguage\":\"de\",\"@id\":\"https:\\\/\\\/dutchmicrodosing.com\\\/de\\\/#\\\/schema\\\/logo\\\/image\\\/\",\"url\":\"https:\\\/\\\/dutchmicrodosing.com\\\/wp-content\\\/uploads\\\/2021\\\/01\\\/microdosing-categorie-pic-nieuw.jpg\",\"contentUrl\":\"https:\\\/\\\/dutchmicrodosing.com\\\/wp-content\\\/uploads\\\/2021\\\/01\\\/microdosing-categorie-pic-nieuw.jpg\",\"width\":500,\"height\":500,\"caption\":\"Dutchmicrodosing\"},\"image\":{\"@id\":\"https:\\\/\\\/dutchmicrodosing.com\\\/de\\\/#\\\/schema\\\/logo\\\/image\\\/\"},\"sameAs\":[\"https:\\\/\\\/www.facebook.com\\\/Dutchmicrodosingxp\\\/\",\"https:\\\/\\\/www.instagram.com\\\/dutchmicrodosing\\\/\"]}]}<\/script>\n<meta property=\"product:price:amount\" content=\"15.95\" \/>\n<meta property=\"product:price:currency\" content=\"EUR\" \/>\n<meta property=\"og:availability\" content=\"instock\" \/>\n<meta property=\"product:availability\" content=\"instock\" \/>\n<meta property=\"product:retailer_item_id\" content=\"0201630\" \/>\n<meta property=\"product:condition\" content=\"new\" \/>\n<!-- \/ Yoast SEO Premium plugin. -->","yoast_head_json":{"title":"Utopia Tr\u00fcffel 15 Gr - Dutchmicrodosing","robots":{"index":"index","follow":"follow","max-snippet":"max-snippet:-1","max-image-preview":"max-image-preview:large","max-video-preview":"max-video-preview:-1"},"canonical":"https:\/\/dutchmicrodosing.com\/de\/psilocybin-truffel\/magische-truffel\/utopia-truffel-15gr\/","og_locale":"de_DE","og_type":"article","og_title":"Utopia Tr\u00fcffel 15 Gr","og_description":"Haben Sie sich jemals gefragt, wie die perfekte Welt aussehen w\u00fcrde? Dann empfehlen wir, den Utopia-Zaubertr\u00fcffel zu probieren! Der magische Tr\u00fcffel l\u00e4sst","og_url":"https:\/\/dutchmicrodosing.com\/de\/psilocybin-truffel\/magische-truffel\/utopia-truffel-15gr\/","og_site_name":"Dutchmicrodosing","article_publisher":"https:\/\/www.facebook.com\/Dutchmicrodosingxp\/","article_modified_time":"2025-11-17T15:13:48+00:00","og_image":[{"width":300,"height":300,"url":"https:\/\/dutchmicrodosing.com\/wp-content\/uploads\/2022\/04\/royal-magic-truffles-utopia-truffels.jpg","type":"image\/jpeg"}],"twitter_card":"summary_large_image","schema":{"@context":"https:\/\/schema.org","@graph":[{"@type":"WebPage","@id":"https:\/\/dutchmicrodosing.com\/de\/psilocybin-truffel\/magische-truffel\/utopia-truffel-15gr\/","url":"https:\/\/dutchmicrodosing.com\/de\/psilocybin-truffel\/magische-truffel\/utopia-truffel-15gr\/","name":"Utopia Tr\u00fcffel 15 Gr - Dutchmicrodosing","isPartOf":{"@id":"https:\/\/dutchmicrodosing.com\/de\/#website"},"primaryImageOfPage":{"@id":"https:\/\/dutchmicrodosing.com\/de\/psilocybin-truffel\/magische-truffel\/utopia-truffel-15gr\/#primaryimage"},"image":{"@id":"https:\/\/dutchmicrodosing.com\/de\/psilocybin-truffel\/magische-truffel\/utopia-truffel-15gr\/#primaryimage"},"thumbnailUrl":"https:\/\/dutchmicrodosing.com\/wp-content\/uploads\/2022\/04\/royal-magic-truffles-utopia-truffels.jpg","datePublished":"2022-04-06T15:00:05+00:00","dateModified":"2025-11-17T15:13:48+00:00","breadcrumb":{"@id":"https:\/\/dutchmicrodosing.com\/de\/psilocybin-truffel\/magische-truffel\/utopia-truffel-15gr\/#breadcrumb"},"inLanguage":"de","potentialAction":[{"@type":"ReadAction","target":["https:\/\/dutchmicrodosing.com\/de\/psilocybin-truffel\/magische-truffel\/utopia-truffel-15gr\/"]}]},{"@type":"ImageObject","inLanguage":"de","@id":"https:\/\/dutchmicrodosing.com\/de\/psilocybin-truffel\/magische-truffel\/utopia-truffel-15gr\/#primaryimage","url":"https:\/\/dutchmicrodosing.com\/wp-content\/uploads\/2022\/04\/royal-magic-truffles-utopia-truffels.jpg","contentUrl":"https:\/\/dutchmicrodosing.com\/wp-content\/uploads\/2022\/04\/royal-magic-truffles-utopia-truffels.jpg","width":300,"height":300},{"@type":"BreadcrumbList","@id":"https:\/\/dutchmicrodosing.com\/de\/psilocybin-truffel\/magische-truffel\/utopia-truffel-15gr\/#breadcrumb","itemListElement":[{"@type":"ListItem","position":1,"name":"Home","item":"https:\/\/dutchmicrodosing.com\/de\/"},{"@type":"ListItem","position":2,"name":"Shop","item":"https:\/\/dutchmicrodosing.com\/de\/shop\/"},{"@type":"ListItem","position":3,"name":"Utopia Tr\u00fcffel 15 Gr"}]},{"@type":"WebSite","@id":"https:\/\/dutchmicrodosing.com\/de\/#website","url":"https:\/\/dutchmicrodosing.com\/de\/","name":"Dutchmicrodosing","description":"","publisher":{"@id":"https:\/\/dutchmicrodosing.com\/de\/#organization"},"potentialAction":[{"@type":"SearchAction","target":{"@type":"EntryPoint","urlTemplate":"https:\/\/dutchmicrodosing.com\/de\/?s={search_term_string}"},"query-input":{"@type":"PropertyValueSpecification","valueRequired":true,"valueName":"search_term_string"}}],"inLanguage":"de"},{"@type":"Organization","@id":"https:\/\/dutchmicrodosing.com\/de\/#organization","name":"Dutchmicrodosing","url":"https:\/\/dutchmicrodosing.com\/de\/","logo":{"@type":"ImageObject","inLanguage":"de","@id":"https:\/\/dutchmicrodosing.com\/de\/#\/schema\/logo\/image\/","url":"https:\/\/dutchmicrodosing.com\/wp-content\/uploads\/2021\/01\/microdosing-categorie-pic-nieuw.jpg","contentUrl":"https:\/\/dutchmicrodosing.com\/wp-content\/uploads\/2021\/01\/microdosing-categorie-pic-nieuw.jpg","width":500,"height":500,"caption":"Dutchmicrodosing"},"image":{"@id":"https:\/\/dutchmicrodosing.com\/de\/#\/schema\/logo\/image\/"},"sameAs":["https:\/\/www.facebook.com\/Dutchmicrodosingxp\/","https:\/\/www.instagram.com\/dutchmicrodosing\/"]}]},"product_price_amount":"15.95","product_price_currency":"EUR","og_availability":"instock","product_availability":"instock","product_retailer_item_id":"0201630","product_condition":"new"},"_links":{"self":[{"href":"https:\/\/dutchmicrodosing.com\/de\/wp-json\/wp\/v2\/product\/30108","targetHints":{"allow":["GET"]}}],"collection":[{"href":"https:\/\/dutchmicrodosing.com\/de\/wp-json\/wp\/v2\/product"}],"about":[{"href":"https:\/\/dutchmicrodosing.com\/de\/wp-json\/wp\/v2\/types\/product"}],"replies":[{"embeddable":true,"href":"https:\/\/dutchmicrodosing.com\/de\/wp-json\/wp\/v2\/comments?post=30108"}],"version-history":[{"count":1,"href":"https:\/\/dutchmicrodosing.com\/de\/wp-json\/wp\/v2\/product\/30108\/revisions"}],"predecessor-version":[{"id":62333,"href":"https:\/\/dutchmicrodosing.com\/de\/wp-json\/wp\/v2\/product\/30108\/revisions\/62333"}],"wp:featuredmedia":[{"embeddable":true,"href":"https:\/\/dutchmicrodosing.com\/de\/wp-json\/wp\/v2\/media\/12240"}],"wp:attachment":[{"href":"https:\/\/dutchmicrodosing.com\/de\/wp-json\/wp\/v2\/media?parent=30108"}],"wp:term":[{"taxonomy":"product_brand","embeddable":true,"href":"https:\/\/dutchmicrodosing.com\/de\/wp-json\/wp\/v2\/product_brand?post=30108"},{"taxonomy":"product_cat","embeddable":true,"href":"https:\/\/dutchmicrodosing.com\/de\/wp-json\/wp\/v2\/product_cat?post=30108"},{"taxonomy":"product_tag","embeddable":true,"href":"https:\/\/dutchmicrodosing.com\/de\/wp-json\/wp\/v2\/product_tag?post=30108"}],"curies":[{"name":"wp","href":"https:\/\/api.w.org\/{rel}","templated":true}]}}