{"id":30795,"date":"2023-10-25T14:04:48","date_gmt":"2023-10-25T12:04:48","guid":{"rendered":"https:\/\/dutchmicrodosing.com\/shop\/unkategorisiert\/loewenzahn-pulver-organisch\/"},"modified":"2025-08-18T21:29:14","modified_gmt":"2025-08-18T19:29:14","slug":"loewenzahn-pulver-organisch","status":"publish","type":"product","link":"https:\/\/dutchmicrodosing.com\/de\/medizinische-pilze\/loewenzahn-pulver-organisch\/","title":{"rendered":"L\u00f6wenm\u00e4hne (Hericium Erinaceus) &#8211; Unterst\u00fctzung des Gehirns"},"content":{"rendered":"<p><strong>L\u00f6wenm\u00e4hnenpulver<\/strong> ist ein pulverf\u00f6rmiges Erg\u00e4nzungsmittel, das aus dem L\u00f6wenm\u00e4hnenpilz, auch bekannt als L\u00f6wenm\u00e4hne, gewonnen wird. Dieser Pilz ist bekannt f\u00fcr sein einzigartiges, fransenartiges Aussehen, das an eine L\u00f6wenm\u00e4hne erinnert, daher der Name. Das Pulver wird durch Trocknen und Mahlen der Pilze hergestellt und wird h\u00e4ufig wegen seiner potenziellen gesundheitlichen Vorteile verwendet, darunter die Unterst\u00fctzung kognitiver Funktionen, die F\u00f6rderung des Nervenwachstums und die Verringerung von Entz\u00fcndungen.<\/p>\n<h3>Inhaltsstoffe<\/h3>\n<p>L\u00f6wenzahnpilzpulver Bio.<\/p>\n<h3>Verwenden Sie<\/h3>\n<p>Es wird empfohlen, mit einer kleinen Menge, etwa einem halben Teel\u00f6ffel pro Tag, zu beginnen, um zu sehen, wie Ihr K\u00f6rper reagiert. Sie k\u00f6nnen die Dosierung schrittweise bis auf maximal 2 Teel\u00f6ffel pro Tag erh\u00f6hen, je nach Ihren individuellen Bed\u00fcrfnissen und den Empfehlungen des Herstellers. Sie k\u00f6nnen das Reishi-Pulver mit warmem Wasser mischen und einen einfachen Tee zubereiten. Das Pulver in das Wasser geben und gut umr\u00fchren. Lassen Sie ihn ein paar Minuten ziehen und trinken Sie ihn dann. Sie k\u00f6nnen das Pulver auch in Smoothies, S\u00e4fte, Kaffee oder Tee geben. Er hat einen leicht bitteren Geschmack, daher k\u00f6nnen Sie Honig oder ein anderes S\u00fc\u00dfungsmittel hinzuf\u00fcgen, um den Geschmack zu verbessern. L\u00f6wenzahnm\u00e4hnenpulver kann auch als Zutat in Speisen verwendet werden.<\/p>\n<h3>Hinweise zur Lagerung<\/h3>\n<p>Bewahren Sie dieses Produkt an einem dunklen, k\u00fchlen Ort auf, z. B. in einem K\u00fcchenschrank und au\u00dferhalb der Reichweite von Kindern.<\/p>\n<h3>Inhalt<\/h3>\n<p>L\u00f6wenzahnpilzpulver Bio &#8211; 100 Gramm.<\/p>\n","protected":false},"excerpt":{"rendered":"<p>L\u00f6wenm\u00e4hnenpulver ist ein pulverf\u00f6rmiges Erg\u00e4nzungsmittel, das aus dem L\u00f6wenm\u00e4hnenpilz, auch bekannt als L\u00f6wenm\u00e4hne, gewonnen wird. Dieser Pilz ist bekannt f\u00fcr sein einzigartiges, fransenartiges Aussehen, das an eine L\u00f6wenm\u00e4hne erinnert, daher der Name. Das Pulver wird durch Trocknen und Mahlen der Pilze hergestellt und wird h\u00e4ufig wegen seiner potenziellen gesundheitlichen Vorteile verwendet, darunter die Unterst\u00fctzung kognitiver [&hellip;]<\/p>\n","protected":false},"featured_media":62973,"comment_status":"closed","ping_status":"closed","template":"","meta":[],"product_brand":[],"product_cat":[114,293,281],"product_tag":[],"class_list":{"0":"post-30795","1":"product","2":"type-product","3":"status-publish","4":"has-post-thumbnail","6":"product_cat-medizinische-pilze","7":"product_cat-erganzungen-fur-das-immunsystem","8":"product_cat-superfoods","10":"first","11":"instock","12":"taxable","13":"shipping-taxable","14":"purchasable","15":"product-type-simple"},"yoast_head":"<!-- This site is optimized with the Yoast SEO Premium plugin v26.4 (Yoast SEO v27.4) - https:\/\/yoast.com\/product\/yoast-seo-premium-wordpress\/ -->\n<title>L\u00f6wenm\u00e4hne (Hericium Erinaceus) - Unterst\u00fctzung des Gehirns - Dutchmicrodosing<\/title>\n<meta name=\"description\" content=\"L\u00f6wenm\u00e4hnenpulver ist ein pulverf\u00f6rmiges Erg\u00e4nzungsmittel, das aus dem L\u00f6wenm\u00e4hnenpilz, auch bekannt als L\u00f6wenm\u00e4hne, gewonnen wird. Dieser Pilz...\" \/>\n<meta name=\"robots\" content=\"index, follow, max-snippet:-1, max-image-preview:large, max-video-preview:-1\" \/>\n<link rel=\"canonical\" href=\"https:\/\/dutchmicrodosing.com\/de\/medizinische-pilze\/loewenzahn-pulver-organisch\/\" \/>\n<meta property=\"og:locale\" content=\"de_DE\" \/>\n<meta property=\"og:type\" content=\"article\" \/>\n<meta property=\"og:title\" content=\"L\u00f6wenm\u00e4hne (Hericium Erinaceus) - Unterst\u00fctzung des Gehirns\" \/>\n<meta property=\"og:description\" content=\"L\u00f6wenm\u00e4hnenpulver ist ein pulverf\u00f6rmiges Erg\u00e4nzungsmittel, das aus dem L\u00f6wenm\u00e4hnenpilz, auch bekannt als L\u00f6wenm\u00e4hne, gewonnen wird. Dieser Pilz ist\" \/>\n<meta property=\"og:url\" content=\"https:\/\/dutchmicrodosing.com\/de\/medizinische-pilze\/loewenzahn-pulver-organisch\/\" \/>\n<meta property=\"og:site_name\" content=\"Dutchmicrodosing\" \/>\n<meta property=\"article:publisher\" content=\"https:\/\/www.facebook.com\/Dutchmicrodosingxp\/\" \/>\n<meta property=\"article:modified_time\" content=\"2025-08-18T19:29:14+00:00\" \/>\n<meta property=\"og:image\" content=\"https:\/\/dutchmicrodosing.com\/wp-content\/uploads\/2023\/10\/Lions_Mane_1000x1000.jpg\" \/>\n\t<meta property=\"og:image:width\" content=\"1000\" \/>\n\t<meta property=\"og:image:height\" content=\"1000\" \/>\n\t<meta property=\"og:image:type\" content=\"image\/jpeg\" \/>\n<meta name=\"twitter:card\" content=\"summary_large_image\" \/>\n<script type=\"application\/ld+json\" class=\"yoast-schema-graph\">{\"@context\":\"https:\\\/\\\/schema.org\",\"@graph\":[{\"@type\":\"WebPage\",\"@id\":\"https:\\\/\\\/dutchmicrodosing.com\\\/de\\\/medizinische-pilze\\\/loewenzahn-pulver-organisch\\\/\",\"url\":\"https:\\\/\\\/dutchmicrodosing.com\\\/de\\\/medizinische-pilze\\\/loewenzahn-pulver-organisch\\\/\",\"name\":\"L\u00f6wenm\u00e4hne (Hericium Erinaceus) - Unterst\u00fctzung des Gehirns - Dutchmicrodosing\",\"isPartOf\":{\"@id\":\"https:\\\/\\\/dutchmicrodosing.com\\\/de\\\/#website\"},\"primaryImageOfPage\":{\"@id\":\"https:\\\/\\\/dutchmicrodosing.com\\\/de\\\/medizinische-pilze\\\/loewenzahn-pulver-organisch\\\/#primaryimage\"},\"image\":{\"@id\":\"https:\\\/\\\/dutchmicrodosing.com\\\/de\\\/medizinische-pilze\\\/loewenzahn-pulver-organisch\\\/#primaryimage\"},\"thumbnailUrl\":\"https:\\\/\\\/dutchmicrodosing.com\\\/wp-content\\\/uploads\\\/2025\\\/11\\\/Lions-Mane-Powder_1.jpg\",\"datePublished\":\"2023-10-25T12:04:48+00:00\",\"dateModified\":\"2025-08-18T19:29:14+00:00\",\"description\":\"L\u00f6wenm\u00e4hnenpulver ist ein pulverf\u00f6rmiges Erg\u00e4nzungsmittel, das aus dem L\u00f6wenm\u00e4hnenpilz, auch bekannt als L\u00f6wenm\u00e4hne, gewonnen wird. Dieser Pilz...\",\"breadcrumb\":{\"@id\":\"https:\\\/\\\/dutchmicrodosing.com\\\/de\\\/medizinische-pilze\\\/loewenzahn-pulver-organisch\\\/#breadcrumb\"},\"inLanguage\":\"de\",\"potentialAction\":[{\"@type\":\"ReadAction\",\"target\":[\"https:\\\/\\\/dutchmicrodosing.com\\\/de\\\/medizinische-pilze\\\/loewenzahn-pulver-organisch\\\/\"]}]},{\"@type\":\"ImageObject\",\"inLanguage\":\"de\",\"@id\":\"https:\\\/\\\/dutchmicrodosing.com\\\/de\\\/medizinische-pilze\\\/loewenzahn-pulver-organisch\\\/#primaryimage\",\"url\":\"https:\\\/\\\/dutchmicrodosing.com\\\/wp-content\\\/uploads\\\/2025\\\/11\\\/Lions-Mane-Powder_1.jpg\",\"contentUrl\":\"https:\\\/\\\/dutchmicrodosing.com\\\/wp-content\\\/uploads\\\/2025\\\/11\\\/Lions-Mane-Powder_1.jpg\",\"width\":1500,\"height\":1500,\"caption\":\"Lion's Mane Powder\"},{\"@type\":\"BreadcrumbList\",\"@id\":\"https:\\\/\\\/dutchmicrodosing.com\\\/de\\\/medizinische-pilze\\\/loewenzahn-pulver-organisch\\\/#breadcrumb\",\"itemListElement\":[{\"@type\":\"ListItem\",\"position\":1,\"name\":\"Home\",\"item\":\"https:\\\/\\\/dutchmicrodosing.com\\\/de\\\/\"},{\"@type\":\"ListItem\",\"position\":2,\"name\":\"Shop\",\"item\":\"https:\\\/\\\/dutchmicrodosing.com\\\/de\\\/shop\\\/\"},{\"@type\":\"ListItem\",\"position\":3,\"name\":\"L\u00f6wenm\u00e4hne (Hericium Erinaceus) &#8211; Unterst\u00fctzung des Gehirns\"}]},{\"@type\":\"WebSite\",\"@id\":\"https:\\\/\\\/dutchmicrodosing.com\\\/de\\\/#website\",\"url\":\"https:\\\/\\\/dutchmicrodosing.com\\\/de\\\/\",\"name\":\"Dutchmicrodosing\",\"description\":\"\",\"publisher\":{\"@id\":\"https:\\\/\\\/dutchmicrodosing.com\\\/de\\\/#organization\"},\"potentialAction\":[{\"@type\":\"SearchAction\",\"target\":{\"@type\":\"EntryPoint\",\"urlTemplate\":\"https:\\\/\\\/dutchmicrodosing.com\\\/de\\\/?s={search_term_string}\"},\"query-input\":{\"@type\":\"PropertyValueSpecification\",\"valueRequired\":true,\"valueName\":\"search_term_string\"}}],\"inLanguage\":\"de\"},{\"@type\":\"Organization\",\"@id\":\"https:\\\/\\\/dutchmicrodosing.com\\\/de\\\/#organization\",\"name\":\"Dutchmicrodosing\",\"url\":\"https:\\\/\\\/dutchmicrodosing.com\\\/de\\\/\",\"logo\":{\"@type\":\"ImageObject\",\"inLanguage\":\"de\",\"@id\":\"https:\\\/\\\/dutchmicrodosing.com\\\/de\\\/#\\\/schema\\\/logo\\\/image\\\/\",\"url\":\"https:\\\/\\\/dutchmicrodosing.com\\\/wp-content\\\/uploads\\\/2021\\\/01\\\/microdosing-categorie-pic-nieuw.jpg\",\"contentUrl\":\"https:\\\/\\\/dutchmicrodosing.com\\\/wp-content\\\/uploads\\\/2021\\\/01\\\/microdosing-categorie-pic-nieuw.jpg\",\"width\":500,\"height\":500,\"caption\":\"Dutchmicrodosing\"},\"image\":{\"@id\":\"https:\\\/\\\/dutchmicrodosing.com\\\/de\\\/#\\\/schema\\\/logo\\\/image\\\/\"},\"sameAs\":[\"https:\\\/\\\/www.facebook.com\\\/Dutchmicrodosingxp\\\/\",\"https:\\\/\\\/www.instagram.com\\\/dutchmicrodosing\\\/\"]}]}<\/script>\n<meta property=\"product:price:amount\" content=\"19.95\" \/>\n<meta property=\"product:price:currency\" content=\"EUR\" \/>\n<meta property=\"og:availability\" content=\"instock\" \/>\n<meta property=\"product:availability\" content=\"instock\" \/>\n<meta property=\"product:retailer_item_id\" content=\"3210509\" \/>\n<meta property=\"product:condition\" content=\"new\" \/>\n<!-- \/ Yoast SEO Premium plugin. -->","yoast_head_json":{"title":"L\u00f6wenm\u00e4hne (Hericium Erinaceus) - Unterst\u00fctzung des Gehirns - Dutchmicrodosing","description":"L\u00f6wenm\u00e4hnenpulver ist ein pulverf\u00f6rmiges Erg\u00e4nzungsmittel, das aus dem L\u00f6wenm\u00e4hnenpilz, auch bekannt als L\u00f6wenm\u00e4hne, gewonnen wird. Dieser Pilz...","robots":{"index":"index","follow":"follow","max-snippet":"max-snippet:-1","max-image-preview":"max-image-preview:large","max-video-preview":"max-video-preview:-1"},"canonical":"https:\/\/dutchmicrodosing.com\/de\/medizinische-pilze\/loewenzahn-pulver-organisch\/","og_locale":"de_DE","og_type":"article","og_title":"L\u00f6wenm\u00e4hne (Hericium Erinaceus) - Unterst\u00fctzung des Gehirns","og_description":"L\u00f6wenm\u00e4hnenpulver ist ein pulverf\u00f6rmiges Erg\u00e4nzungsmittel, das aus dem L\u00f6wenm\u00e4hnenpilz, auch bekannt als L\u00f6wenm\u00e4hne, gewonnen wird. Dieser Pilz ist","og_url":"https:\/\/dutchmicrodosing.com\/de\/medizinische-pilze\/loewenzahn-pulver-organisch\/","og_site_name":"Dutchmicrodosing","article_publisher":"https:\/\/www.facebook.com\/Dutchmicrodosingxp\/","article_modified_time":"2025-08-18T19:29:14+00:00","og_image":[{"width":1000,"height":1000,"url":"https:\/\/dutchmicrodosing.com\/wp-content\/uploads\/2023\/10\/Lions_Mane_1000x1000.jpg","type":"image\/jpeg"}],"twitter_card":"summary_large_image","schema":{"@context":"https:\/\/schema.org","@graph":[{"@type":"WebPage","@id":"https:\/\/dutchmicrodosing.com\/de\/medizinische-pilze\/loewenzahn-pulver-organisch\/","url":"https:\/\/dutchmicrodosing.com\/de\/medizinische-pilze\/loewenzahn-pulver-organisch\/","name":"L\u00f6wenm\u00e4hne (Hericium Erinaceus) - Unterst\u00fctzung des Gehirns - Dutchmicrodosing","isPartOf":{"@id":"https:\/\/dutchmicrodosing.com\/de\/#website"},"primaryImageOfPage":{"@id":"https:\/\/dutchmicrodosing.com\/de\/medizinische-pilze\/loewenzahn-pulver-organisch\/#primaryimage"},"image":{"@id":"https:\/\/dutchmicrodosing.com\/de\/medizinische-pilze\/loewenzahn-pulver-organisch\/#primaryimage"},"thumbnailUrl":"https:\/\/dutchmicrodosing.com\/wp-content\/uploads\/2025\/11\/Lions-Mane-Powder_1.jpg","datePublished":"2023-10-25T12:04:48+00:00","dateModified":"2025-08-18T19:29:14+00:00","description":"L\u00f6wenm\u00e4hnenpulver ist ein pulverf\u00f6rmiges Erg\u00e4nzungsmittel, das aus dem L\u00f6wenm\u00e4hnenpilz, auch bekannt als L\u00f6wenm\u00e4hne, gewonnen wird. Dieser Pilz...","breadcrumb":{"@id":"https:\/\/dutchmicrodosing.com\/de\/medizinische-pilze\/loewenzahn-pulver-organisch\/#breadcrumb"},"inLanguage":"de","potentialAction":[{"@type":"ReadAction","target":["https:\/\/dutchmicrodosing.com\/de\/medizinische-pilze\/loewenzahn-pulver-organisch\/"]}]},{"@type":"ImageObject","inLanguage":"de","@id":"https:\/\/dutchmicrodosing.com\/de\/medizinische-pilze\/loewenzahn-pulver-organisch\/#primaryimage","url":"https:\/\/dutchmicrodosing.com\/wp-content\/uploads\/2025\/11\/Lions-Mane-Powder_1.jpg","contentUrl":"https:\/\/dutchmicrodosing.com\/wp-content\/uploads\/2025\/11\/Lions-Mane-Powder_1.jpg","width":1500,"height":1500,"caption":"Lion's Mane Powder"},{"@type":"BreadcrumbList","@id":"https:\/\/dutchmicrodosing.com\/de\/medizinische-pilze\/loewenzahn-pulver-organisch\/#breadcrumb","itemListElement":[{"@type":"ListItem","position":1,"name":"Home","item":"https:\/\/dutchmicrodosing.com\/de\/"},{"@type":"ListItem","position":2,"name":"Shop","item":"https:\/\/dutchmicrodosing.com\/de\/shop\/"},{"@type":"ListItem","position":3,"name":"L\u00f6wenm\u00e4hne (Hericium Erinaceus) &#8211; Unterst\u00fctzung des Gehirns"}]},{"@type":"WebSite","@id":"https:\/\/dutchmicrodosing.com\/de\/#website","url":"https:\/\/dutchmicrodosing.com\/de\/","name":"Dutchmicrodosing","description":"","publisher":{"@id":"https:\/\/dutchmicrodosing.com\/de\/#organization"},"potentialAction":[{"@type":"SearchAction","target":{"@type":"EntryPoint","urlTemplate":"https:\/\/dutchmicrodosing.com\/de\/?s={search_term_string}"},"query-input":{"@type":"PropertyValueSpecification","valueRequired":true,"valueName":"search_term_string"}}],"inLanguage":"de"},{"@type":"Organization","@id":"https:\/\/dutchmicrodosing.com\/de\/#organization","name":"Dutchmicrodosing","url":"https:\/\/dutchmicrodosing.com\/de\/","logo":{"@type":"ImageObject","inLanguage":"de","@id":"https:\/\/dutchmicrodosing.com\/de\/#\/schema\/logo\/image\/","url":"https:\/\/dutchmicrodosing.com\/wp-content\/uploads\/2021\/01\/microdosing-categorie-pic-nieuw.jpg","contentUrl":"https:\/\/dutchmicrodosing.com\/wp-content\/uploads\/2021\/01\/microdosing-categorie-pic-nieuw.jpg","width":500,"height":500,"caption":"Dutchmicrodosing"},"image":{"@id":"https:\/\/dutchmicrodosing.com\/de\/#\/schema\/logo\/image\/"},"sameAs":["https:\/\/www.facebook.com\/Dutchmicrodosingxp\/","https:\/\/www.instagram.com\/dutchmicrodosing\/"]}]},"product_price_amount":"19.95","product_price_currency":"EUR","og_availability":"instock","product_availability":"instock","product_retailer_item_id":"3210509","product_condition":"new"},"_links":{"self":[{"href":"https:\/\/dutchmicrodosing.com\/de\/wp-json\/wp\/v2\/product\/30795","targetHints":{"allow":["GET"]}}],"collection":[{"href":"https:\/\/dutchmicrodosing.com\/de\/wp-json\/wp\/v2\/product"}],"about":[{"href":"https:\/\/dutchmicrodosing.com\/de\/wp-json\/wp\/v2\/types\/product"}],"replies":[{"embeddable":true,"href":"https:\/\/dutchmicrodosing.com\/de\/wp-json\/wp\/v2\/comments?post=30795"}],"version-history":[{"count":0,"href":"https:\/\/dutchmicrodosing.com\/de\/wp-json\/wp\/v2\/product\/30795\/revisions"}],"wp:featuredmedia":[{"embeddable":true,"href":"https:\/\/dutchmicrodosing.com\/de\/wp-json\/wp\/v2\/media\/62973"}],"wp:attachment":[{"href":"https:\/\/dutchmicrodosing.com\/de\/wp-json\/wp\/v2\/media?parent=30795"}],"wp:term":[{"taxonomy":"product_brand","embeddable":true,"href":"https:\/\/dutchmicrodosing.com\/de\/wp-json\/wp\/v2\/product_brand?post=30795"},{"taxonomy":"product_cat","embeddable":true,"href":"https:\/\/dutchmicrodosing.com\/de\/wp-json\/wp\/v2\/product_cat?post=30795"},{"taxonomy":"product_tag","embeddable":true,"href":"https:\/\/dutchmicrodosing.com\/de\/wp-json\/wp\/v2\/product_tag?post=30795"}],"curies":[{"name":"wp","href":"https:\/\/api.w.org\/{rel}","templated":true}]}}