{"id":30828,"date":"2023-11-09T16:22:11","date_gmt":"2023-11-09T15:22:11","guid":{"rendered":"https:\/\/dutchmicrodosing.com\/?post_type=product&#038;p=30828"},"modified":"2025-08-18T15:27:53","modified_gmt":"2025-08-18T13:27:53","slug":"matcha-poeder-biologisch","status":"publish","type":"product","link":"https:\/\/dutchmicrodosing.com\/de\/reformhaus\/superfoods\/matcha-poeder-biologisch\/","title":{"rendered":"Matcha-Pulver Bio"},"content":{"rendered":"<p><strong>Matcha<\/strong> hat in den letzten Jahren in der Tat stark an Popularit\u00e4t gewonnen, nicht zuletzt wegen der besonderen Art der Herstellung. Er wird aus den Bl\u00e4ttern der Camellia sinensis, der gr\u00fcnen Teepflanze, hergestellt. Diese Pflanzen werden drei bis vier Wochen lang im Schatten angebaut, was zu einer h\u00f6heren Produktion von Theanin und Koffein sowie von Aminos\u00e4uren und Chlorophyll f\u00fchrt, die alle zu den gesundheitlichen Vorteilen von Matcha beitragen.<\/p>\n<p>Nach der Ernte werden die Bl\u00e4tter zu 100 % biologischem Matcha-Pulver verarbeitet, indem die St\u00e4ngel und Adern entfernt werden. Das Ergebnis ist ein vielseitiges Produkt, das entweder als loser Tee, in Beuteln oder als konzentriertes Pulver angeboten werden kann. Aufgrund dieser konzentrierten Form enth\u00e4lt Bio-Matcha-Pulver eine F\u00fclle von Antioxidantien, Koffein, Theanin, Mineralien und Aminos\u00e4uren, was es zu einer sehr nahrhaften Wahl macht.<\/p>\n<h3>Zutat<\/h3>\n<p>100% biologisches Matcha-Pulver (Camellia sinensis).<\/p>\n<h3>Operation<\/h3>\n<p>Vitamin B12 spielt eine wichtige Rolle bei der Bildung roter Blutk\u00f6rperchen, sorgt f\u00fcr das reibungslose Funktionieren des Nervensystems und ist ein wesentlicher Wachstumsfaktor.<\/p>\n<h3>Verwenden Sie<\/h3>\n<p>Matcha ist eine hervorragende Alternative zu Kaffee oder normalem Tee. Er kann aber auch zu s\u00fc\u00dfen und herzhaften Gerichten hinzugef\u00fcgt werden. Um Matcha-Tee zuzubereiten, geben Sie etwas Matcha-Pulver in ein Sieb und seihen es in eine spezielle Matcha-Schale. Dann etwas hei\u00dfes Wasser hinzuf\u00fcgen und mit einem Matcha-Besen kr\u00e4ftig verquirlen, bis das Pulver vollst\u00e4ndig aufgel\u00f6st ist. Dadurch entsteht eine Schaumschicht. Dann gie\u00dfen Sie den Inhalt in einen Becher oder eine Tasse und f\u00fcgen nach Belieben noch etwas hei\u00dfes Wasser oder hei\u00dfe Milch hinzu.<\/p>\n<h3>Hinweise zur Lagerung<\/h3>\n<p>Bewahren Sie dieses Produkt an einem dunklen, k\u00fchlen Ort auf, z. B. in einem K\u00fcchenschrank und au\u00dferhalb der Reichweite von Kindern.<\/p>\n<h3>Inhalt<\/h3>\n<p>100% Bio-Matcha-Pulver (Camellia sinensis) &#8211; 100 g.<\/p>\n","protected":false},"excerpt":{"rendered":"<p>Matcha hat in den letzten Jahren in der Tat stark an Popularit\u00e4t gewonnen, nicht zuletzt wegen der besonderen Art der Herstellung. Er wird aus den Bl\u00e4ttern der Camellia sinensis, der gr\u00fcnen Teepflanze, hergestellt. Diese Pflanzen werden drei bis vier Wochen lang im Schatten angebaut, was zu einer h\u00f6heren Produktion von Theanin und Koffein sowie von [&hellip;]<\/p>\n","protected":false},"featured_media":30819,"comment_status":"closed","ping_status":"closed","template":"","meta":[],"product_brand":[],"product_cat":[293,281],"product_tag":[],"class_list":{"0":"post-30828","1":"product","2":"type-product","3":"status-publish","4":"has-post-thumbnail","6":"product_cat-erganzungen-fur-das-immunsystem","7":"product_cat-superfoods","9":"first","10":"instock","11":"taxable","12":"shipping-taxable","13":"purchasable","14":"product-type-simple"},"yoast_head":"<!-- This site is optimized with the Yoast SEO Premium plugin v26.4 (Yoast SEO v27.2) - https:\/\/yoast.com\/product\/yoast-seo-premium-wordpress\/ -->\n<title>Matcha-Pulver Bio - Dutchmicrodosing<\/title>\n<meta name=\"robots\" content=\"index, follow, max-snippet:-1, max-image-preview:large, max-video-preview:-1\" \/>\n<link rel=\"canonical\" href=\"https:\/\/dutchmicrodosing.com\/de\/reformhaus\/superfoods\/matcha-poeder-biologisch\/\" \/>\n<meta property=\"og:locale\" content=\"de_DE\" \/>\n<meta property=\"og:type\" content=\"article\" \/>\n<meta property=\"og:title\" content=\"Matcha-Pulver Bio\" \/>\n<meta property=\"og:description\" content=\"Matcha hat in den letzten Jahren in der Tat stark an Popularit\u00e4t gewonnen, nicht zuletzt wegen der besonderen Art der Herstellung. Er wird aus den\" \/>\n<meta property=\"og:url\" content=\"https:\/\/dutchmicrodosing.com\/de\/reformhaus\/superfoods\/matcha-poeder-biologisch\/\" \/>\n<meta property=\"og:site_name\" content=\"Dutchmicrodosing\" \/>\n<meta property=\"article:publisher\" content=\"https:\/\/www.facebook.com\/Dutchmicrodosingxp\/\" \/>\n<meta property=\"article:modified_time\" content=\"2025-08-18T13:27:53+00:00\" \/>\n<meta property=\"og:image\" content=\"https:\/\/dutchmicrodosing.com\/wp-content\/uploads\/2023\/11\/1350939426.jpg\" \/>\n\t<meta property=\"og:image:width\" content=\"500\" \/>\n\t<meta property=\"og:image:height\" content=\"500\" \/>\n\t<meta property=\"og:image:type\" content=\"image\/jpeg\" \/>\n<meta name=\"twitter:card\" content=\"summary_large_image\" \/>\n<script type=\"application\/ld+json\" class=\"yoast-schema-graph\">{\"@context\":\"https:\/\/schema.org\",\"@graph\":[{\"@type\":\"WebPage\",\"@id\":\"https:\/\/dutchmicrodosing.com\/de\/reformhaus\/superfoods\/matcha-poeder-biologisch\/\",\"url\":\"https:\/\/dutchmicrodosing.com\/de\/reformhaus\/superfoods\/matcha-poeder-biologisch\/\",\"name\":\"Matcha-Pulver Bio - Dutchmicrodosing\",\"isPartOf\":{\"@id\":\"https:\/\/dutchmicrodosing.com\/de\/#website\"},\"primaryImageOfPage\":{\"@id\":\"https:\/\/dutchmicrodosing.com\/de\/reformhaus\/superfoods\/matcha-poeder-biologisch\/#primaryimage\"},\"image\":{\"@id\":\"https:\/\/dutchmicrodosing.com\/de\/reformhaus\/superfoods\/matcha-poeder-biologisch\/#primaryimage\"},\"thumbnailUrl\":\"https:\/\/dutchmicrodosing.com\/wp-content\/uploads\/2023\/11\/1350939426.jpg\",\"datePublished\":\"2023-11-09T15:22:11+00:00\",\"dateModified\":\"2025-08-18T13:27:53+00:00\",\"breadcrumb\":{\"@id\":\"https:\/\/dutchmicrodosing.com\/de\/reformhaus\/superfoods\/matcha-poeder-biologisch\/#breadcrumb\"},\"inLanguage\":\"de\",\"potentialAction\":[{\"@type\":\"ReadAction\",\"target\":[\"https:\/\/dutchmicrodosing.com\/de\/reformhaus\/superfoods\/matcha-poeder-biologisch\/\"]}]},{\"@type\":\"ImageObject\",\"inLanguage\":\"de\",\"@id\":\"https:\/\/dutchmicrodosing.com\/de\/reformhaus\/superfoods\/matcha-poeder-biologisch\/#primaryimage\",\"url\":\"https:\/\/dutchmicrodosing.com\/wp-content\/uploads\/2023\/11\/1350939426.jpg\",\"contentUrl\":\"https:\/\/dutchmicrodosing.com\/wp-content\/uploads\/2023\/11\/1350939426.jpg\",\"width\":500,\"height\":500},{\"@type\":\"BreadcrumbList\",\"@id\":\"https:\/\/dutchmicrodosing.com\/de\/reformhaus\/superfoods\/matcha-poeder-biologisch\/#breadcrumb\",\"itemListElement\":[{\"@type\":\"ListItem\",\"position\":1,\"name\":\"Home\",\"item\":\"https:\/\/dutchmicrodosing.com\/de\/\"},{\"@type\":\"ListItem\",\"position\":2,\"name\":\"Shop\",\"item\":\"https:\/\/dutchmicrodosing.com\/de\/shop\/\"},{\"@type\":\"ListItem\",\"position\":3,\"name\":\"Matcha-Pulver Bio\"}]},{\"@type\":\"WebSite\",\"@id\":\"https:\/\/dutchmicrodosing.com\/de\/#website\",\"url\":\"https:\/\/dutchmicrodosing.com\/de\/\",\"name\":\"Dutchmicrodosing\",\"description\":\"\",\"publisher\":{\"@id\":\"https:\/\/dutchmicrodosing.com\/de\/#organization\"},\"potentialAction\":[{\"@type\":\"SearchAction\",\"target\":{\"@type\":\"EntryPoint\",\"urlTemplate\":\"https:\/\/dutchmicrodosing.com\/de\/?s={search_term_string}\"},\"query-input\":{\"@type\":\"PropertyValueSpecification\",\"valueRequired\":true,\"valueName\":\"search_term_string\"}}],\"inLanguage\":\"de\"},{\"@type\":\"Organization\",\"@id\":\"https:\/\/dutchmicrodosing.com\/de\/#organization\",\"name\":\"Dutchmicrodosing\",\"url\":\"https:\/\/dutchmicrodosing.com\/de\/\",\"logo\":{\"@type\":\"ImageObject\",\"inLanguage\":\"de\",\"@id\":\"https:\/\/dutchmicrodosing.com\/de\/#\/schema\/logo\/image\/\",\"url\":\"https:\/\/dutchmicrodosing.com\/wp-content\/uploads\/2021\/01\/microdosing-categorie-pic-nieuw.jpg\",\"contentUrl\":\"https:\/\/dutchmicrodosing.com\/wp-content\/uploads\/2021\/01\/microdosing-categorie-pic-nieuw.jpg\",\"width\":500,\"height\":500,\"caption\":\"Dutchmicrodosing\"},\"image\":{\"@id\":\"https:\/\/dutchmicrodosing.com\/de\/#\/schema\/logo\/image\/\"},\"sameAs\":[\"https:\/\/www.facebook.com\/Dutchmicrodosingxp\/\",\"https:\/\/www.instagram.com\/dutchmicrodosing\/\"]}]}<\/script>\n<meta property=\"product:price:amount\" content=\"9.95\" \/>\n<meta property=\"product:price:currency\" content=\"EUR\" \/>\n<meta property=\"og:availability\" content=\"instock\" \/>\n<meta property=\"product:availability\" content=\"instock\" \/>\n<meta property=\"product:retailer_item_id\" content=\"3208536\" \/>\n<meta property=\"product:condition\" content=\"new\" \/>\n<!-- \/ Yoast SEO Premium plugin. -->","yoast_head_json":{"title":"Matcha-Pulver Bio - Dutchmicrodosing","robots":{"index":"index","follow":"follow","max-snippet":"max-snippet:-1","max-image-preview":"max-image-preview:large","max-video-preview":"max-video-preview:-1"},"canonical":"https:\/\/dutchmicrodosing.com\/de\/reformhaus\/superfoods\/matcha-poeder-biologisch\/","og_locale":"de_DE","og_type":"article","og_title":"Matcha-Pulver Bio","og_description":"Matcha hat in den letzten Jahren in der Tat stark an Popularit\u00e4t gewonnen, nicht zuletzt wegen der besonderen Art der Herstellung. Er wird aus den","og_url":"https:\/\/dutchmicrodosing.com\/de\/reformhaus\/superfoods\/matcha-poeder-biologisch\/","og_site_name":"Dutchmicrodosing","article_publisher":"https:\/\/www.facebook.com\/Dutchmicrodosingxp\/","article_modified_time":"2025-08-18T13:27:53+00:00","og_image":[{"width":500,"height":500,"url":"https:\/\/dutchmicrodosing.com\/wp-content\/uploads\/2023\/11\/1350939426.jpg","type":"image\/jpeg"}],"twitter_card":"summary_large_image","schema":{"@context":"https:\/\/schema.org","@graph":[{"@type":"WebPage","@id":"https:\/\/dutchmicrodosing.com\/de\/reformhaus\/superfoods\/matcha-poeder-biologisch\/","url":"https:\/\/dutchmicrodosing.com\/de\/reformhaus\/superfoods\/matcha-poeder-biologisch\/","name":"Matcha-Pulver Bio - Dutchmicrodosing","isPartOf":{"@id":"https:\/\/dutchmicrodosing.com\/de\/#website"},"primaryImageOfPage":{"@id":"https:\/\/dutchmicrodosing.com\/de\/reformhaus\/superfoods\/matcha-poeder-biologisch\/#primaryimage"},"image":{"@id":"https:\/\/dutchmicrodosing.com\/de\/reformhaus\/superfoods\/matcha-poeder-biologisch\/#primaryimage"},"thumbnailUrl":"https:\/\/dutchmicrodosing.com\/wp-content\/uploads\/2023\/11\/1350939426.jpg","datePublished":"2023-11-09T15:22:11+00:00","dateModified":"2025-08-18T13:27:53+00:00","breadcrumb":{"@id":"https:\/\/dutchmicrodosing.com\/de\/reformhaus\/superfoods\/matcha-poeder-biologisch\/#breadcrumb"},"inLanguage":"de","potentialAction":[{"@type":"ReadAction","target":["https:\/\/dutchmicrodosing.com\/de\/reformhaus\/superfoods\/matcha-poeder-biologisch\/"]}]},{"@type":"ImageObject","inLanguage":"de","@id":"https:\/\/dutchmicrodosing.com\/de\/reformhaus\/superfoods\/matcha-poeder-biologisch\/#primaryimage","url":"https:\/\/dutchmicrodosing.com\/wp-content\/uploads\/2023\/11\/1350939426.jpg","contentUrl":"https:\/\/dutchmicrodosing.com\/wp-content\/uploads\/2023\/11\/1350939426.jpg","width":500,"height":500},{"@type":"BreadcrumbList","@id":"https:\/\/dutchmicrodosing.com\/de\/reformhaus\/superfoods\/matcha-poeder-biologisch\/#breadcrumb","itemListElement":[{"@type":"ListItem","position":1,"name":"Home","item":"https:\/\/dutchmicrodosing.com\/de\/"},{"@type":"ListItem","position":2,"name":"Shop","item":"https:\/\/dutchmicrodosing.com\/de\/shop\/"},{"@type":"ListItem","position":3,"name":"Matcha-Pulver Bio"}]},{"@type":"WebSite","@id":"https:\/\/dutchmicrodosing.com\/de\/#website","url":"https:\/\/dutchmicrodosing.com\/de\/","name":"Dutchmicrodosing","description":"","publisher":{"@id":"https:\/\/dutchmicrodosing.com\/de\/#organization"},"potentialAction":[{"@type":"SearchAction","target":{"@type":"EntryPoint","urlTemplate":"https:\/\/dutchmicrodosing.com\/de\/?s={search_term_string}"},"query-input":{"@type":"PropertyValueSpecification","valueRequired":true,"valueName":"search_term_string"}}],"inLanguage":"de"},{"@type":"Organization","@id":"https:\/\/dutchmicrodosing.com\/de\/#organization","name":"Dutchmicrodosing","url":"https:\/\/dutchmicrodosing.com\/de\/","logo":{"@type":"ImageObject","inLanguage":"de","@id":"https:\/\/dutchmicrodosing.com\/de\/#\/schema\/logo\/image\/","url":"https:\/\/dutchmicrodosing.com\/wp-content\/uploads\/2021\/01\/microdosing-categorie-pic-nieuw.jpg","contentUrl":"https:\/\/dutchmicrodosing.com\/wp-content\/uploads\/2021\/01\/microdosing-categorie-pic-nieuw.jpg","width":500,"height":500,"caption":"Dutchmicrodosing"},"image":{"@id":"https:\/\/dutchmicrodosing.com\/de\/#\/schema\/logo\/image\/"},"sameAs":["https:\/\/www.facebook.com\/Dutchmicrodosingxp\/","https:\/\/www.instagram.com\/dutchmicrodosing\/"]}]},"product_price_amount":"9.95","product_price_currency":"EUR","og_availability":"instock","product_availability":"instock","product_retailer_item_id":"3208536","product_condition":"new"},"_links":{"self":[{"href":"https:\/\/dutchmicrodosing.com\/de\/wp-json\/wp\/v2\/product\/30828","targetHints":{"allow":["GET"]}}],"collection":[{"href":"https:\/\/dutchmicrodosing.com\/de\/wp-json\/wp\/v2\/product"}],"about":[{"href":"https:\/\/dutchmicrodosing.com\/de\/wp-json\/wp\/v2\/types\/product"}],"replies":[{"embeddable":true,"href":"https:\/\/dutchmicrodosing.com\/de\/wp-json\/wp\/v2\/comments?post=30828"}],"version-history":[{"count":0,"href":"https:\/\/dutchmicrodosing.com\/de\/wp-json\/wp\/v2\/product\/30828\/revisions"}],"wp:featuredmedia":[{"embeddable":true,"href":"https:\/\/dutchmicrodosing.com\/de\/wp-json\/wp\/v2\/media\/30819"}],"wp:attachment":[{"href":"https:\/\/dutchmicrodosing.com\/de\/wp-json\/wp\/v2\/media?parent=30828"}],"wp:term":[{"taxonomy":"product_brand","embeddable":true,"href":"https:\/\/dutchmicrodosing.com\/de\/wp-json\/wp\/v2\/product_brand?post=30828"},{"taxonomy":"product_cat","embeddable":true,"href":"https:\/\/dutchmicrodosing.com\/de\/wp-json\/wp\/v2\/product_cat?post=30828"},{"taxonomy":"product_tag","embeddable":true,"href":"https:\/\/dutchmicrodosing.com\/de\/wp-json\/wp\/v2\/product_tag?post=30828"}],"curies":[{"name":"wp","href":"https:\/\/api.w.org\/{rel}","templated":true}]}}