{"id":30891,"date":"2023-11-10T08:20:20","date_gmt":"2023-11-10T07:20:20","guid":{"rendered":"https:\/\/dutchmicrodosing.com\/shop\/unkategorisiert\/acai-pulver-gefriergetrocknet-organisch\/"},"modified":"2026-02-03T16:42:31","modified_gmt":"2026-02-03T15:42:31","slug":"acai-pulver-gefriergetrocknet-organisch","status":"publish","type":"product","link":"https:\/\/dutchmicrodosing.com\/de\/reformhaus\/superfoods\/acai-pulver-gefriergetrocknet-organisch\/","title":{"rendered":"Acai-Pulver gefriergetrocknet Bio"},"content":{"rendered":"<p>Die A\u00e7a\u00ed-Beere, oft auch als &#8222;Akia&#8220; bezeichnet, ist eine kleine, dunkelviolette Frucht aus dem Amazonas-Dschungel. Diese Beere ist bei den indigenen V\u00f6lkern seit langem f\u00fcr ihre wohltuenden und nahrhaften Eigenschaften bekannt. Da eine gesunde und nachhaltige Ern\u00e4hrung immer beliebter wird, steigt die Nachfrage nach <strong>Bio-A\u00e7a\u00ed-Pulver<\/strong> weltweit. Aber warum ist dieses Pulver so besonders? A\u00e7a\u00ed-Beeren sind sehr nahrhaft und reich an Antioxidantien, Ballaststoffen, Omega-3-Fetts\u00e4uren sowie einer Reihe von Vitaminen und Mineralstoffen. Die Antioxidantien in A\u00e7a\u00ed, insbesondere die Anthocyane, sind f\u00fcr ihre F\u00e4higkeit bekannt, sch\u00e4dliche freie Radikale im K\u00f6rper zu bek\u00e4mpfen. Diese Radikale k\u00f6nnen Zellen sch\u00e4digen, die Alterung beschleunigen und zu verschiedenen Krankheiten beitragen. Gefriergetrocknetes Bio-A\u00e7a\u00ed-Pulver enth\u00e4lt wichtige Mineralien wie Magnesium, Zink und Eisen und ist reich an Phyton\u00e4hrstoffen. Dies macht ihn zu einer hervorragenden Erg\u00e4nzung einer ausgewogenen Ern\u00e4hrung.<\/p>\n<h3>Zutat<\/h3>\n<p>100% biologisches Acai-Fruchtfleisch (ohne Schale und Kerne).<\/p>\n<h3>Operation<\/h3>\n<ul>\n<li>Verbesserter Hautzustand.<\/li>\n<li>Kognitive Verbesserung.<\/li>\n<li>Sorgt f\u00fcr eine nat\u00fcrliche Entgiftung.<\/li>\n<li>Tr\u00e4gt zu einer guten Verdauung bei.<\/li>\n<li>Sch\u00fctzt vor Herz-Kreislauf-Erkrankungen.<\/li>\n<li>S\u00e4ttigt und kann bei der Gewichtsabnahme helfen.<\/li>\n<\/ul>\n<h3>Verwenden Sie<\/h3>\n<ul>\n<li>Nehmen Sie 2 bis 3 Gramm pro Tag ein.<\/li>\n<li>An einem dunklen, k\u00fchlen Ort aufbewahren.<\/li>\n<li>Au\u00dferhalb der Reichweite von Kindern aufbewahren.<\/li>\n<\/ul>\n<h3>Hinweise zur Lagerung<\/h3>\n<p>Bewahren Sie dieses Produkt an einem dunklen, k\u00fchlen Ort auf, z. B. in einem K\u00fcchenschrank und au\u00dferhalb der Reichweite von Kindern.<\/p>\n<h3>Inhalt<\/h3>\n<p>100% biologisches Acai-Fruchtfleisch (ohne Schale und Kerne) &#8211; 100 g.<\/p>\n","protected":false},"excerpt":{"rendered":"<p>Die A\u00e7a\u00ed-Beere, oft auch als &#8222;Akia&#8220; bezeichnet, ist eine kleine, dunkelviolette Frucht aus dem Amazonas-Dschungel. Diese Beere ist bei den indigenen V\u00f6lkern seit langem f\u00fcr ihre wohltuenden und nahrhaften Eigenschaften bekannt. Da eine gesunde und nachhaltige Ern\u00e4hrung immer beliebter wird, steigt die Nachfrage nach Bio-A\u00e7a\u00ed-Pulver weltweit. Aber warum ist dieses Pulver so besonders? A\u00e7a\u00ed-Beeren sind [&hellip;]<\/p>\n","protected":false},"featured_media":30885,"comment_status":"closed","ping_status":"closed","template":"","meta":[],"product_brand":[],"product_cat":[293,281],"product_tag":[],"class_list":{"0":"post-30891","1":"product","2":"type-product","3":"status-publish","4":"has-post-thumbnail","6":"product_cat-erganzungen-fur-das-immunsystem","7":"product_cat-superfoods","9":"first","10":"instock","11":"taxable","12":"shipping-taxable","13":"purchasable","14":"product-type-simple"},"yoast_head":"<!-- This site is optimized with the Yoast SEO Premium plugin v26.4 (Yoast SEO v27.4) - https:\/\/yoast.com\/product\/yoast-seo-premium-wordpress\/ -->\n<title>Acai-Pulver gefriergetrocknet Bio - Dutchmicrodosing<\/title>\n<meta name=\"description\" content=\"Die A\u00e7a\u00ed-Beere, oft auch als &quot;Akia&quot; bezeichnet, ist eine kleine, dunkelviolette Frucht aus dem Amazonas-Dschungel. Diese Beere ist den indigenen St\u00e4mmen seit langem bekannt\" \/>\n<meta name=\"robots\" content=\"index, follow, max-snippet:-1, max-image-preview:large, max-video-preview:-1\" \/>\n<link rel=\"canonical\" href=\"https:\/\/dutchmicrodosing.com\/de\/reformhaus\/superfoods\/acai-pulver-gefriergetrocknet-organisch\/\" \/>\n<meta property=\"og:locale\" content=\"de_DE\" \/>\n<meta property=\"og:type\" content=\"article\" \/>\n<meta property=\"og:title\" content=\"Acai-Pulver gefriergetrocknet Bio\" \/>\n<meta property=\"og:description\" content=\"Die A\u00e7a\u00ed-Beere, oft auch als &quot;Akia&quot; bezeichnet, ist eine kleine, dunkelviolette Frucht aus dem Amazonas-Dschungel. Diese Beere ist bei den indigenen\" \/>\n<meta property=\"og:url\" content=\"https:\/\/dutchmicrodosing.com\/de\/reformhaus\/superfoods\/acai-pulver-gefriergetrocknet-organisch\/\" \/>\n<meta property=\"og:site_name\" content=\"Dutchmicrodosing\" \/>\n<meta property=\"article:publisher\" content=\"https:\/\/www.facebook.com\/Dutchmicrodosingxp\/\" \/>\n<meta property=\"article:modified_time\" content=\"2026-02-03T15:42:31+00:00\" \/>\n<meta property=\"og:image\" content=\"https:\/\/dutchmicrodosing.com\/wp-content\/uploads\/2023\/11\/superfoods_acai2_8_185-1.webp\" \/>\n\t<meta property=\"og:image:width\" content=\"440\" \/>\n\t<meta property=\"og:image:height\" content=\"440\" \/>\n\t<meta property=\"og:image:type\" content=\"image\/webp\" \/>\n<meta name=\"twitter:card\" content=\"summary_large_image\" \/>\n<script type=\"application\/ld+json\" class=\"yoast-schema-graph\">{\"@context\":\"https:\\\/\\\/schema.org\",\"@graph\":[{\"@type\":\"WebPage\",\"@id\":\"https:\\\/\\\/dutchmicrodosing.com\\\/de\\\/reformhaus\\\/superfoods\\\/acai-pulver-gefriergetrocknet-organisch\\\/\",\"url\":\"https:\\\/\\\/dutchmicrodosing.com\\\/de\\\/reformhaus\\\/superfoods\\\/acai-pulver-gefriergetrocknet-organisch\\\/\",\"name\":\"Acai-Pulver gefriergetrocknet Bio - Dutchmicrodosing\",\"isPartOf\":{\"@id\":\"https:\\\/\\\/dutchmicrodosing.com\\\/de\\\/#website\"},\"primaryImageOfPage\":{\"@id\":\"https:\\\/\\\/dutchmicrodosing.com\\\/de\\\/reformhaus\\\/superfoods\\\/acai-pulver-gefriergetrocknet-organisch\\\/#primaryimage\"},\"image\":{\"@id\":\"https:\\\/\\\/dutchmicrodosing.com\\\/de\\\/reformhaus\\\/superfoods\\\/acai-pulver-gefriergetrocknet-organisch\\\/#primaryimage\"},\"thumbnailUrl\":\"https:\\\/\\\/dutchmicrodosing.com\\\/wp-content\\\/uploads\\\/2023\\\/11\\\/superfoods_acai2_8_185-1.webp\",\"datePublished\":\"2023-11-10T07:20:20+00:00\",\"dateModified\":\"2026-02-03T15:42:31+00:00\",\"description\":\"Die A\u00e7a\u00ed-Beere, oft auch als \\\"Akia\\\" bezeichnet, ist eine kleine, dunkelviolette Frucht aus dem Amazonas-Dschungel. Diese Beere ist den indigenen St\u00e4mmen seit langem bekannt\",\"breadcrumb\":{\"@id\":\"https:\\\/\\\/dutchmicrodosing.com\\\/de\\\/reformhaus\\\/superfoods\\\/acai-pulver-gefriergetrocknet-organisch\\\/#breadcrumb\"},\"inLanguage\":\"de\",\"potentialAction\":[{\"@type\":\"ReadAction\",\"target\":[\"https:\\\/\\\/dutchmicrodosing.com\\\/de\\\/reformhaus\\\/superfoods\\\/acai-pulver-gefriergetrocknet-organisch\\\/\"]}]},{\"@type\":\"ImageObject\",\"inLanguage\":\"de\",\"@id\":\"https:\\\/\\\/dutchmicrodosing.com\\\/de\\\/reformhaus\\\/superfoods\\\/acai-pulver-gefriergetrocknet-organisch\\\/#primaryimage\",\"url\":\"https:\\\/\\\/dutchmicrodosing.com\\\/wp-content\\\/uploads\\\/2023\\\/11\\\/superfoods_acai2_8_185-1.webp\",\"contentUrl\":\"https:\\\/\\\/dutchmicrodosing.com\\\/wp-content\\\/uploads\\\/2023\\\/11\\\/superfoods_acai2_8_185-1.webp\",\"width\":440,\"height\":440},{\"@type\":\"BreadcrumbList\",\"@id\":\"https:\\\/\\\/dutchmicrodosing.com\\\/de\\\/reformhaus\\\/superfoods\\\/acai-pulver-gefriergetrocknet-organisch\\\/#breadcrumb\",\"itemListElement\":[{\"@type\":\"ListItem\",\"position\":1,\"name\":\"Home\",\"item\":\"https:\\\/\\\/dutchmicrodosing.com\\\/de\\\/\"},{\"@type\":\"ListItem\",\"position\":2,\"name\":\"Shop\",\"item\":\"https:\\\/\\\/dutchmicrodosing.com\\\/de\\\/shop\\\/\"},{\"@type\":\"ListItem\",\"position\":3,\"name\":\"Acai-Pulver gefriergetrocknet Bio\"}]},{\"@type\":\"WebSite\",\"@id\":\"https:\\\/\\\/dutchmicrodosing.com\\\/de\\\/#website\",\"url\":\"https:\\\/\\\/dutchmicrodosing.com\\\/de\\\/\",\"name\":\"Dutchmicrodosing\",\"description\":\"\",\"publisher\":{\"@id\":\"https:\\\/\\\/dutchmicrodosing.com\\\/de\\\/#organization\"},\"potentialAction\":[{\"@type\":\"SearchAction\",\"target\":{\"@type\":\"EntryPoint\",\"urlTemplate\":\"https:\\\/\\\/dutchmicrodosing.com\\\/de\\\/?s={search_term_string}\"},\"query-input\":{\"@type\":\"PropertyValueSpecification\",\"valueRequired\":true,\"valueName\":\"search_term_string\"}}],\"inLanguage\":\"de\"},{\"@type\":\"Organization\",\"@id\":\"https:\\\/\\\/dutchmicrodosing.com\\\/de\\\/#organization\",\"name\":\"Dutchmicrodosing\",\"url\":\"https:\\\/\\\/dutchmicrodosing.com\\\/de\\\/\",\"logo\":{\"@type\":\"ImageObject\",\"inLanguage\":\"de\",\"@id\":\"https:\\\/\\\/dutchmicrodosing.com\\\/de\\\/#\\\/schema\\\/logo\\\/image\\\/\",\"url\":\"https:\\\/\\\/dutchmicrodosing.com\\\/wp-content\\\/uploads\\\/2021\\\/01\\\/microdosing-categorie-pic-nieuw.jpg\",\"contentUrl\":\"https:\\\/\\\/dutchmicrodosing.com\\\/wp-content\\\/uploads\\\/2021\\\/01\\\/microdosing-categorie-pic-nieuw.jpg\",\"width\":500,\"height\":500,\"caption\":\"Dutchmicrodosing\"},\"image\":{\"@id\":\"https:\\\/\\\/dutchmicrodosing.com\\\/de\\\/#\\\/schema\\\/logo\\\/image\\\/\"},\"sameAs\":[\"https:\\\/\\\/www.facebook.com\\\/Dutchmicrodosingxp\\\/\",\"https:\\\/\\\/www.instagram.com\\\/dutchmicrodosing\\\/\"]}]}<\/script>\n<meta property=\"product:price:amount\" content=\"14.95\" \/>\n<meta property=\"product:price:currency\" content=\"EUR\" \/>\n<meta property=\"og:availability\" content=\"instock\" \/>\n<meta property=\"product:availability\" content=\"instock\" \/>\n<meta property=\"product:retailer_item_id\" content=\"3208150\" \/>\n<meta property=\"product:condition\" content=\"new\" \/>\n<!-- \/ Yoast SEO Premium plugin. -->","yoast_head_json":{"title":"Acai-Pulver gefriergetrocknet Bio - Dutchmicrodosing","description":"Die A\u00e7a\u00ed-Beere, oft auch als \"Akia\" bezeichnet, ist eine kleine, dunkelviolette Frucht aus dem Amazonas-Dschungel. Diese Beere ist den indigenen St\u00e4mmen seit langem bekannt","robots":{"index":"index","follow":"follow","max-snippet":"max-snippet:-1","max-image-preview":"max-image-preview:large","max-video-preview":"max-video-preview:-1"},"canonical":"https:\/\/dutchmicrodosing.com\/de\/reformhaus\/superfoods\/acai-pulver-gefriergetrocknet-organisch\/","og_locale":"de_DE","og_type":"article","og_title":"Acai-Pulver gefriergetrocknet Bio","og_description":"Die A\u00e7a\u00ed-Beere, oft auch als \"Akia\" bezeichnet, ist eine kleine, dunkelviolette Frucht aus dem Amazonas-Dschungel. Diese Beere ist bei den indigenen","og_url":"https:\/\/dutchmicrodosing.com\/de\/reformhaus\/superfoods\/acai-pulver-gefriergetrocknet-organisch\/","og_site_name":"Dutchmicrodosing","article_publisher":"https:\/\/www.facebook.com\/Dutchmicrodosingxp\/","article_modified_time":"2026-02-03T15:42:31+00:00","og_image":[{"width":440,"height":440,"url":"https:\/\/dutchmicrodosing.com\/wp-content\/uploads\/2023\/11\/superfoods_acai2_8_185-1.webp","type":"image\/webp"}],"twitter_card":"summary_large_image","schema":{"@context":"https:\/\/schema.org","@graph":[{"@type":"WebPage","@id":"https:\/\/dutchmicrodosing.com\/de\/reformhaus\/superfoods\/acai-pulver-gefriergetrocknet-organisch\/","url":"https:\/\/dutchmicrodosing.com\/de\/reformhaus\/superfoods\/acai-pulver-gefriergetrocknet-organisch\/","name":"Acai-Pulver gefriergetrocknet Bio - Dutchmicrodosing","isPartOf":{"@id":"https:\/\/dutchmicrodosing.com\/de\/#website"},"primaryImageOfPage":{"@id":"https:\/\/dutchmicrodosing.com\/de\/reformhaus\/superfoods\/acai-pulver-gefriergetrocknet-organisch\/#primaryimage"},"image":{"@id":"https:\/\/dutchmicrodosing.com\/de\/reformhaus\/superfoods\/acai-pulver-gefriergetrocknet-organisch\/#primaryimage"},"thumbnailUrl":"https:\/\/dutchmicrodosing.com\/wp-content\/uploads\/2023\/11\/superfoods_acai2_8_185-1.webp","datePublished":"2023-11-10T07:20:20+00:00","dateModified":"2026-02-03T15:42:31+00:00","description":"Die A\u00e7a\u00ed-Beere, oft auch als \"Akia\" bezeichnet, ist eine kleine, dunkelviolette Frucht aus dem Amazonas-Dschungel. Diese Beere ist den indigenen St\u00e4mmen seit langem bekannt","breadcrumb":{"@id":"https:\/\/dutchmicrodosing.com\/de\/reformhaus\/superfoods\/acai-pulver-gefriergetrocknet-organisch\/#breadcrumb"},"inLanguage":"de","potentialAction":[{"@type":"ReadAction","target":["https:\/\/dutchmicrodosing.com\/de\/reformhaus\/superfoods\/acai-pulver-gefriergetrocknet-organisch\/"]}]},{"@type":"ImageObject","inLanguage":"de","@id":"https:\/\/dutchmicrodosing.com\/de\/reformhaus\/superfoods\/acai-pulver-gefriergetrocknet-organisch\/#primaryimage","url":"https:\/\/dutchmicrodosing.com\/wp-content\/uploads\/2023\/11\/superfoods_acai2_8_185-1.webp","contentUrl":"https:\/\/dutchmicrodosing.com\/wp-content\/uploads\/2023\/11\/superfoods_acai2_8_185-1.webp","width":440,"height":440},{"@type":"BreadcrumbList","@id":"https:\/\/dutchmicrodosing.com\/de\/reformhaus\/superfoods\/acai-pulver-gefriergetrocknet-organisch\/#breadcrumb","itemListElement":[{"@type":"ListItem","position":1,"name":"Home","item":"https:\/\/dutchmicrodosing.com\/de\/"},{"@type":"ListItem","position":2,"name":"Shop","item":"https:\/\/dutchmicrodosing.com\/de\/shop\/"},{"@type":"ListItem","position":3,"name":"Acai-Pulver gefriergetrocknet Bio"}]},{"@type":"WebSite","@id":"https:\/\/dutchmicrodosing.com\/de\/#website","url":"https:\/\/dutchmicrodosing.com\/de\/","name":"Dutchmicrodosing","description":"","publisher":{"@id":"https:\/\/dutchmicrodosing.com\/de\/#organization"},"potentialAction":[{"@type":"SearchAction","target":{"@type":"EntryPoint","urlTemplate":"https:\/\/dutchmicrodosing.com\/de\/?s={search_term_string}"},"query-input":{"@type":"PropertyValueSpecification","valueRequired":true,"valueName":"search_term_string"}}],"inLanguage":"de"},{"@type":"Organization","@id":"https:\/\/dutchmicrodosing.com\/de\/#organization","name":"Dutchmicrodosing","url":"https:\/\/dutchmicrodosing.com\/de\/","logo":{"@type":"ImageObject","inLanguage":"de","@id":"https:\/\/dutchmicrodosing.com\/de\/#\/schema\/logo\/image\/","url":"https:\/\/dutchmicrodosing.com\/wp-content\/uploads\/2021\/01\/microdosing-categorie-pic-nieuw.jpg","contentUrl":"https:\/\/dutchmicrodosing.com\/wp-content\/uploads\/2021\/01\/microdosing-categorie-pic-nieuw.jpg","width":500,"height":500,"caption":"Dutchmicrodosing"},"image":{"@id":"https:\/\/dutchmicrodosing.com\/de\/#\/schema\/logo\/image\/"},"sameAs":["https:\/\/www.facebook.com\/Dutchmicrodosingxp\/","https:\/\/www.instagram.com\/dutchmicrodosing\/"]}]},"product_price_amount":"14.95","product_price_currency":"EUR","og_availability":"instock","product_availability":"instock","product_retailer_item_id":"3208150","product_condition":"new"},"_links":{"self":[{"href":"https:\/\/dutchmicrodosing.com\/de\/wp-json\/wp\/v2\/product\/30891","targetHints":{"allow":["GET"]}}],"collection":[{"href":"https:\/\/dutchmicrodosing.com\/de\/wp-json\/wp\/v2\/product"}],"about":[{"href":"https:\/\/dutchmicrodosing.com\/de\/wp-json\/wp\/v2\/types\/product"}],"replies":[{"embeddable":true,"href":"https:\/\/dutchmicrodosing.com\/de\/wp-json\/wp\/v2\/comments?post=30891"}],"version-history":[{"count":1,"href":"https:\/\/dutchmicrodosing.com\/de\/wp-json\/wp\/v2\/product\/30891\/revisions"}],"predecessor-version":[{"id":64291,"href":"https:\/\/dutchmicrodosing.com\/de\/wp-json\/wp\/v2\/product\/30891\/revisions\/64291"}],"wp:featuredmedia":[{"embeddable":true,"href":"https:\/\/dutchmicrodosing.com\/de\/wp-json\/wp\/v2\/media\/30885"}],"wp:attachment":[{"href":"https:\/\/dutchmicrodosing.com\/de\/wp-json\/wp\/v2\/media?parent=30891"}],"wp:term":[{"taxonomy":"product_brand","embeddable":true,"href":"https:\/\/dutchmicrodosing.com\/de\/wp-json\/wp\/v2\/product_brand?post=30891"},{"taxonomy":"product_cat","embeddable":true,"href":"https:\/\/dutchmicrodosing.com\/de\/wp-json\/wp\/v2\/product_cat?post=30891"},{"taxonomy":"product_tag","embeddable":true,"href":"https:\/\/dutchmicrodosing.com\/de\/wp-json\/wp\/v2\/product_tag?post=30891"}],"curies":[{"name":"wp","href":"https:\/\/api.w.org\/{rel}","templated":true}]}}