{"id":30928,"date":"2023-11-10T10:47:57","date_gmt":"2023-11-10T09:58:57","guid":{"rendered":"https:\/\/dutchmicrodosing.com\/shop\/unkategorisiert\/heilpflanzen-cannabisoel-mit-olivenoel-15-cbd-1500mg\/"},"modified":"2025-02-20T14:21:48","modified_gmt":"2025-02-20T13:21:48","slug":"heilpflanzen-cannabisoel-mit-olivenoel-15-cbd-1500mg","status":"publish","type":"product","link":"https:\/\/dutchmicrodosing.com\/de\/reformhaus\/cbd-nahrungsergaenzungsmittel\/heilpflanzen-cannabisoel-mit-olivenoel-15-cbd-1500mg\/","title":{"rendered":"Plant of Remedy Cannabis\u00f6l mit Oliven\u00f6l &#8211; 15% CBD (1500mg)"},"content":{"rendered":"<p>Das Produkt<strong> Plant of Remedy with Olive Oil<\/strong> ist ein CBD-\u00d6l mit einer relativ hohen Konzentration an Cannabidiol, n\u00e4mlich 15%. Es ist mit Oliven\u00f6l formuliert, einem nat\u00fcrlichen \u00d6l, das oft f\u00fcr seine nat\u00fcrlichen Eigenschaften gelobt wird. Dieses \u00d6l wird als &#8222;Vollspektrumprodukt&#8220; eingestuft, was bedeutet, dass es eine breite Palette von Cannabinoiden enth\u00e4lt, die aus der Hanfpflanze extrahiert werden, aber kein THC enthalten. Das bedeutet, dass es alle Substanzen (au\u00dfer THC) der ganzen Pflanze enth\u00e4lt, aber keine berauschende Wirkung hat, die mit THC verbunden ist.<\/p>\n<h3>Inhaltsstoffe<\/h3>\n<ul>\n<li>Cannabis Sativa \u00d6l &#8211; Olive<\/li>\n<li>15% CBD<\/li>\n<li>100% Bio<\/li>\n<li>200 Tropfen pro Flasche &#8211; (7,5 mg CBD \/ Tropfen)<\/li>\n<\/ul>\n<h3>Verwenden Sie .<\/h3>\n<ul>\n<li>2 Tropfen unter die Zunge geben<\/li>\n<li>Maximal 10 Tropfen<\/li>\n<li>Vor Gebrauch gut sch\u00fctteln<\/li>\n<li>Die empfohlene Tagesdosis darf nicht \u00fcberschritten werden.<\/li>\n<\/ul>\n<h3>Hinweise zur Lagerung<\/h3>\n<p>Bewahren Sie dieses Produkt an einem k\u00fchlen und dunklen Ort, z. B. in einem K\u00fcchenschrank, und au\u00dferhalb der Reichweite von Kindern auf.<\/p>\n<h3>Inhalt<\/h3>\n<p>Pflanze von Remedy CBD-\u00d6l 15% CBD(1500mg CBD) mit Oliven\u00f6l &#8211; 10ML<\/p>\n","protected":false},"excerpt":{"rendered":"<p>Das Produkt Plant of Remedy with Olive Oil ist ein CBD-\u00d6l mit einer relativ hohen Konzentration an Cannabidiol, n\u00e4mlich 15%. Es ist mit Oliven\u00f6l formuliert, einem nat\u00fcrlichen \u00d6l, das oft f\u00fcr seine nat\u00fcrlichen Eigenschaften gelobt wird. Dieses \u00d6l wird als &#8222;Vollspektrumprodukt&#8220; eingestuft, was bedeutet, dass es eine breite Palette von Cannabinoiden enth\u00e4lt, die aus der [&hellip;]<\/p>\n","protected":false},"featured_media":30909,"comment_status":"closed","ping_status":"closed","template":"","meta":[],"product_brand":[],"product_cat":[286],"product_tag":[],"class_list":{"0":"post-30928","1":"product","2":"type-product","3":"status-publish","4":"has-post-thumbnail","6":"product_cat-cbd-nahrungsergaenzungsmittel","8":"first","9":"outofstock","10":"taxable","11":"shipping-taxable","12":"purchasable","13":"product-type-simple"},"yoast_head":"<!-- This site is optimized with the Yoast SEO Premium plugin v26.4 (Yoast SEO v27.2) - https:\/\/yoast.com\/product\/yoast-seo-premium-wordpress\/ -->\n<title>Plant of Remedy Cannabis\u00f6l mit Oliven\u00f6l - 15% CBD (1500mg) - Dutchmicrodosing<\/title>\n<meta name=\"description\" content=\"Das Produkt Plant of Remedy with Olive Oil ist ein CBD-\u00d6l mit einer relativ hohen Konzentration an Cannabidiol, n\u00e4mlich 15%. Sie besteht aus...\" \/>\n<meta name=\"robots\" content=\"index, follow, max-snippet:-1, max-image-preview:large, max-video-preview:-1\" \/>\n<link rel=\"canonical\" href=\"https:\/\/dutchmicrodosing.com\/de\/reformhaus\/cbd-nahrungsergaenzungsmittel\/heilpflanzen-cannabisoel-mit-olivenoel-15-cbd-1500mg\/\" \/>\n<meta property=\"og:locale\" content=\"de_DE\" \/>\n<meta property=\"og:type\" content=\"article\" \/>\n<meta property=\"og:title\" content=\"Plant of Remedy Cannabis\u00f6l mit Oliven\u00f6l - 15% CBD (1500mg)\" \/>\n<meta property=\"og:description\" content=\"Das Produkt Plant of Remedy with Olive Oil ist ein CBD-\u00d6l mit einer relativ hohen Konzentration an Cannabidiol, n\u00e4mlich 15%. Es ist mit Oliven\u00f6l\" \/>\n<meta property=\"og:url\" content=\"https:\/\/dutchmicrodosing.com\/de\/reformhaus\/cbd-nahrungsergaenzungsmittel\/heilpflanzen-cannabisoel-mit-olivenoel-15-cbd-1500mg\/\" \/>\n<meta property=\"og:site_name\" content=\"Dutchmicrodosing\" \/>\n<meta property=\"article:publisher\" content=\"https:\/\/www.facebook.com\/Dutchmicrodosingxp\/\" \/>\n<meta property=\"article:modified_time\" content=\"2025-02-20T13:21:48+00:00\" \/>\n<meta property=\"og:image\" content=\"https:\/\/dutchmicrodosing.com\/wp-content\/uploads\/2023\/11\/oliva15-1.jpg\" \/>\n\t<meta property=\"og:image:width\" content=\"600\" \/>\n\t<meta property=\"og:image:height\" content=\"600\" \/>\n\t<meta property=\"og:image:type\" content=\"image\/jpeg\" \/>\n<meta name=\"twitter:card\" content=\"summary_large_image\" \/>\n<script type=\"application\/ld+json\" class=\"yoast-schema-graph\">{\"@context\":\"https:\/\/schema.org\",\"@graph\":[{\"@type\":\"WebPage\",\"@id\":\"https:\/\/dutchmicrodosing.com\/de\/reformhaus\/cbd-nahrungsergaenzungsmittel\/heilpflanzen-cannabisoel-mit-olivenoel-15-cbd-1500mg\/\",\"url\":\"https:\/\/dutchmicrodosing.com\/de\/reformhaus\/cbd-nahrungsergaenzungsmittel\/heilpflanzen-cannabisoel-mit-olivenoel-15-cbd-1500mg\/\",\"name\":\"Plant of Remedy Cannabis\u00f6l mit Oliven\u00f6l - 15% CBD (1500mg) - Dutchmicrodosing\",\"isPartOf\":{\"@id\":\"https:\/\/dutchmicrodosing.com\/de\/#website\"},\"primaryImageOfPage\":{\"@id\":\"https:\/\/dutchmicrodosing.com\/de\/reformhaus\/cbd-nahrungsergaenzungsmittel\/heilpflanzen-cannabisoel-mit-olivenoel-15-cbd-1500mg\/#primaryimage\"},\"image\":{\"@id\":\"https:\/\/dutchmicrodosing.com\/de\/reformhaus\/cbd-nahrungsergaenzungsmittel\/heilpflanzen-cannabisoel-mit-olivenoel-15-cbd-1500mg\/#primaryimage\"},\"thumbnailUrl\":\"https:\/\/dutchmicrodosing.com\/wp-content\/uploads\/2023\/11\/oliva15-1.jpg\",\"datePublished\":\"2023-11-10T09:58:57+00:00\",\"dateModified\":\"2025-02-20T13:21:48+00:00\",\"description\":\"Das Produkt Plant of Remedy with Olive Oil ist ein CBD-\u00d6l mit einer relativ hohen Konzentration an Cannabidiol, n\u00e4mlich 15%. Sie besteht aus...\",\"breadcrumb\":{\"@id\":\"https:\/\/dutchmicrodosing.com\/de\/reformhaus\/cbd-nahrungsergaenzungsmittel\/heilpflanzen-cannabisoel-mit-olivenoel-15-cbd-1500mg\/#breadcrumb\"},\"inLanguage\":\"de\",\"potentialAction\":[{\"@type\":\"ReadAction\",\"target\":[\"https:\/\/dutchmicrodosing.com\/de\/reformhaus\/cbd-nahrungsergaenzungsmittel\/heilpflanzen-cannabisoel-mit-olivenoel-15-cbd-1500mg\/\"]}]},{\"@type\":\"ImageObject\",\"inLanguage\":\"de\",\"@id\":\"https:\/\/dutchmicrodosing.com\/de\/reformhaus\/cbd-nahrungsergaenzungsmittel\/heilpflanzen-cannabisoel-mit-olivenoel-15-cbd-1500mg\/#primaryimage\",\"url\":\"https:\/\/dutchmicrodosing.com\/wp-content\/uploads\/2023\/11\/oliva15-1.jpg\",\"contentUrl\":\"https:\/\/dutchmicrodosing.com\/wp-content\/uploads\/2023\/11\/oliva15-1.jpg\",\"width\":600,\"height\":600},{\"@type\":\"BreadcrumbList\",\"@id\":\"https:\/\/dutchmicrodosing.com\/de\/reformhaus\/cbd-nahrungsergaenzungsmittel\/heilpflanzen-cannabisoel-mit-olivenoel-15-cbd-1500mg\/#breadcrumb\",\"itemListElement\":[{\"@type\":\"ListItem\",\"position\":1,\"name\":\"Home\",\"item\":\"https:\/\/dutchmicrodosing.com\/de\/\"},{\"@type\":\"ListItem\",\"position\":2,\"name\":\"Shop\",\"item\":\"https:\/\/dutchmicrodosing.com\/de\/shop\/\"},{\"@type\":\"ListItem\",\"position\":3,\"name\":\"Plant of Remedy Cannabis\u00f6l mit Oliven\u00f6l &#8211; 15% CBD (1500mg)\"}]},{\"@type\":\"WebSite\",\"@id\":\"https:\/\/dutchmicrodosing.com\/de\/#website\",\"url\":\"https:\/\/dutchmicrodosing.com\/de\/\",\"name\":\"Dutchmicrodosing\",\"description\":\"\",\"publisher\":{\"@id\":\"https:\/\/dutchmicrodosing.com\/de\/#organization\"},\"potentialAction\":[{\"@type\":\"SearchAction\",\"target\":{\"@type\":\"EntryPoint\",\"urlTemplate\":\"https:\/\/dutchmicrodosing.com\/de\/?s={search_term_string}\"},\"query-input\":{\"@type\":\"PropertyValueSpecification\",\"valueRequired\":true,\"valueName\":\"search_term_string\"}}],\"inLanguage\":\"de\"},{\"@type\":\"Organization\",\"@id\":\"https:\/\/dutchmicrodosing.com\/de\/#organization\",\"name\":\"Dutchmicrodosing\",\"url\":\"https:\/\/dutchmicrodosing.com\/de\/\",\"logo\":{\"@type\":\"ImageObject\",\"inLanguage\":\"de\",\"@id\":\"https:\/\/dutchmicrodosing.com\/de\/#\/schema\/logo\/image\/\",\"url\":\"https:\/\/dutchmicrodosing.com\/wp-content\/uploads\/2021\/01\/microdosing-categorie-pic-nieuw.jpg\",\"contentUrl\":\"https:\/\/dutchmicrodosing.com\/wp-content\/uploads\/2021\/01\/microdosing-categorie-pic-nieuw.jpg\",\"width\":500,\"height\":500,\"caption\":\"Dutchmicrodosing\"},\"image\":{\"@id\":\"https:\/\/dutchmicrodosing.com\/de\/#\/schema\/logo\/image\/\"},\"sameAs\":[\"https:\/\/www.facebook.com\/Dutchmicrodosingxp\/\",\"https:\/\/www.instagram.com\/dutchmicrodosing\/\"]}]}<\/script>\n<meta property=\"product:price:amount\" content=\"15.95\" \/>\n<meta property=\"product:price:currency\" content=\"EUR\" \/>\n<meta property=\"og:availability\" content=\"out of stock\" \/>\n<meta property=\"product:availability\" content=\"out of stock\" \/>\n<meta property=\"product:retailer_item_id\" content=\"0211824\" \/>\n<meta property=\"product:condition\" content=\"new\" \/>\n<!-- \/ Yoast SEO Premium plugin. -->","yoast_head_json":{"title":"Plant of Remedy Cannabis\u00f6l mit Oliven\u00f6l - 15% CBD (1500mg) - Dutchmicrodosing","description":"Das Produkt Plant of Remedy with Olive Oil ist ein CBD-\u00d6l mit einer relativ hohen Konzentration an Cannabidiol, n\u00e4mlich 15%. Sie besteht aus...","robots":{"index":"index","follow":"follow","max-snippet":"max-snippet:-1","max-image-preview":"max-image-preview:large","max-video-preview":"max-video-preview:-1"},"canonical":"https:\/\/dutchmicrodosing.com\/de\/reformhaus\/cbd-nahrungsergaenzungsmittel\/heilpflanzen-cannabisoel-mit-olivenoel-15-cbd-1500mg\/","og_locale":"de_DE","og_type":"article","og_title":"Plant of Remedy Cannabis\u00f6l mit Oliven\u00f6l - 15% CBD (1500mg)","og_description":"Das Produkt Plant of Remedy with Olive Oil ist ein CBD-\u00d6l mit einer relativ hohen Konzentration an Cannabidiol, n\u00e4mlich 15%. Es ist mit Oliven\u00f6l","og_url":"https:\/\/dutchmicrodosing.com\/de\/reformhaus\/cbd-nahrungsergaenzungsmittel\/heilpflanzen-cannabisoel-mit-olivenoel-15-cbd-1500mg\/","og_site_name":"Dutchmicrodosing","article_publisher":"https:\/\/www.facebook.com\/Dutchmicrodosingxp\/","article_modified_time":"2025-02-20T13:21:48+00:00","og_image":[{"width":600,"height":600,"url":"https:\/\/dutchmicrodosing.com\/wp-content\/uploads\/2023\/11\/oliva15-1.jpg","type":"image\/jpeg"}],"twitter_card":"summary_large_image","schema":{"@context":"https:\/\/schema.org","@graph":[{"@type":"WebPage","@id":"https:\/\/dutchmicrodosing.com\/de\/reformhaus\/cbd-nahrungsergaenzungsmittel\/heilpflanzen-cannabisoel-mit-olivenoel-15-cbd-1500mg\/","url":"https:\/\/dutchmicrodosing.com\/de\/reformhaus\/cbd-nahrungsergaenzungsmittel\/heilpflanzen-cannabisoel-mit-olivenoel-15-cbd-1500mg\/","name":"Plant of Remedy Cannabis\u00f6l mit Oliven\u00f6l - 15% CBD (1500mg) - Dutchmicrodosing","isPartOf":{"@id":"https:\/\/dutchmicrodosing.com\/de\/#website"},"primaryImageOfPage":{"@id":"https:\/\/dutchmicrodosing.com\/de\/reformhaus\/cbd-nahrungsergaenzungsmittel\/heilpflanzen-cannabisoel-mit-olivenoel-15-cbd-1500mg\/#primaryimage"},"image":{"@id":"https:\/\/dutchmicrodosing.com\/de\/reformhaus\/cbd-nahrungsergaenzungsmittel\/heilpflanzen-cannabisoel-mit-olivenoel-15-cbd-1500mg\/#primaryimage"},"thumbnailUrl":"https:\/\/dutchmicrodosing.com\/wp-content\/uploads\/2023\/11\/oliva15-1.jpg","datePublished":"2023-11-10T09:58:57+00:00","dateModified":"2025-02-20T13:21:48+00:00","description":"Das Produkt Plant of Remedy with Olive Oil ist ein CBD-\u00d6l mit einer relativ hohen Konzentration an Cannabidiol, n\u00e4mlich 15%. Sie besteht aus...","breadcrumb":{"@id":"https:\/\/dutchmicrodosing.com\/de\/reformhaus\/cbd-nahrungsergaenzungsmittel\/heilpflanzen-cannabisoel-mit-olivenoel-15-cbd-1500mg\/#breadcrumb"},"inLanguage":"de","potentialAction":[{"@type":"ReadAction","target":["https:\/\/dutchmicrodosing.com\/de\/reformhaus\/cbd-nahrungsergaenzungsmittel\/heilpflanzen-cannabisoel-mit-olivenoel-15-cbd-1500mg\/"]}]},{"@type":"ImageObject","inLanguage":"de","@id":"https:\/\/dutchmicrodosing.com\/de\/reformhaus\/cbd-nahrungsergaenzungsmittel\/heilpflanzen-cannabisoel-mit-olivenoel-15-cbd-1500mg\/#primaryimage","url":"https:\/\/dutchmicrodosing.com\/wp-content\/uploads\/2023\/11\/oliva15-1.jpg","contentUrl":"https:\/\/dutchmicrodosing.com\/wp-content\/uploads\/2023\/11\/oliva15-1.jpg","width":600,"height":600},{"@type":"BreadcrumbList","@id":"https:\/\/dutchmicrodosing.com\/de\/reformhaus\/cbd-nahrungsergaenzungsmittel\/heilpflanzen-cannabisoel-mit-olivenoel-15-cbd-1500mg\/#breadcrumb","itemListElement":[{"@type":"ListItem","position":1,"name":"Home","item":"https:\/\/dutchmicrodosing.com\/de\/"},{"@type":"ListItem","position":2,"name":"Shop","item":"https:\/\/dutchmicrodosing.com\/de\/shop\/"},{"@type":"ListItem","position":3,"name":"Plant of Remedy Cannabis\u00f6l mit Oliven\u00f6l &#8211; 15% CBD (1500mg)"}]},{"@type":"WebSite","@id":"https:\/\/dutchmicrodosing.com\/de\/#website","url":"https:\/\/dutchmicrodosing.com\/de\/","name":"Dutchmicrodosing","description":"","publisher":{"@id":"https:\/\/dutchmicrodosing.com\/de\/#organization"},"potentialAction":[{"@type":"SearchAction","target":{"@type":"EntryPoint","urlTemplate":"https:\/\/dutchmicrodosing.com\/de\/?s={search_term_string}"},"query-input":{"@type":"PropertyValueSpecification","valueRequired":true,"valueName":"search_term_string"}}],"inLanguage":"de"},{"@type":"Organization","@id":"https:\/\/dutchmicrodosing.com\/de\/#organization","name":"Dutchmicrodosing","url":"https:\/\/dutchmicrodosing.com\/de\/","logo":{"@type":"ImageObject","inLanguage":"de","@id":"https:\/\/dutchmicrodosing.com\/de\/#\/schema\/logo\/image\/","url":"https:\/\/dutchmicrodosing.com\/wp-content\/uploads\/2021\/01\/microdosing-categorie-pic-nieuw.jpg","contentUrl":"https:\/\/dutchmicrodosing.com\/wp-content\/uploads\/2021\/01\/microdosing-categorie-pic-nieuw.jpg","width":500,"height":500,"caption":"Dutchmicrodosing"},"image":{"@id":"https:\/\/dutchmicrodosing.com\/de\/#\/schema\/logo\/image\/"},"sameAs":["https:\/\/www.facebook.com\/Dutchmicrodosingxp\/","https:\/\/www.instagram.com\/dutchmicrodosing\/"]}]},"product_price_amount":"15.95","product_price_currency":"EUR","og_availability":"out of stock","product_availability":"out of stock","product_retailer_item_id":"0211824","product_condition":"new"},"_links":{"self":[{"href":"https:\/\/dutchmicrodosing.com\/de\/wp-json\/wp\/v2\/product\/30928","targetHints":{"allow":["GET"]}}],"collection":[{"href":"https:\/\/dutchmicrodosing.com\/de\/wp-json\/wp\/v2\/product"}],"about":[{"href":"https:\/\/dutchmicrodosing.com\/de\/wp-json\/wp\/v2\/types\/product"}],"replies":[{"embeddable":true,"href":"https:\/\/dutchmicrodosing.com\/de\/wp-json\/wp\/v2\/comments?post=30928"}],"version-history":[{"count":0,"href":"https:\/\/dutchmicrodosing.com\/de\/wp-json\/wp\/v2\/product\/30928\/revisions"}],"wp:featuredmedia":[{"embeddable":true,"href":"https:\/\/dutchmicrodosing.com\/de\/wp-json\/wp\/v2\/media\/30909"}],"wp:attachment":[{"href":"https:\/\/dutchmicrodosing.com\/de\/wp-json\/wp\/v2\/media?parent=30928"}],"wp:term":[{"taxonomy":"product_brand","embeddable":true,"href":"https:\/\/dutchmicrodosing.com\/de\/wp-json\/wp\/v2\/product_brand?post=30928"},{"taxonomy":"product_cat","embeddable":true,"href":"https:\/\/dutchmicrodosing.com\/de\/wp-json\/wp\/v2\/product_cat?post=30928"},{"taxonomy":"product_tag","embeddable":true,"href":"https:\/\/dutchmicrodosing.com\/de\/wp-json\/wp\/v2\/product_tag?post=30928"}],"curies":[{"name":"wp","href":"https:\/\/api.w.org\/{rel}","templated":true}]}}