{"id":31071,"date":"2023-11-10T13:44:48","date_gmt":"2023-11-10T12:44:48","guid":{"rendered":"https:\/\/dutchmicrodosing.com\/shop\/unkategorisiert\/cbd-perlenkappen-5mg-90-stueck\/"},"modified":"2025-09-02T08:43:02","modified_gmt":"2025-09-02T06:43:02","slug":"cbd-perlenkappen-5mg-90-stueck","status":"publish","type":"product","link":"https:\/\/dutchmicrodosing.com\/de\/reformhaus\/cbd-nahrungsergaenzungsmittel\/cbd-perlenkappen-5mg-90-stueck\/","title":{"rendered":"CBD Perlenkapseln 5MG &#8211; 90 St\u00fcck"},"content":{"rendered":"<div>\n<p><strong>HempCare CBD PEARLCAPS<\/strong> bestehen aus allen nat\u00fcrlichen Bestandteilen der Hanfpflanze. Neben Cannabidiol enth\u00e4lt es die anderen Cannabinoide und Flavonoide, Terpene und Phenole. Das Ganze ist ein v\u00f6llig nat\u00fcrliches Produkt mit Substanzen, die unser K\u00f6rper erkennt und aufnimmt. Die Weichkapsel auf Proteinbasis l\u00f6st sich im Magen auf. Dabei werden Cannabinoide und andere Substanzen freigesetzt. Es handelt sich um ein v\u00f6llig nat\u00fcrliches Produkt mit Substanzen, die unser K\u00f6rper erkennt und aufnimmt, wobei sich die Weichkapsel auf Proteinbasis im Magen aufl\u00f6st. Dabei werden Cannabinoide und andere Substanzen freigesetzt.<\/p>\n<p>Die Zusammensetzung der Substanzen ist \u00e4hnlich wie bei CBD RAW. Jede Softgel-Kapsel enth\u00e4lt 5 mg CBD und andere Inhaltsstoffe. Die Einnahme von 1 Kapsel entspricht etwa 3 Tropfen CBD RAW. Ein Vorteil einer CBD-Kapsel ist, dass Geruch und Geschmack keine Rolle spielen. Die Wirkung im K\u00f6rper ist jedoch unterschiedlich. Wenn man CBD-\u00d6l auf die Zunge tr\u00e4ufelt, werden die Wirkstoffe direkt \u00fcber die Schleimh\u00e4ute in den K\u00f6rper aufgenommen. Eine CBD-Kapsel muss zuerst in den Magen gelangen. Dort wird die Kapsel von den Magens\u00e4ften aufgespalten, woraufhin die Wirkstoffe in den K\u00f6rper gelangen.<\/p>\n<\/div>\n<div>\n<h3><strong>Verwenden Sie<\/strong><\/h3>\n<p>Nehmen Sie eine Kapsel mit einer gro\u00dfen Menge Wasser ein. HempCare empfiehlt, die Dosierung mit zwei Kapseln pro Tag zu beginnen. Je nach Ergebnis k\u00f6nnen Sie dann bis zu 4 Kapseln pro Tag einnehmen. Damit ein CBD-\u00d6l richtig wirken und den K\u00f6rper stimulieren kann, sollte es mindestens f\u00fcnf Tage lang verwendet werden. Der K\u00f6rper nimmt nur das auf, was er braucht, und scheidet \u00fcbersch\u00fcssige Mengen mit dem Urin, Schwei\u00df oder auf andere Weise aus.<\/p>\n<h3>Hinweise zur Lagerung<\/h3>\n<p>Bewahren Sie dieses Produkt an einem k\u00fchlen und dunklen Ort, z. B. in einem K\u00fcchenschrank, und au\u00dferhalb der Reichweite von Kindern auf.<\/p>\n<h3>Inhalt<\/h3>\n<p>HempCare CBD PEARLCAPS &#8211; 9o Softgel-Kapseln<\/p>\n<\/div>\n","protected":false},"excerpt":{"rendered":"<p>HempCare CBD PEARLCAPS bestehen aus allen nat\u00fcrlichen Bestandteilen der Hanfpflanze. Neben Cannabidiol enth\u00e4lt es die anderen Cannabinoide und Flavonoide, Terpene und Phenole. Das Ganze ist ein v\u00f6llig nat\u00fcrliches Produkt mit Substanzen, die unser K\u00f6rper erkennt und aufnimmt. Die Weichkapsel auf Proteinbasis l\u00f6st sich im Magen auf. Dabei werden Cannabinoide und andere Substanzen freigesetzt. Es handelt [&hellip;]<\/p>\n","protected":false},"featured_media":31077,"comment_status":"closed","ping_status":"closed","template":"","meta":[],"product_brand":[],"product_cat":[286],"product_tag":[],"class_list":{"0":"post-31071","1":"product","2":"type-product","3":"status-publish","4":"has-post-thumbnail","6":"product_cat-cbd-nahrungsergaenzungsmittel","8":"first","9":"instock","10":"taxable","11":"shipping-taxable","12":"purchasable","13":"product-type-simple"},"yoast_head":"<!-- This site is optimized with the Yoast SEO Premium plugin v26.4 (Yoast SEO v27.2) - https:\/\/yoast.com\/product\/yoast-seo-premium-wordpress\/ -->\n<title>CBD Perlenkapseln 5MG - 90 St\u00fcck - Dutchmicrodosing<\/title>\n<meta name=\"description\" content=\"HempCare CBD PEARLCAPS bestehen aus allen nat\u00fcrlichen Bestandteilen der Hanfpflanze. Neben Cannabidiol enth\u00e4lt es auch die anderen Cannabinoide...\" \/>\n<meta name=\"robots\" content=\"index, follow, max-snippet:-1, max-image-preview:large, max-video-preview:-1\" \/>\n<link rel=\"canonical\" href=\"https:\/\/dutchmicrodosing.com\/de\/reformhaus\/cbd-nahrungsergaenzungsmittel\/cbd-perlenkappen-5mg-90-stueck\/\" \/>\n<meta property=\"og:locale\" content=\"de_DE\" \/>\n<meta property=\"og:type\" content=\"article\" \/>\n<meta property=\"og:title\" content=\"CBD Perlenkapseln 5MG - 90 St\u00fcck\" \/>\n<meta property=\"og:description\" content=\"HempCare CBD PEARLCAPS bestehen aus allen nat\u00fcrlichen Bestandteilen der Hanfpflanze. Neben Cannabidiol enth\u00e4lt es die anderen Cannabinoide und Flavonoide,\" \/>\n<meta property=\"og:url\" content=\"https:\/\/dutchmicrodosing.com\/de\/reformhaus\/cbd-nahrungsergaenzungsmittel\/cbd-perlenkappen-5mg-90-stueck\/\" \/>\n<meta property=\"og:site_name\" content=\"Dutchmicrodosing\" \/>\n<meta property=\"article:publisher\" content=\"https:\/\/www.facebook.com\/Dutchmicrodosingxp\/\" \/>\n<meta property=\"article:modified_time\" content=\"2025-09-02T06:43:02+00:00\" \/>\n<meta property=\"og:image\" content=\"https:\/\/dutchmicrodosing.com\/wp-content\/uploads\/2023\/11\/31505-Pearlcaps.jpg\" \/>\n\t<meta property=\"og:image:width\" content=\"1000\" \/>\n\t<meta property=\"og:image:height\" content=\"1000\" \/>\n\t<meta property=\"og:image:type\" content=\"image\/jpeg\" \/>\n<meta name=\"twitter:card\" content=\"summary_large_image\" \/>\n<script type=\"application\/ld+json\" class=\"yoast-schema-graph\">{\"@context\":\"https:\/\/schema.org\",\"@graph\":[{\"@type\":\"WebPage\",\"@id\":\"https:\/\/dutchmicrodosing.com\/de\/reformhaus\/cbd-nahrungsergaenzungsmittel\/cbd-perlenkappen-5mg-90-stueck\/\",\"url\":\"https:\/\/dutchmicrodosing.com\/de\/reformhaus\/cbd-nahrungsergaenzungsmittel\/cbd-perlenkappen-5mg-90-stueck\/\",\"name\":\"CBD Perlenkapseln 5MG - 90 St\u00fcck - Dutchmicrodosing\",\"isPartOf\":{\"@id\":\"https:\/\/dutchmicrodosing.com\/de\/#website\"},\"primaryImageOfPage\":{\"@id\":\"https:\/\/dutchmicrodosing.com\/de\/reformhaus\/cbd-nahrungsergaenzungsmittel\/cbd-perlenkappen-5mg-90-stueck\/#primaryimage\"},\"image\":{\"@id\":\"https:\/\/dutchmicrodosing.com\/de\/reformhaus\/cbd-nahrungsergaenzungsmittel\/cbd-perlenkappen-5mg-90-stueck\/#primaryimage\"},\"thumbnailUrl\":\"https:\/\/dutchmicrodosing.com\/wp-content\/uploads\/2023\/11\/31505-Pearlcaps.jpg\",\"datePublished\":\"2023-11-10T12:44:48+00:00\",\"dateModified\":\"2025-09-02T06:43:02+00:00\",\"description\":\"HempCare CBD PEARLCAPS bestehen aus allen nat\u00fcrlichen Bestandteilen der Hanfpflanze. Neben Cannabidiol enth\u00e4lt es auch die anderen Cannabinoide...\",\"breadcrumb\":{\"@id\":\"https:\/\/dutchmicrodosing.com\/de\/reformhaus\/cbd-nahrungsergaenzungsmittel\/cbd-perlenkappen-5mg-90-stueck\/#breadcrumb\"},\"inLanguage\":\"de\",\"potentialAction\":[{\"@type\":\"ReadAction\",\"target\":[\"https:\/\/dutchmicrodosing.com\/de\/reformhaus\/cbd-nahrungsergaenzungsmittel\/cbd-perlenkappen-5mg-90-stueck\/\"]}]},{\"@type\":\"ImageObject\",\"inLanguage\":\"de\",\"@id\":\"https:\/\/dutchmicrodosing.com\/de\/reformhaus\/cbd-nahrungsergaenzungsmittel\/cbd-perlenkappen-5mg-90-stueck\/#primaryimage\",\"url\":\"https:\/\/dutchmicrodosing.com\/wp-content\/uploads\/2023\/11\/31505-Pearlcaps.jpg\",\"contentUrl\":\"https:\/\/dutchmicrodosing.com\/wp-content\/uploads\/2023\/11\/31505-Pearlcaps.jpg\",\"width\":1000,\"height\":1000},{\"@type\":\"BreadcrumbList\",\"@id\":\"https:\/\/dutchmicrodosing.com\/de\/reformhaus\/cbd-nahrungsergaenzungsmittel\/cbd-perlenkappen-5mg-90-stueck\/#breadcrumb\",\"itemListElement\":[{\"@type\":\"ListItem\",\"position\":1,\"name\":\"Home\",\"item\":\"https:\/\/dutchmicrodosing.com\/de\/\"},{\"@type\":\"ListItem\",\"position\":2,\"name\":\"Shop\",\"item\":\"https:\/\/dutchmicrodosing.com\/de\/shop\/\"},{\"@type\":\"ListItem\",\"position\":3,\"name\":\"CBD Perlenkapseln 5MG &#8211; 90 St\u00fcck\"}]},{\"@type\":\"WebSite\",\"@id\":\"https:\/\/dutchmicrodosing.com\/de\/#website\",\"url\":\"https:\/\/dutchmicrodosing.com\/de\/\",\"name\":\"Dutchmicrodosing\",\"description\":\"\",\"publisher\":{\"@id\":\"https:\/\/dutchmicrodosing.com\/de\/#organization\"},\"potentialAction\":[{\"@type\":\"SearchAction\",\"target\":{\"@type\":\"EntryPoint\",\"urlTemplate\":\"https:\/\/dutchmicrodosing.com\/de\/?s={search_term_string}\"},\"query-input\":{\"@type\":\"PropertyValueSpecification\",\"valueRequired\":true,\"valueName\":\"search_term_string\"}}],\"inLanguage\":\"de\"},{\"@type\":\"Organization\",\"@id\":\"https:\/\/dutchmicrodosing.com\/de\/#organization\",\"name\":\"Dutchmicrodosing\",\"url\":\"https:\/\/dutchmicrodosing.com\/de\/\",\"logo\":{\"@type\":\"ImageObject\",\"inLanguage\":\"de\",\"@id\":\"https:\/\/dutchmicrodosing.com\/de\/#\/schema\/logo\/image\/\",\"url\":\"https:\/\/dutchmicrodosing.com\/wp-content\/uploads\/2021\/01\/microdosing-categorie-pic-nieuw.jpg\",\"contentUrl\":\"https:\/\/dutchmicrodosing.com\/wp-content\/uploads\/2021\/01\/microdosing-categorie-pic-nieuw.jpg\",\"width\":500,\"height\":500,\"caption\":\"Dutchmicrodosing\"},\"image\":{\"@id\":\"https:\/\/dutchmicrodosing.com\/de\/#\/schema\/logo\/image\/\"},\"sameAs\":[\"https:\/\/www.facebook.com\/Dutchmicrodosingxp\/\",\"https:\/\/www.instagram.com\/dutchmicrodosing\/\"]}]}<\/script>\n<meta property=\"product:price:amount\" content=\"29.95\" \/>\n<meta property=\"product:price:currency\" content=\"EUR\" \/>\n<meta property=\"og:availability\" content=\"instock\" \/>\n<meta property=\"product:availability\" content=\"instock\" \/>\n<meta property=\"product:retailer_item_id\" content=\"9107304\" \/>\n<meta property=\"product:condition\" content=\"new\" \/>\n<!-- \/ Yoast SEO Premium plugin. -->","yoast_head_json":{"title":"CBD Perlenkapseln 5MG - 90 St\u00fcck - Dutchmicrodosing","description":"HempCare CBD PEARLCAPS bestehen aus allen nat\u00fcrlichen Bestandteilen der Hanfpflanze. Neben Cannabidiol enth\u00e4lt es auch die anderen Cannabinoide...","robots":{"index":"index","follow":"follow","max-snippet":"max-snippet:-1","max-image-preview":"max-image-preview:large","max-video-preview":"max-video-preview:-1"},"canonical":"https:\/\/dutchmicrodosing.com\/de\/reformhaus\/cbd-nahrungsergaenzungsmittel\/cbd-perlenkappen-5mg-90-stueck\/","og_locale":"de_DE","og_type":"article","og_title":"CBD Perlenkapseln 5MG - 90 St\u00fcck","og_description":"HempCare CBD PEARLCAPS bestehen aus allen nat\u00fcrlichen Bestandteilen der Hanfpflanze. Neben Cannabidiol enth\u00e4lt es die anderen Cannabinoide und Flavonoide,","og_url":"https:\/\/dutchmicrodosing.com\/de\/reformhaus\/cbd-nahrungsergaenzungsmittel\/cbd-perlenkappen-5mg-90-stueck\/","og_site_name":"Dutchmicrodosing","article_publisher":"https:\/\/www.facebook.com\/Dutchmicrodosingxp\/","article_modified_time":"2025-09-02T06:43:02+00:00","og_image":[{"width":1000,"height":1000,"url":"https:\/\/dutchmicrodosing.com\/wp-content\/uploads\/2023\/11\/31505-Pearlcaps.jpg","type":"image\/jpeg"}],"twitter_card":"summary_large_image","schema":{"@context":"https:\/\/schema.org","@graph":[{"@type":"WebPage","@id":"https:\/\/dutchmicrodosing.com\/de\/reformhaus\/cbd-nahrungsergaenzungsmittel\/cbd-perlenkappen-5mg-90-stueck\/","url":"https:\/\/dutchmicrodosing.com\/de\/reformhaus\/cbd-nahrungsergaenzungsmittel\/cbd-perlenkappen-5mg-90-stueck\/","name":"CBD Perlenkapseln 5MG - 90 St\u00fcck - Dutchmicrodosing","isPartOf":{"@id":"https:\/\/dutchmicrodosing.com\/de\/#website"},"primaryImageOfPage":{"@id":"https:\/\/dutchmicrodosing.com\/de\/reformhaus\/cbd-nahrungsergaenzungsmittel\/cbd-perlenkappen-5mg-90-stueck\/#primaryimage"},"image":{"@id":"https:\/\/dutchmicrodosing.com\/de\/reformhaus\/cbd-nahrungsergaenzungsmittel\/cbd-perlenkappen-5mg-90-stueck\/#primaryimage"},"thumbnailUrl":"https:\/\/dutchmicrodosing.com\/wp-content\/uploads\/2023\/11\/31505-Pearlcaps.jpg","datePublished":"2023-11-10T12:44:48+00:00","dateModified":"2025-09-02T06:43:02+00:00","description":"HempCare CBD PEARLCAPS bestehen aus allen nat\u00fcrlichen Bestandteilen der Hanfpflanze. Neben Cannabidiol enth\u00e4lt es auch die anderen Cannabinoide...","breadcrumb":{"@id":"https:\/\/dutchmicrodosing.com\/de\/reformhaus\/cbd-nahrungsergaenzungsmittel\/cbd-perlenkappen-5mg-90-stueck\/#breadcrumb"},"inLanguage":"de","potentialAction":[{"@type":"ReadAction","target":["https:\/\/dutchmicrodosing.com\/de\/reformhaus\/cbd-nahrungsergaenzungsmittel\/cbd-perlenkappen-5mg-90-stueck\/"]}]},{"@type":"ImageObject","inLanguage":"de","@id":"https:\/\/dutchmicrodosing.com\/de\/reformhaus\/cbd-nahrungsergaenzungsmittel\/cbd-perlenkappen-5mg-90-stueck\/#primaryimage","url":"https:\/\/dutchmicrodosing.com\/wp-content\/uploads\/2023\/11\/31505-Pearlcaps.jpg","contentUrl":"https:\/\/dutchmicrodosing.com\/wp-content\/uploads\/2023\/11\/31505-Pearlcaps.jpg","width":1000,"height":1000},{"@type":"BreadcrumbList","@id":"https:\/\/dutchmicrodosing.com\/de\/reformhaus\/cbd-nahrungsergaenzungsmittel\/cbd-perlenkappen-5mg-90-stueck\/#breadcrumb","itemListElement":[{"@type":"ListItem","position":1,"name":"Home","item":"https:\/\/dutchmicrodosing.com\/de\/"},{"@type":"ListItem","position":2,"name":"Shop","item":"https:\/\/dutchmicrodosing.com\/de\/shop\/"},{"@type":"ListItem","position":3,"name":"CBD Perlenkapseln 5MG &#8211; 90 St\u00fcck"}]},{"@type":"WebSite","@id":"https:\/\/dutchmicrodosing.com\/de\/#website","url":"https:\/\/dutchmicrodosing.com\/de\/","name":"Dutchmicrodosing","description":"","publisher":{"@id":"https:\/\/dutchmicrodosing.com\/de\/#organization"},"potentialAction":[{"@type":"SearchAction","target":{"@type":"EntryPoint","urlTemplate":"https:\/\/dutchmicrodosing.com\/de\/?s={search_term_string}"},"query-input":{"@type":"PropertyValueSpecification","valueRequired":true,"valueName":"search_term_string"}}],"inLanguage":"de"},{"@type":"Organization","@id":"https:\/\/dutchmicrodosing.com\/de\/#organization","name":"Dutchmicrodosing","url":"https:\/\/dutchmicrodosing.com\/de\/","logo":{"@type":"ImageObject","inLanguage":"de","@id":"https:\/\/dutchmicrodosing.com\/de\/#\/schema\/logo\/image\/","url":"https:\/\/dutchmicrodosing.com\/wp-content\/uploads\/2021\/01\/microdosing-categorie-pic-nieuw.jpg","contentUrl":"https:\/\/dutchmicrodosing.com\/wp-content\/uploads\/2021\/01\/microdosing-categorie-pic-nieuw.jpg","width":500,"height":500,"caption":"Dutchmicrodosing"},"image":{"@id":"https:\/\/dutchmicrodosing.com\/de\/#\/schema\/logo\/image\/"},"sameAs":["https:\/\/www.facebook.com\/Dutchmicrodosingxp\/","https:\/\/www.instagram.com\/dutchmicrodosing\/"]}]},"product_price_amount":"29.95","product_price_currency":"EUR","og_availability":"instock","product_availability":"instock","product_retailer_item_id":"9107304","product_condition":"new"},"_links":{"self":[{"href":"https:\/\/dutchmicrodosing.com\/de\/wp-json\/wp\/v2\/product\/31071","targetHints":{"allow":["GET"]}}],"collection":[{"href":"https:\/\/dutchmicrodosing.com\/de\/wp-json\/wp\/v2\/product"}],"about":[{"href":"https:\/\/dutchmicrodosing.com\/de\/wp-json\/wp\/v2\/types\/product"}],"replies":[{"embeddable":true,"href":"https:\/\/dutchmicrodosing.com\/de\/wp-json\/wp\/v2\/comments?post=31071"}],"version-history":[{"count":0,"href":"https:\/\/dutchmicrodosing.com\/de\/wp-json\/wp\/v2\/product\/31071\/revisions"}],"wp:featuredmedia":[{"embeddable":true,"href":"https:\/\/dutchmicrodosing.com\/de\/wp-json\/wp\/v2\/media\/31077"}],"wp:attachment":[{"href":"https:\/\/dutchmicrodosing.com\/de\/wp-json\/wp\/v2\/media?parent=31071"}],"wp:term":[{"taxonomy":"product_brand","embeddable":true,"href":"https:\/\/dutchmicrodosing.com\/de\/wp-json\/wp\/v2\/product_brand?post=31071"},{"taxonomy":"product_cat","embeddable":true,"href":"https:\/\/dutchmicrodosing.com\/de\/wp-json\/wp\/v2\/product_cat?post=31071"},{"taxonomy":"product_tag","embeddable":true,"href":"https:\/\/dutchmicrodosing.com\/de\/wp-json\/wp\/v2\/product_tag?post=31071"}],"curies":[{"name":"wp","href":"https:\/\/api.w.org\/{rel}","templated":true}]}}