{"id":31091,"date":"2023-11-10T13:54:52","date_gmt":"2023-11-10T12:54:52","guid":{"rendered":"https:\/\/dutchmicrodosing.com\/shop\/unkategorisiert\/cbd-gummibaerchen-mix\/"},"modified":"2025-08-19T09:49:52","modified_gmt":"2025-08-19T07:49:52","slug":"cbd-gummibaerchen-mix","status":"publish","type":"product","link":"https:\/\/dutchmicrodosing.com\/de\/reformhaus\/cbd-nahrungsergaenzungsmittel\/cbd-gummibaerchen-mix\/","title":{"rendered":"CBD Gummib\u00e4rchen &#8211; Mix"},"content":{"rendered":"<div class=\"font-semibold\">\n<p>Die <strong>CBD-Gummib\u00e4rchen mit gemischtem Geschmack von Dr<\/strong>. Candy sind eine schmackhafte und bequeme Art, CBD zu konsumieren, ein nicht psychoaktives Cannabinoid aus Hanf. Die Cannabispflanze, aus der CBD extrahiert wird, enth\u00e4lt eine komplexe Mischung nat\u00fcrlicher Verbindungen wie Terpene, Flavonoide und verschiedene Cannabinoide, die zum Entourage-Effekt beitragen, was darauf hindeutet, dass die Pflanzenstoffe synergetisch zusammenwirken, um eine maximale Wirkung zu erzielen.<\/p>\n<p>Jedes der Gummib\u00e4rchen enth\u00e4lt 5 mg CBD und bietet eine kontrollierte Einnahme von CBD mit verschiedenen fruchtigen Geschmacksrichtungen, die das Erlebnis angenehm machen. Da es kein THC enth\u00e4lt, k\u00f6nnen die Konsumenten die Gummib\u00e4rchen jederzeit und \u00fcberall konsumieren, ohne sich Gedanken \u00fcber die f\u00fcr THC-haltige Cannabisprodukte typischen hohen Werte zu machen. Das macht die CBD-Gummib\u00e4rchen von Dr. Candy zu einem zug\u00e4nglichen Produkt f\u00fcr alle, die CBD in einer einfachen und diskreten Form konsumieren m\u00f6chten.<\/p>\n<\/div>\n<div class=\"flex-col gap-1 md:gap-3\">\n<div class=\"flex flex-grow flex-col max-w-full gap-3 gizmo:gap-0\">\n<div class=\"min-h-[20px] text-message peer flex flex-col items-start gap-3 whitespace-pre-wrap break-words peer-[.text-message]:mt-5 overflow-x-auto\" data-message-author-role=\"assistant\" data-message-id=\"1e3fd5eb-a736-415c-bd06-db732dd989bb\">\n<div class=\"markdown prose w-full break-words dark:prose-invert light\">\n<h3>Inhaltsstoffe<\/h3>\n<ul>\n<li>Glukose<\/li>\n<li>Zucker<\/li>\n<li>Nat\u00fcrliche Aromastoffe<\/li>\n<li>F\u00e4rben<\/li>\n<li>Gelatine<\/li>\n<li>Zitronens\u00e4ure<\/li>\n<li>5 mg CBD pro Gummib\u00e4rchen<\/li>\n<\/ul>\n<h3>Verwenden Sie<\/h3>\n<p>Nehmen Sie nicht mehr als zwei bis vier CBD Gummib\u00e4rchen pro Tag ein.<\/p>\n<h3>Hinweise zur Lagerung<\/h3>\n<p>Bewahren Sie dieses Produkt an einem k\u00fchlen und dunklen Ort, z. B. in einem K\u00fcchenschrank, und au\u00dferhalb der Reichweite von Kindern auf.<\/p>\n<h3>Inhalt<\/h3>\n<p>Dr Candy CBD Gummib\u00e4rchen Gemischt &#8211; 30 Gramm.<\/p>\n<h3>Achtung!<\/h3>\n<p>Dieses Produkt ist nicht f\u00fcr schwangere Frauen und Kinder geeignet.<\/p>\n<\/div>\n<\/div>\n<\/div>\n<\/div>\n","protected":false},"excerpt":{"rendered":"<p>Die CBD-Gummib\u00e4rchen mit gemischtem Geschmack von Dr. Candy sind eine schmackhafte und bequeme Art, CBD zu konsumieren, ein nicht psychoaktives Cannabinoid aus Hanf. Die Cannabispflanze, aus der CBD extrahiert wird, enth\u00e4lt eine komplexe Mischung nat\u00fcrlicher Verbindungen wie Terpene, Flavonoide und verschiedene Cannabinoide, die zum Entourage-Effekt beitragen, was darauf hindeutet, dass die Pflanzenstoffe synergetisch zusammenwirken, um [&hellip;]<\/p>\n","protected":false},"featured_media":31084,"comment_status":"closed","ping_status":"closed","template":"","meta":[],"product_brand":[],"product_cat":[286],"product_tag":[],"class_list":{"0":"post-31091","1":"product","2":"type-product","3":"status-publish","4":"has-post-thumbnail","6":"product_cat-cbd-nahrungsergaenzungsmittel","8":"first","9":"instock","10":"taxable","11":"shipping-taxable","12":"purchasable","13":"product-type-simple"},"yoast_head":"<!-- This site is optimized with the Yoast SEO Premium plugin v26.4 (Yoast SEO v27.4) - https:\/\/yoast.com\/product\/yoast-seo-premium-wordpress\/ -->\n<title>CBD Gummib\u00e4rchen - Mix - Dutchmicrodosing<\/title>\n<meta name=\"description\" content=\"Die CBD Gummib\u00e4rchen mit gemischtem Geschmack von Dr. Candy sind eine leckere und bequeme Art, CBD, ein nicht psychoaktives Cannabinoid aus Hanf, zu konsumieren...\" \/>\n<meta name=\"robots\" content=\"index, follow, max-snippet:-1, max-image-preview:large, max-video-preview:-1\" \/>\n<link rel=\"canonical\" href=\"https:\/\/dutchmicrodosing.com\/de\/reformhaus\/cbd-nahrungsergaenzungsmittel\/cbd-gummibaerchen-mix\/\" \/>\n<meta property=\"og:locale\" content=\"de_DE\" \/>\n<meta property=\"og:type\" content=\"article\" \/>\n<meta property=\"og:title\" content=\"CBD Gummib\u00e4rchen - Mix\" \/>\n<meta property=\"og:description\" content=\"Die CBD-Gummib\u00e4rchen mit gemischtem Geschmack von Dr. Candy sind eine schmackhafte und bequeme Art, CBD zu konsumieren, ein nicht psychoaktives\" \/>\n<meta property=\"og:url\" content=\"https:\/\/dutchmicrodosing.com\/de\/reformhaus\/cbd-nahrungsergaenzungsmittel\/cbd-gummibaerchen-mix\/\" \/>\n<meta property=\"og:site_name\" content=\"Dutchmicrodosing\" \/>\n<meta property=\"article:publisher\" content=\"https:\/\/www.facebook.com\/Dutchmicrodosingxp\/\" \/>\n<meta property=\"article:modified_time\" content=\"2025-08-19T07:49:52+00:00\" \/>\n<meta property=\"og:image\" content=\"https:\/\/dutchmicrodosing.com\/wp-content\/uploads\/2023\/11\/CBD_Gummy_Bears_MIx_Drcandy.png\" \/>\n\t<meta property=\"og:image:width\" content=\"1000\" \/>\n\t<meta property=\"og:image:height\" content=\"1000\" \/>\n\t<meta property=\"og:image:type\" content=\"image\/png\" \/>\n<meta name=\"twitter:card\" content=\"summary_large_image\" \/>\n<script type=\"application\/ld+json\" class=\"yoast-schema-graph\">{\"@context\":\"https:\\\/\\\/schema.org\",\"@graph\":[{\"@type\":\"WebPage\",\"@id\":\"https:\\\/\\\/dutchmicrodosing.com\\\/de\\\/reformhaus\\\/cbd-nahrungsergaenzungsmittel\\\/cbd-gummibaerchen-mix\\\/\",\"url\":\"https:\\\/\\\/dutchmicrodosing.com\\\/de\\\/reformhaus\\\/cbd-nahrungsergaenzungsmittel\\\/cbd-gummibaerchen-mix\\\/\",\"name\":\"CBD Gummib\u00e4rchen - Mix - Dutchmicrodosing\",\"isPartOf\":{\"@id\":\"https:\\\/\\\/dutchmicrodosing.com\\\/de\\\/#website\"},\"primaryImageOfPage\":{\"@id\":\"https:\\\/\\\/dutchmicrodosing.com\\\/de\\\/reformhaus\\\/cbd-nahrungsergaenzungsmittel\\\/cbd-gummibaerchen-mix\\\/#primaryimage\"},\"image\":{\"@id\":\"https:\\\/\\\/dutchmicrodosing.com\\\/de\\\/reformhaus\\\/cbd-nahrungsergaenzungsmittel\\\/cbd-gummibaerchen-mix\\\/#primaryimage\"},\"thumbnailUrl\":\"https:\\\/\\\/dutchmicrodosing.com\\\/wp-content\\\/uploads\\\/2023\\\/11\\\/CBD_Gummy_Bears_MIx_Drcandy.png\",\"datePublished\":\"2023-11-10T12:54:52+00:00\",\"dateModified\":\"2025-08-19T07:49:52+00:00\",\"description\":\"Die CBD Gummib\u00e4rchen mit gemischtem Geschmack von Dr. Candy sind eine leckere und bequeme Art, CBD, ein nicht psychoaktives Cannabinoid aus Hanf, zu konsumieren...\",\"breadcrumb\":{\"@id\":\"https:\\\/\\\/dutchmicrodosing.com\\\/de\\\/reformhaus\\\/cbd-nahrungsergaenzungsmittel\\\/cbd-gummibaerchen-mix\\\/#breadcrumb\"},\"inLanguage\":\"de\",\"potentialAction\":[{\"@type\":\"ReadAction\",\"target\":[\"https:\\\/\\\/dutchmicrodosing.com\\\/de\\\/reformhaus\\\/cbd-nahrungsergaenzungsmittel\\\/cbd-gummibaerchen-mix\\\/\"]}]},{\"@type\":\"ImageObject\",\"inLanguage\":\"de\",\"@id\":\"https:\\\/\\\/dutchmicrodosing.com\\\/de\\\/reformhaus\\\/cbd-nahrungsergaenzungsmittel\\\/cbd-gummibaerchen-mix\\\/#primaryimage\",\"url\":\"https:\\\/\\\/dutchmicrodosing.com\\\/wp-content\\\/uploads\\\/2023\\\/11\\\/CBD_Gummy_Bears_MIx_Drcandy.png\",\"contentUrl\":\"https:\\\/\\\/dutchmicrodosing.com\\\/wp-content\\\/uploads\\\/2023\\\/11\\\/CBD_Gummy_Bears_MIx_Drcandy.png\",\"width\":1000,\"height\":1000},{\"@type\":\"BreadcrumbList\",\"@id\":\"https:\\\/\\\/dutchmicrodosing.com\\\/de\\\/reformhaus\\\/cbd-nahrungsergaenzungsmittel\\\/cbd-gummibaerchen-mix\\\/#breadcrumb\",\"itemListElement\":[{\"@type\":\"ListItem\",\"position\":1,\"name\":\"Home\",\"item\":\"https:\\\/\\\/dutchmicrodosing.com\\\/de\\\/\"},{\"@type\":\"ListItem\",\"position\":2,\"name\":\"Shop\",\"item\":\"https:\\\/\\\/dutchmicrodosing.com\\\/de\\\/shop\\\/\"},{\"@type\":\"ListItem\",\"position\":3,\"name\":\"CBD Gummib\u00e4rchen &#8211; Mix\"}]},{\"@type\":\"WebSite\",\"@id\":\"https:\\\/\\\/dutchmicrodosing.com\\\/de\\\/#website\",\"url\":\"https:\\\/\\\/dutchmicrodosing.com\\\/de\\\/\",\"name\":\"Dutchmicrodosing\",\"description\":\"\",\"publisher\":{\"@id\":\"https:\\\/\\\/dutchmicrodosing.com\\\/de\\\/#organization\"},\"potentialAction\":[{\"@type\":\"SearchAction\",\"target\":{\"@type\":\"EntryPoint\",\"urlTemplate\":\"https:\\\/\\\/dutchmicrodosing.com\\\/de\\\/?s={search_term_string}\"},\"query-input\":{\"@type\":\"PropertyValueSpecification\",\"valueRequired\":true,\"valueName\":\"search_term_string\"}}],\"inLanguage\":\"de\"},{\"@type\":\"Organization\",\"@id\":\"https:\\\/\\\/dutchmicrodosing.com\\\/de\\\/#organization\",\"name\":\"Dutchmicrodosing\",\"url\":\"https:\\\/\\\/dutchmicrodosing.com\\\/de\\\/\",\"logo\":{\"@type\":\"ImageObject\",\"inLanguage\":\"de\",\"@id\":\"https:\\\/\\\/dutchmicrodosing.com\\\/de\\\/#\\\/schema\\\/logo\\\/image\\\/\",\"url\":\"https:\\\/\\\/dutchmicrodosing.com\\\/wp-content\\\/uploads\\\/2021\\\/01\\\/microdosing-categorie-pic-nieuw.jpg\",\"contentUrl\":\"https:\\\/\\\/dutchmicrodosing.com\\\/wp-content\\\/uploads\\\/2021\\\/01\\\/microdosing-categorie-pic-nieuw.jpg\",\"width\":500,\"height\":500,\"caption\":\"Dutchmicrodosing\"},\"image\":{\"@id\":\"https:\\\/\\\/dutchmicrodosing.com\\\/de\\\/#\\\/schema\\\/logo\\\/image\\\/\"},\"sameAs\":[\"https:\\\/\\\/www.facebook.com\\\/Dutchmicrodosingxp\\\/\",\"https:\\\/\\\/www.instagram.com\\\/dutchmicrodosing\\\/\"]}]}<\/script>\n<meta property=\"product:price:amount\" content=\"7.95\" \/>\n<meta property=\"product:price:currency\" content=\"EUR\" \/>\n<meta property=\"og:availability\" content=\"instock\" \/>\n<meta property=\"product:availability\" content=\"instock\" \/>\n<meta property=\"product:retailer_item_id\" content=\"0211832\" \/>\n<meta property=\"product:condition\" content=\"new\" \/>\n<!-- \/ Yoast SEO Premium plugin. -->","yoast_head_json":{"title":"CBD Gummib\u00e4rchen - Mix - Dutchmicrodosing","description":"Die CBD Gummib\u00e4rchen mit gemischtem Geschmack von Dr. Candy sind eine leckere und bequeme Art, CBD, ein nicht psychoaktives Cannabinoid aus Hanf, zu konsumieren...","robots":{"index":"index","follow":"follow","max-snippet":"max-snippet:-1","max-image-preview":"max-image-preview:large","max-video-preview":"max-video-preview:-1"},"canonical":"https:\/\/dutchmicrodosing.com\/de\/reformhaus\/cbd-nahrungsergaenzungsmittel\/cbd-gummibaerchen-mix\/","og_locale":"de_DE","og_type":"article","og_title":"CBD Gummib\u00e4rchen - Mix","og_description":"Die CBD-Gummib\u00e4rchen mit gemischtem Geschmack von Dr. Candy sind eine schmackhafte und bequeme Art, CBD zu konsumieren, ein nicht psychoaktives","og_url":"https:\/\/dutchmicrodosing.com\/de\/reformhaus\/cbd-nahrungsergaenzungsmittel\/cbd-gummibaerchen-mix\/","og_site_name":"Dutchmicrodosing","article_publisher":"https:\/\/www.facebook.com\/Dutchmicrodosingxp\/","article_modified_time":"2025-08-19T07:49:52+00:00","og_image":[{"width":1000,"height":1000,"url":"https:\/\/dutchmicrodosing.com\/wp-content\/uploads\/2023\/11\/CBD_Gummy_Bears_MIx_Drcandy.png","type":"image\/png"}],"twitter_card":"summary_large_image","schema":{"@context":"https:\/\/schema.org","@graph":[{"@type":"WebPage","@id":"https:\/\/dutchmicrodosing.com\/de\/reformhaus\/cbd-nahrungsergaenzungsmittel\/cbd-gummibaerchen-mix\/","url":"https:\/\/dutchmicrodosing.com\/de\/reformhaus\/cbd-nahrungsergaenzungsmittel\/cbd-gummibaerchen-mix\/","name":"CBD Gummib\u00e4rchen - Mix - Dutchmicrodosing","isPartOf":{"@id":"https:\/\/dutchmicrodosing.com\/de\/#website"},"primaryImageOfPage":{"@id":"https:\/\/dutchmicrodosing.com\/de\/reformhaus\/cbd-nahrungsergaenzungsmittel\/cbd-gummibaerchen-mix\/#primaryimage"},"image":{"@id":"https:\/\/dutchmicrodosing.com\/de\/reformhaus\/cbd-nahrungsergaenzungsmittel\/cbd-gummibaerchen-mix\/#primaryimage"},"thumbnailUrl":"https:\/\/dutchmicrodosing.com\/wp-content\/uploads\/2023\/11\/CBD_Gummy_Bears_MIx_Drcandy.png","datePublished":"2023-11-10T12:54:52+00:00","dateModified":"2025-08-19T07:49:52+00:00","description":"Die CBD Gummib\u00e4rchen mit gemischtem Geschmack von Dr. Candy sind eine leckere und bequeme Art, CBD, ein nicht psychoaktives Cannabinoid aus Hanf, zu konsumieren...","breadcrumb":{"@id":"https:\/\/dutchmicrodosing.com\/de\/reformhaus\/cbd-nahrungsergaenzungsmittel\/cbd-gummibaerchen-mix\/#breadcrumb"},"inLanguage":"de","potentialAction":[{"@type":"ReadAction","target":["https:\/\/dutchmicrodosing.com\/de\/reformhaus\/cbd-nahrungsergaenzungsmittel\/cbd-gummibaerchen-mix\/"]}]},{"@type":"ImageObject","inLanguage":"de","@id":"https:\/\/dutchmicrodosing.com\/de\/reformhaus\/cbd-nahrungsergaenzungsmittel\/cbd-gummibaerchen-mix\/#primaryimage","url":"https:\/\/dutchmicrodosing.com\/wp-content\/uploads\/2023\/11\/CBD_Gummy_Bears_MIx_Drcandy.png","contentUrl":"https:\/\/dutchmicrodosing.com\/wp-content\/uploads\/2023\/11\/CBD_Gummy_Bears_MIx_Drcandy.png","width":1000,"height":1000},{"@type":"BreadcrumbList","@id":"https:\/\/dutchmicrodosing.com\/de\/reformhaus\/cbd-nahrungsergaenzungsmittel\/cbd-gummibaerchen-mix\/#breadcrumb","itemListElement":[{"@type":"ListItem","position":1,"name":"Home","item":"https:\/\/dutchmicrodosing.com\/de\/"},{"@type":"ListItem","position":2,"name":"Shop","item":"https:\/\/dutchmicrodosing.com\/de\/shop\/"},{"@type":"ListItem","position":3,"name":"CBD Gummib\u00e4rchen &#8211; Mix"}]},{"@type":"WebSite","@id":"https:\/\/dutchmicrodosing.com\/de\/#website","url":"https:\/\/dutchmicrodosing.com\/de\/","name":"Dutchmicrodosing","description":"","publisher":{"@id":"https:\/\/dutchmicrodosing.com\/de\/#organization"},"potentialAction":[{"@type":"SearchAction","target":{"@type":"EntryPoint","urlTemplate":"https:\/\/dutchmicrodosing.com\/de\/?s={search_term_string}"},"query-input":{"@type":"PropertyValueSpecification","valueRequired":true,"valueName":"search_term_string"}}],"inLanguage":"de"},{"@type":"Organization","@id":"https:\/\/dutchmicrodosing.com\/de\/#organization","name":"Dutchmicrodosing","url":"https:\/\/dutchmicrodosing.com\/de\/","logo":{"@type":"ImageObject","inLanguage":"de","@id":"https:\/\/dutchmicrodosing.com\/de\/#\/schema\/logo\/image\/","url":"https:\/\/dutchmicrodosing.com\/wp-content\/uploads\/2021\/01\/microdosing-categorie-pic-nieuw.jpg","contentUrl":"https:\/\/dutchmicrodosing.com\/wp-content\/uploads\/2021\/01\/microdosing-categorie-pic-nieuw.jpg","width":500,"height":500,"caption":"Dutchmicrodosing"},"image":{"@id":"https:\/\/dutchmicrodosing.com\/de\/#\/schema\/logo\/image\/"},"sameAs":["https:\/\/www.facebook.com\/Dutchmicrodosingxp\/","https:\/\/www.instagram.com\/dutchmicrodosing\/"]}]},"product_price_amount":"7.95","product_price_currency":"EUR","og_availability":"instock","product_availability":"instock","product_retailer_item_id":"0211832","product_condition":"new"},"_links":{"self":[{"href":"https:\/\/dutchmicrodosing.com\/de\/wp-json\/wp\/v2\/product\/31091","targetHints":{"allow":["GET"]}}],"collection":[{"href":"https:\/\/dutchmicrodosing.com\/de\/wp-json\/wp\/v2\/product"}],"about":[{"href":"https:\/\/dutchmicrodosing.com\/de\/wp-json\/wp\/v2\/types\/product"}],"replies":[{"embeddable":true,"href":"https:\/\/dutchmicrodosing.com\/de\/wp-json\/wp\/v2\/comments?post=31091"}],"version-history":[{"count":0,"href":"https:\/\/dutchmicrodosing.com\/de\/wp-json\/wp\/v2\/product\/31091\/revisions"}],"wp:featuredmedia":[{"embeddable":true,"href":"https:\/\/dutchmicrodosing.com\/de\/wp-json\/wp\/v2\/media\/31084"}],"wp:attachment":[{"href":"https:\/\/dutchmicrodosing.com\/de\/wp-json\/wp\/v2\/media?parent=31091"}],"wp:term":[{"taxonomy":"product_brand","embeddable":true,"href":"https:\/\/dutchmicrodosing.com\/de\/wp-json\/wp\/v2\/product_brand?post=31091"},{"taxonomy":"product_cat","embeddable":true,"href":"https:\/\/dutchmicrodosing.com\/de\/wp-json\/wp\/v2\/product_cat?post=31091"},{"taxonomy":"product_tag","embeddable":true,"href":"https:\/\/dutchmicrodosing.com\/de\/wp-json\/wp\/v2\/product_tag?post=31091"}],"curies":[{"name":"wp","href":"https:\/\/api.w.org\/{rel}","templated":true}]}}