{"id":31189,"date":"2023-11-13T09:18:16","date_gmt":"2023-11-13T08:18:16","guid":{"rendered":"https:\/\/dutchmicrodosing.com\/shop\/unkategorisiert\/ginseng-pulver-panax-ginseng\/"},"modified":"2025-08-29T11:41:12","modified_gmt":"2025-08-29T09:41:12","slug":"ginseng-pulver-panax-ginseng","status":"publish","type":"product","link":"https:\/\/dutchmicrodosing.com\/de\/reformhaus\/energie-erganzungen\/ginseng-pulver-panax-ginseng\/","title":{"rendered":"Ginseng-Pulver &#8211; Panax Ginseng"},"content":{"rendered":"<p><strong>Ginseng<\/strong>, der in den kulturellen Traditionen Ostasiens tief verwurzelt ist, wird seit Tausenden von Jahren gesch\u00e4tzt und verwendet. Der urspr\u00fcnglich von der koreanischen Halbinsel stammende Panax ginseng genie\u00dft weltweiten Ruhm. Er wird nicht nur in der traditionellen Medizin verwendet, sondern ist auch f\u00fcr viele Menschen in Asien und dar\u00fcber hinaus ein fester Bestandteil des t\u00e4glichen Bedarfs.<\/p>\n<p>Die angeblichen Vorteile des Panax ginseng, die haupts\u00e4chlich auf seine aktiven Bestandteile, die Ginsenoside, zur\u00fcckzuf\u00fchren sind, sind vielf\u00e4ltig. Sie sollen unter anderem die Energie steigern, das Immunsystem st\u00e4rken, die kognitive Leistungsf\u00e4higkeit verbessern und die sexuelle Gesundheit f\u00f6rdern. Auch dank des Interesses an nat\u00fcrlichen Gesundheitsprodukten nimmt die Beliebtheit von Ginseng weiter zu.<\/p>\n<h3>Inhaltsstoffe<\/h3>\n<p>Bio-Ginseng-Pulver<\/p>\n<h3>Verwenden Sie<\/h3>\n<p>L\u00f6sen Sie einen Teel\u00f6ffel in Fruchtsaft, Softdrink, Tee, hei\u00dfer Schokolade oder einem anderen Getr\u00e4nk auf. F\u00fcr einen Ginseng-Tee kochen Sie 3 Gramm Pulver 5 bis 10 Minuten lang in Wasser. Dann abseihen und schon ist er trinkfertig. Nehmen Sie nicht mehr als 6 Gramm pro Tag ein.<\/p>\n<h3>Zus\u00e4tzliche Informationen<\/h3>\n<p>Es ist wichtig, gesund zu leben und sich abwechslungsreich und ausgewogen zu ern\u00e4hren; Nahrungserg\u00e4nzungsmittel sind kein Ersatz daf\u00fcr. Bewahren Sie die Nahrungserg\u00e4nzungsmittel au\u00dferhalb der Reichweite von Kindern auf, nehmen Sie nicht mehr als die empfohlene Menge ein und bewahren Sie sie an einem k\u00fchlen und dunklen Ort auf. Konsultieren Sie einen Fachmann, wenn Sie gesundheitliche Probleme haben, Medikamente einnehmen, schwanger sind oder stillen, und brechen Sie die Einnahme ab, wenn Nebenwirkungen auftreten.<\/p>\n<h3>Inhalt<\/h3>\n<p>Ginseng &#8211; 25 Gramm<\/p>\n","protected":false},"excerpt":{"rendered":"<p>Ginseng, der in den kulturellen Traditionen Ostasiens tief verwurzelt ist, wird seit Tausenden von Jahren gesch\u00e4tzt und verwendet. Der urspr\u00fcnglich von der koreanischen Halbinsel stammende Panax ginseng genie\u00dft weltweiten Ruhm. Er wird nicht nur in der traditionellen Medizin verwendet, sondern ist auch f\u00fcr viele Menschen in Asien und dar\u00fcber hinaus ein fester Bestandteil des t\u00e4glichen [&hellip;]<\/p>\n","protected":false},"featured_media":31182,"comment_status":"closed","ping_status":"closed","template":"","meta":[],"product_brand":[],"product_cat":[292,293,322],"product_tag":[],"class_list":{"0":"post-31189","1":"product","2":"type-product","3":"status-publish","4":"has-post-thumbnail","6":"product_cat-energie-erganzungen","7":"product_cat-erganzungen-fur-das-immunsystem","8":"product_cat-konzentrationserganzungsmittel","10":"first","11":"instock","12":"taxable","13":"shipping-taxable","14":"purchasable","15":"product-type-simple"},"yoast_head":"<!-- This site is optimized with the Yoast SEO Premium plugin v26.4 (Yoast SEO v27.2) - https:\/\/yoast.com\/product\/yoast-seo-premium-wordpress\/ -->\n<title>Ginseng-Pulver - Panax Ginseng - Dutchmicrodosing<\/title>\n<meta name=\"description\" content=\"Ginseng, der in den kulturellen Traditionen Ostasiens tief verwurzelt ist, wird seit Tausenden von Jahren gesch\u00e4tzt und verwendet. Panax ginseng, urspr\u00fcnglich aus dem...\" \/>\n<meta name=\"robots\" content=\"index, follow, max-snippet:-1, max-image-preview:large, max-video-preview:-1\" \/>\n<link rel=\"canonical\" href=\"https:\/\/dutchmicrodosing.com\/de\/reformhaus\/energie-erganzungen\/ginseng-pulver-panax-ginseng\/\" \/>\n<meta property=\"og:locale\" content=\"de_DE\" \/>\n<meta property=\"og:type\" content=\"article\" \/>\n<meta property=\"og:title\" content=\"Ginseng-Pulver - Panax Ginseng\" \/>\n<meta property=\"og:description\" content=\"Ginseng, der in den kulturellen Traditionen Ostasiens tief verwurzelt ist, wird seit Tausenden von Jahren gesch\u00e4tzt und verwendet. Der urspr\u00fcnglich von\" \/>\n<meta property=\"og:url\" content=\"https:\/\/dutchmicrodosing.com\/de\/reformhaus\/energie-erganzungen\/ginseng-pulver-panax-ginseng\/\" \/>\n<meta property=\"og:site_name\" content=\"Dutchmicrodosing\" \/>\n<meta property=\"article:publisher\" content=\"https:\/\/www.facebook.com\/Dutchmicrodosingxp\/\" \/>\n<meta property=\"article:modified_time\" content=\"2025-08-29T09:41:12+00:00\" \/>\n<meta property=\"og:image\" content=\"https:\/\/dutchmicrodosing.com\/wp-content\/uploads\/2023\/11\/Ginseng.png\" \/>\n\t<meta property=\"og:image:width\" content=\"500\" \/>\n\t<meta property=\"og:image:height\" content=\"500\" \/>\n\t<meta property=\"og:image:type\" content=\"image\/png\" \/>\n<meta name=\"twitter:card\" content=\"summary_large_image\" \/>\n<script type=\"application\/ld+json\" class=\"yoast-schema-graph\">{\"@context\":\"https:\/\/schema.org\",\"@graph\":[{\"@type\":\"WebPage\",\"@id\":\"https:\/\/dutchmicrodosing.com\/de\/reformhaus\/energie-erganzungen\/ginseng-pulver-panax-ginseng\/\",\"url\":\"https:\/\/dutchmicrodosing.com\/de\/reformhaus\/energie-erganzungen\/ginseng-pulver-panax-ginseng\/\",\"name\":\"Ginseng-Pulver - Panax Ginseng - Dutchmicrodosing\",\"isPartOf\":{\"@id\":\"https:\/\/dutchmicrodosing.com\/de\/#website\"},\"primaryImageOfPage\":{\"@id\":\"https:\/\/dutchmicrodosing.com\/de\/reformhaus\/energie-erganzungen\/ginseng-pulver-panax-ginseng\/#primaryimage\"},\"image\":{\"@id\":\"https:\/\/dutchmicrodosing.com\/de\/reformhaus\/energie-erganzungen\/ginseng-pulver-panax-ginseng\/#primaryimage\"},\"thumbnailUrl\":\"https:\/\/dutchmicrodosing.com\/wp-content\/uploads\/2023\/11\/Ginseng.png\",\"datePublished\":\"2023-11-13T08:18:16+00:00\",\"dateModified\":\"2025-08-29T09:41:12+00:00\",\"description\":\"Ginseng, der in den kulturellen Traditionen Ostasiens tief verwurzelt ist, wird seit Tausenden von Jahren gesch\u00e4tzt und verwendet. Panax ginseng, urspr\u00fcnglich aus dem...\",\"breadcrumb\":{\"@id\":\"https:\/\/dutchmicrodosing.com\/de\/reformhaus\/energie-erganzungen\/ginseng-pulver-panax-ginseng\/#breadcrumb\"},\"inLanguage\":\"de\",\"potentialAction\":[{\"@type\":\"ReadAction\",\"target\":[\"https:\/\/dutchmicrodosing.com\/de\/reformhaus\/energie-erganzungen\/ginseng-pulver-panax-ginseng\/\"]}]},{\"@type\":\"ImageObject\",\"inLanguage\":\"de\",\"@id\":\"https:\/\/dutchmicrodosing.com\/de\/reformhaus\/energie-erganzungen\/ginseng-pulver-panax-ginseng\/#primaryimage\",\"url\":\"https:\/\/dutchmicrodosing.com\/wp-content\/uploads\/2023\/11\/Ginseng.png\",\"contentUrl\":\"https:\/\/dutchmicrodosing.com\/wp-content\/uploads\/2023\/11\/Ginseng.png\",\"width\":500,\"height\":500},{\"@type\":\"BreadcrumbList\",\"@id\":\"https:\/\/dutchmicrodosing.com\/de\/reformhaus\/energie-erganzungen\/ginseng-pulver-panax-ginseng\/#breadcrumb\",\"itemListElement\":[{\"@type\":\"ListItem\",\"position\":1,\"name\":\"Home\",\"item\":\"https:\/\/dutchmicrodosing.com\/de\/\"},{\"@type\":\"ListItem\",\"position\":2,\"name\":\"Shop\",\"item\":\"https:\/\/dutchmicrodosing.com\/de\/shop\/\"},{\"@type\":\"ListItem\",\"position\":3,\"name\":\"Ginseng-Pulver &#8211; Panax Ginseng\"}]},{\"@type\":\"WebSite\",\"@id\":\"https:\/\/dutchmicrodosing.com\/de\/#website\",\"url\":\"https:\/\/dutchmicrodosing.com\/de\/\",\"name\":\"Dutchmicrodosing\",\"description\":\"\",\"publisher\":{\"@id\":\"https:\/\/dutchmicrodosing.com\/de\/#organization\"},\"potentialAction\":[{\"@type\":\"SearchAction\",\"target\":{\"@type\":\"EntryPoint\",\"urlTemplate\":\"https:\/\/dutchmicrodosing.com\/de\/?s={search_term_string}\"},\"query-input\":{\"@type\":\"PropertyValueSpecification\",\"valueRequired\":true,\"valueName\":\"search_term_string\"}}],\"inLanguage\":\"de\"},{\"@type\":\"Organization\",\"@id\":\"https:\/\/dutchmicrodosing.com\/de\/#organization\",\"name\":\"Dutchmicrodosing\",\"url\":\"https:\/\/dutchmicrodosing.com\/de\/\",\"logo\":{\"@type\":\"ImageObject\",\"inLanguage\":\"de\",\"@id\":\"https:\/\/dutchmicrodosing.com\/de\/#\/schema\/logo\/image\/\",\"url\":\"https:\/\/dutchmicrodosing.com\/wp-content\/uploads\/2021\/01\/microdosing-categorie-pic-nieuw.jpg\",\"contentUrl\":\"https:\/\/dutchmicrodosing.com\/wp-content\/uploads\/2021\/01\/microdosing-categorie-pic-nieuw.jpg\",\"width\":500,\"height\":500,\"caption\":\"Dutchmicrodosing\"},\"image\":{\"@id\":\"https:\/\/dutchmicrodosing.com\/de\/#\/schema\/logo\/image\/\"},\"sameAs\":[\"https:\/\/www.facebook.com\/Dutchmicrodosingxp\/\",\"https:\/\/www.instagram.com\/dutchmicrodosing\/\"]}]}<\/script>\n<meta property=\"product:price:amount\" content=\"10.95\" \/>\n<meta property=\"product:price:currency\" content=\"EUR\" \/>\n<meta property=\"og:availability\" content=\"instock\" \/>\n<meta property=\"product:availability\" content=\"instock\" \/>\n<meta property=\"product:retailer_item_id\" content=\"3211666\" \/>\n<meta property=\"product:condition\" content=\"new\" \/>\n<!-- \/ Yoast SEO Premium plugin. -->","yoast_head_json":{"title":"Ginseng-Pulver - Panax Ginseng - Dutchmicrodosing","description":"Ginseng, der in den kulturellen Traditionen Ostasiens tief verwurzelt ist, wird seit Tausenden von Jahren gesch\u00e4tzt und verwendet. Panax ginseng, urspr\u00fcnglich aus dem...","robots":{"index":"index","follow":"follow","max-snippet":"max-snippet:-1","max-image-preview":"max-image-preview:large","max-video-preview":"max-video-preview:-1"},"canonical":"https:\/\/dutchmicrodosing.com\/de\/reformhaus\/energie-erganzungen\/ginseng-pulver-panax-ginseng\/","og_locale":"de_DE","og_type":"article","og_title":"Ginseng-Pulver - Panax Ginseng","og_description":"Ginseng, der in den kulturellen Traditionen Ostasiens tief verwurzelt ist, wird seit Tausenden von Jahren gesch\u00e4tzt und verwendet. Der urspr\u00fcnglich von","og_url":"https:\/\/dutchmicrodosing.com\/de\/reformhaus\/energie-erganzungen\/ginseng-pulver-panax-ginseng\/","og_site_name":"Dutchmicrodosing","article_publisher":"https:\/\/www.facebook.com\/Dutchmicrodosingxp\/","article_modified_time":"2025-08-29T09:41:12+00:00","og_image":[{"width":500,"height":500,"url":"https:\/\/dutchmicrodosing.com\/wp-content\/uploads\/2023\/11\/Ginseng.png","type":"image\/png"}],"twitter_card":"summary_large_image","schema":{"@context":"https:\/\/schema.org","@graph":[{"@type":"WebPage","@id":"https:\/\/dutchmicrodosing.com\/de\/reformhaus\/energie-erganzungen\/ginseng-pulver-panax-ginseng\/","url":"https:\/\/dutchmicrodosing.com\/de\/reformhaus\/energie-erganzungen\/ginseng-pulver-panax-ginseng\/","name":"Ginseng-Pulver - Panax Ginseng - Dutchmicrodosing","isPartOf":{"@id":"https:\/\/dutchmicrodosing.com\/de\/#website"},"primaryImageOfPage":{"@id":"https:\/\/dutchmicrodosing.com\/de\/reformhaus\/energie-erganzungen\/ginseng-pulver-panax-ginseng\/#primaryimage"},"image":{"@id":"https:\/\/dutchmicrodosing.com\/de\/reformhaus\/energie-erganzungen\/ginseng-pulver-panax-ginseng\/#primaryimage"},"thumbnailUrl":"https:\/\/dutchmicrodosing.com\/wp-content\/uploads\/2023\/11\/Ginseng.png","datePublished":"2023-11-13T08:18:16+00:00","dateModified":"2025-08-29T09:41:12+00:00","description":"Ginseng, der in den kulturellen Traditionen Ostasiens tief verwurzelt ist, wird seit Tausenden von Jahren gesch\u00e4tzt und verwendet. Panax ginseng, urspr\u00fcnglich aus dem...","breadcrumb":{"@id":"https:\/\/dutchmicrodosing.com\/de\/reformhaus\/energie-erganzungen\/ginseng-pulver-panax-ginseng\/#breadcrumb"},"inLanguage":"de","potentialAction":[{"@type":"ReadAction","target":["https:\/\/dutchmicrodosing.com\/de\/reformhaus\/energie-erganzungen\/ginseng-pulver-panax-ginseng\/"]}]},{"@type":"ImageObject","inLanguage":"de","@id":"https:\/\/dutchmicrodosing.com\/de\/reformhaus\/energie-erganzungen\/ginseng-pulver-panax-ginseng\/#primaryimage","url":"https:\/\/dutchmicrodosing.com\/wp-content\/uploads\/2023\/11\/Ginseng.png","contentUrl":"https:\/\/dutchmicrodosing.com\/wp-content\/uploads\/2023\/11\/Ginseng.png","width":500,"height":500},{"@type":"BreadcrumbList","@id":"https:\/\/dutchmicrodosing.com\/de\/reformhaus\/energie-erganzungen\/ginseng-pulver-panax-ginseng\/#breadcrumb","itemListElement":[{"@type":"ListItem","position":1,"name":"Home","item":"https:\/\/dutchmicrodosing.com\/de\/"},{"@type":"ListItem","position":2,"name":"Shop","item":"https:\/\/dutchmicrodosing.com\/de\/shop\/"},{"@type":"ListItem","position":3,"name":"Ginseng-Pulver &#8211; Panax Ginseng"}]},{"@type":"WebSite","@id":"https:\/\/dutchmicrodosing.com\/de\/#website","url":"https:\/\/dutchmicrodosing.com\/de\/","name":"Dutchmicrodosing","description":"","publisher":{"@id":"https:\/\/dutchmicrodosing.com\/de\/#organization"},"potentialAction":[{"@type":"SearchAction","target":{"@type":"EntryPoint","urlTemplate":"https:\/\/dutchmicrodosing.com\/de\/?s={search_term_string}"},"query-input":{"@type":"PropertyValueSpecification","valueRequired":true,"valueName":"search_term_string"}}],"inLanguage":"de"},{"@type":"Organization","@id":"https:\/\/dutchmicrodosing.com\/de\/#organization","name":"Dutchmicrodosing","url":"https:\/\/dutchmicrodosing.com\/de\/","logo":{"@type":"ImageObject","inLanguage":"de","@id":"https:\/\/dutchmicrodosing.com\/de\/#\/schema\/logo\/image\/","url":"https:\/\/dutchmicrodosing.com\/wp-content\/uploads\/2021\/01\/microdosing-categorie-pic-nieuw.jpg","contentUrl":"https:\/\/dutchmicrodosing.com\/wp-content\/uploads\/2021\/01\/microdosing-categorie-pic-nieuw.jpg","width":500,"height":500,"caption":"Dutchmicrodosing"},"image":{"@id":"https:\/\/dutchmicrodosing.com\/de\/#\/schema\/logo\/image\/"},"sameAs":["https:\/\/www.facebook.com\/Dutchmicrodosingxp\/","https:\/\/www.instagram.com\/dutchmicrodosing\/"]}]},"product_price_amount":"10.95","product_price_currency":"EUR","og_availability":"instock","product_availability":"instock","product_retailer_item_id":"3211666","product_condition":"new"},"_links":{"self":[{"href":"https:\/\/dutchmicrodosing.com\/de\/wp-json\/wp\/v2\/product\/31189","targetHints":{"allow":["GET"]}}],"collection":[{"href":"https:\/\/dutchmicrodosing.com\/de\/wp-json\/wp\/v2\/product"}],"about":[{"href":"https:\/\/dutchmicrodosing.com\/de\/wp-json\/wp\/v2\/types\/product"}],"replies":[{"embeddable":true,"href":"https:\/\/dutchmicrodosing.com\/de\/wp-json\/wp\/v2\/comments?post=31189"}],"version-history":[{"count":0,"href":"https:\/\/dutchmicrodosing.com\/de\/wp-json\/wp\/v2\/product\/31189\/revisions"}],"wp:featuredmedia":[{"embeddable":true,"href":"https:\/\/dutchmicrodosing.com\/de\/wp-json\/wp\/v2\/media\/31182"}],"wp:attachment":[{"href":"https:\/\/dutchmicrodosing.com\/de\/wp-json\/wp\/v2\/media?parent=31189"}],"wp:term":[{"taxonomy":"product_brand","embeddable":true,"href":"https:\/\/dutchmicrodosing.com\/de\/wp-json\/wp\/v2\/product_brand?post=31189"},{"taxonomy":"product_cat","embeddable":true,"href":"https:\/\/dutchmicrodosing.com\/de\/wp-json\/wp\/v2\/product_cat?post=31189"},{"taxonomy":"product_tag","embeddable":true,"href":"https:\/\/dutchmicrodosing.com\/de\/wp-json\/wp\/v2\/product_tag?post=31189"}],"curies":[{"name":"wp","href":"https:\/\/api.w.org\/{rel}","templated":true}]}}