{"id":31202,"date":"2023-11-13T10:08:55","date_gmt":"2023-11-13T09:08:55","guid":{"rendered":"https:\/\/dutchmicrodosing.com\/shop\/unkategorisiert\/yerba-mate-blaetter-pulver-organisch\/"},"modified":"2025-09-23T09:26:53","modified_gmt":"2025-09-23T07:26:53","slug":"yerba-mate-blaetter-pulver-organisch","status":"publish","type":"product","link":"https:\/\/dutchmicrodosing.com\/de\/reformhaus\/energie-erganzungen\/yerba-mate-blaetter-pulver-organisch\/","title":{"rendered":"Yerba Mate Bl\u00e4tter Pulver Bio"},"content":{"rendered":"<p><strong>Yerba Mate<\/strong> ist tief in der Kultur S\u00fcdamerikas verwurzelt, wo es seit Jahrhunderten konsumiert wird. Dieser in Argentinien, Paraguay, Uruguay und Brasilien beliebte Tee ist f\u00fcr seine nahrhafte Zusammensetzung bekannt, die eine F\u00fclle von Vitaminen, Mineralien und Antioxidantien enth\u00e4lt, die ihn zu einem gesunden Getr\u00e4nk machen. Die Wertsch\u00e4tzung f\u00fcr Yerba Mate geht \u00fcber die kulinarischen Grenzen hinaus und hat auch in der Welt des Sports Einzug gehalten. Es ist das Lieblingsgetr\u00e4nk vieler Spitzensportler, darunter weltber\u00fchmte Fu\u00dfballer wie Messi, Neymar und Ronaldo, auch dank der darin enthaltenen nat\u00fcrlichen Stimulanzien wie Koffein und Xanthinalkaloide.<\/p>\n<p>Der Yerba-Mate-Strauch selbst, der zu einem gro\u00dfen Baum heranwachsen kann, ist mit seinen \u00fcppigen gr\u00fcnen Bl\u00e4ttern und den sch\u00f6nen gr\u00fcnen und wei\u00dfen Bl\u00fcten optisch ansprechend. Die Verwendung der Bl\u00e4tter zur Teezubereitung ist Teil einer langen Tradition, die in S\u00fcdamerika nicht nur einen kulturellen, sondern auch einen ern\u00e4hrungswissenschaftlichen Wert hat.<\/p>\n<h3>Inhaltsstoffe<\/h3>\n<p>100% biologisches Yerba-Mate-Pulver.<\/p>\n<h3>Verwenden Sie<\/h3>\n<p>Yerba Mat\u00e9 kann als Tee verwendet werden. Geben Sie einen Essl\u00f6ffel pro Tasse in ein Sieb und lassen Sie ihn in hei\u00dfem (aber nicht kochendem) Wasser etwa 3-4 Minuten ziehen.<\/p>\n<h3>Inhalt<\/h3>\n<p>Yerba mate Bio &#8211; 100 Gramm<\/p>\n","protected":false},"excerpt":{"rendered":"<p>Yerba Mate ist tief in der Kultur S\u00fcdamerikas verwurzelt, wo es seit Jahrhunderten konsumiert wird. Dieser in Argentinien, Paraguay, Uruguay und Brasilien beliebte Tee ist f\u00fcr seine nahrhafte Zusammensetzung bekannt, die eine F\u00fclle von Vitaminen, Mineralien und Antioxidantien enth\u00e4lt, die ihn zu einem gesunden Getr\u00e4nk machen. Die Wertsch\u00e4tzung f\u00fcr Yerba Mate geht \u00fcber die kulinarischen [&hellip;]<\/p>\n","protected":false},"featured_media":31196,"comment_status":"closed","ping_status":"closed","template":"","meta":[],"product_brand":[],"product_cat":[292,293],"product_tag":[],"class_list":{"0":"post-31202","1":"product","2":"type-product","3":"status-publish","4":"has-post-thumbnail","6":"product_cat-energie-erganzungen","7":"product_cat-erganzungen-fur-das-immunsystem","9":"first","10":"instock","11":"taxable","12":"shipping-taxable","13":"purchasable","14":"product-type-simple"},"yoast_head":"<!-- This site is optimized with the Yoast SEO Premium plugin v26.4 (Yoast SEO v27.4) - https:\/\/yoast.com\/product\/yoast-seo-premium-wordpress\/ -->\n<title>Yerba Mate Bl\u00e4tter Pulver Bio - Dutchmicrodosing<\/title>\n<meta name=\"description\" content=\"Yerba Mate ist tief in der Kultur S\u00fcdamerikas verwurzelt, wo es seit Jahrhunderten konsumiert wird. Diese Teesorte, die in Argentinien, Paraguay und...\" \/>\n<meta name=\"robots\" content=\"index, follow, max-snippet:-1, max-image-preview:large, max-video-preview:-1\" \/>\n<link rel=\"canonical\" href=\"https:\/\/dutchmicrodosing.com\/de\/reformhaus\/energie-erganzungen\/yerba-mate-blaetter-pulver-organisch\/\" \/>\n<meta property=\"og:locale\" content=\"de_DE\" \/>\n<meta property=\"og:type\" content=\"article\" \/>\n<meta property=\"og:title\" content=\"Yerba Mate Bl\u00e4tter Pulver Bio\" \/>\n<meta property=\"og:description\" content=\"Yerba Mate ist tief in der Kultur S\u00fcdamerikas verwurzelt, wo es seit Jahrhunderten konsumiert wird. Dieser in Argentinien, Paraguay, Uruguay und Brasilien\" \/>\n<meta property=\"og:url\" content=\"https:\/\/dutchmicrodosing.com\/de\/reformhaus\/energie-erganzungen\/yerba-mate-blaetter-pulver-organisch\/\" \/>\n<meta property=\"og:site_name\" content=\"Dutchmicrodosing\" \/>\n<meta property=\"article:publisher\" content=\"https:\/\/www.facebook.com\/Dutchmicrodosingxp\/\" \/>\n<meta property=\"article:modified_time\" content=\"2025-09-23T07:26:53+00:00\" \/>\n<meta property=\"og:image\" content=\"https:\/\/dutchmicrodosing.com\/wp-content\/uploads\/2023\/11\/yerba.png\" \/>\n\t<meta property=\"og:image:width\" content=\"500\" \/>\n\t<meta property=\"og:image:height\" content=\"500\" \/>\n\t<meta property=\"og:image:type\" content=\"image\/png\" \/>\n<meta name=\"twitter:card\" content=\"summary_large_image\" \/>\n<script type=\"application\/ld+json\" class=\"yoast-schema-graph\">{\"@context\":\"https:\\\/\\\/schema.org\",\"@graph\":[{\"@type\":\"WebPage\",\"@id\":\"https:\\\/\\\/dutchmicrodosing.com\\\/de\\\/reformhaus\\\/energie-erganzungen\\\/yerba-mate-blaetter-pulver-organisch\\\/\",\"url\":\"https:\\\/\\\/dutchmicrodosing.com\\\/de\\\/reformhaus\\\/energie-erganzungen\\\/yerba-mate-blaetter-pulver-organisch\\\/\",\"name\":\"Yerba Mate Bl\u00e4tter Pulver Bio - Dutchmicrodosing\",\"isPartOf\":{\"@id\":\"https:\\\/\\\/dutchmicrodosing.com\\\/de\\\/#website\"},\"primaryImageOfPage\":{\"@id\":\"https:\\\/\\\/dutchmicrodosing.com\\\/de\\\/reformhaus\\\/energie-erganzungen\\\/yerba-mate-blaetter-pulver-organisch\\\/#primaryimage\"},\"image\":{\"@id\":\"https:\\\/\\\/dutchmicrodosing.com\\\/de\\\/reformhaus\\\/energie-erganzungen\\\/yerba-mate-blaetter-pulver-organisch\\\/#primaryimage\"},\"thumbnailUrl\":\"https:\\\/\\\/dutchmicrodosing.com\\\/wp-content\\\/uploads\\\/2023\\\/11\\\/yerba.png\",\"datePublished\":\"2023-11-13T09:08:55+00:00\",\"dateModified\":\"2025-09-23T07:26:53+00:00\",\"description\":\"Yerba Mate ist tief in der Kultur S\u00fcdamerikas verwurzelt, wo es seit Jahrhunderten konsumiert wird. Diese Teesorte, die in Argentinien, Paraguay und...\",\"breadcrumb\":{\"@id\":\"https:\\\/\\\/dutchmicrodosing.com\\\/de\\\/reformhaus\\\/energie-erganzungen\\\/yerba-mate-blaetter-pulver-organisch\\\/#breadcrumb\"},\"inLanguage\":\"de\",\"potentialAction\":[{\"@type\":\"ReadAction\",\"target\":[\"https:\\\/\\\/dutchmicrodosing.com\\\/de\\\/reformhaus\\\/energie-erganzungen\\\/yerba-mate-blaetter-pulver-organisch\\\/\"]}]},{\"@type\":\"ImageObject\",\"inLanguage\":\"de\",\"@id\":\"https:\\\/\\\/dutchmicrodosing.com\\\/de\\\/reformhaus\\\/energie-erganzungen\\\/yerba-mate-blaetter-pulver-organisch\\\/#primaryimage\",\"url\":\"https:\\\/\\\/dutchmicrodosing.com\\\/wp-content\\\/uploads\\\/2023\\\/11\\\/yerba.png\",\"contentUrl\":\"https:\\\/\\\/dutchmicrodosing.com\\\/wp-content\\\/uploads\\\/2023\\\/11\\\/yerba.png\",\"width\":500,\"height\":500},{\"@type\":\"BreadcrumbList\",\"@id\":\"https:\\\/\\\/dutchmicrodosing.com\\\/de\\\/reformhaus\\\/energie-erganzungen\\\/yerba-mate-blaetter-pulver-organisch\\\/#breadcrumb\",\"itemListElement\":[{\"@type\":\"ListItem\",\"position\":1,\"name\":\"Home\",\"item\":\"https:\\\/\\\/dutchmicrodosing.com\\\/de\\\/\"},{\"@type\":\"ListItem\",\"position\":2,\"name\":\"Shop\",\"item\":\"https:\\\/\\\/dutchmicrodosing.com\\\/de\\\/shop\\\/\"},{\"@type\":\"ListItem\",\"position\":3,\"name\":\"Yerba Mate Bl\u00e4tter Pulver Bio\"}]},{\"@type\":\"WebSite\",\"@id\":\"https:\\\/\\\/dutchmicrodosing.com\\\/de\\\/#website\",\"url\":\"https:\\\/\\\/dutchmicrodosing.com\\\/de\\\/\",\"name\":\"Dutchmicrodosing\",\"description\":\"\",\"publisher\":{\"@id\":\"https:\\\/\\\/dutchmicrodosing.com\\\/de\\\/#organization\"},\"potentialAction\":[{\"@type\":\"SearchAction\",\"target\":{\"@type\":\"EntryPoint\",\"urlTemplate\":\"https:\\\/\\\/dutchmicrodosing.com\\\/de\\\/?s={search_term_string}\"},\"query-input\":{\"@type\":\"PropertyValueSpecification\",\"valueRequired\":true,\"valueName\":\"search_term_string\"}}],\"inLanguage\":\"de\"},{\"@type\":\"Organization\",\"@id\":\"https:\\\/\\\/dutchmicrodosing.com\\\/de\\\/#organization\",\"name\":\"Dutchmicrodosing\",\"url\":\"https:\\\/\\\/dutchmicrodosing.com\\\/de\\\/\",\"logo\":{\"@type\":\"ImageObject\",\"inLanguage\":\"de\",\"@id\":\"https:\\\/\\\/dutchmicrodosing.com\\\/de\\\/#\\\/schema\\\/logo\\\/image\\\/\",\"url\":\"https:\\\/\\\/dutchmicrodosing.com\\\/wp-content\\\/uploads\\\/2021\\\/01\\\/microdosing-categorie-pic-nieuw.jpg\",\"contentUrl\":\"https:\\\/\\\/dutchmicrodosing.com\\\/wp-content\\\/uploads\\\/2021\\\/01\\\/microdosing-categorie-pic-nieuw.jpg\",\"width\":500,\"height\":500,\"caption\":\"Dutchmicrodosing\"},\"image\":{\"@id\":\"https:\\\/\\\/dutchmicrodosing.com\\\/de\\\/#\\\/schema\\\/logo\\\/image\\\/\"},\"sameAs\":[\"https:\\\/\\\/www.facebook.com\\\/Dutchmicrodosingxp\\\/\",\"https:\\\/\\\/www.instagram.com\\\/dutchmicrodosing\\\/\"]}]}<\/script>\n<meta property=\"product:price:amount\" content=\"6.95\" \/>\n<meta property=\"product:price:currency\" content=\"EUR\" \/>\n<meta property=\"og:availability\" content=\"instock\" \/>\n<meta property=\"product:availability\" content=\"instock\" \/>\n<meta property=\"product:retailer_item_id\" content=\"3211235\" \/>\n<meta property=\"product:condition\" content=\"new\" \/>\n<!-- \/ Yoast SEO Premium plugin. -->","yoast_head_json":{"title":"Yerba Mate Bl\u00e4tter Pulver Bio - Dutchmicrodosing","description":"Yerba Mate ist tief in der Kultur S\u00fcdamerikas verwurzelt, wo es seit Jahrhunderten konsumiert wird. Diese Teesorte, die in Argentinien, Paraguay und...","robots":{"index":"index","follow":"follow","max-snippet":"max-snippet:-1","max-image-preview":"max-image-preview:large","max-video-preview":"max-video-preview:-1"},"canonical":"https:\/\/dutchmicrodosing.com\/de\/reformhaus\/energie-erganzungen\/yerba-mate-blaetter-pulver-organisch\/","og_locale":"de_DE","og_type":"article","og_title":"Yerba Mate Bl\u00e4tter Pulver Bio","og_description":"Yerba Mate ist tief in der Kultur S\u00fcdamerikas verwurzelt, wo es seit Jahrhunderten konsumiert wird. Dieser in Argentinien, Paraguay, Uruguay und Brasilien","og_url":"https:\/\/dutchmicrodosing.com\/de\/reformhaus\/energie-erganzungen\/yerba-mate-blaetter-pulver-organisch\/","og_site_name":"Dutchmicrodosing","article_publisher":"https:\/\/www.facebook.com\/Dutchmicrodosingxp\/","article_modified_time":"2025-09-23T07:26:53+00:00","og_image":[{"width":500,"height":500,"url":"https:\/\/dutchmicrodosing.com\/wp-content\/uploads\/2023\/11\/yerba.png","type":"image\/png"}],"twitter_card":"summary_large_image","schema":{"@context":"https:\/\/schema.org","@graph":[{"@type":"WebPage","@id":"https:\/\/dutchmicrodosing.com\/de\/reformhaus\/energie-erganzungen\/yerba-mate-blaetter-pulver-organisch\/","url":"https:\/\/dutchmicrodosing.com\/de\/reformhaus\/energie-erganzungen\/yerba-mate-blaetter-pulver-organisch\/","name":"Yerba Mate Bl\u00e4tter Pulver Bio - Dutchmicrodosing","isPartOf":{"@id":"https:\/\/dutchmicrodosing.com\/de\/#website"},"primaryImageOfPage":{"@id":"https:\/\/dutchmicrodosing.com\/de\/reformhaus\/energie-erganzungen\/yerba-mate-blaetter-pulver-organisch\/#primaryimage"},"image":{"@id":"https:\/\/dutchmicrodosing.com\/de\/reformhaus\/energie-erganzungen\/yerba-mate-blaetter-pulver-organisch\/#primaryimage"},"thumbnailUrl":"https:\/\/dutchmicrodosing.com\/wp-content\/uploads\/2023\/11\/yerba.png","datePublished":"2023-11-13T09:08:55+00:00","dateModified":"2025-09-23T07:26:53+00:00","description":"Yerba Mate ist tief in der Kultur S\u00fcdamerikas verwurzelt, wo es seit Jahrhunderten konsumiert wird. Diese Teesorte, die in Argentinien, Paraguay und...","breadcrumb":{"@id":"https:\/\/dutchmicrodosing.com\/de\/reformhaus\/energie-erganzungen\/yerba-mate-blaetter-pulver-organisch\/#breadcrumb"},"inLanguage":"de","potentialAction":[{"@type":"ReadAction","target":["https:\/\/dutchmicrodosing.com\/de\/reformhaus\/energie-erganzungen\/yerba-mate-blaetter-pulver-organisch\/"]}]},{"@type":"ImageObject","inLanguage":"de","@id":"https:\/\/dutchmicrodosing.com\/de\/reformhaus\/energie-erganzungen\/yerba-mate-blaetter-pulver-organisch\/#primaryimage","url":"https:\/\/dutchmicrodosing.com\/wp-content\/uploads\/2023\/11\/yerba.png","contentUrl":"https:\/\/dutchmicrodosing.com\/wp-content\/uploads\/2023\/11\/yerba.png","width":500,"height":500},{"@type":"BreadcrumbList","@id":"https:\/\/dutchmicrodosing.com\/de\/reformhaus\/energie-erganzungen\/yerba-mate-blaetter-pulver-organisch\/#breadcrumb","itemListElement":[{"@type":"ListItem","position":1,"name":"Home","item":"https:\/\/dutchmicrodosing.com\/de\/"},{"@type":"ListItem","position":2,"name":"Shop","item":"https:\/\/dutchmicrodosing.com\/de\/shop\/"},{"@type":"ListItem","position":3,"name":"Yerba Mate Bl\u00e4tter Pulver Bio"}]},{"@type":"WebSite","@id":"https:\/\/dutchmicrodosing.com\/de\/#website","url":"https:\/\/dutchmicrodosing.com\/de\/","name":"Dutchmicrodosing","description":"","publisher":{"@id":"https:\/\/dutchmicrodosing.com\/de\/#organization"},"potentialAction":[{"@type":"SearchAction","target":{"@type":"EntryPoint","urlTemplate":"https:\/\/dutchmicrodosing.com\/de\/?s={search_term_string}"},"query-input":{"@type":"PropertyValueSpecification","valueRequired":true,"valueName":"search_term_string"}}],"inLanguage":"de"},{"@type":"Organization","@id":"https:\/\/dutchmicrodosing.com\/de\/#organization","name":"Dutchmicrodosing","url":"https:\/\/dutchmicrodosing.com\/de\/","logo":{"@type":"ImageObject","inLanguage":"de","@id":"https:\/\/dutchmicrodosing.com\/de\/#\/schema\/logo\/image\/","url":"https:\/\/dutchmicrodosing.com\/wp-content\/uploads\/2021\/01\/microdosing-categorie-pic-nieuw.jpg","contentUrl":"https:\/\/dutchmicrodosing.com\/wp-content\/uploads\/2021\/01\/microdosing-categorie-pic-nieuw.jpg","width":500,"height":500,"caption":"Dutchmicrodosing"},"image":{"@id":"https:\/\/dutchmicrodosing.com\/de\/#\/schema\/logo\/image\/"},"sameAs":["https:\/\/www.facebook.com\/Dutchmicrodosingxp\/","https:\/\/www.instagram.com\/dutchmicrodosing\/"]}]},"product_price_amount":"6.95","product_price_currency":"EUR","og_availability":"instock","product_availability":"instock","product_retailer_item_id":"3211235","product_condition":"new"},"_links":{"self":[{"href":"https:\/\/dutchmicrodosing.com\/de\/wp-json\/wp\/v2\/product\/31202","targetHints":{"allow":["GET"]}}],"collection":[{"href":"https:\/\/dutchmicrodosing.com\/de\/wp-json\/wp\/v2\/product"}],"about":[{"href":"https:\/\/dutchmicrodosing.com\/de\/wp-json\/wp\/v2\/types\/product"}],"replies":[{"embeddable":true,"href":"https:\/\/dutchmicrodosing.com\/de\/wp-json\/wp\/v2\/comments?post=31202"}],"version-history":[{"count":0,"href":"https:\/\/dutchmicrodosing.com\/de\/wp-json\/wp\/v2\/product\/31202\/revisions"}],"wp:featuredmedia":[{"embeddable":true,"href":"https:\/\/dutchmicrodosing.com\/de\/wp-json\/wp\/v2\/media\/31196"}],"wp:attachment":[{"href":"https:\/\/dutchmicrodosing.com\/de\/wp-json\/wp\/v2\/media?parent=31202"}],"wp:term":[{"taxonomy":"product_brand","embeddable":true,"href":"https:\/\/dutchmicrodosing.com\/de\/wp-json\/wp\/v2\/product_brand?post=31202"},{"taxonomy":"product_cat","embeddable":true,"href":"https:\/\/dutchmicrodosing.com\/de\/wp-json\/wp\/v2\/product_cat?post=31202"},{"taxonomy":"product_tag","embeddable":true,"href":"https:\/\/dutchmicrodosing.com\/de\/wp-json\/wp\/v2\/product_tag?post=31202"}],"curies":[{"name":"wp","href":"https:\/\/api.w.org\/{rel}","templated":true}]}}