{"id":31274,"date":"2023-11-13T12:16:46","date_gmt":"2023-11-13T11:16:46","guid":{"rendered":"https:\/\/dutchmicrodosing.com\/shop\/unkategorisiert\/nacht-komplex-60-kapseln\/"},"modified":"2025-10-01T21:10:19","modified_gmt":"2025-10-01T19:10:19","slug":"nacht-komplex-60-kapseln","status":"publish","type":"product","link":"https:\/\/dutchmicrodosing.com\/de\/reformhaus\/vitamine-nahrungsergaenzungsmittel\/nacht-komplex-60-kapseln\/","title":{"rendered":"Night Time Complex &#8211; 60 Kapseln"},"content":{"rendered":"<p><strong>Together&#8217;s Night Time Complex&#8220;<\/strong> ist ein n\u00e4chtliches Erg\u00e4nzungsmittel mit einer nat\u00fcrlichen Zusammensetzung. Es enth\u00e4lt eine Kombination von Inhaltsstoffen wie verschiedene Formen von Magnesium, hochwertigen Hopfenextrakt und 5-HTP aus Griffonia-Extrakt. Die Vielfalt der Magnesiumformen in diesem Produkt gew\u00e4hrleistet eine bessere Erkennung und Aufnahme durch den K\u00f6rper. Das Nahrungserg\u00e4nzungsmittel ist streng vegan, frei von k\u00fcnstlichen Zus\u00e4tzen und F\u00fcllstoffen, und die Verpackung ist so gestaltet, dass sie problemlos in einen normalen Briefkasten passt. Jede Packung enth\u00e4lt genug Kapseln f\u00fcr einen Monat, wenn man von einer t\u00e4glichen Einnahme von zwei Kapseln ausgeht.<\/p>\n<h3><strong>N\u00e4hrwertangaben pro 2 Kapseln<\/strong><\/h3>\n<ul>\n<li>Magnesium 180mg<\/li>\n<li>5-HTP 100mg<\/li>\n<li>Hopfenextrakt 100mg<\/li>\n<\/ul>\n<h3>Verwenden Sie<\/h3>\n<p>Dosierung 2 Kapseln t\u00e4glich &#8211; 30 Minuten vor dem Schlafengehen einnehmen.<\/p>\n<h3><strong>Inhaltsstoffe<\/strong><em><br \/>\n<\/em><\/h3>\n<p>Magnesium aus gereinigtem Meerwasser, Griffonia-Extrakt mit 5-HTP (Griffonia simplicifolia), Hopfenextrakt (Humulus lupulus), Lithothamnium-Algen und vegane Kapsel (pflanzliche Cellulose).<\/p>\n<h3>Inhalt<\/h3>\n<p>Night Time Complex von Together &#8211; 60 Kapseln<\/p>\n","protected":false},"excerpt":{"rendered":"<p>Together&#8217;s Night Time Complex&#8220; ist ein n\u00e4chtliches Erg\u00e4nzungsmittel mit einer nat\u00fcrlichen Zusammensetzung. Es enth\u00e4lt eine Kombination von Inhaltsstoffen wie verschiedene Formen von Magnesium, hochwertigen Hopfenextrakt und 5-HTP aus Griffonia-Extrakt. Die Vielfalt der Magnesiumformen in diesem Produkt gew\u00e4hrleistet eine bessere Erkennung und Aufnahme durch den K\u00f6rper. Das Nahrungserg\u00e4nzungsmittel ist streng vegan, frei von k\u00fcnstlichen Zus\u00e4tzen und [&hellip;]<\/p>\n","protected":false},"featured_media":31268,"comment_status":"closed","ping_status":"closed","template":"","meta":[],"product_brand":[],"product_cat":[305,116],"product_tag":[],"class_list":{"0":"post-31274","1":"product","2":"type-product","3":"status-publish","4":"has-post-thumbnail","6":"product_cat-schlaf-erganzungen","7":"product_cat-vitamine-nahrungsergaenzungsmittel","9":"first","10":"instock","11":"taxable","12":"shipping-taxable","13":"purchasable","14":"product-type-simple"},"yoast_head":"<!-- This site is optimized with the Yoast SEO Premium plugin v26.4 (Yoast SEO v27.2) - https:\/\/yoast.com\/product\/yoast-seo-premium-wordpress\/ -->\n<title>Night Time Complex - 60 Kapseln - Dutchmicrodosing<\/title>\n<meta name=\"description\" content=\"Together&#039;s Night Time Complex&quot; ist ein n\u00e4chtliches Erg\u00e4nzungsmittel mit einer nat\u00fcrlichen Zusammensetzung. Es enth\u00e4lt eine Kombination von Inhaltsstoffen wie...\" \/>\n<meta name=\"robots\" content=\"index, follow, max-snippet:-1, max-image-preview:large, max-video-preview:-1\" \/>\n<link rel=\"canonical\" href=\"https:\/\/dutchmicrodosing.com\/de\/reformhaus\/vitamine-nahrungsergaenzungsmittel\/nacht-komplex-60-kapseln\/\" \/>\n<meta property=\"og:locale\" content=\"de_DE\" \/>\n<meta property=\"og:type\" content=\"article\" \/>\n<meta property=\"og:title\" content=\"Night Time Complex - 60 Kapseln\" \/>\n<meta property=\"og:description\" content=\"Together&#039;s Night Time Complex&quot; ist ein n\u00e4chtliches Erg\u00e4nzungsmittel mit einer nat\u00fcrlichen Zusammensetzung. Es enth\u00e4lt eine Kombination von Inhaltsstoffen\" \/>\n<meta property=\"og:url\" content=\"https:\/\/dutchmicrodosing.com\/de\/reformhaus\/vitamine-nahrungsergaenzungsmittel\/nacht-komplex-60-kapseln\/\" \/>\n<meta property=\"og:site_name\" content=\"Dutchmicrodosing\" \/>\n<meta property=\"article:publisher\" content=\"https:\/\/www.facebook.com\/Dutchmicrodosingxp\/\" \/>\n<meta property=\"article:modified_time\" content=\"2025-10-01T19:10:19+00:00\" \/>\n<meta property=\"og:image\" content=\"https:\/\/dutchmicrodosing.com\/wp-content\/uploads\/2023\/11\/2267__night-time-complex-together-60caps-1.jpg\" \/>\n\t<meta property=\"og:image:width\" content=\"700\" \/>\n\t<meta property=\"og:image:height\" content=\"700\" \/>\n\t<meta property=\"og:image:type\" content=\"image\/jpeg\" \/>\n<meta name=\"twitter:card\" content=\"summary_large_image\" \/>\n<script type=\"application\/ld+json\" class=\"yoast-schema-graph\">{\"@context\":\"https:\/\/schema.org\",\"@graph\":[{\"@type\":\"WebPage\",\"@id\":\"https:\/\/dutchmicrodosing.com\/de\/reformhaus\/vitamine-nahrungsergaenzungsmittel\/nacht-komplex-60-kapseln\/\",\"url\":\"https:\/\/dutchmicrodosing.com\/de\/reformhaus\/vitamine-nahrungsergaenzungsmittel\/nacht-komplex-60-kapseln\/\",\"name\":\"Night Time Complex - 60 Kapseln - Dutchmicrodosing\",\"isPartOf\":{\"@id\":\"https:\/\/dutchmicrodosing.com\/de\/#website\"},\"primaryImageOfPage\":{\"@id\":\"https:\/\/dutchmicrodosing.com\/de\/reformhaus\/vitamine-nahrungsergaenzungsmittel\/nacht-komplex-60-kapseln\/#primaryimage\"},\"image\":{\"@id\":\"https:\/\/dutchmicrodosing.com\/de\/reformhaus\/vitamine-nahrungsergaenzungsmittel\/nacht-komplex-60-kapseln\/#primaryimage\"},\"thumbnailUrl\":\"https:\/\/dutchmicrodosing.com\/wp-content\/uploads\/2023\/11\/2267__night-time-complex-together-60caps-1.jpg\",\"datePublished\":\"2023-11-13T11:16:46+00:00\",\"dateModified\":\"2025-10-01T19:10:19+00:00\",\"description\":\"Together's Night Time Complex\\\" ist ein n\u00e4chtliches Erg\u00e4nzungsmittel mit einer nat\u00fcrlichen Zusammensetzung. Es enth\u00e4lt eine Kombination von Inhaltsstoffen wie...\",\"breadcrumb\":{\"@id\":\"https:\/\/dutchmicrodosing.com\/de\/reformhaus\/vitamine-nahrungsergaenzungsmittel\/nacht-komplex-60-kapseln\/#breadcrumb\"},\"inLanguage\":\"de\",\"potentialAction\":[{\"@type\":\"ReadAction\",\"target\":[\"https:\/\/dutchmicrodosing.com\/de\/reformhaus\/vitamine-nahrungsergaenzungsmittel\/nacht-komplex-60-kapseln\/\"]}]},{\"@type\":\"ImageObject\",\"inLanguage\":\"de\",\"@id\":\"https:\/\/dutchmicrodosing.com\/de\/reformhaus\/vitamine-nahrungsergaenzungsmittel\/nacht-komplex-60-kapseln\/#primaryimage\",\"url\":\"https:\/\/dutchmicrodosing.com\/wp-content\/uploads\/2023\/11\/2267__night-time-complex-together-60caps-1.jpg\",\"contentUrl\":\"https:\/\/dutchmicrodosing.com\/wp-content\/uploads\/2023\/11\/2267__night-time-complex-together-60caps-1.jpg\",\"width\":700,\"height\":700},{\"@type\":\"BreadcrumbList\",\"@id\":\"https:\/\/dutchmicrodosing.com\/de\/reformhaus\/vitamine-nahrungsergaenzungsmittel\/nacht-komplex-60-kapseln\/#breadcrumb\",\"itemListElement\":[{\"@type\":\"ListItem\",\"position\":1,\"name\":\"Home\",\"item\":\"https:\/\/dutchmicrodosing.com\/de\/\"},{\"@type\":\"ListItem\",\"position\":2,\"name\":\"Shop\",\"item\":\"https:\/\/dutchmicrodosing.com\/de\/shop\/\"},{\"@type\":\"ListItem\",\"position\":3,\"name\":\"Night Time Complex &#8211; 60 Kapseln\"}]},{\"@type\":\"WebSite\",\"@id\":\"https:\/\/dutchmicrodosing.com\/de\/#website\",\"url\":\"https:\/\/dutchmicrodosing.com\/de\/\",\"name\":\"Dutchmicrodosing\",\"description\":\"\",\"publisher\":{\"@id\":\"https:\/\/dutchmicrodosing.com\/de\/#organization\"},\"potentialAction\":[{\"@type\":\"SearchAction\",\"target\":{\"@type\":\"EntryPoint\",\"urlTemplate\":\"https:\/\/dutchmicrodosing.com\/de\/?s={search_term_string}\"},\"query-input\":{\"@type\":\"PropertyValueSpecification\",\"valueRequired\":true,\"valueName\":\"search_term_string\"}}],\"inLanguage\":\"de\"},{\"@type\":\"Organization\",\"@id\":\"https:\/\/dutchmicrodosing.com\/de\/#organization\",\"name\":\"Dutchmicrodosing\",\"url\":\"https:\/\/dutchmicrodosing.com\/de\/\",\"logo\":{\"@type\":\"ImageObject\",\"inLanguage\":\"de\",\"@id\":\"https:\/\/dutchmicrodosing.com\/de\/#\/schema\/logo\/image\/\",\"url\":\"https:\/\/dutchmicrodosing.com\/wp-content\/uploads\/2021\/01\/microdosing-categorie-pic-nieuw.jpg\",\"contentUrl\":\"https:\/\/dutchmicrodosing.com\/wp-content\/uploads\/2021\/01\/microdosing-categorie-pic-nieuw.jpg\",\"width\":500,\"height\":500,\"caption\":\"Dutchmicrodosing\"},\"image\":{\"@id\":\"https:\/\/dutchmicrodosing.com\/de\/#\/schema\/logo\/image\/\"},\"sameAs\":[\"https:\/\/www.facebook.com\/Dutchmicrodosingxp\/\",\"https:\/\/www.instagram.com\/dutchmicrodosing\/\"]}]}<\/script>\n<meta property=\"product:price:amount\" content=\"18.95\" \/>\n<meta property=\"product:price:currency\" content=\"EUR\" \/>\n<meta property=\"og:availability\" content=\"instock\" \/>\n<meta property=\"product:availability\" content=\"instock\" \/>\n<meta property=\"product:retailer_item_id\" content=\"3211112\" \/>\n<meta property=\"product:condition\" content=\"new\" \/>\n<!-- \/ Yoast SEO Premium plugin. -->","yoast_head_json":{"title":"Night Time Complex - 60 Kapseln - Dutchmicrodosing","description":"Together's Night Time Complex\" ist ein n\u00e4chtliches Erg\u00e4nzungsmittel mit einer nat\u00fcrlichen Zusammensetzung. Es enth\u00e4lt eine Kombination von Inhaltsstoffen wie...","robots":{"index":"index","follow":"follow","max-snippet":"max-snippet:-1","max-image-preview":"max-image-preview:large","max-video-preview":"max-video-preview:-1"},"canonical":"https:\/\/dutchmicrodosing.com\/de\/reformhaus\/vitamine-nahrungsergaenzungsmittel\/nacht-komplex-60-kapseln\/","og_locale":"de_DE","og_type":"article","og_title":"Night Time Complex - 60 Kapseln","og_description":"Together's Night Time Complex\" ist ein n\u00e4chtliches Erg\u00e4nzungsmittel mit einer nat\u00fcrlichen Zusammensetzung. Es enth\u00e4lt eine Kombination von Inhaltsstoffen","og_url":"https:\/\/dutchmicrodosing.com\/de\/reformhaus\/vitamine-nahrungsergaenzungsmittel\/nacht-komplex-60-kapseln\/","og_site_name":"Dutchmicrodosing","article_publisher":"https:\/\/www.facebook.com\/Dutchmicrodosingxp\/","article_modified_time":"2025-10-01T19:10:19+00:00","og_image":[{"width":700,"height":700,"url":"https:\/\/dutchmicrodosing.com\/wp-content\/uploads\/2023\/11\/2267__night-time-complex-together-60caps-1.jpg","type":"image\/jpeg"}],"twitter_card":"summary_large_image","schema":{"@context":"https:\/\/schema.org","@graph":[{"@type":"WebPage","@id":"https:\/\/dutchmicrodosing.com\/de\/reformhaus\/vitamine-nahrungsergaenzungsmittel\/nacht-komplex-60-kapseln\/","url":"https:\/\/dutchmicrodosing.com\/de\/reformhaus\/vitamine-nahrungsergaenzungsmittel\/nacht-komplex-60-kapseln\/","name":"Night Time Complex - 60 Kapseln - Dutchmicrodosing","isPartOf":{"@id":"https:\/\/dutchmicrodosing.com\/de\/#website"},"primaryImageOfPage":{"@id":"https:\/\/dutchmicrodosing.com\/de\/reformhaus\/vitamine-nahrungsergaenzungsmittel\/nacht-komplex-60-kapseln\/#primaryimage"},"image":{"@id":"https:\/\/dutchmicrodosing.com\/de\/reformhaus\/vitamine-nahrungsergaenzungsmittel\/nacht-komplex-60-kapseln\/#primaryimage"},"thumbnailUrl":"https:\/\/dutchmicrodosing.com\/wp-content\/uploads\/2023\/11\/2267__night-time-complex-together-60caps-1.jpg","datePublished":"2023-11-13T11:16:46+00:00","dateModified":"2025-10-01T19:10:19+00:00","description":"Together's Night Time Complex\" ist ein n\u00e4chtliches Erg\u00e4nzungsmittel mit einer nat\u00fcrlichen Zusammensetzung. Es enth\u00e4lt eine Kombination von Inhaltsstoffen wie...","breadcrumb":{"@id":"https:\/\/dutchmicrodosing.com\/de\/reformhaus\/vitamine-nahrungsergaenzungsmittel\/nacht-komplex-60-kapseln\/#breadcrumb"},"inLanguage":"de","potentialAction":[{"@type":"ReadAction","target":["https:\/\/dutchmicrodosing.com\/de\/reformhaus\/vitamine-nahrungsergaenzungsmittel\/nacht-komplex-60-kapseln\/"]}]},{"@type":"ImageObject","inLanguage":"de","@id":"https:\/\/dutchmicrodosing.com\/de\/reformhaus\/vitamine-nahrungsergaenzungsmittel\/nacht-komplex-60-kapseln\/#primaryimage","url":"https:\/\/dutchmicrodosing.com\/wp-content\/uploads\/2023\/11\/2267__night-time-complex-together-60caps-1.jpg","contentUrl":"https:\/\/dutchmicrodosing.com\/wp-content\/uploads\/2023\/11\/2267__night-time-complex-together-60caps-1.jpg","width":700,"height":700},{"@type":"BreadcrumbList","@id":"https:\/\/dutchmicrodosing.com\/de\/reformhaus\/vitamine-nahrungsergaenzungsmittel\/nacht-komplex-60-kapseln\/#breadcrumb","itemListElement":[{"@type":"ListItem","position":1,"name":"Home","item":"https:\/\/dutchmicrodosing.com\/de\/"},{"@type":"ListItem","position":2,"name":"Shop","item":"https:\/\/dutchmicrodosing.com\/de\/shop\/"},{"@type":"ListItem","position":3,"name":"Night Time Complex &#8211; 60 Kapseln"}]},{"@type":"WebSite","@id":"https:\/\/dutchmicrodosing.com\/de\/#website","url":"https:\/\/dutchmicrodosing.com\/de\/","name":"Dutchmicrodosing","description":"","publisher":{"@id":"https:\/\/dutchmicrodosing.com\/de\/#organization"},"potentialAction":[{"@type":"SearchAction","target":{"@type":"EntryPoint","urlTemplate":"https:\/\/dutchmicrodosing.com\/de\/?s={search_term_string}"},"query-input":{"@type":"PropertyValueSpecification","valueRequired":true,"valueName":"search_term_string"}}],"inLanguage":"de"},{"@type":"Organization","@id":"https:\/\/dutchmicrodosing.com\/de\/#organization","name":"Dutchmicrodosing","url":"https:\/\/dutchmicrodosing.com\/de\/","logo":{"@type":"ImageObject","inLanguage":"de","@id":"https:\/\/dutchmicrodosing.com\/de\/#\/schema\/logo\/image\/","url":"https:\/\/dutchmicrodosing.com\/wp-content\/uploads\/2021\/01\/microdosing-categorie-pic-nieuw.jpg","contentUrl":"https:\/\/dutchmicrodosing.com\/wp-content\/uploads\/2021\/01\/microdosing-categorie-pic-nieuw.jpg","width":500,"height":500,"caption":"Dutchmicrodosing"},"image":{"@id":"https:\/\/dutchmicrodosing.com\/de\/#\/schema\/logo\/image\/"},"sameAs":["https:\/\/www.facebook.com\/Dutchmicrodosingxp\/","https:\/\/www.instagram.com\/dutchmicrodosing\/"]}]},"product_price_amount":"18.95","product_price_currency":"EUR","og_availability":"instock","product_availability":"instock","product_retailer_item_id":"3211112","product_condition":"new"},"_links":{"self":[{"href":"https:\/\/dutchmicrodosing.com\/de\/wp-json\/wp\/v2\/product\/31274","targetHints":{"allow":["GET"]}}],"collection":[{"href":"https:\/\/dutchmicrodosing.com\/de\/wp-json\/wp\/v2\/product"}],"about":[{"href":"https:\/\/dutchmicrodosing.com\/de\/wp-json\/wp\/v2\/types\/product"}],"replies":[{"embeddable":true,"href":"https:\/\/dutchmicrodosing.com\/de\/wp-json\/wp\/v2\/comments?post=31274"}],"version-history":[{"count":0,"href":"https:\/\/dutchmicrodosing.com\/de\/wp-json\/wp\/v2\/product\/31274\/revisions"}],"wp:featuredmedia":[{"embeddable":true,"href":"https:\/\/dutchmicrodosing.com\/de\/wp-json\/wp\/v2\/media\/31268"}],"wp:attachment":[{"href":"https:\/\/dutchmicrodosing.com\/de\/wp-json\/wp\/v2\/media?parent=31274"}],"wp:term":[{"taxonomy":"product_brand","embeddable":true,"href":"https:\/\/dutchmicrodosing.com\/de\/wp-json\/wp\/v2\/product_brand?post=31274"},{"taxonomy":"product_cat","embeddable":true,"href":"https:\/\/dutchmicrodosing.com\/de\/wp-json\/wp\/v2\/product_cat?post=31274"},{"taxonomy":"product_tag","embeddable":true,"href":"https:\/\/dutchmicrodosing.com\/de\/wp-json\/wp\/v2\/product_tag?post=31274"}],"curies":[{"name":"wp","href":"https:\/\/api.w.org\/{rel}","templated":true}]}}